{"id":80691,"date":"2024-07-17T15:10:24","date_gmt":"2024-07-17T13:10:24","guid":{"rendered":"https:\/\/www.librairieclavreuil.com\/palissy-bernard-le-moyen-de-devenir-riche-et-la-maniere-veritable-par-laquelle-tous-les-hommes-de-la-france-pourront-apprendre-a-multiplier-augmenter-leurs-thresors-possessions-avec-pl\/"},"modified":"2024-07-17T15:10:46","modified_gmt":"2024-07-17T13:10:46","slug":"palissy-bernard-le-moyen-de-devenir-riche-et-la-maniere-veritable-par-laquelle-tous-les-hommes-de-la-france-pourront-apprendre-a-multiplier-augmenter-leurs-thresors-possessions-avec-pl","status":"publish","type":"product","link":"https:\/\/www.librairieclavreuil.com\/en\/palissy-bernard-le-moyen-de-devenir-riche-et-la-maniere-veritable-par-laquelle-tous-les-hommes-de-la-france-pourront-apprendre-a-multiplier-augmenter-leurs-thresors-possessions-avec-pl\/","title":{"rendered":"PALISSY Bernard Le Moyen de devenir riche, et..."},"content":{"rendered":"<p>Neville, II, pp. 250-251 : &#8220;very rare&#8221; ; Bolton, 717 ; Ferguson (Coll.), 509 ; Goldmiths&#8217;, P-127 ; Partington, II, 70 ; Wellcome, I, 4699 ; DSB, X, 280-281; not in Duveen and Ferguson.<br \/>First collected edition of Palissy&#8217;s two major books: the La Recepte V\u00e9ritable (1st edition 1563) and Discours Admirables (1st edition 1580); the first editions are very rare and our 1636 edition is extremely uncommon.<br \/>&#8220;Very rare first collected edition of Palissy&#8217;s two major works. The first discusses a wide variety of topics, including agriculture, salts, springs, precious stone mines, and forestry. The second work is the second printing of the famous and important Discours (first edition, 1580)&#8221; (Neville).<br \/>This is a book full of interest. In Recepte v\u00e9ritable, &#8220;Palissy discussed a wide variety of topics, including agriculture (for which he proposed better methods for farming and for the use of fertilizers), geology (in which he touched upon the origin of salts, springs, precious stones, and rock formations), mines and forestry. He also suggested plans for an ideal garden, to be decorated with its earthenware and with biblical quotations&#8230; The second book, Discours admirables, probably incorporates Palissy&#8217;s Paris lectures. It, like the earlier works, deals with an impressive array of subjects: agriculture, alchemy, botany, ceramics, embalming, engineering, geology, hydrology, medicine, metallurgy, meteorology, mineralogy, paleontology, philosophy, physics, toxicology and zoology. The book is divided into several chapters, the first and longest of which is concerned with water. The others take up metals and their nature and generation; drugs; ice; different types of salts and their nature, effects, and methods of generation; characteristics of common and precious stones; clay and marl; and the potter&#8217;s art&#8230; Palissy&#8217;s view on hydrology and paleontology, as expressed in the Discours, are of particular interest. He was one of the few men of his century to have a correct notion of the origins of rivers and streams, and he stated it forcefully, denying categorically that rivers can have any source other than rainfall&#8230; Palissy discussed fossils extensively [and] was probably one of the first men in France to teach natural sciences from facts, specimens and demonstrations rather than hypotheses&#8221; (DSB)<br \/>&#8220;An early supporter of the infiltration theory, [Palissy] denied that rivers and streams had any source other than rainfall. He also recognised the relation between fossils and both living and extinct species, and was one of the first to hold a reasonably correct view of the process of petrification&#8221; (cf. Norman, n\u00b0 1629, for the edition 1580).<br \/>&#8220;Palissy shines as a close and accurate observer of natural objects, a man of eminent common sense, and an original and laborious experimenter&#8221; (Partington). Fine copy.<\/p>\n<p>From the Library of Henri Bonasse with his bookplate.<\/p>\n","protected":false},"excerpt":{"rendered":"<p>2 parts in one volume, 8vo (165 x 103 mm) 8 nn.ll., 205 pp. (misnumbered 255) and 1 blank for part I; 8 nn.ll., 526 pp. for part II (final blank removed). 18th century olive green morocco, gilt corner pieces, spine gilt with raised bands, gilt edges.<\/p>\n","protected":false},"featured_media":80689,"comment_status":"open","ping_status":"closed","template":"","meta":{"_acf_changed":false},"product_brand":[],"product_cat":[536],"product_tag":[1325,1332,1333,1208,1321],"class_list":{"0":"post-80691","1":"product","2":"type-product","3":"status-publish","4":"has-post-thumbnail","6":"product_cat-right-economy","7":"product_tag-alchemy","8":"product_tag-general-mineralogy","9":"product_tag-metallurgy","10":"product_tag-political-economy","11":"product_tag-seaweed","12":"pa_auteur-palissy-bernard-2","13":"pa_type-de-livre-printed-book","15":"first","16":"instock","17":"shipping-taxable","18":"purchasable","19":"product-type-simple"},"acf":{"artist":" Bernard PALISSY","chapeau":"","adresse_bibliographique":"Paris, Robert Fouet, 1636","book_type":"Printed book","provenance":"","afficher_prix":""},"yoast_head":"<!-- This site is optimized with the Yoast SEO plugin v24.7 - https:\/\/yoast.com\/wordpress\/plugins\/seo\/ -->\n<title>PALISSY Bernard Le Moyen de devenir riche, et la mani\u00e8re v\u00e9ritable, par laquelle tous les hommes de la France pourront apprendre \u00e0 multiplier &amp; augmenter leurs thresors &amp; possessions. Avec plusieurs autres excellens secrets des choses naturelles... - Libairie Clavreuil<\/title>\n<meta name=\"robots\" content=\"index, follow, max-snippet:-1, max-image-preview:large, max-video-preview:-1\" \/>\n<link rel=\"canonical\" href=\"https:\/\/www.librairieclavreuil.com\/en\/palissy-bernard-le-moyen-de-devenir-riche-et-la-maniere-veritable-par-laquelle-tous-les-hommes-de-la-france-pourront-apprendre-a-multiplier-augmenter-leurs-thresors-possessions-avec-pl\/\" \/>\n<meta property=\"og:locale\" content=\"en_US\" \/>\n<meta property=\"og:type\" content=\"article\" \/>\n<meta property=\"og:title\" content=\"PALISSY Bernard Le Moyen de devenir riche, et la mani\u00e8re v\u00e9ritable, par laquelle tous les hommes de la France pourront apprendre \u00e0 multiplier &amp; augmenter leurs thresors &amp; possessions. Avec plusieurs autres excellens secrets des choses naturelles... - Libairie Clavreuil\" \/>\n<meta property=\"og:description\" content=\"2 parts in one volume, 8vo (165 x 103 mm) 8 nn.ll., 205 pp. (misnumbered 255) and 1 blank for part I; 8 nn.ll., 526 pp. for part II (final blank removed). 18th century olive green morocco, gilt corner pieces, spine gilt with raised bands, gilt edges.\" \/>\n<meta property=\"og:url\" content=\"https:\/\/www.librairieclavreuil.com\/en\/palissy-bernard-le-moyen-de-devenir-riche-et-la-maniere-veritable-par-laquelle-tous-les-hommes-de-la-france-pourront-apprendre-a-multiplier-augmenter-leurs-thresors-possessions-avec-pl\/\" \/>\n<meta property=\"og:site_name\" content=\"Libairie Clavreuil\" \/>\n<meta property=\"article:modified_time\" content=\"2024-07-17T13:10:46+00:00\" \/>\n<meta property=\"og:image\" content=\"https:\/\/www.librairieclavreuil.com\/wp-content\/uploads\/2024\/07\/bernard-palissy-le-moyen-de-devenir-riche-et-la-maniere-veritable-par-laquelle-tous-les-hommes-de-la-france-pourront-apprendre-a-multiplier-66911b46226f1-1.jpg\" \/>\n\t<meta property=\"og:image:width\" content=\"516\" \/>\n\t<meta property=\"og:image:height\" content=\"800\" \/>\n\t<meta property=\"og:image:type\" content=\"image\/jpeg\" \/>\n<meta name=\"twitter:card\" content=\"summary_large_image\" \/>\n<meta name=\"twitter:label1\" content=\"Est. reading time\" \/>\n\t<meta name=\"twitter:data1\" content=\"2 minutes\" \/>\n<script type=\"application\/ld+json\" class=\"yoast-schema-graph\">{\"@context\":\"https:\/\/schema.org\",\"@graph\":[{\"@type\":\"WebPage\",\"@id\":\"https:\/\/www.librairieclavreuil.com\/en\/palissy-bernard-le-moyen-de-devenir-riche-et-la-maniere-veritable-par-laquelle-tous-les-hommes-de-la-france-pourront-apprendre-a-multiplier-augmenter-leurs-thresors-possessions-avec-pl\/\",\"url\":\"https:\/\/www.librairieclavreuil.com\/en\/palissy-bernard-le-moyen-de-devenir-riche-et-la-maniere-veritable-par-laquelle-tous-les-hommes-de-la-france-pourront-apprendre-a-multiplier-augmenter-leurs-thresors-possessions-avec-pl\/\",\"name\":\"PALISSY Bernard Le Moyen de devenir riche, et la mani\u00e8re v\u00e9ritable, par laquelle tous les hommes de la France pourront apprendre \u00e0 multiplier &amp; augmenter leurs thresors &amp; possessions. Avec plusieurs autres excellens secrets des choses naturelles... - Libairie Clavreuil\",\"isPartOf\":{\"@id\":\"https:\/\/www.librairieclavreuil.com\/#website\"},\"primaryImageOfPage\":{\"@id\":\"https:\/\/www.librairieclavreuil.com\/en\/palissy-bernard-le-moyen-de-devenir-riche-et-la-maniere-veritable-par-laquelle-tous-les-hommes-de-la-france-pourront-apprendre-a-multiplier-augmenter-leurs-thresors-possessions-avec-pl\/#primaryimage\"},\"image\":{\"@id\":\"https:\/\/www.librairieclavreuil.com\/en\/palissy-bernard-le-moyen-de-devenir-riche-et-la-maniere-veritable-par-laquelle-tous-les-hommes-de-la-france-pourront-apprendre-a-multiplier-augmenter-leurs-thresors-possessions-avec-pl\/#primaryimage\"},\"thumbnailUrl\":\"https:\/\/www.librairieclavreuil.com\/wp-content\/uploads\/2024\/07\/bernard-palissy-le-moyen-de-devenir-riche-et-la-maniere-veritable-par-laquelle-tous-les-hommes-de-la-france-pourront-apprendre-a-multiplier-66911b46226f1-1.jpg\",\"datePublished\":\"2024-07-17T13:10:24+00:00\",\"dateModified\":\"2024-07-17T13:10:46+00:00\",\"breadcrumb\":{\"@id\":\"https:\/\/www.librairieclavreuil.com\/en\/palissy-bernard-le-moyen-de-devenir-riche-et-la-maniere-veritable-par-laquelle-tous-les-hommes-de-la-france-pourront-apprendre-a-multiplier-augmenter-leurs-thresors-possessions-avec-pl\/#breadcrumb\"},\"inLanguage\":\"en-US\",\"potentialAction\":[{\"@type\":\"ReadAction\",\"target\":[\"https:\/\/www.librairieclavreuil.com\/en\/palissy-bernard-le-moyen-de-devenir-riche-et-la-maniere-veritable-par-laquelle-tous-les-hommes-de-la-france-pourront-apprendre-a-multiplier-augmenter-leurs-thresors-possessions-avec-pl\/\"]}]},{\"@type\":\"ImageObject\",\"inLanguage\":\"en-US\",\"@id\":\"https:\/\/www.librairieclavreuil.com\/en\/palissy-bernard-le-moyen-de-devenir-riche-et-la-maniere-veritable-par-laquelle-tous-les-hommes-de-la-france-pourront-apprendre-a-multiplier-augmenter-leurs-thresors-possessions-avec-pl\/#primaryimage\",\"url\":\"https:\/\/www.librairieclavreuil.com\/wp-content\/uploads\/2024\/07\/bernard-palissy-le-moyen-de-devenir-riche-et-la-maniere-veritable-par-laquelle-tous-les-hommes-de-la-france-pourront-apprendre-a-multiplier-66911b46226f1-1.jpg\",\"contentUrl\":\"https:\/\/www.librairieclavreuil.com\/wp-content\/uploads\/2024\/07\/bernard-palissy-le-moyen-de-devenir-riche-et-la-maniere-veritable-par-laquelle-tous-les-hommes-de-la-france-pourront-apprendre-a-multiplier-66911b46226f1-1.jpg\",\"width\":516,\"height\":800},{\"@type\":\"BreadcrumbList\",\"@id\":\"https:\/\/www.librairieclavreuil.com\/en\/palissy-bernard-le-moyen-de-devenir-riche-et-la-maniere-veritable-par-laquelle-tous-les-hommes-de-la-france-pourront-apprendre-a-multiplier-augmenter-leurs-thresors-possessions-avec-pl\/#breadcrumb\",\"itemListElement\":[{\"@type\":\"ListItem\",\"position\":1,\"name\":\"Accueil\",\"item\":\"https:\/\/www.librairieclavreuil.com\/\"},{\"@type\":\"ListItem\",\"position\":2,\"name\":\"All our books\",\"item\":\"https:\/\/www.librairieclavreuil.com\/en\/all-our-books\/\"},{\"@type\":\"ListItem\",\"position\":3,\"name\":\"PALISSY Bernard Le Moyen de devenir riche, et la mani\u00e8re v\u00e9ritable, par laquelle tous les hommes de la France pourront apprendre \u00e0 multiplier &amp; augmenter leurs thresors &amp; possessions. Avec plusieurs autres excellens secrets des choses naturelles&#8230;\"}]},{\"@type\":\"WebSite\",\"@id\":\"https:\/\/www.librairieclavreuil.com\/#website\",\"url\":\"https:\/\/www.librairieclavreuil.com\/\",\"name\":\"Libairie Clavreuil\",\"description\":\"Livres anciens, manuscrits rares et \u00e9ditions originales \u2013 Librairie Clavreuil\",\"publisher\":{\"@id\":\"https:\/\/www.librairieclavreuil.com\/#organization\"},\"potentialAction\":[{\"@type\":\"SearchAction\",\"target\":{\"@type\":\"EntryPoint\",\"urlTemplate\":\"https:\/\/www.librairieclavreuil.com\/?s={search_term_string}\"},\"query-input\":{\"@type\":\"PropertyValueSpecification\",\"valueRequired\":true,\"valueName\":\"search_term_string\"}}],\"inLanguage\":\"en-US\"},{\"@type\":\"Organization\",\"@id\":\"https:\/\/www.librairieclavreuil.com\/#organization\",\"name\":\"Libairie Clavreuil\",\"url\":\"https:\/\/www.librairieclavreuil.com\/\",\"logo\":{\"@type\":\"ImageObject\",\"inLanguage\":\"en-US\",\"@id\":\"https:\/\/www.librairieclavreuil.com\/#\/schema\/logo\/image\/\",\"url\":\"https:\/\/www.librairieclavreuil.com\/wp-content\/uploads\/2021\/06\/cropped-LOGO_PNG_DATE-_gold-512x512-1.png\",\"contentUrl\":\"https:\/\/www.librairieclavreuil.com\/wp-content\/uploads\/2021\/06\/cropped-LOGO_PNG_DATE-_gold-512x512-1.png\",\"width\":512,\"height\":512,\"caption\":\"Libairie Clavreuil\"},\"image\":{\"@id\":\"https:\/\/www.librairieclavreuil.com\/#\/schema\/logo\/image\/\"},\"sameAs\":[\"https:\/\/www.instagram.com\/librairieclavreuil\/\"]}]}<\/script>\n<!-- \/ Yoast SEO plugin. -->","yoast_head_json":{"title":"PALISSY Bernard Le Moyen de devenir riche, et la mani\u00e8re v\u00e9ritable, par laquelle tous les hommes de la France pourront apprendre \u00e0 multiplier &amp; augmenter leurs thresors &amp; possessions. Avec plusieurs autres excellens secrets des choses naturelles... - Libairie Clavreuil","robots":{"index":"index","follow":"follow","max-snippet":"max-snippet:-1","max-image-preview":"max-image-preview:large","max-video-preview":"max-video-preview:-1"},"canonical":"https:\/\/www.librairieclavreuil.com\/en\/palissy-bernard-le-moyen-de-devenir-riche-et-la-maniere-veritable-par-laquelle-tous-les-hommes-de-la-france-pourront-apprendre-a-multiplier-augmenter-leurs-thresors-possessions-avec-pl\/","og_locale":"en_US","og_type":"article","og_title":"PALISSY Bernard Le Moyen de devenir riche, et la mani\u00e8re v\u00e9ritable, par laquelle tous les hommes de la France pourront apprendre \u00e0 multiplier &amp; augmenter leurs thresors &amp; possessions. Avec plusieurs autres excellens secrets des choses naturelles... - Libairie Clavreuil","og_description":"2 parts in one volume, 8vo (165 x 103 mm) 8 nn.ll., 205 pp. (misnumbered 255) and 1 blank for part I; 8 nn.ll., 526 pp. for part II (final blank removed). 18th century olive green morocco, gilt corner pieces, spine gilt with raised bands, gilt edges.","og_url":"https:\/\/www.librairieclavreuil.com\/en\/palissy-bernard-le-moyen-de-devenir-riche-et-la-maniere-veritable-par-laquelle-tous-les-hommes-de-la-france-pourront-apprendre-a-multiplier-augmenter-leurs-thresors-possessions-avec-pl\/","og_site_name":"Libairie Clavreuil","article_modified_time":"2024-07-17T13:10:46+00:00","og_image":[{"width":516,"height":800,"url":"https:\/\/www.librairieclavreuil.com\/wp-content\/uploads\/2024\/07\/bernard-palissy-le-moyen-de-devenir-riche-et-la-maniere-veritable-par-laquelle-tous-les-hommes-de-la-france-pourront-apprendre-a-multiplier-66911b46226f1-1.jpg","type":"image\/jpeg"}],"twitter_card":"summary_large_image","twitter_misc":{"Est. reading time":"2 minutes"},"schema":{"@context":"https:\/\/schema.org","@graph":[{"@type":"WebPage","@id":"https:\/\/www.librairieclavreuil.com\/en\/palissy-bernard-le-moyen-de-devenir-riche-et-la-maniere-veritable-par-laquelle-tous-les-hommes-de-la-france-pourront-apprendre-a-multiplier-augmenter-leurs-thresors-possessions-avec-pl\/","url":"https:\/\/www.librairieclavreuil.com\/en\/palissy-bernard-le-moyen-de-devenir-riche-et-la-maniere-veritable-par-laquelle-tous-les-hommes-de-la-france-pourront-apprendre-a-multiplier-augmenter-leurs-thresors-possessions-avec-pl\/","name":"PALISSY Bernard Le Moyen de devenir riche, et la mani\u00e8re v\u00e9ritable, par laquelle tous les hommes de la France pourront apprendre \u00e0 multiplier &amp; augmenter leurs thresors &amp; possessions. Avec plusieurs autres excellens secrets des choses naturelles... - Libairie Clavreuil","isPartOf":{"@id":"https:\/\/www.librairieclavreuil.com\/#website"},"primaryImageOfPage":{"@id":"https:\/\/www.librairieclavreuil.com\/en\/palissy-bernard-le-moyen-de-devenir-riche-et-la-maniere-veritable-par-laquelle-tous-les-hommes-de-la-france-pourront-apprendre-a-multiplier-augmenter-leurs-thresors-possessions-avec-pl\/#primaryimage"},"image":{"@id":"https:\/\/www.librairieclavreuil.com\/en\/palissy-bernard-le-moyen-de-devenir-riche-et-la-maniere-veritable-par-laquelle-tous-les-hommes-de-la-france-pourront-apprendre-a-multiplier-augmenter-leurs-thresors-possessions-avec-pl\/#primaryimage"},"thumbnailUrl":"https:\/\/www.librairieclavreuil.com\/wp-content\/uploads\/2024\/07\/bernard-palissy-le-moyen-de-devenir-riche-et-la-maniere-veritable-par-laquelle-tous-les-hommes-de-la-france-pourront-apprendre-a-multiplier-66911b46226f1-1.jpg","datePublished":"2024-07-17T13:10:24+00:00","dateModified":"2024-07-17T13:10:46+00:00","breadcrumb":{"@id":"https:\/\/www.librairieclavreuil.com\/en\/palissy-bernard-le-moyen-de-devenir-riche-et-la-maniere-veritable-par-laquelle-tous-les-hommes-de-la-france-pourront-apprendre-a-multiplier-augmenter-leurs-thresors-possessions-avec-pl\/#breadcrumb"},"inLanguage":"en-US","potentialAction":[{"@type":"ReadAction","target":["https:\/\/www.librairieclavreuil.com\/en\/palissy-bernard-le-moyen-de-devenir-riche-et-la-maniere-veritable-par-laquelle-tous-les-hommes-de-la-france-pourront-apprendre-a-multiplier-augmenter-leurs-thresors-possessions-avec-pl\/"]}]},{"@type":"ImageObject","inLanguage":"en-US","@id":"https:\/\/www.librairieclavreuil.com\/en\/palissy-bernard-le-moyen-de-devenir-riche-et-la-maniere-veritable-par-laquelle-tous-les-hommes-de-la-france-pourront-apprendre-a-multiplier-augmenter-leurs-thresors-possessions-avec-pl\/#primaryimage","url":"https:\/\/www.librairieclavreuil.com\/wp-content\/uploads\/2024\/07\/bernard-palissy-le-moyen-de-devenir-riche-et-la-maniere-veritable-par-laquelle-tous-les-hommes-de-la-france-pourront-apprendre-a-multiplier-66911b46226f1-1.jpg","contentUrl":"https:\/\/www.librairieclavreuil.com\/wp-content\/uploads\/2024\/07\/bernard-palissy-le-moyen-de-devenir-riche-et-la-maniere-veritable-par-laquelle-tous-les-hommes-de-la-france-pourront-apprendre-a-multiplier-66911b46226f1-1.jpg","width":516,"height":800},{"@type":"BreadcrumbList","@id":"https:\/\/www.librairieclavreuil.com\/en\/palissy-bernard-le-moyen-de-devenir-riche-et-la-maniere-veritable-par-laquelle-tous-les-hommes-de-la-france-pourront-apprendre-a-multiplier-augmenter-leurs-thresors-possessions-avec-pl\/#breadcrumb","itemListElement":[{"@type":"ListItem","position":1,"name":"Accueil","item":"https:\/\/www.librairieclavreuil.com\/"},{"@type":"ListItem","position":2,"name":"All our books","item":"https:\/\/www.librairieclavreuil.com\/en\/all-our-books\/"},{"@type":"ListItem","position":3,"name":"PALISSY Bernard Le Moyen de devenir riche, et la mani\u00e8re v\u00e9ritable, par laquelle tous les hommes de la France pourront apprendre \u00e0 multiplier &amp; augmenter leurs thresors &amp; possessions. Avec plusieurs autres excellens secrets des choses naturelles&#8230;"}]},{"@type":"WebSite","@id":"https:\/\/www.librairieclavreuil.com\/#website","url":"https:\/\/www.librairieclavreuil.com\/","name":"Libairie Clavreuil","description":"Livres anciens, manuscrits rares et \u00e9ditions originales \u2013 Librairie Clavreuil","publisher":{"@id":"https:\/\/www.librairieclavreuil.com\/#organization"},"potentialAction":[{"@type":"SearchAction","target":{"@type":"EntryPoint","urlTemplate":"https:\/\/www.librairieclavreuil.com\/?s={search_term_string}"},"query-input":{"@type":"PropertyValueSpecification","valueRequired":true,"valueName":"search_term_string"}}],"inLanguage":"en-US"},{"@type":"Organization","@id":"https:\/\/www.librairieclavreuil.com\/#organization","name":"Libairie Clavreuil","url":"https:\/\/www.librairieclavreuil.com\/","logo":{"@type":"ImageObject","inLanguage":"en-US","@id":"https:\/\/www.librairieclavreuil.com\/#\/schema\/logo\/image\/","url":"https:\/\/www.librairieclavreuil.com\/wp-content\/uploads\/2021\/06\/cropped-LOGO_PNG_DATE-_gold-512x512-1.png","contentUrl":"https:\/\/www.librairieclavreuil.com\/wp-content\/uploads\/2021\/06\/cropped-LOGO_PNG_DATE-_gold-512x512-1.png","width":512,"height":512,"caption":"Libairie Clavreuil"},"image":{"@id":"https:\/\/www.librairieclavreuil.com\/#\/schema\/logo\/image\/"},"sameAs":["https:\/\/www.instagram.com\/librairieclavreuil\/"]}]}},"jetpack_sharing_enabled":true,"_links":{"self":[{"href":"https:\/\/www.librairieclavreuil.com\/en\/wp-json\/wp\/v2\/product\/80691","targetHints":{"allow":["GET"]}}],"collection":[{"href":"https:\/\/www.librairieclavreuil.com\/en\/wp-json\/wp\/v2\/product"}],"about":[{"href":"https:\/\/www.librairieclavreuil.com\/en\/wp-json\/wp\/v2\/types\/product"}],"replies":[{"embeddable":true,"href":"https:\/\/www.librairieclavreuil.com\/en\/wp-json\/wp\/v2\/comments?post=80691"}],"wp:featuredmedia":[{"embeddable":true,"href":"https:\/\/www.librairieclavreuil.com\/en\/wp-json\/wp\/v2\/media\/80689"}],"wp:attachment":[{"href":"https:\/\/www.librairieclavreuil.com\/en\/wp-json\/wp\/v2\/media?parent=80691"}],"wp:term":[{"taxonomy":"product_brand","embeddable":true,"href":"https:\/\/www.librairieclavreuil.com\/en\/wp-json\/wp\/v2\/product_brand?post=80691"},{"taxonomy":"product_cat","embeddable":true,"href":"https:\/\/www.librairieclavreuil.com\/en\/wp-json\/wp\/v2\/product_cat?post=80691"},{"taxonomy":"product_tag","embeddable":true,"href":"https:\/\/www.librairieclavreuil.com\/en\/wp-json\/wp\/v2\/product_tag?post=80691"}],"curies":[{"name":"wp","href":"https:\/\/api.w.org\/{rel}","templated":true}]}}