{"id":80641,"date":"2024-07-17T12:59:02","date_gmt":"2024-07-17T10:59:02","guid":{"rendered":"https:\/\/www.librairieclavreuil.com\/brinon-de-beaumartin-pierre-de-la-tragedie-des-rebelles-ou-sont-les-noms-feints-on-void-leurs-conspirations-machines-monopoles-assemblees-pratiques-rebellions-descouvertes\/"},"modified":"2024-07-17T12:59:16","modified_gmt":"2024-07-17T10:59:16","slug":"brinon-de-beaumartin-pierre-de-la-tragedie-des-rebelles-ou-sont-les-noms-feints-on-void-leurs-conspirations-machines-monopoles-assemblees-pratiques-rebellions-descouvertes","status":"publish","type":"product","link":"https:\/\/www.librairieclavreuil.com\/en\/brinon-de-beaumartin-pierre-de-la-tragedie-des-rebelles-ou-sont-les-noms-feints-on-void-leurs-conspirations-machines-monopoles-assemblees-pratiques-rebellions-descouvertes\/","title":{"rendered":"BRINON DE BEAUMARTIN Pierre de La Trag\u00e9die des..."},"content":{"rendered":"<p style=\"text-align:justify\">Very rare first edition, a play inspired by the siege of La Rochelle in 1622.&nbsp;<\/p>\n<p style=\"text-align:justify\">\u00ab Dans l&#8217;\u0153uvre de Pierre de Brinon de Beaumartin, les leaders politiques de la r\u00e9volte se transforment et deviennent des personnages th\u00e9\u00e2traux. Par exemple, le chef huguenot Benjamin de Rouhan sera &#8220;Meris&#8221;, dont la signification en grec ancien ferait allusion \u00e0 l&#8217;id\u00e9e de s\u00e9paration et, implicitement, \u00e0 la rupture du tissu social. La r\u00e9bellion est \u00e9galement repr\u00e9sent\u00e9e dans la pi\u00e8ce et elle prend les traits de M\u00e9g\u00e8re, qui dans la mythologie hell\u00e9nique \u00e9tait charg\u00e9e de semer le mal dans le monde. Pierre Du Moulin, le pasteur et guide spirituel de la r\u00e9volte de la Rochelle, devient Amilcar, un magicien.&nbsp;\u00bb Matteo Leta, Le pouvoir \u00e9ph\u00e9m\u00e8re de l\u2019illusion&nbsp;: le charlatan dans le th\u00e9\u00e2tre du XVI\u00e8me si\u00e8cle.<\/p>\n<p style=\"text-align:justify\">Worldcat locates only one copy of this extremely rare item, in the Biblioth\u00e8que nationale de France.<\/p>\n<p style=\"text-align:justify\">A very fine copy. Missing from the Soleinne catalogue.<\/p>\n","protected":false},"excerpt":{"rendered":"<p>8vo (156 x 102 mm) of 31 pp. Jansenist red morocco, spine with raised bands, gilt edges (<i>Duru 1855<\/i>).<\/p>\n","protected":false},"featured_media":80636,"comment_status":"open","ping_status":"closed","template":"","meta":{"_acf_changed":false},"product_brand":[],"product_cat":[544],"product_tag":[1450,1255],"class_list":{"0":"post-80641","1":"product","2":"type-product","3":"status-publish","4":"has-post-thumbnail","6":"product_cat-literature","7":"product_tag-first-edition","8":"product_tag-theatre-dance","9":"pa_auteur-brinon-de-beaumartin-pierre-de-2","10":"pa_type-de-livre-printed-book","12":"first","13":"instock","14":"shipping-taxable","15":"purchasable","16":"product-type-simple"},"acf":{"artist":" Pierre de BRINON DE BEAUMARTIN","chapeau":"","adresse_bibliographique":"Paris, veuve Ducarroy, 1622","book_type":"Printed book","provenance":"","afficher_prix":""},"yoast_head":"<!-- This site is optimized with the Yoast SEO plugin v24.7 - https:\/\/yoast.com\/wordpress\/plugins\/seo\/ -->\n<title>BRINON DE BEAUMARTIN Pierre de La Trag\u00e9die des rebelles, ou sont les noms feints, on void leurs conspirations, machines, monopoles, assemblees, pratiques &amp; rebellions descouvertes. - Libairie Clavreuil<\/title>\n<meta name=\"robots\" content=\"index, follow, max-snippet:-1, max-image-preview:large, max-video-preview:-1\" \/>\n<link rel=\"canonical\" href=\"https:\/\/www.librairieclavreuil.com\/en\/brinon-de-beaumartin-pierre-de-la-tragedie-des-rebelles-ou-sont-les-noms-feints-on-void-leurs-conspirations-machines-monopoles-assemblees-pratiques-rebellions-descouvertes\/\" \/>\n<meta property=\"og:locale\" content=\"en_US\" \/>\n<meta property=\"og:type\" content=\"article\" \/>\n<meta property=\"og:title\" content=\"BRINON DE BEAUMARTIN Pierre de La Trag\u00e9die des rebelles, ou sont les noms feints, on void leurs conspirations, machines, monopoles, assemblees, pratiques &amp; rebellions descouvertes. - Libairie Clavreuil\" \/>\n<meta property=\"og:description\" content=\"8vo (156 x 102 mm) of 31 pp. Jansenist red morocco, spine with raised bands, gilt edges (Duru 1855).\" \/>\n<meta property=\"og:url\" content=\"https:\/\/www.librairieclavreuil.com\/en\/brinon-de-beaumartin-pierre-de-la-tragedie-des-rebelles-ou-sont-les-noms-feints-on-void-leurs-conspirations-machines-monopoles-assemblees-pratiques-rebellions-descouvertes\/\" \/>\n<meta property=\"og:site_name\" content=\"Libairie Clavreuil\" \/>\n<meta property=\"article:modified_time\" content=\"2024-07-17T10:59:16+00:00\" \/>\n<meta property=\"og:image\" content=\"https:\/\/www.librairieclavreuil.com\/wp-content\/uploads\/2024\/07\/pierre-de-brinon-de-beaumartin-la-tragedie-des-rebelles-ou-sont-les-noms-feints-on-void-leurs-conspirations-machines-monopoles-assemblees-pratiques-re.jpg\" \/>\n\t<meta property=\"og:image:width\" content=\"528\" \/>\n\t<meta property=\"og:image:height\" content=\"800\" \/>\n\t<meta property=\"og:image:type\" content=\"image\/jpeg\" \/>\n<meta name=\"twitter:card\" content=\"summary_large_image\" \/>\n<meta name=\"twitter:label1\" content=\"Est. reading time\" \/>\n\t<meta name=\"twitter:data1\" content=\"1 minute\" \/>\n<script type=\"application\/ld+json\" class=\"yoast-schema-graph\">{\"@context\":\"https:\/\/schema.org\",\"@graph\":[{\"@type\":\"WebPage\",\"@id\":\"https:\/\/www.librairieclavreuil.com\/en\/brinon-de-beaumartin-pierre-de-la-tragedie-des-rebelles-ou-sont-les-noms-feints-on-void-leurs-conspirations-machines-monopoles-assemblees-pratiques-rebellions-descouvertes\/\",\"url\":\"https:\/\/www.librairieclavreuil.com\/en\/brinon-de-beaumartin-pierre-de-la-tragedie-des-rebelles-ou-sont-les-noms-feints-on-void-leurs-conspirations-machines-monopoles-assemblees-pratiques-rebellions-descouvertes\/\",\"name\":\"BRINON DE BEAUMARTIN Pierre de La Trag\u00e9die des rebelles, ou sont les noms feints, on void leurs conspirations, machines, monopoles, assemblees, pratiques &amp; rebellions descouvertes. - Libairie Clavreuil\",\"isPartOf\":{\"@id\":\"https:\/\/www.librairieclavreuil.com\/#website\"},\"primaryImageOfPage\":{\"@id\":\"https:\/\/www.librairieclavreuil.com\/en\/brinon-de-beaumartin-pierre-de-la-tragedie-des-rebelles-ou-sont-les-noms-feints-on-void-leurs-conspirations-machines-monopoles-assemblees-pratiques-rebellions-descouvertes\/#primaryimage\"},\"image\":{\"@id\":\"https:\/\/www.librairieclavreuil.com\/en\/brinon-de-beaumartin-pierre-de-la-tragedie-des-rebelles-ou-sont-les-noms-feints-on-void-leurs-conspirations-machines-monopoles-assemblees-pratiques-rebellions-descouvertes\/#primaryimage\"},\"thumbnailUrl\":\"https:\/\/www.librairieclavreuil.com\/wp-content\/uploads\/2024\/07\/pierre-de-brinon-de-beaumartin-la-tragedie-des-rebelles-ou-sont-les-noms-feints-on-void-leurs-conspirations-machines-monopoles-assemblees-pratiques-re.jpg\",\"datePublished\":\"2024-07-17T10:59:02+00:00\",\"dateModified\":\"2024-07-17T10:59:16+00:00\",\"breadcrumb\":{\"@id\":\"https:\/\/www.librairieclavreuil.com\/en\/brinon-de-beaumartin-pierre-de-la-tragedie-des-rebelles-ou-sont-les-noms-feints-on-void-leurs-conspirations-machines-monopoles-assemblees-pratiques-rebellions-descouvertes\/#breadcrumb\"},\"inLanguage\":\"en-US\",\"potentialAction\":[{\"@type\":\"ReadAction\",\"target\":[\"https:\/\/www.librairieclavreuil.com\/en\/brinon-de-beaumartin-pierre-de-la-tragedie-des-rebelles-ou-sont-les-noms-feints-on-void-leurs-conspirations-machines-monopoles-assemblees-pratiques-rebellions-descouvertes\/\"]}]},{\"@type\":\"ImageObject\",\"inLanguage\":\"en-US\",\"@id\":\"https:\/\/www.librairieclavreuil.com\/en\/brinon-de-beaumartin-pierre-de-la-tragedie-des-rebelles-ou-sont-les-noms-feints-on-void-leurs-conspirations-machines-monopoles-assemblees-pratiques-rebellions-descouvertes\/#primaryimage\",\"url\":\"https:\/\/www.librairieclavreuil.com\/wp-content\/uploads\/2024\/07\/pierre-de-brinon-de-beaumartin-la-tragedie-des-rebelles-ou-sont-les-noms-feints-on-void-leurs-conspirations-machines-monopoles-assemblees-pratiques-re.jpg\",\"contentUrl\":\"https:\/\/www.librairieclavreuil.com\/wp-content\/uploads\/2024\/07\/pierre-de-brinon-de-beaumartin-la-tragedie-des-rebelles-ou-sont-les-noms-feints-on-void-leurs-conspirations-machines-monopoles-assemblees-pratiques-re.jpg\",\"width\":528,\"height\":800},{\"@type\":\"BreadcrumbList\",\"@id\":\"https:\/\/www.librairieclavreuil.com\/en\/brinon-de-beaumartin-pierre-de-la-tragedie-des-rebelles-ou-sont-les-noms-feints-on-void-leurs-conspirations-machines-monopoles-assemblees-pratiques-rebellions-descouvertes\/#breadcrumb\",\"itemListElement\":[{\"@type\":\"ListItem\",\"position\":1,\"name\":\"Accueil\",\"item\":\"https:\/\/www.librairieclavreuil.com\/\"},{\"@type\":\"ListItem\",\"position\":2,\"name\":\"All our books\",\"item\":\"https:\/\/www.librairieclavreuil.com\/en\/all-our-books\/\"},{\"@type\":\"ListItem\",\"position\":3,\"name\":\"BRINON DE BEAUMARTIN Pierre de La Trag\u00e9die des rebelles, ou sont les noms feints, on void leurs conspirations, machines, monopoles, assemblees, pratiques &amp; rebellions descouvertes.\"}]},{\"@type\":\"WebSite\",\"@id\":\"https:\/\/www.librairieclavreuil.com\/#website\",\"url\":\"https:\/\/www.librairieclavreuil.com\/\",\"name\":\"Libairie Clavreuil\",\"description\":\"Livres anciens, manuscrits rares et \u00e9ditions originales \u2013 Librairie Clavreuil\",\"publisher\":{\"@id\":\"https:\/\/www.librairieclavreuil.com\/#organization\"},\"potentialAction\":[{\"@type\":\"SearchAction\",\"target\":{\"@type\":\"EntryPoint\",\"urlTemplate\":\"https:\/\/www.librairieclavreuil.com\/?s={search_term_string}\"},\"query-input\":{\"@type\":\"PropertyValueSpecification\",\"valueRequired\":true,\"valueName\":\"search_term_string\"}}],\"inLanguage\":\"en-US\"},{\"@type\":\"Organization\",\"@id\":\"https:\/\/www.librairieclavreuil.com\/#organization\",\"name\":\"Libairie Clavreuil\",\"url\":\"https:\/\/www.librairieclavreuil.com\/\",\"logo\":{\"@type\":\"ImageObject\",\"inLanguage\":\"en-US\",\"@id\":\"https:\/\/www.librairieclavreuil.com\/#\/schema\/logo\/image\/\",\"url\":\"https:\/\/www.librairieclavreuil.com\/wp-content\/uploads\/2021\/06\/cropped-LOGO_PNG_DATE-_gold-512x512-1.png\",\"contentUrl\":\"https:\/\/www.librairieclavreuil.com\/wp-content\/uploads\/2021\/06\/cropped-LOGO_PNG_DATE-_gold-512x512-1.png\",\"width\":512,\"height\":512,\"caption\":\"Libairie Clavreuil\"},\"image\":{\"@id\":\"https:\/\/www.librairieclavreuil.com\/#\/schema\/logo\/image\/\"},\"sameAs\":[\"https:\/\/www.instagram.com\/librairieclavreuil\/\"]}]}<\/script>\n<!-- \/ Yoast SEO plugin. -->","yoast_head_json":{"title":"BRINON DE BEAUMARTIN Pierre de La Trag\u00e9die des rebelles, ou sont les noms feints, on void leurs conspirations, machines, monopoles, assemblees, pratiques &amp; rebellions descouvertes. - Libairie Clavreuil","robots":{"index":"index","follow":"follow","max-snippet":"max-snippet:-1","max-image-preview":"max-image-preview:large","max-video-preview":"max-video-preview:-1"},"canonical":"https:\/\/www.librairieclavreuil.com\/en\/brinon-de-beaumartin-pierre-de-la-tragedie-des-rebelles-ou-sont-les-noms-feints-on-void-leurs-conspirations-machines-monopoles-assemblees-pratiques-rebellions-descouvertes\/","og_locale":"en_US","og_type":"article","og_title":"BRINON DE BEAUMARTIN Pierre de La Trag\u00e9die des rebelles, ou sont les noms feints, on void leurs conspirations, machines, monopoles, assemblees, pratiques &amp; rebellions descouvertes. - Libairie Clavreuil","og_description":"8vo (156 x 102 mm) of 31 pp. Jansenist red morocco, spine with raised bands, gilt edges (Duru 1855).","og_url":"https:\/\/www.librairieclavreuil.com\/en\/brinon-de-beaumartin-pierre-de-la-tragedie-des-rebelles-ou-sont-les-noms-feints-on-void-leurs-conspirations-machines-monopoles-assemblees-pratiques-rebellions-descouvertes\/","og_site_name":"Libairie Clavreuil","article_modified_time":"2024-07-17T10:59:16+00:00","og_image":[{"width":528,"height":800,"url":"https:\/\/www.librairieclavreuil.com\/wp-content\/uploads\/2024\/07\/pierre-de-brinon-de-beaumartin-la-tragedie-des-rebelles-ou-sont-les-noms-feints-on-void-leurs-conspirations-machines-monopoles-assemblees-pratiques-re.jpg","type":"image\/jpeg"}],"twitter_card":"summary_large_image","twitter_misc":{"Est. reading time":"1 minute"},"schema":{"@context":"https:\/\/schema.org","@graph":[{"@type":"WebPage","@id":"https:\/\/www.librairieclavreuil.com\/en\/brinon-de-beaumartin-pierre-de-la-tragedie-des-rebelles-ou-sont-les-noms-feints-on-void-leurs-conspirations-machines-monopoles-assemblees-pratiques-rebellions-descouvertes\/","url":"https:\/\/www.librairieclavreuil.com\/en\/brinon-de-beaumartin-pierre-de-la-tragedie-des-rebelles-ou-sont-les-noms-feints-on-void-leurs-conspirations-machines-monopoles-assemblees-pratiques-rebellions-descouvertes\/","name":"BRINON DE BEAUMARTIN Pierre de La Trag\u00e9die des rebelles, ou sont les noms feints, on void leurs conspirations, machines, monopoles, assemblees, pratiques &amp; rebellions descouvertes. - Libairie Clavreuil","isPartOf":{"@id":"https:\/\/www.librairieclavreuil.com\/#website"},"primaryImageOfPage":{"@id":"https:\/\/www.librairieclavreuil.com\/en\/brinon-de-beaumartin-pierre-de-la-tragedie-des-rebelles-ou-sont-les-noms-feints-on-void-leurs-conspirations-machines-monopoles-assemblees-pratiques-rebellions-descouvertes\/#primaryimage"},"image":{"@id":"https:\/\/www.librairieclavreuil.com\/en\/brinon-de-beaumartin-pierre-de-la-tragedie-des-rebelles-ou-sont-les-noms-feints-on-void-leurs-conspirations-machines-monopoles-assemblees-pratiques-rebellions-descouvertes\/#primaryimage"},"thumbnailUrl":"https:\/\/www.librairieclavreuil.com\/wp-content\/uploads\/2024\/07\/pierre-de-brinon-de-beaumartin-la-tragedie-des-rebelles-ou-sont-les-noms-feints-on-void-leurs-conspirations-machines-monopoles-assemblees-pratiques-re.jpg","datePublished":"2024-07-17T10:59:02+00:00","dateModified":"2024-07-17T10:59:16+00:00","breadcrumb":{"@id":"https:\/\/www.librairieclavreuil.com\/en\/brinon-de-beaumartin-pierre-de-la-tragedie-des-rebelles-ou-sont-les-noms-feints-on-void-leurs-conspirations-machines-monopoles-assemblees-pratiques-rebellions-descouvertes\/#breadcrumb"},"inLanguage":"en-US","potentialAction":[{"@type":"ReadAction","target":["https:\/\/www.librairieclavreuil.com\/en\/brinon-de-beaumartin-pierre-de-la-tragedie-des-rebelles-ou-sont-les-noms-feints-on-void-leurs-conspirations-machines-monopoles-assemblees-pratiques-rebellions-descouvertes\/"]}]},{"@type":"ImageObject","inLanguage":"en-US","@id":"https:\/\/www.librairieclavreuil.com\/en\/brinon-de-beaumartin-pierre-de-la-tragedie-des-rebelles-ou-sont-les-noms-feints-on-void-leurs-conspirations-machines-monopoles-assemblees-pratiques-rebellions-descouvertes\/#primaryimage","url":"https:\/\/www.librairieclavreuil.com\/wp-content\/uploads\/2024\/07\/pierre-de-brinon-de-beaumartin-la-tragedie-des-rebelles-ou-sont-les-noms-feints-on-void-leurs-conspirations-machines-monopoles-assemblees-pratiques-re.jpg","contentUrl":"https:\/\/www.librairieclavreuil.com\/wp-content\/uploads\/2024\/07\/pierre-de-brinon-de-beaumartin-la-tragedie-des-rebelles-ou-sont-les-noms-feints-on-void-leurs-conspirations-machines-monopoles-assemblees-pratiques-re.jpg","width":528,"height":800},{"@type":"BreadcrumbList","@id":"https:\/\/www.librairieclavreuil.com\/en\/brinon-de-beaumartin-pierre-de-la-tragedie-des-rebelles-ou-sont-les-noms-feints-on-void-leurs-conspirations-machines-monopoles-assemblees-pratiques-rebellions-descouvertes\/#breadcrumb","itemListElement":[{"@type":"ListItem","position":1,"name":"Accueil","item":"https:\/\/www.librairieclavreuil.com\/"},{"@type":"ListItem","position":2,"name":"All our books","item":"https:\/\/www.librairieclavreuil.com\/en\/all-our-books\/"},{"@type":"ListItem","position":3,"name":"BRINON DE BEAUMARTIN Pierre de La Trag\u00e9die des rebelles, ou sont les noms feints, on void leurs conspirations, machines, monopoles, assemblees, pratiques &amp; rebellions descouvertes."}]},{"@type":"WebSite","@id":"https:\/\/www.librairieclavreuil.com\/#website","url":"https:\/\/www.librairieclavreuil.com\/","name":"Libairie Clavreuil","description":"Livres anciens, manuscrits rares et \u00e9ditions originales \u2013 Librairie Clavreuil","publisher":{"@id":"https:\/\/www.librairieclavreuil.com\/#organization"},"potentialAction":[{"@type":"SearchAction","target":{"@type":"EntryPoint","urlTemplate":"https:\/\/www.librairieclavreuil.com\/?s={search_term_string}"},"query-input":{"@type":"PropertyValueSpecification","valueRequired":true,"valueName":"search_term_string"}}],"inLanguage":"en-US"},{"@type":"Organization","@id":"https:\/\/www.librairieclavreuil.com\/#organization","name":"Libairie Clavreuil","url":"https:\/\/www.librairieclavreuil.com\/","logo":{"@type":"ImageObject","inLanguage":"en-US","@id":"https:\/\/www.librairieclavreuil.com\/#\/schema\/logo\/image\/","url":"https:\/\/www.librairieclavreuil.com\/wp-content\/uploads\/2021\/06\/cropped-LOGO_PNG_DATE-_gold-512x512-1.png","contentUrl":"https:\/\/www.librairieclavreuil.com\/wp-content\/uploads\/2021\/06\/cropped-LOGO_PNG_DATE-_gold-512x512-1.png","width":512,"height":512,"caption":"Libairie Clavreuil"},"image":{"@id":"https:\/\/www.librairieclavreuil.com\/#\/schema\/logo\/image\/"},"sameAs":["https:\/\/www.instagram.com\/librairieclavreuil\/"]}]}},"jetpack_sharing_enabled":true,"_links":{"self":[{"href":"https:\/\/www.librairieclavreuil.com\/en\/wp-json\/wp\/v2\/product\/80641","targetHints":{"allow":["GET"]}}],"collection":[{"href":"https:\/\/www.librairieclavreuil.com\/en\/wp-json\/wp\/v2\/product"}],"about":[{"href":"https:\/\/www.librairieclavreuil.com\/en\/wp-json\/wp\/v2\/types\/product"}],"replies":[{"embeddable":true,"href":"https:\/\/www.librairieclavreuil.com\/en\/wp-json\/wp\/v2\/comments?post=80641"}],"wp:featuredmedia":[{"embeddable":true,"href":"https:\/\/www.librairieclavreuil.com\/en\/wp-json\/wp\/v2\/media\/80636"}],"wp:attachment":[{"href":"https:\/\/www.librairieclavreuil.com\/en\/wp-json\/wp\/v2\/media?parent=80641"}],"wp:term":[{"taxonomy":"product_brand","embeddable":true,"href":"https:\/\/www.librairieclavreuil.com\/en\/wp-json\/wp\/v2\/product_brand?post=80641"},{"taxonomy":"product_cat","embeddable":true,"href":"https:\/\/www.librairieclavreuil.com\/en\/wp-json\/wp\/v2\/product_cat?post=80641"},{"taxonomy":"product_tag","embeddable":true,"href":"https:\/\/www.librairieclavreuil.com\/en\/wp-json\/wp\/v2\/product_tag?post=80641"}],"curies":[{"name":"wp","href":"https:\/\/api.w.org\/{rel}","templated":true}]}}