{"id":80635,"date":"2024-07-17T12:58:35","date_gmt":"2024-07-17T10:58:35","guid":{"rendered":"https:\/\/www.librairieclavreuil.com\/tuccaro-arcangelo-la-presa-e-il-giuditio-damore-in-rima-diviso-in-quarto-sic-libri-composto\/"},"modified":"2024-07-17T12:58:51","modified_gmt":"2024-07-17T10:58:51","slug":"tuccaro-arcangelo-la-presa-e-il-giuditio-damore-in-rima-diviso-in-quarto-sic-libri-composto","status":"publish","type":"product","link":"https:\/\/www.librairieclavreuil.com\/en\/tuccaro-arcangelo-la-presa-e-il-giuditio-damore-in-rima-diviso-in-quarto-sic-libri-composto\/","title":{"rendered":"TUCCARO Arcangelo La Presa e il giuditio d&#8217;amore,..."},"content":{"rendered":"<p><i>Balsamo, Le livre Italien \u00e0 Paris au XVI si\u00e8cle, p. 149-151, n. 59.<\/i><\/p>\n<p>First edition, published at the author&#8217;s expenses in his house in the Latin Quarter in Paris, close to the Boulevard Saint Germain, as indicated on the title page :&#8221;al Foborgo di Sangermano, alla strada di Tornone al logiamento de l&#8217;Autore&#8221;. Little is know about the author&#8217;s life, born in 1535 in the province of Aquila he is believed to have died in either 1602 or 1616. A professional acrobate he accompanied the Emperor Maximillian II daughter Elisabeth on her travel to France where she was to meet her future husband Charles IX. Other than this work of poetry Tuccaro was the author of a second book, entirely devoted to acrobatics, the &#8220;Trois dialogues de l&#8217;exercice de sauter et voltiger en l&#8217;air&#8221; (Paris 1599).<\/p>\n<p><i>La Presa e il giuditio d&#8217;amore<\/i> is a long mythological poem, written in 8 000 verses. It is dedicated to Anne de Bueil, Duchess of Bellegarde (? &#8211; 1631) and cousin of the poet Racan. In 1596 she had married Roger de Saint-Lary, Duke of Bellegarde, Governor of Burgundy.<\/p>\n<p>&#8220;Il s&#8217;agit en effet d&#8217;une impression priv\u00e9e, r\u00e9alis\u00e9e aux d\u00e9pens de l&#8217;auteur et \u00e0 son adresse, rue de Tournon, \u00e0 Paris. La rue de Tournon, dans le Faubourg Saint-Germain correspond au quartier de r\u00e9sidence des principaux Italiens de la cour, autour des familles Delbene, et Gondi. Lucrezia Cavalcanti, \u00e9pouse d&#8217;Albozzo Delbene fit \u00e9difier en 1566 un h\u00f4tel (aujourd&#8217;hui, no. 12 et 14), Jacobo Corbinelli r\u00e9sida au n. 16; Concino Concini s&#8217;installa au n. 10. Il ne subsiste rien de ces demeures&#8221; (Balsamo).<\/p>\n<p>The Catalogue Collectif de France locates only four institutional copies in France (BnF, Mazarine, Arsenal, Toulouse BM). Fine copy.<\/p>\n","protected":false},"excerpt":{"rendered":"<p>8vo (142 x 88 mm) 15 nn.ll., 363pp. (misnumbered 365, the pagination 155\/156 omitted). Contemporary calf, spine gilt with raised bands.<\/p>\n","protected":false},"featured_media":80630,"comment_status":"open","ping_status":"closed","template":"","meta":{"_acf_changed":false},"product_brand":[],"product_cat":[544],"product_tag":[1244,1450,1478],"class_list":{"0":"post-80635","1":"product","2":"type-product","3":"status-publish","4":"has-post-thumbnail","6":"product_cat-literature","7":"product_tag-17th-century-literature","8":"product_tag-first-edition","9":"product_tag-poetry","10":"pa_auteur-tuccaro-arcangelo-2","11":"pa_type-de-livre-printed-book","13":"first","14":"instock","15":"shipping-taxable","16":"purchasable","17":"product-type-simple"},"acf":{"artist":" Arcangelo TUCCARO","chapeau":"Rare 17th century poetry printed at the author's private press in Paris (rue de Tournon)","adresse_bibliographique":"Paris, Guillaume Binet pour l'auteur rue de Tournon, 1602","book_type":"Printed book","provenance":"","afficher_prix":""},"yoast_head":"<!-- This site is optimized with the Yoast SEO plugin v24.7 - https:\/\/yoast.com\/wordpress\/plugins\/seo\/ -->\n<title>TUCCARO Arcangelo La Presa e il giuditio d&#039;amore, in rima. Diviso in quarto [sic] libri composto. - Libairie Clavreuil<\/title>\n<meta name=\"robots\" content=\"index, follow, max-snippet:-1, max-image-preview:large, max-video-preview:-1\" \/>\n<link rel=\"canonical\" href=\"https:\/\/www.librairieclavreuil.com\/en\/tuccaro-arcangelo-la-presa-e-il-giuditio-damore-in-rima-diviso-in-quarto-sic-libri-composto\/\" \/>\n<meta property=\"og:locale\" content=\"en_US\" \/>\n<meta property=\"og:type\" content=\"article\" \/>\n<meta property=\"og:title\" content=\"TUCCARO Arcangelo La Presa e il giuditio d&#039;amore, in rima. Diviso in quarto [sic] libri composto. - Libairie Clavreuil\" \/>\n<meta property=\"og:description\" content=\"8vo (142 x 88 mm) 15 nn.ll., 363pp. (misnumbered 365, the pagination 155\/156 omitted). Contemporary calf, spine gilt with raised bands.\" \/>\n<meta property=\"og:url\" content=\"https:\/\/www.librairieclavreuil.com\/en\/tuccaro-arcangelo-la-presa-e-il-giuditio-damore-in-rima-diviso-in-quarto-sic-libri-composto\/\" \/>\n<meta property=\"og:site_name\" content=\"Libairie Clavreuil\" \/>\n<meta property=\"article:modified_time\" content=\"2024-07-17T10:58:51+00:00\" \/>\n<meta property=\"og:image\" content=\"https:\/\/www.librairieclavreuil.com\/wp-content\/uploads\/2024\/07\/arcangelo-tuccaro-la-presa-e-il-giuditio-d-amore-in-rima-diviso-in-quarto-sic-libri-composto-5095-66055dd6ad400.jpg\" \/>\n\t<meta property=\"og:image:width\" content=\"502\" \/>\n\t<meta property=\"og:image:height\" content=\"800\" \/>\n\t<meta property=\"og:image:type\" content=\"image\/jpeg\" \/>\n<meta name=\"twitter:card\" content=\"summary_large_image\" \/>\n<meta name=\"twitter:label1\" content=\"Est. reading time\" \/>\n\t<meta name=\"twitter:data1\" content=\"1 minute\" \/>\n<script type=\"application\/ld+json\" class=\"yoast-schema-graph\">{\"@context\":\"https:\/\/schema.org\",\"@graph\":[{\"@type\":\"WebPage\",\"@id\":\"https:\/\/www.librairieclavreuil.com\/en\/tuccaro-arcangelo-la-presa-e-il-giuditio-damore-in-rima-diviso-in-quarto-sic-libri-composto\/\",\"url\":\"https:\/\/www.librairieclavreuil.com\/en\/tuccaro-arcangelo-la-presa-e-il-giuditio-damore-in-rima-diviso-in-quarto-sic-libri-composto\/\",\"name\":\"TUCCARO Arcangelo La Presa e il giuditio d'amore, in rima. Diviso in quarto [sic] libri composto. - Libairie Clavreuil\",\"isPartOf\":{\"@id\":\"https:\/\/www.librairieclavreuil.com\/#website\"},\"primaryImageOfPage\":{\"@id\":\"https:\/\/www.librairieclavreuil.com\/en\/tuccaro-arcangelo-la-presa-e-il-giuditio-damore-in-rima-diviso-in-quarto-sic-libri-composto\/#primaryimage\"},\"image\":{\"@id\":\"https:\/\/www.librairieclavreuil.com\/en\/tuccaro-arcangelo-la-presa-e-il-giuditio-damore-in-rima-diviso-in-quarto-sic-libri-composto\/#primaryimage\"},\"thumbnailUrl\":\"https:\/\/www.librairieclavreuil.com\/wp-content\/uploads\/2024\/07\/arcangelo-tuccaro-la-presa-e-il-giuditio-d-amore-in-rima-diviso-in-quarto-sic-libri-composto-5095-66055dd6ad400.jpg\",\"datePublished\":\"2024-07-17T10:58:35+00:00\",\"dateModified\":\"2024-07-17T10:58:51+00:00\",\"breadcrumb\":{\"@id\":\"https:\/\/www.librairieclavreuil.com\/en\/tuccaro-arcangelo-la-presa-e-il-giuditio-damore-in-rima-diviso-in-quarto-sic-libri-composto\/#breadcrumb\"},\"inLanguage\":\"en-US\",\"potentialAction\":[{\"@type\":\"ReadAction\",\"target\":[\"https:\/\/www.librairieclavreuil.com\/en\/tuccaro-arcangelo-la-presa-e-il-giuditio-damore-in-rima-diviso-in-quarto-sic-libri-composto\/\"]}]},{\"@type\":\"ImageObject\",\"inLanguage\":\"en-US\",\"@id\":\"https:\/\/www.librairieclavreuil.com\/en\/tuccaro-arcangelo-la-presa-e-il-giuditio-damore-in-rima-diviso-in-quarto-sic-libri-composto\/#primaryimage\",\"url\":\"https:\/\/www.librairieclavreuil.com\/wp-content\/uploads\/2024\/07\/arcangelo-tuccaro-la-presa-e-il-giuditio-d-amore-in-rima-diviso-in-quarto-sic-libri-composto-5095-66055dd6ad400.jpg\",\"contentUrl\":\"https:\/\/www.librairieclavreuil.com\/wp-content\/uploads\/2024\/07\/arcangelo-tuccaro-la-presa-e-il-giuditio-d-amore-in-rima-diviso-in-quarto-sic-libri-composto-5095-66055dd6ad400.jpg\",\"width\":502,\"height\":800},{\"@type\":\"BreadcrumbList\",\"@id\":\"https:\/\/www.librairieclavreuil.com\/en\/tuccaro-arcangelo-la-presa-e-il-giuditio-damore-in-rima-diviso-in-quarto-sic-libri-composto\/#breadcrumb\",\"itemListElement\":[{\"@type\":\"ListItem\",\"position\":1,\"name\":\"Accueil\",\"item\":\"https:\/\/www.librairieclavreuil.com\/\"},{\"@type\":\"ListItem\",\"position\":2,\"name\":\"All our books\",\"item\":\"https:\/\/www.librairieclavreuil.com\/en\/all-our-books\/\"},{\"@type\":\"ListItem\",\"position\":3,\"name\":\"TUCCARO Arcangelo La Presa e il giuditio d&#8217;amore, in rima. Diviso in quarto [sic] libri composto.\"}]},{\"@type\":\"WebSite\",\"@id\":\"https:\/\/www.librairieclavreuil.com\/#website\",\"url\":\"https:\/\/www.librairieclavreuil.com\/\",\"name\":\"Libairie Clavreuil\",\"description\":\"Livres anciens, manuscrits rares et \u00e9ditions originales \u2013 Librairie Clavreuil\",\"publisher\":{\"@id\":\"https:\/\/www.librairieclavreuil.com\/#organization\"},\"potentialAction\":[{\"@type\":\"SearchAction\",\"target\":{\"@type\":\"EntryPoint\",\"urlTemplate\":\"https:\/\/www.librairieclavreuil.com\/?s={search_term_string}\"},\"query-input\":{\"@type\":\"PropertyValueSpecification\",\"valueRequired\":true,\"valueName\":\"search_term_string\"}}],\"inLanguage\":\"en-US\"},{\"@type\":\"Organization\",\"@id\":\"https:\/\/www.librairieclavreuil.com\/#organization\",\"name\":\"Libairie Clavreuil\",\"url\":\"https:\/\/www.librairieclavreuil.com\/\",\"logo\":{\"@type\":\"ImageObject\",\"inLanguage\":\"en-US\",\"@id\":\"https:\/\/www.librairieclavreuil.com\/#\/schema\/logo\/image\/\",\"url\":\"https:\/\/www.librairieclavreuil.com\/wp-content\/uploads\/2021\/06\/cropped-LOGO_PNG_DATE-_gold-512x512-1.png\",\"contentUrl\":\"https:\/\/www.librairieclavreuil.com\/wp-content\/uploads\/2021\/06\/cropped-LOGO_PNG_DATE-_gold-512x512-1.png\",\"width\":512,\"height\":512,\"caption\":\"Libairie Clavreuil\"},\"image\":{\"@id\":\"https:\/\/www.librairieclavreuil.com\/#\/schema\/logo\/image\/\"},\"sameAs\":[\"https:\/\/www.instagram.com\/librairieclavreuil\/\"]}]}<\/script>\n<!-- \/ Yoast SEO plugin. -->","yoast_head_json":{"title":"TUCCARO Arcangelo La Presa e il giuditio d'amore, in rima. Diviso in quarto [sic] libri composto. - Libairie Clavreuil","robots":{"index":"index","follow":"follow","max-snippet":"max-snippet:-1","max-image-preview":"max-image-preview:large","max-video-preview":"max-video-preview:-1"},"canonical":"https:\/\/www.librairieclavreuil.com\/en\/tuccaro-arcangelo-la-presa-e-il-giuditio-damore-in-rima-diviso-in-quarto-sic-libri-composto\/","og_locale":"en_US","og_type":"article","og_title":"TUCCARO Arcangelo La Presa e il giuditio d'amore, in rima. Diviso in quarto [sic] libri composto. - Libairie Clavreuil","og_description":"8vo (142 x 88 mm) 15 nn.ll., 363pp. (misnumbered 365, the pagination 155\/156 omitted). Contemporary calf, spine gilt with raised bands.","og_url":"https:\/\/www.librairieclavreuil.com\/en\/tuccaro-arcangelo-la-presa-e-il-giuditio-damore-in-rima-diviso-in-quarto-sic-libri-composto\/","og_site_name":"Libairie Clavreuil","article_modified_time":"2024-07-17T10:58:51+00:00","og_image":[{"width":502,"height":800,"url":"https:\/\/www.librairieclavreuil.com\/wp-content\/uploads\/2024\/07\/arcangelo-tuccaro-la-presa-e-il-giuditio-d-amore-in-rima-diviso-in-quarto-sic-libri-composto-5095-66055dd6ad400.jpg","type":"image\/jpeg"}],"twitter_card":"summary_large_image","twitter_misc":{"Est. reading time":"1 minute"},"schema":{"@context":"https:\/\/schema.org","@graph":[{"@type":"WebPage","@id":"https:\/\/www.librairieclavreuil.com\/en\/tuccaro-arcangelo-la-presa-e-il-giuditio-damore-in-rima-diviso-in-quarto-sic-libri-composto\/","url":"https:\/\/www.librairieclavreuil.com\/en\/tuccaro-arcangelo-la-presa-e-il-giuditio-damore-in-rima-diviso-in-quarto-sic-libri-composto\/","name":"TUCCARO Arcangelo La Presa e il giuditio d'amore, in rima. Diviso in quarto [sic] libri composto. - Libairie Clavreuil","isPartOf":{"@id":"https:\/\/www.librairieclavreuil.com\/#website"},"primaryImageOfPage":{"@id":"https:\/\/www.librairieclavreuil.com\/en\/tuccaro-arcangelo-la-presa-e-il-giuditio-damore-in-rima-diviso-in-quarto-sic-libri-composto\/#primaryimage"},"image":{"@id":"https:\/\/www.librairieclavreuil.com\/en\/tuccaro-arcangelo-la-presa-e-il-giuditio-damore-in-rima-diviso-in-quarto-sic-libri-composto\/#primaryimage"},"thumbnailUrl":"https:\/\/www.librairieclavreuil.com\/wp-content\/uploads\/2024\/07\/arcangelo-tuccaro-la-presa-e-il-giuditio-d-amore-in-rima-diviso-in-quarto-sic-libri-composto-5095-66055dd6ad400.jpg","datePublished":"2024-07-17T10:58:35+00:00","dateModified":"2024-07-17T10:58:51+00:00","breadcrumb":{"@id":"https:\/\/www.librairieclavreuil.com\/en\/tuccaro-arcangelo-la-presa-e-il-giuditio-damore-in-rima-diviso-in-quarto-sic-libri-composto\/#breadcrumb"},"inLanguage":"en-US","potentialAction":[{"@type":"ReadAction","target":["https:\/\/www.librairieclavreuil.com\/en\/tuccaro-arcangelo-la-presa-e-il-giuditio-damore-in-rima-diviso-in-quarto-sic-libri-composto\/"]}]},{"@type":"ImageObject","inLanguage":"en-US","@id":"https:\/\/www.librairieclavreuil.com\/en\/tuccaro-arcangelo-la-presa-e-il-giuditio-damore-in-rima-diviso-in-quarto-sic-libri-composto\/#primaryimage","url":"https:\/\/www.librairieclavreuil.com\/wp-content\/uploads\/2024\/07\/arcangelo-tuccaro-la-presa-e-il-giuditio-d-amore-in-rima-diviso-in-quarto-sic-libri-composto-5095-66055dd6ad400.jpg","contentUrl":"https:\/\/www.librairieclavreuil.com\/wp-content\/uploads\/2024\/07\/arcangelo-tuccaro-la-presa-e-il-giuditio-d-amore-in-rima-diviso-in-quarto-sic-libri-composto-5095-66055dd6ad400.jpg","width":502,"height":800},{"@type":"BreadcrumbList","@id":"https:\/\/www.librairieclavreuil.com\/en\/tuccaro-arcangelo-la-presa-e-il-giuditio-damore-in-rima-diviso-in-quarto-sic-libri-composto\/#breadcrumb","itemListElement":[{"@type":"ListItem","position":1,"name":"Accueil","item":"https:\/\/www.librairieclavreuil.com\/"},{"@type":"ListItem","position":2,"name":"All our books","item":"https:\/\/www.librairieclavreuil.com\/en\/all-our-books\/"},{"@type":"ListItem","position":3,"name":"TUCCARO Arcangelo La Presa e il giuditio d&#8217;amore, in rima. Diviso in quarto [sic] libri composto."}]},{"@type":"WebSite","@id":"https:\/\/www.librairieclavreuil.com\/#website","url":"https:\/\/www.librairieclavreuil.com\/","name":"Libairie Clavreuil","description":"Livres anciens, manuscrits rares et \u00e9ditions originales \u2013 Librairie Clavreuil","publisher":{"@id":"https:\/\/www.librairieclavreuil.com\/#organization"},"potentialAction":[{"@type":"SearchAction","target":{"@type":"EntryPoint","urlTemplate":"https:\/\/www.librairieclavreuil.com\/?s={search_term_string}"},"query-input":{"@type":"PropertyValueSpecification","valueRequired":true,"valueName":"search_term_string"}}],"inLanguage":"en-US"},{"@type":"Organization","@id":"https:\/\/www.librairieclavreuil.com\/#organization","name":"Libairie Clavreuil","url":"https:\/\/www.librairieclavreuil.com\/","logo":{"@type":"ImageObject","inLanguage":"en-US","@id":"https:\/\/www.librairieclavreuil.com\/#\/schema\/logo\/image\/","url":"https:\/\/www.librairieclavreuil.com\/wp-content\/uploads\/2021\/06\/cropped-LOGO_PNG_DATE-_gold-512x512-1.png","contentUrl":"https:\/\/www.librairieclavreuil.com\/wp-content\/uploads\/2021\/06\/cropped-LOGO_PNG_DATE-_gold-512x512-1.png","width":512,"height":512,"caption":"Libairie Clavreuil"},"image":{"@id":"https:\/\/www.librairieclavreuil.com\/#\/schema\/logo\/image\/"},"sameAs":["https:\/\/www.instagram.com\/librairieclavreuil\/"]}]}},"jetpack_sharing_enabled":true,"_links":{"self":[{"href":"https:\/\/www.librairieclavreuil.com\/en\/wp-json\/wp\/v2\/product\/80635","targetHints":{"allow":["GET"]}}],"collection":[{"href":"https:\/\/www.librairieclavreuil.com\/en\/wp-json\/wp\/v2\/product"}],"about":[{"href":"https:\/\/www.librairieclavreuil.com\/en\/wp-json\/wp\/v2\/types\/product"}],"replies":[{"embeddable":true,"href":"https:\/\/www.librairieclavreuil.com\/en\/wp-json\/wp\/v2\/comments?post=80635"}],"wp:featuredmedia":[{"embeddable":true,"href":"https:\/\/www.librairieclavreuil.com\/en\/wp-json\/wp\/v2\/media\/80630"}],"wp:attachment":[{"href":"https:\/\/www.librairieclavreuil.com\/en\/wp-json\/wp\/v2\/media?parent=80635"}],"wp:term":[{"taxonomy":"product_brand","embeddable":true,"href":"https:\/\/www.librairieclavreuil.com\/en\/wp-json\/wp\/v2\/product_brand?post=80635"},{"taxonomy":"product_cat","embeddable":true,"href":"https:\/\/www.librairieclavreuil.com\/en\/wp-json\/wp\/v2\/product_cat?post=80635"},{"taxonomy":"product_tag","embeddable":true,"href":"https:\/\/www.librairieclavreuil.com\/en\/wp-json\/wp\/v2\/product_tag?post=80635"}],"curies":[{"name":"wp","href":"https:\/\/api.w.org\/{rel}","templated":true}]}}