{"id":80615,"date":"2024-07-17T12:57:24","date_gmt":"2024-07-17T10:57:24","guid":{"rendered":"https:\/\/www.librairieclavreuil.com\/brecourt-guillaume-marcoureau-la-nopce-de-village-comedie\/"},"modified":"2024-07-18T16:37:08","modified_gmt":"2024-07-18T14:37:08","slug":"brecourt-guillaume-marcoureau-la-nopce-de-village-comedie","status":"publish","type":"product","link":"https:\/\/www.librairieclavreuil.com\/en\/brecourt-guillaume-marcoureau-la-nopce-de-village-comedie\/","title":{"rendered":"BRECOURT Guillaume Marcoureau La Nopce de village, com\u00e9die."},"content":{"rendered":"<p style=\"text-align:justify\"><i>Gay-Lemonnyer, III, 339 ; &nbsp;Riffaud, 250 ;&nbsp;Soleinne, I, 1337.<\/i><\/p>\n<p style=\"text-align:justify\">First edition, very rare, of this charming illustrated theatre play.<\/p>\n<p style=\"text-align:justify\">The three engravings are in fine state, as described by Soleinne : The plates are not worn as in the 1674 edition, which is usually quoted in bibliographies&#8221; (see Soleinne).<\/p>\n<p style=\"text-align:justify\">Guillaume Marcoureau, known as Br\u00e9court (1638?-1685) &#8220;author-actor, started in 1658 in Moli\u00e8re&#8217;s troupe, where he played the role of Alain (\u00c9cole des femmes). It was he whom Moli\u00e8re charged in the Impromptu de Versailles with his defense against those who accused him of making cryptic plays. Br\u00e9court left him, however, and moved to the H\u00f4tel de Bourgogne; there he succeeded in the tragic and the comic. He died, it is said, of a ruptured aneurysm while performing his comedy of Timon (February 1685)&#8221; (see Grente).<\/p>\n<p style=\"text-align:justify\">A very good copy.<\/p>\n<p style=\"text-align:justify\">Provenance : Viollet le Duc (book plate, the copy was not included in the auction sale of his collection).<\/p>\n","protected":false},"excerpt":{"rendered":"<p style=\"text-align:justify\">12mo (135 x 84 mm) 6 nn.ll., 35 pp., 3 engraved folding plates. Ninenteenth century red morocco signed and dated E. Ni\u00e9dr\u00e9e &#8211; 1846, triple gilt filet, spine gilt with raised bands, inner dentelle, gilt edges.<\/p>\n","protected":false},"featured_media":80608,"comment_status":"open","ping_status":"closed","template":"","meta":{"_acf_changed":false},"product_brand":[],"product_cat":[544],"product_tag":[1450,1255],"class_list":{"0":"post-80615","1":"product","2":"type-product","3":"status-publish","4":"has-post-thumbnail","6":"product_cat-literature","7":"product_tag-first-edition","8":"product_tag-theatre-dance","9":"pa_auteur-brecourt-guillaume-marcoureau-2","10":"pa_type-de-livre-printed-book","12":"first","13":"instock","14":"shipping-taxable","15":"purchasable","16":"product-type-simple"},"acf":{"artist":" Guillaume Marcoureau BRECOURT","chapeau":"Written by a commedian of Moli\u00e8re The Viollet Le Duc copy","adresse_bibliographique":"Paris, Jean Guignard, 1666","book_type":"Printed book","provenance":"","afficher_prix":""},"yoast_head":"<!-- This site is optimized with the Yoast SEO plugin v24.7 - https:\/\/yoast.com\/wordpress\/plugins\/seo\/ -->\n<title>BRECOURT Guillaume Marcoureau La Nopce de village, com\u00e9die. - Libairie Clavreuil<\/title>\n<meta name=\"robots\" content=\"index, follow, max-snippet:-1, max-image-preview:large, max-video-preview:-1\" \/>\n<link rel=\"canonical\" href=\"https:\/\/www.librairieclavreuil.com\/en\/brecourt-guillaume-marcoureau-la-nopce-de-village-comedie\/\" \/>\n<meta property=\"og:locale\" content=\"en_US\" \/>\n<meta property=\"og:type\" content=\"article\" \/>\n<meta property=\"og:title\" content=\"BRECOURT Guillaume Marcoureau La Nopce de village, com\u00e9die. - Libairie Clavreuil\" \/>\n<meta property=\"og:description\" content=\"12mo (135 x 84 mm) 6 nn.ll., 35 pp., 3 engraved folding plates. Ninenteenth century red morocco signed and dated E. Ni\u00e9dr\u00e9e - 1846, triple gilt filet, spine gilt with raised bands, inner dentelle, gilt edges.\" \/>\n<meta property=\"og:url\" content=\"https:\/\/www.librairieclavreuil.com\/en\/brecourt-guillaume-marcoureau-la-nopce-de-village-comedie\/\" \/>\n<meta property=\"og:site_name\" content=\"Libairie Clavreuil\" \/>\n<meta property=\"article:modified_time\" content=\"2024-07-18T14:37:08+00:00\" \/>\n<meta property=\"og:image\" content=\"https:\/\/www.librairieclavreuil.com\/wp-content\/uploads\/2024\/07\/guillaume-marcoureau-brecourt-la-nopce-de-village-comedie-7967-66046a2d6e27c.jpg\" \/>\n\t<meta property=\"og:image:width\" content=\"800\" \/>\n\t<meta property=\"og:image:height\" content=\"661\" \/>\n\t<meta property=\"og:image:type\" content=\"image\/jpeg\" \/>\n<meta name=\"twitter:card\" content=\"summary_large_image\" \/>\n<meta name=\"twitter:label1\" content=\"Est. reading time\" \/>\n\t<meta name=\"twitter:data1\" content=\"1 minute\" \/>\n<script type=\"application\/ld+json\" class=\"yoast-schema-graph\">{\"@context\":\"https:\/\/schema.org\",\"@graph\":[{\"@type\":\"WebPage\",\"@id\":\"https:\/\/www.librairieclavreuil.com\/en\/brecourt-guillaume-marcoureau-la-nopce-de-village-comedie\/\",\"url\":\"https:\/\/www.librairieclavreuil.com\/en\/brecourt-guillaume-marcoureau-la-nopce-de-village-comedie\/\",\"name\":\"BRECOURT Guillaume Marcoureau La Nopce de village, com\u00e9die. - Libairie Clavreuil\",\"isPartOf\":{\"@id\":\"https:\/\/www.librairieclavreuil.com\/#website\"},\"primaryImageOfPage\":{\"@id\":\"https:\/\/www.librairieclavreuil.com\/en\/brecourt-guillaume-marcoureau-la-nopce-de-village-comedie\/#primaryimage\"},\"image\":{\"@id\":\"https:\/\/www.librairieclavreuil.com\/en\/brecourt-guillaume-marcoureau-la-nopce-de-village-comedie\/#primaryimage\"},\"thumbnailUrl\":\"https:\/\/www.librairieclavreuil.com\/wp-content\/uploads\/2024\/07\/guillaume-marcoureau-brecourt-la-nopce-de-village-comedie-7967-66046a2d6e27c.jpg\",\"datePublished\":\"2024-07-17T10:57:24+00:00\",\"dateModified\":\"2024-07-18T14:37:08+00:00\",\"breadcrumb\":{\"@id\":\"https:\/\/www.librairieclavreuil.com\/en\/brecourt-guillaume-marcoureau-la-nopce-de-village-comedie\/#breadcrumb\"},\"inLanguage\":\"en-US\",\"potentialAction\":[{\"@type\":\"ReadAction\",\"target\":[\"https:\/\/www.librairieclavreuil.com\/en\/brecourt-guillaume-marcoureau-la-nopce-de-village-comedie\/\"]}]},{\"@type\":\"ImageObject\",\"inLanguage\":\"en-US\",\"@id\":\"https:\/\/www.librairieclavreuil.com\/en\/brecourt-guillaume-marcoureau-la-nopce-de-village-comedie\/#primaryimage\",\"url\":\"https:\/\/www.librairieclavreuil.com\/wp-content\/uploads\/2024\/07\/guillaume-marcoureau-brecourt-la-nopce-de-village-comedie-7967-66046a2d6e27c.jpg\",\"contentUrl\":\"https:\/\/www.librairieclavreuil.com\/wp-content\/uploads\/2024\/07\/guillaume-marcoureau-brecourt-la-nopce-de-village-comedie-7967-66046a2d6e27c.jpg\",\"width\":800,\"height\":661},{\"@type\":\"BreadcrumbList\",\"@id\":\"https:\/\/www.librairieclavreuil.com\/en\/brecourt-guillaume-marcoureau-la-nopce-de-village-comedie\/#breadcrumb\",\"itemListElement\":[{\"@type\":\"ListItem\",\"position\":1,\"name\":\"Accueil\",\"item\":\"https:\/\/www.librairieclavreuil.com\/\"},{\"@type\":\"ListItem\",\"position\":2,\"name\":\"All our books\",\"item\":\"https:\/\/www.librairieclavreuil.com\/en\/all-our-books\/\"},{\"@type\":\"ListItem\",\"position\":3,\"name\":\"BRECOURT Guillaume Marcoureau La Nopce de village, com\u00e9die.\"}]},{\"@type\":\"WebSite\",\"@id\":\"https:\/\/www.librairieclavreuil.com\/#website\",\"url\":\"https:\/\/www.librairieclavreuil.com\/\",\"name\":\"Libairie Clavreuil\",\"description\":\"Livres anciens, manuscrits rares et \u00e9ditions originales \u2013 Librairie Clavreuil\",\"publisher\":{\"@id\":\"https:\/\/www.librairieclavreuil.com\/#organization\"},\"potentialAction\":[{\"@type\":\"SearchAction\",\"target\":{\"@type\":\"EntryPoint\",\"urlTemplate\":\"https:\/\/www.librairieclavreuil.com\/?s={search_term_string}\"},\"query-input\":{\"@type\":\"PropertyValueSpecification\",\"valueRequired\":true,\"valueName\":\"search_term_string\"}}],\"inLanguage\":\"en-US\"},{\"@type\":\"Organization\",\"@id\":\"https:\/\/www.librairieclavreuil.com\/#organization\",\"name\":\"Libairie Clavreuil\",\"url\":\"https:\/\/www.librairieclavreuil.com\/\",\"logo\":{\"@type\":\"ImageObject\",\"inLanguage\":\"en-US\",\"@id\":\"https:\/\/www.librairieclavreuil.com\/#\/schema\/logo\/image\/\",\"url\":\"https:\/\/www.librairieclavreuil.com\/wp-content\/uploads\/2021\/06\/cropped-LOGO_PNG_DATE-_gold-512x512-1.png\",\"contentUrl\":\"https:\/\/www.librairieclavreuil.com\/wp-content\/uploads\/2021\/06\/cropped-LOGO_PNG_DATE-_gold-512x512-1.png\",\"width\":512,\"height\":512,\"caption\":\"Libairie Clavreuil\"},\"image\":{\"@id\":\"https:\/\/www.librairieclavreuil.com\/#\/schema\/logo\/image\/\"},\"sameAs\":[\"https:\/\/www.instagram.com\/librairieclavreuil\/\"]}]}<\/script>\n<!-- \/ Yoast SEO plugin. -->","yoast_head_json":{"title":"BRECOURT Guillaume Marcoureau La Nopce de village, com\u00e9die. - Libairie Clavreuil","robots":{"index":"index","follow":"follow","max-snippet":"max-snippet:-1","max-image-preview":"max-image-preview:large","max-video-preview":"max-video-preview:-1"},"canonical":"https:\/\/www.librairieclavreuil.com\/en\/brecourt-guillaume-marcoureau-la-nopce-de-village-comedie\/","og_locale":"en_US","og_type":"article","og_title":"BRECOURT Guillaume Marcoureau La Nopce de village, com\u00e9die. - Libairie Clavreuil","og_description":"12mo (135 x 84 mm) 6 nn.ll., 35 pp., 3 engraved folding plates. Ninenteenth century red morocco signed and dated E. Ni\u00e9dr\u00e9e - 1846, triple gilt filet, spine gilt with raised bands, inner dentelle, gilt edges.","og_url":"https:\/\/www.librairieclavreuil.com\/en\/brecourt-guillaume-marcoureau-la-nopce-de-village-comedie\/","og_site_name":"Libairie Clavreuil","article_modified_time":"2024-07-18T14:37:08+00:00","og_image":[{"width":800,"height":661,"url":"https:\/\/www.librairieclavreuil.com\/wp-content\/uploads\/2024\/07\/guillaume-marcoureau-brecourt-la-nopce-de-village-comedie-7967-66046a2d6e27c.jpg","type":"image\/jpeg"}],"twitter_card":"summary_large_image","twitter_misc":{"Est. reading time":"1 minute"},"schema":{"@context":"https:\/\/schema.org","@graph":[{"@type":"WebPage","@id":"https:\/\/www.librairieclavreuil.com\/en\/brecourt-guillaume-marcoureau-la-nopce-de-village-comedie\/","url":"https:\/\/www.librairieclavreuil.com\/en\/brecourt-guillaume-marcoureau-la-nopce-de-village-comedie\/","name":"BRECOURT Guillaume Marcoureau La Nopce de village, com\u00e9die. - Libairie Clavreuil","isPartOf":{"@id":"https:\/\/www.librairieclavreuil.com\/#website"},"primaryImageOfPage":{"@id":"https:\/\/www.librairieclavreuil.com\/en\/brecourt-guillaume-marcoureau-la-nopce-de-village-comedie\/#primaryimage"},"image":{"@id":"https:\/\/www.librairieclavreuil.com\/en\/brecourt-guillaume-marcoureau-la-nopce-de-village-comedie\/#primaryimage"},"thumbnailUrl":"https:\/\/www.librairieclavreuil.com\/wp-content\/uploads\/2024\/07\/guillaume-marcoureau-brecourt-la-nopce-de-village-comedie-7967-66046a2d6e27c.jpg","datePublished":"2024-07-17T10:57:24+00:00","dateModified":"2024-07-18T14:37:08+00:00","breadcrumb":{"@id":"https:\/\/www.librairieclavreuil.com\/en\/brecourt-guillaume-marcoureau-la-nopce-de-village-comedie\/#breadcrumb"},"inLanguage":"en-US","potentialAction":[{"@type":"ReadAction","target":["https:\/\/www.librairieclavreuil.com\/en\/brecourt-guillaume-marcoureau-la-nopce-de-village-comedie\/"]}]},{"@type":"ImageObject","inLanguage":"en-US","@id":"https:\/\/www.librairieclavreuil.com\/en\/brecourt-guillaume-marcoureau-la-nopce-de-village-comedie\/#primaryimage","url":"https:\/\/www.librairieclavreuil.com\/wp-content\/uploads\/2024\/07\/guillaume-marcoureau-brecourt-la-nopce-de-village-comedie-7967-66046a2d6e27c.jpg","contentUrl":"https:\/\/www.librairieclavreuil.com\/wp-content\/uploads\/2024\/07\/guillaume-marcoureau-brecourt-la-nopce-de-village-comedie-7967-66046a2d6e27c.jpg","width":800,"height":661},{"@type":"BreadcrumbList","@id":"https:\/\/www.librairieclavreuil.com\/en\/brecourt-guillaume-marcoureau-la-nopce-de-village-comedie\/#breadcrumb","itemListElement":[{"@type":"ListItem","position":1,"name":"Accueil","item":"https:\/\/www.librairieclavreuil.com\/"},{"@type":"ListItem","position":2,"name":"All our books","item":"https:\/\/www.librairieclavreuil.com\/en\/all-our-books\/"},{"@type":"ListItem","position":3,"name":"BRECOURT Guillaume Marcoureau La Nopce de village, com\u00e9die."}]},{"@type":"WebSite","@id":"https:\/\/www.librairieclavreuil.com\/#website","url":"https:\/\/www.librairieclavreuil.com\/","name":"Libairie Clavreuil","description":"Livres anciens, manuscrits rares et \u00e9ditions originales \u2013 Librairie Clavreuil","publisher":{"@id":"https:\/\/www.librairieclavreuil.com\/#organization"},"potentialAction":[{"@type":"SearchAction","target":{"@type":"EntryPoint","urlTemplate":"https:\/\/www.librairieclavreuil.com\/?s={search_term_string}"},"query-input":{"@type":"PropertyValueSpecification","valueRequired":true,"valueName":"search_term_string"}}],"inLanguage":"en-US"},{"@type":"Organization","@id":"https:\/\/www.librairieclavreuil.com\/#organization","name":"Libairie Clavreuil","url":"https:\/\/www.librairieclavreuil.com\/","logo":{"@type":"ImageObject","inLanguage":"en-US","@id":"https:\/\/www.librairieclavreuil.com\/#\/schema\/logo\/image\/","url":"https:\/\/www.librairieclavreuil.com\/wp-content\/uploads\/2021\/06\/cropped-LOGO_PNG_DATE-_gold-512x512-1.png","contentUrl":"https:\/\/www.librairieclavreuil.com\/wp-content\/uploads\/2021\/06\/cropped-LOGO_PNG_DATE-_gold-512x512-1.png","width":512,"height":512,"caption":"Libairie Clavreuil"},"image":{"@id":"https:\/\/www.librairieclavreuil.com\/#\/schema\/logo\/image\/"},"sameAs":["https:\/\/www.instagram.com\/librairieclavreuil\/"]}]}},"jetpack_sharing_enabled":true,"_links":{"self":[{"href":"https:\/\/www.librairieclavreuil.com\/en\/wp-json\/wp\/v2\/product\/80615","targetHints":{"allow":["GET"]}}],"collection":[{"href":"https:\/\/www.librairieclavreuil.com\/en\/wp-json\/wp\/v2\/product"}],"about":[{"href":"https:\/\/www.librairieclavreuil.com\/en\/wp-json\/wp\/v2\/types\/product"}],"replies":[{"embeddable":true,"href":"https:\/\/www.librairieclavreuil.com\/en\/wp-json\/wp\/v2\/comments?post=80615"}],"wp:featuredmedia":[{"embeddable":true,"href":"https:\/\/www.librairieclavreuil.com\/en\/wp-json\/wp\/v2\/media\/80608"}],"wp:attachment":[{"href":"https:\/\/www.librairieclavreuil.com\/en\/wp-json\/wp\/v2\/media?parent=80615"}],"wp:term":[{"taxonomy":"product_brand","embeddable":true,"href":"https:\/\/www.librairieclavreuil.com\/en\/wp-json\/wp\/v2\/product_brand?post=80615"},{"taxonomy":"product_cat","embeddable":true,"href":"https:\/\/www.librairieclavreuil.com\/en\/wp-json\/wp\/v2\/product_cat?post=80615"},{"taxonomy":"product_tag","embeddable":true,"href":"https:\/\/www.librairieclavreuil.com\/en\/wp-json\/wp\/v2\/product_tag?post=80615"}],"curies":[{"name":"wp","href":"https:\/\/api.w.org\/{rel}","templated":true}]}}