{"id":80603,"date":"2024-07-17T12:56:58","date_gmt":"2024-07-17T10:56:58","guid":{"rendered":"https:\/\/www.librairieclavreuil.com\/matthieu-pierre-la-magicienne-estrangere-tragedie-en-laquelle-on-voit-les-tirannicques-comportemens-origine-entreprises-desseins-sortileges-arrest-mort-supplice-tant-du-marquis-dancr\/"},"modified":"2024-07-17T12:57:13","modified_gmt":"2024-07-17T10:57:13","slug":"matthieu-pierre-la-magicienne-estrangere-tragedie-en-laquelle-on-voit-les-tirannicques-comportemens-origine-entreprises-desseins-sortileges-arrest-mort-supplice-tant-du-marquis-dancr","status":"publish","type":"product","link":"https:\/\/www.librairieclavreuil.com\/en\/matthieu-pierre-la-magicienne-estrangere-tragedie-en-laquelle-on-voit-les-tirannicques-comportemens-origine-entreprises-desseins-sortileges-arrest-mort-supplice-tant-du-marquis-dancr\/","title":{"rendered":"MATTHIEU Pierre La Magicienne estrang\u00e8re, trag\u00e9die. En laquelle..."},"content":{"rendered":"<p style=\"text-align:justify\"><i>Soleinne, 3720 ; Yve-Plessis, 1283.<\/i><\/p>\n<p style=\"text-align:justify\">First edition of &#8220;this tragedy, composed in honour of a legal assassination&#8221; (Soleinne). It is preceded by a sonnet in praise of the king. Written anonymously, <i>La Magicienne estrang\u00e8re<\/i> is traditionally attributed to Pierre Matthieu (see Opale catalogue, BnF).<\/p>\n<p style=\"text-align:justify\">&#8220;Tr\u00e8s rare. L&#8217;auteur de cette trag\u00e9die est Pierre Matthieu et non Pierre de Sainte-Marthe, comme le dit Leris dans son Dictionnaire des Th\u00e9\u00e2tres ; l\u2019historiographe P. Matthieu, qui avait une vocation prononc\u00e9e pour les pi\u00e8ces de ce genre. On trouve dans celle-ci de vers simples, nobles et touchants ; le caract\u00e8re de Gallugay est bien trac\u00e9&#8221;, et la sc\u00e8ne de l&#8217;ex\u00e9cution a d\u00fb produire beaucoup d&#8217;effet sur le th\u00e9\u00e2tre, si elle a \u00e9t\u00e9 repr\u00e9sent\u00e9e. L&#8217;auteur a suivi l&#8217;esprit et la lettre du jugement qui condamna la mar\u00e9chale d'&#8221;Ancre comme sorci\u00e8re&#8221; (Soleinne).<\/p>\n<p style=\"text-align:justify\">Very attractive copy, perfectly bound by Bauzonnet.<\/p>\n","protected":false},"excerpt":{"rendered":"<p>8vo (162 x 103 mm) 32 pp. Dark blue morocco by Bauzonnet-Trautz, triple gilt filet on covers, spine gilt with raised bands, gilt inner border, gilt edges.<\/p>\n","protected":false},"featured_media":80596,"comment_status":"open","ping_status":"closed","template":"","meta":{"_acf_changed":false},"product_brand":[],"product_cat":[544],"product_tag":[1244,1450,1255],"class_list":{"0":"post-80603","1":"product","2":"type-product","3":"status-publish","4":"has-post-thumbnail","6":"product_cat-literature","7":"product_tag-17th-century-literature","8":"product_tag-first-edition","9":"product_tag-theatre-dance","10":"pa_auteur-matthieu-pierre-2","11":"pa_type-de-livre-printed-book","13":"first","14":"outofstock","15":"shipping-taxable","16":"purchasable","17":"product-type-simple"},"acf":{"artist":" Pierre MATTHIEU","chapeau":"","adresse_bibliographique":"Rouen, David Geuffroy, 1617","book_type":"Printed book","provenance":"","afficher_prix":""},"yoast_head":"<!-- This site is optimized with the Yoast SEO plugin v24.7 - https:\/\/yoast.com\/wordpress\/plugins\/seo\/ -->\n<title>MATTHIEU Pierre La Magicienne estrang\u00e8re, trag\u00e9die. En laquelle on voit les tirannicques comportemens, origine, entreprises, desseins, sortil\u00e8ges, arrest, mort &amp; supplice, tant du marquis d&#039;Ancre que de Leonore Galligay sa femme, avec l&#039;advantureuse rencontre de leurs funestes ombres. Par un bon fran\u00e7ois nepveu de Rotomagus. - Libairie Clavreuil<\/title>\n<meta name=\"robots\" content=\"index, follow, max-snippet:-1, max-image-preview:large, max-video-preview:-1\" \/>\n<link rel=\"canonical\" href=\"https:\/\/www.librairieclavreuil.com\/en\/matthieu-pierre-la-magicienne-estrangere-tragedie-en-laquelle-on-voit-les-tirannicques-comportemens-origine-entreprises-desseins-sortileges-arrest-mort-supplice-tant-du-marquis-dancr\/\" \/>\n<meta property=\"og:locale\" content=\"en_US\" \/>\n<meta property=\"og:type\" content=\"article\" \/>\n<meta property=\"og:title\" content=\"MATTHIEU Pierre La Magicienne estrang\u00e8re, trag\u00e9die. En laquelle on voit les tirannicques comportemens, origine, entreprises, desseins, sortil\u00e8ges, arrest, mort &amp; supplice, tant du marquis d&#039;Ancre que de Leonore Galligay sa femme, avec l&#039;advantureuse rencontre de leurs funestes ombres. Par un bon fran\u00e7ois nepveu de Rotomagus. - Libairie Clavreuil\" \/>\n<meta property=\"og:description\" content=\"8vo (162 x 103 mm) 32 pp. Dark blue morocco by Bauzonnet-Trautz, triple gilt filet on covers, spine gilt with raised bands, gilt inner border, gilt edges.\" \/>\n<meta property=\"og:url\" content=\"https:\/\/www.librairieclavreuil.com\/en\/matthieu-pierre-la-magicienne-estrangere-tragedie-en-laquelle-on-voit-les-tirannicques-comportemens-origine-entreprises-desseins-sortileges-arrest-mort-supplice-tant-du-marquis-dancr\/\" \/>\n<meta property=\"og:site_name\" content=\"Libairie Clavreuil\" \/>\n<meta property=\"article:modified_time\" content=\"2024-07-17T10:57:13+00:00\" \/>\n<meta property=\"og:image\" content=\"https:\/\/www.librairieclavreuil.com\/wp-content\/uploads\/2024\/07\/pierre-matthieu-la-magicienne-estrangere-tragedie-en-laquelle-on-voit-les-tirannicques-comportemens-origine-entreprises-desseins-sortileges-arrest-mor.jpg\" \/>\n\t<meta property=\"og:image:width\" content=\"473\" \/>\n\t<meta property=\"og:image:height\" content=\"800\" \/>\n\t<meta property=\"og:image:type\" content=\"image\/jpeg\" \/>\n<meta name=\"twitter:card\" content=\"summary_large_image\" \/>\n<meta name=\"twitter:label1\" content=\"Est. reading time\" \/>\n\t<meta name=\"twitter:data1\" content=\"1 minute\" \/>\n<script type=\"application\/ld+json\" class=\"yoast-schema-graph\">{\"@context\":\"https:\/\/schema.org\",\"@graph\":[{\"@type\":\"WebPage\",\"@id\":\"https:\/\/www.librairieclavreuil.com\/en\/matthieu-pierre-la-magicienne-estrangere-tragedie-en-laquelle-on-voit-les-tirannicques-comportemens-origine-entreprises-desseins-sortileges-arrest-mort-supplice-tant-du-marquis-dancr\/\",\"url\":\"https:\/\/www.librairieclavreuil.com\/en\/matthieu-pierre-la-magicienne-estrangere-tragedie-en-laquelle-on-voit-les-tirannicques-comportemens-origine-entreprises-desseins-sortileges-arrest-mort-supplice-tant-du-marquis-dancr\/\",\"name\":\"MATTHIEU Pierre La Magicienne estrang\u00e8re, trag\u00e9die. En laquelle on voit les tirannicques comportemens, origine, entreprises, desseins, sortil\u00e8ges, arrest, mort &amp; supplice, tant du marquis d'Ancre que de Leonore Galligay sa femme, avec l'advantureuse rencontre de leurs funestes ombres. Par un bon fran\u00e7ois nepveu de Rotomagus. - Libairie Clavreuil\",\"isPartOf\":{\"@id\":\"https:\/\/www.librairieclavreuil.com\/#website\"},\"primaryImageOfPage\":{\"@id\":\"https:\/\/www.librairieclavreuil.com\/en\/matthieu-pierre-la-magicienne-estrangere-tragedie-en-laquelle-on-voit-les-tirannicques-comportemens-origine-entreprises-desseins-sortileges-arrest-mort-supplice-tant-du-marquis-dancr\/#primaryimage\"},\"image\":{\"@id\":\"https:\/\/www.librairieclavreuil.com\/en\/matthieu-pierre-la-magicienne-estrangere-tragedie-en-laquelle-on-voit-les-tirannicques-comportemens-origine-entreprises-desseins-sortileges-arrest-mort-supplice-tant-du-marquis-dancr\/#primaryimage\"},\"thumbnailUrl\":\"https:\/\/www.librairieclavreuil.com\/wp-content\/uploads\/2024\/07\/pierre-matthieu-la-magicienne-estrangere-tragedie-en-laquelle-on-voit-les-tirannicques-comportemens-origine-entreprises-desseins-sortileges-arrest-mor.jpg\",\"datePublished\":\"2024-07-17T10:56:58+00:00\",\"dateModified\":\"2024-07-17T10:57:13+00:00\",\"breadcrumb\":{\"@id\":\"https:\/\/www.librairieclavreuil.com\/en\/matthieu-pierre-la-magicienne-estrangere-tragedie-en-laquelle-on-voit-les-tirannicques-comportemens-origine-entreprises-desseins-sortileges-arrest-mort-supplice-tant-du-marquis-dancr\/#breadcrumb\"},\"inLanguage\":\"en-US\",\"potentialAction\":[{\"@type\":\"ReadAction\",\"target\":[\"https:\/\/www.librairieclavreuil.com\/en\/matthieu-pierre-la-magicienne-estrangere-tragedie-en-laquelle-on-voit-les-tirannicques-comportemens-origine-entreprises-desseins-sortileges-arrest-mort-supplice-tant-du-marquis-dancr\/\"]}]},{\"@type\":\"ImageObject\",\"inLanguage\":\"en-US\",\"@id\":\"https:\/\/www.librairieclavreuil.com\/en\/matthieu-pierre-la-magicienne-estrangere-tragedie-en-laquelle-on-voit-les-tirannicques-comportemens-origine-entreprises-desseins-sortileges-arrest-mort-supplice-tant-du-marquis-dancr\/#primaryimage\",\"url\":\"https:\/\/www.librairieclavreuil.com\/wp-content\/uploads\/2024\/07\/pierre-matthieu-la-magicienne-estrangere-tragedie-en-laquelle-on-voit-les-tirannicques-comportemens-origine-entreprises-desseins-sortileges-arrest-mor.jpg\",\"contentUrl\":\"https:\/\/www.librairieclavreuil.com\/wp-content\/uploads\/2024\/07\/pierre-matthieu-la-magicienne-estrangere-tragedie-en-laquelle-on-voit-les-tirannicques-comportemens-origine-entreprises-desseins-sortileges-arrest-mor.jpg\",\"width\":473,\"height\":800},{\"@type\":\"BreadcrumbList\",\"@id\":\"https:\/\/www.librairieclavreuil.com\/en\/matthieu-pierre-la-magicienne-estrangere-tragedie-en-laquelle-on-voit-les-tirannicques-comportemens-origine-entreprises-desseins-sortileges-arrest-mort-supplice-tant-du-marquis-dancr\/#breadcrumb\",\"itemListElement\":[{\"@type\":\"ListItem\",\"position\":1,\"name\":\"Accueil\",\"item\":\"https:\/\/www.librairieclavreuil.com\/\"},{\"@type\":\"ListItem\",\"position\":2,\"name\":\"All our books\",\"item\":\"https:\/\/www.librairieclavreuil.com\/en\/all-our-books\/\"},{\"@type\":\"ListItem\",\"position\":3,\"name\":\"MATTHIEU Pierre La Magicienne estrang\u00e8re, trag\u00e9die. En laquelle on voit les tirannicques comportemens, origine, entreprises, desseins, sortil\u00e8ges, arrest, mort &amp; supplice, tant du marquis d&#8217;Ancre que de Leonore Galligay sa femme, avec l&#8217;advantureuse rencontre de leurs funestes ombres. Par un bon fran\u00e7ois nepveu de Rotomagus.\"}]},{\"@type\":\"WebSite\",\"@id\":\"https:\/\/www.librairieclavreuil.com\/#website\",\"url\":\"https:\/\/www.librairieclavreuil.com\/\",\"name\":\"Libairie Clavreuil\",\"description\":\"Livres anciens, manuscrits rares et \u00e9ditions originales \u2013 Librairie Clavreuil\",\"publisher\":{\"@id\":\"https:\/\/www.librairieclavreuil.com\/#organization\"},\"potentialAction\":[{\"@type\":\"SearchAction\",\"target\":{\"@type\":\"EntryPoint\",\"urlTemplate\":\"https:\/\/www.librairieclavreuil.com\/?s={search_term_string}\"},\"query-input\":{\"@type\":\"PropertyValueSpecification\",\"valueRequired\":true,\"valueName\":\"search_term_string\"}}],\"inLanguage\":\"en-US\"},{\"@type\":\"Organization\",\"@id\":\"https:\/\/www.librairieclavreuil.com\/#organization\",\"name\":\"Libairie Clavreuil\",\"url\":\"https:\/\/www.librairieclavreuil.com\/\",\"logo\":{\"@type\":\"ImageObject\",\"inLanguage\":\"en-US\",\"@id\":\"https:\/\/www.librairieclavreuil.com\/#\/schema\/logo\/image\/\",\"url\":\"https:\/\/www.librairieclavreuil.com\/wp-content\/uploads\/2021\/06\/cropped-LOGO_PNG_DATE-_gold-512x512-1.png\",\"contentUrl\":\"https:\/\/www.librairieclavreuil.com\/wp-content\/uploads\/2021\/06\/cropped-LOGO_PNG_DATE-_gold-512x512-1.png\",\"width\":512,\"height\":512,\"caption\":\"Libairie Clavreuil\"},\"image\":{\"@id\":\"https:\/\/www.librairieclavreuil.com\/#\/schema\/logo\/image\/\"},\"sameAs\":[\"https:\/\/www.instagram.com\/librairieclavreuil\/\"]}]}<\/script>\n<!-- \/ Yoast SEO plugin. -->","yoast_head_json":{"title":"MATTHIEU Pierre La Magicienne estrang\u00e8re, trag\u00e9die. En laquelle on voit les tirannicques comportemens, origine, entreprises, desseins, sortil\u00e8ges, arrest, mort &amp; supplice, tant du marquis d'Ancre que de Leonore Galligay sa femme, avec l'advantureuse rencontre de leurs funestes ombres. Par un bon fran\u00e7ois nepveu de Rotomagus. - Libairie Clavreuil","robots":{"index":"index","follow":"follow","max-snippet":"max-snippet:-1","max-image-preview":"max-image-preview:large","max-video-preview":"max-video-preview:-1"},"canonical":"https:\/\/www.librairieclavreuil.com\/en\/matthieu-pierre-la-magicienne-estrangere-tragedie-en-laquelle-on-voit-les-tirannicques-comportemens-origine-entreprises-desseins-sortileges-arrest-mort-supplice-tant-du-marquis-dancr\/","og_locale":"en_US","og_type":"article","og_title":"MATTHIEU Pierre La Magicienne estrang\u00e8re, trag\u00e9die. En laquelle on voit les tirannicques comportemens, origine, entreprises, desseins, sortil\u00e8ges, arrest, mort &amp; supplice, tant du marquis d'Ancre que de Leonore Galligay sa femme, avec l'advantureuse rencontre de leurs funestes ombres. Par un bon fran\u00e7ois nepveu de Rotomagus. - Libairie Clavreuil","og_description":"8vo (162 x 103 mm) 32 pp. Dark blue morocco by Bauzonnet-Trautz, triple gilt filet on covers, spine gilt with raised bands, gilt inner border, gilt edges.","og_url":"https:\/\/www.librairieclavreuil.com\/en\/matthieu-pierre-la-magicienne-estrangere-tragedie-en-laquelle-on-voit-les-tirannicques-comportemens-origine-entreprises-desseins-sortileges-arrest-mort-supplice-tant-du-marquis-dancr\/","og_site_name":"Libairie Clavreuil","article_modified_time":"2024-07-17T10:57:13+00:00","og_image":[{"width":473,"height":800,"url":"https:\/\/www.librairieclavreuil.com\/wp-content\/uploads\/2024\/07\/pierre-matthieu-la-magicienne-estrangere-tragedie-en-laquelle-on-voit-les-tirannicques-comportemens-origine-entreprises-desseins-sortileges-arrest-mor.jpg","type":"image\/jpeg"}],"twitter_card":"summary_large_image","twitter_misc":{"Est. reading time":"1 minute"},"schema":{"@context":"https:\/\/schema.org","@graph":[{"@type":"WebPage","@id":"https:\/\/www.librairieclavreuil.com\/en\/matthieu-pierre-la-magicienne-estrangere-tragedie-en-laquelle-on-voit-les-tirannicques-comportemens-origine-entreprises-desseins-sortileges-arrest-mort-supplice-tant-du-marquis-dancr\/","url":"https:\/\/www.librairieclavreuil.com\/en\/matthieu-pierre-la-magicienne-estrangere-tragedie-en-laquelle-on-voit-les-tirannicques-comportemens-origine-entreprises-desseins-sortileges-arrest-mort-supplice-tant-du-marquis-dancr\/","name":"MATTHIEU Pierre La Magicienne estrang\u00e8re, trag\u00e9die. En laquelle on voit les tirannicques comportemens, origine, entreprises, desseins, sortil\u00e8ges, arrest, mort &amp; supplice, tant du marquis d'Ancre que de Leonore Galligay sa femme, avec l'advantureuse rencontre de leurs funestes ombres. Par un bon fran\u00e7ois nepveu de Rotomagus. - Libairie Clavreuil","isPartOf":{"@id":"https:\/\/www.librairieclavreuil.com\/#website"},"primaryImageOfPage":{"@id":"https:\/\/www.librairieclavreuil.com\/en\/matthieu-pierre-la-magicienne-estrangere-tragedie-en-laquelle-on-voit-les-tirannicques-comportemens-origine-entreprises-desseins-sortileges-arrest-mort-supplice-tant-du-marquis-dancr\/#primaryimage"},"image":{"@id":"https:\/\/www.librairieclavreuil.com\/en\/matthieu-pierre-la-magicienne-estrangere-tragedie-en-laquelle-on-voit-les-tirannicques-comportemens-origine-entreprises-desseins-sortileges-arrest-mort-supplice-tant-du-marquis-dancr\/#primaryimage"},"thumbnailUrl":"https:\/\/www.librairieclavreuil.com\/wp-content\/uploads\/2024\/07\/pierre-matthieu-la-magicienne-estrangere-tragedie-en-laquelle-on-voit-les-tirannicques-comportemens-origine-entreprises-desseins-sortileges-arrest-mor.jpg","datePublished":"2024-07-17T10:56:58+00:00","dateModified":"2024-07-17T10:57:13+00:00","breadcrumb":{"@id":"https:\/\/www.librairieclavreuil.com\/en\/matthieu-pierre-la-magicienne-estrangere-tragedie-en-laquelle-on-voit-les-tirannicques-comportemens-origine-entreprises-desseins-sortileges-arrest-mort-supplice-tant-du-marquis-dancr\/#breadcrumb"},"inLanguage":"en-US","potentialAction":[{"@type":"ReadAction","target":["https:\/\/www.librairieclavreuil.com\/en\/matthieu-pierre-la-magicienne-estrangere-tragedie-en-laquelle-on-voit-les-tirannicques-comportemens-origine-entreprises-desseins-sortileges-arrest-mort-supplice-tant-du-marquis-dancr\/"]}]},{"@type":"ImageObject","inLanguage":"en-US","@id":"https:\/\/www.librairieclavreuil.com\/en\/matthieu-pierre-la-magicienne-estrangere-tragedie-en-laquelle-on-voit-les-tirannicques-comportemens-origine-entreprises-desseins-sortileges-arrest-mort-supplice-tant-du-marquis-dancr\/#primaryimage","url":"https:\/\/www.librairieclavreuil.com\/wp-content\/uploads\/2024\/07\/pierre-matthieu-la-magicienne-estrangere-tragedie-en-laquelle-on-voit-les-tirannicques-comportemens-origine-entreprises-desseins-sortileges-arrest-mor.jpg","contentUrl":"https:\/\/www.librairieclavreuil.com\/wp-content\/uploads\/2024\/07\/pierre-matthieu-la-magicienne-estrangere-tragedie-en-laquelle-on-voit-les-tirannicques-comportemens-origine-entreprises-desseins-sortileges-arrest-mor.jpg","width":473,"height":800},{"@type":"BreadcrumbList","@id":"https:\/\/www.librairieclavreuil.com\/en\/matthieu-pierre-la-magicienne-estrangere-tragedie-en-laquelle-on-voit-les-tirannicques-comportemens-origine-entreprises-desseins-sortileges-arrest-mort-supplice-tant-du-marquis-dancr\/#breadcrumb","itemListElement":[{"@type":"ListItem","position":1,"name":"Accueil","item":"https:\/\/www.librairieclavreuil.com\/"},{"@type":"ListItem","position":2,"name":"All our books","item":"https:\/\/www.librairieclavreuil.com\/en\/all-our-books\/"},{"@type":"ListItem","position":3,"name":"MATTHIEU Pierre La Magicienne estrang\u00e8re, trag\u00e9die. En laquelle on voit les tirannicques comportemens, origine, entreprises, desseins, sortil\u00e8ges, arrest, mort &amp; supplice, tant du marquis d&#8217;Ancre que de Leonore Galligay sa femme, avec l&#8217;advantureuse rencontre de leurs funestes ombres. Par un bon fran\u00e7ois nepveu de Rotomagus."}]},{"@type":"WebSite","@id":"https:\/\/www.librairieclavreuil.com\/#website","url":"https:\/\/www.librairieclavreuil.com\/","name":"Libairie Clavreuil","description":"Livres anciens, manuscrits rares et \u00e9ditions originales \u2013 Librairie Clavreuil","publisher":{"@id":"https:\/\/www.librairieclavreuil.com\/#organization"},"potentialAction":[{"@type":"SearchAction","target":{"@type":"EntryPoint","urlTemplate":"https:\/\/www.librairieclavreuil.com\/?s={search_term_string}"},"query-input":{"@type":"PropertyValueSpecification","valueRequired":true,"valueName":"search_term_string"}}],"inLanguage":"en-US"},{"@type":"Organization","@id":"https:\/\/www.librairieclavreuil.com\/#organization","name":"Libairie Clavreuil","url":"https:\/\/www.librairieclavreuil.com\/","logo":{"@type":"ImageObject","inLanguage":"en-US","@id":"https:\/\/www.librairieclavreuil.com\/#\/schema\/logo\/image\/","url":"https:\/\/www.librairieclavreuil.com\/wp-content\/uploads\/2021\/06\/cropped-LOGO_PNG_DATE-_gold-512x512-1.png","contentUrl":"https:\/\/www.librairieclavreuil.com\/wp-content\/uploads\/2021\/06\/cropped-LOGO_PNG_DATE-_gold-512x512-1.png","width":512,"height":512,"caption":"Libairie Clavreuil"},"image":{"@id":"https:\/\/www.librairieclavreuil.com\/#\/schema\/logo\/image\/"},"sameAs":["https:\/\/www.instagram.com\/librairieclavreuil\/"]}]}},"jetpack_sharing_enabled":true,"_links":{"self":[{"href":"https:\/\/www.librairieclavreuil.com\/en\/wp-json\/wp\/v2\/product\/80603","targetHints":{"allow":["GET"]}}],"collection":[{"href":"https:\/\/www.librairieclavreuil.com\/en\/wp-json\/wp\/v2\/product"}],"about":[{"href":"https:\/\/www.librairieclavreuil.com\/en\/wp-json\/wp\/v2\/types\/product"}],"replies":[{"embeddable":true,"href":"https:\/\/www.librairieclavreuil.com\/en\/wp-json\/wp\/v2\/comments?post=80603"}],"wp:featuredmedia":[{"embeddable":true,"href":"https:\/\/www.librairieclavreuil.com\/en\/wp-json\/wp\/v2\/media\/80596"}],"wp:attachment":[{"href":"https:\/\/www.librairieclavreuil.com\/en\/wp-json\/wp\/v2\/media?parent=80603"}],"wp:term":[{"taxonomy":"product_brand","embeddable":true,"href":"https:\/\/www.librairieclavreuil.com\/en\/wp-json\/wp\/v2\/product_brand?post=80603"},{"taxonomy":"product_cat","embeddable":true,"href":"https:\/\/www.librairieclavreuil.com\/en\/wp-json\/wp\/v2\/product_cat?post=80603"},{"taxonomy":"product_tag","embeddable":true,"href":"https:\/\/www.librairieclavreuil.com\/en\/wp-json\/wp\/v2\/product_tag?post=80603"}],"curies":[{"name":"wp","href":"https:\/\/api.w.org\/{rel}","templated":true}]}}