{"id":80550,"date":"2024-07-17T12:22:40","date_gmt":"2024-07-17T10:22:40","guid":{"rendered":"https:\/\/www.librairieclavreuil.com\/villiers-abbe-p-de-lapoticaire-devalise-comedie-burlesque\/"},"modified":"2024-07-19T10:26:06","modified_gmt":"2024-07-19T08:26:06","slug":"villiers-abbe-p-de-lapoticaire-devalise-comedie-burlesque","status":"publish","type":"product","link":"https:\/\/www.librairieclavreuil.com\/en\/villiers-abbe-p-de-lapoticaire-devalise-comedie-burlesque\/","title":{"rendered":"VILLIERS Abb\u00e9 P. de L&#8217;Apoticaire d\u00e9valis\u00e9. Com\u00e9die burlesque."},"content":{"rendered":"<p><i>Soleinne, 1330.<\/i><\/p>\n<p>First edition of this play performed at the H\u00f4tel de Bourgogne.&nbsp;<\/p>\n<p>In the preface, Villiers declares that he was encouraged to tackle the subject by the good reception given to his <i>Festin de Pierre<\/i>. The play depicts the misadventures of an apothecary, M. Robert, whose daughter is kidnapped by the young Lidamant, while he is beaten by two of his enemies. Robbed and beaten, the poor man goes to court and is sentenced to prison &#8211; the judges being none other than his executioners in disguise.&nbsp;<\/p>\n<p>The last 5 pages are taken up by the poem <i>Portrait d&#8217;une inconnue<\/i>.<\/p>\n<p>&#8220;Ne t&#8217;y trompe pas, je te puis asseurer que son nom &amp; sa condition sont autant illustres, que sa personne est digne de v\u00e9n\u00e9ration&#8221; (introduction).<\/p>\n<p>A very good copy, carefully cleaned at the time of binding.<\/p>\n","protected":false},"excerpt":{"rendered":"<p style=\"text-align:justify\">12mo (133 x 79 mm) 3 nn.ll., 45 pp. Early 20th century brown morocco, gilt filets on covers, small flroal corner pieces, sp\u00eene gilt with raised bands, gilt inner border, gil edges.<\/p>\n","protected":false},"featured_media":81264,"comment_status":"open","ping_status":"closed","template":"","meta":{"_acf_changed":false},"product_brand":[],"product_cat":[544],"product_tag":[1450,1255],"class_list":{"0":"post-80550","1":"product","2":"type-product","3":"status-publish","4":"has-post-thumbnail","6":"product_cat-literature","7":"product_tag-first-edition","8":"product_tag-theatre-dance","9":"pa_auteur-villiers-abbe-p-de-2","10":"pa_type-de-livre-printed-book","12":"first","13":"instock","14":"shipping-taxable","15":"purchasable","16":"product-type-simple"},"acf":{"artist":" Abb\u00e9 P. de VILLIERS","chapeau":"","adresse_bibliographique":"Paris, Charles de Sercy, 1660","book_type":"Printed book","provenance":"","afficher_prix":""},"yoast_head":"<!-- This site is optimized with the Yoast SEO plugin v24.7 - https:\/\/yoast.com\/wordpress\/plugins\/seo\/ -->\n<title>VILLIERS Abb\u00e9 P. de L&#039;Apoticaire d\u00e9valis\u00e9. Com\u00e9die burlesque. - Libairie Clavreuil<\/title>\n<meta name=\"robots\" content=\"index, follow, max-snippet:-1, max-image-preview:large, max-video-preview:-1\" \/>\n<link rel=\"canonical\" href=\"https:\/\/www.librairieclavreuil.com\/produit\/villiers-abbe-p-de-lapoticaire-devalise-comedie-burlesque\/\" \/>\n<meta property=\"og:locale\" content=\"en_US\" \/>\n<meta property=\"og:type\" content=\"article\" \/>\n<meta property=\"og:title\" content=\"VILLIERS Abb\u00e9 P. de L&#039;Apoticaire d\u00e9valis\u00e9. Com\u00e9die burlesque. - Libairie Clavreuil\" \/>\n<meta property=\"og:description\" content=\"12mo (133 x 79 mm) 3 nn.ll., 45 pp. Early 20th century brown morocco, gilt filets on covers, small flroal corner pieces, sp\u00eene gilt with raised bands, gilt inner border, gil edges.\" \/>\n<meta property=\"og:url\" content=\"https:\/\/www.librairieclavreuil.com\/produit\/villiers-abbe-p-de-lapoticaire-devalise-comedie-burlesque\/\" \/>\n<meta property=\"og:site_name\" content=\"Libairie Clavreuil\" \/>\n<meta property=\"article:modified_time\" content=\"2024-07-19T08:26:06+00:00\" \/>\n<meta property=\"og:image\" content=\"https:\/\/www.librairieclavreuil.com\/wp-content\/uploads\/2024\/07\/abbe-p-de-villiers-l-apoticaire-devalise-comedie-burlesque-8022-669a2306ade40.jpg\" \/>\n\t<meta property=\"og:image:width\" content=\"353\" \/>\n\t<meta property=\"og:image:height\" content=\"600\" \/>\n\t<meta property=\"og:image:type\" content=\"image\/jpeg\" \/>\n<meta name=\"twitter:card\" content=\"summary_large_image\" \/>\n<meta name=\"twitter:label1\" content=\"Est. reading time\" \/>\n\t<meta name=\"twitter:data1\" content=\"1 minute\" \/>\n<script type=\"application\/ld+json\" class=\"yoast-schema-graph\">{\"@context\":\"https:\/\/schema.org\",\"@graph\":[{\"@type\":\"WebPage\",\"@id\":\"https:\/\/www.librairieclavreuil.com\/produit\/villiers-abbe-p-de-lapoticaire-devalise-comedie-burlesque\/\",\"url\":\"https:\/\/www.librairieclavreuil.com\/produit\/villiers-abbe-p-de-lapoticaire-devalise-comedie-burlesque\/\",\"name\":\"VILLIERS Abb\u00e9 P. de L'Apoticaire d\u00e9valis\u00e9. Com\u00e9die burlesque. - Libairie Clavreuil\",\"isPartOf\":{\"@id\":\"https:\/\/www.librairieclavreuil.com\/#website\"},\"primaryImageOfPage\":{\"@id\":\"https:\/\/www.librairieclavreuil.com\/produit\/villiers-abbe-p-de-lapoticaire-devalise-comedie-burlesque\/#primaryimage\"},\"image\":{\"@id\":\"https:\/\/www.librairieclavreuil.com\/produit\/villiers-abbe-p-de-lapoticaire-devalise-comedie-burlesque\/#primaryimage\"},\"thumbnailUrl\":\"https:\/\/www.librairieclavreuil.com\/wp-content\/uploads\/2024\/07\/abbe-p-de-villiers-l-apoticaire-devalise-comedie-burlesque-8022-669a2306ade40.jpg\",\"datePublished\":\"2024-07-17T10:22:40+00:00\",\"dateModified\":\"2024-07-19T08:26:06+00:00\",\"breadcrumb\":{\"@id\":\"https:\/\/www.librairieclavreuil.com\/produit\/villiers-abbe-p-de-lapoticaire-devalise-comedie-burlesque\/#breadcrumb\"},\"inLanguage\":\"en-US\",\"potentialAction\":[{\"@type\":\"ReadAction\",\"target\":[\"https:\/\/www.librairieclavreuil.com\/produit\/villiers-abbe-p-de-lapoticaire-devalise-comedie-burlesque\/\"]}]},{\"@type\":\"ImageObject\",\"inLanguage\":\"en-US\",\"@id\":\"https:\/\/www.librairieclavreuil.com\/produit\/villiers-abbe-p-de-lapoticaire-devalise-comedie-burlesque\/#primaryimage\",\"url\":\"https:\/\/www.librairieclavreuil.com\/wp-content\/uploads\/2024\/07\/abbe-p-de-villiers-l-apoticaire-devalise-comedie-burlesque-8022-669a2306ade40.jpg\",\"contentUrl\":\"https:\/\/www.librairieclavreuil.com\/wp-content\/uploads\/2024\/07\/abbe-p-de-villiers-l-apoticaire-devalise-comedie-burlesque-8022-669a2306ade40.jpg\",\"width\":353,\"height\":600},{\"@type\":\"BreadcrumbList\",\"@id\":\"https:\/\/www.librairieclavreuil.com\/produit\/villiers-abbe-p-de-lapoticaire-devalise-comedie-burlesque\/#breadcrumb\",\"itemListElement\":[{\"@type\":\"ListItem\",\"position\":1,\"name\":\"Accueil\",\"item\":\"https:\/\/www.librairieclavreuil.com\/\"},{\"@type\":\"ListItem\",\"position\":2,\"name\":\"All our books\",\"item\":\"https:\/\/www.librairieclavreuil.com\/en\/all-our-books\/\"},{\"@type\":\"ListItem\",\"position\":3,\"name\":\"VILLIERS Abb\u00e9 P. de L&rsquo;Apoticaire d\u00e9valis\u00e9. Com\u00e9die burlesque.\"}]},{\"@type\":\"WebSite\",\"@id\":\"https:\/\/www.librairieclavreuil.com\/#website\",\"url\":\"https:\/\/www.librairieclavreuil.com\/\",\"name\":\"Libairie Clavreuil\",\"description\":\"Livres anciens, manuscrits rares et \u00e9ditions originales \u2013 Librairie Clavreuil\",\"publisher\":{\"@id\":\"https:\/\/www.librairieclavreuil.com\/#organization\"},\"potentialAction\":[{\"@type\":\"SearchAction\",\"target\":{\"@type\":\"EntryPoint\",\"urlTemplate\":\"https:\/\/www.librairieclavreuil.com\/?s={search_term_string}\"},\"query-input\":{\"@type\":\"PropertyValueSpecification\",\"valueRequired\":true,\"valueName\":\"search_term_string\"}}],\"inLanguage\":\"en-US\"},{\"@type\":\"Organization\",\"@id\":\"https:\/\/www.librairieclavreuil.com\/#organization\",\"name\":\"Libairie Clavreuil\",\"url\":\"https:\/\/www.librairieclavreuil.com\/\",\"logo\":{\"@type\":\"ImageObject\",\"inLanguage\":\"en-US\",\"@id\":\"https:\/\/www.librairieclavreuil.com\/#\/schema\/logo\/image\/\",\"url\":\"https:\/\/www.librairieclavreuil.com\/wp-content\/uploads\/2021\/06\/cropped-LOGO_PNG_DATE-_gold-512x512-1.png\",\"contentUrl\":\"https:\/\/www.librairieclavreuil.com\/wp-content\/uploads\/2021\/06\/cropped-LOGO_PNG_DATE-_gold-512x512-1.png\",\"width\":512,\"height\":512,\"caption\":\"Libairie Clavreuil\"},\"image\":{\"@id\":\"https:\/\/www.librairieclavreuil.com\/#\/schema\/logo\/image\/\"},\"sameAs\":[\"https:\/\/www.instagram.com\/librairieclavreuil\/\"]}]}<\/script>\n<!-- \/ Yoast SEO plugin. -->","yoast_head_json":{"title":"VILLIERS Abb\u00e9 P. de L'Apoticaire d\u00e9valis\u00e9. Com\u00e9die burlesque. - Libairie Clavreuil","robots":{"index":"index","follow":"follow","max-snippet":"max-snippet:-1","max-image-preview":"max-image-preview:large","max-video-preview":"max-video-preview:-1"},"canonical":"https:\/\/www.librairieclavreuil.com\/produit\/villiers-abbe-p-de-lapoticaire-devalise-comedie-burlesque\/","og_locale":"en_US","og_type":"article","og_title":"VILLIERS Abb\u00e9 P. de L'Apoticaire d\u00e9valis\u00e9. Com\u00e9die burlesque. - Libairie Clavreuil","og_description":"12mo (133 x 79 mm) 3 nn.ll., 45 pp. Early 20th century brown morocco, gilt filets on covers, small flroal corner pieces, sp\u00eene gilt with raised bands, gilt inner border, gil edges.","og_url":"https:\/\/www.librairieclavreuil.com\/produit\/villiers-abbe-p-de-lapoticaire-devalise-comedie-burlesque\/","og_site_name":"Libairie Clavreuil","article_modified_time":"2024-07-19T08:26:06+00:00","og_image":[{"width":353,"height":600,"url":"https:\/\/www.librairieclavreuil.com\/wp-content\/uploads\/2024\/07\/abbe-p-de-villiers-l-apoticaire-devalise-comedie-burlesque-8022-669a2306ade40.jpg","type":"image\/jpeg"}],"twitter_card":"summary_large_image","twitter_misc":{"Est. reading time":"1 minute"},"schema":{"@context":"https:\/\/schema.org","@graph":[{"@type":"WebPage","@id":"https:\/\/www.librairieclavreuil.com\/produit\/villiers-abbe-p-de-lapoticaire-devalise-comedie-burlesque\/","url":"https:\/\/www.librairieclavreuil.com\/produit\/villiers-abbe-p-de-lapoticaire-devalise-comedie-burlesque\/","name":"VILLIERS Abb\u00e9 P. de L'Apoticaire d\u00e9valis\u00e9. Com\u00e9die burlesque. - Libairie Clavreuil","isPartOf":{"@id":"https:\/\/www.librairieclavreuil.com\/#website"},"primaryImageOfPage":{"@id":"https:\/\/www.librairieclavreuil.com\/produit\/villiers-abbe-p-de-lapoticaire-devalise-comedie-burlesque\/#primaryimage"},"image":{"@id":"https:\/\/www.librairieclavreuil.com\/produit\/villiers-abbe-p-de-lapoticaire-devalise-comedie-burlesque\/#primaryimage"},"thumbnailUrl":"https:\/\/www.librairieclavreuil.com\/wp-content\/uploads\/2024\/07\/abbe-p-de-villiers-l-apoticaire-devalise-comedie-burlesque-8022-669a2306ade40.jpg","datePublished":"2024-07-17T10:22:40+00:00","dateModified":"2024-07-19T08:26:06+00:00","breadcrumb":{"@id":"https:\/\/www.librairieclavreuil.com\/produit\/villiers-abbe-p-de-lapoticaire-devalise-comedie-burlesque\/#breadcrumb"},"inLanguage":"en-US","potentialAction":[{"@type":"ReadAction","target":["https:\/\/www.librairieclavreuil.com\/produit\/villiers-abbe-p-de-lapoticaire-devalise-comedie-burlesque\/"]}]},{"@type":"ImageObject","inLanguage":"en-US","@id":"https:\/\/www.librairieclavreuil.com\/produit\/villiers-abbe-p-de-lapoticaire-devalise-comedie-burlesque\/#primaryimage","url":"https:\/\/www.librairieclavreuil.com\/wp-content\/uploads\/2024\/07\/abbe-p-de-villiers-l-apoticaire-devalise-comedie-burlesque-8022-669a2306ade40.jpg","contentUrl":"https:\/\/www.librairieclavreuil.com\/wp-content\/uploads\/2024\/07\/abbe-p-de-villiers-l-apoticaire-devalise-comedie-burlesque-8022-669a2306ade40.jpg","width":353,"height":600},{"@type":"BreadcrumbList","@id":"https:\/\/www.librairieclavreuil.com\/produit\/villiers-abbe-p-de-lapoticaire-devalise-comedie-burlesque\/#breadcrumb","itemListElement":[{"@type":"ListItem","position":1,"name":"Accueil","item":"https:\/\/www.librairieclavreuil.com\/"},{"@type":"ListItem","position":2,"name":"All our books","item":"https:\/\/www.librairieclavreuil.com\/en\/all-our-books\/"},{"@type":"ListItem","position":3,"name":"VILLIERS Abb\u00e9 P. de L&rsquo;Apoticaire d\u00e9valis\u00e9. Com\u00e9die burlesque."}]},{"@type":"WebSite","@id":"https:\/\/www.librairieclavreuil.com\/#website","url":"https:\/\/www.librairieclavreuil.com\/","name":"Libairie Clavreuil","description":"Livres anciens, manuscrits rares et \u00e9ditions originales \u2013 Librairie Clavreuil","publisher":{"@id":"https:\/\/www.librairieclavreuil.com\/#organization"},"potentialAction":[{"@type":"SearchAction","target":{"@type":"EntryPoint","urlTemplate":"https:\/\/www.librairieclavreuil.com\/?s={search_term_string}"},"query-input":{"@type":"PropertyValueSpecification","valueRequired":true,"valueName":"search_term_string"}}],"inLanguage":"en-US"},{"@type":"Organization","@id":"https:\/\/www.librairieclavreuil.com\/#organization","name":"Libairie Clavreuil","url":"https:\/\/www.librairieclavreuil.com\/","logo":{"@type":"ImageObject","inLanguage":"en-US","@id":"https:\/\/www.librairieclavreuil.com\/#\/schema\/logo\/image\/","url":"https:\/\/www.librairieclavreuil.com\/wp-content\/uploads\/2021\/06\/cropped-LOGO_PNG_DATE-_gold-512x512-1.png","contentUrl":"https:\/\/www.librairieclavreuil.com\/wp-content\/uploads\/2021\/06\/cropped-LOGO_PNG_DATE-_gold-512x512-1.png","width":512,"height":512,"caption":"Libairie Clavreuil"},"image":{"@id":"https:\/\/www.librairieclavreuil.com\/#\/schema\/logo\/image\/"},"sameAs":["https:\/\/www.instagram.com\/librairieclavreuil\/"]}]}},"jetpack_sharing_enabled":true,"_links":{"self":[{"href":"https:\/\/www.librairieclavreuil.com\/en\/wp-json\/wp\/v2\/product\/80550","targetHints":{"allow":["GET"]}}],"collection":[{"href":"https:\/\/www.librairieclavreuil.com\/en\/wp-json\/wp\/v2\/product"}],"about":[{"href":"https:\/\/www.librairieclavreuil.com\/en\/wp-json\/wp\/v2\/types\/product"}],"replies":[{"embeddable":true,"href":"https:\/\/www.librairieclavreuil.com\/en\/wp-json\/wp\/v2\/comments?post=80550"}],"wp:featuredmedia":[{"embeddable":true,"href":"https:\/\/www.librairieclavreuil.com\/en\/wp-json\/wp\/v2\/media\/81264"}],"wp:attachment":[{"href":"https:\/\/www.librairieclavreuil.com\/en\/wp-json\/wp\/v2\/media?parent=80550"}],"wp:term":[{"taxonomy":"product_brand","embeddable":true,"href":"https:\/\/www.librairieclavreuil.com\/en\/wp-json\/wp\/v2\/product_brand?post=80550"},{"taxonomy":"product_cat","embeddable":true,"href":"https:\/\/www.librairieclavreuil.com\/en\/wp-json\/wp\/v2\/product_cat?post=80550"},{"taxonomy":"product_tag","embeddable":true,"href":"https:\/\/www.librairieclavreuil.com\/en\/wp-json\/wp\/v2\/product_tag?post=80550"}],"curies":[{"name":"wp","href":"https:\/\/api.w.org\/{rel}","templated":true}]}}