{"id":80499,"date":"2024-07-16T18:59:22","date_gmt":"2024-07-16T16:59:22","guid":{"rendered":"https:\/\/www.librairieclavreuil.com\/eutychius-patriarche-malchite-dalexandrie-eutychii-aegyptii-patriarchae-orthodoxorum-alexandrini-scriptoris-ut-in-oriente-admodum-vetusti-ac-illustris-ita-in-occidente-tum-paucissimis-vsi-tum-p\/"},"modified":"2024-07-16T18:59:36","modified_gmt":"2024-07-16T16:59:36","slug":"eutychius-patriarche-malchite-dalexandrie-eutychii-aegyptii-patriarchae-orthodoxorum-alexandrini-scriptoris-ut-in-oriente-admodum-vetusti-ac-illustris-ita-in-occidente-tum-paucissimis-vsi-tum-p","status":"publish","type":"product","link":"https:\/\/www.librairieclavreuil.com\/en\/eutychius-patriarche-malchite-dalexandrie-eutychii-aegyptii-patriarchae-orthodoxorum-alexandrini-scriptoris-ut-in-oriente-admodum-vetusti-ac-illustris-ita-in-occidente-tum-paucissimis-vsi-tum-p\/","title":{"rendered":"EUTYCHIUS patriarche malchite d&#8217;Alexandrie Eutychii Aegyptii, Patriarchae Orthodoxorum..."},"content":{"rendered":"<p style=\"text-align:justify\"><i>Geoffrey Roper, Arabic Printing and Publishing in England before 1820; Gerald J. Toomer, John Selden. A Life in Scholarship, Oxford, OUP, 2009, p. 253 et 601.<\/i><\/p>\n<p style=\"text-align:justify\">First edition of the translation by John Selden. Issue bearing the name of the booksellers Thomas &amp; Richard Wittacker on the title page (another issue is know without their names). Selden made this work &#8220;the first Arabic text (as distinct from isolated quotations) published in England in 1642&#8221; (Dmitri Levitin, in: Ancient Wisom in the Age of New Science, CUP, 2015).<\/p>\n<p style=\"text-align:justify\">The work also uses the specific Arabic type face, that Sleden had used only once before for the printing of <i>Mare clausum<\/i> in 1635.<\/p>\n<p style=\"text-align:justify\">&#8220;Parmi les domaines du droit abord\u00e9s par John Selden, celui des institutions religieuses a particuli\u00e8rement retenu son attention. S\u2019il a trait\u00e9, \u00e0 la jonction de l\u2019\u00e9rudition et des probl\u00e8mes de son temps, des sujets concernant surtout son pays, les textes et les institutions h\u00e9bra\u00efques ainsi que l\u2019antiquit\u00e9 syrienne, un livre pourrait para\u00eetre marginal par rapport \u00e0 ces grands domaines. En 1642, il publie \u00e0 Londres un extrait du Nazm al-zawhar de Sa\u2019id ibn Batriq (877-940), qui fut patriarche d\u2019Alexandrie, et dont le nom a \u00e9t\u00e9 latinis\u00e9 en Eutychius. Si l\u2019on excepte la tentative du maronite Jean Ibn Quriaqos-Sanduq, avant 1625, qui n\u2019a pas abouti, Selden est le premier \u00e0 \u00e9diter et traduire cet auteur. Apr\u00e8s une pr\u00e9face, Selden publie en douze pages, sur deux colonnes, l\u2019original arabe et sa traduction latine, accompagn\u00e9e d\u2019un long commentaire de cent quatre-vingt quatre pages, pr\u00e9sent\u00e9 sous la forme de notes au texte principal. Il s\u2019appuie sur un manuscrit de Robert Cotton et sur un autre qu\u2019il poss\u00e8de. Gerald Toomer a fait remarquer l\u2019int\u00e9r\u00eat profond et constant que Selden porta \u00e0 Eutychius, cit\u00e9 dans nombre de ses ouvrages &#8221; (Fr\u00e9d\u00e9ric Gabriel, L&#8217;ordo alexandrin. Sa&#8217;id ibn Batriq, Selden, et la hierarchie ecclesiale. de l&#8217;Orient chr\u00e9tien \u00e0 l&#8217;eccl\u00e9siologie primitive, vol. III, p. 2011).<\/p>\n<p style=\"text-align:justify\">Of important provenance having belonged to Pierre-Daniel Huet (1630-1721), member of the French Academy of Science and to Charles-Ferdinand Lelarge (1691?-1769), professor at the Sorbonne. Fine copy, margin of the title page with old restoration.<\/p>\n","protected":false},"excerpt":{"rendered":"<p style=\"text-align:justify\">4to (189 x 144 mm) XXXVIII pp., 184 pp. Contemporary stiff vellum.<\/p>\n","protected":false},"featured_media":80490,"comment_status":"open","ping_status":"closed","template":"","meta":{"_acf_changed":false},"product_brand":[],"product_cat":[544],"product_tag":[1244,1254,1253],"class_list":{"0":"post-80499","1":"product","2":"type-product","3":"status-publish","4":"has-post-thumbnail","6":"product_cat-literature","7":"product_tag-17th-century-literature","8":"product_tag-arabic","9":"product_tag-typography","10":"pa_auteur-eutychius-patriarche-malchite-dalexandrie-2","11":"pa_type-de-livre-printed-book","13":"first","14":"instock","15":"shipping-taxable","16":"purchasable","17":"product-type-simple"},"acf":{"artist":" patriarche malchite d'Alexandrie EUTYCHIUS","chapeau":"The First Complete Translation","adresse_bibliographique":"Londres, Richard Bishop pour  R. & T. Whitaker, 1642","book_type":"Printed book","provenance":"","afficher_prix":""},"yoast_head":"<!-- This site is optimized with the Yoast SEO plugin v24.7 - https:\/\/yoast.com\/wordpress\/plugins\/seo\/ -->\n<title>EUTYCHIUS patriarche malchite d&#039;Alexandrie Eutychii Aegyptii, Patriarchae Orthodoxorum Alexandrini, Scriptoris, ut in Oriente admodum Vetusti ac Illustris, ita in Occidente tum paucissimis Vsi tum perraro Auditi, Ecclesiae suae Origines. - Libairie Clavreuil<\/title>\n<meta name=\"robots\" content=\"index, follow, max-snippet:-1, max-image-preview:large, max-video-preview:-1\" \/>\n<link rel=\"canonical\" href=\"https:\/\/www.librairieclavreuil.com\/produit\/eutychius-patriarche-malchite-dalexandrie-eutychii-aegyptii-patriarchae-orthodoxorum-alexandrini-scriptoris-ut-in-oriente-admodum-vetusti-ac-illustris-ita-in-occidente-tum-paucissimis-vsi-tum-p\/\" \/>\n<meta property=\"og:locale\" content=\"en_US\" \/>\n<meta property=\"og:type\" content=\"article\" \/>\n<meta property=\"og:title\" content=\"EUTYCHIUS patriarche malchite d&#039;Alexandrie Eutychii Aegyptii, Patriarchae Orthodoxorum Alexandrini, Scriptoris, ut in Oriente admodum Vetusti ac Illustris, ita in Occidente tum paucissimis Vsi tum perraro Auditi, Ecclesiae suae Origines. - Libairie Clavreuil\" \/>\n<meta property=\"og:description\" content=\"4to (189 x 144 mm) XXXVIII pp., 184 pp. Contemporary stiff vellum.\" \/>\n<meta property=\"og:url\" content=\"https:\/\/www.librairieclavreuil.com\/produit\/eutychius-patriarche-malchite-dalexandrie-eutychii-aegyptii-patriarchae-orthodoxorum-alexandrini-scriptoris-ut-in-oriente-admodum-vetusti-ac-illustris-ita-in-occidente-tum-paucissimis-vsi-tum-p\/\" \/>\n<meta property=\"og:site_name\" content=\"Libairie Clavreuil\" \/>\n<meta property=\"article:modified_time\" content=\"2024-07-16T16:59:36+00:00\" \/>\n<meta property=\"og:image\" content=\"https:\/\/www.librairieclavreuil.com\/wp-content\/uploads\/2024\/07\/patriarche-malchite-d-alexandrie-eutychius-eutychii-aegyptii-patriarchae-orthodoxorum-alexandrini-scriptoris-ut-in-oriente-admodum-vetusti-ac-illustri.jpg\" \/>\n\t<meta property=\"og:image:width\" content=\"651\" \/>\n\t<meta property=\"og:image:height\" content=\"800\" \/>\n\t<meta property=\"og:image:type\" content=\"image\/jpeg\" \/>\n<meta name=\"twitter:card\" content=\"summary_large_image\" \/>\n<meta name=\"twitter:label1\" content=\"Est. reading time\" \/>\n\t<meta name=\"twitter:data1\" content=\"2 minutes\" \/>\n<script type=\"application\/ld+json\" class=\"yoast-schema-graph\">{\"@context\":\"https:\/\/schema.org\",\"@graph\":[{\"@type\":\"WebPage\",\"@id\":\"https:\/\/www.librairieclavreuil.com\/produit\/eutychius-patriarche-malchite-dalexandrie-eutychii-aegyptii-patriarchae-orthodoxorum-alexandrini-scriptoris-ut-in-oriente-admodum-vetusti-ac-illustris-ita-in-occidente-tum-paucissimis-vsi-tum-p\/\",\"url\":\"https:\/\/www.librairieclavreuil.com\/produit\/eutychius-patriarche-malchite-dalexandrie-eutychii-aegyptii-patriarchae-orthodoxorum-alexandrini-scriptoris-ut-in-oriente-admodum-vetusti-ac-illustris-ita-in-occidente-tum-paucissimis-vsi-tum-p\/\",\"name\":\"EUTYCHIUS patriarche malchite d'Alexandrie Eutychii Aegyptii, Patriarchae Orthodoxorum Alexandrini, Scriptoris, ut in Oriente admodum Vetusti ac Illustris, ita in Occidente tum paucissimis Vsi tum perraro Auditi, Ecclesiae suae Origines. - Libairie Clavreuil\",\"isPartOf\":{\"@id\":\"https:\/\/www.librairieclavreuil.com\/#website\"},\"primaryImageOfPage\":{\"@id\":\"https:\/\/www.librairieclavreuil.com\/produit\/eutychius-patriarche-malchite-dalexandrie-eutychii-aegyptii-patriarchae-orthodoxorum-alexandrini-scriptoris-ut-in-oriente-admodum-vetusti-ac-illustris-ita-in-occidente-tum-paucissimis-vsi-tum-p\/#primaryimage\"},\"image\":{\"@id\":\"https:\/\/www.librairieclavreuil.com\/produit\/eutychius-patriarche-malchite-dalexandrie-eutychii-aegyptii-patriarchae-orthodoxorum-alexandrini-scriptoris-ut-in-oriente-admodum-vetusti-ac-illustris-ita-in-occidente-tum-paucissimis-vsi-tum-p\/#primaryimage\"},\"thumbnailUrl\":\"https:\/\/www.librairieclavreuil.com\/wp-content\/uploads\/2024\/07\/patriarche-malchite-d-alexandrie-eutychius-eutychii-aegyptii-patriarchae-orthodoxorum-alexandrini-scriptoris-ut-in-oriente-admodum-vetusti-ac-illustri.jpg\",\"datePublished\":\"2024-07-16T16:59:22+00:00\",\"dateModified\":\"2024-07-16T16:59:36+00:00\",\"breadcrumb\":{\"@id\":\"https:\/\/www.librairieclavreuil.com\/produit\/eutychius-patriarche-malchite-dalexandrie-eutychii-aegyptii-patriarchae-orthodoxorum-alexandrini-scriptoris-ut-in-oriente-admodum-vetusti-ac-illustris-ita-in-occidente-tum-paucissimis-vsi-tum-p\/#breadcrumb\"},\"inLanguage\":\"en-US\",\"potentialAction\":[{\"@type\":\"ReadAction\",\"target\":[\"https:\/\/www.librairieclavreuil.com\/produit\/eutychius-patriarche-malchite-dalexandrie-eutychii-aegyptii-patriarchae-orthodoxorum-alexandrini-scriptoris-ut-in-oriente-admodum-vetusti-ac-illustris-ita-in-occidente-tum-paucissimis-vsi-tum-p\/\"]}]},{\"@type\":\"ImageObject\",\"inLanguage\":\"en-US\",\"@id\":\"https:\/\/www.librairieclavreuil.com\/produit\/eutychius-patriarche-malchite-dalexandrie-eutychii-aegyptii-patriarchae-orthodoxorum-alexandrini-scriptoris-ut-in-oriente-admodum-vetusti-ac-illustris-ita-in-occidente-tum-paucissimis-vsi-tum-p\/#primaryimage\",\"url\":\"https:\/\/www.librairieclavreuil.com\/wp-content\/uploads\/2024\/07\/patriarche-malchite-d-alexandrie-eutychius-eutychii-aegyptii-patriarchae-orthodoxorum-alexandrini-scriptoris-ut-in-oriente-admodum-vetusti-ac-illustri.jpg\",\"contentUrl\":\"https:\/\/www.librairieclavreuil.com\/wp-content\/uploads\/2024\/07\/patriarche-malchite-d-alexandrie-eutychius-eutychii-aegyptii-patriarchae-orthodoxorum-alexandrini-scriptoris-ut-in-oriente-admodum-vetusti-ac-illustri.jpg\",\"width\":651,\"height\":800},{\"@type\":\"BreadcrumbList\",\"@id\":\"https:\/\/www.librairieclavreuil.com\/produit\/eutychius-patriarche-malchite-dalexandrie-eutychii-aegyptii-patriarchae-orthodoxorum-alexandrini-scriptoris-ut-in-oriente-admodum-vetusti-ac-illustris-ita-in-occidente-tum-paucissimis-vsi-tum-p\/#breadcrumb\",\"itemListElement\":[{\"@type\":\"ListItem\",\"position\":1,\"name\":\"Accueil\",\"item\":\"https:\/\/www.librairieclavreuil.com\/\"},{\"@type\":\"ListItem\",\"position\":2,\"name\":\"All our books\",\"item\":\"https:\/\/www.librairieclavreuil.com\/en\/all-our-books\/\"},{\"@type\":\"ListItem\",\"position\":3,\"name\":\"EUTYCHIUS patriarche malchite d&rsquo;Alexandrie Eutychii Aegyptii, Patriarchae Orthodoxorum...\"}]},{\"@type\":\"WebSite\",\"@id\":\"https:\/\/www.librairieclavreuil.com\/#website\",\"url\":\"https:\/\/www.librairieclavreuil.com\/\",\"name\":\"Libairie Clavreuil\",\"description\":\"Livres anciens, manuscrits rares et \u00e9ditions originales \u2013 Librairie Clavreuil\",\"publisher\":{\"@id\":\"https:\/\/www.librairieclavreuil.com\/#organization\"},\"potentialAction\":[{\"@type\":\"SearchAction\",\"target\":{\"@type\":\"EntryPoint\",\"urlTemplate\":\"https:\/\/www.librairieclavreuil.com\/?s={search_term_string}\"},\"query-input\":{\"@type\":\"PropertyValueSpecification\",\"valueRequired\":true,\"valueName\":\"search_term_string\"}}],\"inLanguage\":\"en-US\"},{\"@type\":\"Organization\",\"@id\":\"https:\/\/www.librairieclavreuil.com\/#organization\",\"name\":\"Libairie Clavreuil\",\"url\":\"https:\/\/www.librairieclavreuil.com\/\",\"logo\":{\"@type\":\"ImageObject\",\"inLanguage\":\"en-US\",\"@id\":\"https:\/\/www.librairieclavreuil.com\/#\/schema\/logo\/image\/\",\"url\":\"https:\/\/www.librairieclavreuil.com\/wp-content\/uploads\/2021\/06\/cropped-LOGO_PNG_DATE-_gold-512x512-1.png\",\"contentUrl\":\"https:\/\/www.librairieclavreuil.com\/wp-content\/uploads\/2021\/06\/cropped-LOGO_PNG_DATE-_gold-512x512-1.png\",\"width\":512,\"height\":512,\"caption\":\"Libairie Clavreuil\"},\"image\":{\"@id\":\"https:\/\/www.librairieclavreuil.com\/#\/schema\/logo\/image\/\"},\"sameAs\":[\"https:\/\/www.instagram.com\/librairieclavreuil\/\"]}]}<\/script>\n<!-- \/ Yoast SEO plugin. -->","yoast_head_json":{"title":"EUTYCHIUS patriarche malchite d'Alexandrie Eutychii Aegyptii, Patriarchae Orthodoxorum Alexandrini, Scriptoris, ut in Oriente admodum Vetusti ac Illustris, ita in Occidente tum paucissimis Vsi tum perraro Auditi, Ecclesiae suae Origines. - Libairie Clavreuil","robots":{"index":"index","follow":"follow","max-snippet":"max-snippet:-1","max-image-preview":"max-image-preview:large","max-video-preview":"max-video-preview:-1"},"canonical":"https:\/\/www.librairieclavreuil.com\/produit\/eutychius-patriarche-malchite-dalexandrie-eutychii-aegyptii-patriarchae-orthodoxorum-alexandrini-scriptoris-ut-in-oriente-admodum-vetusti-ac-illustris-ita-in-occidente-tum-paucissimis-vsi-tum-p\/","og_locale":"en_US","og_type":"article","og_title":"EUTYCHIUS patriarche malchite d'Alexandrie Eutychii Aegyptii, Patriarchae Orthodoxorum Alexandrini, Scriptoris, ut in Oriente admodum Vetusti ac Illustris, ita in Occidente tum paucissimis Vsi tum perraro Auditi, Ecclesiae suae Origines. - Libairie Clavreuil","og_description":"4to (189 x 144 mm) XXXVIII pp., 184 pp. Contemporary stiff vellum.","og_url":"https:\/\/www.librairieclavreuil.com\/produit\/eutychius-patriarche-malchite-dalexandrie-eutychii-aegyptii-patriarchae-orthodoxorum-alexandrini-scriptoris-ut-in-oriente-admodum-vetusti-ac-illustris-ita-in-occidente-tum-paucissimis-vsi-tum-p\/","og_site_name":"Libairie Clavreuil","article_modified_time":"2024-07-16T16:59:36+00:00","og_image":[{"width":651,"height":800,"url":"https:\/\/www.librairieclavreuil.com\/wp-content\/uploads\/2024\/07\/patriarche-malchite-d-alexandrie-eutychius-eutychii-aegyptii-patriarchae-orthodoxorum-alexandrini-scriptoris-ut-in-oriente-admodum-vetusti-ac-illustri.jpg","type":"image\/jpeg"}],"twitter_card":"summary_large_image","twitter_misc":{"Est. reading time":"2 minutes"},"schema":{"@context":"https:\/\/schema.org","@graph":[{"@type":"WebPage","@id":"https:\/\/www.librairieclavreuil.com\/produit\/eutychius-patriarche-malchite-dalexandrie-eutychii-aegyptii-patriarchae-orthodoxorum-alexandrini-scriptoris-ut-in-oriente-admodum-vetusti-ac-illustris-ita-in-occidente-tum-paucissimis-vsi-tum-p\/","url":"https:\/\/www.librairieclavreuil.com\/produit\/eutychius-patriarche-malchite-dalexandrie-eutychii-aegyptii-patriarchae-orthodoxorum-alexandrini-scriptoris-ut-in-oriente-admodum-vetusti-ac-illustris-ita-in-occidente-tum-paucissimis-vsi-tum-p\/","name":"EUTYCHIUS patriarche malchite d'Alexandrie Eutychii Aegyptii, Patriarchae Orthodoxorum Alexandrini, Scriptoris, ut in Oriente admodum Vetusti ac Illustris, ita in Occidente tum paucissimis Vsi tum perraro Auditi, Ecclesiae suae Origines. - Libairie Clavreuil","isPartOf":{"@id":"https:\/\/www.librairieclavreuil.com\/#website"},"primaryImageOfPage":{"@id":"https:\/\/www.librairieclavreuil.com\/produit\/eutychius-patriarche-malchite-dalexandrie-eutychii-aegyptii-patriarchae-orthodoxorum-alexandrini-scriptoris-ut-in-oriente-admodum-vetusti-ac-illustris-ita-in-occidente-tum-paucissimis-vsi-tum-p\/#primaryimage"},"image":{"@id":"https:\/\/www.librairieclavreuil.com\/produit\/eutychius-patriarche-malchite-dalexandrie-eutychii-aegyptii-patriarchae-orthodoxorum-alexandrini-scriptoris-ut-in-oriente-admodum-vetusti-ac-illustris-ita-in-occidente-tum-paucissimis-vsi-tum-p\/#primaryimage"},"thumbnailUrl":"https:\/\/www.librairieclavreuil.com\/wp-content\/uploads\/2024\/07\/patriarche-malchite-d-alexandrie-eutychius-eutychii-aegyptii-patriarchae-orthodoxorum-alexandrini-scriptoris-ut-in-oriente-admodum-vetusti-ac-illustri.jpg","datePublished":"2024-07-16T16:59:22+00:00","dateModified":"2024-07-16T16:59:36+00:00","breadcrumb":{"@id":"https:\/\/www.librairieclavreuil.com\/produit\/eutychius-patriarche-malchite-dalexandrie-eutychii-aegyptii-patriarchae-orthodoxorum-alexandrini-scriptoris-ut-in-oriente-admodum-vetusti-ac-illustris-ita-in-occidente-tum-paucissimis-vsi-tum-p\/#breadcrumb"},"inLanguage":"en-US","potentialAction":[{"@type":"ReadAction","target":["https:\/\/www.librairieclavreuil.com\/produit\/eutychius-patriarche-malchite-dalexandrie-eutychii-aegyptii-patriarchae-orthodoxorum-alexandrini-scriptoris-ut-in-oriente-admodum-vetusti-ac-illustris-ita-in-occidente-tum-paucissimis-vsi-tum-p\/"]}]},{"@type":"ImageObject","inLanguage":"en-US","@id":"https:\/\/www.librairieclavreuil.com\/produit\/eutychius-patriarche-malchite-dalexandrie-eutychii-aegyptii-patriarchae-orthodoxorum-alexandrini-scriptoris-ut-in-oriente-admodum-vetusti-ac-illustris-ita-in-occidente-tum-paucissimis-vsi-tum-p\/#primaryimage","url":"https:\/\/www.librairieclavreuil.com\/wp-content\/uploads\/2024\/07\/patriarche-malchite-d-alexandrie-eutychius-eutychii-aegyptii-patriarchae-orthodoxorum-alexandrini-scriptoris-ut-in-oriente-admodum-vetusti-ac-illustri.jpg","contentUrl":"https:\/\/www.librairieclavreuil.com\/wp-content\/uploads\/2024\/07\/patriarche-malchite-d-alexandrie-eutychius-eutychii-aegyptii-patriarchae-orthodoxorum-alexandrini-scriptoris-ut-in-oriente-admodum-vetusti-ac-illustri.jpg","width":651,"height":800},{"@type":"BreadcrumbList","@id":"https:\/\/www.librairieclavreuil.com\/produit\/eutychius-patriarche-malchite-dalexandrie-eutychii-aegyptii-patriarchae-orthodoxorum-alexandrini-scriptoris-ut-in-oriente-admodum-vetusti-ac-illustris-ita-in-occidente-tum-paucissimis-vsi-tum-p\/#breadcrumb","itemListElement":[{"@type":"ListItem","position":1,"name":"Accueil","item":"https:\/\/www.librairieclavreuil.com\/"},{"@type":"ListItem","position":2,"name":"All our books","item":"https:\/\/www.librairieclavreuil.com\/en\/all-our-books\/"},{"@type":"ListItem","position":3,"name":"EUTYCHIUS patriarche malchite d&rsquo;Alexandrie Eutychii Aegyptii, Patriarchae Orthodoxorum..."}]},{"@type":"WebSite","@id":"https:\/\/www.librairieclavreuil.com\/#website","url":"https:\/\/www.librairieclavreuil.com\/","name":"Libairie Clavreuil","description":"Livres anciens, manuscrits rares et \u00e9ditions originales \u2013 Librairie Clavreuil","publisher":{"@id":"https:\/\/www.librairieclavreuil.com\/#organization"},"potentialAction":[{"@type":"SearchAction","target":{"@type":"EntryPoint","urlTemplate":"https:\/\/www.librairieclavreuil.com\/?s={search_term_string}"},"query-input":{"@type":"PropertyValueSpecification","valueRequired":true,"valueName":"search_term_string"}}],"inLanguage":"en-US"},{"@type":"Organization","@id":"https:\/\/www.librairieclavreuil.com\/#organization","name":"Libairie Clavreuil","url":"https:\/\/www.librairieclavreuil.com\/","logo":{"@type":"ImageObject","inLanguage":"en-US","@id":"https:\/\/www.librairieclavreuil.com\/#\/schema\/logo\/image\/","url":"https:\/\/www.librairieclavreuil.com\/wp-content\/uploads\/2021\/06\/cropped-LOGO_PNG_DATE-_gold-512x512-1.png","contentUrl":"https:\/\/www.librairieclavreuil.com\/wp-content\/uploads\/2021\/06\/cropped-LOGO_PNG_DATE-_gold-512x512-1.png","width":512,"height":512,"caption":"Libairie Clavreuil"},"image":{"@id":"https:\/\/www.librairieclavreuil.com\/#\/schema\/logo\/image\/"},"sameAs":["https:\/\/www.instagram.com\/librairieclavreuil\/"]}]}},"jetpack_sharing_enabled":true,"_links":{"self":[{"href":"https:\/\/www.librairieclavreuil.com\/en\/wp-json\/wp\/v2\/product\/80499","targetHints":{"allow":["GET"]}}],"collection":[{"href":"https:\/\/www.librairieclavreuil.com\/en\/wp-json\/wp\/v2\/product"}],"about":[{"href":"https:\/\/www.librairieclavreuil.com\/en\/wp-json\/wp\/v2\/types\/product"}],"replies":[{"embeddable":true,"href":"https:\/\/www.librairieclavreuil.com\/en\/wp-json\/wp\/v2\/comments?post=80499"}],"wp:featuredmedia":[{"embeddable":true,"href":"https:\/\/www.librairieclavreuil.com\/en\/wp-json\/wp\/v2\/media\/80490"}],"wp:attachment":[{"href":"https:\/\/www.librairieclavreuil.com\/en\/wp-json\/wp\/v2\/media?parent=80499"}],"wp:term":[{"taxonomy":"product_brand","embeddable":true,"href":"https:\/\/www.librairieclavreuil.com\/en\/wp-json\/wp\/v2\/product_brand?post=80499"},{"taxonomy":"product_cat","embeddable":true,"href":"https:\/\/www.librairieclavreuil.com\/en\/wp-json\/wp\/v2\/product_cat?post=80499"},{"taxonomy":"product_tag","embeddable":true,"href":"https:\/\/www.librairieclavreuil.com\/en\/wp-json\/wp\/v2\/product_tag?post=80499"}],"curies":[{"name":"wp","href":"https:\/\/api.w.org\/{rel}","templated":true}]}}