{"id":80473,"date":"2024-07-16T18:45:11","date_gmt":"2024-07-16T16:45:11","guid":{"rendered":"https:\/\/www.librairieclavreuil.com\/carducho-vicente-dialogos-de-la-pintura-y-defensa-origen-essencia-definicion-modos-y-diferencias\/"},"modified":"2025-10-10T13:00:38","modified_gmt":"2025-10-10T11:00:38","slug":"carducho-vicente-dialogos-de-la-pintura-y-defensa-origen-essencia-definicion-modos-y-diferencias","status":"publish","type":"product","link":"https:\/\/www.librairieclavreuil.com\/en\/carducho-vicente-dialogos-de-la-pintura-y-defensa-origen-essencia-definicion-modos-y-diferencias\/","title":{"rendered":"CARDUCHO Vicente Dialogos de la pintura y defensa,..."},"content":{"rendered":"<p style=\"text-align:justify\"><i>Palau, 44114; Brunet I, 1575 &#8220;volume recherch\u00e9 et peu commun&#8221;.<\/i><\/p>\n<p style=\"text-align:justify\"><span style=\"font-variant:small-caps\">First edition. One of the most important works on painting published in Spain.<\/span><\/p>\n<p style=\"text-align:justify\">A painter of Italian origin, Carducho settled in Spain, where he arrived at the age of nine with his brother Bartolom\u00e9 (Florence 1560\u2013Madrid 1608), a painter at El Escorial, and trained under his guidance. He was the most influential figure in the Madrid art world before Vel\u00e1zquez. Painter to the king since 1609, he received numerous commissions for El Pardo, the Convent of La Encarnaci\u00f3n, and the Alc\u00e1zar of Madrid. Together with Caj\u00e8s, he decorated the Sagrario of Toledo Cathedral. Highly favored under Philip III, he was supplanted by Vel\u00e1zquez under the new king. From then on, he lived somewhat apart, devoting himself to the large ensemble that was to decorate the great cloister of the Paular Charterhouse (1626-1632): scenes from the history of the order, visions, miracles, from its foundation by Saint Bruno to the persecutions suffered during the religious wars of the 16th century. His style, close to that of the Tuscan artists of his generation (Ludovico Cardi, known as Cigoli), combines academic tradition and the beginnings of naturalism with a concern for color inherited from the Venetians. Carducho was, before Zurbar\u00e1n, the great supplier to the religious orders, Franciscans, Trinitarians, and monks of Mercy.<\/p>\n<p style=\"text-align:justify\">In 1633, defending the privileges of artists, Vincenzo Carducci won a lawsuit against the Spanish tax authorities, who wanted to impose a tax on works of art.<\/p>\n<p style=\"text-align:justify\">His work, dedicated to Philip IV, was one of the most important of its time in Spain and \u201cis an excellent treatise that extended his teaching and influence\u201d (see B\u00e9n\u00e9zit).<\/p>\n<p style=\"text-align:justify\">Palau already indicates the rarity of the book &#8220;actualmente es muy dificil hacerse con un ejemplar perfecto de esta obra&#8221;; it was reprinted in 1865.&nbsp;<\/p>\n<p style=\"text-align:justify\">The work is illustrated with 9 full-page etchings, included into the pagination.<\/p>\n<p style=\"text-align:justify\">Good copy albeit some quires toned.&nbsp;<\/p>\n<p style=\"text-align:justify\">Unidentified monogram on the title-page.<\/p>\n","protected":false},"excerpt":{"rendered":"<p>4to (199 x 142 mm) engraved title, 8 nn.ll., 229 num.ll., 12 nn.ll. Contemporary vellum, yapp eges.<\/p>\n","protected":false},"featured_media":87701,"comment_status":"open","ping_status":"closed","template":"","meta":{"_acf_changed":false},"product_brand":[],"product_cat":[544],"product_tag":[1199,1450],"class_list":{"0":"post-80473","1":"product","2":"type-product","3":"status-publish","4":"has-post-thumbnail","6":"product_cat-literature","7":"product_tag-fine-arts","8":"product_tag-first-edition","9":"pa_auteur-carducho-vicente-2","10":"pa_type-de-livre-printed-book","12":"first","13":"outofstock","14":"shipping-taxable","15":"purchasable","16":"product-type-simple"},"acf":{"artist":" Vicente CARDUCHO","chapeau":"","adresse_bibliographique":"Madrid, Francisco Martinez, 1633","book_type":"Printed book","provenance":"","afficher_prix":""},"yoast_head":"<!-- This site is optimized with the Yoast SEO plugin v24.7 - https:\/\/yoast.com\/wordpress\/plugins\/seo\/ -->\n<title>CARDUCHO Vicente Dialogos de la pintura y defensa, origen, essencia, definicion, modos y diferencias. - Libairie Clavreuil<\/title>\n<meta name=\"robots\" content=\"index, follow, max-snippet:-1, max-image-preview:large, max-video-preview:-1\" \/>\n<link rel=\"canonical\" href=\"https:\/\/www.librairieclavreuil.com\/en\/carducho-vicente-dialogos-de-la-pintura-y-defensa-origen-essencia-definicion-modos-y-diferencias\/\" \/>\n<meta property=\"og:locale\" content=\"en_US\" \/>\n<meta property=\"og:type\" content=\"article\" \/>\n<meta property=\"og:title\" content=\"CARDUCHO Vicente Dialogos de la pintura y defensa, origen, essencia, definicion, modos y diferencias. - Libairie Clavreuil\" \/>\n<meta property=\"og:description\" content=\"4to (199 x 142 mm) engraved title, 8 nn.ll., 229 num.ll., 12 nn.ll. Contemporary vellum, yapp eges.\" \/>\n<meta property=\"og:url\" content=\"https:\/\/www.librairieclavreuil.com\/en\/carducho-vicente-dialogos-de-la-pintura-y-defensa-origen-essencia-definicion-modos-y-diferencias\/\" \/>\n<meta property=\"og:site_name\" content=\"Libairie Clavreuil\" \/>\n<meta property=\"article:modified_time\" content=\"2025-10-10T11:00:38+00:00\" \/>\n<meta property=\"og:image\" content=\"https:\/\/www.librairieclavreuil.com\/wp-content\/uploads\/2025\/09\/vicente-carducho-dialogos-de-la-pintura-y-defensa-origen-essencia-definicion-modos-y-diferencias-5086-68b58b1b2dcdb.jpg\" \/>\n\t<meta property=\"og:image:width\" content=\"628\" \/>\n\t<meta property=\"og:image:height\" content=\"800\" \/>\n\t<meta property=\"og:image:type\" content=\"image\/jpeg\" \/>\n<meta name=\"twitter:card\" content=\"summary_large_image\" \/>\n<meta name=\"twitter:label1\" content=\"Est. reading time\" \/>\n\t<meta name=\"twitter:data1\" content=\"2 minutes\" \/>\n<script type=\"application\/ld+json\" class=\"yoast-schema-graph\">{\"@context\":\"https:\/\/schema.org\",\"@graph\":[{\"@type\":\"WebPage\",\"@id\":\"https:\/\/www.librairieclavreuil.com\/en\/carducho-vicente-dialogos-de-la-pintura-y-defensa-origen-essencia-definicion-modos-y-diferencias\/\",\"url\":\"https:\/\/www.librairieclavreuil.com\/en\/carducho-vicente-dialogos-de-la-pintura-y-defensa-origen-essencia-definicion-modos-y-diferencias\/\",\"name\":\"CARDUCHO Vicente Dialogos de la pintura y defensa, origen, essencia, definicion, modos y diferencias. - Libairie Clavreuil\",\"isPartOf\":{\"@id\":\"https:\/\/www.librairieclavreuil.com\/#website\"},\"primaryImageOfPage\":{\"@id\":\"https:\/\/www.librairieclavreuil.com\/en\/carducho-vicente-dialogos-de-la-pintura-y-defensa-origen-essencia-definicion-modos-y-diferencias\/#primaryimage\"},\"image\":{\"@id\":\"https:\/\/www.librairieclavreuil.com\/en\/carducho-vicente-dialogos-de-la-pintura-y-defensa-origen-essencia-definicion-modos-y-diferencias\/#primaryimage\"},\"thumbnailUrl\":\"https:\/\/www.librairieclavreuil.com\/wp-content\/uploads\/2025\/09\/vicente-carducho-dialogos-de-la-pintura-y-defensa-origen-essencia-definicion-modos-y-diferencias-5086-68b58b1b2dcdb.jpg\",\"datePublished\":\"2024-07-16T16:45:11+00:00\",\"dateModified\":\"2025-10-10T11:00:38+00:00\",\"breadcrumb\":{\"@id\":\"https:\/\/www.librairieclavreuil.com\/en\/carducho-vicente-dialogos-de-la-pintura-y-defensa-origen-essencia-definicion-modos-y-diferencias\/#breadcrumb\"},\"inLanguage\":\"en-US\",\"potentialAction\":[{\"@type\":\"ReadAction\",\"target\":[\"https:\/\/www.librairieclavreuil.com\/en\/carducho-vicente-dialogos-de-la-pintura-y-defensa-origen-essencia-definicion-modos-y-diferencias\/\"]}]},{\"@type\":\"ImageObject\",\"inLanguage\":\"en-US\",\"@id\":\"https:\/\/www.librairieclavreuil.com\/en\/carducho-vicente-dialogos-de-la-pintura-y-defensa-origen-essencia-definicion-modos-y-diferencias\/#primaryimage\",\"url\":\"https:\/\/www.librairieclavreuil.com\/wp-content\/uploads\/2025\/09\/vicente-carducho-dialogos-de-la-pintura-y-defensa-origen-essencia-definicion-modos-y-diferencias-5086-68b58b1b2dcdb.jpg\",\"contentUrl\":\"https:\/\/www.librairieclavreuil.com\/wp-content\/uploads\/2025\/09\/vicente-carducho-dialogos-de-la-pintura-y-defensa-origen-essencia-definicion-modos-y-diferencias-5086-68b58b1b2dcdb.jpg\",\"width\":628,\"height\":800},{\"@type\":\"BreadcrumbList\",\"@id\":\"https:\/\/www.librairieclavreuil.com\/en\/carducho-vicente-dialogos-de-la-pintura-y-defensa-origen-essencia-definicion-modos-y-diferencias\/#breadcrumb\",\"itemListElement\":[{\"@type\":\"ListItem\",\"position\":1,\"name\":\"Accueil\",\"item\":\"https:\/\/www.librairieclavreuil.com\/\"},{\"@type\":\"ListItem\",\"position\":2,\"name\":\"All our books\",\"item\":\"https:\/\/www.librairieclavreuil.com\/en\/all-our-books\/\"},{\"@type\":\"ListItem\",\"position\":3,\"name\":\"CARDUCHO Vicente Dialogos de la pintura y defensa,...\"}]},{\"@type\":\"WebSite\",\"@id\":\"https:\/\/www.librairieclavreuil.com\/#website\",\"url\":\"https:\/\/www.librairieclavreuil.com\/\",\"name\":\"Libairie Clavreuil\",\"description\":\"Livres anciens, manuscrits rares et \u00e9ditions originales \u2013 Librairie Clavreuil\",\"publisher\":{\"@id\":\"https:\/\/www.librairieclavreuil.com\/#organization\"},\"potentialAction\":[{\"@type\":\"SearchAction\",\"target\":{\"@type\":\"EntryPoint\",\"urlTemplate\":\"https:\/\/www.librairieclavreuil.com\/?s={search_term_string}\"},\"query-input\":{\"@type\":\"PropertyValueSpecification\",\"valueRequired\":true,\"valueName\":\"search_term_string\"}}],\"inLanguage\":\"en-US\"},{\"@type\":\"Organization\",\"@id\":\"https:\/\/www.librairieclavreuil.com\/#organization\",\"name\":\"Libairie Clavreuil\",\"url\":\"https:\/\/www.librairieclavreuil.com\/\",\"logo\":{\"@type\":\"ImageObject\",\"inLanguage\":\"en-US\",\"@id\":\"https:\/\/www.librairieclavreuil.com\/#\/schema\/logo\/image\/\",\"url\":\"https:\/\/www.librairieclavreuil.com\/wp-content\/uploads\/2021\/06\/cropped-LOGO_PNG_DATE-_gold-512x512-1.png\",\"contentUrl\":\"https:\/\/www.librairieclavreuil.com\/wp-content\/uploads\/2021\/06\/cropped-LOGO_PNG_DATE-_gold-512x512-1.png\",\"width\":512,\"height\":512,\"caption\":\"Libairie Clavreuil\"},\"image\":{\"@id\":\"https:\/\/www.librairieclavreuil.com\/#\/schema\/logo\/image\/\"},\"sameAs\":[\"https:\/\/www.instagram.com\/librairieclavreuil\/\"]}]}<\/script>\n<!-- \/ Yoast SEO plugin. -->","yoast_head_json":{"title":"CARDUCHO Vicente Dialogos de la pintura y defensa, origen, essencia, definicion, modos y diferencias. - Libairie Clavreuil","robots":{"index":"index","follow":"follow","max-snippet":"max-snippet:-1","max-image-preview":"max-image-preview:large","max-video-preview":"max-video-preview:-1"},"canonical":"https:\/\/www.librairieclavreuil.com\/en\/carducho-vicente-dialogos-de-la-pintura-y-defensa-origen-essencia-definicion-modos-y-diferencias\/","og_locale":"en_US","og_type":"article","og_title":"CARDUCHO Vicente Dialogos de la pintura y defensa, origen, essencia, definicion, modos y diferencias. - Libairie Clavreuil","og_description":"4to (199 x 142 mm) engraved title, 8 nn.ll., 229 num.ll., 12 nn.ll. Contemporary vellum, yapp eges.","og_url":"https:\/\/www.librairieclavreuil.com\/en\/carducho-vicente-dialogos-de-la-pintura-y-defensa-origen-essencia-definicion-modos-y-diferencias\/","og_site_name":"Libairie Clavreuil","article_modified_time":"2025-10-10T11:00:38+00:00","og_image":[{"width":628,"height":800,"url":"https:\/\/www.librairieclavreuil.com\/wp-content\/uploads\/2025\/09\/vicente-carducho-dialogos-de-la-pintura-y-defensa-origen-essencia-definicion-modos-y-diferencias-5086-68b58b1b2dcdb.jpg","type":"image\/jpeg"}],"twitter_card":"summary_large_image","twitter_misc":{"Est. reading time":"2 minutes"},"schema":{"@context":"https:\/\/schema.org","@graph":[{"@type":"WebPage","@id":"https:\/\/www.librairieclavreuil.com\/en\/carducho-vicente-dialogos-de-la-pintura-y-defensa-origen-essencia-definicion-modos-y-diferencias\/","url":"https:\/\/www.librairieclavreuil.com\/en\/carducho-vicente-dialogos-de-la-pintura-y-defensa-origen-essencia-definicion-modos-y-diferencias\/","name":"CARDUCHO Vicente Dialogos de la pintura y defensa, origen, essencia, definicion, modos y diferencias. - Libairie Clavreuil","isPartOf":{"@id":"https:\/\/www.librairieclavreuil.com\/#website"},"primaryImageOfPage":{"@id":"https:\/\/www.librairieclavreuil.com\/en\/carducho-vicente-dialogos-de-la-pintura-y-defensa-origen-essencia-definicion-modos-y-diferencias\/#primaryimage"},"image":{"@id":"https:\/\/www.librairieclavreuil.com\/en\/carducho-vicente-dialogos-de-la-pintura-y-defensa-origen-essencia-definicion-modos-y-diferencias\/#primaryimage"},"thumbnailUrl":"https:\/\/www.librairieclavreuil.com\/wp-content\/uploads\/2025\/09\/vicente-carducho-dialogos-de-la-pintura-y-defensa-origen-essencia-definicion-modos-y-diferencias-5086-68b58b1b2dcdb.jpg","datePublished":"2024-07-16T16:45:11+00:00","dateModified":"2025-10-10T11:00:38+00:00","breadcrumb":{"@id":"https:\/\/www.librairieclavreuil.com\/en\/carducho-vicente-dialogos-de-la-pintura-y-defensa-origen-essencia-definicion-modos-y-diferencias\/#breadcrumb"},"inLanguage":"en-US","potentialAction":[{"@type":"ReadAction","target":["https:\/\/www.librairieclavreuil.com\/en\/carducho-vicente-dialogos-de-la-pintura-y-defensa-origen-essencia-definicion-modos-y-diferencias\/"]}]},{"@type":"ImageObject","inLanguage":"en-US","@id":"https:\/\/www.librairieclavreuil.com\/en\/carducho-vicente-dialogos-de-la-pintura-y-defensa-origen-essencia-definicion-modos-y-diferencias\/#primaryimage","url":"https:\/\/www.librairieclavreuil.com\/wp-content\/uploads\/2025\/09\/vicente-carducho-dialogos-de-la-pintura-y-defensa-origen-essencia-definicion-modos-y-diferencias-5086-68b58b1b2dcdb.jpg","contentUrl":"https:\/\/www.librairieclavreuil.com\/wp-content\/uploads\/2025\/09\/vicente-carducho-dialogos-de-la-pintura-y-defensa-origen-essencia-definicion-modos-y-diferencias-5086-68b58b1b2dcdb.jpg","width":628,"height":800},{"@type":"BreadcrumbList","@id":"https:\/\/www.librairieclavreuil.com\/en\/carducho-vicente-dialogos-de-la-pintura-y-defensa-origen-essencia-definicion-modos-y-diferencias\/#breadcrumb","itemListElement":[{"@type":"ListItem","position":1,"name":"Accueil","item":"https:\/\/www.librairieclavreuil.com\/"},{"@type":"ListItem","position":2,"name":"All our books","item":"https:\/\/www.librairieclavreuil.com\/en\/all-our-books\/"},{"@type":"ListItem","position":3,"name":"CARDUCHO Vicente Dialogos de la pintura y defensa,..."}]},{"@type":"WebSite","@id":"https:\/\/www.librairieclavreuil.com\/#website","url":"https:\/\/www.librairieclavreuil.com\/","name":"Libairie Clavreuil","description":"Livres anciens, manuscrits rares et \u00e9ditions originales \u2013 Librairie Clavreuil","publisher":{"@id":"https:\/\/www.librairieclavreuil.com\/#organization"},"potentialAction":[{"@type":"SearchAction","target":{"@type":"EntryPoint","urlTemplate":"https:\/\/www.librairieclavreuil.com\/?s={search_term_string}"},"query-input":{"@type":"PropertyValueSpecification","valueRequired":true,"valueName":"search_term_string"}}],"inLanguage":"en-US"},{"@type":"Organization","@id":"https:\/\/www.librairieclavreuil.com\/#organization","name":"Libairie Clavreuil","url":"https:\/\/www.librairieclavreuil.com\/","logo":{"@type":"ImageObject","inLanguage":"en-US","@id":"https:\/\/www.librairieclavreuil.com\/#\/schema\/logo\/image\/","url":"https:\/\/www.librairieclavreuil.com\/wp-content\/uploads\/2021\/06\/cropped-LOGO_PNG_DATE-_gold-512x512-1.png","contentUrl":"https:\/\/www.librairieclavreuil.com\/wp-content\/uploads\/2021\/06\/cropped-LOGO_PNG_DATE-_gold-512x512-1.png","width":512,"height":512,"caption":"Libairie Clavreuil"},"image":{"@id":"https:\/\/www.librairieclavreuil.com\/#\/schema\/logo\/image\/"},"sameAs":["https:\/\/www.instagram.com\/librairieclavreuil\/"]}]}},"jetpack_sharing_enabled":true,"_links":{"self":[{"href":"https:\/\/www.librairieclavreuil.com\/en\/wp-json\/wp\/v2\/product\/80473","targetHints":{"allow":["GET"]}}],"collection":[{"href":"https:\/\/www.librairieclavreuil.com\/en\/wp-json\/wp\/v2\/product"}],"about":[{"href":"https:\/\/www.librairieclavreuil.com\/en\/wp-json\/wp\/v2\/types\/product"}],"replies":[{"embeddable":true,"href":"https:\/\/www.librairieclavreuil.com\/en\/wp-json\/wp\/v2\/comments?post=80473"}],"wp:featuredmedia":[{"embeddable":true,"href":"https:\/\/www.librairieclavreuil.com\/en\/wp-json\/wp\/v2\/media\/87701"}],"wp:attachment":[{"href":"https:\/\/www.librairieclavreuil.com\/en\/wp-json\/wp\/v2\/media?parent=80473"}],"wp:term":[{"taxonomy":"product_brand","embeddable":true,"href":"https:\/\/www.librairieclavreuil.com\/en\/wp-json\/wp\/v2\/product_brand?post=80473"},{"taxonomy":"product_cat","embeddable":true,"href":"https:\/\/www.librairieclavreuil.com\/en\/wp-json\/wp\/v2\/product_cat?post=80473"},{"taxonomy":"product_tag","embeddable":true,"href":"https:\/\/www.librairieclavreuil.com\/en\/wp-json\/wp\/v2\/product_tag?post=80473"}],"curies":[{"name":"wp","href":"https:\/\/api.w.org\/{rel}","templated":true}]}}