{"id":80461,"date":"2024-07-16T18:44:41","date_gmt":"2024-07-16T16:44:41","guid":{"rendered":"https:\/\/www.librairieclavreuil.com\/moreau-de-saint-mery-mederic-louis-elie-de-la-danse\/"},"modified":"2024-07-16T18:44:56","modified_gmt":"2024-07-16T16:44:56","slug":"moreau-de-saint-mery-mederic-louis-elie-de-la-danse","status":"publish","type":"product","link":"https:\/\/www.librairieclavreuil.com\/en\/moreau-de-saint-mery-mederic-louis-elie-de-la-danse\/","title":{"rendered":"MOREAU DE SAINT MERY M\u00e9d\u00e9ric-Louis Elie De la..."},"content":{"rendered":"<p style=\"text-align:justify\"><i>Sabin, 50569; Brooks, 814.<\/i><\/p>\n<p style=\"text-align:justify\">First edition.<\/p>\n<p style=\"text-align:justify\">Printed in Parma by Bodoni at the time when Moreau de Saint-M\u00e9ry (1750-1819) was appointed ambassador in Italy. During his stay he had assembled some notes under the title &#8220;notions coloniales&#8221;. These notes remained largely unpublished but the Moreau extracted his notes on dance and them produced by the famous printer.<\/p>\n<p style=\"text-align:justify\">&#8220;Dans ce d\u00e9licieux morceau, d\u00e9di\u00e9 aux Cr\u00e9oles, Moreau retrace bri\u00e8vement l&#8217;\u00e9volution de la danse, et \u00e9tudie le rapport qui existe entre elle et le climat, les moeurs et les habitudes d&#8217;un peuple, pour arriver \u00e0 une vive peinture de la danse sous les tropiques, et presqu&#8217;exclusivement aux Antilles, o\u00f9 elle devient, chez les Cr\u00e9oles, une sorte de fr\u00e9n\u00e9sie&#8221; (Elicona, Moreau de Saint-M\u00e9ry, p.145).<\/p>\n<p style=\"text-align:justify\">Text with deckle-edges and uncut.<\/p>\n<p style=\"text-align:justify\">Provenance: from the library of Ga\u00e9tane Ricci S. Paul (printed bookplate and handwritten note).<\/p>\n","protected":false},"excerpt":{"rendered":"<p>12mo (126 x 86 mm) 4 nn.ll., 52 pp. Original publisher&#8217;s boards (front hinge partly split).<\/p>\n","protected":false},"featured_media":80456,"comment_status":"open","ping_status":"closed","template":"","meta":{"_acf_changed":false},"product_brand":[],"product_cat":[544],"product_tag":[598,1363,1450,1255],"class_list":{"0":"post-80461","1":"product","2":"type-product","3":"status-publish","4":"has-post-thumbnail","6":"product_cat-literature","7":"product_tag-19th-century-literature","8":"product_tag-caribbean","9":"product_tag-first-edition","10":"product_tag-theatre-dance","11":"pa_auteur-moreau-de-saint-mery-mederic-louis-elie-2","12":"pa_type-de-livre-printed-book","14":"first","15":"instock","16":"shipping-taxable","17":"purchasable","18":"product-type-simple"},"acf":{"artist":" M\u00e9d\u00e9ric-Louis Elie MOREAU DE SAINT MERY","chapeau":"","adresse_bibliographique":"Parme, Bodoni, 1801","book_type":"Printed book","provenance":"","afficher_prix":""},"yoast_head":"<!-- This site is optimized with the Yoast SEO plugin v24.7 - https:\/\/yoast.com\/wordpress\/plugins\/seo\/ -->\n<title>MOREAU DE SAINT MERY M\u00e9d\u00e9ric-Louis Elie De la danse. - Libairie Clavreuil<\/title>\n<meta name=\"robots\" content=\"index, follow, max-snippet:-1, max-image-preview:large, max-video-preview:-1\" \/>\n<link rel=\"canonical\" href=\"https:\/\/www.librairieclavreuil.com\/en\/moreau-de-saint-mery-mederic-louis-elie-de-la-danse\/\" \/>\n<meta property=\"og:locale\" content=\"en_US\" \/>\n<meta property=\"og:type\" content=\"article\" \/>\n<meta property=\"og:title\" content=\"MOREAU DE SAINT MERY M\u00e9d\u00e9ric-Louis Elie De la danse. - Libairie Clavreuil\" \/>\n<meta property=\"og:description\" content=\"12mo (126 x 86 mm) 4 nn.ll., 52 pp. Original publisher&#039;s boards (front hinge partly split).\" \/>\n<meta property=\"og:url\" content=\"https:\/\/www.librairieclavreuil.com\/en\/moreau-de-saint-mery-mederic-louis-elie-de-la-danse\/\" \/>\n<meta property=\"og:site_name\" content=\"Libairie Clavreuil\" \/>\n<meta property=\"article:modified_time\" content=\"2024-07-16T16:44:56+00:00\" \/>\n<meta property=\"og:image\" content=\"https:\/\/www.librairieclavreuil.com\/wp-content\/uploads\/2024\/07\/mederic-louis-elie-moreau-de-saint-mery-de-la-danse-6724-65b7c308826dd.jpg\" \/>\n\t<meta property=\"og:image:width\" content=\"591\" \/>\n\t<meta property=\"og:image:height\" content=\"800\" \/>\n\t<meta property=\"og:image:type\" content=\"image\/jpeg\" \/>\n<meta name=\"twitter:card\" content=\"summary_large_image\" \/>\n<meta name=\"twitter:label1\" content=\"Est. reading time\" \/>\n\t<meta name=\"twitter:data1\" content=\"1 minute\" \/>\n<script type=\"application\/ld+json\" class=\"yoast-schema-graph\">{\"@context\":\"https:\/\/schema.org\",\"@graph\":[{\"@type\":\"WebPage\",\"@id\":\"https:\/\/www.librairieclavreuil.com\/en\/moreau-de-saint-mery-mederic-louis-elie-de-la-danse\/\",\"url\":\"https:\/\/www.librairieclavreuil.com\/en\/moreau-de-saint-mery-mederic-louis-elie-de-la-danse\/\",\"name\":\"MOREAU DE SAINT MERY M\u00e9d\u00e9ric-Louis Elie De la danse. - Libairie Clavreuil\",\"isPartOf\":{\"@id\":\"https:\/\/www.librairieclavreuil.com\/#website\"},\"primaryImageOfPage\":{\"@id\":\"https:\/\/www.librairieclavreuil.com\/en\/moreau-de-saint-mery-mederic-louis-elie-de-la-danse\/#primaryimage\"},\"image\":{\"@id\":\"https:\/\/www.librairieclavreuil.com\/en\/moreau-de-saint-mery-mederic-louis-elie-de-la-danse\/#primaryimage\"},\"thumbnailUrl\":\"https:\/\/www.librairieclavreuil.com\/wp-content\/uploads\/2024\/07\/mederic-louis-elie-moreau-de-saint-mery-de-la-danse-6724-65b7c308826dd.jpg\",\"datePublished\":\"2024-07-16T16:44:41+00:00\",\"dateModified\":\"2024-07-16T16:44:56+00:00\",\"breadcrumb\":{\"@id\":\"https:\/\/www.librairieclavreuil.com\/en\/moreau-de-saint-mery-mederic-louis-elie-de-la-danse\/#breadcrumb\"},\"inLanguage\":\"en-US\",\"potentialAction\":[{\"@type\":\"ReadAction\",\"target\":[\"https:\/\/www.librairieclavreuil.com\/en\/moreau-de-saint-mery-mederic-louis-elie-de-la-danse\/\"]}]},{\"@type\":\"ImageObject\",\"inLanguage\":\"en-US\",\"@id\":\"https:\/\/www.librairieclavreuil.com\/en\/moreau-de-saint-mery-mederic-louis-elie-de-la-danse\/#primaryimage\",\"url\":\"https:\/\/www.librairieclavreuil.com\/wp-content\/uploads\/2024\/07\/mederic-louis-elie-moreau-de-saint-mery-de-la-danse-6724-65b7c308826dd.jpg\",\"contentUrl\":\"https:\/\/www.librairieclavreuil.com\/wp-content\/uploads\/2024\/07\/mederic-louis-elie-moreau-de-saint-mery-de-la-danse-6724-65b7c308826dd.jpg\",\"width\":591,\"height\":800},{\"@type\":\"BreadcrumbList\",\"@id\":\"https:\/\/www.librairieclavreuil.com\/en\/moreau-de-saint-mery-mederic-louis-elie-de-la-danse\/#breadcrumb\",\"itemListElement\":[{\"@type\":\"ListItem\",\"position\":1,\"name\":\"Accueil\",\"item\":\"https:\/\/www.librairieclavreuil.com\/\"},{\"@type\":\"ListItem\",\"position\":2,\"name\":\"All our books\",\"item\":\"https:\/\/www.librairieclavreuil.com\/en\/all-our-books\/\"},{\"@type\":\"ListItem\",\"position\":3,\"name\":\"MOREAU DE SAINT MERY M\u00e9d\u00e9ric-Louis Elie De la danse.\"}]},{\"@type\":\"WebSite\",\"@id\":\"https:\/\/www.librairieclavreuil.com\/#website\",\"url\":\"https:\/\/www.librairieclavreuil.com\/\",\"name\":\"Libairie Clavreuil\",\"description\":\"Livres anciens, manuscrits rares et \u00e9ditions originales \u2013 Librairie Clavreuil\",\"publisher\":{\"@id\":\"https:\/\/www.librairieclavreuil.com\/#organization\"},\"potentialAction\":[{\"@type\":\"SearchAction\",\"target\":{\"@type\":\"EntryPoint\",\"urlTemplate\":\"https:\/\/www.librairieclavreuil.com\/?s={search_term_string}\"},\"query-input\":{\"@type\":\"PropertyValueSpecification\",\"valueRequired\":true,\"valueName\":\"search_term_string\"}}],\"inLanguage\":\"en-US\"},{\"@type\":\"Organization\",\"@id\":\"https:\/\/www.librairieclavreuil.com\/#organization\",\"name\":\"Libairie Clavreuil\",\"url\":\"https:\/\/www.librairieclavreuil.com\/\",\"logo\":{\"@type\":\"ImageObject\",\"inLanguage\":\"en-US\",\"@id\":\"https:\/\/www.librairieclavreuil.com\/#\/schema\/logo\/image\/\",\"url\":\"https:\/\/www.librairieclavreuil.com\/wp-content\/uploads\/2021\/06\/cropped-LOGO_PNG_DATE-_gold-512x512-1.png\",\"contentUrl\":\"https:\/\/www.librairieclavreuil.com\/wp-content\/uploads\/2021\/06\/cropped-LOGO_PNG_DATE-_gold-512x512-1.png\",\"width\":512,\"height\":512,\"caption\":\"Libairie Clavreuil\"},\"image\":{\"@id\":\"https:\/\/www.librairieclavreuil.com\/#\/schema\/logo\/image\/\"},\"sameAs\":[\"https:\/\/www.instagram.com\/librairieclavreuil\/\"]}]}<\/script>\n<!-- \/ Yoast SEO plugin. -->","yoast_head_json":{"title":"MOREAU DE SAINT MERY M\u00e9d\u00e9ric-Louis Elie De la danse. - Libairie Clavreuil","robots":{"index":"index","follow":"follow","max-snippet":"max-snippet:-1","max-image-preview":"max-image-preview:large","max-video-preview":"max-video-preview:-1"},"canonical":"https:\/\/www.librairieclavreuil.com\/en\/moreau-de-saint-mery-mederic-louis-elie-de-la-danse\/","og_locale":"en_US","og_type":"article","og_title":"MOREAU DE SAINT MERY M\u00e9d\u00e9ric-Louis Elie De la danse. - Libairie Clavreuil","og_description":"12mo (126 x 86 mm) 4 nn.ll., 52 pp. Original publisher's boards (front hinge partly split).","og_url":"https:\/\/www.librairieclavreuil.com\/en\/moreau-de-saint-mery-mederic-louis-elie-de-la-danse\/","og_site_name":"Libairie Clavreuil","article_modified_time":"2024-07-16T16:44:56+00:00","og_image":[{"width":591,"height":800,"url":"https:\/\/www.librairieclavreuil.com\/wp-content\/uploads\/2024\/07\/mederic-louis-elie-moreau-de-saint-mery-de-la-danse-6724-65b7c308826dd.jpg","type":"image\/jpeg"}],"twitter_card":"summary_large_image","twitter_misc":{"Est. reading time":"1 minute"},"schema":{"@context":"https:\/\/schema.org","@graph":[{"@type":"WebPage","@id":"https:\/\/www.librairieclavreuil.com\/en\/moreau-de-saint-mery-mederic-louis-elie-de-la-danse\/","url":"https:\/\/www.librairieclavreuil.com\/en\/moreau-de-saint-mery-mederic-louis-elie-de-la-danse\/","name":"MOREAU DE SAINT MERY M\u00e9d\u00e9ric-Louis Elie De la danse. - Libairie Clavreuil","isPartOf":{"@id":"https:\/\/www.librairieclavreuil.com\/#website"},"primaryImageOfPage":{"@id":"https:\/\/www.librairieclavreuil.com\/en\/moreau-de-saint-mery-mederic-louis-elie-de-la-danse\/#primaryimage"},"image":{"@id":"https:\/\/www.librairieclavreuil.com\/en\/moreau-de-saint-mery-mederic-louis-elie-de-la-danse\/#primaryimage"},"thumbnailUrl":"https:\/\/www.librairieclavreuil.com\/wp-content\/uploads\/2024\/07\/mederic-louis-elie-moreau-de-saint-mery-de-la-danse-6724-65b7c308826dd.jpg","datePublished":"2024-07-16T16:44:41+00:00","dateModified":"2024-07-16T16:44:56+00:00","breadcrumb":{"@id":"https:\/\/www.librairieclavreuil.com\/en\/moreau-de-saint-mery-mederic-louis-elie-de-la-danse\/#breadcrumb"},"inLanguage":"en-US","potentialAction":[{"@type":"ReadAction","target":["https:\/\/www.librairieclavreuil.com\/en\/moreau-de-saint-mery-mederic-louis-elie-de-la-danse\/"]}]},{"@type":"ImageObject","inLanguage":"en-US","@id":"https:\/\/www.librairieclavreuil.com\/en\/moreau-de-saint-mery-mederic-louis-elie-de-la-danse\/#primaryimage","url":"https:\/\/www.librairieclavreuil.com\/wp-content\/uploads\/2024\/07\/mederic-louis-elie-moreau-de-saint-mery-de-la-danse-6724-65b7c308826dd.jpg","contentUrl":"https:\/\/www.librairieclavreuil.com\/wp-content\/uploads\/2024\/07\/mederic-louis-elie-moreau-de-saint-mery-de-la-danse-6724-65b7c308826dd.jpg","width":591,"height":800},{"@type":"BreadcrumbList","@id":"https:\/\/www.librairieclavreuil.com\/en\/moreau-de-saint-mery-mederic-louis-elie-de-la-danse\/#breadcrumb","itemListElement":[{"@type":"ListItem","position":1,"name":"Accueil","item":"https:\/\/www.librairieclavreuil.com\/"},{"@type":"ListItem","position":2,"name":"All our books","item":"https:\/\/www.librairieclavreuil.com\/en\/all-our-books\/"},{"@type":"ListItem","position":3,"name":"MOREAU DE SAINT MERY M\u00e9d\u00e9ric-Louis Elie De la danse."}]},{"@type":"WebSite","@id":"https:\/\/www.librairieclavreuil.com\/#website","url":"https:\/\/www.librairieclavreuil.com\/","name":"Libairie Clavreuil","description":"Livres anciens, manuscrits rares et \u00e9ditions originales \u2013 Librairie Clavreuil","publisher":{"@id":"https:\/\/www.librairieclavreuil.com\/#organization"},"potentialAction":[{"@type":"SearchAction","target":{"@type":"EntryPoint","urlTemplate":"https:\/\/www.librairieclavreuil.com\/?s={search_term_string}"},"query-input":{"@type":"PropertyValueSpecification","valueRequired":true,"valueName":"search_term_string"}}],"inLanguage":"en-US"},{"@type":"Organization","@id":"https:\/\/www.librairieclavreuil.com\/#organization","name":"Libairie Clavreuil","url":"https:\/\/www.librairieclavreuil.com\/","logo":{"@type":"ImageObject","inLanguage":"en-US","@id":"https:\/\/www.librairieclavreuil.com\/#\/schema\/logo\/image\/","url":"https:\/\/www.librairieclavreuil.com\/wp-content\/uploads\/2021\/06\/cropped-LOGO_PNG_DATE-_gold-512x512-1.png","contentUrl":"https:\/\/www.librairieclavreuil.com\/wp-content\/uploads\/2021\/06\/cropped-LOGO_PNG_DATE-_gold-512x512-1.png","width":512,"height":512,"caption":"Libairie Clavreuil"},"image":{"@id":"https:\/\/www.librairieclavreuil.com\/#\/schema\/logo\/image\/"},"sameAs":["https:\/\/www.instagram.com\/librairieclavreuil\/"]}]}},"jetpack_sharing_enabled":true,"_links":{"self":[{"href":"https:\/\/www.librairieclavreuil.com\/en\/wp-json\/wp\/v2\/product\/80461","targetHints":{"allow":["GET"]}}],"collection":[{"href":"https:\/\/www.librairieclavreuil.com\/en\/wp-json\/wp\/v2\/product"}],"about":[{"href":"https:\/\/www.librairieclavreuil.com\/en\/wp-json\/wp\/v2\/types\/product"}],"replies":[{"embeddable":true,"href":"https:\/\/www.librairieclavreuil.com\/en\/wp-json\/wp\/v2\/comments?post=80461"}],"wp:featuredmedia":[{"embeddable":true,"href":"https:\/\/www.librairieclavreuil.com\/en\/wp-json\/wp\/v2\/media\/80456"}],"wp:attachment":[{"href":"https:\/\/www.librairieclavreuil.com\/en\/wp-json\/wp\/v2\/media?parent=80461"}],"wp:term":[{"taxonomy":"product_brand","embeddable":true,"href":"https:\/\/www.librairieclavreuil.com\/en\/wp-json\/wp\/v2\/product_brand?post=80461"},{"taxonomy":"product_cat","embeddable":true,"href":"https:\/\/www.librairieclavreuil.com\/en\/wp-json\/wp\/v2\/product_cat?post=80461"},{"taxonomy":"product_tag","embeddable":true,"href":"https:\/\/www.librairieclavreuil.com\/en\/wp-json\/wp\/v2\/product_tag?post=80461"}],"curies":[{"name":"wp","href":"https:\/\/api.w.org\/{rel}","templated":true}]}}