{"id":80443,"date":"2024-07-16T18:43:53","date_gmt":"2024-07-16T16:43:53","guid":{"rendered":"https:\/\/www.librairieclavreuil.com\/aulnoy-marie-catherine-le-jumel-de-barneville-baronne-d-contes-nouveaux-ou-les-fees-a-la-mode-suivi-de-suite-des-contes-nouveaux-ou-des-fees-a-la-mode\/"},"modified":"2024-12-09T14:02:42","modified_gmt":"2024-12-09T13:02:42","slug":"aulnoy-marie-catherine-le-jumel-de-barneville-baronne-d-contes-nouveaux-ou-les-fees-a-la-mode-suivi-de-suite-des-contes-nouveaux-ou-des-fees-a-la-mode","status":"publish","type":"product","link":"https:\/\/www.librairieclavreuil.com\/en\/aulnoy-marie-catherine-le-jumel-de-barneville-baronne-d-contes-nouveaux-ou-les-fees-a-la-mode-suivi-de-suite-des-contes-nouveaux-ou-des-fees-a-la-mode\/","title":{"rendered":"AULNOY Marie Catherine Le Jumel de Barneville, baronne..."},"content":{"rendered":"<p style=\"text-align:justify\"><i>Tchemerzine-Scheler, I, 225 ; Brunet, I, 569 ; see Cioranescu, 8936-37 (for the 1698 edition) ; Mary Elizabeth Storer, La Mode des contes de f\u00e9es (1685-1700), pp. 17-41 ; Christophe Martin, \u00ab L&#8217;Illustration des contes de f\u00e9es (1697-1789) \u00bb, in : Cahiers de l&#8217;Association internationale des \u00e9tudes fran\u00e7aises, 2005, n\u00b0 57, pp. 113-132 (on line).<\/i><\/p>\n<p style=\"text-align:justify\">Very precious collection of the first group of Fairy Tales published by Madame d&#8217;Aulnoy. Together with Mother Goose by Perrault (Contes) published in 1697, the <i>Fairy Tales<\/i> by madame d&#8217;Aulnoy are at the beginning of this new literary form which became extreemely popular in the early 18th century.<\/p>\n<p style=\"text-align:justify\">The work combines the first stories published in 1698 in an edition which is unobtainable today. The French National Library owns only the first two volumes of Contes nouveaux and three copies of the Illustres f\u00e9es published the same year 1698, including two copies of the counterfait Dutch edition. Previous auction records indicate usally copies in various bindings and usually in bad condition, as the books were heavily read.<\/p>\n<p style=\"text-align:justify\">The first volume contains <i>La Princesse Carpillon, La Grenouille bien-faisante, La Biche au bois, Le Gentilhomme bourgeois, La Chatte blanche and Le Chevalier fortun\u00e9<\/i>. Volume II with: <i>Le Pigeon et la colombe, La Princesse Belle \u00c9toile, Le Prince Marcassin, Le Dauphin and Suite du Gentilhomme bourgeois.<\/i> The first two parts which are bound here together are dated 1715 and contain a new edition of the texts previously published in 1698, but are here newly illustrated with charming vignettes by Raymond, inspired by Clouzier. The following two parts united in the second volume (dated 1711) contain the second edition of the <i>Suite des Contes nouveaux<\/i>. Themerzine&#8217;s bibliographical description is based on this new edition, as he could not find a copy of the first ; the seven vignettes illustrating volume two are also by the gifted artist Raymond.<\/p>\n<p style=\"text-align:justify\">Fine copy of this rare edition, very clean and uniformly bound in contemporary calf.<\/p>\n<p style=\"text-align:justify\">Bindings expertly restored.<\/p>\n","protected":false},"excerpt":{"rendered":"<p>4 parts bound in 2 volumes, 12mo (164 x 90 mm) 2 nn.ll., 207 pp. fort part I; 2 nn.ll. (first blank), 219 pp. for part II seconde ; one frontispiece, 2 nn.ll., 216 pp. for part III ; 2 nn.ll., 209 pp., 1 nn.l. for part IV. Contemporary mottled calf, spine gilt with raised bands, red sprinkled edges.<\/p>\n","protected":false},"featured_media":80432,"comment_status":"open","ping_status":"closed","template":"","meta":{"_acf_changed":false},"product_brand":[],"product_cat":[544],"product_tag":[1239,1244],"class_list":{"0":"post-80443","1":"product","2":"type-product","3":"status-publish","4":"has-post-thumbnail","6":"product_cat-literature","7":"product_tag-17th-century-illustrations","8":"product_tag-17th-century-literature","9":"pa_auteur-aulnoy-marie-catherine-le-jumel-de-barneville-baronne-d-2","10":"pa_type-de-livre-printed-book","12":"first","13":"outofstock","14":"shipping-taxable","15":"purchasable","16":"product-type-simple"},"acf":{"artist":"Marie Catherine Le Jumel de Barneville, baronne d' AULNOY","chapeau":"","adresse_bibliographique":"Paris, Par la Compagnie des Libraires, 1715","book_type":"Printed book","provenance":"","afficher_prix":""},"yoast_head":"<!-- This site is optimized with the Yoast SEO plugin v24.7 - https:\/\/yoast.com\/wordpress\/plugins\/seo\/ -->\n<title>AULNOY Marie Catherine Le Jumel de Barneville, baronne d&#039; Contes nouveaux ou les F\u00e9es \u00e0 la mode. [Suivi de :] Suite des Contes nouveaux ou des f\u00e9es \u00e0 la mode. - Libairie Clavreuil<\/title>\n<meta name=\"robots\" content=\"index, follow, max-snippet:-1, max-image-preview:large, max-video-preview:-1\" \/>\n<link rel=\"canonical\" href=\"https:\/\/www.librairieclavreuil.com\/produit\/aulnoy-marie-catherine-le-jumel-de-barneville-baronne-d-contes-nouveaux-ou-les-fees-a-la-mode-suivi-de-suite-des-contes-nouveaux-ou-des-fees-a-la-mode\/\" \/>\n<meta property=\"og:locale\" content=\"en_US\" \/>\n<meta property=\"og:type\" content=\"article\" \/>\n<meta property=\"og:title\" content=\"AULNOY Marie Catherine Le Jumel de Barneville, baronne d&#039; Contes nouveaux ou les F\u00e9es \u00e0 la mode. [Suivi de :] Suite des Contes nouveaux ou des f\u00e9es \u00e0 la mode. - Libairie Clavreuil\" \/>\n<meta property=\"og:description\" content=\"4 parts bound in 2 volumes, 12mo (164 x 90 mm) 2 nn.ll., 207 pp. fort part I; 2 nn.ll. (first blank), 219 pp. for part II seconde ; one frontispiece, 2 nn.ll., 216 pp. for part III ; 2 nn.ll., 209 pp., 1 nn.l. for part IV. Contemporary mottled calf, spine gilt with raised bands, red sprinkled edges.\" \/>\n<meta property=\"og:url\" content=\"https:\/\/www.librairieclavreuil.com\/produit\/aulnoy-marie-catherine-le-jumel-de-barneville-baronne-d-contes-nouveaux-ou-les-fees-a-la-mode-suivi-de-suite-des-contes-nouveaux-ou-des-fees-a-la-mode\/\" \/>\n<meta property=\"og:site_name\" content=\"Libairie Clavreuil\" \/>\n<meta property=\"article:modified_time\" content=\"2024-12-09T13:02:42+00:00\" \/>\n<meta property=\"og:image\" content=\"https:\/\/www.librairieclavreuil.com\/wp-content\/uploads\/2024\/07\/marie-catherine-le-jumel-de-barneville-aulnoy-contes-nouveaux-ou-les-fees-a-la-mode-suivi-de-suite-des-contes-nouveaux-ou-des-fees-a-la-mode-4429-6601.jpg\" \/>\n\t<meta property=\"og:image:width\" content=\"469\" \/>\n\t<meta property=\"og:image:height\" content=\"800\" \/>\n\t<meta property=\"og:image:type\" content=\"image\/jpeg\" \/>\n<meta name=\"twitter:card\" content=\"summary_large_image\" \/>\n<meta name=\"twitter:label1\" content=\"Est. reading time\" \/>\n\t<meta name=\"twitter:data1\" content=\"2 minutes\" \/>\n<script type=\"application\/ld+json\" class=\"yoast-schema-graph\">{\"@context\":\"https:\/\/schema.org\",\"@graph\":[{\"@type\":\"WebPage\",\"@id\":\"https:\/\/www.librairieclavreuil.com\/produit\/aulnoy-marie-catherine-le-jumel-de-barneville-baronne-d-contes-nouveaux-ou-les-fees-a-la-mode-suivi-de-suite-des-contes-nouveaux-ou-des-fees-a-la-mode\/\",\"url\":\"https:\/\/www.librairieclavreuil.com\/produit\/aulnoy-marie-catherine-le-jumel-de-barneville-baronne-d-contes-nouveaux-ou-les-fees-a-la-mode-suivi-de-suite-des-contes-nouveaux-ou-des-fees-a-la-mode\/\",\"name\":\"AULNOY Marie Catherine Le Jumel de Barneville, baronne d' Contes nouveaux ou les F\u00e9es \u00e0 la mode. [Suivi de :] Suite des Contes nouveaux ou des f\u00e9es \u00e0 la mode. - Libairie Clavreuil\",\"isPartOf\":{\"@id\":\"https:\/\/www.librairieclavreuil.com\/#website\"},\"primaryImageOfPage\":{\"@id\":\"https:\/\/www.librairieclavreuil.com\/produit\/aulnoy-marie-catherine-le-jumel-de-barneville-baronne-d-contes-nouveaux-ou-les-fees-a-la-mode-suivi-de-suite-des-contes-nouveaux-ou-des-fees-a-la-mode\/#primaryimage\"},\"image\":{\"@id\":\"https:\/\/www.librairieclavreuil.com\/produit\/aulnoy-marie-catherine-le-jumel-de-barneville-baronne-d-contes-nouveaux-ou-les-fees-a-la-mode-suivi-de-suite-des-contes-nouveaux-ou-des-fees-a-la-mode\/#primaryimage\"},\"thumbnailUrl\":\"https:\/\/www.librairieclavreuil.com\/wp-content\/uploads\/2024\/07\/marie-catherine-le-jumel-de-barneville-aulnoy-contes-nouveaux-ou-les-fees-a-la-mode-suivi-de-suite-des-contes-nouveaux-ou-des-fees-a-la-mode-4429-6601.jpg\",\"datePublished\":\"2024-07-16T16:43:53+00:00\",\"dateModified\":\"2024-12-09T13:02:42+00:00\",\"breadcrumb\":{\"@id\":\"https:\/\/www.librairieclavreuil.com\/produit\/aulnoy-marie-catherine-le-jumel-de-barneville-baronne-d-contes-nouveaux-ou-les-fees-a-la-mode-suivi-de-suite-des-contes-nouveaux-ou-des-fees-a-la-mode\/#breadcrumb\"},\"inLanguage\":\"en-US\",\"potentialAction\":[{\"@type\":\"ReadAction\",\"target\":[\"https:\/\/www.librairieclavreuil.com\/produit\/aulnoy-marie-catherine-le-jumel-de-barneville-baronne-d-contes-nouveaux-ou-les-fees-a-la-mode-suivi-de-suite-des-contes-nouveaux-ou-des-fees-a-la-mode\/\"]}]},{\"@type\":\"ImageObject\",\"inLanguage\":\"en-US\",\"@id\":\"https:\/\/www.librairieclavreuil.com\/produit\/aulnoy-marie-catherine-le-jumel-de-barneville-baronne-d-contes-nouveaux-ou-les-fees-a-la-mode-suivi-de-suite-des-contes-nouveaux-ou-des-fees-a-la-mode\/#primaryimage\",\"url\":\"https:\/\/www.librairieclavreuil.com\/wp-content\/uploads\/2024\/07\/marie-catherine-le-jumel-de-barneville-aulnoy-contes-nouveaux-ou-les-fees-a-la-mode-suivi-de-suite-des-contes-nouveaux-ou-des-fees-a-la-mode-4429-6601.jpg\",\"contentUrl\":\"https:\/\/www.librairieclavreuil.com\/wp-content\/uploads\/2024\/07\/marie-catherine-le-jumel-de-barneville-aulnoy-contes-nouveaux-ou-les-fees-a-la-mode-suivi-de-suite-des-contes-nouveaux-ou-des-fees-a-la-mode-4429-6601.jpg\",\"width\":469,\"height\":800},{\"@type\":\"BreadcrumbList\",\"@id\":\"https:\/\/www.librairieclavreuil.com\/produit\/aulnoy-marie-catherine-le-jumel-de-barneville-baronne-d-contes-nouveaux-ou-les-fees-a-la-mode-suivi-de-suite-des-contes-nouveaux-ou-des-fees-a-la-mode\/#breadcrumb\",\"itemListElement\":[{\"@type\":\"ListItem\",\"position\":1,\"name\":\"Accueil\",\"item\":\"https:\/\/www.librairieclavreuil.com\/\"},{\"@type\":\"ListItem\",\"position\":2,\"name\":\"All our books\",\"item\":\"https:\/\/www.librairieclavreuil.com\/en\/all-our-books\/\"},{\"@type\":\"ListItem\",\"position\":3,\"name\":\"AULNOY Marie Catherine Le Jumel de Barneville, baronne...\"}]},{\"@type\":\"WebSite\",\"@id\":\"https:\/\/www.librairieclavreuil.com\/#website\",\"url\":\"https:\/\/www.librairieclavreuil.com\/\",\"name\":\"Libairie Clavreuil\",\"description\":\"Livres anciens, manuscrits rares et \u00e9ditions originales \u2013 Librairie Clavreuil\",\"publisher\":{\"@id\":\"https:\/\/www.librairieclavreuil.com\/#organization\"},\"potentialAction\":[{\"@type\":\"SearchAction\",\"target\":{\"@type\":\"EntryPoint\",\"urlTemplate\":\"https:\/\/www.librairieclavreuil.com\/?s={search_term_string}\"},\"query-input\":{\"@type\":\"PropertyValueSpecification\",\"valueRequired\":true,\"valueName\":\"search_term_string\"}}],\"inLanguage\":\"en-US\"},{\"@type\":\"Organization\",\"@id\":\"https:\/\/www.librairieclavreuil.com\/#organization\",\"name\":\"Libairie Clavreuil\",\"url\":\"https:\/\/www.librairieclavreuil.com\/\",\"logo\":{\"@type\":\"ImageObject\",\"inLanguage\":\"en-US\",\"@id\":\"https:\/\/www.librairieclavreuil.com\/#\/schema\/logo\/image\/\",\"url\":\"https:\/\/www.librairieclavreuil.com\/wp-content\/uploads\/2021\/06\/cropped-LOGO_PNG_DATE-_gold-512x512-1.png\",\"contentUrl\":\"https:\/\/www.librairieclavreuil.com\/wp-content\/uploads\/2021\/06\/cropped-LOGO_PNG_DATE-_gold-512x512-1.png\",\"width\":512,\"height\":512,\"caption\":\"Libairie Clavreuil\"},\"image\":{\"@id\":\"https:\/\/www.librairieclavreuil.com\/#\/schema\/logo\/image\/\"},\"sameAs\":[\"https:\/\/www.instagram.com\/librairieclavreuil\/\"]}]}<\/script>\n<!-- \/ Yoast SEO plugin. -->","yoast_head_json":{"title":"AULNOY Marie Catherine Le Jumel de Barneville, baronne d' Contes nouveaux ou les F\u00e9es \u00e0 la mode. [Suivi de :] Suite des Contes nouveaux ou des f\u00e9es \u00e0 la mode. - Libairie Clavreuil","robots":{"index":"index","follow":"follow","max-snippet":"max-snippet:-1","max-image-preview":"max-image-preview:large","max-video-preview":"max-video-preview:-1"},"canonical":"https:\/\/www.librairieclavreuil.com\/produit\/aulnoy-marie-catherine-le-jumel-de-barneville-baronne-d-contes-nouveaux-ou-les-fees-a-la-mode-suivi-de-suite-des-contes-nouveaux-ou-des-fees-a-la-mode\/","og_locale":"en_US","og_type":"article","og_title":"AULNOY Marie Catherine Le Jumel de Barneville, baronne d' Contes nouveaux ou les F\u00e9es \u00e0 la mode. [Suivi de :] Suite des Contes nouveaux ou des f\u00e9es \u00e0 la mode. - Libairie Clavreuil","og_description":"4 parts bound in 2 volumes, 12mo (164 x 90 mm) 2 nn.ll., 207 pp. fort part I; 2 nn.ll. (first blank), 219 pp. for part II seconde ; one frontispiece, 2 nn.ll., 216 pp. for part III ; 2 nn.ll., 209 pp., 1 nn.l. for part IV. Contemporary mottled calf, spine gilt with raised bands, red sprinkled edges.","og_url":"https:\/\/www.librairieclavreuil.com\/produit\/aulnoy-marie-catherine-le-jumel-de-barneville-baronne-d-contes-nouveaux-ou-les-fees-a-la-mode-suivi-de-suite-des-contes-nouveaux-ou-des-fees-a-la-mode\/","og_site_name":"Libairie Clavreuil","article_modified_time":"2024-12-09T13:02:42+00:00","og_image":[{"width":469,"height":800,"url":"https:\/\/www.librairieclavreuil.com\/wp-content\/uploads\/2024\/07\/marie-catherine-le-jumel-de-barneville-aulnoy-contes-nouveaux-ou-les-fees-a-la-mode-suivi-de-suite-des-contes-nouveaux-ou-des-fees-a-la-mode-4429-6601.jpg","type":"image\/jpeg"}],"twitter_card":"summary_large_image","twitter_misc":{"Est. reading time":"2 minutes"},"schema":{"@context":"https:\/\/schema.org","@graph":[{"@type":"WebPage","@id":"https:\/\/www.librairieclavreuil.com\/produit\/aulnoy-marie-catherine-le-jumel-de-barneville-baronne-d-contes-nouveaux-ou-les-fees-a-la-mode-suivi-de-suite-des-contes-nouveaux-ou-des-fees-a-la-mode\/","url":"https:\/\/www.librairieclavreuil.com\/produit\/aulnoy-marie-catherine-le-jumel-de-barneville-baronne-d-contes-nouveaux-ou-les-fees-a-la-mode-suivi-de-suite-des-contes-nouveaux-ou-des-fees-a-la-mode\/","name":"AULNOY Marie Catherine Le Jumel de Barneville, baronne d' Contes nouveaux ou les F\u00e9es \u00e0 la mode. [Suivi de :] Suite des Contes nouveaux ou des f\u00e9es \u00e0 la mode. - Libairie Clavreuil","isPartOf":{"@id":"https:\/\/www.librairieclavreuil.com\/#website"},"primaryImageOfPage":{"@id":"https:\/\/www.librairieclavreuil.com\/produit\/aulnoy-marie-catherine-le-jumel-de-barneville-baronne-d-contes-nouveaux-ou-les-fees-a-la-mode-suivi-de-suite-des-contes-nouveaux-ou-des-fees-a-la-mode\/#primaryimage"},"image":{"@id":"https:\/\/www.librairieclavreuil.com\/produit\/aulnoy-marie-catherine-le-jumel-de-barneville-baronne-d-contes-nouveaux-ou-les-fees-a-la-mode-suivi-de-suite-des-contes-nouveaux-ou-des-fees-a-la-mode\/#primaryimage"},"thumbnailUrl":"https:\/\/www.librairieclavreuil.com\/wp-content\/uploads\/2024\/07\/marie-catherine-le-jumel-de-barneville-aulnoy-contes-nouveaux-ou-les-fees-a-la-mode-suivi-de-suite-des-contes-nouveaux-ou-des-fees-a-la-mode-4429-6601.jpg","datePublished":"2024-07-16T16:43:53+00:00","dateModified":"2024-12-09T13:02:42+00:00","breadcrumb":{"@id":"https:\/\/www.librairieclavreuil.com\/produit\/aulnoy-marie-catherine-le-jumel-de-barneville-baronne-d-contes-nouveaux-ou-les-fees-a-la-mode-suivi-de-suite-des-contes-nouveaux-ou-des-fees-a-la-mode\/#breadcrumb"},"inLanguage":"en-US","potentialAction":[{"@type":"ReadAction","target":["https:\/\/www.librairieclavreuil.com\/produit\/aulnoy-marie-catherine-le-jumel-de-barneville-baronne-d-contes-nouveaux-ou-les-fees-a-la-mode-suivi-de-suite-des-contes-nouveaux-ou-des-fees-a-la-mode\/"]}]},{"@type":"ImageObject","inLanguage":"en-US","@id":"https:\/\/www.librairieclavreuil.com\/produit\/aulnoy-marie-catherine-le-jumel-de-barneville-baronne-d-contes-nouveaux-ou-les-fees-a-la-mode-suivi-de-suite-des-contes-nouveaux-ou-des-fees-a-la-mode\/#primaryimage","url":"https:\/\/www.librairieclavreuil.com\/wp-content\/uploads\/2024\/07\/marie-catherine-le-jumel-de-barneville-aulnoy-contes-nouveaux-ou-les-fees-a-la-mode-suivi-de-suite-des-contes-nouveaux-ou-des-fees-a-la-mode-4429-6601.jpg","contentUrl":"https:\/\/www.librairieclavreuil.com\/wp-content\/uploads\/2024\/07\/marie-catherine-le-jumel-de-barneville-aulnoy-contes-nouveaux-ou-les-fees-a-la-mode-suivi-de-suite-des-contes-nouveaux-ou-des-fees-a-la-mode-4429-6601.jpg","width":469,"height":800},{"@type":"BreadcrumbList","@id":"https:\/\/www.librairieclavreuil.com\/produit\/aulnoy-marie-catherine-le-jumel-de-barneville-baronne-d-contes-nouveaux-ou-les-fees-a-la-mode-suivi-de-suite-des-contes-nouveaux-ou-des-fees-a-la-mode\/#breadcrumb","itemListElement":[{"@type":"ListItem","position":1,"name":"Accueil","item":"https:\/\/www.librairieclavreuil.com\/"},{"@type":"ListItem","position":2,"name":"All our books","item":"https:\/\/www.librairieclavreuil.com\/en\/all-our-books\/"},{"@type":"ListItem","position":3,"name":"AULNOY Marie Catherine Le Jumel de Barneville, baronne..."}]},{"@type":"WebSite","@id":"https:\/\/www.librairieclavreuil.com\/#website","url":"https:\/\/www.librairieclavreuil.com\/","name":"Libairie Clavreuil","description":"Livres anciens, manuscrits rares et \u00e9ditions originales \u2013 Librairie Clavreuil","publisher":{"@id":"https:\/\/www.librairieclavreuil.com\/#organization"},"potentialAction":[{"@type":"SearchAction","target":{"@type":"EntryPoint","urlTemplate":"https:\/\/www.librairieclavreuil.com\/?s={search_term_string}"},"query-input":{"@type":"PropertyValueSpecification","valueRequired":true,"valueName":"search_term_string"}}],"inLanguage":"en-US"},{"@type":"Organization","@id":"https:\/\/www.librairieclavreuil.com\/#organization","name":"Libairie Clavreuil","url":"https:\/\/www.librairieclavreuil.com\/","logo":{"@type":"ImageObject","inLanguage":"en-US","@id":"https:\/\/www.librairieclavreuil.com\/#\/schema\/logo\/image\/","url":"https:\/\/www.librairieclavreuil.com\/wp-content\/uploads\/2021\/06\/cropped-LOGO_PNG_DATE-_gold-512x512-1.png","contentUrl":"https:\/\/www.librairieclavreuil.com\/wp-content\/uploads\/2021\/06\/cropped-LOGO_PNG_DATE-_gold-512x512-1.png","width":512,"height":512,"caption":"Libairie Clavreuil"},"image":{"@id":"https:\/\/www.librairieclavreuil.com\/#\/schema\/logo\/image\/"},"sameAs":["https:\/\/www.instagram.com\/librairieclavreuil\/"]}]}},"jetpack_sharing_enabled":true,"_links":{"self":[{"href":"https:\/\/www.librairieclavreuil.com\/en\/wp-json\/wp\/v2\/product\/80443","targetHints":{"allow":["GET"]}}],"collection":[{"href":"https:\/\/www.librairieclavreuil.com\/en\/wp-json\/wp\/v2\/product"}],"about":[{"href":"https:\/\/www.librairieclavreuil.com\/en\/wp-json\/wp\/v2\/types\/product"}],"replies":[{"embeddable":true,"href":"https:\/\/www.librairieclavreuil.com\/en\/wp-json\/wp\/v2\/comments?post=80443"}],"wp:featuredmedia":[{"embeddable":true,"href":"https:\/\/www.librairieclavreuil.com\/en\/wp-json\/wp\/v2\/media\/80432"}],"wp:attachment":[{"href":"https:\/\/www.librairieclavreuil.com\/en\/wp-json\/wp\/v2\/media?parent=80443"}],"wp:term":[{"taxonomy":"product_brand","embeddable":true,"href":"https:\/\/www.librairieclavreuil.com\/en\/wp-json\/wp\/v2\/product_brand?post=80443"},{"taxonomy":"product_cat","embeddable":true,"href":"https:\/\/www.librairieclavreuil.com\/en\/wp-json\/wp\/v2\/product_cat?post=80443"},{"taxonomy":"product_tag","embeddable":true,"href":"https:\/\/www.librairieclavreuil.com\/en\/wp-json\/wp\/v2\/product_tag?post=80443"}],"curies":[{"name":"wp","href":"https:\/\/api.w.org\/{rel}","templated":true}]}}