{"id":80405,"date":"2024-07-16T11:28:05","date_gmt":"2024-07-16T09:28:05","guid":{"rendered":"https:\/\/www.librairieclavreuil.com\/dibdin-thomas-frognall-lettre-neuvieme-relative-a-la-bibliotheque-publique-de-rouen-traduite-de-langlais-avec-des-notes-par-m-theodore-licquet-conservateur-de-cette-bibliotheque\/"},"modified":"2025-04-08T11:35:42","modified_gmt":"2025-04-08T09:35:42","slug":"dibdin-thomas-frognall-lettre-neuvieme-relative-a-la-bibliotheque-publique-de-rouen-traduite-de-langlais-avec-des-notes-par-m-theodore-licquet-conservateur-de-cette-bibliotheque","status":"publish","type":"product","link":"https:\/\/www.librairieclavreuil.com\/en\/dibdin-thomas-frognall-lettre-neuvieme-relative-a-la-bibliotheque-publique-de-rouen-traduite-de-langlais-avec-des-notes-par-m-theodore-licquet-conservateur-de-cette-bibliotheque\/","title":{"rendered":"DIBDIN Thomas Frognall Lettre neuvi\u00e8me relative \u00e0 la..."},"content":{"rendered":"<p style=\"text-align:justify\"><span style=\"font-variant:small-caps\">First edition and large paper copy<\/span> <span style=\"font-variant:small-caps\">of the translation of Dibdin&#8217;s ninth letter, published in his <\/span><i><span style=\"font-variant:small-caps\">Voyage pittoresque en France et en Allemagne relatif \u00e0 la bibliographie et aux antiquit\u00e9s<\/span><\/i><span style=\"font-variant:small-caps\">.<\/span><\/p>\n<p style=\"text-align:justify\">Like all Dibdin&#8217;s other letters, this one also provoked responses from the people concerned. In this ninth letter, the librarian of Rouen takes the floor.<\/p>\n<p style=\"text-align:justify\">&#8220;La l\u00e9g\u00e8ret\u00e9 du style est peu en harmonie avec le fond du travail; la malignit\u00e9 des id\u00e9es contraste d\u00e9savantageusement avec la gravit\u00e9 que l&#8217;on peut supposer \u00e0 l&#8217;auteur. Des observations futiles, des d\u00e9tails sans int\u00e9r\u00eat, des remarques, il faut bien le dire, o\u00f9 les convenances sont trop souvent m\u00e9connues&#8230;&#8221; (p.7). Some overall light foxing.<\/p>\n<p style=\"text-align:justify\">Provenance : Crapelet, donn\u00e9 \u00e0 J.J. de Bure (note on inner cover : <i>&#8220;collationn\u00e9 complet, le 7 d\u00e9cembre 1821. J.J. de Bure fils a\u00een\u00e9. Ce livre m&#8217;a \u00e9t\u00e9 donn\u00e9 par M. Crapelet&#8221;<\/i>) &#8211; bookplates of Du Charmel and Robert S. Pirie (his sale, New York, 2015).<\/p>\n","protected":false},"excerpt":{"rendered":"<p>Large 8vo (267 x 172 mm) 48 pp. Contemporary longr grained red boards, decorative gilt border on covers, flat spine.<\/p>\n","protected":false},"featured_media":80400,"comment_status":"open","ping_status":"closed","template":"","meta":{"_acf_changed":false},"product_brand":[],"product_cat":[544],"product_tag":[1248,1450],"class_list":{"0":"post-80405","1":"product","2":"type-product","3":"status-publish","4":"has-post-thumbnail","6":"product_cat-literature","7":"product_tag-bibliography","8":"product_tag-first-edition","9":"pa_auteur-dibdin-thomas-frognall-2","10":"pa_type-de-livre-printed-book","12":"first","13":"instock","14":"shipping-taxable","15":"purchasable","16":"product-type-simple"},"acf":{"artist":" Thomas Frognall DIBDIN","chapeau":"","adresse_bibliographique":"Paris, Crapelet, 1821","book_type":"Printed book","provenance":"","afficher_prix":""},"yoast_head":"<!-- This site is optimized with the Yoast SEO plugin v24.7 - https:\/\/yoast.com\/wordpress\/plugins\/seo\/ -->\n<title>DIBDIN Thomas Frognall Lettre neuvi\u00e8me relative \u00e0 la biblioth\u00e8que publique de Rouen, traduite de l&#039;anglais, avec des notes, par M. Th[\u00e9odo]re Licquet, conservateur de cette biblioth\u00e8que. - Libairie Clavreuil<\/title>\n<meta name=\"robots\" content=\"index, follow, max-snippet:-1, max-image-preview:large, max-video-preview:-1\" \/>\n<link rel=\"canonical\" href=\"https:\/\/www.librairieclavreuil.com\/en\/dibdin-thomas-frognall-lettre-neuvieme-relative-a-la-bibliotheque-publique-de-rouen-traduite-de-langlais-avec-des-notes-par-m-theodore-licquet-conservateur-de-cette-bibliotheque\/\" \/>\n<meta property=\"og:locale\" content=\"en_US\" \/>\n<meta property=\"og:type\" content=\"article\" \/>\n<meta property=\"og:title\" content=\"DIBDIN Thomas Frognall Lettre neuvi\u00e8me relative \u00e0 la biblioth\u00e8que publique de Rouen, traduite de l&#039;anglais, avec des notes, par M. Th[\u00e9odo]re Licquet, conservateur de cette biblioth\u00e8que. - Libairie Clavreuil\" \/>\n<meta property=\"og:description\" content=\"Large 8vo (267 x 172 mm) 48 pp. Contemporary longr grained red boards, decorative gilt border on covers, flat spine.\" \/>\n<meta property=\"og:url\" content=\"https:\/\/www.librairieclavreuil.com\/en\/dibdin-thomas-frognall-lettre-neuvieme-relative-a-la-bibliotheque-publique-de-rouen-traduite-de-langlais-avec-des-notes-par-m-theodore-licquet-conservateur-de-cette-bibliotheque\/\" \/>\n<meta property=\"og:site_name\" content=\"Libairie Clavreuil\" \/>\n<meta property=\"article:modified_time\" content=\"2025-04-08T09:35:42+00:00\" \/>\n<meta property=\"og:image\" content=\"https:\/\/www.librairieclavreuil.com\/wp-content\/uploads\/2024\/07\/thomas-frognall-dibdin-lettre-neuvieme-relative-a-la-bibliotheque-publique-de-rouen-traduite-de-l-anglais-avec-des-notes-par-m-th-eodo-re-licquet-cons.jpg\" \/>\n\t<meta property=\"og:image:width\" content=\"600\" \/>\n\t<meta property=\"og:image:height\" content=\"800\" \/>\n\t<meta property=\"og:image:type\" content=\"image\/jpeg\" \/>\n<meta name=\"twitter:card\" content=\"summary_large_image\" \/>\n<meta name=\"twitter:label1\" content=\"Est. reading time\" \/>\n\t<meta name=\"twitter:data1\" content=\"1 minute\" \/>\n<script type=\"application\/ld+json\" class=\"yoast-schema-graph\">{\"@context\":\"https:\/\/schema.org\",\"@graph\":[{\"@type\":\"WebPage\",\"@id\":\"https:\/\/www.librairieclavreuil.com\/en\/dibdin-thomas-frognall-lettre-neuvieme-relative-a-la-bibliotheque-publique-de-rouen-traduite-de-langlais-avec-des-notes-par-m-theodore-licquet-conservateur-de-cette-bibliotheque\/\",\"url\":\"https:\/\/www.librairieclavreuil.com\/en\/dibdin-thomas-frognall-lettre-neuvieme-relative-a-la-bibliotheque-publique-de-rouen-traduite-de-langlais-avec-des-notes-par-m-theodore-licquet-conservateur-de-cette-bibliotheque\/\",\"name\":\"DIBDIN Thomas Frognall Lettre neuvi\u00e8me relative \u00e0 la biblioth\u00e8que publique de Rouen, traduite de l'anglais, avec des notes, par M. Th[\u00e9odo]re Licquet, conservateur de cette biblioth\u00e8que. - Libairie Clavreuil\",\"isPartOf\":{\"@id\":\"https:\/\/www.librairieclavreuil.com\/#website\"},\"primaryImageOfPage\":{\"@id\":\"https:\/\/www.librairieclavreuil.com\/en\/dibdin-thomas-frognall-lettre-neuvieme-relative-a-la-bibliotheque-publique-de-rouen-traduite-de-langlais-avec-des-notes-par-m-theodore-licquet-conservateur-de-cette-bibliotheque\/#primaryimage\"},\"image\":{\"@id\":\"https:\/\/www.librairieclavreuil.com\/en\/dibdin-thomas-frognall-lettre-neuvieme-relative-a-la-bibliotheque-publique-de-rouen-traduite-de-langlais-avec-des-notes-par-m-theodore-licquet-conservateur-de-cette-bibliotheque\/#primaryimage\"},\"thumbnailUrl\":\"https:\/\/www.librairieclavreuil.com\/wp-content\/uploads\/2024\/07\/thomas-frognall-dibdin-lettre-neuvieme-relative-a-la-bibliotheque-publique-de-rouen-traduite-de-l-anglais-avec-des-notes-par-m-th-eodo-re-licquet-cons.jpg\",\"datePublished\":\"2024-07-16T09:28:05+00:00\",\"dateModified\":\"2025-04-08T09:35:42+00:00\",\"breadcrumb\":{\"@id\":\"https:\/\/www.librairieclavreuil.com\/en\/dibdin-thomas-frognall-lettre-neuvieme-relative-a-la-bibliotheque-publique-de-rouen-traduite-de-langlais-avec-des-notes-par-m-theodore-licquet-conservateur-de-cette-bibliotheque\/#breadcrumb\"},\"inLanguage\":\"en-US\",\"potentialAction\":[{\"@type\":\"ReadAction\",\"target\":[\"https:\/\/www.librairieclavreuil.com\/en\/dibdin-thomas-frognall-lettre-neuvieme-relative-a-la-bibliotheque-publique-de-rouen-traduite-de-langlais-avec-des-notes-par-m-theodore-licquet-conservateur-de-cette-bibliotheque\/\"]}]},{\"@type\":\"ImageObject\",\"inLanguage\":\"en-US\",\"@id\":\"https:\/\/www.librairieclavreuil.com\/en\/dibdin-thomas-frognall-lettre-neuvieme-relative-a-la-bibliotheque-publique-de-rouen-traduite-de-langlais-avec-des-notes-par-m-theodore-licquet-conservateur-de-cette-bibliotheque\/#primaryimage\",\"url\":\"https:\/\/www.librairieclavreuil.com\/wp-content\/uploads\/2024\/07\/thomas-frognall-dibdin-lettre-neuvieme-relative-a-la-bibliotheque-publique-de-rouen-traduite-de-l-anglais-avec-des-notes-par-m-th-eodo-re-licquet-cons.jpg\",\"contentUrl\":\"https:\/\/www.librairieclavreuil.com\/wp-content\/uploads\/2024\/07\/thomas-frognall-dibdin-lettre-neuvieme-relative-a-la-bibliotheque-publique-de-rouen-traduite-de-l-anglais-avec-des-notes-par-m-th-eodo-re-licquet-cons.jpg\",\"width\":600,\"height\":800},{\"@type\":\"BreadcrumbList\",\"@id\":\"https:\/\/www.librairieclavreuil.com\/en\/dibdin-thomas-frognall-lettre-neuvieme-relative-a-la-bibliotheque-publique-de-rouen-traduite-de-langlais-avec-des-notes-par-m-theodore-licquet-conservateur-de-cette-bibliotheque\/#breadcrumb\",\"itemListElement\":[{\"@type\":\"ListItem\",\"position\":1,\"name\":\"Accueil\",\"item\":\"https:\/\/www.librairieclavreuil.com\/\"},{\"@type\":\"ListItem\",\"position\":2,\"name\":\"All our books\",\"item\":\"https:\/\/www.librairieclavreuil.com\/en\/all-our-books\/\"},{\"@type\":\"ListItem\",\"position\":3,\"name\":\"DIBDIN Thomas Frognall Lettre neuvi\u00e8me relative \u00e0 la...\"}]},{\"@type\":\"WebSite\",\"@id\":\"https:\/\/www.librairieclavreuil.com\/#website\",\"url\":\"https:\/\/www.librairieclavreuil.com\/\",\"name\":\"Libairie Clavreuil\",\"description\":\"Livres anciens, manuscrits rares et \u00e9ditions originales \u2013 Librairie Clavreuil\",\"publisher\":{\"@id\":\"https:\/\/www.librairieclavreuil.com\/#organization\"},\"potentialAction\":[{\"@type\":\"SearchAction\",\"target\":{\"@type\":\"EntryPoint\",\"urlTemplate\":\"https:\/\/www.librairieclavreuil.com\/?s={search_term_string}\"},\"query-input\":{\"@type\":\"PropertyValueSpecification\",\"valueRequired\":true,\"valueName\":\"search_term_string\"}}],\"inLanguage\":\"en-US\"},{\"@type\":\"Organization\",\"@id\":\"https:\/\/www.librairieclavreuil.com\/#organization\",\"name\":\"Libairie Clavreuil\",\"url\":\"https:\/\/www.librairieclavreuil.com\/\",\"logo\":{\"@type\":\"ImageObject\",\"inLanguage\":\"en-US\",\"@id\":\"https:\/\/www.librairieclavreuil.com\/#\/schema\/logo\/image\/\",\"url\":\"https:\/\/www.librairieclavreuil.com\/wp-content\/uploads\/2021\/06\/cropped-LOGO_PNG_DATE-_gold-512x512-1.png\",\"contentUrl\":\"https:\/\/www.librairieclavreuil.com\/wp-content\/uploads\/2021\/06\/cropped-LOGO_PNG_DATE-_gold-512x512-1.png\",\"width\":512,\"height\":512,\"caption\":\"Libairie Clavreuil\"},\"image\":{\"@id\":\"https:\/\/www.librairieclavreuil.com\/#\/schema\/logo\/image\/\"},\"sameAs\":[\"https:\/\/www.instagram.com\/librairieclavreuil\/\"]}]}<\/script>\n<!-- \/ Yoast SEO plugin. -->","yoast_head_json":{"title":"DIBDIN Thomas Frognall Lettre neuvi\u00e8me relative \u00e0 la biblioth\u00e8que publique de Rouen, traduite de l'anglais, avec des notes, par M. Th[\u00e9odo]re Licquet, conservateur de cette biblioth\u00e8que. - Libairie Clavreuil","robots":{"index":"index","follow":"follow","max-snippet":"max-snippet:-1","max-image-preview":"max-image-preview:large","max-video-preview":"max-video-preview:-1"},"canonical":"https:\/\/www.librairieclavreuil.com\/en\/dibdin-thomas-frognall-lettre-neuvieme-relative-a-la-bibliotheque-publique-de-rouen-traduite-de-langlais-avec-des-notes-par-m-theodore-licquet-conservateur-de-cette-bibliotheque\/","og_locale":"en_US","og_type":"article","og_title":"DIBDIN Thomas Frognall Lettre neuvi\u00e8me relative \u00e0 la biblioth\u00e8que publique de Rouen, traduite de l'anglais, avec des notes, par M. Th[\u00e9odo]re Licquet, conservateur de cette biblioth\u00e8que. - Libairie Clavreuil","og_description":"Large 8vo (267 x 172 mm) 48 pp. Contemporary longr grained red boards, decorative gilt border on covers, flat spine.","og_url":"https:\/\/www.librairieclavreuil.com\/en\/dibdin-thomas-frognall-lettre-neuvieme-relative-a-la-bibliotheque-publique-de-rouen-traduite-de-langlais-avec-des-notes-par-m-theodore-licquet-conservateur-de-cette-bibliotheque\/","og_site_name":"Libairie Clavreuil","article_modified_time":"2025-04-08T09:35:42+00:00","og_image":[{"width":600,"height":800,"url":"https:\/\/www.librairieclavreuil.com\/wp-content\/uploads\/2024\/07\/thomas-frognall-dibdin-lettre-neuvieme-relative-a-la-bibliotheque-publique-de-rouen-traduite-de-l-anglais-avec-des-notes-par-m-th-eodo-re-licquet-cons.jpg","type":"image\/jpeg"}],"twitter_card":"summary_large_image","twitter_misc":{"Est. reading time":"1 minute"},"schema":{"@context":"https:\/\/schema.org","@graph":[{"@type":"WebPage","@id":"https:\/\/www.librairieclavreuil.com\/en\/dibdin-thomas-frognall-lettre-neuvieme-relative-a-la-bibliotheque-publique-de-rouen-traduite-de-langlais-avec-des-notes-par-m-theodore-licquet-conservateur-de-cette-bibliotheque\/","url":"https:\/\/www.librairieclavreuil.com\/en\/dibdin-thomas-frognall-lettre-neuvieme-relative-a-la-bibliotheque-publique-de-rouen-traduite-de-langlais-avec-des-notes-par-m-theodore-licquet-conservateur-de-cette-bibliotheque\/","name":"DIBDIN Thomas Frognall Lettre neuvi\u00e8me relative \u00e0 la biblioth\u00e8que publique de Rouen, traduite de l'anglais, avec des notes, par M. Th[\u00e9odo]re Licquet, conservateur de cette biblioth\u00e8que. - Libairie Clavreuil","isPartOf":{"@id":"https:\/\/www.librairieclavreuil.com\/#website"},"primaryImageOfPage":{"@id":"https:\/\/www.librairieclavreuil.com\/en\/dibdin-thomas-frognall-lettre-neuvieme-relative-a-la-bibliotheque-publique-de-rouen-traduite-de-langlais-avec-des-notes-par-m-theodore-licquet-conservateur-de-cette-bibliotheque\/#primaryimage"},"image":{"@id":"https:\/\/www.librairieclavreuil.com\/en\/dibdin-thomas-frognall-lettre-neuvieme-relative-a-la-bibliotheque-publique-de-rouen-traduite-de-langlais-avec-des-notes-par-m-theodore-licquet-conservateur-de-cette-bibliotheque\/#primaryimage"},"thumbnailUrl":"https:\/\/www.librairieclavreuil.com\/wp-content\/uploads\/2024\/07\/thomas-frognall-dibdin-lettre-neuvieme-relative-a-la-bibliotheque-publique-de-rouen-traduite-de-l-anglais-avec-des-notes-par-m-th-eodo-re-licquet-cons.jpg","datePublished":"2024-07-16T09:28:05+00:00","dateModified":"2025-04-08T09:35:42+00:00","breadcrumb":{"@id":"https:\/\/www.librairieclavreuil.com\/en\/dibdin-thomas-frognall-lettre-neuvieme-relative-a-la-bibliotheque-publique-de-rouen-traduite-de-langlais-avec-des-notes-par-m-theodore-licquet-conservateur-de-cette-bibliotheque\/#breadcrumb"},"inLanguage":"en-US","potentialAction":[{"@type":"ReadAction","target":["https:\/\/www.librairieclavreuil.com\/en\/dibdin-thomas-frognall-lettre-neuvieme-relative-a-la-bibliotheque-publique-de-rouen-traduite-de-langlais-avec-des-notes-par-m-theodore-licquet-conservateur-de-cette-bibliotheque\/"]}]},{"@type":"ImageObject","inLanguage":"en-US","@id":"https:\/\/www.librairieclavreuil.com\/en\/dibdin-thomas-frognall-lettre-neuvieme-relative-a-la-bibliotheque-publique-de-rouen-traduite-de-langlais-avec-des-notes-par-m-theodore-licquet-conservateur-de-cette-bibliotheque\/#primaryimage","url":"https:\/\/www.librairieclavreuil.com\/wp-content\/uploads\/2024\/07\/thomas-frognall-dibdin-lettre-neuvieme-relative-a-la-bibliotheque-publique-de-rouen-traduite-de-l-anglais-avec-des-notes-par-m-th-eodo-re-licquet-cons.jpg","contentUrl":"https:\/\/www.librairieclavreuil.com\/wp-content\/uploads\/2024\/07\/thomas-frognall-dibdin-lettre-neuvieme-relative-a-la-bibliotheque-publique-de-rouen-traduite-de-l-anglais-avec-des-notes-par-m-th-eodo-re-licquet-cons.jpg","width":600,"height":800},{"@type":"BreadcrumbList","@id":"https:\/\/www.librairieclavreuil.com\/en\/dibdin-thomas-frognall-lettre-neuvieme-relative-a-la-bibliotheque-publique-de-rouen-traduite-de-langlais-avec-des-notes-par-m-theodore-licquet-conservateur-de-cette-bibliotheque\/#breadcrumb","itemListElement":[{"@type":"ListItem","position":1,"name":"Accueil","item":"https:\/\/www.librairieclavreuil.com\/"},{"@type":"ListItem","position":2,"name":"All our books","item":"https:\/\/www.librairieclavreuil.com\/en\/all-our-books\/"},{"@type":"ListItem","position":3,"name":"DIBDIN Thomas Frognall Lettre neuvi\u00e8me relative \u00e0 la..."}]},{"@type":"WebSite","@id":"https:\/\/www.librairieclavreuil.com\/#website","url":"https:\/\/www.librairieclavreuil.com\/","name":"Libairie Clavreuil","description":"Livres anciens, manuscrits rares et \u00e9ditions originales \u2013 Librairie Clavreuil","publisher":{"@id":"https:\/\/www.librairieclavreuil.com\/#organization"},"potentialAction":[{"@type":"SearchAction","target":{"@type":"EntryPoint","urlTemplate":"https:\/\/www.librairieclavreuil.com\/?s={search_term_string}"},"query-input":{"@type":"PropertyValueSpecification","valueRequired":true,"valueName":"search_term_string"}}],"inLanguage":"en-US"},{"@type":"Organization","@id":"https:\/\/www.librairieclavreuil.com\/#organization","name":"Libairie Clavreuil","url":"https:\/\/www.librairieclavreuil.com\/","logo":{"@type":"ImageObject","inLanguage":"en-US","@id":"https:\/\/www.librairieclavreuil.com\/#\/schema\/logo\/image\/","url":"https:\/\/www.librairieclavreuil.com\/wp-content\/uploads\/2021\/06\/cropped-LOGO_PNG_DATE-_gold-512x512-1.png","contentUrl":"https:\/\/www.librairieclavreuil.com\/wp-content\/uploads\/2021\/06\/cropped-LOGO_PNG_DATE-_gold-512x512-1.png","width":512,"height":512,"caption":"Libairie Clavreuil"},"image":{"@id":"https:\/\/www.librairieclavreuil.com\/#\/schema\/logo\/image\/"},"sameAs":["https:\/\/www.instagram.com\/librairieclavreuil\/"]}]}},"jetpack_sharing_enabled":true,"_links":{"self":[{"href":"https:\/\/www.librairieclavreuil.com\/en\/wp-json\/wp\/v2\/product\/80405","targetHints":{"allow":["GET"]}}],"collection":[{"href":"https:\/\/www.librairieclavreuil.com\/en\/wp-json\/wp\/v2\/product"}],"about":[{"href":"https:\/\/www.librairieclavreuil.com\/en\/wp-json\/wp\/v2\/types\/product"}],"replies":[{"embeddable":true,"href":"https:\/\/www.librairieclavreuil.com\/en\/wp-json\/wp\/v2\/comments?post=80405"}],"wp:featuredmedia":[{"embeddable":true,"href":"https:\/\/www.librairieclavreuil.com\/en\/wp-json\/wp\/v2\/media\/80400"}],"wp:attachment":[{"href":"https:\/\/www.librairieclavreuil.com\/en\/wp-json\/wp\/v2\/media?parent=80405"}],"wp:term":[{"taxonomy":"product_brand","embeddable":true,"href":"https:\/\/www.librairieclavreuil.com\/en\/wp-json\/wp\/v2\/product_brand?post=80405"},{"taxonomy":"product_cat","embeddable":true,"href":"https:\/\/www.librairieclavreuil.com\/en\/wp-json\/wp\/v2\/product_cat?post=80405"},{"taxonomy":"product_tag","embeddable":true,"href":"https:\/\/www.librairieclavreuil.com\/en\/wp-json\/wp\/v2\/product_tag?post=80405"}],"curies":[{"name":"wp","href":"https:\/\/api.w.org\/{rel}","templated":true}]}}