{"id":80399,"date":"2024-07-16T11:27:41","date_gmt":"2024-07-16T09:27:41","guid":{"rendered":"https:\/\/www.librairieclavreuil.com\/lesne-mathurin-marie-lettre-dun-relieur-francais-a-un-bibliographe-anglais\/"},"modified":"2024-12-17T16:38:31","modified_gmt":"2024-12-17T15:38:31","slug":"lesne-mathurin-marie-lettre-dun-relieur-francais-a-un-bibliographe-anglais","status":"publish","type":"product","link":"https:\/\/www.librairieclavreuil.com\/en\/lesne-mathurin-marie-lettre-dun-relieur-francais-a-un-bibliographe-anglais\/","title":{"rendered":"LESN\u00c9 Mathurin Marie Lettre d&#8217;un relieur fran\u00e7ais \u00e0..."},"content":{"rendered":"<p><i>Fl\u00e9ty, 112.<\/i><\/p>\n<p>First edition. Copy of the large paper issue, printed in an edition of only 32 copies (according to a note in the Huntington Library copy).<\/p>\n<p>The bookbinder Lesn\u00e9 practised his trade in Paris between 1809 and 1841, the year of his death. This letter is an acerbic reply to the one written by the bibliographer Thomas Frognal Dibdin. The bookbinder defends the skill of his colleagues, whom Dibdin did not deign to visit for long enough. &#8220;&#8230; But you are English, and by that fact alone exempt no doubt from that politeness which so happily distinguishes our nation from yours&#8230; I will therefore say very little about bookbinding. During your stay in Paris, you say you spent several hours examining it; in other words, you saw it as the crow flies. You even admit that you did not visit any bookbinders. If you had taken the trouble to visit the workshops of our famous artists, such as Thouvenin and Simier&#8230;&#8221;. Some overall foxing.<\/p>\n<p>Provenance: S. Pirie (bookplate, sale of his collection in New York, 2015).<\/p>\n","protected":false},"excerpt":{"rendered":"<p>4to (253 x 172 mm) 28 pp. Modern half-red morcco.<\/p>\n","protected":false},"featured_media":80394,"comment_status":"open","ping_status":"closed","template":"","meta":{"_acf_changed":false},"product_brand":[],"product_cat":[544],"product_tag":[1248,1450],"class_list":{"0":"post-80399","1":"product","2":"type-product","3":"status-publish","4":"has-post-thumbnail","6":"product_cat-literature","7":"product_tag-bibliography","8":"product_tag-first-edition","9":"pa_auteur-lesne-mathurin-marie-2","10":"pa_type-de-livre-printed-book","12":"first","13":"instock","14":"shipping-taxable","15":"purchasable","16":"product-type-simple"},"acf":{"artist":" Mathurin Marie LESN\u00c9","chapeau":"","adresse_bibliographique":"Paris, Crapelet, 1822","book_type":"Printed book","provenance":"","afficher_prix":""},"yoast_head":"<!-- This site is optimized with the Yoast SEO plugin v24.7 - https:\/\/yoast.com\/wordpress\/plugins\/seo\/ -->\n<title>LESN\u00c9 Mathurin Marie Lettre d&#039;un relieur fran\u00e7ais \u00e0 un bibliographe anglais. - Libairie Clavreuil<\/title>\n<meta name=\"robots\" content=\"index, follow, max-snippet:-1, max-image-preview:large, max-video-preview:-1\" \/>\n<link rel=\"canonical\" href=\"https:\/\/www.librairieclavreuil.com\/produit\/lesne-mathurin-marie-lettre-dun-relieur-francais-a-un-bibliographe-anglais-2\/\" \/>\n<meta property=\"og:locale\" content=\"en_US\" \/>\n<meta property=\"og:type\" content=\"article\" \/>\n<meta property=\"og:title\" content=\"LESN\u00c9 Mathurin Marie Lettre d&#039;un relieur fran\u00e7ais \u00e0 un bibliographe anglais. - Libairie Clavreuil\" \/>\n<meta property=\"og:description\" content=\"4to (253 x 172 mm) 28 pp. Modern half-red morcco.\" \/>\n<meta property=\"og:url\" content=\"https:\/\/www.librairieclavreuil.com\/produit\/lesne-mathurin-marie-lettre-dun-relieur-francais-a-un-bibliographe-anglais-2\/\" \/>\n<meta property=\"og:site_name\" content=\"Libairie Clavreuil\" \/>\n<meta property=\"article:modified_time\" content=\"2024-12-17T15:38:31+00:00\" \/>\n<meta property=\"og:image\" content=\"https:\/\/www.librairieclavreuil.com\/wp-content\/uploads\/2024\/07\/mathurin-marie-lesne-lettre-d-un-relieur-francais-a-un-bibliographe-anglais-7114-65fc682d53a57-1.jpg\" \/>\n\t<meta property=\"og:image:width\" content=\"588\" \/>\n\t<meta property=\"og:image:height\" content=\"800\" \/>\n\t<meta property=\"og:image:type\" content=\"image\/jpeg\" \/>\n<meta name=\"twitter:card\" content=\"summary_large_image\" \/>\n<meta name=\"twitter:label1\" content=\"Est. reading time\" \/>\n\t<meta name=\"twitter:data1\" content=\"1 minute\" \/>\n<script type=\"application\/ld+json\" class=\"yoast-schema-graph\">{\"@context\":\"https:\/\/schema.org\",\"@graph\":[{\"@type\":\"WebPage\",\"@id\":\"https:\/\/www.librairieclavreuil.com\/produit\/lesne-mathurin-marie-lettre-dun-relieur-francais-a-un-bibliographe-anglais-2\/\",\"url\":\"https:\/\/www.librairieclavreuil.com\/produit\/lesne-mathurin-marie-lettre-dun-relieur-francais-a-un-bibliographe-anglais-2\/\",\"name\":\"LESN\u00c9 Mathurin Marie Lettre d'un relieur fran\u00e7ais \u00e0 un bibliographe anglais. - Libairie Clavreuil\",\"isPartOf\":{\"@id\":\"https:\/\/www.librairieclavreuil.com\/#website\"},\"primaryImageOfPage\":{\"@id\":\"https:\/\/www.librairieclavreuil.com\/produit\/lesne-mathurin-marie-lettre-dun-relieur-francais-a-un-bibliographe-anglais-2\/#primaryimage\"},\"image\":{\"@id\":\"https:\/\/www.librairieclavreuil.com\/produit\/lesne-mathurin-marie-lettre-dun-relieur-francais-a-un-bibliographe-anglais-2\/#primaryimage\"},\"thumbnailUrl\":\"https:\/\/www.librairieclavreuil.com\/wp-content\/uploads\/2024\/07\/mathurin-marie-lesne-lettre-d-un-relieur-francais-a-un-bibliographe-anglais-7114-65fc682d53a57-1.jpg\",\"datePublished\":\"2024-07-16T09:27:41+00:00\",\"dateModified\":\"2024-12-17T15:38:31+00:00\",\"breadcrumb\":{\"@id\":\"https:\/\/www.librairieclavreuil.com\/produit\/lesne-mathurin-marie-lettre-dun-relieur-francais-a-un-bibliographe-anglais-2\/#breadcrumb\"},\"inLanguage\":\"en-US\",\"potentialAction\":[{\"@type\":\"ReadAction\",\"target\":[\"https:\/\/www.librairieclavreuil.com\/produit\/lesne-mathurin-marie-lettre-dun-relieur-francais-a-un-bibliographe-anglais-2\/\"]}]},{\"@type\":\"ImageObject\",\"inLanguage\":\"en-US\",\"@id\":\"https:\/\/www.librairieclavreuil.com\/produit\/lesne-mathurin-marie-lettre-dun-relieur-francais-a-un-bibliographe-anglais-2\/#primaryimage\",\"url\":\"https:\/\/www.librairieclavreuil.com\/wp-content\/uploads\/2024\/07\/mathurin-marie-lesne-lettre-d-un-relieur-francais-a-un-bibliographe-anglais-7114-65fc682d53a57-1.jpg\",\"contentUrl\":\"https:\/\/www.librairieclavreuil.com\/wp-content\/uploads\/2024\/07\/mathurin-marie-lesne-lettre-d-un-relieur-francais-a-un-bibliographe-anglais-7114-65fc682d53a57-1.jpg\",\"width\":588,\"height\":800},{\"@type\":\"BreadcrumbList\",\"@id\":\"https:\/\/www.librairieclavreuil.com\/produit\/lesne-mathurin-marie-lettre-dun-relieur-francais-a-un-bibliographe-anglais-2\/#breadcrumb\",\"itemListElement\":[{\"@type\":\"ListItem\",\"position\":1,\"name\":\"Accueil\",\"item\":\"https:\/\/www.librairieclavreuil.com\/\"},{\"@type\":\"ListItem\",\"position\":2,\"name\":\"All our books\",\"item\":\"https:\/\/www.librairieclavreuil.com\/en\/all-our-books\/\"},{\"@type\":\"ListItem\",\"position\":3,\"name\":\"LESN\u00c9 Mathurin Marie Lettre d&rsquo;un relieur fran\u00e7ais \u00e0...\"}]},{\"@type\":\"WebSite\",\"@id\":\"https:\/\/www.librairieclavreuil.com\/#website\",\"url\":\"https:\/\/www.librairieclavreuil.com\/\",\"name\":\"Libairie Clavreuil\",\"description\":\"Livres anciens, manuscrits rares et \u00e9ditions originales \u2013 Librairie Clavreuil\",\"publisher\":{\"@id\":\"https:\/\/www.librairieclavreuil.com\/#organization\"},\"potentialAction\":[{\"@type\":\"SearchAction\",\"target\":{\"@type\":\"EntryPoint\",\"urlTemplate\":\"https:\/\/www.librairieclavreuil.com\/?s={search_term_string}\"},\"query-input\":{\"@type\":\"PropertyValueSpecification\",\"valueRequired\":true,\"valueName\":\"search_term_string\"}}],\"inLanguage\":\"en-US\"},{\"@type\":\"Organization\",\"@id\":\"https:\/\/www.librairieclavreuil.com\/#organization\",\"name\":\"Libairie Clavreuil\",\"url\":\"https:\/\/www.librairieclavreuil.com\/\",\"logo\":{\"@type\":\"ImageObject\",\"inLanguage\":\"en-US\",\"@id\":\"https:\/\/www.librairieclavreuil.com\/#\/schema\/logo\/image\/\",\"url\":\"https:\/\/www.librairieclavreuil.com\/wp-content\/uploads\/2021\/06\/cropped-LOGO_PNG_DATE-_gold-512x512-1.png\",\"contentUrl\":\"https:\/\/www.librairieclavreuil.com\/wp-content\/uploads\/2021\/06\/cropped-LOGO_PNG_DATE-_gold-512x512-1.png\",\"width\":512,\"height\":512,\"caption\":\"Libairie Clavreuil\"},\"image\":{\"@id\":\"https:\/\/www.librairieclavreuil.com\/#\/schema\/logo\/image\/\"},\"sameAs\":[\"https:\/\/www.instagram.com\/librairieclavreuil\/\"]}]}<\/script>\n<!-- \/ Yoast SEO plugin. -->","yoast_head_json":{"title":"LESN\u00c9 Mathurin Marie Lettre d'un relieur fran\u00e7ais \u00e0 un bibliographe anglais. - Libairie Clavreuil","robots":{"index":"index","follow":"follow","max-snippet":"max-snippet:-1","max-image-preview":"max-image-preview:large","max-video-preview":"max-video-preview:-1"},"canonical":"https:\/\/www.librairieclavreuil.com\/produit\/lesne-mathurin-marie-lettre-dun-relieur-francais-a-un-bibliographe-anglais-2\/","og_locale":"en_US","og_type":"article","og_title":"LESN\u00c9 Mathurin Marie Lettre d'un relieur fran\u00e7ais \u00e0 un bibliographe anglais. - Libairie Clavreuil","og_description":"4to (253 x 172 mm) 28 pp. Modern half-red morcco.","og_url":"https:\/\/www.librairieclavreuil.com\/produit\/lesne-mathurin-marie-lettre-dun-relieur-francais-a-un-bibliographe-anglais-2\/","og_site_name":"Libairie Clavreuil","article_modified_time":"2024-12-17T15:38:31+00:00","og_image":[{"width":588,"height":800,"url":"https:\/\/www.librairieclavreuil.com\/wp-content\/uploads\/2024\/07\/mathurin-marie-lesne-lettre-d-un-relieur-francais-a-un-bibliographe-anglais-7114-65fc682d53a57-1.jpg","type":"image\/jpeg"}],"twitter_card":"summary_large_image","twitter_misc":{"Est. reading time":"1 minute"},"schema":{"@context":"https:\/\/schema.org","@graph":[{"@type":"WebPage","@id":"https:\/\/www.librairieclavreuil.com\/produit\/lesne-mathurin-marie-lettre-dun-relieur-francais-a-un-bibliographe-anglais-2\/","url":"https:\/\/www.librairieclavreuil.com\/produit\/lesne-mathurin-marie-lettre-dun-relieur-francais-a-un-bibliographe-anglais-2\/","name":"LESN\u00c9 Mathurin Marie Lettre d'un relieur fran\u00e7ais \u00e0 un bibliographe anglais. - Libairie Clavreuil","isPartOf":{"@id":"https:\/\/www.librairieclavreuil.com\/#website"},"primaryImageOfPage":{"@id":"https:\/\/www.librairieclavreuil.com\/produit\/lesne-mathurin-marie-lettre-dun-relieur-francais-a-un-bibliographe-anglais-2\/#primaryimage"},"image":{"@id":"https:\/\/www.librairieclavreuil.com\/produit\/lesne-mathurin-marie-lettre-dun-relieur-francais-a-un-bibliographe-anglais-2\/#primaryimage"},"thumbnailUrl":"https:\/\/www.librairieclavreuil.com\/wp-content\/uploads\/2024\/07\/mathurin-marie-lesne-lettre-d-un-relieur-francais-a-un-bibliographe-anglais-7114-65fc682d53a57-1.jpg","datePublished":"2024-07-16T09:27:41+00:00","dateModified":"2024-12-17T15:38:31+00:00","breadcrumb":{"@id":"https:\/\/www.librairieclavreuil.com\/produit\/lesne-mathurin-marie-lettre-dun-relieur-francais-a-un-bibliographe-anglais-2\/#breadcrumb"},"inLanguage":"en-US","potentialAction":[{"@type":"ReadAction","target":["https:\/\/www.librairieclavreuil.com\/produit\/lesne-mathurin-marie-lettre-dun-relieur-francais-a-un-bibliographe-anglais-2\/"]}]},{"@type":"ImageObject","inLanguage":"en-US","@id":"https:\/\/www.librairieclavreuil.com\/produit\/lesne-mathurin-marie-lettre-dun-relieur-francais-a-un-bibliographe-anglais-2\/#primaryimage","url":"https:\/\/www.librairieclavreuil.com\/wp-content\/uploads\/2024\/07\/mathurin-marie-lesne-lettre-d-un-relieur-francais-a-un-bibliographe-anglais-7114-65fc682d53a57-1.jpg","contentUrl":"https:\/\/www.librairieclavreuil.com\/wp-content\/uploads\/2024\/07\/mathurin-marie-lesne-lettre-d-un-relieur-francais-a-un-bibliographe-anglais-7114-65fc682d53a57-1.jpg","width":588,"height":800},{"@type":"BreadcrumbList","@id":"https:\/\/www.librairieclavreuil.com\/produit\/lesne-mathurin-marie-lettre-dun-relieur-francais-a-un-bibliographe-anglais-2\/#breadcrumb","itemListElement":[{"@type":"ListItem","position":1,"name":"Accueil","item":"https:\/\/www.librairieclavreuil.com\/"},{"@type":"ListItem","position":2,"name":"All our books","item":"https:\/\/www.librairieclavreuil.com\/en\/all-our-books\/"},{"@type":"ListItem","position":3,"name":"LESN\u00c9 Mathurin Marie Lettre d&rsquo;un relieur fran\u00e7ais \u00e0..."}]},{"@type":"WebSite","@id":"https:\/\/www.librairieclavreuil.com\/#website","url":"https:\/\/www.librairieclavreuil.com\/","name":"Libairie Clavreuil","description":"Livres anciens, manuscrits rares et \u00e9ditions originales \u2013 Librairie Clavreuil","publisher":{"@id":"https:\/\/www.librairieclavreuil.com\/#organization"},"potentialAction":[{"@type":"SearchAction","target":{"@type":"EntryPoint","urlTemplate":"https:\/\/www.librairieclavreuil.com\/?s={search_term_string}"},"query-input":{"@type":"PropertyValueSpecification","valueRequired":true,"valueName":"search_term_string"}}],"inLanguage":"en-US"},{"@type":"Organization","@id":"https:\/\/www.librairieclavreuil.com\/#organization","name":"Libairie Clavreuil","url":"https:\/\/www.librairieclavreuil.com\/","logo":{"@type":"ImageObject","inLanguage":"en-US","@id":"https:\/\/www.librairieclavreuil.com\/#\/schema\/logo\/image\/","url":"https:\/\/www.librairieclavreuil.com\/wp-content\/uploads\/2021\/06\/cropped-LOGO_PNG_DATE-_gold-512x512-1.png","contentUrl":"https:\/\/www.librairieclavreuil.com\/wp-content\/uploads\/2021\/06\/cropped-LOGO_PNG_DATE-_gold-512x512-1.png","width":512,"height":512,"caption":"Libairie Clavreuil"},"image":{"@id":"https:\/\/www.librairieclavreuil.com\/#\/schema\/logo\/image\/"},"sameAs":["https:\/\/www.instagram.com\/librairieclavreuil\/"]}]}},"jetpack_sharing_enabled":true,"_links":{"self":[{"href":"https:\/\/www.librairieclavreuil.com\/en\/wp-json\/wp\/v2\/product\/80399","targetHints":{"allow":["GET"]}}],"collection":[{"href":"https:\/\/www.librairieclavreuil.com\/en\/wp-json\/wp\/v2\/product"}],"about":[{"href":"https:\/\/www.librairieclavreuil.com\/en\/wp-json\/wp\/v2\/types\/product"}],"replies":[{"embeddable":true,"href":"https:\/\/www.librairieclavreuil.com\/en\/wp-json\/wp\/v2\/comments?post=80399"}],"wp:featuredmedia":[{"embeddable":true,"href":"https:\/\/www.librairieclavreuil.com\/en\/wp-json\/wp\/v2\/media\/80394"}],"wp:attachment":[{"href":"https:\/\/www.librairieclavreuil.com\/en\/wp-json\/wp\/v2\/media?parent=80399"}],"wp:term":[{"taxonomy":"product_brand","embeddable":true,"href":"https:\/\/www.librairieclavreuil.com\/en\/wp-json\/wp\/v2\/product_brand?post=80399"},{"taxonomy":"product_cat","embeddable":true,"href":"https:\/\/www.librairieclavreuil.com\/en\/wp-json\/wp\/v2\/product_cat?post=80399"},{"taxonomy":"product_tag","embeddable":true,"href":"https:\/\/www.librairieclavreuil.com\/en\/wp-json\/wp\/v2\/product_tag?post=80399"}],"curies":[{"name":"wp","href":"https:\/\/api.w.org\/{rel}","templated":true}]}}