{"id":80387,"date":"2024-07-15T13:07:33","date_gmt":"2024-07-15T11:07:33","guid":{"rendered":"https:\/\/www.librairieclavreuil.com\/belville-eugene-suite-de-six-menus-en-couleurs\/"},"modified":"2025-04-02T19:13:23","modified_gmt":"2025-04-02T17:13:23","slug":"belville-eugene-suite-de-six-menus-en-couleurs","status":"publish","type":"product","link":"https:\/\/www.librairieclavreuil.com\/en\/belville-eugene-suite-de-six-menus-en-couleurs\/","title":{"rendered":"BELVILLE Eug\u00e8ne Suite de six menus en couleurs."},"content":{"rendered":"<p style=\"text-align:justify\"><span style=\"font-variant:small-caps\">First edition, limited to 500 copies.<\/span><\/p>\n<p style=\"text-align:justify\">As suggested in the title, this edition contains six menus, each being dedicated to a specific subject: Water; Wine; Bread; Salt; Soup; Coffee [L&#8217;eau ; Le Vin ; Le Pain ; Le Sel ; La Soupe ; Le Caf\u00e9].<\/p>\n<p style=\"text-align:justify\">The subject of each menu is taken up by a vignette printed in black, followed by a beautiful fin-de-si\u00e8cle floral illustration in colour. The upper part of each sheet for the menus was left blank and could be completed on request. The verso is again decorated with a fine and large Art Nouveau border leaving space for the details of a banquet menu.<\/p>\n<p style=\"text-align:justify\">Eug\u00e8ne-Auguste Chevassus, known as Eug\u00e8ne Belville (1863-1931), a painter, decorator, draughtsman and teacher, began his career as a painter-draughtsman in 1886. He turned to furniture design in 1896 and the Gouff\u00e9e cabinetmaking firm produced most of the furniture until 1904. He also designed covers for the magazine L&#8217;Image (1897), the magazine Art et d\u00e9coration mentioned him as Secretary of the Soci\u00e9t\u00e9 des artistes d\u00e9corateurs in 1901. In 1922 he was appointed director of the newly established \u00c9cole des Arts appliqu\u00e9s \u00e0 l&#8217;industrie.<\/p>\n<p style=\"text-align:justify\">Fine copy, complete.<\/p>\n","protected":false},"excerpt":{"rendered":"<p style=\"text-align:justify\">8vo oblong (177 x 120 mm) title printed on a single sheet in red and black, 6 menus each printed in a different color on a folding sheet, modern clam-shell box in red cloth backed boards.<\/p>\n","protected":false},"featured_media":80382,"comment_status":"open","ping_status":"closed","template":"","meta":{"_acf_changed":false},"product_brand":[],"product_cat":[538],"product_tag":[1450,588],"class_list":{"0":"post-80387","1":"product","2":"type-product","3":"status-publish","4":"has-post-thumbnail","6":"product_cat-gastronomy","7":"product_tag-first-edition","8":"product_tag-gastronomy","9":"pa_auteur-belville-eugene-2","10":"pa_type-de-livre-printed-book","12":"first","13":"instock","14":"shipping-taxable","15":"purchasable","16":"product-type-simple"},"acf":{"artist":" Eug\u00e8ne BELVILLE","chapeau":"","adresse_bibliographique":"Paris, Pierre Duffau Maison d'art moderne, 1895","book_type":"Printed book","provenance":"","afficher_prix":""},"yoast_head":"<!-- This site is optimized with the Yoast SEO plugin v24.7 - https:\/\/yoast.com\/wordpress\/plugins\/seo\/ -->\n<title>BELVILLE Eug\u00e8ne Suite de six menus en couleurs. - Libairie Clavreuil<\/title>\n<meta name=\"robots\" content=\"index, follow, max-snippet:-1, max-image-preview:large, max-video-preview:-1\" \/>\n<link rel=\"canonical\" href=\"https:\/\/www.librairieclavreuil.com\/en\/belville-eugene-suite-de-six-menus-en-couleurs\/\" \/>\n<meta property=\"og:locale\" content=\"en_US\" \/>\n<meta property=\"og:type\" content=\"article\" \/>\n<meta property=\"og:title\" content=\"BELVILLE Eug\u00e8ne Suite de six menus en couleurs. - Libairie Clavreuil\" \/>\n<meta property=\"og:description\" content=\"8vo oblong (177 x 120 mm) title printed on a single sheet in red and black, 6 menus each printed in a different color on a folding sheet, modern clam-shell box in red cloth backed boards.\" \/>\n<meta property=\"og:url\" content=\"https:\/\/www.librairieclavreuil.com\/en\/belville-eugene-suite-de-six-menus-en-couleurs\/\" \/>\n<meta property=\"og:site_name\" content=\"Libairie Clavreuil\" \/>\n<meta property=\"article:modified_time\" content=\"2025-04-02T17:13:23+00:00\" \/>\n<meta property=\"og:image\" content=\"https:\/\/www.librairieclavreuil.com\/wp-content\/uploads\/2024\/07\/eugene-belville-suite-de-six-menus-en-couleurs-7873-66114ec434a7c.jpg\" \/>\n\t<meta property=\"og:image:width\" content=\"800\" \/>\n\t<meta property=\"og:image:height\" content=\"572\" \/>\n\t<meta property=\"og:image:type\" content=\"image\/jpeg\" \/>\n<meta name=\"twitter:card\" content=\"summary_large_image\" \/>\n<meta name=\"twitter:label1\" content=\"Est. reading time\" \/>\n\t<meta name=\"twitter:data1\" content=\"1 minute\" \/>\n<script type=\"application\/ld+json\" class=\"yoast-schema-graph\">{\"@context\":\"https:\/\/schema.org\",\"@graph\":[{\"@type\":\"WebPage\",\"@id\":\"https:\/\/www.librairieclavreuil.com\/en\/belville-eugene-suite-de-six-menus-en-couleurs\/\",\"url\":\"https:\/\/www.librairieclavreuil.com\/en\/belville-eugene-suite-de-six-menus-en-couleurs\/\",\"name\":\"BELVILLE Eug\u00e8ne Suite de six menus en couleurs. - Libairie Clavreuil\",\"isPartOf\":{\"@id\":\"https:\/\/www.librairieclavreuil.com\/#website\"},\"primaryImageOfPage\":{\"@id\":\"https:\/\/www.librairieclavreuil.com\/en\/belville-eugene-suite-de-six-menus-en-couleurs\/#primaryimage\"},\"image\":{\"@id\":\"https:\/\/www.librairieclavreuil.com\/en\/belville-eugene-suite-de-six-menus-en-couleurs\/#primaryimage\"},\"thumbnailUrl\":\"https:\/\/www.librairieclavreuil.com\/wp-content\/uploads\/2024\/07\/eugene-belville-suite-de-six-menus-en-couleurs-7873-66114ec434a7c.jpg\",\"datePublished\":\"2024-07-15T11:07:33+00:00\",\"dateModified\":\"2025-04-02T17:13:23+00:00\",\"breadcrumb\":{\"@id\":\"https:\/\/www.librairieclavreuil.com\/en\/belville-eugene-suite-de-six-menus-en-couleurs\/#breadcrumb\"},\"inLanguage\":\"en-US\",\"potentialAction\":[{\"@type\":\"ReadAction\",\"target\":[\"https:\/\/www.librairieclavreuil.com\/en\/belville-eugene-suite-de-six-menus-en-couleurs\/\"]}]},{\"@type\":\"ImageObject\",\"inLanguage\":\"en-US\",\"@id\":\"https:\/\/www.librairieclavreuil.com\/en\/belville-eugene-suite-de-six-menus-en-couleurs\/#primaryimage\",\"url\":\"https:\/\/www.librairieclavreuil.com\/wp-content\/uploads\/2024\/07\/eugene-belville-suite-de-six-menus-en-couleurs-7873-66114ec434a7c.jpg\",\"contentUrl\":\"https:\/\/www.librairieclavreuil.com\/wp-content\/uploads\/2024\/07\/eugene-belville-suite-de-six-menus-en-couleurs-7873-66114ec434a7c.jpg\",\"width\":800,\"height\":572},{\"@type\":\"BreadcrumbList\",\"@id\":\"https:\/\/www.librairieclavreuil.com\/en\/belville-eugene-suite-de-six-menus-en-couleurs\/#breadcrumb\",\"itemListElement\":[{\"@type\":\"ListItem\",\"position\":1,\"name\":\"Accueil\",\"item\":\"https:\/\/www.librairieclavreuil.com\/\"},{\"@type\":\"ListItem\",\"position\":2,\"name\":\"All our books\",\"item\":\"https:\/\/www.librairieclavreuil.com\/en\/all-our-books\/\"},{\"@type\":\"ListItem\",\"position\":3,\"name\":\"BELVILLE Eug\u00e8ne Suite de six menus en couleurs.\"}]},{\"@type\":\"WebSite\",\"@id\":\"https:\/\/www.librairieclavreuil.com\/#website\",\"url\":\"https:\/\/www.librairieclavreuil.com\/\",\"name\":\"Libairie Clavreuil\",\"description\":\"Livres anciens, manuscrits rares et \u00e9ditions originales \u2013 Librairie Clavreuil\",\"publisher\":{\"@id\":\"https:\/\/www.librairieclavreuil.com\/#organization\"},\"potentialAction\":[{\"@type\":\"SearchAction\",\"target\":{\"@type\":\"EntryPoint\",\"urlTemplate\":\"https:\/\/www.librairieclavreuil.com\/?s={search_term_string}\"},\"query-input\":{\"@type\":\"PropertyValueSpecification\",\"valueRequired\":true,\"valueName\":\"search_term_string\"}}],\"inLanguage\":\"en-US\"},{\"@type\":\"Organization\",\"@id\":\"https:\/\/www.librairieclavreuil.com\/#organization\",\"name\":\"Libairie Clavreuil\",\"url\":\"https:\/\/www.librairieclavreuil.com\/\",\"logo\":{\"@type\":\"ImageObject\",\"inLanguage\":\"en-US\",\"@id\":\"https:\/\/www.librairieclavreuil.com\/#\/schema\/logo\/image\/\",\"url\":\"https:\/\/www.librairieclavreuil.com\/wp-content\/uploads\/2021\/06\/cropped-LOGO_PNG_DATE-_gold-512x512-1.png\",\"contentUrl\":\"https:\/\/www.librairieclavreuil.com\/wp-content\/uploads\/2021\/06\/cropped-LOGO_PNG_DATE-_gold-512x512-1.png\",\"width\":512,\"height\":512,\"caption\":\"Libairie Clavreuil\"},\"image\":{\"@id\":\"https:\/\/www.librairieclavreuil.com\/#\/schema\/logo\/image\/\"},\"sameAs\":[\"https:\/\/www.instagram.com\/librairieclavreuil\/\"]}]}<\/script>\n<!-- \/ Yoast SEO plugin. -->","yoast_head_json":{"title":"BELVILLE Eug\u00e8ne Suite de six menus en couleurs. - Libairie Clavreuil","robots":{"index":"index","follow":"follow","max-snippet":"max-snippet:-1","max-image-preview":"max-image-preview:large","max-video-preview":"max-video-preview:-1"},"canonical":"https:\/\/www.librairieclavreuil.com\/en\/belville-eugene-suite-de-six-menus-en-couleurs\/","og_locale":"en_US","og_type":"article","og_title":"BELVILLE Eug\u00e8ne Suite de six menus en couleurs. - Libairie Clavreuil","og_description":"8vo oblong (177 x 120 mm) title printed on a single sheet in red and black, 6 menus each printed in a different color on a folding sheet, modern clam-shell box in red cloth backed boards.","og_url":"https:\/\/www.librairieclavreuil.com\/en\/belville-eugene-suite-de-six-menus-en-couleurs\/","og_site_name":"Libairie Clavreuil","article_modified_time":"2025-04-02T17:13:23+00:00","og_image":[{"width":800,"height":572,"url":"https:\/\/www.librairieclavreuil.com\/wp-content\/uploads\/2024\/07\/eugene-belville-suite-de-six-menus-en-couleurs-7873-66114ec434a7c.jpg","type":"image\/jpeg"}],"twitter_card":"summary_large_image","twitter_misc":{"Est. reading time":"1 minute"},"schema":{"@context":"https:\/\/schema.org","@graph":[{"@type":"WebPage","@id":"https:\/\/www.librairieclavreuil.com\/en\/belville-eugene-suite-de-six-menus-en-couleurs\/","url":"https:\/\/www.librairieclavreuil.com\/en\/belville-eugene-suite-de-six-menus-en-couleurs\/","name":"BELVILLE Eug\u00e8ne Suite de six menus en couleurs. - Libairie Clavreuil","isPartOf":{"@id":"https:\/\/www.librairieclavreuil.com\/#website"},"primaryImageOfPage":{"@id":"https:\/\/www.librairieclavreuil.com\/en\/belville-eugene-suite-de-six-menus-en-couleurs\/#primaryimage"},"image":{"@id":"https:\/\/www.librairieclavreuil.com\/en\/belville-eugene-suite-de-six-menus-en-couleurs\/#primaryimage"},"thumbnailUrl":"https:\/\/www.librairieclavreuil.com\/wp-content\/uploads\/2024\/07\/eugene-belville-suite-de-six-menus-en-couleurs-7873-66114ec434a7c.jpg","datePublished":"2024-07-15T11:07:33+00:00","dateModified":"2025-04-02T17:13:23+00:00","breadcrumb":{"@id":"https:\/\/www.librairieclavreuil.com\/en\/belville-eugene-suite-de-six-menus-en-couleurs\/#breadcrumb"},"inLanguage":"en-US","potentialAction":[{"@type":"ReadAction","target":["https:\/\/www.librairieclavreuil.com\/en\/belville-eugene-suite-de-six-menus-en-couleurs\/"]}]},{"@type":"ImageObject","inLanguage":"en-US","@id":"https:\/\/www.librairieclavreuil.com\/en\/belville-eugene-suite-de-six-menus-en-couleurs\/#primaryimage","url":"https:\/\/www.librairieclavreuil.com\/wp-content\/uploads\/2024\/07\/eugene-belville-suite-de-six-menus-en-couleurs-7873-66114ec434a7c.jpg","contentUrl":"https:\/\/www.librairieclavreuil.com\/wp-content\/uploads\/2024\/07\/eugene-belville-suite-de-six-menus-en-couleurs-7873-66114ec434a7c.jpg","width":800,"height":572},{"@type":"BreadcrumbList","@id":"https:\/\/www.librairieclavreuil.com\/en\/belville-eugene-suite-de-six-menus-en-couleurs\/#breadcrumb","itemListElement":[{"@type":"ListItem","position":1,"name":"Accueil","item":"https:\/\/www.librairieclavreuil.com\/"},{"@type":"ListItem","position":2,"name":"All our books","item":"https:\/\/www.librairieclavreuil.com\/en\/all-our-books\/"},{"@type":"ListItem","position":3,"name":"BELVILLE Eug\u00e8ne Suite de six menus en couleurs."}]},{"@type":"WebSite","@id":"https:\/\/www.librairieclavreuil.com\/#website","url":"https:\/\/www.librairieclavreuil.com\/","name":"Libairie Clavreuil","description":"Livres anciens, manuscrits rares et \u00e9ditions originales \u2013 Librairie Clavreuil","publisher":{"@id":"https:\/\/www.librairieclavreuil.com\/#organization"},"potentialAction":[{"@type":"SearchAction","target":{"@type":"EntryPoint","urlTemplate":"https:\/\/www.librairieclavreuil.com\/?s={search_term_string}"},"query-input":{"@type":"PropertyValueSpecification","valueRequired":true,"valueName":"search_term_string"}}],"inLanguage":"en-US"},{"@type":"Organization","@id":"https:\/\/www.librairieclavreuil.com\/#organization","name":"Libairie Clavreuil","url":"https:\/\/www.librairieclavreuil.com\/","logo":{"@type":"ImageObject","inLanguage":"en-US","@id":"https:\/\/www.librairieclavreuil.com\/#\/schema\/logo\/image\/","url":"https:\/\/www.librairieclavreuil.com\/wp-content\/uploads\/2021\/06\/cropped-LOGO_PNG_DATE-_gold-512x512-1.png","contentUrl":"https:\/\/www.librairieclavreuil.com\/wp-content\/uploads\/2021\/06\/cropped-LOGO_PNG_DATE-_gold-512x512-1.png","width":512,"height":512,"caption":"Libairie Clavreuil"},"image":{"@id":"https:\/\/www.librairieclavreuil.com\/#\/schema\/logo\/image\/"},"sameAs":["https:\/\/www.instagram.com\/librairieclavreuil\/"]}]}},"jetpack_sharing_enabled":true,"_links":{"self":[{"href":"https:\/\/www.librairieclavreuil.com\/en\/wp-json\/wp\/v2\/product\/80387","targetHints":{"allow":["GET"]}}],"collection":[{"href":"https:\/\/www.librairieclavreuil.com\/en\/wp-json\/wp\/v2\/product"}],"about":[{"href":"https:\/\/www.librairieclavreuil.com\/en\/wp-json\/wp\/v2\/types\/product"}],"replies":[{"embeddable":true,"href":"https:\/\/www.librairieclavreuil.com\/en\/wp-json\/wp\/v2\/comments?post=80387"}],"wp:featuredmedia":[{"embeddable":true,"href":"https:\/\/www.librairieclavreuil.com\/en\/wp-json\/wp\/v2\/media\/80382"}],"wp:attachment":[{"href":"https:\/\/www.librairieclavreuil.com\/en\/wp-json\/wp\/v2\/media?parent=80387"}],"wp:term":[{"taxonomy":"product_brand","embeddable":true,"href":"https:\/\/www.librairieclavreuil.com\/en\/wp-json\/wp\/v2\/product_brand?post=80387"},{"taxonomy":"product_cat","embeddable":true,"href":"https:\/\/www.librairieclavreuil.com\/en\/wp-json\/wp\/v2\/product_cat?post=80387"},{"taxonomy":"product_tag","embeddable":true,"href":"https:\/\/www.librairieclavreuil.com\/en\/wp-json\/wp\/v2\/product_tag?post=80387"}],"curies":[{"name":"wp","href":"https:\/\/api.w.org\/{rel}","templated":true}]}}