{"id":80373,"date":"2024-07-15T13:04:51","date_gmt":"2024-07-15T11:04:51","guid":{"rendered":"https:\/\/www.librairieclavreuil.com\/code-code-de-commerce-edition-originale-et-seule-officielle-relie-avec-table-alphabetique-et-raisonnee-des-matieres-contenues-dans-le-code-de-commerce\/"},"modified":"2024-11-13T16:28:43","modified_gmt":"2024-11-13T15:28:43","slug":"code-code-de-commerce-edition-originale-et-seule-officielle-relie-avec-table-alphabetique-et-raisonnee-des-matieres-contenues-dans-le-code-de-commerce","status":"publish","type":"product","link":"https:\/\/www.librairieclavreuil.com\/en\/code-code-de-commerce-edition-originale-et-seule-officielle-relie-avec-table-alphabetique-et-raisonnee-des-matieres-contenues-dans-le-code-de-commerce\/","title":{"rendered":"CODE Code de commerce. \u00c9dition originale et seule..."},"content":{"rendered":"<p style=\"text-align:justify\">Official text of the Commercial Code, ratified by Napoleon at Fontainebleau on 25 September 1807 and applied from 1 January 1808.<\/p>\n<p style=\"text-align:justify\">The <i>Code de Commerce<\/i> was one of Napoleon&#8217;s three major works to reform French law, the others being the <i>Code Napol\u00e9on<\/i> and the <i>Code P\u00e9nal<\/i>.<\/p>\n<p style=\"text-align:justify\">&#8220;Le <i>Code de Commerce<\/i> de 1807 couronne les efforts constants d\u00e9ploy\u00e9s tout au long du XVIIIe si\u00e8cle pour adapter et mettre \u00e0 jour l&#8217;ordonnance de 1673 ou Code marchand dont les imperfections s&#8217;\u00e9taient assez vite fait sentir&#8230; Il fallut les retentissantes faillites de 1806 pour que le projet soit ressorti des cartons o\u00f9 il s&#8217;\u00e9tait fait oublier. L&#8217;Empereur, \u00e9mu par le scandale que suscit\u00e8rent ces affaires frauduleuses, enjoignit au Conseil de se mettre aussi t\u00f4t \u00e0 l&#8217;ouvrage. Le prestige du n\u00e9goce \u00e9tait au plus bas, et les int\u00e9r\u00eats des commer\u00e7ants n&#8217;\u00e9taient pratiquement pas repr\u00e9sent\u00e9s au Conseil d&#8217;\u00c9tat&#8230; La discussion au Conseil d&#8217;\u00c9tat s&#8217;engagea le 4 novembre 1806 et s&#8217;\u00e9tendit sur pr\u00e8s de neuf mois, occupant quelque soixante-huit s\u00e9ances&#8230; L&#8217;adoption d\u00e9finitive, puis la promulgation s\u00e9par\u00e9e de chacune des lois composant le <i>Code de Commerce<\/i>, s&#8217;\u00e9chelonn\u00e8rent tout au long du mois de septembre&#8221; (Tulard).<\/p>\n<p style=\"text-align:justify\">A very fine copy, from the deluxe 4to edition, complete with the very detailed Table of Contents (under the date of the original 1807 edition).<\/p>\n<p style=\"text-align:justify\">The Code (from the 1810 edition) is entirely interleaved.<\/p>\n","protected":false},"excerpt":{"rendered":"<p>4to (260 x 200 mm) of 2 nn.l. (half-title and title), 212 pp. for the <i>Code<\/i>; 2 nn.l., 47 pp. for the <i>Table<\/i>. Contemporary tree-calf, blind filet framing covers, flat spine gilt, marbled edges.<\/p>\n","protected":false},"featured_media":81920,"comment_status":"open","ping_status":"closed","template":"","meta":{"_acf_changed":false},"product_brand":[],"product_cat":[536],"product_tag":[1232],"class_list":{"0":"post-80373","1":"product","2":"type-product","3":"status-publish","4":"has-post-thumbnail","6":"product_cat-right-economy","7":"product_tag-law","8":"pa_auteur-code-2","10":"first","11":"instock","12":"shipping-taxable","13":"purchasable","14":"product-type-simple"},"acf":{"artist":" CODE","chapeau":"Trade under the Empire","adresse_bibliographique":"Paris, Imprimerie imp\u00e9riale, 1810 & 1807","book_type":"","provenance":"","afficher_prix":""},"yoast_head":"<!-- This site is optimized with the Yoast SEO plugin v24.7 - https:\/\/yoast.com\/wordpress\/plugins\/seo\/ -->\n<title>CODE  Code de commerce. \u00c9dition originale et seule officielle. [Reli\u00e9 avec:] Table alphab\u00e9tique et raisonn\u00e9e des mati\u00e8res contenues dans le Code de Commerce. - Libairie Clavreuil<\/title>\n<meta name=\"robots\" content=\"index, follow, max-snippet:-1, max-image-preview:large, max-video-preview:-1\" \/>\n<link rel=\"canonical\" href=\"https:\/\/www.librairieclavreuil.com\/en\/code-code-de-commerce-edition-originale-et-seule-officielle-relie-avec-table-alphabetique-et-raisonnee-des-matieres-contenues-dans-le-code-de-commerce\/\" \/>\n<meta property=\"og:locale\" content=\"en_US\" \/>\n<meta property=\"og:type\" content=\"article\" \/>\n<meta property=\"og:title\" content=\"CODE  Code de commerce. \u00c9dition originale et seule officielle. [Reli\u00e9 avec:] Table alphab\u00e9tique et raisonn\u00e9e des mati\u00e8res contenues dans le Code de Commerce. - Libairie Clavreuil\" \/>\n<meta property=\"og:description\" content=\"4to (260 x 200 mm) of 2 nn.l. (half-title and title), 212 pp. for the Code; 2 nn.l., 47 pp. for the Table. Contemporary tree-calf, blind filet framing covers, flat spine gilt, marbled edges.\" \/>\n<meta property=\"og:url\" content=\"https:\/\/www.librairieclavreuil.com\/en\/code-code-de-commerce-edition-originale-et-seule-officielle-relie-avec-table-alphabetique-et-raisonnee-des-matieres-contenues-dans-le-code-de-commerce\/\" \/>\n<meta property=\"og:site_name\" content=\"Libairie Clavreuil\" \/>\n<meta property=\"article:modified_time\" content=\"2024-11-13T15:28:43+00:00\" \/>\n<meta property=\"og:image\" content=\"https:\/\/www.librairieclavreuil.com\/wp-content\/uploads\/2024\/11\/code-code-de-commerce-edition-originale-et-seule-officielle-relie-avec-table-alphabetique-et-raisonnee-des-matieres-contenues-dans-le-code-d-6734c5782c70d.jpg\" \/>\n\t<meta property=\"og:image:width\" content=\"622\" \/>\n\t<meta property=\"og:image:height\" content=\"800\" \/>\n\t<meta property=\"og:image:type\" content=\"image\/jpeg\" \/>\n<meta name=\"twitter:card\" content=\"summary_large_image\" \/>\n<meta name=\"twitter:label1\" content=\"Est. reading time\" \/>\n\t<meta name=\"twitter:data1\" content=\"1 minute\" \/>\n<script type=\"application\/ld+json\" class=\"yoast-schema-graph\">{\"@context\":\"https:\/\/schema.org\",\"@graph\":[{\"@type\":\"WebPage\",\"@id\":\"https:\/\/www.librairieclavreuil.com\/en\/code-code-de-commerce-edition-originale-et-seule-officielle-relie-avec-table-alphabetique-et-raisonnee-des-matieres-contenues-dans-le-code-de-commerce\/\",\"url\":\"https:\/\/www.librairieclavreuil.com\/en\/code-code-de-commerce-edition-originale-et-seule-officielle-relie-avec-table-alphabetique-et-raisonnee-des-matieres-contenues-dans-le-code-de-commerce\/\",\"name\":\"CODE Code de commerce. \u00c9dition originale et seule officielle. [Reli\u00e9 avec:] Table alphab\u00e9tique et raisonn\u00e9e des mati\u00e8res contenues dans le Code de Commerce. - Libairie Clavreuil\",\"isPartOf\":{\"@id\":\"https:\/\/www.librairieclavreuil.com\/#website\"},\"primaryImageOfPage\":{\"@id\":\"https:\/\/www.librairieclavreuil.com\/en\/code-code-de-commerce-edition-originale-et-seule-officielle-relie-avec-table-alphabetique-et-raisonnee-des-matieres-contenues-dans-le-code-de-commerce\/#primaryimage\"},\"image\":{\"@id\":\"https:\/\/www.librairieclavreuil.com\/en\/code-code-de-commerce-edition-originale-et-seule-officielle-relie-avec-table-alphabetique-et-raisonnee-des-matieres-contenues-dans-le-code-de-commerce\/#primaryimage\"},\"thumbnailUrl\":\"https:\/\/www.librairieclavreuil.com\/wp-content\/uploads\/2024\/11\/code-code-de-commerce-edition-originale-et-seule-officielle-relie-avec-table-alphabetique-et-raisonnee-des-matieres-contenues-dans-le-code-d-6734c5782c70d.jpg\",\"datePublished\":\"2024-07-15T11:04:51+00:00\",\"dateModified\":\"2024-11-13T15:28:43+00:00\",\"breadcrumb\":{\"@id\":\"https:\/\/www.librairieclavreuil.com\/en\/code-code-de-commerce-edition-originale-et-seule-officielle-relie-avec-table-alphabetique-et-raisonnee-des-matieres-contenues-dans-le-code-de-commerce\/#breadcrumb\"},\"inLanguage\":\"en-US\",\"potentialAction\":[{\"@type\":\"ReadAction\",\"target\":[\"https:\/\/www.librairieclavreuil.com\/en\/code-code-de-commerce-edition-originale-et-seule-officielle-relie-avec-table-alphabetique-et-raisonnee-des-matieres-contenues-dans-le-code-de-commerce\/\"]}]},{\"@type\":\"ImageObject\",\"inLanguage\":\"en-US\",\"@id\":\"https:\/\/www.librairieclavreuil.com\/en\/code-code-de-commerce-edition-originale-et-seule-officielle-relie-avec-table-alphabetique-et-raisonnee-des-matieres-contenues-dans-le-code-de-commerce\/#primaryimage\",\"url\":\"https:\/\/www.librairieclavreuil.com\/wp-content\/uploads\/2024\/11\/code-code-de-commerce-edition-originale-et-seule-officielle-relie-avec-table-alphabetique-et-raisonnee-des-matieres-contenues-dans-le-code-d-6734c5782c70d.jpg\",\"contentUrl\":\"https:\/\/www.librairieclavreuil.com\/wp-content\/uploads\/2024\/11\/code-code-de-commerce-edition-originale-et-seule-officielle-relie-avec-table-alphabetique-et-raisonnee-des-matieres-contenues-dans-le-code-d-6734c5782c70d.jpg\",\"width\":622,\"height\":800},{\"@type\":\"BreadcrumbList\",\"@id\":\"https:\/\/www.librairieclavreuil.com\/en\/code-code-de-commerce-edition-originale-et-seule-officielle-relie-avec-table-alphabetique-et-raisonnee-des-matieres-contenues-dans-le-code-de-commerce\/#breadcrumb\",\"itemListElement\":[{\"@type\":\"ListItem\",\"position\":1,\"name\":\"Accueil\",\"item\":\"https:\/\/www.librairieclavreuil.com\/\"},{\"@type\":\"ListItem\",\"position\":2,\"name\":\"All our books\",\"item\":\"https:\/\/www.librairieclavreuil.com\/en\/all-our-books\/\"},{\"@type\":\"ListItem\",\"position\":3,\"name\":\"CODE Code de commerce. \u00c9dition originale et seule officielle. [Reli\u00e9 avec:] Table alphab\u00e9tique et raisonn\u00e9e des mati\u00e8res contenues dans le Code de Commerce.\"}]},{\"@type\":\"WebSite\",\"@id\":\"https:\/\/www.librairieclavreuil.com\/#website\",\"url\":\"https:\/\/www.librairieclavreuil.com\/\",\"name\":\"Libairie Clavreuil\",\"description\":\"Livres anciens, manuscrits rares et \u00e9ditions originales \u2013 Librairie Clavreuil\",\"publisher\":{\"@id\":\"https:\/\/www.librairieclavreuil.com\/#organization\"},\"potentialAction\":[{\"@type\":\"SearchAction\",\"target\":{\"@type\":\"EntryPoint\",\"urlTemplate\":\"https:\/\/www.librairieclavreuil.com\/?s={search_term_string}\"},\"query-input\":{\"@type\":\"PropertyValueSpecification\",\"valueRequired\":true,\"valueName\":\"search_term_string\"}}],\"inLanguage\":\"en-US\"},{\"@type\":\"Organization\",\"@id\":\"https:\/\/www.librairieclavreuil.com\/#organization\",\"name\":\"Libairie Clavreuil\",\"url\":\"https:\/\/www.librairieclavreuil.com\/\",\"logo\":{\"@type\":\"ImageObject\",\"inLanguage\":\"en-US\",\"@id\":\"https:\/\/www.librairieclavreuil.com\/#\/schema\/logo\/image\/\",\"url\":\"https:\/\/www.librairieclavreuil.com\/wp-content\/uploads\/2021\/06\/cropped-LOGO_PNG_DATE-_gold-512x512-1.png\",\"contentUrl\":\"https:\/\/www.librairieclavreuil.com\/wp-content\/uploads\/2021\/06\/cropped-LOGO_PNG_DATE-_gold-512x512-1.png\",\"width\":512,\"height\":512,\"caption\":\"Libairie Clavreuil\"},\"image\":{\"@id\":\"https:\/\/www.librairieclavreuil.com\/#\/schema\/logo\/image\/\"},\"sameAs\":[\"https:\/\/www.instagram.com\/librairieclavreuil\/\"]}]}<\/script>\n<!-- \/ Yoast SEO plugin. -->","yoast_head_json":{"title":"CODE  Code de commerce. \u00c9dition originale et seule officielle. [Reli\u00e9 avec:] Table alphab\u00e9tique et raisonn\u00e9e des mati\u00e8res contenues dans le Code de Commerce. - Libairie Clavreuil","robots":{"index":"index","follow":"follow","max-snippet":"max-snippet:-1","max-image-preview":"max-image-preview:large","max-video-preview":"max-video-preview:-1"},"canonical":"https:\/\/www.librairieclavreuil.com\/en\/code-code-de-commerce-edition-originale-et-seule-officielle-relie-avec-table-alphabetique-et-raisonnee-des-matieres-contenues-dans-le-code-de-commerce\/","og_locale":"en_US","og_type":"article","og_title":"CODE  Code de commerce. \u00c9dition originale et seule officielle. [Reli\u00e9 avec:] Table alphab\u00e9tique et raisonn\u00e9e des mati\u00e8res contenues dans le Code de Commerce. - Libairie Clavreuil","og_description":"4to (260 x 200 mm) of 2 nn.l. (half-title and title), 212 pp. for the Code; 2 nn.l., 47 pp. for the Table. Contemporary tree-calf, blind filet framing covers, flat spine gilt, marbled edges.","og_url":"https:\/\/www.librairieclavreuil.com\/en\/code-code-de-commerce-edition-originale-et-seule-officielle-relie-avec-table-alphabetique-et-raisonnee-des-matieres-contenues-dans-le-code-de-commerce\/","og_site_name":"Libairie Clavreuil","article_modified_time":"2024-11-13T15:28:43+00:00","og_image":[{"width":622,"height":800,"url":"https:\/\/www.librairieclavreuil.com\/wp-content\/uploads\/2024\/11\/code-code-de-commerce-edition-originale-et-seule-officielle-relie-avec-table-alphabetique-et-raisonnee-des-matieres-contenues-dans-le-code-d-6734c5782c70d.jpg","type":"image\/jpeg"}],"twitter_card":"summary_large_image","twitter_misc":{"Est. reading time":"1 minute"},"schema":{"@context":"https:\/\/schema.org","@graph":[{"@type":"WebPage","@id":"https:\/\/www.librairieclavreuil.com\/en\/code-code-de-commerce-edition-originale-et-seule-officielle-relie-avec-table-alphabetique-et-raisonnee-des-matieres-contenues-dans-le-code-de-commerce\/","url":"https:\/\/www.librairieclavreuil.com\/en\/code-code-de-commerce-edition-originale-et-seule-officielle-relie-avec-table-alphabetique-et-raisonnee-des-matieres-contenues-dans-le-code-de-commerce\/","name":"CODE Code de commerce. \u00c9dition originale et seule officielle. [Reli\u00e9 avec:] Table alphab\u00e9tique et raisonn\u00e9e des mati\u00e8res contenues dans le Code de Commerce. - Libairie Clavreuil","isPartOf":{"@id":"https:\/\/www.librairieclavreuil.com\/#website"},"primaryImageOfPage":{"@id":"https:\/\/www.librairieclavreuil.com\/en\/code-code-de-commerce-edition-originale-et-seule-officielle-relie-avec-table-alphabetique-et-raisonnee-des-matieres-contenues-dans-le-code-de-commerce\/#primaryimage"},"image":{"@id":"https:\/\/www.librairieclavreuil.com\/en\/code-code-de-commerce-edition-originale-et-seule-officielle-relie-avec-table-alphabetique-et-raisonnee-des-matieres-contenues-dans-le-code-de-commerce\/#primaryimage"},"thumbnailUrl":"https:\/\/www.librairieclavreuil.com\/wp-content\/uploads\/2024\/11\/code-code-de-commerce-edition-originale-et-seule-officielle-relie-avec-table-alphabetique-et-raisonnee-des-matieres-contenues-dans-le-code-d-6734c5782c70d.jpg","datePublished":"2024-07-15T11:04:51+00:00","dateModified":"2024-11-13T15:28:43+00:00","breadcrumb":{"@id":"https:\/\/www.librairieclavreuil.com\/en\/code-code-de-commerce-edition-originale-et-seule-officielle-relie-avec-table-alphabetique-et-raisonnee-des-matieres-contenues-dans-le-code-de-commerce\/#breadcrumb"},"inLanguage":"en-US","potentialAction":[{"@type":"ReadAction","target":["https:\/\/www.librairieclavreuil.com\/en\/code-code-de-commerce-edition-originale-et-seule-officielle-relie-avec-table-alphabetique-et-raisonnee-des-matieres-contenues-dans-le-code-de-commerce\/"]}]},{"@type":"ImageObject","inLanguage":"en-US","@id":"https:\/\/www.librairieclavreuil.com\/en\/code-code-de-commerce-edition-originale-et-seule-officielle-relie-avec-table-alphabetique-et-raisonnee-des-matieres-contenues-dans-le-code-de-commerce\/#primaryimage","url":"https:\/\/www.librairieclavreuil.com\/wp-content\/uploads\/2024\/11\/code-code-de-commerce-edition-originale-et-seule-officielle-relie-avec-table-alphabetique-et-raisonnee-des-matieres-contenues-dans-le-code-d-6734c5782c70d.jpg","contentUrl":"https:\/\/www.librairieclavreuil.com\/wp-content\/uploads\/2024\/11\/code-code-de-commerce-edition-originale-et-seule-officielle-relie-avec-table-alphabetique-et-raisonnee-des-matieres-contenues-dans-le-code-d-6734c5782c70d.jpg","width":622,"height":800},{"@type":"BreadcrumbList","@id":"https:\/\/www.librairieclavreuil.com\/en\/code-code-de-commerce-edition-originale-et-seule-officielle-relie-avec-table-alphabetique-et-raisonnee-des-matieres-contenues-dans-le-code-de-commerce\/#breadcrumb","itemListElement":[{"@type":"ListItem","position":1,"name":"Accueil","item":"https:\/\/www.librairieclavreuil.com\/"},{"@type":"ListItem","position":2,"name":"All our books","item":"https:\/\/www.librairieclavreuil.com\/en\/all-our-books\/"},{"@type":"ListItem","position":3,"name":"CODE Code de commerce. \u00c9dition originale et seule officielle. [Reli\u00e9 avec:] Table alphab\u00e9tique et raisonn\u00e9e des mati\u00e8res contenues dans le Code de Commerce."}]},{"@type":"WebSite","@id":"https:\/\/www.librairieclavreuil.com\/#website","url":"https:\/\/www.librairieclavreuil.com\/","name":"Libairie Clavreuil","description":"Livres anciens, manuscrits rares et \u00e9ditions originales \u2013 Librairie Clavreuil","publisher":{"@id":"https:\/\/www.librairieclavreuil.com\/#organization"},"potentialAction":[{"@type":"SearchAction","target":{"@type":"EntryPoint","urlTemplate":"https:\/\/www.librairieclavreuil.com\/?s={search_term_string}"},"query-input":{"@type":"PropertyValueSpecification","valueRequired":true,"valueName":"search_term_string"}}],"inLanguage":"en-US"},{"@type":"Organization","@id":"https:\/\/www.librairieclavreuil.com\/#organization","name":"Libairie Clavreuil","url":"https:\/\/www.librairieclavreuil.com\/","logo":{"@type":"ImageObject","inLanguage":"en-US","@id":"https:\/\/www.librairieclavreuil.com\/#\/schema\/logo\/image\/","url":"https:\/\/www.librairieclavreuil.com\/wp-content\/uploads\/2021\/06\/cropped-LOGO_PNG_DATE-_gold-512x512-1.png","contentUrl":"https:\/\/www.librairieclavreuil.com\/wp-content\/uploads\/2021\/06\/cropped-LOGO_PNG_DATE-_gold-512x512-1.png","width":512,"height":512,"caption":"Libairie Clavreuil"},"image":{"@id":"https:\/\/www.librairieclavreuil.com\/#\/schema\/logo\/image\/"},"sameAs":["https:\/\/www.instagram.com\/librairieclavreuil\/"]}]}},"jetpack_sharing_enabled":true,"_links":{"self":[{"href":"https:\/\/www.librairieclavreuil.com\/en\/wp-json\/wp\/v2\/product\/80373","targetHints":{"allow":["GET"]}}],"collection":[{"href":"https:\/\/www.librairieclavreuil.com\/en\/wp-json\/wp\/v2\/product"}],"about":[{"href":"https:\/\/www.librairieclavreuil.com\/en\/wp-json\/wp\/v2\/types\/product"}],"replies":[{"embeddable":true,"href":"https:\/\/www.librairieclavreuil.com\/en\/wp-json\/wp\/v2\/comments?post=80373"}],"wp:featuredmedia":[{"embeddable":true,"href":"https:\/\/www.librairieclavreuil.com\/en\/wp-json\/wp\/v2\/media\/81920"}],"wp:attachment":[{"href":"https:\/\/www.librairieclavreuil.com\/en\/wp-json\/wp\/v2\/media?parent=80373"}],"wp:term":[{"taxonomy":"product_brand","embeddable":true,"href":"https:\/\/www.librairieclavreuil.com\/en\/wp-json\/wp\/v2\/product_brand?post=80373"},{"taxonomy":"product_cat","embeddable":true,"href":"https:\/\/www.librairieclavreuil.com\/en\/wp-json\/wp\/v2\/product_cat?post=80373"},{"taxonomy":"product_tag","embeddable":true,"href":"https:\/\/www.librairieclavreuil.com\/en\/wp-json\/wp\/v2\/product_tag?post=80373"}],"curies":[{"name":"wp","href":"https:\/\/api.w.org\/{rel}","templated":true}]}}