{"id":80339,"date":"2024-07-13T17:18:37","date_gmt":"2024-07-13T15:18:37","guid":{"rendered":"https:\/\/www.librairieclavreuil.com\/cesar-jules-c-julii-caesaris-quae-extant-ex-emendatione-jos-scaliger\/"},"modified":"2024-07-13T17:18:51","modified_gmt":"2024-07-13T15:18:51","slug":"cesar-jules-c-julii-caesaris-quae-extant-ex-emendatione-jos-scaliger","status":"publish","type":"product","link":"https:\/\/www.librairieclavreuil.com\/en\/cesar-jules-c-julii-caesaris-quae-extant-ex-emendatione-jos-scaliger\/","title":{"rendered":"CESAR Jules C. Julii Caesaris quae extant ex..."},"content":{"rendered":"<p style=\"text-align:justify\"><i>Willems, 420.<\/i><\/p>\n<p>First printing of the first small-format edition published by the Elzevier.<\/p>\n<p>According to Willems, this was&nbsp; &#8220;la plus parfaite des productions elzevieriennes&#8230; La beaut\u00e9 de l&#8217;impression, en caract\u00e8res neufs, la nettet\u00e9 du tirage, le go\u00fbt qui a pr\u00e9sid\u00e9 au choix des ornements, la finesse et la solidit\u00e9 du papier, l&#8217;heureuse dimension du volume, la puret\u00e9 et la correction du texte, tout concourt \u00e0 faire du C\u00e9sar de 1635 un des plus enviables joyaux qui puissent orner l&#8217;\u00e9crin d&#8217;un bibliophile&#8221;.<\/p>\n<p>A very fine copy.<\/p>\n<p>Provenance: Edouard Rahir (bookplate).<\/p>\n","protected":false},"excerpt":{"rendered":"<p>12mo&nbsp; (121 x 71 mm)&nbsp; 8 unn.l. (including an engraved title and 5 woodcuts) 561 pp., 35 unn.l. and 3 double pages map. Red morocco, spine gilt with raised bands, Du Seuil style decorations on covers, gilt edges (<i>contemporary binding<\/i>).<\/p>\n","protected":false},"featured_media":80334,"comment_status":"open","ping_status":"closed","template":"","meta":{"_acf_changed":false},"product_brand":[],"product_cat":[544],"product_tag":[1244,1253],"class_list":{"0":"post-80339","1":"product","2":"type-product","3":"status-publish","4":"has-post-thumbnail","6":"product_cat-literature","7":"product_tag-17th-century-literature","8":"product_tag-typography","9":"pa_auteur-cesar-jules-2","10":"pa_type-de-livre-printed-book","12":"first","13":"instock","14":"shipping-taxable","15":"purchasable","16":"product-type-simple"},"acf":{"artist":" Jules CESAR","chapeau":"The most perfect of Elzevirian productions","adresse_bibliographique":"Lugduni Batavorum, Ex officina Elzeviriana, 1635","book_type":"Printed book","provenance":"","afficher_prix":""},"yoast_head":"<!-- This site is optimized with the Yoast SEO plugin v24.7 - https:\/\/yoast.com\/wordpress\/plugins\/seo\/ -->\n<title>CESAR Jules C. Julii Caesaris quae extant ex emendatione Jos. Scaliger. - Libairie Clavreuil<\/title>\n<meta name=\"robots\" content=\"index, follow, max-snippet:-1, max-image-preview:large, max-video-preview:-1\" \/>\n<link rel=\"canonical\" href=\"https:\/\/www.librairieclavreuil.com\/en\/cesar-jules-c-julii-caesaris-quae-extant-ex-emendatione-jos-scaliger\/\" \/>\n<meta property=\"og:locale\" content=\"en_US\" \/>\n<meta property=\"og:type\" content=\"article\" \/>\n<meta property=\"og:title\" content=\"CESAR Jules C. Julii Caesaris quae extant ex emendatione Jos. Scaliger. - Libairie Clavreuil\" \/>\n<meta property=\"og:description\" content=\"12mo&nbsp; (121 x 71 mm)&nbsp; 8 unn.l. (including an engraved title and 5 woodcuts) 561 pp., 35 unn.l. and 3 double pages map. Red morocco, spine gilt with raised bands, Du Seuil style decorations on covers, gilt edges (contemporary binding).\" \/>\n<meta property=\"og:url\" content=\"https:\/\/www.librairieclavreuil.com\/en\/cesar-jules-c-julii-caesaris-quae-extant-ex-emendatione-jos-scaliger\/\" \/>\n<meta property=\"og:site_name\" content=\"Libairie Clavreuil\" \/>\n<meta property=\"article:modified_time\" content=\"2024-07-13T15:18:51+00:00\" \/>\n<meta property=\"og:image\" content=\"https:\/\/www.librairieclavreuil.com\/wp-content\/uploads\/2024\/07\/jules-cesar-c-julii-caesaris-quae-extant-ex-emendatione-jos-scaliger-3629-65fef1d92c348.jpg\" \/>\n\t<meta property=\"og:image:width\" content=\"488\" \/>\n\t<meta property=\"og:image:height\" content=\"800\" \/>\n\t<meta property=\"og:image:type\" content=\"image\/jpeg\" \/>\n<meta name=\"twitter:card\" content=\"summary_large_image\" \/>\n<script type=\"application\/ld+json\" class=\"yoast-schema-graph\">{\"@context\":\"https:\/\/schema.org\",\"@graph\":[{\"@type\":\"WebPage\",\"@id\":\"https:\/\/www.librairieclavreuil.com\/en\/cesar-jules-c-julii-caesaris-quae-extant-ex-emendatione-jos-scaliger\/\",\"url\":\"https:\/\/www.librairieclavreuil.com\/en\/cesar-jules-c-julii-caesaris-quae-extant-ex-emendatione-jos-scaliger\/\",\"name\":\"CESAR Jules C. Julii Caesaris quae extant ex emendatione Jos. Scaliger. - Libairie Clavreuil\",\"isPartOf\":{\"@id\":\"https:\/\/www.librairieclavreuil.com\/#website\"},\"primaryImageOfPage\":{\"@id\":\"https:\/\/www.librairieclavreuil.com\/en\/cesar-jules-c-julii-caesaris-quae-extant-ex-emendatione-jos-scaliger\/#primaryimage\"},\"image\":{\"@id\":\"https:\/\/www.librairieclavreuil.com\/en\/cesar-jules-c-julii-caesaris-quae-extant-ex-emendatione-jos-scaliger\/#primaryimage\"},\"thumbnailUrl\":\"https:\/\/www.librairieclavreuil.com\/wp-content\/uploads\/2024\/07\/jules-cesar-c-julii-caesaris-quae-extant-ex-emendatione-jos-scaliger-3629-65fef1d92c348.jpg\",\"datePublished\":\"2024-07-13T15:18:37+00:00\",\"dateModified\":\"2024-07-13T15:18:51+00:00\",\"breadcrumb\":{\"@id\":\"https:\/\/www.librairieclavreuil.com\/en\/cesar-jules-c-julii-caesaris-quae-extant-ex-emendatione-jos-scaliger\/#breadcrumb\"},\"inLanguage\":\"en-US\",\"potentialAction\":[{\"@type\":\"ReadAction\",\"target\":[\"https:\/\/www.librairieclavreuil.com\/en\/cesar-jules-c-julii-caesaris-quae-extant-ex-emendatione-jos-scaliger\/\"]}]},{\"@type\":\"ImageObject\",\"inLanguage\":\"en-US\",\"@id\":\"https:\/\/www.librairieclavreuil.com\/en\/cesar-jules-c-julii-caesaris-quae-extant-ex-emendatione-jos-scaliger\/#primaryimage\",\"url\":\"https:\/\/www.librairieclavreuil.com\/wp-content\/uploads\/2024\/07\/jules-cesar-c-julii-caesaris-quae-extant-ex-emendatione-jos-scaliger-3629-65fef1d92c348.jpg\",\"contentUrl\":\"https:\/\/www.librairieclavreuil.com\/wp-content\/uploads\/2024\/07\/jules-cesar-c-julii-caesaris-quae-extant-ex-emendatione-jos-scaliger-3629-65fef1d92c348.jpg\",\"width\":488,\"height\":800},{\"@type\":\"BreadcrumbList\",\"@id\":\"https:\/\/www.librairieclavreuil.com\/en\/cesar-jules-c-julii-caesaris-quae-extant-ex-emendatione-jos-scaliger\/#breadcrumb\",\"itemListElement\":[{\"@type\":\"ListItem\",\"position\":1,\"name\":\"Accueil\",\"item\":\"https:\/\/www.librairieclavreuil.com\/\"},{\"@type\":\"ListItem\",\"position\":2,\"name\":\"All our books\",\"item\":\"https:\/\/www.librairieclavreuil.com\/en\/all-our-books\/\"},{\"@type\":\"ListItem\",\"position\":3,\"name\":\"CESAR Jules C. Julii Caesaris quae extant ex emendatione Jos. Scaliger.\"}]},{\"@type\":\"WebSite\",\"@id\":\"https:\/\/www.librairieclavreuil.com\/#website\",\"url\":\"https:\/\/www.librairieclavreuil.com\/\",\"name\":\"Libairie Clavreuil\",\"description\":\"Livres anciens, manuscrits rares et \u00e9ditions originales \u2013 Librairie Clavreuil\",\"publisher\":{\"@id\":\"https:\/\/www.librairieclavreuil.com\/#organization\"},\"potentialAction\":[{\"@type\":\"SearchAction\",\"target\":{\"@type\":\"EntryPoint\",\"urlTemplate\":\"https:\/\/www.librairieclavreuil.com\/?s={search_term_string}\"},\"query-input\":{\"@type\":\"PropertyValueSpecification\",\"valueRequired\":true,\"valueName\":\"search_term_string\"}}],\"inLanguage\":\"en-US\"},{\"@type\":\"Organization\",\"@id\":\"https:\/\/www.librairieclavreuil.com\/#organization\",\"name\":\"Libairie Clavreuil\",\"url\":\"https:\/\/www.librairieclavreuil.com\/\",\"logo\":{\"@type\":\"ImageObject\",\"inLanguage\":\"en-US\",\"@id\":\"https:\/\/www.librairieclavreuil.com\/#\/schema\/logo\/image\/\",\"url\":\"https:\/\/www.librairieclavreuil.com\/wp-content\/uploads\/2021\/06\/cropped-LOGO_PNG_DATE-_gold-512x512-1.png\",\"contentUrl\":\"https:\/\/www.librairieclavreuil.com\/wp-content\/uploads\/2021\/06\/cropped-LOGO_PNG_DATE-_gold-512x512-1.png\",\"width\":512,\"height\":512,\"caption\":\"Libairie Clavreuil\"},\"image\":{\"@id\":\"https:\/\/www.librairieclavreuil.com\/#\/schema\/logo\/image\/\"},\"sameAs\":[\"https:\/\/www.instagram.com\/librairieclavreuil\/\"]}]}<\/script>\n<!-- \/ Yoast SEO plugin. -->","yoast_head_json":{"title":"CESAR Jules C. Julii Caesaris quae extant ex emendatione Jos. Scaliger. - Libairie Clavreuil","robots":{"index":"index","follow":"follow","max-snippet":"max-snippet:-1","max-image-preview":"max-image-preview:large","max-video-preview":"max-video-preview:-1"},"canonical":"https:\/\/www.librairieclavreuil.com\/en\/cesar-jules-c-julii-caesaris-quae-extant-ex-emendatione-jos-scaliger\/","og_locale":"en_US","og_type":"article","og_title":"CESAR Jules C. Julii Caesaris quae extant ex emendatione Jos. Scaliger. - Libairie Clavreuil","og_description":"12mo&nbsp; (121 x 71 mm)&nbsp; 8 unn.l. (including an engraved title and 5 woodcuts) 561 pp., 35 unn.l. and 3 double pages map. Red morocco, spine gilt with raised bands, Du Seuil style decorations on covers, gilt edges (contemporary binding).","og_url":"https:\/\/www.librairieclavreuil.com\/en\/cesar-jules-c-julii-caesaris-quae-extant-ex-emendatione-jos-scaliger\/","og_site_name":"Libairie Clavreuil","article_modified_time":"2024-07-13T15:18:51+00:00","og_image":[{"width":488,"height":800,"url":"https:\/\/www.librairieclavreuil.com\/wp-content\/uploads\/2024\/07\/jules-cesar-c-julii-caesaris-quae-extant-ex-emendatione-jos-scaliger-3629-65fef1d92c348.jpg","type":"image\/jpeg"}],"twitter_card":"summary_large_image","schema":{"@context":"https:\/\/schema.org","@graph":[{"@type":"WebPage","@id":"https:\/\/www.librairieclavreuil.com\/en\/cesar-jules-c-julii-caesaris-quae-extant-ex-emendatione-jos-scaliger\/","url":"https:\/\/www.librairieclavreuil.com\/en\/cesar-jules-c-julii-caesaris-quae-extant-ex-emendatione-jos-scaliger\/","name":"CESAR Jules C. Julii Caesaris quae extant ex emendatione Jos. Scaliger. - Libairie Clavreuil","isPartOf":{"@id":"https:\/\/www.librairieclavreuil.com\/#website"},"primaryImageOfPage":{"@id":"https:\/\/www.librairieclavreuil.com\/en\/cesar-jules-c-julii-caesaris-quae-extant-ex-emendatione-jos-scaliger\/#primaryimage"},"image":{"@id":"https:\/\/www.librairieclavreuil.com\/en\/cesar-jules-c-julii-caesaris-quae-extant-ex-emendatione-jos-scaliger\/#primaryimage"},"thumbnailUrl":"https:\/\/www.librairieclavreuil.com\/wp-content\/uploads\/2024\/07\/jules-cesar-c-julii-caesaris-quae-extant-ex-emendatione-jos-scaliger-3629-65fef1d92c348.jpg","datePublished":"2024-07-13T15:18:37+00:00","dateModified":"2024-07-13T15:18:51+00:00","breadcrumb":{"@id":"https:\/\/www.librairieclavreuil.com\/en\/cesar-jules-c-julii-caesaris-quae-extant-ex-emendatione-jos-scaliger\/#breadcrumb"},"inLanguage":"en-US","potentialAction":[{"@type":"ReadAction","target":["https:\/\/www.librairieclavreuil.com\/en\/cesar-jules-c-julii-caesaris-quae-extant-ex-emendatione-jos-scaliger\/"]}]},{"@type":"ImageObject","inLanguage":"en-US","@id":"https:\/\/www.librairieclavreuil.com\/en\/cesar-jules-c-julii-caesaris-quae-extant-ex-emendatione-jos-scaliger\/#primaryimage","url":"https:\/\/www.librairieclavreuil.com\/wp-content\/uploads\/2024\/07\/jules-cesar-c-julii-caesaris-quae-extant-ex-emendatione-jos-scaliger-3629-65fef1d92c348.jpg","contentUrl":"https:\/\/www.librairieclavreuil.com\/wp-content\/uploads\/2024\/07\/jules-cesar-c-julii-caesaris-quae-extant-ex-emendatione-jos-scaliger-3629-65fef1d92c348.jpg","width":488,"height":800},{"@type":"BreadcrumbList","@id":"https:\/\/www.librairieclavreuil.com\/en\/cesar-jules-c-julii-caesaris-quae-extant-ex-emendatione-jos-scaliger\/#breadcrumb","itemListElement":[{"@type":"ListItem","position":1,"name":"Accueil","item":"https:\/\/www.librairieclavreuil.com\/"},{"@type":"ListItem","position":2,"name":"All our books","item":"https:\/\/www.librairieclavreuil.com\/en\/all-our-books\/"},{"@type":"ListItem","position":3,"name":"CESAR Jules C. Julii Caesaris quae extant ex emendatione Jos. Scaliger."}]},{"@type":"WebSite","@id":"https:\/\/www.librairieclavreuil.com\/#website","url":"https:\/\/www.librairieclavreuil.com\/","name":"Libairie Clavreuil","description":"Livres anciens, manuscrits rares et \u00e9ditions originales \u2013 Librairie Clavreuil","publisher":{"@id":"https:\/\/www.librairieclavreuil.com\/#organization"},"potentialAction":[{"@type":"SearchAction","target":{"@type":"EntryPoint","urlTemplate":"https:\/\/www.librairieclavreuil.com\/?s={search_term_string}"},"query-input":{"@type":"PropertyValueSpecification","valueRequired":true,"valueName":"search_term_string"}}],"inLanguage":"en-US"},{"@type":"Organization","@id":"https:\/\/www.librairieclavreuil.com\/#organization","name":"Libairie Clavreuil","url":"https:\/\/www.librairieclavreuil.com\/","logo":{"@type":"ImageObject","inLanguage":"en-US","@id":"https:\/\/www.librairieclavreuil.com\/#\/schema\/logo\/image\/","url":"https:\/\/www.librairieclavreuil.com\/wp-content\/uploads\/2021\/06\/cropped-LOGO_PNG_DATE-_gold-512x512-1.png","contentUrl":"https:\/\/www.librairieclavreuil.com\/wp-content\/uploads\/2021\/06\/cropped-LOGO_PNG_DATE-_gold-512x512-1.png","width":512,"height":512,"caption":"Libairie Clavreuil"},"image":{"@id":"https:\/\/www.librairieclavreuil.com\/#\/schema\/logo\/image\/"},"sameAs":["https:\/\/www.instagram.com\/librairieclavreuil\/"]}]}},"jetpack_sharing_enabled":true,"_links":{"self":[{"href":"https:\/\/www.librairieclavreuil.com\/en\/wp-json\/wp\/v2\/product\/80339","targetHints":{"allow":["GET"]}}],"collection":[{"href":"https:\/\/www.librairieclavreuil.com\/en\/wp-json\/wp\/v2\/product"}],"about":[{"href":"https:\/\/www.librairieclavreuil.com\/en\/wp-json\/wp\/v2\/types\/product"}],"replies":[{"embeddable":true,"href":"https:\/\/www.librairieclavreuil.com\/en\/wp-json\/wp\/v2\/comments?post=80339"}],"wp:featuredmedia":[{"embeddable":true,"href":"https:\/\/www.librairieclavreuil.com\/en\/wp-json\/wp\/v2\/media\/80334"}],"wp:attachment":[{"href":"https:\/\/www.librairieclavreuil.com\/en\/wp-json\/wp\/v2\/media?parent=80339"}],"wp:term":[{"taxonomy":"product_brand","embeddable":true,"href":"https:\/\/www.librairieclavreuil.com\/en\/wp-json\/wp\/v2\/product_brand?post=80339"},{"taxonomy":"product_cat","embeddable":true,"href":"https:\/\/www.librairieclavreuil.com\/en\/wp-json\/wp\/v2\/product_cat?post=80339"},{"taxonomy":"product_tag","embeddable":true,"href":"https:\/\/www.librairieclavreuil.com\/en\/wp-json\/wp\/v2\/product_tag?post=80339"}],"curies":[{"name":"wp","href":"https:\/\/api.w.org\/{rel}","templated":true}]}}