{"id":80317,"date":"2024-07-13T17:15:20","date_gmt":"2024-07-13T15:15:20","guid":{"rendered":"https:\/\/www.librairieclavreuil.com\/richelieu-cardinal-de-recueil-de-pamphlets\/"},"modified":"2024-07-13T17:15:36","modified_gmt":"2024-07-13T15:15:36","slug":"richelieu-cardinal-de-recueil-de-pamphlets","status":"publish","type":"product","link":"https:\/\/www.librairieclavreuil.com\/en\/richelieu-cardinal-de-recueil-de-pamphlets\/","title":{"rendered":"RICHELIEU cardinal de [Recueil de pamphlets]"},"content":{"rendered":"<p style=\"text-align:justify\">Interesting collection of pamphlets published in 1626, two years after the Cardinal entered the Council.<\/p>\n<p style=\"text-align:justify\">&#8220;Le gouvernement de Richelieu a \u00e9t\u00e9 fort vivement attaqu\u00e9 et non moins vivement d\u00e9fendu : c&#8217;est peut-\u00eatre \u00e0 cette \u00e9poque que le souci de renseigner et, par suite, de conduire l&#8217;opinion publique s&#8217;est le plus nettement manifest\u00e9&#8221; (Bourgeois et Andr\u00e9. Les sources de l&#8217;Histoire de France).<\/p>\n<p style=\"text-align:justify\">The collection contains :<\/p>\n<p style=\"text-align:justify\">I.<strong> [BONESTAT, Jean]. <\/strong>Le courrier breton. 8vo, 30 pp.<\/p>\n<p style=\"text-align:justify\"><i>Cioranescu, 13473; Brunet, II, 335.<\/i><\/p>\n<p style=\"text-align:justify\">First edition under this title. This pamphlet, long attributed to Montylard, was reprinted in the 6th volume of Cond\u00e9&#8217;s M\u00e9moires.<\/p>\n<p style=\"text-align:justify\">II.<strong> [REMY, Antoine, avocat au Parlement]. <\/strong>La rencontre de Monsieur Servin et du P\u00e8re Coton. Avec Privil\u00e8ge de Radamante. Et se vend sur les rives du Cocyte, 1626. 8vo of 16 pp.<\/p>\n<p style=\"text-align:justify\"><i>Bourgeois &amp; Andr\u00e9, 2683.<\/i><\/p>\n<p style=\"text-align:justify\">A vivid allegory against the alliance with Spain.<\/p>\n<p style=\"text-align:justify\">III. La Sybille Fran\u00e7oise, qui Sous la comparaison de la Cabale de Loyola au Cheval d&#8217;Epeus, Remontre \u00e0 la France la ressemblance qu&#8217;il y a de son \u00e9tat pr\u00e9sent, \u00e0 celuy d&#8217;Ilion, peu auparavant la ruine de l&#8217;Empire Troyan. Sans lieu, 1626. 8vo of 16 pp.<\/p>\n<p style=\"text-align:justify\">IV. L&#8217;Exorciste. Sans lieu, 1626. 8vo of 16 pp. wrongly numbered 14.<\/p>\n<p style=\"text-align:justify\">V. Consid\u00e9rations d&#8217;Estat sur le livre publi\u00e9 depuis quelques mois, sous le titre d&#8217;avertissement au Roy. Sans lieu, 1626. 8vo of 56 pp.<\/p>\n<p style=\"text-align:justify\"><i>Bourgeois &amp; Andr\u00e9, 2702.<\/i><\/p>\n<p style=\"text-align:justify\">Pamphlet against the Admonitio addressed to the King.<\/p>\n<p style=\"text-align:justify\">VI. La grande et m\u00e9morable deffaite de cinquante &amp; deux mille Turcs, par le Roy de Pologne. Avec ce qui s&#8217;est pass\u00e9 \u00e0 Rome entre le Pape &amp; le General des J\u00e9suites touchant le livre de Santarelly. Paris, Adrian Bacot, 1626. 8vo of 13 pp.<\/p>\n<p>Most of these pieces are rare, particularly No. 4 (2 copies) and No. 6 (only one copy in the BnF).<\/p>\n<p>A very fine, finely bound copy of this precious collection.<\/p>\n<p>Provenance: on the first title, stamped with the cipher of Joseph-Fran\u00e7ois de Kergariou, Count of the Empire, Member of Parliament for C\u00f4tes du Nord from 1820 to 1827, with his motto &#8220;L\u00e0 ou ailleurs&#8221; (Olivier, 1644).<\/p>\n","protected":false},"excerpt":{"rendered":"<p>6 pieces in one volume 8vo (155 x 101 mm). Red morocco, &nbsp;flat spine gilt, triple gilt fillet framing the covers, inner roll, gilt edges (<i>18th century binding<\/i>).<\/p>\n","protected":false},"featured_media":80310,"comment_status":"open","ping_status":"closed","template":"","meta":{"_acf_changed":false},"product_brand":[],"product_cat":[544],"product_tag":[1244],"class_list":{"0":"post-80317","1":"product","2":"type-product","3":"status-publish","4":"has-post-thumbnail","6":"product_cat-literature","7":"product_tag-17th-century-literature","8":"pa_auteur-richelieu-cardinal-de-2","9":"pa_type-de-livre-printed-book","11":"first","12":"instock","13":"shipping-taxable","14":"purchasable","15":"product-type-simple"},"acf":{"artist":" cardinal de RICHELIEU","chapeau":"","adresse_bibliographique":"1626","book_type":"Printed book","provenance":"","afficher_prix":""},"yoast_head":"<!-- This site is optimized with the Yoast SEO plugin v24.7 - https:\/\/yoast.com\/wordpress\/plugins\/seo\/ -->\n<title>RICHELIEU cardinal de [Recueil de pamphlets] - Libairie Clavreuil<\/title>\n<meta name=\"robots\" content=\"index, follow, max-snippet:-1, max-image-preview:large, max-video-preview:-1\" \/>\n<link rel=\"canonical\" href=\"https:\/\/www.librairieclavreuil.com\/en\/richelieu-cardinal-de-recueil-de-pamphlets\/\" \/>\n<meta property=\"og:locale\" content=\"en_US\" \/>\n<meta property=\"og:type\" content=\"article\" \/>\n<meta property=\"og:title\" content=\"RICHELIEU cardinal de [Recueil de pamphlets] - Libairie Clavreuil\" \/>\n<meta property=\"og:description\" content=\"6 pieces in one volume 8vo (155 x 101 mm). Red morocco, &nbsp;flat spine gilt, triple gilt fillet framing the covers, inner roll, gilt edges (18th century binding).\" \/>\n<meta property=\"og:url\" content=\"https:\/\/www.librairieclavreuil.com\/en\/richelieu-cardinal-de-recueil-de-pamphlets\/\" \/>\n<meta property=\"og:site_name\" content=\"Libairie Clavreuil\" \/>\n<meta property=\"article:modified_time\" content=\"2024-07-13T15:15:36+00:00\" \/>\n<meta property=\"og:image\" content=\"https:\/\/www.librairieclavreuil.com\/wp-content\/uploads\/2024\/07\/cardinal-de-richelieu-recueil-de-pamphlets-3095-65fee16dafc46.jpg\" \/>\n\t<meta property=\"og:image:width\" content=\"521\" \/>\n\t<meta property=\"og:image:height\" content=\"800\" \/>\n\t<meta property=\"og:image:type\" content=\"image\/jpeg\" \/>\n<meta name=\"twitter:card\" content=\"summary_large_image\" \/>\n<meta name=\"twitter:label1\" content=\"Est. reading time\" \/>\n\t<meta name=\"twitter:data1\" content=\"2 minutes\" \/>\n<script type=\"application\/ld+json\" class=\"yoast-schema-graph\">{\"@context\":\"https:\/\/schema.org\",\"@graph\":[{\"@type\":\"WebPage\",\"@id\":\"https:\/\/www.librairieclavreuil.com\/en\/richelieu-cardinal-de-recueil-de-pamphlets\/\",\"url\":\"https:\/\/www.librairieclavreuil.com\/en\/richelieu-cardinal-de-recueil-de-pamphlets\/\",\"name\":\"RICHELIEU cardinal de [Recueil de pamphlets] - Libairie Clavreuil\",\"isPartOf\":{\"@id\":\"https:\/\/www.librairieclavreuil.com\/#website\"},\"primaryImageOfPage\":{\"@id\":\"https:\/\/www.librairieclavreuil.com\/en\/richelieu-cardinal-de-recueil-de-pamphlets\/#primaryimage\"},\"image\":{\"@id\":\"https:\/\/www.librairieclavreuil.com\/en\/richelieu-cardinal-de-recueil-de-pamphlets\/#primaryimage\"},\"thumbnailUrl\":\"https:\/\/www.librairieclavreuil.com\/wp-content\/uploads\/2024\/07\/cardinal-de-richelieu-recueil-de-pamphlets-3095-65fee16dafc46.jpg\",\"datePublished\":\"2024-07-13T15:15:20+00:00\",\"dateModified\":\"2024-07-13T15:15:36+00:00\",\"breadcrumb\":{\"@id\":\"https:\/\/www.librairieclavreuil.com\/en\/richelieu-cardinal-de-recueil-de-pamphlets\/#breadcrumb\"},\"inLanguage\":\"en-US\",\"potentialAction\":[{\"@type\":\"ReadAction\",\"target\":[\"https:\/\/www.librairieclavreuil.com\/en\/richelieu-cardinal-de-recueil-de-pamphlets\/\"]}]},{\"@type\":\"ImageObject\",\"inLanguage\":\"en-US\",\"@id\":\"https:\/\/www.librairieclavreuil.com\/en\/richelieu-cardinal-de-recueil-de-pamphlets\/#primaryimage\",\"url\":\"https:\/\/www.librairieclavreuil.com\/wp-content\/uploads\/2024\/07\/cardinal-de-richelieu-recueil-de-pamphlets-3095-65fee16dafc46.jpg\",\"contentUrl\":\"https:\/\/www.librairieclavreuil.com\/wp-content\/uploads\/2024\/07\/cardinal-de-richelieu-recueil-de-pamphlets-3095-65fee16dafc46.jpg\",\"width\":521,\"height\":800},{\"@type\":\"BreadcrumbList\",\"@id\":\"https:\/\/www.librairieclavreuil.com\/en\/richelieu-cardinal-de-recueil-de-pamphlets\/#breadcrumb\",\"itemListElement\":[{\"@type\":\"ListItem\",\"position\":1,\"name\":\"Accueil\",\"item\":\"https:\/\/www.librairieclavreuil.com\/\"},{\"@type\":\"ListItem\",\"position\":2,\"name\":\"All our books\",\"item\":\"https:\/\/www.librairieclavreuil.com\/en\/all-our-books\/\"},{\"@type\":\"ListItem\",\"position\":3,\"name\":\"RICHELIEU cardinal de [Recueil de pamphlets]\"}]},{\"@type\":\"WebSite\",\"@id\":\"https:\/\/www.librairieclavreuil.com\/#website\",\"url\":\"https:\/\/www.librairieclavreuil.com\/\",\"name\":\"Libairie Clavreuil\",\"description\":\"Livres anciens, manuscrits rares et \u00e9ditions originales \u2013 Librairie Clavreuil\",\"publisher\":{\"@id\":\"https:\/\/www.librairieclavreuil.com\/#organization\"},\"potentialAction\":[{\"@type\":\"SearchAction\",\"target\":{\"@type\":\"EntryPoint\",\"urlTemplate\":\"https:\/\/www.librairieclavreuil.com\/?s={search_term_string}\"},\"query-input\":{\"@type\":\"PropertyValueSpecification\",\"valueRequired\":true,\"valueName\":\"search_term_string\"}}],\"inLanguage\":\"en-US\"},{\"@type\":\"Organization\",\"@id\":\"https:\/\/www.librairieclavreuil.com\/#organization\",\"name\":\"Libairie Clavreuil\",\"url\":\"https:\/\/www.librairieclavreuil.com\/\",\"logo\":{\"@type\":\"ImageObject\",\"inLanguage\":\"en-US\",\"@id\":\"https:\/\/www.librairieclavreuil.com\/#\/schema\/logo\/image\/\",\"url\":\"https:\/\/www.librairieclavreuil.com\/wp-content\/uploads\/2021\/06\/cropped-LOGO_PNG_DATE-_gold-512x512-1.png\",\"contentUrl\":\"https:\/\/www.librairieclavreuil.com\/wp-content\/uploads\/2021\/06\/cropped-LOGO_PNG_DATE-_gold-512x512-1.png\",\"width\":512,\"height\":512,\"caption\":\"Libairie Clavreuil\"},\"image\":{\"@id\":\"https:\/\/www.librairieclavreuil.com\/#\/schema\/logo\/image\/\"},\"sameAs\":[\"https:\/\/www.instagram.com\/librairieclavreuil\/\"]}]}<\/script>\n<!-- \/ Yoast SEO plugin. -->","yoast_head_json":{"title":"RICHELIEU cardinal de [Recueil de pamphlets] - Libairie Clavreuil","robots":{"index":"index","follow":"follow","max-snippet":"max-snippet:-1","max-image-preview":"max-image-preview:large","max-video-preview":"max-video-preview:-1"},"canonical":"https:\/\/www.librairieclavreuil.com\/en\/richelieu-cardinal-de-recueil-de-pamphlets\/","og_locale":"en_US","og_type":"article","og_title":"RICHELIEU cardinal de [Recueil de pamphlets] - Libairie Clavreuil","og_description":"6 pieces in one volume 8vo (155 x 101 mm). Red morocco, &nbsp;flat spine gilt, triple gilt fillet framing the covers, inner roll, gilt edges (18th century binding).","og_url":"https:\/\/www.librairieclavreuil.com\/en\/richelieu-cardinal-de-recueil-de-pamphlets\/","og_site_name":"Libairie Clavreuil","article_modified_time":"2024-07-13T15:15:36+00:00","og_image":[{"width":521,"height":800,"url":"https:\/\/www.librairieclavreuil.com\/wp-content\/uploads\/2024\/07\/cardinal-de-richelieu-recueil-de-pamphlets-3095-65fee16dafc46.jpg","type":"image\/jpeg"}],"twitter_card":"summary_large_image","twitter_misc":{"Est. reading time":"2 minutes"},"schema":{"@context":"https:\/\/schema.org","@graph":[{"@type":"WebPage","@id":"https:\/\/www.librairieclavreuil.com\/en\/richelieu-cardinal-de-recueil-de-pamphlets\/","url":"https:\/\/www.librairieclavreuil.com\/en\/richelieu-cardinal-de-recueil-de-pamphlets\/","name":"RICHELIEU cardinal de [Recueil de pamphlets] - Libairie Clavreuil","isPartOf":{"@id":"https:\/\/www.librairieclavreuil.com\/#website"},"primaryImageOfPage":{"@id":"https:\/\/www.librairieclavreuil.com\/en\/richelieu-cardinal-de-recueil-de-pamphlets\/#primaryimage"},"image":{"@id":"https:\/\/www.librairieclavreuil.com\/en\/richelieu-cardinal-de-recueil-de-pamphlets\/#primaryimage"},"thumbnailUrl":"https:\/\/www.librairieclavreuil.com\/wp-content\/uploads\/2024\/07\/cardinal-de-richelieu-recueil-de-pamphlets-3095-65fee16dafc46.jpg","datePublished":"2024-07-13T15:15:20+00:00","dateModified":"2024-07-13T15:15:36+00:00","breadcrumb":{"@id":"https:\/\/www.librairieclavreuil.com\/en\/richelieu-cardinal-de-recueil-de-pamphlets\/#breadcrumb"},"inLanguage":"en-US","potentialAction":[{"@type":"ReadAction","target":["https:\/\/www.librairieclavreuil.com\/en\/richelieu-cardinal-de-recueil-de-pamphlets\/"]}]},{"@type":"ImageObject","inLanguage":"en-US","@id":"https:\/\/www.librairieclavreuil.com\/en\/richelieu-cardinal-de-recueil-de-pamphlets\/#primaryimage","url":"https:\/\/www.librairieclavreuil.com\/wp-content\/uploads\/2024\/07\/cardinal-de-richelieu-recueil-de-pamphlets-3095-65fee16dafc46.jpg","contentUrl":"https:\/\/www.librairieclavreuil.com\/wp-content\/uploads\/2024\/07\/cardinal-de-richelieu-recueil-de-pamphlets-3095-65fee16dafc46.jpg","width":521,"height":800},{"@type":"BreadcrumbList","@id":"https:\/\/www.librairieclavreuil.com\/en\/richelieu-cardinal-de-recueil-de-pamphlets\/#breadcrumb","itemListElement":[{"@type":"ListItem","position":1,"name":"Accueil","item":"https:\/\/www.librairieclavreuil.com\/"},{"@type":"ListItem","position":2,"name":"All our books","item":"https:\/\/www.librairieclavreuil.com\/en\/all-our-books\/"},{"@type":"ListItem","position":3,"name":"RICHELIEU cardinal de [Recueil de pamphlets]"}]},{"@type":"WebSite","@id":"https:\/\/www.librairieclavreuil.com\/#website","url":"https:\/\/www.librairieclavreuil.com\/","name":"Libairie Clavreuil","description":"Livres anciens, manuscrits rares et \u00e9ditions originales \u2013 Librairie Clavreuil","publisher":{"@id":"https:\/\/www.librairieclavreuil.com\/#organization"},"potentialAction":[{"@type":"SearchAction","target":{"@type":"EntryPoint","urlTemplate":"https:\/\/www.librairieclavreuil.com\/?s={search_term_string}"},"query-input":{"@type":"PropertyValueSpecification","valueRequired":true,"valueName":"search_term_string"}}],"inLanguage":"en-US"},{"@type":"Organization","@id":"https:\/\/www.librairieclavreuil.com\/#organization","name":"Libairie Clavreuil","url":"https:\/\/www.librairieclavreuil.com\/","logo":{"@type":"ImageObject","inLanguage":"en-US","@id":"https:\/\/www.librairieclavreuil.com\/#\/schema\/logo\/image\/","url":"https:\/\/www.librairieclavreuil.com\/wp-content\/uploads\/2021\/06\/cropped-LOGO_PNG_DATE-_gold-512x512-1.png","contentUrl":"https:\/\/www.librairieclavreuil.com\/wp-content\/uploads\/2021\/06\/cropped-LOGO_PNG_DATE-_gold-512x512-1.png","width":512,"height":512,"caption":"Libairie Clavreuil"},"image":{"@id":"https:\/\/www.librairieclavreuil.com\/#\/schema\/logo\/image\/"},"sameAs":["https:\/\/www.instagram.com\/librairieclavreuil\/"]}]}},"jetpack_sharing_enabled":true,"_links":{"self":[{"href":"https:\/\/www.librairieclavreuil.com\/en\/wp-json\/wp\/v2\/product\/80317","targetHints":{"allow":["GET"]}}],"collection":[{"href":"https:\/\/www.librairieclavreuil.com\/en\/wp-json\/wp\/v2\/product"}],"about":[{"href":"https:\/\/www.librairieclavreuil.com\/en\/wp-json\/wp\/v2\/types\/product"}],"replies":[{"embeddable":true,"href":"https:\/\/www.librairieclavreuil.com\/en\/wp-json\/wp\/v2\/comments?post=80317"}],"wp:featuredmedia":[{"embeddable":true,"href":"https:\/\/www.librairieclavreuil.com\/en\/wp-json\/wp\/v2\/media\/80310"}],"wp:attachment":[{"href":"https:\/\/www.librairieclavreuil.com\/en\/wp-json\/wp\/v2\/media?parent=80317"}],"wp:term":[{"taxonomy":"product_brand","embeddable":true,"href":"https:\/\/www.librairieclavreuil.com\/en\/wp-json\/wp\/v2\/product_brand?post=80317"},{"taxonomy":"product_cat","embeddable":true,"href":"https:\/\/www.librairieclavreuil.com\/en\/wp-json\/wp\/v2\/product_cat?post=80317"},{"taxonomy":"product_tag","embeddable":true,"href":"https:\/\/www.librairieclavreuil.com\/en\/wp-json\/wp\/v2\/product_tag?post=80317"}],"curies":[{"name":"wp","href":"https:\/\/api.w.org\/{rel}","templated":true}]}}