{"id":80283,"date":"2024-07-13T16:59:01","date_gmt":"2024-07-13T14:59:01","guid":{"rendered":"https:\/\/www.librairieclavreuil.com\/strozzi-ercole-strozii-poetae-pater-et-filius\/"},"modified":"2025-10-10T14:31:49","modified_gmt":"2025-10-10T12:31:49","slug":"strozzi-ercole-strozii-poetae-pater-et-filius","status":"publish","type":"product","link":"https:\/\/www.librairieclavreuil.com\/en\/strozzi-ercole-strozii-poetae-pater-et-filius\/","title":{"rendered":"STROZZI Ercole Strozii poetae pater et filius."},"content":{"rendered":"<p style=\"text-align:justify\"><i>Renouard, p.65, n\u00b010; Schwerdt, II, p230; Thi\u00e9baud, 860.<\/i><\/p>\n<p style=\"text-align:justify\"><span style=\"font-variant:small-caps\">First edition.<\/span><\/p>\n<p style=\"text-align:justify\">Vespasiano Strozzi (1422-1505) and his son Ercole, of the Strozzi, were attached to the Court of the Dukes of Ferrara. The first part of the famous collection is dedicated to Lucrecia Borgia, and contains various poems by Ercole on hunting, friendship, love or mythology. The work also contains several eulogies including the one by Aldus Manutius on the premature death of Ercole in 1508. The second part, dedicated to Ercole d&#8217;Este, Duke of Ferrara, unites works by Tito Vespasiano : <i>Eroticon<\/i>, <i>Aelostichon<\/i>, and other delicate poetry, inspired by Petrarca and other latinistes.<\/p>\n<p style=\"text-align:justify\">&#8220;\u00c9dition originale, elle est rare. Le po\u00e8me sur la chasse occupe les ff.14 \u00e0 30 de la premi\u00e8re partie&#8221; (Thi\u00e9baud).<\/p>\n<p style=\"text-align:justify\">Provenance : D. Jeannin (16th century signature and note) &#8211; Charles Edward Fortnam (book plate) &#8211; M. Summers (signature dated 1900).<\/p>\n","protected":false},"excerpt":{"rendered":"<p style=\"text-align:justify\">2 parts in one volume, 8vo (161 x 98 mm) 8 nn.l., 99 num.ll., 1 nn.l. for part I; 152 num.ll. for part II. Nineteenth-century vellum.<\/p>\n","protected":false},"featured_media":80274,"comment_status":"open","ping_status":"closed","template":"","meta":{"_acf_changed":false},"product_brand":[],"product_cat":[534],"product_tag":[1234,1450,566],"class_list":{"0":"post-80283","1":"product","2":"type-product","3":"status-publish","4":"has-post-thumbnail","6":"product_cat-hunting","7":"product_tag-aldus","8":"product_tag-first-edition","9":"product_tag-hunting","10":"pa_auteur-strozzi-ercole-2","11":"pa_type-de-livre-printed-book","13":"first","14":"outofstock","15":"shipping-taxable","16":"purchasable","17":"product-type-simple"},"acf":{"artist":" Ercole STROZZI","chapeau":"Hunting, friendship, love and mythology","adresse_bibliographique":"Venise, In aedibus Aldii et Andreae Asulani Soceri, 1513","book_type":"Printed book","provenance":"","afficher_prix":""},"yoast_head":"<!-- This site is optimized with the Yoast SEO plugin v24.7 - https:\/\/yoast.com\/wordpress\/plugins\/seo\/ -->\n<title>STROZZI Ercole Strozii poetae pater et filius. - Libairie Clavreuil<\/title>\n<meta name=\"robots\" content=\"index, follow, max-snippet:-1, max-image-preview:large, max-video-preview:-1\" \/>\n<link rel=\"canonical\" href=\"https:\/\/www.librairieclavreuil.com\/en\/strozzi-ercole-strozii-poetae-pater-et-filius\/\" \/>\n<meta property=\"og:locale\" content=\"en_US\" \/>\n<meta property=\"og:type\" content=\"article\" \/>\n<meta property=\"og:title\" content=\"STROZZI Ercole Strozii poetae pater et filius. - Libairie Clavreuil\" \/>\n<meta property=\"og:description\" content=\"2 parts in one volume, 8vo (161 x 98 mm) 8 nn.l., 99 num.ll., 1 nn.l. for part I; 152 num.ll. for part II. Nineteenth-century vellum.\" \/>\n<meta property=\"og:url\" content=\"https:\/\/www.librairieclavreuil.com\/en\/strozzi-ercole-strozii-poetae-pater-et-filius\/\" \/>\n<meta property=\"og:site_name\" content=\"Libairie Clavreuil\" \/>\n<meta property=\"article:modified_time\" content=\"2025-10-10T12:31:49+00:00\" \/>\n<meta property=\"og:image\" content=\"https:\/\/www.librairieclavreuil.com\/wp-content\/uploads\/2024\/07\/ercole-strozzi-strozii-poetae-pater-et-filius-2218-65a2bd56c0854.jpg\" \/>\n\t<meta property=\"og:image:width\" content=\"600\" \/>\n\t<meta property=\"og:image:height\" content=\"800\" \/>\n\t<meta property=\"og:image:type\" content=\"image\/jpeg\" \/>\n<meta name=\"twitter:card\" content=\"summary_large_image\" \/>\n<meta name=\"twitter:label1\" content=\"Est. reading time\" \/>\n\t<meta name=\"twitter:data1\" content=\"1 minute\" \/>\n<script type=\"application\/ld+json\" class=\"yoast-schema-graph\">{\"@context\":\"https:\/\/schema.org\",\"@graph\":[{\"@type\":\"WebPage\",\"@id\":\"https:\/\/www.librairieclavreuil.com\/en\/strozzi-ercole-strozii-poetae-pater-et-filius\/\",\"url\":\"https:\/\/www.librairieclavreuil.com\/en\/strozzi-ercole-strozii-poetae-pater-et-filius\/\",\"name\":\"STROZZI Ercole Strozii poetae pater et filius. - Libairie Clavreuil\",\"isPartOf\":{\"@id\":\"https:\/\/www.librairieclavreuil.com\/#website\"},\"primaryImageOfPage\":{\"@id\":\"https:\/\/www.librairieclavreuil.com\/en\/strozzi-ercole-strozii-poetae-pater-et-filius\/#primaryimage\"},\"image\":{\"@id\":\"https:\/\/www.librairieclavreuil.com\/en\/strozzi-ercole-strozii-poetae-pater-et-filius\/#primaryimage\"},\"thumbnailUrl\":\"https:\/\/www.librairieclavreuil.com\/wp-content\/uploads\/2024\/07\/ercole-strozzi-strozii-poetae-pater-et-filius-2218-65a2bd56c0854.jpg\",\"datePublished\":\"2024-07-13T14:59:01+00:00\",\"dateModified\":\"2025-10-10T12:31:49+00:00\",\"breadcrumb\":{\"@id\":\"https:\/\/www.librairieclavreuil.com\/en\/strozzi-ercole-strozii-poetae-pater-et-filius\/#breadcrumb\"},\"inLanguage\":\"en-US\",\"potentialAction\":[{\"@type\":\"ReadAction\",\"target\":[\"https:\/\/www.librairieclavreuil.com\/en\/strozzi-ercole-strozii-poetae-pater-et-filius\/\"]}]},{\"@type\":\"ImageObject\",\"inLanguage\":\"en-US\",\"@id\":\"https:\/\/www.librairieclavreuil.com\/en\/strozzi-ercole-strozii-poetae-pater-et-filius\/#primaryimage\",\"url\":\"https:\/\/www.librairieclavreuil.com\/wp-content\/uploads\/2024\/07\/ercole-strozzi-strozii-poetae-pater-et-filius-2218-65a2bd56c0854.jpg\",\"contentUrl\":\"https:\/\/www.librairieclavreuil.com\/wp-content\/uploads\/2024\/07\/ercole-strozzi-strozii-poetae-pater-et-filius-2218-65a2bd56c0854.jpg\",\"width\":600,\"height\":800},{\"@type\":\"BreadcrumbList\",\"@id\":\"https:\/\/www.librairieclavreuil.com\/en\/strozzi-ercole-strozii-poetae-pater-et-filius\/#breadcrumb\",\"itemListElement\":[{\"@type\":\"ListItem\",\"position\":1,\"name\":\"Accueil\",\"item\":\"https:\/\/www.librairieclavreuil.com\/\"},{\"@type\":\"ListItem\",\"position\":2,\"name\":\"All our books\",\"item\":\"https:\/\/www.librairieclavreuil.com\/en\/all-our-books\/\"},{\"@type\":\"ListItem\",\"position\":3,\"name\":\"STROZZI Ercole Strozii poetae pater et filius.\"}]},{\"@type\":\"WebSite\",\"@id\":\"https:\/\/www.librairieclavreuil.com\/#website\",\"url\":\"https:\/\/www.librairieclavreuil.com\/\",\"name\":\"Libairie Clavreuil\",\"description\":\"Livres anciens, manuscrits rares et \u00e9ditions originales \u2013 Librairie Clavreuil\",\"publisher\":{\"@id\":\"https:\/\/www.librairieclavreuil.com\/#organization\"},\"potentialAction\":[{\"@type\":\"SearchAction\",\"target\":{\"@type\":\"EntryPoint\",\"urlTemplate\":\"https:\/\/www.librairieclavreuil.com\/?s={search_term_string}\"},\"query-input\":{\"@type\":\"PropertyValueSpecification\",\"valueRequired\":true,\"valueName\":\"search_term_string\"}}],\"inLanguage\":\"en-US\"},{\"@type\":\"Organization\",\"@id\":\"https:\/\/www.librairieclavreuil.com\/#organization\",\"name\":\"Libairie Clavreuil\",\"url\":\"https:\/\/www.librairieclavreuil.com\/\",\"logo\":{\"@type\":\"ImageObject\",\"inLanguage\":\"en-US\",\"@id\":\"https:\/\/www.librairieclavreuil.com\/#\/schema\/logo\/image\/\",\"url\":\"https:\/\/www.librairieclavreuil.com\/wp-content\/uploads\/2021\/06\/cropped-LOGO_PNG_DATE-_gold-512x512-1.png\",\"contentUrl\":\"https:\/\/www.librairieclavreuil.com\/wp-content\/uploads\/2021\/06\/cropped-LOGO_PNG_DATE-_gold-512x512-1.png\",\"width\":512,\"height\":512,\"caption\":\"Libairie Clavreuil\"},\"image\":{\"@id\":\"https:\/\/www.librairieclavreuil.com\/#\/schema\/logo\/image\/\"},\"sameAs\":[\"https:\/\/www.instagram.com\/librairieclavreuil\/\"]}]}<\/script>\n<!-- \/ Yoast SEO plugin. -->","yoast_head_json":{"title":"STROZZI Ercole Strozii poetae pater et filius. - Libairie Clavreuil","robots":{"index":"index","follow":"follow","max-snippet":"max-snippet:-1","max-image-preview":"max-image-preview:large","max-video-preview":"max-video-preview:-1"},"canonical":"https:\/\/www.librairieclavreuil.com\/en\/strozzi-ercole-strozii-poetae-pater-et-filius\/","og_locale":"en_US","og_type":"article","og_title":"STROZZI Ercole Strozii poetae pater et filius. - Libairie Clavreuil","og_description":"2 parts in one volume, 8vo (161 x 98 mm) 8 nn.l., 99 num.ll., 1 nn.l. for part I; 152 num.ll. for part II. Nineteenth-century vellum.","og_url":"https:\/\/www.librairieclavreuil.com\/en\/strozzi-ercole-strozii-poetae-pater-et-filius\/","og_site_name":"Libairie Clavreuil","article_modified_time":"2025-10-10T12:31:49+00:00","og_image":[{"width":600,"height":800,"url":"https:\/\/www.librairieclavreuil.com\/wp-content\/uploads\/2024\/07\/ercole-strozzi-strozii-poetae-pater-et-filius-2218-65a2bd56c0854.jpg","type":"image\/jpeg"}],"twitter_card":"summary_large_image","twitter_misc":{"Est. reading time":"1 minute"},"schema":{"@context":"https:\/\/schema.org","@graph":[{"@type":"WebPage","@id":"https:\/\/www.librairieclavreuil.com\/en\/strozzi-ercole-strozii-poetae-pater-et-filius\/","url":"https:\/\/www.librairieclavreuil.com\/en\/strozzi-ercole-strozii-poetae-pater-et-filius\/","name":"STROZZI Ercole Strozii poetae pater et filius. - Libairie Clavreuil","isPartOf":{"@id":"https:\/\/www.librairieclavreuil.com\/#website"},"primaryImageOfPage":{"@id":"https:\/\/www.librairieclavreuil.com\/en\/strozzi-ercole-strozii-poetae-pater-et-filius\/#primaryimage"},"image":{"@id":"https:\/\/www.librairieclavreuil.com\/en\/strozzi-ercole-strozii-poetae-pater-et-filius\/#primaryimage"},"thumbnailUrl":"https:\/\/www.librairieclavreuil.com\/wp-content\/uploads\/2024\/07\/ercole-strozzi-strozii-poetae-pater-et-filius-2218-65a2bd56c0854.jpg","datePublished":"2024-07-13T14:59:01+00:00","dateModified":"2025-10-10T12:31:49+00:00","breadcrumb":{"@id":"https:\/\/www.librairieclavreuil.com\/en\/strozzi-ercole-strozii-poetae-pater-et-filius\/#breadcrumb"},"inLanguage":"en-US","potentialAction":[{"@type":"ReadAction","target":["https:\/\/www.librairieclavreuil.com\/en\/strozzi-ercole-strozii-poetae-pater-et-filius\/"]}]},{"@type":"ImageObject","inLanguage":"en-US","@id":"https:\/\/www.librairieclavreuil.com\/en\/strozzi-ercole-strozii-poetae-pater-et-filius\/#primaryimage","url":"https:\/\/www.librairieclavreuil.com\/wp-content\/uploads\/2024\/07\/ercole-strozzi-strozii-poetae-pater-et-filius-2218-65a2bd56c0854.jpg","contentUrl":"https:\/\/www.librairieclavreuil.com\/wp-content\/uploads\/2024\/07\/ercole-strozzi-strozii-poetae-pater-et-filius-2218-65a2bd56c0854.jpg","width":600,"height":800},{"@type":"BreadcrumbList","@id":"https:\/\/www.librairieclavreuil.com\/en\/strozzi-ercole-strozii-poetae-pater-et-filius\/#breadcrumb","itemListElement":[{"@type":"ListItem","position":1,"name":"Accueil","item":"https:\/\/www.librairieclavreuil.com\/"},{"@type":"ListItem","position":2,"name":"All our books","item":"https:\/\/www.librairieclavreuil.com\/en\/all-our-books\/"},{"@type":"ListItem","position":3,"name":"STROZZI Ercole Strozii poetae pater et filius."}]},{"@type":"WebSite","@id":"https:\/\/www.librairieclavreuil.com\/#website","url":"https:\/\/www.librairieclavreuil.com\/","name":"Libairie Clavreuil","description":"Livres anciens, manuscrits rares et \u00e9ditions originales \u2013 Librairie Clavreuil","publisher":{"@id":"https:\/\/www.librairieclavreuil.com\/#organization"},"potentialAction":[{"@type":"SearchAction","target":{"@type":"EntryPoint","urlTemplate":"https:\/\/www.librairieclavreuil.com\/?s={search_term_string}"},"query-input":{"@type":"PropertyValueSpecification","valueRequired":true,"valueName":"search_term_string"}}],"inLanguage":"en-US"},{"@type":"Organization","@id":"https:\/\/www.librairieclavreuil.com\/#organization","name":"Libairie Clavreuil","url":"https:\/\/www.librairieclavreuil.com\/","logo":{"@type":"ImageObject","inLanguage":"en-US","@id":"https:\/\/www.librairieclavreuil.com\/#\/schema\/logo\/image\/","url":"https:\/\/www.librairieclavreuil.com\/wp-content\/uploads\/2021\/06\/cropped-LOGO_PNG_DATE-_gold-512x512-1.png","contentUrl":"https:\/\/www.librairieclavreuil.com\/wp-content\/uploads\/2021\/06\/cropped-LOGO_PNG_DATE-_gold-512x512-1.png","width":512,"height":512,"caption":"Libairie Clavreuil"},"image":{"@id":"https:\/\/www.librairieclavreuil.com\/#\/schema\/logo\/image\/"},"sameAs":["https:\/\/www.instagram.com\/librairieclavreuil\/"]}]}},"jetpack_sharing_enabled":true,"_links":{"self":[{"href":"https:\/\/www.librairieclavreuil.com\/en\/wp-json\/wp\/v2\/product\/80283","targetHints":{"allow":["GET"]}}],"collection":[{"href":"https:\/\/www.librairieclavreuil.com\/en\/wp-json\/wp\/v2\/product"}],"about":[{"href":"https:\/\/www.librairieclavreuil.com\/en\/wp-json\/wp\/v2\/types\/product"}],"replies":[{"embeddable":true,"href":"https:\/\/www.librairieclavreuil.com\/en\/wp-json\/wp\/v2\/comments?post=80283"}],"wp:featuredmedia":[{"embeddable":true,"href":"https:\/\/www.librairieclavreuil.com\/en\/wp-json\/wp\/v2\/media\/80274"}],"wp:attachment":[{"href":"https:\/\/www.librairieclavreuil.com\/en\/wp-json\/wp\/v2\/media?parent=80283"}],"wp:term":[{"taxonomy":"product_brand","embeddable":true,"href":"https:\/\/www.librairieclavreuil.com\/en\/wp-json\/wp\/v2\/product_brand?post=80283"},{"taxonomy":"product_cat","embeddable":true,"href":"https:\/\/www.librairieclavreuil.com\/en\/wp-json\/wp\/v2\/product_cat?post=80283"},{"taxonomy":"product_tag","embeddable":true,"href":"https:\/\/www.librairieclavreuil.com\/en\/wp-json\/wp\/v2\/product_tag?post=80283"}],"curies":[{"name":"wp","href":"https:\/\/api.w.org\/{rel}","templated":true}]}}