{"id":80273,"date":"2024-07-13T16:58:37","date_gmt":"2024-07-13T14:58:37","guid":{"rendered":"https:\/\/www.librairieclavreuil.com\/anonyme-sommaire-de-tous-les-recueils-des-chansons-tant-amoureuses-rustiques-que-musiciens-comprises-en-quatre-livres-adjouste-plusieurs-chansons-nouvelles-non-encore-mis-en-lumiere-livre-premi\/"},"modified":"2025-01-28T11:41:55","modified_gmt":"2025-01-28T10:41:55","slug":"anonyme-sommaire-de-tous-les-recueils-des-chansons-tant-amoureuses-rustiques-que-musiciens-comprises-en-quatre-livres-adjouste-plusieurs-chansons-nouvelles-non-encore-mis-en-lumiere-livre-premi","status":"publish","type":"product","link":"https:\/\/www.librairieclavreuil.com\/en\/anonyme-sommaire-de-tous-les-recueils-des-chansons-tant-amoureuses-rustiques-que-musiciens-comprises-en-quatre-livres-adjouste-plusieurs-chansons-nouvelles-non-encore-mis-en-lumiere-livre-premi\/","title":{"rendered":"[ANONYME] Sommaire de tous les recueils des chansons..."},"content":{"rendered":"<p style=\"text-align:justify\"><i>Gay-Lemonnyer, III, 1126 (this copy) ; see Brunet, V, 436.<\/i><\/p>\n<p style=\"text-align:justify\">First editin of the four parts, very rare.<\/p>\n<p style=\"text-align:justify\">No copy of this edition is listed in the BnF and Brunet has no record of this edition. The 9 missing leaves from the first part were carefully copied at the time of binding and bound at the end, as well as 74 leaves containing 38 songs taken&nbsp;from the edition 1582 but omitted in this edition. The inscription on the flyleaf by a previous owner bears witness to this: &#8220;Exemplaire probablement unique d&#8217;une \u00e9dition que M. Brunet n&#8217;a pas vu. Veinant, qui en fut le possesseur, a suppl\u00e9e 9 ff. manquant \u00e0 la premi\u00e8re partie et ajout\u00e9 deux appendices de 90 et 49 pages. Ce volume a ensuite appartenu \u00e0 M. Vill. Martin \u00e0 la vente de qui j&#8217;ai pay\u00e9 175 fr. sans les frais. Avril 1869, Prosper Blanchemain&#8221;.<\/p>\n<p>The two inserted manuscript notebooks bear individual titles, including: Copie de trente huit chansons du recueil de 1582, qui n&#8217;ont pas \u00e9t\u00e9 reproduites dans celui de 1588, 90 pp. (including 2 pp. of table), and Sommaire de tous les recueils des plus excellens chansons&#8230; (Paris, Anthoune Hu\u00eb, n.d.), specifying that the following chansons are not to be found in the collections of Paris, Nicolas Bonfons, 1582 and 1588, 44pp. and 1 f. of table. The copies end with an <i>Achev\u00e9 d&#8217;\u00e9crire dated 5 October 1851<\/i>. Gay-Lemonnyer quotes this copy as being sold by an amateur to Aubry in 1866 for 175fr. It then was included in the Ch\u00e9deau sale where it was sold for 225fr. A few short leaves shaved at head.<\/p>\n<p>Albeit the defects, a pleant copy of this extremely rare edition.<\/p>\n","protected":false},"excerpt":{"rendered":"<p style=\"text-align:justify\">4 parts in 1 volume, 16mo (112 x 71 mm) 102 num.ll. (missing leaves 50, and 57 to 64), 2 nn.ll. (tables) for part I ; 110 num.ll., 2 nn.ll. (tables) for part II ; 62 num.ll., 1 n.l. (tables) for part III ; 31 num.ll., 1 un.l. (tables) for part III\/2 ; 94 num.ll., 2 nn.ll. for part IV. Nineteenth-century red morocco by Hardy, triple gilt filet on covers, spine gilt with raised bands, marbled and gilt edges.<\/p>\n","protected":false},"featured_media":80268,"comment_status":"open","ping_status":"closed","template":"","meta":{"_acf_changed":false},"product_brand":[],"product_cat":[544],"product_tag":[1243,1450,568],"class_list":{"0":"post-80273","1":"product","2":"type-product","3":"status-publish","4":"has-post-thumbnail","6":"product_cat-literature","7":"product_tag-16th-century-literature","8":"product_tag-first-edition","9":"product_tag-music","10":"pa_auteur-anonyme-4","11":"pa_type-de-livre-printed-book","13":"first","14":"instock","15":"shipping-taxable","16":"purchasable","17":"product-type-simple"},"acf":{"artist":" [ANONYME]","chapeau":"Most likely the only recorded copy of this edition","adresse_bibliographique":"Paris, Nicolas Bonfons, 1588","book_type":"Printed book","provenance":"","afficher_prix":""},"yoast_head":"<!-- This site is optimized with the Yoast SEO plugin v24.7 - https:\/\/yoast.com\/wordpress\/plugins\/seo\/ -->\n<title>[ANONYME]  Sommaire de tous les recueils des chansons tant amoureuses, rustiques, que musiciens, comprises en quatre livres. Adjoust\u00e9 plusieurs chansons nouvelles, non encore mis en lumi\u00e8re. Livre premier [-livre IIII]. - Libairie Clavreuil<\/title>\n<meta name=\"robots\" content=\"index, follow, max-snippet:-1, max-image-preview:large, max-video-preview:-1\" \/>\n<link rel=\"canonical\" href=\"https:\/\/www.librairieclavreuil.com\/en\/anonyme-sommaire-de-tous-les-recueils-des-chansons-tant-amoureuses-rustiques-que-musiciens-comprises-en-quatre-livres-adjouste-plusieurs-chansons-nouvelles-non-encore-mis-en-lumiere-livre-premi\/\" \/>\n<meta property=\"og:locale\" content=\"en_US\" \/>\n<meta property=\"og:type\" content=\"article\" \/>\n<meta property=\"og:title\" content=\"[ANONYME]  Sommaire de tous les recueils des chansons tant amoureuses, rustiques, que musiciens, comprises en quatre livres. Adjoust\u00e9 plusieurs chansons nouvelles, non encore mis en lumi\u00e8re. Livre premier [-livre IIII]. - Libairie Clavreuil\" \/>\n<meta property=\"og:description\" content=\"4 parts in 1 volume, 16mo (112 x 71 mm) 102 num.ll. (missing leaves 50, and 57 to 64), 2 nn.ll. (tables) for part I ; 110 num.ll., 2 nn.ll. (tables) for part II ; 62 num.ll., 1 n.l. (tables) for part III ; 31 num.ll., 1 un.l. (tables) for part III\/2 ; 94 num.ll., 2 nn.ll. for part IV. Nineteenth-century red morocco by Hardy, triple gilt filet on covers, spine gilt with raised bands, marbled and gilt edges.\" \/>\n<meta property=\"og:url\" content=\"https:\/\/www.librairieclavreuil.com\/en\/anonyme-sommaire-de-tous-les-recueils-des-chansons-tant-amoureuses-rustiques-que-musiciens-comprises-en-quatre-livres-adjouste-plusieurs-chansons-nouvelles-non-encore-mis-en-lumiere-livre-premi\/\" \/>\n<meta property=\"og:site_name\" content=\"Libairie Clavreuil\" \/>\n<meta property=\"article:modified_time\" content=\"2025-01-28T10:41:55+00:00\" \/>\n<meta property=\"og:image\" content=\"https:\/\/www.librairieclavreuil.com\/wp-content\/uploads\/2024\/07\/unknown-sommaire-de-tous-les-recueils-des-chansons-tant-amoureuses-rustiques-que-musiciens-comprises-en-quatre-livres-adjouste-plusieurs-chansons-nouv.jpg\" \/>\n\t<meta property=\"og:image:width\" content=\"501\" \/>\n\t<meta property=\"og:image:height\" content=\"800\" \/>\n\t<meta property=\"og:image:type\" content=\"image\/jpeg\" \/>\n<meta name=\"twitter:card\" content=\"summary_large_image\" \/>\n<meta name=\"twitter:label1\" content=\"Est. reading time\" \/>\n\t<meta name=\"twitter:data1\" content=\"1 minute\" \/>\n<script type=\"application\/ld+json\" class=\"yoast-schema-graph\">{\"@context\":\"https:\/\/schema.org\",\"@graph\":[{\"@type\":\"WebPage\",\"@id\":\"https:\/\/www.librairieclavreuil.com\/en\/anonyme-sommaire-de-tous-les-recueils-des-chansons-tant-amoureuses-rustiques-que-musiciens-comprises-en-quatre-livres-adjouste-plusieurs-chansons-nouvelles-non-encore-mis-en-lumiere-livre-premi\/\",\"url\":\"https:\/\/www.librairieclavreuil.com\/en\/anonyme-sommaire-de-tous-les-recueils-des-chansons-tant-amoureuses-rustiques-que-musiciens-comprises-en-quatre-livres-adjouste-plusieurs-chansons-nouvelles-non-encore-mis-en-lumiere-livre-premi\/\",\"name\":\"[ANONYME] Sommaire de tous les recueils des chansons tant amoureuses, rustiques, que musiciens, comprises en quatre livres. Adjoust\u00e9 plusieurs chansons nouvelles, non encore mis en lumi\u00e8re. Livre premier [-livre IIII]. - Libairie Clavreuil\",\"isPartOf\":{\"@id\":\"https:\/\/www.librairieclavreuil.com\/#website\"},\"primaryImageOfPage\":{\"@id\":\"https:\/\/www.librairieclavreuil.com\/en\/anonyme-sommaire-de-tous-les-recueils-des-chansons-tant-amoureuses-rustiques-que-musiciens-comprises-en-quatre-livres-adjouste-plusieurs-chansons-nouvelles-non-encore-mis-en-lumiere-livre-premi\/#primaryimage\"},\"image\":{\"@id\":\"https:\/\/www.librairieclavreuil.com\/en\/anonyme-sommaire-de-tous-les-recueils-des-chansons-tant-amoureuses-rustiques-que-musiciens-comprises-en-quatre-livres-adjouste-plusieurs-chansons-nouvelles-non-encore-mis-en-lumiere-livre-premi\/#primaryimage\"},\"thumbnailUrl\":\"https:\/\/www.librairieclavreuil.com\/wp-content\/uploads\/2024\/07\/unknown-sommaire-de-tous-les-recueils-des-chansons-tant-amoureuses-rustiques-que-musiciens-comprises-en-quatre-livres-adjouste-plusieurs-chansons-nouv.jpg\",\"datePublished\":\"2024-07-13T14:58:37+00:00\",\"dateModified\":\"2025-01-28T10:41:55+00:00\",\"breadcrumb\":{\"@id\":\"https:\/\/www.librairieclavreuil.com\/en\/anonyme-sommaire-de-tous-les-recueils-des-chansons-tant-amoureuses-rustiques-que-musiciens-comprises-en-quatre-livres-adjouste-plusieurs-chansons-nouvelles-non-encore-mis-en-lumiere-livre-premi\/#breadcrumb\"},\"inLanguage\":\"en-US\",\"potentialAction\":[{\"@type\":\"ReadAction\",\"target\":[\"https:\/\/www.librairieclavreuil.com\/en\/anonyme-sommaire-de-tous-les-recueils-des-chansons-tant-amoureuses-rustiques-que-musiciens-comprises-en-quatre-livres-adjouste-plusieurs-chansons-nouvelles-non-encore-mis-en-lumiere-livre-premi\/\"]}]},{\"@type\":\"ImageObject\",\"inLanguage\":\"en-US\",\"@id\":\"https:\/\/www.librairieclavreuil.com\/en\/anonyme-sommaire-de-tous-les-recueils-des-chansons-tant-amoureuses-rustiques-que-musiciens-comprises-en-quatre-livres-adjouste-plusieurs-chansons-nouvelles-non-encore-mis-en-lumiere-livre-premi\/#primaryimage\",\"url\":\"https:\/\/www.librairieclavreuil.com\/wp-content\/uploads\/2024\/07\/unknown-sommaire-de-tous-les-recueils-des-chansons-tant-amoureuses-rustiques-que-musiciens-comprises-en-quatre-livres-adjouste-plusieurs-chansons-nouv.jpg\",\"contentUrl\":\"https:\/\/www.librairieclavreuil.com\/wp-content\/uploads\/2024\/07\/unknown-sommaire-de-tous-les-recueils-des-chansons-tant-amoureuses-rustiques-que-musiciens-comprises-en-quatre-livres-adjouste-plusieurs-chansons-nouv.jpg\",\"width\":501,\"height\":800},{\"@type\":\"BreadcrumbList\",\"@id\":\"https:\/\/www.librairieclavreuil.com\/en\/anonyme-sommaire-de-tous-les-recueils-des-chansons-tant-amoureuses-rustiques-que-musiciens-comprises-en-quatre-livres-adjouste-plusieurs-chansons-nouvelles-non-encore-mis-en-lumiere-livre-premi\/#breadcrumb\",\"itemListElement\":[{\"@type\":\"ListItem\",\"position\":1,\"name\":\"Accueil\",\"item\":\"https:\/\/www.librairieclavreuil.com\/\"},{\"@type\":\"ListItem\",\"position\":2,\"name\":\"All our books\",\"item\":\"https:\/\/www.librairieclavreuil.com\/en\/all-our-books\/\"},{\"@type\":\"ListItem\",\"position\":3,\"name\":\"[ANONYME] Sommaire de tous les recueils des chansons tant amoureuses, rustiques, que musiciens, comprises en quatre livres. Adjoust\u00e9 plusieurs chansons nouvelles, non encore mis en lumi\u00e8re. Livre premier [-livre IIII].\"}]},{\"@type\":\"WebSite\",\"@id\":\"https:\/\/www.librairieclavreuil.com\/#website\",\"url\":\"https:\/\/www.librairieclavreuil.com\/\",\"name\":\"Libairie Clavreuil\",\"description\":\"Livres anciens, manuscrits rares et \u00e9ditions originales \u2013 Librairie Clavreuil\",\"publisher\":{\"@id\":\"https:\/\/www.librairieclavreuil.com\/#organization\"},\"potentialAction\":[{\"@type\":\"SearchAction\",\"target\":{\"@type\":\"EntryPoint\",\"urlTemplate\":\"https:\/\/www.librairieclavreuil.com\/?s={search_term_string}\"},\"query-input\":{\"@type\":\"PropertyValueSpecification\",\"valueRequired\":true,\"valueName\":\"search_term_string\"}}],\"inLanguage\":\"en-US\"},{\"@type\":\"Organization\",\"@id\":\"https:\/\/www.librairieclavreuil.com\/#organization\",\"name\":\"Libairie Clavreuil\",\"url\":\"https:\/\/www.librairieclavreuil.com\/\",\"logo\":{\"@type\":\"ImageObject\",\"inLanguage\":\"en-US\",\"@id\":\"https:\/\/www.librairieclavreuil.com\/#\/schema\/logo\/image\/\",\"url\":\"https:\/\/www.librairieclavreuil.com\/wp-content\/uploads\/2021\/06\/cropped-LOGO_PNG_DATE-_gold-512x512-1.png\",\"contentUrl\":\"https:\/\/www.librairieclavreuil.com\/wp-content\/uploads\/2021\/06\/cropped-LOGO_PNG_DATE-_gold-512x512-1.png\",\"width\":512,\"height\":512,\"caption\":\"Libairie Clavreuil\"},\"image\":{\"@id\":\"https:\/\/www.librairieclavreuil.com\/#\/schema\/logo\/image\/\"},\"sameAs\":[\"https:\/\/www.instagram.com\/librairieclavreuil\/\"]}]}<\/script>\n<!-- \/ Yoast SEO plugin. -->","yoast_head_json":{"title":"[ANONYME]  Sommaire de tous les recueils des chansons tant amoureuses, rustiques, que musiciens, comprises en quatre livres. Adjoust\u00e9 plusieurs chansons nouvelles, non encore mis en lumi\u00e8re. Livre premier [-livre IIII]. - Libairie Clavreuil","robots":{"index":"index","follow":"follow","max-snippet":"max-snippet:-1","max-image-preview":"max-image-preview:large","max-video-preview":"max-video-preview:-1"},"canonical":"https:\/\/www.librairieclavreuil.com\/en\/anonyme-sommaire-de-tous-les-recueils-des-chansons-tant-amoureuses-rustiques-que-musiciens-comprises-en-quatre-livres-adjouste-plusieurs-chansons-nouvelles-non-encore-mis-en-lumiere-livre-premi\/","og_locale":"en_US","og_type":"article","og_title":"[ANONYME]  Sommaire de tous les recueils des chansons tant amoureuses, rustiques, que musiciens, comprises en quatre livres. Adjoust\u00e9 plusieurs chansons nouvelles, non encore mis en lumi\u00e8re. Livre premier [-livre IIII]. - Libairie Clavreuil","og_description":"4 parts in 1 volume, 16mo (112 x 71 mm) 102 num.ll. (missing leaves 50, and 57 to 64), 2 nn.ll. (tables) for part I ; 110 num.ll., 2 nn.ll. (tables) for part II ; 62 num.ll., 1 n.l. (tables) for part III ; 31 num.ll., 1 un.l. (tables) for part III\/2 ; 94 num.ll., 2 nn.ll. for part IV. Nineteenth-century red morocco by Hardy, triple gilt filet on covers, spine gilt with raised bands, marbled and gilt edges.","og_url":"https:\/\/www.librairieclavreuil.com\/en\/anonyme-sommaire-de-tous-les-recueils-des-chansons-tant-amoureuses-rustiques-que-musiciens-comprises-en-quatre-livres-adjouste-plusieurs-chansons-nouvelles-non-encore-mis-en-lumiere-livre-premi\/","og_site_name":"Libairie Clavreuil","article_modified_time":"2025-01-28T10:41:55+00:00","og_image":[{"width":501,"height":800,"url":"https:\/\/www.librairieclavreuil.com\/wp-content\/uploads\/2024\/07\/unknown-sommaire-de-tous-les-recueils-des-chansons-tant-amoureuses-rustiques-que-musiciens-comprises-en-quatre-livres-adjouste-plusieurs-chansons-nouv.jpg","type":"image\/jpeg"}],"twitter_card":"summary_large_image","twitter_misc":{"Est. reading time":"1 minute"},"schema":{"@context":"https:\/\/schema.org","@graph":[{"@type":"WebPage","@id":"https:\/\/www.librairieclavreuil.com\/en\/anonyme-sommaire-de-tous-les-recueils-des-chansons-tant-amoureuses-rustiques-que-musiciens-comprises-en-quatre-livres-adjouste-plusieurs-chansons-nouvelles-non-encore-mis-en-lumiere-livre-premi\/","url":"https:\/\/www.librairieclavreuil.com\/en\/anonyme-sommaire-de-tous-les-recueils-des-chansons-tant-amoureuses-rustiques-que-musiciens-comprises-en-quatre-livres-adjouste-plusieurs-chansons-nouvelles-non-encore-mis-en-lumiere-livre-premi\/","name":"[ANONYME] Sommaire de tous les recueils des chansons tant amoureuses, rustiques, que musiciens, comprises en quatre livres. Adjoust\u00e9 plusieurs chansons nouvelles, non encore mis en lumi\u00e8re. Livre premier [-livre IIII]. - Libairie Clavreuil","isPartOf":{"@id":"https:\/\/www.librairieclavreuil.com\/#website"},"primaryImageOfPage":{"@id":"https:\/\/www.librairieclavreuil.com\/en\/anonyme-sommaire-de-tous-les-recueils-des-chansons-tant-amoureuses-rustiques-que-musiciens-comprises-en-quatre-livres-adjouste-plusieurs-chansons-nouvelles-non-encore-mis-en-lumiere-livre-premi\/#primaryimage"},"image":{"@id":"https:\/\/www.librairieclavreuil.com\/en\/anonyme-sommaire-de-tous-les-recueils-des-chansons-tant-amoureuses-rustiques-que-musiciens-comprises-en-quatre-livres-adjouste-plusieurs-chansons-nouvelles-non-encore-mis-en-lumiere-livre-premi\/#primaryimage"},"thumbnailUrl":"https:\/\/www.librairieclavreuil.com\/wp-content\/uploads\/2024\/07\/unknown-sommaire-de-tous-les-recueils-des-chansons-tant-amoureuses-rustiques-que-musiciens-comprises-en-quatre-livres-adjouste-plusieurs-chansons-nouv.jpg","datePublished":"2024-07-13T14:58:37+00:00","dateModified":"2025-01-28T10:41:55+00:00","breadcrumb":{"@id":"https:\/\/www.librairieclavreuil.com\/en\/anonyme-sommaire-de-tous-les-recueils-des-chansons-tant-amoureuses-rustiques-que-musiciens-comprises-en-quatre-livres-adjouste-plusieurs-chansons-nouvelles-non-encore-mis-en-lumiere-livre-premi\/#breadcrumb"},"inLanguage":"en-US","potentialAction":[{"@type":"ReadAction","target":["https:\/\/www.librairieclavreuil.com\/en\/anonyme-sommaire-de-tous-les-recueils-des-chansons-tant-amoureuses-rustiques-que-musiciens-comprises-en-quatre-livres-adjouste-plusieurs-chansons-nouvelles-non-encore-mis-en-lumiere-livre-premi\/"]}]},{"@type":"ImageObject","inLanguage":"en-US","@id":"https:\/\/www.librairieclavreuil.com\/en\/anonyme-sommaire-de-tous-les-recueils-des-chansons-tant-amoureuses-rustiques-que-musiciens-comprises-en-quatre-livres-adjouste-plusieurs-chansons-nouvelles-non-encore-mis-en-lumiere-livre-premi\/#primaryimage","url":"https:\/\/www.librairieclavreuil.com\/wp-content\/uploads\/2024\/07\/unknown-sommaire-de-tous-les-recueils-des-chansons-tant-amoureuses-rustiques-que-musiciens-comprises-en-quatre-livres-adjouste-plusieurs-chansons-nouv.jpg","contentUrl":"https:\/\/www.librairieclavreuil.com\/wp-content\/uploads\/2024\/07\/unknown-sommaire-de-tous-les-recueils-des-chansons-tant-amoureuses-rustiques-que-musiciens-comprises-en-quatre-livres-adjouste-plusieurs-chansons-nouv.jpg","width":501,"height":800},{"@type":"BreadcrumbList","@id":"https:\/\/www.librairieclavreuil.com\/en\/anonyme-sommaire-de-tous-les-recueils-des-chansons-tant-amoureuses-rustiques-que-musiciens-comprises-en-quatre-livres-adjouste-plusieurs-chansons-nouvelles-non-encore-mis-en-lumiere-livre-premi\/#breadcrumb","itemListElement":[{"@type":"ListItem","position":1,"name":"Accueil","item":"https:\/\/www.librairieclavreuil.com\/"},{"@type":"ListItem","position":2,"name":"All our books","item":"https:\/\/www.librairieclavreuil.com\/en\/all-our-books\/"},{"@type":"ListItem","position":3,"name":"[ANONYME] Sommaire de tous les recueils des chansons tant amoureuses, rustiques, que musiciens, comprises en quatre livres. Adjoust\u00e9 plusieurs chansons nouvelles, non encore mis en lumi\u00e8re. Livre premier [-livre IIII]."}]},{"@type":"WebSite","@id":"https:\/\/www.librairieclavreuil.com\/#website","url":"https:\/\/www.librairieclavreuil.com\/","name":"Libairie Clavreuil","description":"Livres anciens, manuscrits rares et \u00e9ditions originales \u2013 Librairie Clavreuil","publisher":{"@id":"https:\/\/www.librairieclavreuil.com\/#organization"},"potentialAction":[{"@type":"SearchAction","target":{"@type":"EntryPoint","urlTemplate":"https:\/\/www.librairieclavreuil.com\/?s={search_term_string}"},"query-input":{"@type":"PropertyValueSpecification","valueRequired":true,"valueName":"search_term_string"}}],"inLanguage":"en-US"},{"@type":"Organization","@id":"https:\/\/www.librairieclavreuil.com\/#organization","name":"Libairie Clavreuil","url":"https:\/\/www.librairieclavreuil.com\/","logo":{"@type":"ImageObject","inLanguage":"en-US","@id":"https:\/\/www.librairieclavreuil.com\/#\/schema\/logo\/image\/","url":"https:\/\/www.librairieclavreuil.com\/wp-content\/uploads\/2021\/06\/cropped-LOGO_PNG_DATE-_gold-512x512-1.png","contentUrl":"https:\/\/www.librairieclavreuil.com\/wp-content\/uploads\/2021\/06\/cropped-LOGO_PNG_DATE-_gold-512x512-1.png","width":512,"height":512,"caption":"Libairie Clavreuil"},"image":{"@id":"https:\/\/www.librairieclavreuil.com\/#\/schema\/logo\/image\/"},"sameAs":["https:\/\/www.instagram.com\/librairieclavreuil\/"]}]}},"jetpack_sharing_enabled":true,"_links":{"self":[{"href":"https:\/\/www.librairieclavreuil.com\/en\/wp-json\/wp\/v2\/product\/80273","targetHints":{"allow":["GET"]}}],"collection":[{"href":"https:\/\/www.librairieclavreuil.com\/en\/wp-json\/wp\/v2\/product"}],"about":[{"href":"https:\/\/www.librairieclavreuil.com\/en\/wp-json\/wp\/v2\/types\/product"}],"replies":[{"embeddable":true,"href":"https:\/\/www.librairieclavreuil.com\/en\/wp-json\/wp\/v2\/comments?post=80273"}],"wp:featuredmedia":[{"embeddable":true,"href":"https:\/\/www.librairieclavreuil.com\/en\/wp-json\/wp\/v2\/media\/80268"}],"wp:attachment":[{"href":"https:\/\/www.librairieclavreuil.com\/en\/wp-json\/wp\/v2\/media?parent=80273"}],"wp:term":[{"taxonomy":"product_brand","embeddable":true,"href":"https:\/\/www.librairieclavreuil.com\/en\/wp-json\/wp\/v2\/product_brand?post=80273"},{"taxonomy":"product_cat","embeddable":true,"href":"https:\/\/www.librairieclavreuil.com\/en\/wp-json\/wp\/v2\/product_cat?post=80273"},{"taxonomy":"product_tag","embeddable":true,"href":"https:\/\/www.librairieclavreuil.com\/en\/wp-json\/wp\/v2\/product_tag?post=80273"}],"curies":[{"name":"wp","href":"https:\/\/api.w.org\/{rel}","templated":true}]}}