{"id":80253,"date":"2024-07-13T16:55:58","date_gmt":"2024-07-13T14:55:58","guid":{"rendered":"https:\/\/www.librairieclavreuil.com\/lomazzo-giovanni-paolo-trattato-dellarte-della-pittura-scoltura-et-architettura-diviso-in-sette-libri\/"},"modified":"2025-10-10T13:32:38","modified_gmt":"2025-10-10T11:32:38","slug":"lomazzo-giovanni-paolo-trattato-dellarte-della-pittura-scoltura-et-architettura-diviso-in-sette-libri","status":"publish","type":"product","link":"https:\/\/www.librairieclavreuil.com\/en\/lomazzo-giovanni-paolo-trattato-dellarte-della-pittura-scoltura-et-architettura-diviso-in-sette-libri\/","title":{"rendered":"LOMAZZO Giovanni Paolo Trattato dell&#8217;arte della pittura, scoltura,..."},"content":{"rendered":"<p style=\"text-align:justify\"><i>Adams, L-1420; Brunet, III, 1148 Cicognara, 160; Fowler, 186.<\/i><\/p>\n<p style=\"text-align:justify\"><span style=\"font-variant:small-caps\">First edition, second issue, with the new title page dated 1585.<\/span><\/p>\n<p style=\"text-align:justify\">Lomazzo, a trained painter, was a notable figure in the intellectual circles of late-sixteenth-century northern Italy. When blindness forced an end to his life as an artist at the age of thirty-three, Lomazzo devoted himself to writing about art. His treatises on artists and art theories are still recognized as some of the most important works of the period focusing on Mannerism. The <i>Trattato<\/i>&nbsp;is one of his most scholarly and ambitious undertakings. Notable are his biographies of contemporary artists working in northern Italy as well as those of artists of the preceeding generation. Especially important is Lomazzo&#8217;s discussion of Leonardo. Compared to Vasari, however, Lomazzo gives detailed practical instruction on the creation of art.<\/p>\n<p style=\"text-align:justify\">&#8220;Peintre milanais, qui fut aussi po\u00e8te et th\u00e9oricien de l\u2019art. Le nom de Lomazzo reste attach\u00e9 \u00e0 un vaste trait\u00e9 didactique sur la peinteure, <i>Trattato dell&#8217;arte della pittura<\/i> (1584), divis\u00e9 en sept livres correspondant chacun \u00e0 une \u00ab&nbsp;partie&nbsp;\u00bb de cet art&nbsp;: proportion, expression, couleur, lumi\u00e8re, perspective, pratique et formes (en fait, iconographie)&nbsp;; ainsi qu&#8217;\u00e0 un ouvrage, vraisemblablement con\u00e7u en m\u00eame temps que le <i>Trattato<\/i>, pr\u00e9sentant, selon une construction all\u00e9gorique compliqu\u00e9e (h\u00e9rit\u00e9e de Giulio Camillo), les sept \u00ab&nbsp;gouverneurs&nbsp;\u00bb canoniques de l&#8217;art renvoyant aux sept \u00ab&nbsp;parties&nbsp;\u00bb \u00e9nonc\u00e9es plus haut, <i>L&#8217;Idea del tempio della pittura<\/i> (1590). Les deux trait\u00e9s, consid\u00e9r\u00e9s par certains comme la \u00ab&nbsp;bible du mani\u00e9risme&nbsp;\u00bb, entendent offrir au peintre une explication exhaustive du syst\u00e8me des arts et pr\u00e9voir tous les cas qui pourraient se pr\u00e9senter \u00e0 son invention. Lomazzo se fonde sur une m\u00e9thode inspir\u00e9e de la rh\u00e9torique en d\u00e9finissant puis en divisant chaque \u00ab&nbsp;partie&nbsp;\u00bb de la peinture en sous-cat\u00e9gories, en l&#8217;illustrant d&#8217;exemples tir\u00e9s non seulement des arts, mais de la Bible, de la po\u00e9sie \u00e9pique (principalement de l&#8217;Arioste), de la philosophie, de l&#8217;histoire antique et moderne. Avec le <i>Trattato<\/i>, on assiste \u00e0 un effort syst\u00e9matique d&#8217;intellectualiser compl\u00e8tement le contenu de la peinture. Pour la premi\u00e8re fois dans la litt\u00e9rature artistique, Lomazzo applique des mod\u00e8les magiques et astrologiques \u00e0 l&#8217;explication des arts. Comme le magicien, l&#8217;artiste doit conna\u00eetre la plan\u00e8te qui le gouverne pour communiquer certains influx astraux \u00e0 son \u0153uvre et faire ainsi participer le spectateur \u00e0 l&#8217;istoria repr\u00e9sent\u00e9e. Mieux, il devrait combiner objectivement ces influx pour atteindre \u00e0 la beaut\u00e9 parfaite et toucher l&#8217;ensemble de son public. Lomazzo reconna\u00eet le style personnel (maniera) de l&#8217;artiste comme valeur positive, mais r\u00eave d&#8217;un \u00e9clectisme sup\u00e9rieur qui pr\u00e9serverait l&#8217;id\u00e9al de beau unique qui sous-tendait la th\u00e9orie des grands artistes de la Renaissance&nbsp;\u00bb (in: Encyclopaedia Universalis, Marc Le Cannu).<\/p>\n<p style=\"text-align:justify\">Fine, broadmargined copy.<\/p>\n","protected":false},"excerpt":{"rendered":"<p>4to (224 x 162 mm) 20 nn.ll., 700 pp., 1 un.l., author&#8217;s woodcut portrait at the beginning of the text. Contemporary flexible vellum, flat spine with manuscript title (spine slightly torn at top of head).<\/p>\n","protected":false},"featured_media":80248,"comment_status":"open","ping_status":"closed","template":"","meta":{"_acf_changed":false},"product_brand":[],"product_cat":[550],"product_tag":[1200,1201,1202,1199,1450,1203],"class_list":{"0":"post-80253","1":"product","2":"type-product","3":"status-publish","4":"has-post-thumbnail","6":"product_cat-science","7":"product_tag-architecture-2","8":"product_tag-drawing","9":"product_tag-engraving","10":"product_tag-fine-arts","11":"product_tag-first-edition","12":"product_tag-ornament","13":"pa_auteur-lomazzo-giovanni-paolo-2","14":"pa_type-de-livre-printed-book","16":"first","17":"instock","18":"shipping-taxable","19":"purchasable","20":"product-type-simple"},"acf":{"artist":" Giovanni Paolo LOMAZZO","chapeau":"Bound in contemporary flexible vellum","adresse_bibliographique":"Milan, Paolo Gottardo Pontio, 1585","book_type":"Printed book","provenance":"","afficher_prix":""},"yoast_head":"<!-- This site is optimized with the Yoast SEO plugin v24.7 - https:\/\/yoast.com\/wordpress\/plugins\/seo\/ -->\n<title>LOMAZZO Giovanni Paolo Trattato dell&#039;arte della pittura, scoltura, et architettura, diviso in sette libri. - Libairie Clavreuil<\/title>\n<meta name=\"robots\" content=\"index, follow, max-snippet:-1, max-image-preview:large, max-video-preview:-1\" \/>\n<link rel=\"canonical\" href=\"https:\/\/www.librairieclavreuil.com\/en\/lomazzo-giovanni-paolo-trattato-dellarte-della-pittura-scoltura-et-architettura-diviso-in-sette-libri\/\" \/>\n<meta property=\"og:locale\" content=\"en_US\" \/>\n<meta property=\"og:type\" content=\"article\" \/>\n<meta property=\"og:title\" content=\"LOMAZZO Giovanni Paolo Trattato dell&#039;arte della pittura, scoltura, et architettura, diviso in sette libri. - Libairie Clavreuil\" \/>\n<meta property=\"og:description\" content=\"4to (224 x 162 mm) 20 nn.ll., 700 pp., 1 un.l., author&#039;s woodcut portrait at the beginning of the text. Contemporary flexible vellum, flat spine with manuscript title (spine slightly torn at top of head).\" \/>\n<meta property=\"og:url\" content=\"https:\/\/www.librairieclavreuil.com\/en\/lomazzo-giovanni-paolo-trattato-dellarte-della-pittura-scoltura-et-architettura-diviso-in-sette-libri\/\" \/>\n<meta property=\"og:site_name\" content=\"Libairie Clavreuil\" \/>\n<meta property=\"article:modified_time\" content=\"2025-10-10T11:32:38+00:00\" \/>\n<meta property=\"og:image\" content=\"https:\/\/www.librairieclavreuil.com\/wp-content\/uploads\/2024\/07\/giovanni-paolo-lomazzo-trattato-dell-arte-della-pittura-scoltura-et-architettura-diviso-in-sette-libri-4995-65a2c91e7ac4d.jpg\" \/>\n\t<meta property=\"og:image:width\" content=\"614\" \/>\n\t<meta property=\"og:image:height\" content=\"800\" \/>\n\t<meta property=\"og:image:type\" content=\"image\/jpeg\" \/>\n<meta name=\"twitter:card\" content=\"summary_large_image\" \/>\n<meta name=\"twitter:label1\" content=\"Est. reading time\" \/>\n\t<meta name=\"twitter:data1\" content=\"2 minutes\" \/>\n<script type=\"application\/ld+json\" class=\"yoast-schema-graph\">{\"@context\":\"https:\/\/schema.org\",\"@graph\":[{\"@type\":\"WebPage\",\"@id\":\"https:\/\/www.librairieclavreuil.com\/en\/lomazzo-giovanni-paolo-trattato-dellarte-della-pittura-scoltura-et-architettura-diviso-in-sette-libri\/\",\"url\":\"https:\/\/www.librairieclavreuil.com\/en\/lomazzo-giovanni-paolo-trattato-dellarte-della-pittura-scoltura-et-architettura-diviso-in-sette-libri\/\",\"name\":\"LOMAZZO Giovanni Paolo Trattato dell'arte della pittura, scoltura, et architettura, diviso in sette libri. - Libairie Clavreuil\",\"isPartOf\":{\"@id\":\"https:\/\/www.librairieclavreuil.com\/#website\"},\"primaryImageOfPage\":{\"@id\":\"https:\/\/www.librairieclavreuil.com\/en\/lomazzo-giovanni-paolo-trattato-dellarte-della-pittura-scoltura-et-architettura-diviso-in-sette-libri\/#primaryimage\"},\"image\":{\"@id\":\"https:\/\/www.librairieclavreuil.com\/en\/lomazzo-giovanni-paolo-trattato-dellarte-della-pittura-scoltura-et-architettura-diviso-in-sette-libri\/#primaryimage\"},\"thumbnailUrl\":\"https:\/\/www.librairieclavreuil.com\/wp-content\/uploads\/2024\/07\/giovanni-paolo-lomazzo-trattato-dell-arte-della-pittura-scoltura-et-architettura-diviso-in-sette-libri-4995-65a2c91e7ac4d.jpg\",\"datePublished\":\"2024-07-13T14:55:58+00:00\",\"dateModified\":\"2025-10-10T11:32:38+00:00\",\"breadcrumb\":{\"@id\":\"https:\/\/www.librairieclavreuil.com\/en\/lomazzo-giovanni-paolo-trattato-dellarte-della-pittura-scoltura-et-architettura-diviso-in-sette-libri\/#breadcrumb\"},\"inLanguage\":\"en-US\",\"potentialAction\":[{\"@type\":\"ReadAction\",\"target\":[\"https:\/\/www.librairieclavreuil.com\/en\/lomazzo-giovanni-paolo-trattato-dellarte-della-pittura-scoltura-et-architettura-diviso-in-sette-libri\/\"]}]},{\"@type\":\"ImageObject\",\"inLanguage\":\"en-US\",\"@id\":\"https:\/\/www.librairieclavreuil.com\/en\/lomazzo-giovanni-paolo-trattato-dellarte-della-pittura-scoltura-et-architettura-diviso-in-sette-libri\/#primaryimage\",\"url\":\"https:\/\/www.librairieclavreuil.com\/wp-content\/uploads\/2024\/07\/giovanni-paolo-lomazzo-trattato-dell-arte-della-pittura-scoltura-et-architettura-diviso-in-sette-libri-4995-65a2c91e7ac4d.jpg\",\"contentUrl\":\"https:\/\/www.librairieclavreuil.com\/wp-content\/uploads\/2024\/07\/giovanni-paolo-lomazzo-trattato-dell-arte-della-pittura-scoltura-et-architettura-diviso-in-sette-libri-4995-65a2c91e7ac4d.jpg\",\"width\":614,\"height\":800},{\"@type\":\"BreadcrumbList\",\"@id\":\"https:\/\/www.librairieclavreuil.com\/en\/lomazzo-giovanni-paolo-trattato-dellarte-della-pittura-scoltura-et-architettura-diviso-in-sette-libri\/#breadcrumb\",\"itemListElement\":[{\"@type\":\"ListItem\",\"position\":1,\"name\":\"Accueil\",\"item\":\"https:\/\/www.librairieclavreuil.com\/\"},{\"@type\":\"ListItem\",\"position\":2,\"name\":\"All our books\",\"item\":\"https:\/\/www.librairieclavreuil.com\/en\/all-our-books\/\"},{\"@type\":\"ListItem\",\"position\":3,\"name\":\"LOMAZZO Giovanni Paolo Trattato dell&rsquo;arte della pittura, scoltura,...\"}]},{\"@type\":\"WebSite\",\"@id\":\"https:\/\/www.librairieclavreuil.com\/#website\",\"url\":\"https:\/\/www.librairieclavreuil.com\/\",\"name\":\"Libairie Clavreuil\",\"description\":\"Livres anciens, manuscrits rares et \u00e9ditions originales \u2013 Librairie Clavreuil\",\"publisher\":{\"@id\":\"https:\/\/www.librairieclavreuil.com\/#organization\"},\"potentialAction\":[{\"@type\":\"SearchAction\",\"target\":{\"@type\":\"EntryPoint\",\"urlTemplate\":\"https:\/\/www.librairieclavreuil.com\/?s={search_term_string}\"},\"query-input\":{\"@type\":\"PropertyValueSpecification\",\"valueRequired\":true,\"valueName\":\"search_term_string\"}}],\"inLanguage\":\"en-US\"},{\"@type\":\"Organization\",\"@id\":\"https:\/\/www.librairieclavreuil.com\/#organization\",\"name\":\"Libairie Clavreuil\",\"url\":\"https:\/\/www.librairieclavreuil.com\/\",\"logo\":{\"@type\":\"ImageObject\",\"inLanguage\":\"en-US\",\"@id\":\"https:\/\/www.librairieclavreuil.com\/#\/schema\/logo\/image\/\",\"url\":\"https:\/\/www.librairieclavreuil.com\/wp-content\/uploads\/2021\/06\/cropped-LOGO_PNG_DATE-_gold-512x512-1.png\",\"contentUrl\":\"https:\/\/www.librairieclavreuil.com\/wp-content\/uploads\/2021\/06\/cropped-LOGO_PNG_DATE-_gold-512x512-1.png\",\"width\":512,\"height\":512,\"caption\":\"Libairie Clavreuil\"},\"image\":{\"@id\":\"https:\/\/www.librairieclavreuil.com\/#\/schema\/logo\/image\/\"},\"sameAs\":[\"https:\/\/www.instagram.com\/librairieclavreuil\/\"]}]}<\/script>\n<!-- \/ Yoast SEO plugin. -->","yoast_head_json":{"title":"LOMAZZO Giovanni Paolo Trattato dell'arte della pittura, scoltura, et architettura, diviso in sette libri. - Libairie Clavreuil","robots":{"index":"index","follow":"follow","max-snippet":"max-snippet:-1","max-image-preview":"max-image-preview:large","max-video-preview":"max-video-preview:-1"},"canonical":"https:\/\/www.librairieclavreuil.com\/en\/lomazzo-giovanni-paolo-trattato-dellarte-della-pittura-scoltura-et-architettura-diviso-in-sette-libri\/","og_locale":"en_US","og_type":"article","og_title":"LOMAZZO Giovanni Paolo Trattato dell'arte della pittura, scoltura, et architettura, diviso in sette libri. - Libairie Clavreuil","og_description":"4to (224 x 162 mm) 20 nn.ll., 700 pp., 1 un.l., author's woodcut portrait at the beginning of the text. Contemporary flexible vellum, flat spine with manuscript title (spine slightly torn at top of head).","og_url":"https:\/\/www.librairieclavreuil.com\/en\/lomazzo-giovanni-paolo-trattato-dellarte-della-pittura-scoltura-et-architettura-diviso-in-sette-libri\/","og_site_name":"Libairie Clavreuil","article_modified_time":"2025-10-10T11:32:38+00:00","og_image":[{"width":614,"height":800,"url":"https:\/\/www.librairieclavreuil.com\/wp-content\/uploads\/2024\/07\/giovanni-paolo-lomazzo-trattato-dell-arte-della-pittura-scoltura-et-architettura-diviso-in-sette-libri-4995-65a2c91e7ac4d.jpg","type":"image\/jpeg"}],"twitter_card":"summary_large_image","twitter_misc":{"Est. reading time":"2 minutes"},"schema":{"@context":"https:\/\/schema.org","@graph":[{"@type":"WebPage","@id":"https:\/\/www.librairieclavreuil.com\/en\/lomazzo-giovanni-paolo-trattato-dellarte-della-pittura-scoltura-et-architettura-diviso-in-sette-libri\/","url":"https:\/\/www.librairieclavreuil.com\/en\/lomazzo-giovanni-paolo-trattato-dellarte-della-pittura-scoltura-et-architettura-diviso-in-sette-libri\/","name":"LOMAZZO Giovanni Paolo Trattato dell'arte della pittura, scoltura, et architettura, diviso in sette libri. - Libairie Clavreuil","isPartOf":{"@id":"https:\/\/www.librairieclavreuil.com\/#website"},"primaryImageOfPage":{"@id":"https:\/\/www.librairieclavreuil.com\/en\/lomazzo-giovanni-paolo-trattato-dellarte-della-pittura-scoltura-et-architettura-diviso-in-sette-libri\/#primaryimage"},"image":{"@id":"https:\/\/www.librairieclavreuil.com\/en\/lomazzo-giovanni-paolo-trattato-dellarte-della-pittura-scoltura-et-architettura-diviso-in-sette-libri\/#primaryimage"},"thumbnailUrl":"https:\/\/www.librairieclavreuil.com\/wp-content\/uploads\/2024\/07\/giovanni-paolo-lomazzo-trattato-dell-arte-della-pittura-scoltura-et-architettura-diviso-in-sette-libri-4995-65a2c91e7ac4d.jpg","datePublished":"2024-07-13T14:55:58+00:00","dateModified":"2025-10-10T11:32:38+00:00","breadcrumb":{"@id":"https:\/\/www.librairieclavreuil.com\/en\/lomazzo-giovanni-paolo-trattato-dellarte-della-pittura-scoltura-et-architettura-diviso-in-sette-libri\/#breadcrumb"},"inLanguage":"en-US","potentialAction":[{"@type":"ReadAction","target":["https:\/\/www.librairieclavreuil.com\/en\/lomazzo-giovanni-paolo-trattato-dellarte-della-pittura-scoltura-et-architettura-diviso-in-sette-libri\/"]}]},{"@type":"ImageObject","inLanguage":"en-US","@id":"https:\/\/www.librairieclavreuil.com\/en\/lomazzo-giovanni-paolo-trattato-dellarte-della-pittura-scoltura-et-architettura-diviso-in-sette-libri\/#primaryimage","url":"https:\/\/www.librairieclavreuil.com\/wp-content\/uploads\/2024\/07\/giovanni-paolo-lomazzo-trattato-dell-arte-della-pittura-scoltura-et-architettura-diviso-in-sette-libri-4995-65a2c91e7ac4d.jpg","contentUrl":"https:\/\/www.librairieclavreuil.com\/wp-content\/uploads\/2024\/07\/giovanni-paolo-lomazzo-trattato-dell-arte-della-pittura-scoltura-et-architettura-diviso-in-sette-libri-4995-65a2c91e7ac4d.jpg","width":614,"height":800},{"@type":"BreadcrumbList","@id":"https:\/\/www.librairieclavreuil.com\/en\/lomazzo-giovanni-paolo-trattato-dellarte-della-pittura-scoltura-et-architettura-diviso-in-sette-libri\/#breadcrumb","itemListElement":[{"@type":"ListItem","position":1,"name":"Accueil","item":"https:\/\/www.librairieclavreuil.com\/"},{"@type":"ListItem","position":2,"name":"All our books","item":"https:\/\/www.librairieclavreuil.com\/en\/all-our-books\/"},{"@type":"ListItem","position":3,"name":"LOMAZZO Giovanni Paolo Trattato dell&rsquo;arte della pittura, scoltura,..."}]},{"@type":"WebSite","@id":"https:\/\/www.librairieclavreuil.com\/#website","url":"https:\/\/www.librairieclavreuil.com\/","name":"Libairie Clavreuil","description":"Livres anciens, manuscrits rares et \u00e9ditions originales \u2013 Librairie Clavreuil","publisher":{"@id":"https:\/\/www.librairieclavreuil.com\/#organization"},"potentialAction":[{"@type":"SearchAction","target":{"@type":"EntryPoint","urlTemplate":"https:\/\/www.librairieclavreuil.com\/?s={search_term_string}"},"query-input":{"@type":"PropertyValueSpecification","valueRequired":true,"valueName":"search_term_string"}}],"inLanguage":"en-US"},{"@type":"Organization","@id":"https:\/\/www.librairieclavreuil.com\/#organization","name":"Libairie Clavreuil","url":"https:\/\/www.librairieclavreuil.com\/","logo":{"@type":"ImageObject","inLanguage":"en-US","@id":"https:\/\/www.librairieclavreuil.com\/#\/schema\/logo\/image\/","url":"https:\/\/www.librairieclavreuil.com\/wp-content\/uploads\/2021\/06\/cropped-LOGO_PNG_DATE-_gold-512x512-1.png","contentUrl":"https:\/\/www.librairieclavreuil.com\/wp-content\/uploads\/2021\/06\/cropped-LOGO_PNG_DATE-_gold-512x512-1.png","width":512,"height":512,"caption":"Libairie Clavreuil"},"image":{"@id":"https:\/\/www.librairieclavreuil.com\/#\/schema\/logo\/image\/"},"sameAs":["https:\/\/www.instagram.com\/librairieclavreuil\/"]}]}},"jetpack_sharing_enabled":true,"_links":{"self":[{"href":"https:\/\/www.librairieclavreuil.com\/en\/wp-json\/wp\/v2\/product\/80253","targetHints":{"allow":["GET"]}}],"collection":[{"href":"https:\/\/www.librairieclavreuil.com\/en\/wp-json\/wp\/v2\/product"}],"about":[{"href":"https:\/\/www.librairieclavreuil.com\/en\/wp-json\/wp\/v2\/types\/product"}],"replies":[{"embeddable":true,"href":"https:\/\/www.librairieclavreuil.com\/en\/wp-json\/wp\/v2\/comments?post=80253"}],"wp:featuredmedia":[{"embeddable":true,"href":"https:\/\/www.librairieclavreuil.com\/en\/wp-json\/wp\/v2\/media\/80248"}],"wp:attachment":[{"href":"https:\/\/www.librairieclavreuil.com\/en\/wp-json\/wp\/v2\/media?parent=80253"}],"wp:term":[{"taxonomy":"product_brand","embeddable":true,"href":"https:\/\/www.librairieclavreuil.com\/en\/wp-json\/wp\/v2\/product_brand?post=80253"},{"taxonomy":"product_cat","embeddable":true,"href":"https:\/\/www.librairieclavreuil.com\/en\/wp-json\/wp\/v2\/product_cat?post=80253"},{"taxonomy":"product_tag","embeddable":true,"href":"https:\/\/www.librairieclavreuil.com\/en\/wp-json\/wp\/v2\/product_tag?post=80253"}],"curies":[{"name":"wp","href":"https:\/\/api.w.org\/{rel}","templated":true}]}}