{"id":80123,"date":"2024-07-13T14:57:41","date_gmt":"2024-07-13T12:57:41","guid":{"rendered":"https:\/\/www.librairieclavreuil.com\/puget-de-la-serre-jean-histoire-de-lentree-de-la-reyne-mere-du-roy-tres-chrestien-dans-les-provinces-unis-des-pays-bas-enrichie-de-planches-par-le-sr-de-la-serre-historiographe-de-france\/"},"modified":"2025-06-03T13:15:18","modified_gmt":"2025-06-03T11:15:18","slug":"puget-de-la-serre-jean-histoire-de-lentree-de-la-reyne-mere-du-roy-tres-chrestien-dans-les-provinces-unis-des-pays-bas-enrichie-de-planches-par-le-sr-de-la-serre-historiographe-de-france","status":"publish","type":"product","link":"https:\/\/www.librairieclavreuil.com\/en\/puget-de-la-serre-jean-histoire-de-lentree-de-la-reyne-mere-du-roy-tres-chrestien-dans-les-provinces-unis-des-pays-bas-enrichie-de-planches-par-le-sr-de-la-serre-historiographe-de-france\/","title":{"rendered":"PUGET DE LA SERRE Jean Histoire de l&#8217;entr\u00e9e..."},"content":{"rendered":"<p style=\"text-align:justify\"><i>Vinet, 490 ; Fairfax Murray, 687 ; Landwehr, Splendid Ceremonies, 106 ; STC, 20489 ; Pennington (Hollar), n\u00b0 463, 1687 &amp; 2675 ; Hind (Hollar), pp. 3 &amp; 11 ; Paul Henrard, Marie de M\u00e9dicis dans les Pays-Bas, Bruxelles, 1876, pp. 597.<\/i><\/p>\n<p style=\"text-align:justify\"><span style=\"font-variant:small-caps\">First edition, very rare.<\/span><\/p>\n<p style=\"text-align:justify\">This magnificent book of festivities was created in 1638 after the travels of Marie of Medicis in the Spanish Lower Countries, the last stop of the exiled queen-mother before her retreat to England and Germany where she died of gangrene on 3 July 1642.<\/p>\n<p style=\"text-align:justify\">The remarkable plates include illustrations created in London by Wenzel Hollar (Pragues 1607 &#8211; London 1677), one of the most influential draughtsmen and engravers of the 17th century. It was him who introduced the technique of etchings to England. The suite of unsigned engravings include an allegorical frontispiece, a wonderfull folding plate depicting the reception of the Queen by the Prince of Orange in front of the town of Bois-le-Duc, and 14 full page illustrations, occasionally included into the pagination. The full page illustrations show : a meeting of the high ranking officers of the Low-Countries ; portraits of the Prince of Orange and Marie of Medicis ; the boarding of queen-mother in Gorcum, Dordrecht and Rotterdam ; her entry to Delft, Haarlem, Amsterdam and Leyden ; the reception of the high ranking officers before The Hague ; a play (comedy) on a canal in Amsterdam ; and the boat carrying queen-mother on a very agitated sea. Whilst Landwehr and Hugh W. Davies (cat. Fairfax Murray) attribute all of the engravings to Wenzel Hollar, other bibliographers (Pennington, Parthey et Hind) attribute his work only to the frontispiece, the two portraits and the meeting of the high-ranking officers.<\/p>\n<p style=\"text-align:justify\">&#8220;Le prince d&#8217;Orange venait de quitter Bergen-op-Zoom avec son arm\u00e9e pour se diriger vers la ville de Gueldre qu&#8217;il comptait assi\u00e9ger, lorsqu&#8217;\u00e0 son arriv\u00e9e \u00e0 Bois-le-Duc il apprit que Marie de M\u00e9dicis \u00e9tait en route pour le rejoindre. Il monta aussit\u00f4t \u00e0 cheval et, \u00e0 la t\u00eate d&#8217;un nombreux et brillant \u00e9tat-major, accompagn\u00e9 de la princesse d&#8217;Orange, il s&#8217;avan\u00e7a au devant de la reine-m\u00e8re qu&#8217;il rencontra \u00e0 une lieue environ de la ville. Marie ne se montra nullement \u00e9tonn\u00e9e des honneurs que Fr\u00e9d\u00e9ric-Henri lui rendit, et on remarqua que l&#8217;accueil qu&#8217;elle fit \u00e0 la princesse fut aussi hautain que si elle e\u00fbt encore occup\u00e9 l&#8217;un des premiers tr\u00f4nes de l&#8217;Europe, au lieu d&#8217;\u00eatre la reine proscrite en qu\u00eate d&#8217;une hospitalit\u00e9 que les Provinces-Unies alli\u00e9es au roi de France auraient bien pu lui refuser. Chose remarquable, son orgueil la servit mieux que n&#8217;aurait pu le faire plus de r\u00e9serve et d&#8217;humilit\u00e9&nbsp;; on se refusa \u00e0 voir en elle l&#8217;exil\u00e9e, pour ne consid\u00e9rer que la veuve illustre du monarque qui, plus qu&#8217;aucun autre, avait aid\u00e9 la jeune r\u00e9publique \u00e0 se constituer, la m\u00e8re de celui qui continuait \u00e0 la prot\u00e9ger contre les Espagnols, et toutes les villes se surpass\u00e8rent pour lui faire accueil. Jusqu&#8217;\u00e0 Amsterdam, son voyage fut une v\u00e9ritable marche triomphale\u2026 Le cardinal apprit avec beaucoup de m\u00e9contentement l&#8217;accueil que la Hollande avait fait \u00e0 Marie de M\u00e9dicis : &#8216;Je vous avoue, \u00e9crit-il le 29 ao\u00fbt \u00e0 Mr de Chavigny, que j&#8217;ay de la peine \u00e0 dig\u00e9rer que le prince d&#8217;Orange ay receu et favoris\u00e9 le passage de la reyne sans en donner avis au roy, ny s\u00e7avoir si S.M. l&#8217;agr\u00e9eroit&#8217;, et il fit \u00e9crire \u00e0 Mr d&#8217;Estampes de h\u00e2ter autant qu&#8217;il le pourrait le d\u00e9part de l&#8217;exil\u00e9e pour l&#8217;Angleterre, en insinuant m\u00eame au prince qu&#8217;elle ne serait pas all\u00e9e dans les Provinces-Unies si elle n&#8217;y avait \u00e9t\u00e9 port\u00e9e par le d\u00e9sir d&#8217;\u00eatre utile \u00e0 l&#8217;Espagne, soit en t\u00e2chant de renouer les n\u00e9gociations pour la tr\u00eave, soit en semant dans les Etats la dissension afin d&#8217;y augmenter l&#8217;opposition \u00e0 la maison de Nassau&#8221; (Paul Henrard, op. cit., pp. 623-625).<\/p>\n<p style=\"text-align:justify\">Fine copy, bound by Joly for Victor Mass\u00e9na, duc de Rivoli and Prince d&#8217;Essling (1836-1910), famous collector, bibliographer and bibliophile. Washed copy, some lighter staining in the white margins.<\/p>\n","protected":false},"excerpt":{"rendered":"<p style=\"text-align:justify\"><i>&nbsp;<\/i>Folio (405 x 280 mm) engraved frontispiece, 61 nn.ll. (texte and plates), 1 blank and 6 plates including one folding. 19th century blue morocco by Joly, spine with raised bands, compartments decorated with monograms, central coat of arms of Prince Essling, gilt edges.<\/p>\n","protected":false},"featured_media":80104,"comment_status":"open","ping_status":"closed","template":"","meta":{"_acf_changed":false},"product_brand":[],"product_cat":[530],"product_tag":[1199,1450,1213],"class_list":{"0":"post-80123","1":"product","2":"type-product","3":"status-publish","4":"has-post-thumbnail","6":"product_cat-binding","7":"product_tag-fine-arts","8":"product_tag-first-edition","9":"product_tag-history","10":"pa_auteur-puget-de-la-serre-jean-2","11":"pa_type-de-livre-printed-book","13":"first","14":"instock","15":"shipping-taxable","16":"purchasable","17":"product-type-simple"},"acf":{"artist":" Jean PUGET DE LA SERRE","chapeau":"The Prince d'Essling copy, bound in blue morocco by Joly","adresse_bibliographique":"Londres, John Raworth pour George Thomason & Octavian Pullen, 1639","book_type":"Printed book","provenance":"","afficher_prix":""},"yoast_head":"<!-- This site is optimized with the Yoast SEO plugin v24.7 - https:\/\/yoast.com\/wordpress\/plugins\/seo\/ -->\n<title>PUGET DE LA SERRE Jean Histoire de l&#039;entr\u00e9e de la Reyne m\u00e8re du Roy tr\u00e8s-chrestien, dans les Provinces Unis des Pays-Bas. Enrichie de Planches. Par le Sr de la Serre, Historiographe de France. - Libairie Clavreuil<\/title>\n<meta name=\"robots\" content=\"index, follow, max-snippet:-1, max-image-preview:large, max-video-preview:-1\" \/>\n<link rel=\"canonical\" href=\"https:\/\/www.librairieclavreuil.com\/en\/puget-de-la-serre-jean-histoire-de-lentree-de-la-reyne-mere-du-roy-tres-chrestien-dans-les-provinces-unis-des-pays-bas-enrichie-de-planches-par-le-sr-de-la-serre-historiographe-de-france\/\" \/>\n<meta property=\"og:locale\" content=\"en_US\" \/>\n<meta property=\"og:type\" content=\"article\" \/>\n<meta property=\"og:title\" content=\"PUGET DE LA SERRE Jean Histoire de l&#039;entr\u00e9e de la Reyne m\u00e8re du Roy tr\u00e8s-chrestien, dans les Provinces Unis des Pays-Bas. Enrichie de Planches. Par le Sr de la Serre, Historiographe de France. - Libairie Clavreuil\" \/>\n<meta property=\"og:description\" content=\"&nbsp;Folio (405 x 280 mm) engraved frontispiece, 61 nn.ll. (texte and plates), 1 blank and 6 plates including one folding. 19th century blue morocco by Joly, spine with raised bands, compartments decorated with monograms, central coat of arms of Prince Essling, gilt edges.\" \/>\n<meta property=\"og:url\" content=\"https:\/\/www.librairieclavreuil.com\/en\/puget-de-la-serre-jean-histoire-de-lentree-de-la-reyne-mere-du-roy-tres-chrestien-dans-les-provinces-unis-des-pays-bas-enrichie-de-planches-par-le-sr-de-la-serre-historiographe-de-france\/\" \/>\n<meta property=\"og:site_name\" content=\"Libairie Clavreuil\" \/>\n<meta property=\"article:modified_time\" content=\"2025-06-03T11:15:18+00:00\" \/>\n<meta property=\"og:image\" content=\"https:\/\/www.librairieclavreuil.com\/wp-content\/uploads\/2024\/07\/jean-puget-de-la-serre-histoire-de-l-entree-de-la-reyne-mere-du-roy-tres-chrestien-dans-les-provinces-unis-des-pays-bas-enrichie-de-planches-669278ee89c94.jpg\" \/>\n\t<meta property=\"og:image:width\" content=\"514\" \/>\n\t<meta property=\"og:image:height\" content=\"800\" \/>\n\t<meta property=\"og:image:type\" content=\"image\/jpeg\" \/>\n<meta name=\"twitter:card\" content=\"summary_large_image\" \/>\n<meta name=\"twitter:label1\" content=\"Est. reading time\" \/>\n\t<meta name=\"twitter:data1\" content=\"3 minutes\" \/>\n<script type=\"application\/ld+json\" class=\"yoast-schema-graph\">{\"@context\":\"https:\/\/schema.org\",\"@graph\":[{\"@type\":\"WebPage\",\"@id\":\"https:\/\/www.librairieclavreuil.com\/en\/puget-de-la-serre-jean-histoire-de-lentree-de-la-reyne-mere-du-roy-tres-chrestien-dans-les-provinces-unis-des-pays-bas-enrichie-de-planches-par-le-sr-de-la-serre-historiographe-de-france\/\",\"url\":\"https:\/\/www.librairieclavreuil.com\/en\/puget-de-la-serre-jean-histoire-de-lentree-de-la-reyne-mere-du-roy-tres-chrestien-dans-les-provinces-unis-des-pays-bas-enrichie-de-planches-par-le-sr-de-la-serre-historiographe-de-france\/\",\"name\":\"PUGET DE LA SERRE Jean Histoire de l'entr\u00e9e de la Reyne m\u00e8re du Roy tr\u00e8s-chrestien, dans les Provinces Unis des Pays-Bas. Enrichie de Planches. Par le Sr de la Serre, Historiographe de France. - Libairie Clavreuil\",\"isPartOf\":{\"@id\":\"https:\/\/www.librairieclavreuil.com\/#website\"},\"primaryImageOfPage\":{\"@id\":\"https:\/\/www.librairieclavreuil.com\/en\/puget-de-la-serre-jean-histoire-de-lentree-de-la-reyne-mere-du-roy-tres-chrestien-dans-les-provinces-unis-des-pays-bas-enrichie-de-planches-par-le-sr-de-la-serre-historiographe-de-france\/#primaryimage\"},\"image\":{\"@id\":\"https:\/\/www.librairieclavreuil.com\/en\/puget-de-la-serre-jean-histoire-de-lentree-de-la-reyne-mere-du-roy-tres-chrestien-dans-les-provinces-unis-des-pays-bas-enrichie-de-planches-par-le-sr-de-la-serre-historiographe-de-france\/#primaryimage\"},\"thumbnailUrl\":\"https:\/\/www.librairieclavreuil.com\/wp-content\/uploads\/2024\/07\/jean-puget-de-la-serre-histoire-de-l-entree-de-la-reyne-mere-du-roy-tres-chrestien-dans-les-provinces-unis-des-pays-bas-enrichie-de-planches-669278ee89c94.jpg\",\"datePublished\":\"2024-07-13T12:57:41+00:00\",\"dateModified\":\"2025-06-03T11:15:18+00:00\",\"breadcrumb\":{\"@id\":\"https:\/\/www.librairieclavreuil.com\/en\/puget-de-la-serre-jean-histoire-de-lentree-de-la-reyne-mere-du-roy-tres-chrestien-dans-les-provinces-unis-des-pays-bas-enrichie-de-planches-par-le-sr-de-la-serre-historiographe-de-france\/#breadcrumb\"},\"inLanguage\":\"en-US\",\"potentialAction\":[{\"@type\":\"ReadAction\",\"target\":[\"https:\/\/www.librairieclavreuil.com\/en\/puget-de-la-serre-jean-histoire-de-lentree-de-la-reyne-mere-du-roy-tres-chrestien-dans-les-provinces-unis-des-pays-bas-enrichie-de-planches-par-le-sr-de-la-serre-historiographe-de-france\/\"]}]},{\"@type\":\"ImageObject\",\"inLanguage\":\"en-US\",\"@id\":\"https:\/\/www.librairieclavreuil.com\/en\/puget-de-la-serre-jean-histoire-de-lentree-de-la-reyne-mere-du-roy-tres-chrestien-dans-les-provinces-unis-des-pays-bas-enrichie-de-planches-par-le-sr-de-la-serre-historiographe-de-france\/#primaryimage\",\"url\":\"https:\/\/www.librairieclavreuil.com\/wp-content\/uploads\/2024\/07\/jean-puget-de-la-serre-histoire-de-l-entree-de-la-reyne-mere-du-roy-tres-chrestien-dans-les-provinces-unis-des-pays-bas-enrichie-de-planches-669278ee89c94.jpg\",\"contentUrl\":\"https:\/\/www.librairieclavreuil.com\/wp-content\/uploads\/2024\/07\/jean-puget-de-la-serre-histoire-de-l-entree-de-la-reyne-mere-du-roy-tres-chrestien-dans-les-provinces-unis-des-pays-bas-enrichie-de-planches-669278ee89c94.jpg\",\"width\":514,\"height\":800},{\"@type\":\"BreadcrumbList\",\"@id\":\"https:\/\/www.librairieclavreuil.com\/en\/puget-de-la-serre-jean-histoire-de-lentree-de-la-reyne-mere-du-roy-tres-chrestien-dans-les-provinces-unis-des-pays-bas-enrichie-de-planches-par-le-sr-de-la-serre-historiographe-de-france\/#breadcrumb\",\"itemListElement\":[{\"@type\":\"ListItem\",\"position\":1,\"name\":\"Accueil\",\"item\":\"https:\/\/www.librairieclavreuil.com\/\"},{\"@type\":\"ListItem\",\"position\":2,\"name\":\"All our books\",\"item\":\"https:\/\/www.librairieclavreuil.com\/en\/all-our-books\/\"},{\"@type\":\"ListItem\",\"position\":3,\"name\":\"PUGET DE LA SERRE Jean Histoire de l&rsquo;entr\u00e9e...\"}]},{\"@type\":\"WebSite\",\"@id\":\"https:\/\/www.librairieclavreuil.com\/#website\",\"url\":\"https:\/\/www.librairieclavreuil.com\/\",\"name\":\"Libairie Clavreuil\",\"description\":\"Livres anciens, manuscrits rares et \u00e9ditions originales \u2013 Librairie Clavreuil\",\"publisher\":{\"@id\":\"https:\/\/www.librairieclavreuil.com\/#organization\"},\"potentialAction\":[{\"@type\":\"SearchAction\",\"target\":{\"@type\":\"EntryPoint\",\"urlTemplate\":\"https:\/\/www.librairieclavreuil.com\/?s={search_term_string}\"},\"query-input\":{\"@type\":\"PropertyValueSpecification\",\"valueRequired\":true,\"valueName\":\"search_term_string\"}}],\"inLanguage\":\"en-US\"},{\"@type\":\"Organization\",\"@id\":\"https:\/\/www.librairieclavreuil.com\/#organization\",\"name\":\"Libairie Clavreuil\",\"url\":\"https:\/\/www.librairieclavreuil.com\/\",\"logo\":{\"@type\":\"ImageObject\",\"inLanguage\":\"en-US\",\"@id\":\"https:\/\/www.librairieclavreuil.com\/#\/schema\/logo\/image\/\",\"url\":\"https:\/\/www.librairieclavreuil.com\/wp-content\/uploads\/2021\/06\/cropped-LOGO_PNG_DATE-_gold-512x512-1.png\",\"contentUrl\":\"https:\/\/www.librairieclavreuil.com\/wp-content\/uploads\/2021\/06\/cropped-LOGO_PNG_DATE-_gold-512x512-1.png\",\"width\":512,\"height\":512,\"caption\":\"Libairie Clavreuil\"},\"image\":{\"@id\":\"https:\/\/www.librairieclavreuil.com\/#\/schema\/logo\/image\/\"},\"sameAs\":[\"https:\/\/www.instagram.com\/librairieclavreuil\/\"]}]}<\/script>\n<!-- \/ Yoast SEO plugin. -->","yoast_head_json":{"title":"PUGET DE LA SERRE Jean Histoire de l'entr\u00e9e de la Reyne m\u00e8re du Roy tr\u00e8s-chrestien, dans les Provinces Unis des Pays-Bas. Enrichie de Planches. Par le Sr de la Serre, Historiographe de France. - Libairie Clavreuil","robots":{"index":"index","follow":"follow","max-snippet":"max-snippet:-1","max-image-preview":"max-image-preview:large","max-video-preview":"max-video-preview:-1"},"canonical":"https:\/\/www.librairieclavreuil.com\/en\/puget-de-la-serre-jean-histoire-de-lentree-de-la-reyne-mere-du-roy-tres-chrestien-dans-les-provinces-unis-des-pays-bas-enrichie-de-planches-par-le-sr-de-la-serre-historiographe-de-france\/","og_locale":"en_US","og_type":"article","og_title":"PUGET DE LA SERRE Jean Histoire de l'entr\u00e9e de la Reyne m\u00e8re du Roy tr\u00e8s-chrestien, dans les Provinces Unis des Pays-Bas. Enrichie de Planches. Par le Sr de la Serre, Historiographe de France. - Libairie Clavreuil","og_description":"&nbsp;Folio (405 x 280 mm) engraved frontispiece, 61 nn.ll. (texte and plates), 1 blank and 6 plates including one folding. 19th century blue morocco by Joly, spine with raised bands, compartments decorated with monograms, central coat of arms of Prince Essling, gilt edges.","og_url":"https:\/\/www.librairieclavreuil.com\/en\/puget-de-la-serre-jean-histoire-de-lentree-de-la-reyne-mere-du-roy-tres-chrestien-dans-les-provinces-unis-des-pays-bas-enrichie-de-planches-par-le-sr-de-la-serre-historiographe-de-france\/","og_site_name":"Libairie Clavreuil","article_modified_time":"2025-06-03T11:15:18+00:00","og_image":[{"width":514,"height":800,"url":"https:\/\/www.librairieclavreuil.com\/wp-content\/uploads\/2024\/07\/jean-puget-de-la-serre-histoire-de-l-entree-de-la-reyne-mere-du-roy-tres-chrestien-dans-les-provinces-unis-des-pays-bas-enrichie-de-planches-669278ee89c94.jpg","type":"image\/jpeg"}],"twitter_card":"summary_large_image","twitter_misc":{"Est. reading time":"3 minutes"},"schema":{"@context":"https:\/\/schema.org","@graph":[{"@type":"WebPage","@id":"https:\/\/www.librairieclavreuil.com\/en\/puget-de-la-serre-jean-histoire-de-lentree-de-la-reyne-mere-du-roy-tres-chrestien-dans-les-provinces-unis-des-pays-bas-enrichie-de-planches-par-le-sr-de-la-serre-historiographe-de-france\/","url":"https:\/\/www.librairieclavreuil.com\/en\/puget-de-la-serre-jean-histoire-de-lentree-de-la-reyne-mere-du-roy-tres-chrestien-dans-les-provinces-unis-des-pays-bas-enrichie-de-planches-par-le-sr-de-la-serre-historiographe-de-france\/","name":"PUGET DE LA SERRE Jean Histoire de l'entr\u00e9e de la Reyne m\u00e8re du Roy tr\u00e8s-chrestien, dans les Provinces Unis des Pays-Bas. Enrichie de Planches. Par le Sr de la Serre, Historiographe de France. - Libairie Clavreuil","isPartOf":{"@id":"https:\/\/www.librairieclavreuil.com\/#website"},"primaryImageOfPage":{"@id":"https:\/\/www.librairieclavreuil.com\/en\/puget-de-la-serre-jean-histoire-de-lentree-de-la-reyne-mere-du-roy-tres-chrestien-dans-les-provinces-unis-des-pays-bas-enrichie-de-planches-par-le-sr-de-la-serre-historiographe-de-france\/#primaryimage"},"image":{"@id":"https:\/\/www.librairieclavreuil.com\/en\/puget-de-la-serre-jean-histoire-de-lentree-de-la-reyne-mere-du-roy-tres-chrestien-dans-les-provinces-unis-des-pays-bas-enrichie-de-planches-par-le-sr-de-la-serre-historiographe-de-france\/#primaryimage"},"thumbnailUrl":"https:\/\/www.librairieclavreuil.com\/wp-content\/uploads\/2024\/07\/jean-puget-de-la-serre-histoire-de-l-entree-de-la-reyne-mere-du-roy-tres-chrestien-dans-les-provinces-unis-des-pays-bas-enrichie-de-planches-669278ee89c94.jpg","datePublished":"2024-07-13T12:57:41+00:00","dateModified":"2025-06-03T11:15:18+00:00","breadcrumb":{"@id":"https:\/\/www.librairieclavreuil.com\/en\/puget-de-la-serre-jean-histoire-de-lentree-de-la-reyne-mere-du-roy-tres-chrestien-dans-les-provinces-unis-des-pays-bas-enrichie-de-planches-par-le-sr-de-la-serre-historiographe-de-france\/#breadcrumb"},"inLanguage":"en-US","potentialAction":[{"@type":"ReadAction","target":["https:\/\/www.librairieclavreuil.com\/en\/puget-de-la-serre-jean-histoire-de-lentree-de-la-reyne-mere-du-roy-tres-chrestien-dans-les-provinces-unis-des-pays-bas-enrichie-de-planches-par-le-sr-de-la-serre-historiographe-de-france\/"]}]},{"@type":"ImageObject","inLanguage":"en-US","@id":"https:\/\/www.librairieclavreuil.com\/en\/puget-de-la-serre-jean-histoire-de-lentree-de-la-reyne-mere-du-roy-tres-chrestien-dans-les-provinces-unis-des-pays-bas-enrichie-de-planches-par-le-sr-de-la-serre-historiographe-de-france\/#primaryimage","url":"https:\/\/www.librairieclavreuil.com\/wp-content\/uploads\/2024\/07\/jean-puget-de-la-serre-histoire-de-l-entree-de-la-reyne-mere-du-roy-tres-chrestien-dans-les-provinces-unis-des-pays-bas-enrichie-de-planches-669278ee89c94.jpg","contentUrl":"https:\/\/www.librairieclavreuil.com\/wp-content\/uploads\/2024\/07\/jean-puget-de-la-serre-histoire-de-l-entree-de-la-reyne-mere-du-roy-tres-chrestien-dans-les-provinces-unis-des-pays-bas-enrichie-de-planches-669278ee89c94.jpg","width":514,"height":800},{"@type":"BreadcrumbList","@id":"https:\/\/www.librairieclavreuil.com\/en\/puget-de-la-serre-jean-histoire-de-lentree-de-la-reyne-mere-du-roy-tres-chrestien-dans-les-provinces-unis-des-pays-bas-enrichie-de-planches-par-le-sr-de-la-serre-historiographe-de-france\/#breadcrumb","itemListElement":[{"@type":"ListItem","position":1,"name":"Accueil","item":"https:\/\/www.librairieclavreuil.com\/"},{"@type":"ListItem","position":2,"name":"All our books","item":"https:\/\/www.librairieclavreuil.com\/en\/all-our-books\/"},{"@type":"ListItem","position":3,"name":"PUGET DE LA SERRE Jean Histoire de l&rsquo;entr\u00e9e..."}]},{"@type":"WebSite","@id":"https:\/\/www.librairieclavreuil.com\/#website","url":"https:\/\/www.librairieclavreuil.com\/","name":"Libairie Clavreuil","description":"Livres anciens, manuscrits rares et \u00e9ditions originales \u2013 Librairie Clavreuil","publisher":{"@id":"https:\/\/www.librairieclavreuil.com\/#organization"},"potentialAction":[{"@type":"SearchAction","target":{"@type":"EntryPoint","urlTemplate":"https:\/\/www.librairieclavreuil.com\/?s={search_term_string}"},"query-input":{"@type":"PropertyValueSpecification","valueRequired":true,"valueName":"search_term_string"}}],"inLanguage":"en-US"},{"@type":"Organization","@id":"https:\/\/www.librairieclavreuil.com\/#organization","name":"Libairie Clavreuil","url":"https:\/\/www.librairieclavreuil.com\/","logo":{"@type":"ImageObject","inLanguage":"en-US","@id":"https:\/\/www.librairieclavreuil.com\/#\/schema\/logo\/image\/","url":"https:\/\/www.librairieclavreuil.com\/wp-content\/uploads\/2021\/06\/cropped-LOGO_PNG_DATE-_gold-512x512-1.png","contentUrl":"https:\/\/www.librairieclavreuil.com\/wp-content\/uploads\/2021\/06\/cropped-LOGO_PNG_DATE-_gold-512x512-1.png","width":512,"height":512,"caption":"Libairie Clavreuil"},"image":{"@id":"https:\/\/www.librairieclavreuil.com\/#\/schema\/logo\/image\/"},"sameAs":["https:\/\/www.instagram.com\/librairieclavreuil\/"]}]}},"jetpack_sharing_enabled":true,"_links":{"self":[{"href":"https:\/\/www.librairieclavreuil.com\/en\/wp-json\/wp\/v2\/product\/80123","targetHints":{"allow":["GET"]}}],"collection":[{"href":"https:\/\/www.librairieclavreuil.com\/en\/wp-json\/wp\/v2\/product"}],"about":[{"href":"https:\/\/www.librairieclavreuil.com\/en\/wp-json\/wp\/v2\/types\/product"}],"replies":[{"embeddable":true,"href":"https:\/\/www.librairieclavreuil.com\/en\/wp-json\/wp\/v2\/comments?post=80123"}],"wp:featuredmedia":[{"embeddable":true,"href":"https:\/\/www.librairieclavreuil.com\/en\/wp-json\/wp\/v2\/media\/80104"}],"wp:attachment":[{"href":"https:\/\/www.librairieclavreuil.com\/en\/wp-json\/wp\/v2\/media?parent=80123"}],"wp:term":[{"taxonomy":"product_brand","embeddable":true,"href":"https:\/\/www.librairieclavreuil.com\/en\/wp-json\/wp\/v2\/product_brand?post=80123"},{"taxonomy":"product_cat","embeddable":true,"href":"https:\/\/www.librairieclavreuil.com\/en\/wp-json\/wp\/v2\/product_cat?post=80123"},{"taxonomy":"product_tag","embeddable":true,"href":"https:\/\/www.librairieclavreuil.com\/en\/wp-json\/wp\/v2\/product_tag?post=80123"}],"curies":[{"name":"wp","href":"https:\/\/api.w.org\/{rel}","templated":true}]}}