{"id":80084,"date":"2024-07-13T12:59:21","date_gmt":"2024-07-13T10:59:21","guid":{"rendered":"https:\/\/www.librairieclavreuil.com\/justel-editeur-henri-recueil-de-divers-voyages-faits-en-afrique-et-en-lamerique\/"},"modified":"2025-07-17T18:06:18","modified_gmt":"2025-07-17T16:06:18","slug":"justel-editeur-henri-recueil-de-divers-voyages-faits-en-afrique-et-en-lamerique","status":"publish","type":"product","link":"https:\/\/www.librairieclavreuil.com\/en\/justel-editeur-henri-recueil-de-divers-voyages-faits-en-afrique-et-en-lamerique\/","title":{"rendered":"JUSTEL (\u00e9diteur) Henri Recueil de divers voyages faits..."},"content":{"rendered":"<p style=\"text-align:justify\"><i>Sabin, 36944; Beinecke Lesser Antilles Collection, 68; J.C.B. III, p. 283-84; European Americana, 674\/159; Streit I, 648; Leclerc, 508.<\/i><\/p>\n<p style=\"text-align:justify\">One of the key French voyage compilations, this rare and important collection includes accounts which appear here for the first time, as well as translations into French of five important English voyages and narratives. Those parts relating to the Americas are de la Borde&#8217;s <i>Relation&#8230;des Cara\u00efbes<\/i> and <i>Relation de la Guiane<\/i> (published here for the first time), and translations of Richard Blome&#8217;s <i>A Description of the Island of Jamaica<\/i> (1672), and Richard Ligon&#8217;s <i>A True and Exact History of&#8230; Barbados<\/i> (1657).<\/p>\n<p style=\"text-align:justify\">Other sections deal with Ethiopia, the Nile River, and the coast of Africa. The history of Barbados is illustrated with nine wonderful engraved plates of vegetation, including bananas, pineapple, a palm tree, a palmetto, and pomegranates, as well as scenes of island life, boats, people, and huts. The folding plans are architectural renderings of buildings in Barbados. The maps include a large folding map of Barbados (linenbacked), a large folding map of Abyssinia, with two engraved vignettes (also linenbacked), a smaller folding map of Jamaica, a smaller folding map of Virginia, Maryland, and New England, and a one-page of Ethiopia. The order in which the various parts were bound differs from copy to copy.<\/p>\n<p style=\"text-align:justify\">Henri Justel (1620-93), a book collector and scholar, was secretary to Louis XIV before fleeing France on the eve of the revocation of the Edict of Nantes. He settled in England, and was appointed Keeper of the King&#8217;s Library at St. James&#8217;s Palace.&nbsp;<\/p>\n<p style=\"text-align:justify\">This copy complete with all parts, including the rare maps of Barbados and the Nile, that are missing most of the time according to Leclerc. &#8220;La carte des Barbades et celle qui se trouve annonc\u00e9e apr\u00e8s la Relation du Nil manquent g\u00e9n\u00e9ralement&#8221;.<\/p>\n<p style=\"text-align:justify\">A good and complete copy from the Huth collection with his bookplate, ball pen scribble on titlepage.&nbsp;<\/p>\n<p style=\"text-align:justify\">Detail :<\/p>\n<p style=\"text-align:justify\">&#8211; LIGON, Richard. Histoire de l&#8217;Isle des Barbades. 4 ff.n.ch., 204 pp., 1 large folding map (mounted on cloth), 12 engraved plates.<\/p>\n<p style=\"text-align:justify\">&#8211; WISCHE, Pierre (translatorr). Relation de la rivi\u00e8re du Nil, de sa source et de son cours. pp. [205]-252. 1 large folding map (mounted on cloth).<\/p>\n<p style=\"text-align:justify\">&#8211; Extrait de l&#8217;histoire d&#8217;Ethiopie, \u00e9crite en portugais par le P. Baltazar Telles. pp. [253]-262, 1 engraved map on the title verso.<\/p>\n<p style=\"text-align:justify\">&#8211; LA BORDE. Relation de l&#8217;origine, moeurs, coustumes, relation&#8230; des Isles Antilles de l&#8217;Am\u00e9rique. 40 pp.<\/p>\n<p style=\"text-align:justify\">&#8211; Relation de la Guiane, et de ce qu&#8217;on peut y faire. pp.[41]-49.<\/p>\n<p style=\"text-align:justify\">&#8211; THOMAS. Description de l&#8217;Isle de la Jama\u00efque et de toutes celles que poss\u00e8dent les Anglois dans l&#8217;Am\u00e9rique. 1 f.n.ch., 27pp., 1 engraved folding map.<\/p>\n<p style=\"text-align:justify\">&#8211; Relation de l&#8217;Isle des Barbades. pp.[29]-45.<\/p>\n<p style=\"text-align:justify\">&#8211; Description de l&#8217;Isle de Saint Christophe. pp. 49-81. 1 engraved folding map (without leaf *F3 for dvisionary title &#8216;Colonies angloises&#8217;)<\/p>\n<p style=\"text-align:justify\">&#8211; Relation du voyage fait sur les costes d&#8217;Afrique. 23pp.<\/p>\n<p style=\"text-align:justify\">&#8211; Description de l&#8217;Empire du Prete-Jean (sic). 35 pp.<\/p>\n","protected":false},"excerpt":{"rendered":"<p style=\"text-align:justify\">Small 4to (236 x 170 mm) [16], 204, 49, [3], 81, [1], 23, [1], 35 pp., 4 folding engraved maps (2 linen-backed), 1 full-page engraved map and 12 plates. 19th century polished calf bound in style by Bedford, triple gilt filet on covers spine gilt with raised bands, gilt turn-ins, gilt edges (hinges expertly restored).<\/p>\n","protected":false},"featured_media":87391,"comment_status":"open","ping_status":"closed","template":"","meta":{"_acf_changed":false},"product_brand":[],"product_cat":[552],"product_tag":[1352,1362,1373,620],"class_list":{"0":"post-80084","1":"product","2":"type-product","3":"status-publish","4":"has-post-thumbnail","6":"product_cat-travel","7":"product_tag-africa","8":"product_tag-north-america","9":"product_tag-south-america","10":"product_tag-travel","11":"pa_auteur-justel-editeur-henri-2","12":"pa_type-de-livre-printed-book","14":"first","15":"instock","16":"shipping-taxable","17":"purchasable","18":"product-type-simple"},"acf":{"artist":"Henri JUSTEL (\u00e9diteur)","chapeau":"The Huth copy","adresse_bibliographique":"Paris, Louis Billaine, 1674","book_type":"Printed book","provenance":"","afficher_prix":""},"yoast_head":"<!-- This site is optimized with the Yoast SEO plugin v24.7 - https:\/\/yoast.com\/wordpress\/plugins\/seo\/ -->\n<title>JUSTEL (\u00e9diteur) Henri Recueil de divers voyages faits en Afrique et en l&#039;Am\u00e9rique. - Libairie Clavreuil<\/title>\n<meta name=\"robots\" content=\"index, follow, max-snippet:-1, max-image-preview:large, max-video-preview:-1\" \/>\n<link rel=\"canonical\" href=\"https:\/\/www.librairieclavreuil.com\/en\/justel-editeur-henri-recueil-de-divers-voyages-faits-en-afrique-et-en-lamerique\/\" \/>\n<meta property=\"og:locale\" content=\"en_US\" \/>\n<meta property=\"og:type\" content=\"article\" \/>\n<meta property=\"og:title\" content=\"JUSTEL (\u00e9diteur) Henri Recueil de divers voyages faits en Afrique et en l&#039;Am\u00e9rique. - Libairie Clavreuil\" \/>\n<meta property=\"og:description\" content=\"Small 4to (236 x 170 mm) [16], 204, 49, [3], 81, [1], 23, [1], 35 pp., 4 folding engraved maps (2 linen-backed), 1 full-page engraved map and 12 plates. 19th century polished calf bound in style by Bedford, triple gilt filet on covers spine gilt with raised bands, gilt turn-ins, gilt edges (hinges expertly restored).\" \/>\n<meta property=\"og:url\" content=\"https:\/\/www.librairieclavreuil.com\/en\/justel-editeur-henri-recueil-de-divers-voyages-faits-en-afrique-et-en-lamerique\/\" \/>\n<meta property=\"og:site_name\" content=\"Libairie Clavreuil\" \/>\n<meta property=\"article:modified_time\" content=\"2025-07-17T16:06:18+00:00\" \/>\n<meta property=\"og:image\" content=\"https:\/\/www.librairieclavreuil.com\/wp-content\/uploads\/2025\/07\/henri-justel-editeur-recueil-de-divers-voyages-faits-en-afrique-et-en-l-amerique-9540-68791f690b30a.jpg\" \/>\n\t<meta property=\"og:image:width\" content=\"622\" \/>\n\t<meta property=\"og:image:height\" content=\"800\" \/>\n\t<meta property=\"og:image:type\" content=\"image\/jpeg\" \/>\n<meta name=\"twitter:card\" content=\"summary_large_image\" \/>\n<meta name=\"twitter:label1\" content=\"Est. reading time\" \/>\n\t<meta name=\"twitter:data1\" content=\"2 minutes\" \/>\n<script type=\"application\/ld+json\" class=\"yoast-schema-graph\">{\"@context\":\"https:\/\/schema.org\",\"@graph\":[{\"@type\":\"WebPage\",\"@id\":\"https:\/\/www.librairieclavreuil.com\/en\/justel-editeur-henri-recueil-de-divers-voyages-faits-en-afrique-et-en-lamerique\/\",\"url\":\"https:\/\/www.librairieclavreuil.com\/en\/justel-editeur-henri-recueil-de-divers-voyages-faits-en-afrique-et-en-lamerique\/\",\"name\":\"JUSTEL (\u00e9diteur) Henri Recueil de divers voyages faits en Afrique et en l'Am\u00e9rique. - Libairie Clavreuil\",\"isPartOf\":{\"@id\":\"https:\/\/www.librairieclavreuil.com\/#website\"},\"primaryImageOfPage\":{\"@id\":\"https:\/\/www.librairieclavreuil.com\/en\/justel-editeur-henri-recueil-de-divers-voyages-faits-en-afrique-et-en-lamerique\/#primaryimage\"},\"image\":{\"@id\":\"https:\/\/www.librairieclavreuil.com\/en\/justel-editeur-henri-recueil-de-divers-voyages-faits-en-afrique-et-en-lamerique\/#primaryimage\"},\"thumbnailUrl\":\"https:\/\/www.librairieclavreuil.com\/wp-content\/uploads\/2025\/07\/henri-justel-editeur-recueil-de-divers-voyages-faits-en-afrique-et-en-l-amerique-9540-68791f690b30a.jpg\",\"datePublished\":\"2024-07-13T10:59:21+00:00\",\"dateModified\":\"2025-07-17T16:06:18+00:00\",\"breadcrumb\":{\"@id\":\"https:\/\/www.librairieclavreuil.com\/en\/justel-editeur-henri-recueil-de-divers-voyages-faits-en-afrique-et-en-lamerique\/#breadcrumb\"},\"inLanguage\":\"en-US\",\"potentialAction\":[{\"@type\":\"ReadAction\",\"target\":[\"https:\/\/www.librairieclavreuil.com\/en\/justel-editeur-henri-recueil-de-divers-voyages-faits-en-afrique-et-en-lamerique\/\"]}]},{\"@type\":\"ImageObject\",\"inLanguage\":\"en-US\",\"@id\":\"https:\/\/www.librairieclavreuil.com\/en\/justel-editeur-henri-recueil-de-divers-voyages-faits-en-afrique-et-en-lamerique\/#primaryimage\",\"url\":\"https:\/\/www.librairieclavreuil.com\/wp-content\/uploads\/2025\/07\/henri-justel-editeur-recueil-de-divers-voyages-faits-en-afrique-et-en-l-amerique-9540-68791f690b30a.jpg\",\"contentUrl\":\"https:\/\/www.librairieclavreuil.com\/wp-content\/uploads\/2025\/07\/henri-justel-editeur-recueil-de-divers-voyages-faits-en-afrique-et-en-l-amerique-9540-68791f690b30a.jpg\",\"width\":622,\"height\":800},{\"@type\":\"BreadcrumbList\",\"@id\":\"https:\/\/www.librairieclavreuil.com\/en\/justel-editeur-henri-recueil-de-divers-voyages-faits-en-afrique-et-en-lamerique\/#breadcrumb\",\"itemListElement\":[{\"@type\":\"ListItem\",\"position\":1,\"name\":\"Accueil\",\"item\":\"https:\/\/www.librairieclavreuil.com\/\"},{\"@type\":\"ListItem\",\"position\":2,\"name\":\"All our books\",\"item\":\"https:\/\/www.librairieclavreuil.com\/en\/all-our-books\/\"},{\"@type\":\"ListItem\",\"position\":3,\"name\":\"JUSTEL (\u00e9diteur) Henri Recueil de divers voyages faits...\"}]},{\"@type\":\"WebSite\",\"@id\":\"https:\/\/www.librairieclavreuil.com\/#website\",\"url\":\"https:\/\/www.librairieclavreuil.com\/\",\"name\":\"Libairie Clavreuil\",\"description\":\"Livres anciens, manuscrits rares et \u00e9ditions originales \u2013 Librairie Clavreuil\",\"publisher\":{\"@id\":\"https:\/\/www.librairieclavreuil.com\/#organization\"},\"potentialAction\":[{\"@type\":\"SearchAction\",\"target\":{\"@type\":\"EntryPoint\",\"urlTemplate\":\"https:\/\/www.librairieclavreuil.com\/?s={search_term_string}\"},\"query-input\":{\"@type\":\"PropertyValueSpecification\",\"valueRequired\":true,\"valueName\":\"search_term_string\"}}],\"inLanguage\":\"en-US\"},{\"@type\":\"Organization\",\"@id\":\"https:\/\/www.librairieclavreuil.com\/#organization\",\"name\":\"Libairie Clavreuil\",\"url\":\"https:\/\/www.librairieclavreuil.com\/\",\"logo\":{\"@type\":\"ImageObject\",\"inLanguage\":\"en-US\",\"@id\":\"https:\/\/www.librairieclavreuil.com\/#\/schema\/logo\/image\/\",\"url\":\"https:\/\/www.librairieclavreuil.com\/wp-content\/uploads\/2021\/06\/cropped-LOGO_PNG_DATE-_gold-512x512-1.png\",\"contentUrl\":\"https:\/\/www.librairieclavreuil.com\/wp-content\/uploads\/2021\/06\/cropped-LOGO_PNG_DATE-_gold-512x512-1.png\",\"width\":512,\"height\":512,\"caption\":\"Libairie Clavreuil\"},\"image\":{\"@id\":\"https:\/\/www.librairieclavreuil.com\/#\/schema\/logo\/image\/\"},\"sameAs\":[\"https:\/\/www.instagram.com\/librairieclavreuil\/\"]}]}<\/script>\n<!-- \/ Yoast SEO plugin. -->","yoast_head_json":{"title":"JUSTEL (\u00e9diteur) Henri Recueil de divers voyages faits en Afrique et en l'Am\u00e9rique. - Libairie Clavreuil","robots":{"index":"index","follow":"follow","max-snippet":"max-snippet:-1","max-image-preview":"max-image-preview:large","max-video-preview":"max-video-preview:-1"},"canonical":"https:\/\/www.librairieclavreuil.com\/en\/justel-editeur-henri-recueil-de-divers-voyages-faits-en-afrique-et-en-lamerique\/","og_locale":"en_US","og_type":"article","og_title":"JUSTEL (\u00e9diteur) Henri Recueil de divers voyages faits en Afrique et en l'Am\u00e9rique. - Libairie Clavreuil","og_description":"Small 4to (236 x 170 mm) [16], 204, 49, [3], 81, [1], 23, [1], 35 pp., 4 folding engraved maps (2 linen-backed), 1 full-page engraved map and 12 plates. 19th century polished calf bound in style by Bedford, triple gilt filet on covers spine gilt with raised bands, gilt turn-ins, gilt edges (hinges expertly restored).","og_url":"https:\/\/www.librairieclavreuil.com\/en\/justel-editeur-henri-recueil-de-divers-voyages-faits-en-afrique-et-en-lamerique\/","og_site_name":"Libairie Clavreuil","article_modified_time":"2025-07-17T16:06:18+00:00","og_image":[{"width":622,"height":800,"url":"https:\/\/www.librairieclavreuil.com\/wp-content\/uploads\/2025\/07\/henri-justel-editeur-recueil-de-divers-voyages-faits-en-afrique-et-en-l-amerique-9540-68791f690b30a.jpg","type":"image\/jpeg"}],"twitter_card":"summary_large_image","twitter_misc":{"Est. reading time":"2 minutes"},"schema":{"@context":"https:\/\/schema.org","@graph":[{"@type":"WebPage","@id":"https:\/\/www.librairieclavreuil.com\/en\/justel-editeur-henri-recueil-de-divers-voyages-faits-en-afrique-et-en-lamerique\/","url":"https:\/\/www.librairieclavreuil.com\/en\/justel-editeur-henri-recueil-de-divers-voyages-faits-en-afrique-et-en-lamerique\/","name":"JUSTEL (\u00e9diteur) Henri Recueil de divers voyages faits en Afrique et en l'Am\u00e9rique. - Libairie Clavreuil","isPartOf":{"@id":"https:\/\/www.librairieclavreuil.com\/#website"},"primaryImageOfPage":{"@id":"https:\/\/www.librairieclavreuil.com\/en\/justel-editeur-henri-recueil-de-divers-voyages-faits-en-afrique-et-en-lamerique\/#primaryimage"},"image":{"@id":"https:\/\/www.librairieclavreuil.com\/en\/justel-editeur-henri-recueil-de-divers-voyages-faits-en-afrique-et-en-lamerique\/#primaryimage"},"thumbnailUrl":"https:\/\/www.librairieclavreuil.com\/wp-content\/uploads\/2025\/07\/henri-justel-editeur-recueil-de-divers-voyages-faits-en-afrique-et-en-l-amerique-9540-68791f690b30a.jpg","datePublished":"2024-07-13T10:59:21+00:00","dateModified":"2025-07-17T16:06:18+00:00","breadcrumb":{"@id":"https:\/\/www.librairieclavreuil.com\/en\/justel-editeur-henri-recueil-de-divers-voyages-faits-en-afrique-et-en-lamerique\/#breadcrumb"},"inLanguage":"en-US","potentialAction":[{"@type":"ReadAction","target":["https:\/\/www.librairieclavreuil.com\/en\/justel-editeur-henri-recueil-de-divers-voyages-faits-en-afrique-et-en-lamerique\/"]}]},{"@type":"ImageObject","inLanguage":"en-US","@id":"https:\/\/www.librairieclavreuil.com\/en\/justel-editeur-henri-recueil-de-divers-voyages-faits-en-afrique-et-en-lamerique\/#primaryimage","url":"https:\/\/www.librairieclavreuil.com\/wp-content\/uploads\/2025\/07\/henri-justel-editeur-recueil-de-divers-voyages-faits-en-afrique-et-en-l-amerique-9540-68791f690b30a.jpg","contentUrl":"https:\/\/www.librairieclavreuil.com\/wp-content\/uploads\/2025\/07\/henri-justel-editeur-recueil-de-divers-voyages-faits-en-afrique-et-en-l-amerique-9540-68791f690b30a.jpg","width":622,"height":800},{"@type":"BreadcrumbList","@id":"https:\/\/www.librairieclavreuil.com\/en\/justel-editeur-henri-recueil-de-divers-voyages-faits-en-afrique-et-en-lamerique\/#breadcrumb","itemListElement":[{"@type":"ListItem","position":1,"name":"Accueil","item":"https:\/\/www.librairieclavreuil.com\/"},{"@type":"ListItem","position":2,"name":"All our books","item":"https:\/\/www.librairieclavreuil.com\/en\/all-our-books\/"},{"@type":"ListItem","position":3,"name":"JUSTEL (\u00e9diteur) Henri Recueil de divers voyages faits..."}]},{"@type":"WebSite","@id":"https:\/\/www.librairieclavreuil.com\/#website","url":"https:\/\/www.librairieclavreuil.com\/","name":"Libairie Clavreuil","description":"Livres anciens, manuscrits rares et \u00e9ditions originales \u2013 Librairie Clavreuil","publisher":{"@id":"https:\/\/www.librairieclavreuil.com\/#organization"},"potentialAction":[{"@type":"SearchAction","target":{"@type":"EntryPoint","urlTemplate":"https:\/\/www.librairieclavreuil.com\/?s={search_term_string}"},"query-input":{"@type":"PropertyValueSpecification","valueRequired":true,"valueName":"search_term_string"}}],"inLanguage":"en-US"},{"@type":"Organization","@id":"https:\/\/www.librairieclavreuil.com\/#organization","name":"Libairie Clavreuil","url":"https:\/\/www.librairieclavreuil.com\/","logo":{"@type":"ImageObject","inLanguage":"en-US","@id":"https:\/\/www.librairieclavreuil.com\/#\/schema\/logo\/image\/","url":"https:\/\/www.librairieclavreuil.com\/wp-content\/uploads\/2021\/06\/cropped-LOGO_PNG_DATE-_gold-512x512-1.png","contentUrl":"https:\/\/www.librairieclavreuil.com\/wp-content\/uploads\/2021\/06\/cropped-LOGO_PNG_DATE-_gold-512x512-1.png","width":512,"height":512,"caption":"Libairie Clavreuil"},"image":{"@id":"https:\/\/www.librairieclavreuil.com\/#\/schema\/logo\/image\/"},"sameAs":["https:\/\/www.instagram.com\/librairieclavreuil\/"]}]}},"jetpack_sharing_enabled":true,"_links":{"self":[{"href":"https:\/\/www.librairieclavreuil.com\/en\/wp-json\/wp\/v2\/product\/80084","targetHints":{"allow":["GET"]}}],"collection":[{"href":"https:\/\/www.librairieclavreuil.com\/en\/wp-json\/wp\/v2\/product"}],"about":[{"href":"https:\/\/www.librairieclavreuil.com\/en\/wp-json\/wp\/v2\/types\/product"}],"replies":[{"embeddable":true,"href":"https:\/\/www.librairieclavreuil.com\/en\/wp-json\/wp\/v2\/comments?post=80084"}],"wp:featuredmedia":[{"embeddable":true,"href":"https:\/\/www.librairieclavreuil.com\/en\/wp-json\/wp\/v2\/media\/87391"}],"wp:attachment":[{"href":"https:\/\/www.librairieclavreuil.com\/en\/wp-json\/wp\/v2\/media?parent=80084"}],"wp:term":[{"taxonomy":"product_brand","embeddable":true,"href":"https:\/\/www.librairieclavreuil.com\/en\/wp-json\/wp\/v2\/product_brand?post=80084"},{"taxonomy":"product_cat","embeddable":true,"href":"https:\/\/www.librairieclavreuil.com\/en\/wp-json\/wp\/v2\/product_cat?post=80084"},{"taxonomy":"product_tag","embeddable":true,"href":"https:\/\/www.librairieclavreuil.com\/en\/wp-json\/wp\/v2\/product_tag?post=80084"}],"curies":[{"name":"wp","href":"https:\/\/api.w.org\/{rel}","templated":true}]}}