{"id":79998,"date":"2024-07-13T12:28:50","date_gmt":"2024-07-13T10:28:50","guid":{"rendered":"https:\/\/www.librairieclavreuil.com\/caillie-rene-journal-dun-voyage-a-tembouctou-et-a-jenne-dans-lafrique-centrale-precede-dobservations-faites-chez-les-maures-braknas-les-nalous-et-dautres-peuples-pendant-les-annees-1824\/"},"modified":"2024-07-19T14:35:54","modified_gmt":"2024-07-19T12:35:54","slug":"caillie-rene-journal-dun-voyage-a-tembouctou-et-a-jenne-dans-lafrique-centrale-precede-dobservations-faites-chez-les-maures-braknas-les-nalous-et-dautres-peuples-pendant-les-annees-1824","status":"publish","type":"product","link":"https:\/\/www.librairieclavreuil.com\/en\/caillie-rene-journal-dun-voyage-a-tembouctou-et-a-jenne-dans-lafrique-centrale-precede-dobservations-faites-chez-les-maures-braknas-les-nalous-et-dautres-peuples-pendant-les-annees-1824\/","title":{"rendered":"CAILLIE Ren\u00e9 Journal d&#8217;un voyage \u00e0 Tembouctou et..."},"content":{"rendered":"<p style=\"text-align:justify\"><i>Gay, 2748 ; Numa Broc, p. 64 ; En fran\u00e7ais dans le texte, 243.&nbsp;<\/i><\/p>\n<p style=\"text-align:justify\"><span style=\"font-variant:small-caps\">First edition, rare, of one of the most important travel accounts on Africa.&nbsp;<\/span><\/p>\n<p style=\"text-align:justify\">Ren\u00e9 Cailli\u00e9 (1799-1838) achieved two important objectives: visiting Timbuktu and returning alive to Europe, and crossing the Sahara from Niger to Morocco. &nbsp;Leaving for the first time to Senegal in 1816 at the age of 16, Cailli\u00e9 returned in 1824 for a third time, encouraged by the award of 10 000 Francs offered by the Soci\u00e9t\u00e9 de G\u00e9ographie for the first European traveller to return alive from Timbuktu, believing it to be a rich and wondrous city.<\/p>\n<p style=\"text-align:justify\">Cailli\u00e9 is remarkable for his approach to exploration. In a period given to large-scale expeditions supported by soldiers and employing black porters, Cailli\u00e9 spent years learning Arabic, studying the customs and Islamic religion before setting off with a companion, and later on his own, travelling and living as the natives did. The observation he recorded was very different to Laing who recorded that Timbuktu was a wondrous city. Cailli\u00e9 stated it was a small, unimportant, and poor town with no hint of the fabled reputation that preceded it.<\/p>\n<p style=\"text-align:justify\">The plates depict the mosque of Timbuktu (plates 4 &amp; 5), folding view of a part of Timbuktu (plate 6), a woman of the city of Timbuktu (plate 2), Ren\u00e9 Cailli\u00e9 reading the Coran (plate 3) and the large folding map by Jomard with the itinerary of Cailli\u00e9.<\/p>\n<p style=\"text-align:justify\">This copy is inscribed on the verso by the author : &#8220;offert \u00e0 monsieur de Gerbidan par l\u2019auteur, Cailli\u00e9&#8221;.<\/p>\n<p style=\"text-align:justify\">A fine good copy, complete with the engraved portrait, the 6 plates called for, and the rare errata leaf missing in many copies.<\/p>\n","protected":false},"excerpt":{"rendered":"<p style=\"text-align:justify\">3 volumes, 8vo (203 x 127 mm) engraved portrait frontispiece by Couch\u00e9 fils, 2 nn.ll., XII, 475 pp. for volume I ; 2 nn.ll., 426 pp., 2 engraved plates (numbered 4 and 5) for volume II ; 2 nn.ll., 404 pp., 1 nn.l. (errata), 3 engraved plates (numbered 2, 3, and 6), 1 large engraved folding map for volume III. Contemporary light brown half-calf over marbled boards, flat spines gilt, speckled edges (head of spine to volume II slightly worn, front hinge slightly split).<\/p>\n","protected":false},"featured_media":79991,"comment_status":"open","ping_status":"closed","template":"","meta":{"_acf_changed":false},"product_brand":[],"product_cat":[552],"product_tag":[1352,1264,620],"class_list":{"0":"post-79998","1":"product","2":"type-product","3":"status-publish","4":"has-post-thumbnail","6":"product_cat-travel","7":"product_tag-africa","8":"product_tag-inscription","9":"product_tag-travel","10":"pa_auteur-caillie-rene-2","11":"pa_type-de-livre-printed-book","13":"first","14":"outofstock","15":"shipping-taxable","16":"purchasable","17":"product-type-simple"},"acf":{"artist":"Ren\u00e9 CAILLIE","chapeau":"The first European traveller to return alive from Timbuktu\r\nA presentation copy","adresse_bibliographique":"Paris, De l'Imprimerie Royale, 1830","book_type":"Printed book","provenance":"","afficher_prix":""},"yoast_head":"<!-- This site is optimized with the Yoast SEO plugin v24.7 - https:\/\/yoast.com\/wordpress\/plugins\/seo\/ -->\n<title>CAILLIE Ren\u00e9 Journal d&#039;un voyage \u00e0 Tembouctou et \u00e0 Jenn\u00e9, dans l&#039;Afrique centrale, pr\u00e9c\u00e9d\u00e9 d&#039;observations faites chez les Maures Braknas, les Nalous et d&#039;autres peuples ; pendant les ann\u00e9es 1824, 1825, 1826, 1827, 1828. Avec une carte itin\u00e9raire, et des remarques g\u00e9ographiques, par M. Jomard, membre de l&#039;Institut. - Libairie Clavreuil<\/title>\n<meta name=\"robots\" content=\"index, follow, max-snippet:-1, max-image-preview:large, max-video-preview:-1\" \/>\n<link rel=\"canonical\" href=\"https:\/\/www.librairieclavreuil.com\/en\/caillie-rene-journal-dun-voyage-a-tembouctou-et-a-jenne-dans-lafrique-centrale-precede-dobservations-faites-chez-les-maures-braknas-les-nalous-et-dautres-peuples-pendant-les-annees-1824\/\" \/>\n<meta property=\"og:locale\" content=\"en_US\" \/>\n<meta property=\"og:type\" content=\"article\" \/>\n<meta property=\"og:title\" content=\"CAILLIE Ren\u00e9 Journal d&#039;un voyage \u00e0 Tembouctou et \u00e0 Jenn\u00e9, dans l&#039;Afrique centrale, pr\u00e9c\u00e9d\u00e9 d&#039;observations faites chez les Maures Braknas, les Nalous et d&#039;autres peuples ; pendant les ann\u00e9es 1824, 1825, 1826, 1827, 1828. Avec une carte itin\u00e9raire, et des remarques g\u00e9ographiques, par M. Jomard, membre de l&#039;Institut. - Libairie Clavreuil\" \/>\n<meta property=\"og:description\" content=\"3 volumes, 8vo (203 x 127 mm) engraved portrait frontispiece by Couch\u00e9 fils, 2 nn.ll., XII, 475 pp. for volume I ; 2 nn.ll., 426 pp., 2 engraved plates (numbered 4 and 5) for volume II ; 2 nn.ll., 404 pp., 1 nn.l. (errata), 3 engraved plates (numbered 2, 3, and 6), 1 large engraved folding map for volume III. Contemporary light brown half-calf over marbled boards, flat spines gilt, speckled edges (head of spine to volume II slightly worn, front hinge slightly split).\" \/>\n<meta property=\"og:url\" content=\"https:\/\/www.librairieclavreuil.com\/en\/caillie-rene-journal-dun-voyage-a-tembouctou-et-a-jenne-dans-lafrique-centrale-precede-dobservations-faites-chez-les-maures-braknas-les-nalous-et-dautres-peuples-pendant-les-annees-1824\/\" \/>\n<meta property=\"og:site_name\" content=\"Libairie Clavreuil\" \/>\n<meta property=\"article:modified_time\" content=\"2024-07-19T12:35:54+00:00\" \/>\n<meta property=\"og:image\" content=\"https:\/\/www.librairieclavreuil.com\/wp-content\/uploads\/2024\/07\/rene-caillie-journal-d-un-voyage-a-tembouctou-et-a-jenne-dans-l-afrique-centrale-precede-d-observations-faites-chez-les-maures-braknas-les-n-669255c722293.jpg\" \/>\n\t<meta property=\"og:image:width\" content=\"800\" \/>\n\t<meta property=\"og:image:height\" content=\"650\" \/>\n\t<meta property=\"og:image:type\" content=\"image\/jpeg\" \/>\n<meta name=\"twitter:card\" content=\"summary_large_image\" \/>\n<meta name=\"twitter:label1\" content=\"Est. reading time\" \/>\n\t<meta name=\"twitter:data1\" content=\"1 minute\" \/>\n<script type=\"application\/ld+json\" class=\"yoast-schema-graph\">{\"@context\":\"https:\/\/schema.org\",\"@graph\":[{\"@type\":\"WebPage\",\"@id\":\"https:\/\/www.librairieclavreuil.com\/en\/caillie-rene-journal-dun-voyage-a-tembouctou-et-a-jenne-dans-lafrique-centrale-precede-dobservations-faites-chez-les-maures-braknas-les-nalous-et-dautres-peuples-pendant-les-annees-1824\/\",\"url\":\"https:\/\/www.librairieclavreuil.com\/en\/caillie-rene-journal-dun-voyage-a-tembouctou-et-a-jenne-dans-lafrique-centrale-precede-dobservations-faites-chez-les-maures-braknas-les-nalous-et-dautres-peuples-pendant-les-annees-1824\/\",\"name\":\"CAILLIE Ren\u00e9 Journal d'un voyage \u00e0 Tembouctou et \u00e0 Jenn\u00e9, dans l'Afrique centrale, pr\u00e9c\u00e9d\u00e9 d'observations faites chez les Maures Braknas, les Nalous et d'autres peuples ; pendant les ann\u00e9es 1824, 1825, 1826, 1827, 1828. Avec une carte itin\u00e9raire, et des remarques g\u00e9ographiques, par M. Jomard, membre de l'Institut. - Libairie Clavreuil\",\"isPartOf\":{\"@id\":\"https:\/\/www.librairieclavreuil.com\/#website\"},\"primaryImageOfPage\":{\"@id\":\"https:\/\/www.librairieclavreuil.com\/en\/caillie-rene-journal-dun-voyage-a-tembouctou-et-a-jenne-dans-lafrique-centrale-precede-dobservations-faites-chez-les-maures-braknas-les-nalous-et-dautres-peuples-pendant-les-annees-1824\/#primaryimage\"},\"image\":{\"@id\":\"https:\/\/www.librairieclavreuil.com\/en\/caillie-rene-journal-dun-voyage-a-tembouctou-et-a-jenne-dans-lafrique-centrale-precede-dobservations-faites-chez-les-maures-braknas-les-nalous-et-dautres-peuples-pendant-les-annees-1824\/#primaryimage\"},\"thumbnailUrl\":\"https:\/\/www.librairieclavreuil.com\/wp-content\/uploads\/2024\/07\/rene-caillie-journal-d-un-voyage-a-tembouctou-et-a-jenne-dans-l-afrique-centrale-precede-d-observations-faites-chez-les-maures-braknas-les-n-669255c722293.jpg\",\"datePublished\":\"2024-07-13T10:28:50+00:00\",\"dateModified\":\"2024-07-19T12:35:54+00:00\",\"breadcrumb\":{\"@id\":\"https:\/\/www.librairieclavreuil.com\/en\/caillie-rene-journal-dun-voyage-a-tembouctou-et-a-jenne-dans-lafrique-centrale-precede-dobservations-faites-chez-les-maures-braknas-les-nalous-et-dautres-peuples-pendant-les-annees-1824\/#breadcrumb\"},\"inLanguage\":\"en-US\",\"potentialAction\":[{\"@type\":\"ReadAction\",\"target\":[\"https:\/\/www.librairieclavreuil.com\/en\/caillie-rene-journal-dun-voyage-a-tembouctou-et-a-jenne-dans-lafrique-centrale-precede-dobservations-faites-chez-les-maures-braknas-les-nalous-et-dautres-peuples-pendant-les-annees-1824\/\"]}]},{\"@type\":\"ImageObject\",\"inLanguage\":\"en-US\",\"@id\":\"https:\/\/www.librairieclavreuil.com\/en\/caillie-rene-journal-dun-voyage-a-tembouctou-et-a-jenne-dans-lafrique-centrale-precede-dobservations-faites-chez-les-maures-braknas-les-nalous-et-dautres-peuples-pendant-les-annees-1824\/#primaryimage\",\"url\":\"https:\/\/www.librairieclavreuil.com\/wp-content\/uploads\/2024\/07\/rene-caillie-journal-d-un-voyage-a-tembouctou-et-a-jenne-dans-l-afrique-centrale-precede-d-observations-faites-chez-les-maures-braknas-les-n-669255c722293.jpg\",\"contentUrl\":\"https:\/\/www.librairieclavreuil.com\/wp-content\/uploads\/2024\/07\/rene-caillie-journal-d-un-voyage-a-tembouctou-et-a-jenne-dans-l-afrique-centrale-precede-d-observations-faites-chez-les-maures-braknas-les-n-669255c722293.jpg\",\"width\":800,\"height\":650},{\"@type\":\"BreadcrumbList\",\"@id\":\"https:\/\/www.librairieclavreuil.com\/en\/caillie-rene-journal-dun-voyage-a-tembouctou-et-a-jenne-dans-lafrique-centrale-precede-dobservations-faites-chez-les-maures-braknas-les-nalous-et-dautres-peuples-pendant-les-annees-1824\/#breadcrumb\",\"itemListElement\":[{\"@type\":\"ListItem\",\"position\":1,\"name\":\"Accueil\",\"item\":\"https:\/\/www.librairieclavreuil.com\/\"},{\"@type\":\"ListItem\",\"position\":2,\"name\":\"All our books\",\"item\":\"https:\/\/www.librairieclavreuil.com\/en\/all-our-books\/\"},{\"@type\":\"ListItem\",\"position\":3,\"name\":\"CAILLIE Ren\u00e9 Journal d&#8217;un voyage \u00e0 Tembouctou et \u00e0 Jenn\u00e9, dans l&#8217;Afrique centrale, pr\u00e9c\u00e9d\u00e9 d&#8217;observations faites chez les Maures Braknas, les Nalous et d&#8217;autres peuples ; pendant les ann\u00e9es 1824, 1825, 1826, 1827, 1828. Avec une carte itin\u00e9raire, et des remarques g\u00e9ographiques, par M. Jomard, membre de l&#8217;Institut.\"}]},{\"@type\":\"WebSite\",\"@id\":\"https:\/\/www.librairieclavreuil.com\/#website\",\"url\":\"https:\/\/www.librairieclavreuil.com\/\",\"name\":\"Libairie Clavreuil\",\"description\":\"Livres anciens, manuscrits rares et \u00e9ditions originales \u2013 Librairie Clavreuil\",\"publisher\":{\"@id\":\"https:\/\/www.librairieclavreuil.com\/#organization\"},\"potentialAction\":[{\"@type\":\"SearchAction\",\"target\":{\"@type\":\"EntryPoint\",\"urlTemplate\":\"https:\/\/www.librairieclavreuil.com\/?s={search_term_string}\"},\"query-input\":{\"@type\":\"PropertyValueSpecification\",\"valueRequired\":true,\"valueName\":\"search_term_string\"}}],\"inLanguage\":\"en-US\"},{\"@type\":\"Organization\",\"@id\":\"https:\/\/www.librairieclavreuil.com\/#organization\",\"name\":\"Libairie Clavreuil\",\"url\":\"https:\/\/www.librairieclavreuil.com\/\",\"logo\":{\"@type\":\"ImageObject\",\"inLanguage\":\"en-US\",\"@id\":\"https:\/\/www.librairieclavreuil.com\/#\/schema\/logo\/image\/\",\"url\":\"https:\/\/www.librairieclavreuil.com\/wp-content\/uploads\/2021\/06\/cropped-LOGO_PNG_DATE-_gold-512x512-1.png\",\"contentUrl\":\"https:\/\/www.librairieclavreuil.com\/wp-content\/uploads\/2021\/06\/cropped-LOGO_PNG_DATE-_gold-512x512-1.png\",\"width\":512,\"height\":512,\"caption\":\"Libairie Clavreuil\"},\"image\":{\"@id\":\"https:\/\/www.librairieclavreuil.com\/#\/schema\/logo\/image\/\"},\"sameAs\":[\"https:\/\/www.instagram.com\/librairieclavreuil\/\"]}]}<\/script>\n<!-- \/ Yoast SEO plugin. -->","yoast_head_json":{"title":"CAILLIE Ren\u00e9 Journal d'un voyage \u00e0 Tembouctou et \u00e0 Jenn\u00e9, dans l'Afrique centrale, pr\u00e9c\u00e9d\u00e9 d'observations faites chez les Maures Braknas, les Nalous et d'autres peuples ; pendant les ann\u00e9es 1824, 1825, 1826, 1827, 1828. Avec une carte itin\u00e9raire, et des remarques g\u00e9ographiques, par M. Jomard, membre de l'Institut. - Libairie Clavreuil","robots":{"index":"index","follow":"follow","max-snippet":"max-snippet:-1","max-image-preview":"max-image-preview:large","max-video-preview":"max-video-preview:-1"},"canonical":"https:\/\/www.librairieclavreuil.com\/en\/caillie-rene-journal-dun-voyage-a-tembouctou-et-a-jenne-dans-lafrique-centrale-precede-dobservations-faites-chez-les-maures-braknas-les-nalous-et-dautres-peuples-pendant-les-annees-1824\/","og_locale":"en_US","og_type":"article","og_title":"CAILLIE Ren\u00e9 Journal d'un voyage \u00e0 Tembouctou et \u00e0 Jenn\u00e9, dans l'Afrique centrale, pr\u00e9c\u00e9d\u00e9 d'observations faites chez les Maures Braknas, les Nalous et d'autres peuples ; pendant les ann\u00e9es 1824, 1825, 1826, 1827, 1828. Avec une carte itin\u00e9raire, et des remarques g\u00e9ographiques, par M. Jomard, membre de l'Institut. - Libairie Clavreuil","og_description":"3 volumes, 8vo (203 x 127 mm) engraved portrait frontispiece by Couch\u00e9 fils, 2 nn.ll., XII, 475 pp. for volume I ; 2 nn.ll., 426 pp., 2 engraved plates (numbered 4 and 5) for volume II ; 2 nn.ll., 404 pp., 1 nn.l. (errata), 3 engraved plates (numbered 2, 3, and 6), 1 large engraved folding map for volume III. Contemporary light brown half-calf over marbled boards, flat spines gilt, speckled edges (head of spine to volume II slightly worn, front hinge slightly split).","og_url":"https:\/\/www.librairieclavreuil.com\/en\/caillie-rene-journal-dun-voyage-a-tembouctou-et-a-jenne-dans-lafrique-centrale-precede-dobservations-faites-chez-les-maures-braknas-les-nalous-et-dautres-peuples-pendant-les-annees-1824\/","og_site_name":"Libairie Clavreuil","article_modified_time":"2024-07-19T12:35:54+00:00","og_image":[{"width":800,"height":650,"url":"https:\/\/www.librairieclavreuil.com\/wp-content\/uploads\/2024\/07\/rene-caillie-journal-d-un-voyage-a-tembouctou-et-a-jenne-dans-l-afrique-centrale-precede-d-observations-faites-chez-les-maures-braknas-les-n-669255c722293.jpg","type":"image\/jpeg"}],"twitter_card":"summary_large_image","twitter_misc":{"Est. reading time":"1 minute"},"schema":{"@context":"https:\/\/schema.org","@graph":[{"@type":"WebPage","@id":"https:\/\/www.librairieclavreuil.com\/en\/caillie-rene-journal-dun-voyage-a-tembouctou-et-a-jenne-dans-lafrique-centrale-precede-dobservations-faites-chez-les-maures-braknas-les-nalous-et-dautres-peuples-pendant-les-annees-1824\/","url":"https:\/\/www.librairieclavreuil.com\/en\/caillie-rene-journal-dun-voyage-a-tembouctou-et-a-jenne-dans-lafrique-centrale-precede-dobservations-faites-chez-les-maures-braknas-les-nalous-et-dautres-peuples-pendant-les-annees-1824\/","name":"CAILLIE Ren\u00e9 Journal d'un voyage \u00e0 Tembouctou et \u00e0 Jenn\u00e9, dans l'Afrique centrale, pr\u00e9c\u00e9d\u00e9 d'observations faites chez les Maures Braknas, les Nalous et d'autres peuples ; pendant les ann\u00e9es 1824, 1825, 1826, 1827, 1828. Avec une carte itin\u00e9raire, et des remarques g\u00e9ographiques, par M. Jomard, membre de l'Institut. - Libairie Clavreuil","isPartOf":{"@id":"https:\/\/www.librairieclavreuil.com\/#website"},"primaryImageOfPage":{"@id":"https:\/\/www.librairieclavreuil.com\/en\/caillie-rene-journal-dun-voyage-a-tembouctou-et-a-jenne-dans-lafrique-centrale-precede-dobservations-faites-chez-les-maures-braknas-les-nalous-et-dautres-peuples-pendant-les-annees-1824\/#primaryimage"},"image":{"@id":"https:\/\/www.librairieclavreuil.com\/en\/caillie-rene-journal-dun-voyage-a-tembouctou-et-a-jenne-dans-lafrique-centrale-precede-dobservations-faites-chez-les-maures-braknas-les-nalous-et-dautres-peuples-pendant-les-annees-1824\/#primaryimage"},"thumbnailUrl":"https:\/\/www.librairieclavreuil.com\/wp-content\/uploads\/2024\/07\/rene-caillie-journal-d-un-voyage-a-tembouctou-et-a-jenne-dans-l-afrique-centrale-precede-d-observations-faites-chez-les-maures-braknas-les-n-669255c722293.jpg","datePublished":"2024-07-13T10:28:50+00:00","dateModified":"2024-07-19T12:35:54+00:00","breadcrumb":{"@id":"https:\/\/www.librairieclavreuil.com\/en\/caillie-rene-journal-dun-voyage-a-tembouctou-et-a-jenne-dans-lafrique-centrale-precede-dobservations-faites-chez-les-maures-braknas-les-nalous-et-dautres-peuples-pendant-les-annees-1824\/#breadcrumb"},"inLanguage":"en-US","potentialAction":[{"@type":"ReadAction","target":["https:\/\/www.librairieclavreuil.com\/en\/caillie-rene-journal-dun-voyage-a-tembouctou-et-a-jenne-dans-lafrique-centrale-precede-dobservations-faites-chez-les-maures-braknas-les-nalous-et-dautres-peuples-pendant-les-annees-1824\/"]}]},{"@type":"ImageObject","inLanguage":"en-US","@id":"https:\/\/www.librairieclavreuil.com\/en\/caillie-rene-journal-dun-voyage-a-tembouctou-et-a-jenne-dans-lafrique-centrale-precede-dobservations-faites-chez-les-maures-braknas-les-nalous-et-dautres-peuples-pendant-les-annees-1824\/#primaryimage","url":"https:\/\/www.librairieclavreuil.com\/wp-content\/uploads\/2024\/07\/rene-caillie-journal-d-un-voyage-a-tembouctou-et-a-jenne-dans-l-afrique-centrale-precede-d-observations-faites-chez-les-maures-braknas-les-n-669255c722293.jpg","contentUrl":"https:\/\/www.librairieclavreuil.com\/wp-content\/uploads\/2024\/07\/rene-caillie-journal-d-un-voyage-a-tembouctou-et-a-jenne-dans-l-afrique-centrale-precede-d-observations-faites-chez-les-maures-braknas-les-n-669255c722293.jpg","width":800,"height":650},{"@type":"BreadcrumbList","@id":"https:\/\/www.librairieclavreuil.com\/en\/caillie-rene-journal-dun-voyage-a-tembouctou-et-a-jenne-dans-lafrique-centrale-precede-dobservations-faites-chez-les-maures-braknas-les-nalous-et-dautres-peuples-pendant-les-annees-1824\/#breadcrumb","itemListElement":[{"@type":"ListItem","position":1,"name":"Accueil","item":"https:\/\/www.librairieclavreuil.com\/"},{"@type":"ListItem","position":2,"name":"All our books","item":"https:\/\/www.librairieclavreuil.com\/en\/all-our-books\/"},{"@type":"ListItem","position":3,"name":"CAILLIE Ren\u00e9 Journal d&#8217;un voyage \u00e0 Tembouctou et \u00e0 Jenn\u00e9, dans l&#8217;Afrique centrale, pr\u00e9c\u00e9d\u00e9 d&#8217;observations faites chez les Maures Braknas, les Nalous et d&#8217;autres peuples ; pendant les ann\u00e9es 1824, 1825, 1826, 1827, 1828. Avec une carte itin\u00e9raire, et des remarques g\u00e9ographiques, par M. Jomard, membre de l&#8217;Institut."}]},{"@type":"WebSite","@id":"https:\/\/www.librairieclavreuil.com\/#website","url":"https:\/\/www.librairieclavreuil.com\/","name":"Libairie Clavreuil","description":"Livres anciens, manuscrits rares et \u00e9ditions originales \u2013 Librairie Clavreuil","publisher":{"@id":"https:\/\/www.librairieclavreuil.com\/#organization"},"potentialAction":[{"@type":"SearchAction","target":{"@type":"EntryPoint","urlTemplate":"https:\/\/www.librairieclavreuil.com\/?s={search_term_string}"},"query-input":{"@type":"PropertyValueSpecification","valueRequired":true,"valueName":"search_term_string"}}],"inLanguage":"en-US"},{"@type":"Organization","@id":"https:\/\/www.librairieclavreuil.com\/#organization","name":"Libairie Clavreuil","url":"https:\/\/www.librairieclavreuil.com\/","logo":{"@type":"ImageObject","inLanguage":"en-US","@id":"https:\/\/www.librairieclavreuil.com\/#\/schema\/logo\/image\/","url":"https:\/\/www.librairieclavreuil.com\/wp-content\/uploads\/2021\/06\/cropped-LOGO_PNG_DATE-_gold-512x512-1.png","contentUrl":"https:\/\/www.librairieclavreuil.com\/wp-content\/uploads\/2021\/06\/cropped-LOGO_PNG_DATE-_gold-512x512-1.png","width":512,"height":512,"caption":"Libairie Clavreuil"},"image":{"@id":"https:\/\/www.librairieclavreuil.com\/#\/schema\/logo\/image\/"},"sameAs":["https:\/\/www.instagram.com\/librairieclavreuil\/"]}]}},"jetpack_sharing_enabled":true,"_links":{"self":[{"href":"https:\/\/www.librairieclavreuil.com\/en\/wp-json\/wp\/v2\/product\/79998","targetHints":{"allow":["GET"]}}],"collection":[{"href":"https:\/\/www.librairieclavreuil.com\/en\/wp-json\/wp\/v2\/product"}],"about":[{"href":"https:\/\/www.librairieclavreuil.com\/en\/wp-json\/wp\/v2\/types\/product"}],"replies":[{"embeddable":true,"href":"https:\/\/www.librairieclavreuil.com\/en\/wp-json\/wp\/v2\/comments?post=79998"}],"wp:featuredmedia":[{"embeddable":true,"href":"https:\/\/www.librairieclavreuil.com\/en\/wp-json\/wp\/v2\/media\/79991"}],"wp:attachment":[{"href":"https:\/\/www.librairieclavreuil.com\/en\/wp-json\/wp\/v2\/media?parent=79998"}],"wp:term":[{"taxonomy":"product_brand","embeddable":true,"href":"https:\/\/www.librairieclavreuil.com\/en\/wp-json\/wp\/v2\/product_brand?post=79998"},{"taxonomy":"product_cat","embeddable":true,"href":"https:\/\/www.librairieclavreuil.com\/en\/wp-json\/wp\/v2\/product_cat?post=79998"},{"taxonomy":"product_tag","embeddable":true,"href":"https:\/\/www.librairieclavreuil.com\/en\/wp-json\/wp\/v2\/product_tag?post=79998"}],"curies":[{"name":"wp","href":"https:\/\/api.w.org\/{rel}","templated":true}]}}