{"id":79896,"date":"2024-07-12T18:00:28","date_gmt":"2024-07-12T16:00:28","guid":{"rendered":"https:\/\/www.librairieclavreuil.com\/poujoulat-jean-joseph-francois-voyage-dans-lasie-mineure-en-mesopotamie-a-palmyre-en-syrie-en-palestine-et-en-egypte\/"},"modified":"2024-07-12T18:00:40","modified_gmt":"2024-07-12T16:00:40","slug":"poujoulat-jean-joseph-francois-voyage-dans-lasie-mineure-en-mesopotamie-a-palmyre-en-syrie-en-palestine-et-en-egypte","status":"publish","type":"product","link":"https:\/\/www.librairieclavreuil.com\/en\/poujoulat-jean-joseph-francois-voyage-dans-lasie-mineure-en-mesopotamie-a-palmyre-en-syrie-en-palestine-et-en-egypte\/","title":{"rendered":"POUJOULAT Jean-Joseph-Fran\u00e7ois Voyage dans l&#8217;Asie Mineure, en M\u00e9sopotamie,..."},"content":{"rendered":"<p style=\"text-align:justify\"><em>Atabey, 981 ; Blackmer, 1340.<\/em><\/p>\n<p style=\"text-align:justify\">First edition, one of two issus with a slightly varying title, about which Atabey notes: &quot;We cannot establish which issue has priority&quot;.<\/p>\n<p style=\"text-align:justify\">The work consists of 35 letters addressed mainly to his brother Jean Poujoulat and to Joseph Michaud who together had produced the <em>Correspondance d&#039;Orient <\/em>1833-1835. Baptistin envisaged his work as a sort of continuation. The letters to Michaud begin from Athens in 1836; those to his brother are dated from Aleppo beginning in October, 1837. The last letter, dated from lower Egypt, is followed by a summary of events in Syria from 1838 to 1841.<\/p>\n<p style=\"text-align:justify\">The letters describe mainly Asia Minor and Syria and include accounts of the Kurdish-Turkish Wars and a long description of Palmyra. Poujoulat is a very interesting and penetrating observer, and his work is a worthy successor to the well-known <em>Correspondance d&#039;Orient<\/em>.<\/p>\n<p style=\"text-align:justify\">He produced several other works on the history and politics of the Levant, including <em>La France et la Russie &agrave; Constantinople,<\/em> <em>La V&eacute;rit&eacute; sur la Syrie<\/em>, and <em>R&eacute;cits et Souvenirs d&#039;un Voyage en Orient<\/em> (see Blackmer).<\/p>\n<p style=\"text-align:justify\">Very good copy albeit some occasional foxing.<\/p>\n","protected":false},"excerpt":{"rendered":"<p>2 volumes 8vo (210 x 129 mm) XII, 456 pp. for volume I ; 2 un.l., 612 pp. for volume II. Contemporary brown morocco backed marbled boards, spine in compartments, mottled edges.<\/p>\n","protected":false},"featured_media":79891,"comment_status":"open","ping_status":"closed","template":"","meta":{"_acf_changed":false},"product_brand":[],"product_cat":[552],"product_tag":[1382,620],"class_list":{"0":"post-79896","1":"product","2":"type-product","3":"status-publish","4":"has-post-thumbnail","6":"product_cat-travel","7":"product_tag-asia","8":"product_tag-travel","9":"pa_auteur-poujoulat-jean-joseph-francois-2","10":"pa_type-de-livre-printed-book","12":"first","13":"instock","14":"shipping-taxable","15":"purchasable","16":"product-type-simple"},"acf":{"artist":" Jean-Joseph-Fran\u00e7ois POUJOULAT","chapeau":"","adresse_bibliographique":"Paris, impr. de Ducresson pour Ducollet, 1840-1841","book_type":"Printed book","provenance":"","afficher_prix":""},"yoast_head":"<!-- This site is optimized with the Yoast SEO plugin v24.7 - https:\/\/yoast.com\/wordpress\/plugins\/seo\/ -->\n<title>POUJOULAT Jean-Joseph-Fran\u00e7ois Voyage dans l&#039;Asie Mineure, en M\u00e9sopotamie, \u00e0 Palmyre, en Syrie, en Palestine et en \u00c9gypte. - Libairie Clavreuil<\/title>\n<meta name=\"robots\" content=\"index, follow, max-snippet:-1, max-image-preview:large, max-video-preview:-1\" \/>\n<link rel=\"canonical\" href=\"https:\/\/www.librairieclavreuil.com\/produit\/poujoulat-jean-joseph-francois-voyage-dans-lasie-mineure-en-mesopotamie-a-palmyre-en-syrie-en-palestine-et-en-egypte\/\" \/>\n<meta property=\"og:locale\" content=\"en_US\" \/>\n<meta property=\"og:type\" content=\"article\" \/>\n<meta property=\"og:title\" content=\"POUJOULAT Jean-Joseph-Fran\u00e7ois Voyage dans l&#039;Asie Mineure, en M\u00e9sopotamie, \u00e0 Palmyre, en Syrie, en Palestine et en \u00c9gypte. - Libairie Clavreuil\" \/>\n<meta property=\"og:description\" content=\"2 volumes 8vo (210 x 129 mm) XII, 456 pp. for volume I ; 2 un.l., 612 pp. for volume II. Contemporary brown morocco backed marbled boards, spine in compartments, mottled edges.\" \/>\n<meta property=\"og:url\" content=\"https:\/\/www.librairieclavreuil.com\/produit\/poujoulat-jean-joseph-francois-voyage-dans-lasie-mineure-en-mesopotamie-a-palmyre-en-syrie-en-palestine-et-en-egypte\/\" \/>\n<meta property=\"og:site_name\" content=\"Libairie Clavreuil\" \/>\n<meta property=\"article:modified_time\" content=\"2024-07-12T16:00:40+00:00\" \/>\n<meta property=\"og:image\" content=\"https:\/\/www.librairieclavreuil.com\/wp-content\/uploads\/2024\/07\/jean-joseph-francois-poujoulat-voyage-dans-l-asie-mineure-en-mesopotamie-a-palmyre-en-syrie-en-palestine-et-en-egypte-8070-65bd247e7d6cf.jpg\" \/>\n\t<meta property=\"og:image:width\" content=\"570\" \/>\n\t<meta property=\"og:image:height\" content=\"800\" \/>\n\t<meta property=\"og:image:type\" content=\"image\/jpeg\" \/>\n<meta name=\"twitter:card\" content=\"summary_large_image\" \/>\n<meta name=\"twitter:label1\" content=\"Est. reading time\" \/>\n\t<meta name=\"twitter:data1\" content=\"1 minute\" \/>\n<script type=\"application\/ld+json\" class=\"yoast-schema-graph\">{\"@context\":\"https:\/\/schema.org\",\"@graph\":[{\"@type\":\"WebPage\",\"@id\":\"https:\/\/www.librairieclavreuil.com\/produit\/poujoulat-jean-joseph-francois-voyage-dans-lasie-mineure-en-mesopotamie-a-palmyre-en-syrie-en-palestine-et-en-egypte\/\",\"url\":\"https:\/\/www.librairieclavreuil.com\/produit\/poujoulat-jean-joseph-francois-voyage-dans-lasie-mineure-en-mesopotamie-a-palmyre-en-syrie-en-palestine-et-en-egypte\/\",\"name\":\"POUJOULAT Jean-Joseph-Fran\u00e7ois Voyage dans l'Asie Mineure, en M\u00e9sopotamie, \u00e0 Palmyre, en Syrie, en Palestine et en \u00c9gypte. - Libairie Clavreuil\",\"isPartOf\":{\"@id\":\"https:\/\/www.librairieclavreuil.com\/#website\"},\"primaryImageOfPage\":{\"@id\":\"https:\/\/www.librairieclavreuil.com\/produit\/poujoulat-jean-joseph-francois-voyage-dans-lasie-mineure-en-mesopotamie-a-palmyre-en-syrie-en-palestine-et-en-egypte\/#primaryimage\"},\"image\":{\"@id\":\"https:\/\/www.librairieclavreuil.com\/produit\/poujoulat-jean-joseph-francois-voyage-dans-lasie-mineure-en-mesopotamie-a-palmyre-en-syrie-en-palestine-et-en-egypte\/#primaryimage\"},\"thumbnailUrl\":\"https:\/\/www.librairieclavreuil.com\/wp-content\/uploads\/2024\/07\/jean-joseph-francois-poujoulat-voyage-dans-l-asie-mineure-en-mesopotamie-a-palmyre-en-syrie-en-palestine-et-en-egypte-8070-65bd247e7d6cf.jpg\",\"datePublished\":\"2024-07-12T16:00:28+00:00\",\"dateModified\":\"2024-07-12T16:00:40+00:00\",\"breadcrumb\":{\"@id\":\"https:\/\/www.librairieclavreuil.com\/produit\/poujoulat-jean-joseph-francois-voyage-dans-lasie-mineure-en-mesopotamie-a-palmyre-en-syrie-en-palestine-et-en-egypte\/#breadcrumb\"},\"inLanguage\":\"en-US\",\"potentialAction\":[{\"@type\":\"ReadAction\",\"target\":[\"https:\/\/www.librairieclavreuil.com\/produit\/poujoulat-jean-joseph-francois-voyage-dans-lasie-mineure-en-mesopotamie-a-palmyre-en-syrie-en-palestine-et-en-egypte\/\"]}]},{\"@type\":\"ImageObject\",\"inLanguage\":\"en-US\",\"@id\":\"https:\/\/www.librairieclavreuil.com\/produit\/poujoulat-jean-joseph-francois-voyage-dans-lasie-mineure-en-mesopotamie-a-palmyre-en-syrie-en-palestine-et-en-egypte\/#primaryimage\",\"url\":\"https:\/\/www.librairieclavreuil.com\/wp-content\/uploads\/2024\/07\/jean-joseph-francois-poujoulat-voyage-dans-l-asie-mineure-en-mesopotamie-a-palmyre-en-syrie-en-palestine-et-en-egypte-8070-65bd247e7d6cf.jpg\",\"contentUrl\":\"https:\/\/www.librairieclavreuil.com\/wp-content\/uploads\/2024\/07\/jean-joseph-francois-poujoulat-voyage-dans-l-asie-mineure-en-mesopotamie-a-palmyre-en-syrie-en-palestine-et-en-egypte-8070-65bd247e7d6cf.jpg\",\"width\":570,\"height\":800},{\"@type\":\"BreadcrumbList\",\"@id\":\"https:\/\/www.librairieclavreuil.com\/produit\/poujoulat-jean-joseph-francois-voyage-dans-lasie-mineure-en-mesopotamie-a-palmyre-en-syrie-en-palestine-et-en-egypte\/#breadcrumb\",\"itemListElement\":[{\"@type\":\"ListItem\",\"position\":1,\"name\":\"Accueil\",\"item\":\"https:\/\/www.librairieclavreuil.com\/\"},{\"@type\":\"ListItem\",\"position\":2,\"name\":\"All our books\",\"item\":\"https:\/\/www.librairieclavreuil.com\/en\/all-our-books\/\"},{\"@type\":\"ListItem\",\"position\":3,\"name\":\"POUJOULAT Jean-Joseph-Fran\u00e7ois Voyage dans l&rsquo;Asie Mineure, en M\u00e9sopotamie,...\"}]},{\"@type\":\"WebSite\",\"@id\":\"https:\/\/www.librairieclavreuil.com\/#website\",\"url\":\"https:\/\/www.librairieclavreuil.com\/\",\"name\":\"Libairie Clavreuil\",\"description\":\"Livres anciens, manuscrits rares et \u00e9ditions originales \u2013 Librairie Clavreuil\",\"publisher\":{\"@id\":\"https:\/\/www.librairieclavreuil.com\/#organization\"},\"potentialAction\":[{\"@type\":\"SearchAction\",\"target\":{\"@type\":\"EntryPoint\",\"urlTemplate\":\"https:\/\/www.librairieclavreuil.com\/?s={search_term_string}\"},\"query-input\":{\"@type\":\"PropertyValueSpecification\",\"valueRequired\":true,\"valueName\":\"search_term_string\"}}],\"inLanguage\":\"en-US\"},{\"@type\":\"Organization\",\"@id\":\"https:\/\/www.librairieclavreuil.com\/#organization\",\"name\":\"Libairie Clavreuil\",\"url\":\"https:\/\/www.librairieclavreuil.com\/\",\"logo\":{\"@type\":\"ImageObject\",\"inLanguage\":\"en-US\",\"@id\":\"https:\/\/www.librairieclavreuil.com\/#\/schema\/logo\/image\/\",\"url\":\"https:\/\/www.librairieclavreuil.com\/wp-content\/uploads\/2021\/06\/cropped-LOGO_PNG_DATE-_gold-512x512-1.png\",\"contentUrl\":\"https:\/\/www.librairieclavreuil.com\/wp-content\/uploads\/2021\/06\/cropped-LOGO_PNG_DATE-_gold-512x512-1.png\",\"width\":512,\"height\":512,\"caption\":\"Libairie Clavreuil\"},\"image\":{\"@id\":\"https:\/\/www.librairieclavreuil.com\/#\/schema\/logo\/image\/\"},\"sameAs\":[\"https:\/\/www.instagram.com\/librairieclavreuil\/\"]}]}<\/script>\n<!-- \/ Yoast SEO plugin. -->","yoast_head_json":{"title":"POUJOULAT Jean-Joseph-Fran\u00e7ois Voyage dans l'Asie Mineure, en M\u00e9sopotamie, \u00e0 Palmyre, en Syrie, en Palestine et en \u00c9gypte. - Libairie Clavreuil","robots":{"index":"index","follow":"follow","max-snippet":"max-snippet:-1","max-image-preview":"max-image-preview:large","max-video-preview":"max-video-preview:-1"},"canonical":"https:\/\/www.librairieclavreuil.com\/produit\/poujoulat-jean-joseph-francois-voyage-dans-lasie-mineure-en-mesopotamie-a-palmyre-en-syrie-en-palestine-et-en-egypte\/","og_locale":"en_US","og_type":"article","og_title":"POUJOULAT Jean-Joseph-Fran\u00e7ois Voyage dans l'Asie Mineure, en M\u00e9sopotamie, \u00e0 Palmyre, en Syrie, en Palestine et en \u00c9gypte. - Libairie Clavreuil","og_description":"2 volumes 8vo (210 x 129 mm) XII, 456 pp. for volume I ; 2 un.l., 612 pp. for volume II. Contemporary brown morocco backed marbled boards, spine in compartments, mottled edges.","og_url":"https:\/\/www.librairieclavreuil.com\/produit\/poujoulat-jean-joseph-francois-voyage-dans-lasie-mineure-en-mesopotamie-a-palmyre-en-syrie-en-palestine-et-en-egypte\/","og_site_name":"Libairie Clavreuil","article_modified_time":"2024-07-12T16:00:40+00:00","og_image":[{"width":570,"height":800,"url":"https:\/\/www.librairieclavreuil.com\/wp-content\/uploads\/2024\/07\/jean-joseph-francois-poujoulat-voyage-dans-l-asie-mineure-en-mesopotamie-a-palmyre-en-syrie-en-palestine-et-en-egypte-8070-65bd247e7d6cf.jpg","type":"image\/jpeg"}],"twitter_card":"summary_large_image","twitter_misc":{"Est. reading time":"1 minute"},"schema":{"@context":"https:\/\/schema.org","@graph":[{"@type":"WebPage","@id":"https:\/\/www.librairieclavreuil.com\/produit\/poujoulat-jean-joseph-francois-voyage-dans-lasie-mineure-en-mesopotamie-a-palmyre-en-syrie-en-palestine-et-en-egypte\/","url":"https:\/\/www.librairieclavreuil.com\/produit\/poujoulat-jean-joseph-francois-voyage-dans-lasie-mineure-en-mesopotamie-a-palmyre-en-syrie-en-palestine-et-en-egypte\/","name":"POUJOULAT Jean-Joseph-Fran\u00e7ois Voyage dans l'Asie Mineure, en M\u00e9sopotamie, \u00e0 Palmyre, en Syrie, en Palestine et en \u00c9gypte. - Libairie Clavreuil","isPartOf":{"@id":"https:\/\/www.librairieclavreuil.com\/#website"},"primaryImageOfPage":{"@id":"https:\/\/www.librairieclavreuil.com\/produit\/poujoulat-jean-joseph-francois-voyage-dans-lasie-mineure-en-mesopotamie-a-palmyre-en-syrie-en-palestine-et-en-egypte\/#primaryimage"},"image":{"@id":"https:\/\/www.librairieclavreuil.com\/produit\/poujoulat-jean-joseph-francois-voyage-dans-lasie-mineure-en-mesopotamie-a-palmyre-en-syrie-en-palestine-et-en-egypte\/#primaryimage"},"thumbnailUrl":"https:\/\/www.librairieclavreuil.com\/wp-content\/uploads\/2024\/07\/jean-joseph-francois-poujoulat-voyage-dans-l-asie-mineure-en-mesopotamie-a-palmyre-en-syrie-en-palestine-et-en-egypte-8070-65bd247e7d6cf.jpg","datePublished":"2024-07-12T16:00:28+00:00","dateModified":"2024-07-12T16:00:40+00:00","breadcrumb":{"@id":"https:\/\/www.librairieclavreuil.com\/produit\/poujoulat-jean-joseph-francois-voyage-dans-lasie-mineure-en-mesopotamie-a-palmyre-en-syrie-en-palestine-et-en-egypte\/#breadcrumb"},"inLanguage":"en-US","potentialAction":[{"@type":"ReadAction","target":["https:\/\/www.librairieclavreuil.com\/produit\/poujoulat-jean-joseph-francois-voyage-dans-lasie-mineure-en-mesopotamie-a-palmyre-en-syrie-en-palestine-et-en-egypte\/"]}]},{"@type":"ImageObject","inLanguage":"en-US","@id":"https:\/\/www.librairieclavreuil.com\/produit\/poujoulat-jean-joseph-francois-voyage-dans-lasie-mineure-en-mesopotamie-a-palmyre-en-syrie-en-palestine-et-en-egypte\/#primaryimage","url":"https:\/\/www.librairieclavreuil.com\/wp-content\/uploads\/2024\/07\/jean-joseph-francois-poujoulat-voyage-dans-l-asie-mineure-en-mesopotamie-a-palmyre-en-syrie-en-palestine-et-en-egypte-8070-65bd247e7d6cf.jpg","contentUrl":"https:\/\/www.librairieclavreuil.com\/wp-content\/uploads\/2024\/07\/jean-joseph-francois-poujoulat-voyage-dans-l-asie-mineure-en-mesopotamie-a-palmyre-en-syrie-en-palestine-et-en-egypte-8070-65bd247e7d6cf.jpg","width":570,"height":800},{"@type":"BreadcrumbList","@id":"https:\/\/www.librairieclavreuil.com\/produit\/poujoulat-jean-joseph-francois-voyage-dans-lasie-mineure-en-mesopotamie-a-palmyre-en-syrie-en-palestine-et-en-egypte\/#breadcrumb","itemListElement":[{"@type":"ListItem","position":1,"name":"Accueil","item":"https:\/\/www.librairieclavreuil.com\/"},{"@type":"ListItem","position":2,"name":"All our books","item":"https:\/\/www.librairieclavreuil.com\/en\/all-our-books\/"},{"@type":"ListItem","position":3,"name":"POUJOULAT Jean-Joseph-Fran\u00e7ois Voyage dans l&rsquo;Asie Mineure, en M\u00e9sopotamie,..."}]},{"@type":"WebSite","@id":"https:\/\/www.librairieclavreuil.com\/#website","url":"https:\/\/www.librairieclavreuil.com\/","name":"Libairie Clavreuil","description":"Livres anciens, manuscrits rares et \u00e9ditions originales \u2013 Librairie Clavreuil","publisher":{"@id":"https:\/\/www.librairieclavreuil.com\/#organization"},"potentialAction":[{"@type":"SearchAction","target":{"@type":"EntryPoint","urlTemplate":"https:\/\/www.librairieclavreuil.com\/?s={search_term_string}"},"query-input":{"@type":"PropertyValueSpecification","valueRequired":true,"valueName":"search_term_string"}}],"inLanguage":"en-US"},{"@type":"Organization","@id":"https:\/\/www.librairieclavreuil.com\/#organization","name":"Libairie Clavreuil","url":"https:\/\/www.librairieclavreuil.com\/","logo":{"@type":"ImageObject","inLanguage":"en-US","@id":"https:\/\/www.librairieclavreuil.com\/#\/schema\/logo\/image\/","url":"https:\/\/www.librairieclavreuil.com\/wp-content\/uploads\/2021\/06\/cropped-LOGO_PNG_DATE-_gold-512x512-1.png","contentUrl":"https:\/\/www.librairieclavreuil.com\/wp-content\/uploads\/2021\/06\/cropped-LOGO_PNG_DATE-_gold-512x512-1.png","width":512,"height":512,"caption":"Libairie Clavreuil"},"image":{"@id":"https:\/\/www.librairieclavreuil.com\/#\/schema\/logo\/image\/"},"sameAs":["https:\/\/www.instagram.com\/librairieclavreuil\/"]}]}},"jetpack_sharing_enabled":true,"_links":{"self":[{"href":"https:\/\/www.librairieclavreuil.com\/en\/wp-json\/wp\/v2\/product\/79896","targetHints":{"allow":["GET"]}}],"collection":[{"href":"https:\/\/www.librairieclavreuil.com\/en\/wp-json\/wp\/v2\/product"}],"about":[{"href":"https:\/\/www.librairieclavreuil.com\/en\/wp-json\/wp\/v2\/types\/product"}],"replies":[{"embeddable":true,"href":"https:\/\/www.librairieclavreuil.com\/en\/wp-json\/wp\/v2\/comments?post=79896"}],"wp:featuredmedia":[{"embeddable":true,"href":"https:\/\/www.librairieclavreuil.com\/en\/wp-json\/wp\/v2\/media\/79891"}],"wp:attachment":[{"href":"https:\/\/www.librairieclavreuil.com\/en\/wp-json\/wp\/v2\/media?parent=79896"}],"wp:term":[{"taxonomy":"product_brand","embeddable":true,"href":"https:\/\/www.librairieclavreuil.com\/en\/wp-json\/wp\/v2\/product_brand?post=79896"},{"taxonomy":"product_cat","embeddable":true,"href":"https:\/\/www.librairieclavreuil.com\/en\/wp-json\/wp\/v2\/product_cat?post=79896"},{"taxonomy":"product_tag","embeddable":true,"href":"https:\/\/www.librairieclavreuil.com\/en\/wp-json\/wp\/v2\/product_tag?post=79896"}],"curies":[{"name":"wp","href":"https:\/\/api.w.org\/{rel}","templated":true}]}}