{"id":79884,"date":"2024-07-12T17:59:58","date_gmt":"2024-07-12T15:59:58","guid":{"rendered":"https:\/\/www.librairieclavreuil.com\/darwin-charles-observations-geologiques-sur-les-iles-volcaniques-explorees-par-lexpedition-du-beagle-et-note-sur-la-geologie-de-laustralie-et-du-cap-de-bonne-esperance-traduit-de-langlais\/"},"modified":"2024-07-12T18:00:09","modified_gmt":"2024-07-12T16:00:09","slug":"darwin-charles-observations-geologiques-sur-les-iles-volcaniques-explorees-par-lexpedition-du-beagle-et-note-sur-la-geologie-de-laustralie-et-du-cap-de-bonne-esperance-traduit-de-langlais","status":"publish","type":"product","link":"https:\/\/www.librairieclavreuil.com\/en\/darwin-charles-observations-geologiques-sur-les-iles-volcaniques-explorees-par-lexpedition-du-beagle-et-note-sur-la-geologie-de-laustralie-et-du-cap-de-bonne-esperance-traduit-de-langlais\/","title":{"rendered":"DARWIN Charles Observations g\u00e9ologiques sur les \u00eeles volcaniques..."},"content":{"rendered":"<p style=\"text-align:justify\"><i>Freeman, F-310.<\/i><\/p>\n<p style=\"text-align:justify\"><span style=\"font-variant:small-caps\">First edition of the French translation, the first into any foreign language.<\/span> It contains research material gathered during the scientific voyage of the &#8220;Beagle&#8221; (1831-1836) and is illustrated with 14 woodcuts in the text, and a folding map showing the volcanic island <i>Ascenion<\/i>, a subtropic island situated in the south Atlantic.<\/p>\n<p style=\"text-align:justify\">Very good copy.<\/p>\n","protected":false},"excerpt":{"rendered":"<p style=\"text-align:justify\">8vo (228 x 140 mm) 2 nn ll., XXII, 218 pp., 1 folding map. Original publisher&#8217;s green buckram, covers decorated in blind, flat spine gilt, original endpapers.<\/p>\n","protected":false},"featured_media":79879,"comment_status":"open","ping_status":"closed","template":"","meta":{"_acf_changed":false},"product_brand":[],"product_cat":[550],"product_tag":[1346,578],"class_list":{"0":"post-79884","1":"product","2":"type-product","3":"status-publish","4":"has-post-thumbnail","6":"product_cat-science","7":"product_tag-darwinism","8":"product_tag-geology","9":"pa_auteur-darwin-charles-2","10":"pa_type-de-livre-printed-book","12":"first","13":"outofstock","14":"shipping-taxable","15":"purchasable","16":"product-type-simple"},"acf":{"artist":" Charles DARWIN","chapeau":"","adresse_bibliographique":"Paris, C. Reinwald & Schleicher Fr\u00e8res \u00e9diteurs, 1902","book_type":"Printed book","provenance":"","afficher_prix":""},"yoast_head":"<!-- This site is optimized with the Yoast SEO plugin v24.7 - https:\/\/yoast.com\/wordpress\/plugins\/seo\/ -->\n<title>DARWIN Charles Observations g\u00e9ologiques sur les \u00eeles volcaniques explor\u00e9es par l&#039;exp\u00e9dition du &quot;Beagle&quot; et note sur la g\u00e9ologie de l&#039;Australie et du Cap de Bonne-Esp\u00e9rance. Traduit de l&#039;anglais sur la troisi\u00e8me \u00e9dition par A.-F. Renard. - Libairie Clavreuil<\/title>\n<meta name=\"robots\" content=\"index, follow, max-snippet:-1, max-image-preview:large, max-video-preview:-1\" \/>\n<link rel=\"canonical\" href=\"https:\/\/www.librairieclavreuil.com\/produit\/darwin-charles-observations-geologiques-sur-les-iles-volcaniques-explorees-par-lexpedition-du-beagle-et-note-sur-la-geologie-de-laustralie-et-du-cap-de-bonne-esperance-traduit-de-langlais\/\" \/>\n<meta property=\"og:locale\" content=\"en_US\" \/>\n<meta property=\"og:type\" content=\"article\" \/>\n<meta property=\"og:title\" content=\"DARWIN Charles Observations g\u00e9ologiques sur les \u00eeles volcaniques explor\u00e9es par l&#039;exp\u00e9dition du &quot;Beagle&quot; et note sur la g\u00e9ologie de l&#039;Australie et du Cap de Bonne-Esp\u00e9rance. Traduit de l&#039;anglais sur la troisi\u00e8me \u00e9dition par A.-F. Renard. - Libairie Clavreuil\" \/>\n<meta property=\"og:description\" content=\"8vo (228 x 140 mm) 2 nn ll., XXII, 218 pp., 1 folding map. Original publisher&#039;s green buckram, covers decorated in blind, flat spine gilt, original endpapers.\" \/>\n<meta property=\"og:url\" content=\"https:\/\/www.librairieclavreuil.com\/produit\/darwin-charles-observations-geologiques-sur-les-iles-volcaniques-explorees-par-lexpedition-du-beagle-et-note-sur-la-geologie-de-laustralie-et-du-cap-de-bonne-esperance-traduit-de-langlais\/\" \/>\n<meta property=\"og:site_name\" content=\"Libairie Clavreuil\" \/>\n<meta property=\"article:modified_time\" content=\"2024-07-12T16:00:09+00:00\" \/>\n<meta property=\"og:image\" content=\"https:\/\/www.librairieclavreuil.com\/wp-content\/uploads\/2024\/07\/charles-darwin-observations-geologiques-sur-les-iles-volcaniques-explorees-par-l-expedition-du-beagle-et-note-sur-la-geologie-de-l-australie-66671e7316477.jpg\" \/>\n\t<meta property=\"og:image:width\" content=\"632\" \/>\n\t<meta property=\"og:image:height\" content=\"800\" \/>\n\t<meta property=\"og:image:type\" content=\"image\/jpeg\" \/>\n<meta name=\"twitter:card\" content=\"summary_large_image\" \/>\n<script type=\"application\/ld+json\" class=\"yoast-schema-graph\">{\"@context\":\"https:\/\/schema.org\",\"@graph\":[{\"@type\":\"WebPage\",\"@id\":\"https:\/\/www.librairieclavreuil.com\/produit\/darwin-charles-observations-geologiques-sur-les-iles-volcaniques-explorees-par-lexpedition-du-beagle-et-note-sur-la-geologie-de-laustralie-et-du-cap-de-bonne-esperance-traduit-de-langlais\/\",\"url\":\"https:\/\/www.librairieclavreuil.com\/produit\/darwin-charles-observations-geologiques-sur-les-iles-volcaniques-explorees-par-lexpedition-du-beagle-et-note-sur-la-geologie-de-laustralie-et-du-cap-de-bonne-esperance-traduit-de-langlais\/\",\"name\":\"DARWIN Charles Observations g\u00e9ologiques sur les \u00eeles volcaniques explor\u00e9es par l'exp\u00e9dition du \\\"Beagle\\\" et note sur la g\u00e9ologie de l'Australie et du Cap de Bonne-Esp\u00e9rance. Traduit de l'anglais sur la troisi\u00e8me \u00e9dition par A.-F. Renard. - Libairie Clavreuil\",\"isPartOf\":{\"@id\":\"https:\/\/www.librairieclavreuil.com\/#website\"},\"primaryImageOfPage\":{\"@id\":\"https:\/\/www.librairieclavreuil.com\/produit\/darwin-charles-observations-geologiques-sur-les-iles-volcaniques-explorees-par-lexpedition-du-beagle-et-note-sur-la-geologie-de-laustralie-et-du-cap-de-bonne-esperance-traduit-de-langlais\/#primaryimage\"},\"image\":{\"@id\":\"https:\/\/www.librairieclavreuil.com\/produit\/darwin-charles-observations-geologiques-sur-les-iles-volcaniques-explorees-par-lexpedition-du-beagle-et-note-sur-la-geologie-de-laustralie-et-du-cap-de-bonne-esperance-traduit-de-langlais\/#primaryimage\"},\"thumbnailUrl\":\"https:\/\/www.librairieclavreuil.com\/wp-content\/uploads\/2024\/07\/charles-darwin-observations-geologiques-sur-les-iles-volcaniques-explorees-par-l-expedition-du-beagle-et-note-sur-la-geologie-de-l-australie-66671e7316477.jpg\",\"datePublished\":\"2024-07-12T15:59:58+00:00\",\"dateModified\":\"2024-07-12T16:00:09+00:00\",\"breadcrumb\":{\"@id\":\"https:\/\/www.librairieclavreuil.com\/produit\/darwin-charles-observations-geologiques-sur-les-iles-volcaniques-explorees-par-lexpedition-du-beagle-et-note-sur-la-geologie-de-laustralie-et-du-cap-de-bonne-esperance-traduit-de-langlais\/#breadcrumb\"},\"inLanguage\":\"en-US\",\"potentialAction\":[{\"@type\":\"ReadAction\",\"target\":[\"https:\/\/www.librairieclavreuil.com\/produit\/darwin-charles-observations-geologiques-sur-les-iles-volcaniques-explorees-par-lexpedition-du-beagle-et-note-sur-la-geologie-de-laustralie-et-du-cap-de-bonne-esperance-traduit-de-langlais\/\"]}]},{\"@type\":\"ImageObject\",\"inLanguage\":\"en-US\",\"@id\":\"https:\/\/www.librairieclavreuil.com\/produit\/darwin-charles-observations-geologiques-sur-les-iles-volcaniques-explorees-par-lexpedition-du-beagle-et-note-sur-la-geologie-de-laustralie-et-du-cap-de-bonne-esperance-traduit-de-langlais\/#primaryimage\",\"url\":\"https:\/\/www.librairieclavreuil.com\/wp-content\/uploads\/2024\/07\/charles-darwin-observations-geologiques-sur-les-iles-volcaniques-explorees-par-l-expedition-du-beagle-et-note-sur-la-geologie-de-l-australie-66671e7316477.jpg\",\"contentUrl\":\"https:\/\/www.librairieclavreuil.com\/wp-content\/uploads\/2024\/07\/charles-darwin-observations-geologiques-sur-les-iles-volcaniques-explorees-par-l-expedition-du-beagle-et-note-sur-la-geologie-de-l-australie-66671e7316477.jpg\",\"width\":632,\"height\":800},{\"@type\":\"BreadcrumbList\",\"@id\":\"https:\/\/www.librairieclavreuil.com\/produit\/darwin-charles-observations-geologiques-sur-les-iles-volcaniques-explorees-par-lexpedition-du-beagle-et-note-sur-la-geologie-de-laustralie-et-du-cap-de-bonne-esperance-traduit-de-langlais\/#breadcrumb\",\"itemListElement\":[{\"@type\":\"ListItem\",\"position\":1,\"name\":\"Accueil\",\"item\":\"https:\/\/www.librairieclavreuil.com\/\"},{\"@type\":\"ListItem\",\"position\":2,\"name\":\"All our books\",\"item\":\"https:\/\/www.librairieclavreuil.com\/en\/all-our-books\/\"},{\"@type\":\"ListItem\",\"position\":3,\"name\":\"DARWIN Charles Observations g\u00e9ologiques sur les \u00eeles volcaniques...\"}]},{\"@type\":\"WebSite\",\"@id\":\"https:\/\/www.librairieclavreuil.com\/#website\",\"url\":\"https:\/\/www.librairieclavreuil.com\/\",\"name\":\"Libairie Clavreuil\",\"description\":\"Livres anciens, manuscrits rares et \u00e9ditions originales \u2013 Librairie Clavreuil\",\"publisher\":{\"@id\":\"https:\/\/www.librairieclavreuil.com\/#organization\"},\"potentialAction\":[{\"@type\":\"SearchAction\",\"target\":{\"@type\":\"EntryPoint\",\"urlTemplate\":\"https:\/\/www.librairieclavreuil.com\/?s={search_term_string}\"},\"query-input\":{\"@type\":\"PropertyValueSpecification\",\"valueRequired\":true,\"valueName\":\"search_term_string\"}}],\"inLanguage\":\"en-US\"},{\"@type\":\"Organization\",\"@id\":\"https:\/\/www.librairieclavreuil.com\/#organization\",\"name\":\"Libairie Clavreuil\",\"url\":\"https:\/\/www.librairieclavreuil.com\/\",\"logo\":{\"@type\":\"ImageObject\",\"inLanguage\":\"en-US\",\"@id\":\"https:\/\/www.librairieclavreuil.com\/#\/schema\/logo\/image\/\",\"url\":\"https:\/\/www.librairieclavreuil.com\/wp-content\/uploads\/2021\/06\/cropped-LOGO_PNG_DATE-_gold-512x512-1.png\",\"contentUrl\":\"https:\/\/www.librairieclavreuil.com\/wp-content\/uploads\/2021\/06\/cropped-LOGO_PNG_DATE-_gold-512x512-1.png\",\"width\":512,\"height\":512,\"caption\":\"Libairie Clavreuil\"},\"image\":{\"@id\":\"https:\/\/www.librairieclavreuil.com\/#\/schema\/logo\/image\/\"},\"sameAs\":[\"https:\/\/www.instagram.com\/librairieclavreuil\/\"]}]}<\/script>\n<!-- \/ Yoast SEO plugin. -->","yoast_head_json":{"title":"DARWIN Charles Observations g\u00e9ologiques sur les \u00eeles volcaniques explor\u00e9es par l'exp\u00e9dition du \"Beagle\" et note sur la g\u00e9ologie de l'Australie et du Cap de Bonne-Esp\u00e9rance. Traduit de l'anglais sur la troisi\u00e8me \u00e9dition par A.-F. Renard. - Libairie Clavreuil","robots":{"index":"index","follow":"follow","max-snippet":"max-snippet:-1","max-image-preview":"max-image-preview:large","max-video-preview":"max-video-preview:-1"},"canonical":"https:\/\/www.librairieclavreuil.com\/produit\/darwin-charles-observations-geologiques-sur-les-iles-volcaniques-explorees-par-lexpedition-du-beagle-et-note-sur-la-geologie-de-laustralie-et-du-cap-de-bonne-esperance-traduit-de-langlais\/","og_locale":"en_US","og_type":"article","og_title":"DARWIN Charles Observations g\u00e9ologiques sur les \u00eeles volcaniques explor\u00e9es par l'exp\u00e9dition du \"Beagle\" et note sur la g\u00e9ologie de l'Australie et du Cap de Bonne-Esp\u00e9rance. Traduit de l'anglais sur la troisi\u00e8me \u00e9dition par A.-F. Renard. - Libairie Clavreuil","og_description":"8vo (228 x 140 mm) 2 nn ll., XXII, 218 pp., 1 folding map. Original publisher's green buckram, covers decorated in blind, flat spine gilt, original endpapers.","og_url":"https:\/\/www.librairieclavreuil.com\/produit\/darwin-charles-observations-geologiques-sur-les-iles-volcaniques-explorees-par-lexpedition-du-beagle-et-note-sur-la-geologie-de-laustralie-et-du-cap-de-bonne-esperance-traduit-de-langlais\/","og_site_name":"Libairie Clavreuil","article_modified_time":"2024-07-12T16:00:09+00:00","og_image":[{"width":632,"height":800,"url":"https:\/\/www.librairieclavreuil.com\/wp-content\/uploads\/2024\/07\/charles-darwin-observations-geologiques-sur-les-iles-volcaniques-explorees-par-l-expedition-du-beagle-et-note-sur-la-geologie-de-l-australie-66671e7316477.jpg","type":"image\/jpeg"}],"twitter_card":"summary_large_image","schema":{"@context":"https:\/\/schema.org","@graph":[{"@type":"WebPage","@id":"https:\/\/www.librairieclavreuil.com\/produit\/darwin-charles-observations-geologiques-sur-les-iles-volcaniques-explorees-par-lexpedition-du-beagle-et-note-sur-la-geologie-de-laustralie-et-du-cap-de-bonne-esperance-traduit-de-langlais\/","url":"https:\/\/www.librairieclavreuil.com\/produit\/darwin-charles-observations-geologiques-sur-les-iles-volcaniques-explorees-par-lexpedition-du-beagle-et-note-sur-la-geologie-de-laustralie-et-du-cap-de-bonne-esperance-traduit-de-langlais\/","name":"DARWIN Charles Observations g\u00e9ologiques sur les \u00eeles volcaniques explor\u00e9es par l'exp\u00e9dition du \"Beagle\" et note sur la g\u00e9ologie de l'Australie et du Cap de Bonne-Esp\u00e9rance. Traduit de l'anglais sur la troisi\u00e8me \u00e9dition par A.-F. Renard. - Libairie Clavreuil","isPartOf":{"@id":"https:\/\/www.librairieclavreuil.com\/#website"},"primaryImageOfPage":{"@id":"https:\/\/www.librairieclavreuil.com\/produit\/darwin-charles-observations-geologiques-sur-les-iles-volcaniques-explorees-par-lexpedition-du-beagle-et-note-sur-la-geologie-de-laustralie-et-du-cap-de-bonne-esperance-traduit-de-langlais\/#primaryimage"},"image":{"@id":"https:\/\/www.librairieclavreuil.com\/produit\/darwin-charles-observations-geologiques-sur-les-iles-volcaniques-explorees-par-lexpedition-du-beagle-et-note-sur-la-geologie-de-laustralie-et-du-cap-de-bonne-esperance-traduit-de-langlais\/#primaryimage"},"thumbnailUrl":"https:\/\/www.librairieclavreuil.com\/wp-content\/uploads\/2024\/07\/charles-darwin-observations-geologiques-sur-les-iles-volcaniques-explorees-par-l-expedition-du-beagle-et-note-sur-la-geologie-de-l-australie-66671e7316477.jpg","datePublished":"2024-07-12T15:59:58+00:00","dateModified":"2024-07-12T16:00:09+00:00","breadcrumb":{"@id":"https:\/\/www.librairieclavreuil.com\/produit\/darwin-charles-observations-geologiques-sur-les-iles-volcaniques-explorees-par-lexpedition-du-beagle-et-note-sur-la-geologie-de-laustralie-et-du-cap-de-bonne-esperance-traduit-de-langlais\/#breadcrumb"},"inLanguage":"en-US","potentialAction":[{"@type":"ReadAction","target":["https:\/\/www.librairieclavreuil.com\/produit\/darwin-charles-observations-geologiques-sur-les-iles-volcaniques-explorees-par-lexpedition-du-beagle-et-note-sur-la-geologie-de-laustralie-et-du-cap-de-bonne-esperance-traduit-de-langlais\/"]}]},{"@type":"ImageObject","inLanguage":"en-US","@id":"https:\/\/www.librairieclavreuil.com\/produit\/darwin-charles-observations-geologiques-sur-les-iles-volcaniques-explorees-par-lexpedition-du-beagle-et-note-sur-la-geologie-de-laustralie-et-du-cap-de-bonne-esperance-traduit-de-langlais\/#primaryimage","url":"https:\/\/www.librairieclavreuil.com\/wp-content\/uploads\/2024\/07\/charles-darwin-observations-geologiques-sur-les-iles-volcaniques-explorees-par-l-expedition-du-beagle-et-note-sur-la-geologie-de-l-australie-66671e7316477.jpg","contentUrl":"https:\/\/www.librairieclavreuil.com\/wp-content\/uploads\/2024\/07\/charles-darwin-observations-geologiques-sur-les-iles-volcaniques-explorees-par-l-expedition-du-beagle-et-note-sur-la-geologie-de-l-australie-66671e7316477.jpg","width":632,"height":800},{"@type":"BreadcrumbList","@id":"https:\/\/www.librairieclavreuil.com\/produit\/darwin-charles-observations-geologiques-sur-les-iles-volcaniques-explorees-par-lexpedition-du-beagle-et-note-sur-la-geologie-de-laustralie-et-du-cap-de-bonne-esperance-traduit-de-langlais\/#breadcrumb","itemListElement":[{"@type":"ListItem","position":1,"name":"Accueil","item":"https:\/\/www.librairieclavreuil.com\/"},{"@type":"ListItem","position":2,"name":"All our books","item":"https:\/\/www.librairieclavreuil.com\/en\/all-our-books\/"},{"@type":"ListItem","position":3,"name":"DARWIN Charles Observations g\u00e9ologiques sur les \u00eeles volcaniques..."}]},{"@type":"WebSite","@id":"https:\/\/www.librairieclavreuil.com\/#website","url":"https:\/\/www.librairieclavreuil.com\/","name":"Libairie Clavreuil","description":"Livres anciens, manuscrits rares et \u00e9ditions originales \u2013 Librairie Clavreuil","publisher":{"@id":"https:\/\/www.librairieclavreuil.com\/#organization"},"potentialAction":[{"@type":"SearchAction","target":{"@type":"EntryPoint","urlTemplate":"https:\/\/www.librairieclavreuil.com\/?s={search_term_string}"},"query-input":{"@type":"PropertyValueSpecification","valueRequired":true,"valueName":"search_term_string"}}],"inLanguage":"en-US"},{"@type":"Organization","@id":"https:\/\/www.librairieclavreuil.com\/#organization","name":"Libairie Clavreuil","url":"https:\/\/www.librairieclavreuil.com\/","logo":{"@type":"ImageObject","inLanguage":"en-US","@id":"https:\/\/www.librairieclavreuil.com\/#\/schema\/logo\/image\/","url":"https:\/\/www.librairieclavreuil.com\/wp-content\/uploads\/2021\/06\/cropped-LOGO_PNG_DATE-_gold-512x512-1.png","contentUrl":"https:\/\/www.librairieclavreuil.com\/wp-content\/uploads\/2021\/06\/cropped-LOGO_PNG_DATE-_gold-512x512-1.png","width":512,"height":512,"caption":"Libairie Clavreuil"},"image":{"@id":"https:\/\/www.librairieclavreuil.com\/#\/schema\/logo\/image\/"},"sameAs":["https:\/\/www.instagram.com\/librairieclavreuil\/"]}]}},"jetpack_sharing_enabled":true,"_links":{"self":[{"href":"https:\/\/www.librairieclavreuil.com\/en\/wp-json\/wp\/v2\/product\/79884","targetHints":{"allow":["GET"]}}],"collection":[{"href":"https:\/\/www.librairieclavreuil.com\/en\/wp-json\/wp\/v2\/product"}],"about":[{"href":"https:\/\/www.librairieclavreuil.com\/en\/wp-json\/wp\/v2\/types\/product"}],"replies":[{"embeddable":true,"href":"https:\/\/www.librairieclavreuil.com\/en\/wp-json\/wp\/v2\/comments?post=79884"}],"wp:featuredmedia":[{"embeddable":true,"href":"https:\/\/www.librairieclavreuil.com\/en\/wp-json\/wp\/v2\/media\/79879"}],"wp:attachment":[{"href":"https:\/\/www.librairieclavreuil.com\/en\/wp-json\/wp\/v2\/media?parent=79884"}],"wp:term":[{"taxonomy":"product_brand","embeddable":true,"href":"https:\/\/www.librairieclavreuil.com\/en\/wp-json\/wp\/v2\/product_brand?post=79884"},{"taxonomy":"product_cat","embeddable":true,"href":"https:\/\/www.librairieclavreuil.com\/en\/wp-json\/wp\/v2\/product_cat?post=79884"},{"taxonomy":"product_tag","embeddable":true,"href":"https:\/\/www.librairieclavreuil.com\/en\/wp-json\/wp\/v2\/product_tag?post=79884"}],"curies":[{"name":"wp","href":"https:\/\/api.w.org\/{rel}","templated":true}]}}