{"id":79878,"date":"2024-07-12T17:59:40","date_gmt":"2024-07-12T15:59:40","guid":{"rendered":"https:\/\/www.librairieclavreuil.com\/darwin-charles-les-plantes-insectivores-ouvrage-traduit-de-langlais-par-ed-barbier-precede-dune-introduction-biographique-et-augmente-de-note-complementaires-par-charles-martins\/"},"modified":"2024-07-12T17:59:53","modified_gmt":"2024-07-12T15:59:53","slug":"darwin-charles-les-plantes-insectivores-ouvrage-traduit-de-langlais-par-ed-barbier-precede-dune-introduction-biographique-et-augmente-de-note-complementaires-par-charles-martins","status":"publish","type":"product","link":"https:\/\/www.librairieclavreuil.com\/en\/darwin-charles-les-plantes-insectivores-ouvrage-traduit-de-langlais-par-ed-barbier-precede-dune-introduction-biographique-et-augmente-de-note-complementaires-par-charles-martins\/","title":{"rendered":"DARWIN Charles Les Plantes insectivores. Ouvrage traduit de..."},"content":{"rendered":"<p style=\"text-align:justify\"><i>Freeman, F-1237.<\/i><\/p>\n<p style=\"text-align:justify\"><span style=\"font-variant:small-caps\">First edition of the French translation.<\/span> It is illustrated with 30 woodcuts in the text. It is the fruit of Darwin&#8217;s evolution-related experiments which also led to other important publications on botanical subjects.<\/p>\n<p style=\"text-align:justify\">Some light foxing, else a good copy.<\/p>\n","protected":false},"excerpt":{"rendered":"<p style=\"text-align:justify\">8vo (227 x 142 mm) XXIII, 540 pp., 20 pp. bookseller&#8217;s catalogue dated Octobre 1886. Original publisher&#8217;s green buckram, covers decorated in blind, flat spine gilt and signed &#8220;A. Lenegre, Rel., Paris&#8221;, original endpapers (light wear).<\/p>\n","protected":false},"featured_media":79871,"comment_status":"open","ping_status":"closed","template":"","meta":{"_acf_changed":false},"product_brand":[],"product_cat":[550],"product_tag":[1346,1450,1323],"class_list":{"0":"post-79878","1":"product","2":"type-product","3":"status-publish","4":"has-post-thumbnail","6":"product_cat-science","7":"product_tag-darwinism","8":"product_tag-first-edition","9":"product_tag-general-botany","10":"pa_auteur-darwin-charles-2","11":"pa_type-de-livre-printed-book","13":"first","14":"instock","15":"shipping-taxable","16":"purchasable","17":"product-type-simple"},"acf":{"artist":" Charles DARWIN","chapeau":"","adresse_bibliographique":"Paris, C. Reinwald et Cie., 1877","book_type":"Printed book","provenance":"","afficher_prix":""},"yoast_head":"<!-- This site is optimized with the Yoast SEO plugin v24.7 - https:\/\/yoast.com\/wordpress\/plugins\/seo\/ -->\n<title>DARWIN Charles Les Plantes insectivores. Ouvrage traduit de l&#039;anglais par Ed. Barbier. Pr\u00e9c\u00e9d\u00e9 d&#039;une introduction biographique et augment\u00e9 de note compl\u00e9mentaires par Charles Martins. - Libairie Clavreuil<\/title>\n<meta name=\"robots\" content=\"index, follow, max-snippet:-1, max-image-preview:large, max-video-preview:-1\" \/>\n<link rel=\"canonical\" href=\"https:\/\/www.librairieclavreuil.com\/produit\/darwin-charles-les-plantes-insectivores-ouvrage-traduit-de-langlais-par-ed-barbier-precede-dune-introduction-biographique-et-augmente-de-note-complementaires-par-charles-martins\/\" \/>\n<meta property=\"og:locale\" content=\"en_US\" \/>\n<meta property=\"og:type\" content=\"article\" \/>\n<meta property=\"og:title\" content=\"DARWIN Charles Les Plantes insectivores. Ouvrage traduit de l&#039;anglais par Ed. Barbier. Pr\u00e9c\u00e9d\u00e9 d&#039;une introduction biographique et augment\u00e9 de note compl\u00e9mentaires par Charles Martins. - Libairie Clavreuil\" \/>\n<meta property=\"og:description\" content=\"8vo (227 x 142 mm) XXIII, 540 pp., 20 pp. bookseller&#039;s catalogue dated Octobre 1886. Original publisher&#039;s green buckram, covers decorated in blind, flat spine gilt and signed &quot;A. Lenegre, Rel., Paris&quot;, original endpapers (light wear).\" \/>\n<meta property=\"og:url\" content=\"https:\/\/www.librairieclavreuil.com\/produit\/darwin-charles-les-plantes-insectivores-ouvrage-traduit-de-langlais-par-ed-barbier-precede-dune-introduction-biographique-et-augmente-de-note-complementaires-par-charles-martins\/\" \/>\n<meta property=\"og:site_name\" content=\"Libairie Clavreuil\" \/>\n<meta property=\"article:modified_time\" content=\"2024-07-12T15:59:53+00:00\" \/>\n<meta property=\"og:image\" content=\"https:\/\/www.librairieclavreuil.com\/wp-content\/uploads\/2024\/07\/charles-darwin-les-plantes-insectivores-ouvrage-traduit-de-l-anglais-par-ed-barbier-precede-d-une-introduction-biographique-et-augmente-de-n-66671dd4610f5.jpg\" \/>\n\t<meta property=\"og:image:width\" content=\"632\" \/>\n\t<meta property=\"og:image:height\" content=\"800\" \/>\n\t<meta property=\"og:image:type\" content=\"image\/jpeg\" \/>\n<meta name=\"twitter:card\" content=\"summary_large_image\" \/>\n<script type=\"application\/ld+json\" class=\"yoast-schema-graph\">{\"@context\":\"https:\/\/schema.org\",\"@graph\":[{\"@type\":\"WebPage\",\"@id\":\"https:\/\/www.librairieclavreuil.com\/produit\/darwin-charles-les-plantes-insectivores-ouvrage-traduit-de-langlais-par-ed-barbier-precede-dune-introduction-biographique-et-augmente-de-note-complementaires-par-charles-martins\/\",\"url\":\"https:\/\/www.librairieclavreuil.com\/produit\/darwin-charles-les-plantes-insectivores-ouvrage-traduit-de-langlais-par-ed-barbier-precede-dune-introduction-biographique-et-augmente-de-note-complementaires-par-charles-martins\/\",\"name\":\"DARWIN Charles Les Plantes insectivores. Ouvrage traduit de l'anglais par Ed. Barbier. Pr\u00e9c\u00e9d\u00e9 d'une introduction biographique et augment\u00e9 de note compl\u00e9mentaires par Charles Martins. - Libairie Clavreuil\",\"isPartOf\":{\"@id\":\"https:\/\/www.librairieclavreuil.com\/#website\"},\"primaryImageOfPage\":{\"@id\":\"https:\/\/www.librairieclavreuil.com\/produit\/darwin-charles-les-plantes-insectivores-ouvrage-traduit-de-langlais-par-ed-barbier-precede-dune-introduction-biographique-et-augmente-de-note-complementaires-par-charles-martins\/#primaryimage\"},\"image\":{\"@id\":\"https:\/\/www.librairieclavreuil.com\/produit\/darwin-charles-les-plantes-insectivores-ouvrage-traduit-de-langlais-par-ed-barbier-precede-dune-introduction-biographique-et-augmente-de-note-complementaires-par-charles-martins\/#primaryimage\"},\"thumbnailUrl\":\"https:\/\/www.librairieclavreuil.com\/wp-content\/uploads\/2024\/07\/charles-darwin-les-plantes-insectivores-ouvrage-traduit-de-l-anglais-par-ed-barbier-precede-d-une-introduction-biographique-et-augmente-de-n-66671dd4610f5.jpg\",\"datePublished\":\"2024-07-12T15:59:40+00:00\",\"dateModified\":\"2024-07-12T15:59:53+00:00\",\"breadcrumb\":{\"@id\":\"https:\/\/www.librairieclavreuil.com\/produit\/darwin-charles-les-plantes-insectivores-ouvrage-traduit-de-langlais-par-ed-barbier-precede-dune-introduction-biographique-et-augmente-de-note-complementaires-par-charles-martins\/#breadcrumb\"},\"inLanguage\":\"en-US\",\"potentialAction\":[{\"@type\":\"ReadAction\",\"target\":[\"https:\/\/www.librairieclavreuil.com\/produit\/darwin-charles-les-plantes-insectivores-ouvrage-traduit-de-langlais-par-ed-barbier-precede-dune-introduction-biographique-et-augmente-de-note-complementaires-par-charles-martins\/\"]}]},{\"@type\":\"ImageObject\",\"inLanguage\":\"en-US\",\"@id\":\"https:\/\/www.librairieclavreuil.com\/produit\/darwin-charles-les-plantes-insectivores-ouvrage-traduit-de-langlais-par-ed-barbier-precede-dune-introduction-biographique-et-augmente-de-note-complementaires-par-charles-martins\/#primaryimage\",\"url\":\"https:\/\/www.librairieclavreuil.com\/wp-content\/uploads\/2024\/07\/charles-darwin-les-plantes-insectivores-ouvrage-traduit-de-l-anglais-par-ed-barbier-precede-d-une-introduction-biographique-et-augmente-de-n-66671dd4610f5.jpg\",\"contentUrl\":\"https:\/\/www.librairieclavreuil.com\/wp-content\/uploads\/2024\/07\/charles-darwin-les-plantes-insectivores-ouvrage-traduit-de-l-anglais-par-ed-barbier-precede-d-une-introduction-biographique-et-augmente-de-n-66671dd4610f5.jpg\",\"width\":632,\"height\":800},{\"@type\":\"BreadcrumbList\",\"@id\":\"https:\/\/www.librairieclavreuil.com\/produit\/darwin-charles-les-plantes-insectivores-ouvrage-traduit-de-langlais-par-ed-barbier-precede-dune-introduction-biographique-et-augmente-de-note-complementaires-par-charles-martins\/#breadcrumb\",\"itemListElement\":[{\"@type\":\"ListItem\",\"position\":1,\"name\":\"Accueil\",\"item\":\"https:\/\/www.librairieclavreuil.com\/\"},{\"@type\":\"ListItem\",\"position\":2,\"name\":\"All our books\",\"item\":\"https:\/\/www.librairieclavreuil.com\/en\/all-our-books\/\"},{\"@type\":\"ListItem\",\"position\":3,\"name\":\"DARWIN Charles Les Plantes insectivores. Ouvrage traduit de...\"}]},{\"@type\":\"WebSite\",\"@id\":\"https:\/\/www.librairieclavreuil.com\/#website\",\"url\":\"https:\/\/www.librairieclavreuil.com\/\",\"name\":\"Libairie Clavreuil\",\"description\":\"Livres anciens, manuscrits rares et \u00e9ditions originales \u2013 Librairie Clavreuil\",\"publisher\":{\"@id\":\"https:\/\/www.librairieclavreuil.com\/#organization\"},\"potentialAction\":[{\"@type\":\"SearchAction\",\"target\":{\"@type\":\"EntryPoint\",\"urlTemplate\":\"https:\/\/www.librairieclavreuil.com\/?s={search_term_string}\"},\"query-input\":{\"@type\":\"PropertyValueSpecification\",\"valueRequired\":true,\"valueName\":\"search_term_string\"}}],\"inLanguage\":\"en-US\"},{\"@type\":\"Organization\",\"@id\":\"https:\/\/www.librairieclavreuil.com\/#organization\",\"name\":\"Libairie Clavreuil\",\"url\":\"https:\/\/www.librairieclavreuil.com\/\",\"logo\":{\"@type\":\"ImageObject\",\"inLanguage\":\"en-US\",\"@id\":\"https:\/\/www.librairieclavreuil.com\/#\/schema\/logo\/image\/\",\"url\":\"https:\/\/www.librairieclavreuil.com\/wp-content\/uploads\/2021\/06\/cropped-LOGO_PNG_DATE-_gold-512x512-1.png\",\"contentUrl\":\"https:\/\/www.librairieclavreuil.com\/wp-content\/uploads\/2021\/06\/cropped-LOGO_PNG_DATE-_gold-512x512-1.png\",\"width\":512,\"height\":512,\"caption\":\"Libairie Clavreuil\"},\"image\":{\"@id\":\"https:\/\/www.librairieclavreuil.com\/#\/schema\/logo\/image\/\"},\"sameAs\":[\"https:\/\/www.instagram.com\/librairieclavreuil\/\"]}]}<\/script>\n<!-- \/ Yoast SEO plugin. -->","yoast_head_json":{"title":"DARWIN Charles Les Plantes insectivores. Ouvrage traduit de l'anglais par Ed. Barbier. Pr\u00e9c\u00e9d\u00e9 d'une introduction biographique et augment\u00e9 de note compl\u00e9mentaires par Charles Martins. - Libairie Clavreuil","robots":{"index":"index","follow":"follow","max-snippet":"max-snippet:-1","max-image-preview":"max-image-preview:large","max-video-preview":"max-video-preview:-1"},"canonical":"https:\/\/www.librairieclavreuil.com\/produit\/darwin-charles-les-plantes-insectivores-ouvrage-traduit-de-langlais-par-ed-barbier-precede-dune-introduction-biographique-et-augmente-de-note-complementaires-par-charles-martins\/","og_locale":"en_US","og_type":"article","og_title":"DARWIN Charles Les Plantes insectivores. Ouvrage traduit de l'anglais par Ed. Barbier. Pr\u00e9c\u00e9d\u00e9 d'une introduction biographique et augment\u00e9 de note compl\u00e9mentaires par Charles Martins. - Libairie Clavreuil","og_description":"8vo (227 x 142 mm) XXIII, 540 pp., 20 pp. bookseller's catalogue dated Octobre 1886. Original publisher's green buckram, covers decorated in blind, flat spine gilt and signed \"A. Lenegre, Rel., Paris\", original endpapers (light wear).","og_url":"https:\/\/www.librairieclavreuil.com\/produit\/darwin-charles-les-plantes-insectivores-ouvrage-traduit-de-langlais-par-ed-barbier-precede-dune-introduction-biographique-et-augmente-de-note-complementaires-par-charles-martins\/","og_site_name":"Libairie Clavreuil","article_modified_time":"2024-07-12T15:59:53+00:00","og_image":[{"width":632,"height":800,"url":"https:\/\/www.librairieclavreuil.com\/wp-content\/uploads\/2024\/07\/charles-darwin-les-plantes-insectivores-ouvrage-traduit-de-l-anglais-par-ed-barbier-precede-d-une-introduction-biographique-et-augmente-de-n-66671dd4610f5.jpg","type":"image\/jpeg"}],"twitter_card":"summary_large_image","schema":{"@context":"https:\/\/schema.org","@graph":[{"@type":"WebPage","@id":"https:\/\/www.librairieclavreuil.com\/produit\/darwin-charles-les-plantes-insectivores-ouvrage-traduit-de-langlais-par-ed-barbier-precede-dune-introduction-biographique-et-augmente-de-note-complementaires-par-charles-martins\/","url":"https:\/\/www.librairieclavreuil.com\/produit\/darwin-charles-les-plantes-insectivores-ouvrage-traduit-de-langlais-par-ed-barbier-precede-dune-introduction-biographique-et-augmente-de-note-complementaires-par-charles-martins\/","name":"DARWIN Charles Les Plantes insectivores. Ouvrage traduit de l'anglais par Ed. Barbier. Pr\u00e9c\u00e9d\u00e9 d'une introduction biographique et augment\u00e9 de note compl\u00e9mentaires par Charles Martins. - Libairie Clavreuil","isPartOf":{"@id":"https:\/\/www.librairieclavreuil.com\/#website"},"primaryImageOfPage":{"@id":"https:\/\/www.librairieclavreuil.com\/produit\/darwin-charles-les-plantes-insectivores-ouvrage-traduit-de-langlais-par-ed-barbier-precede-dune-introduction-biographique-et-augmente-de-note-complementaires-par-charles-martins\/#primaryimage"},"image":{"@id":"https:\/\/www.librairieclavreuil.com\/produit\/darwin-charles-les-plantes-insectivores-ouvrage-traduit-de-langlais-par-ed-barbier-precede-dune-introduction-biographique-et-augmente-de-note-complementaires-par-charles-martins\/#primaryimage"},"thumbnailUrl":"https:\/\/www.librairieclavreuil.com\/wp-content\/uploads\/2024\/07\/charles-darwin-les-plantes-insectivores-ouvrage-traduit-de-l-anglais-par-ed-barbier-precede-d-une-introduction-biographique-et-augmente-de-n-66671dd4610f5.jpg","datePublished":"2024-07-12T15:59:40+00:00","dateModified":"2024-07-12T15:59:53+00:00","breadcrumb":{"@id":"https:\/\/www.librairieclavreuil.com\/produit\/darwin-charles-les-plantes-insectivores-ouvrage-traduit-de-langlais-par-ed-barbier-precede-dune-introduction-biographique-et-augmente-de-note-complementaires-par-charles-martins\/#breadcrumb"},"inLanguage":"en-US","potentialAction":[{"@type":"ReadAction","target":["https:\/\/www.librairieclavreuil.com\/produit\/darwin-charles-les-plantes-insectivores-ouvrage-traduit-de-langlais-par-ed-barbier-precede-dune-introduction-biographique-et-augmente-de-note-complementaires-par-charles-martins\/"]}]},{"@type":"ImageObject","inLanguage":"en-US","@id":"https:\/\/www.librairieclavreuil.com\/produit\/darwin-charles-les-plantes-insectivores-ouvrage-traduit-de-langlais-par-ed-barbier-precede-dune-introduction-biographique-et-augmente-de-note-complementaires-par-charles-martins\/#primaryimage","url":"https:\/\/www.librairieclavreuil.com\/wp-content\/uploads\/2024\/07\/charles-darwin-les-plantes-insectivores-ouvrage-traduit-de-l-anglais-par-ed-barbier-precede-d-une-introduction-biographique-et-augmente-de-n-66671dd4610f5.jpg","contentUrl":"https:\/\/www.librairieclavreuil.com\/wp-content\/uploads\/2024\/07\/charles-darwin-les-plantes-insectivores-ouvrage-traduit-de-l-anglais-par-ed-barbier-precede-d-une-introduction-biographique-et-augmente-de-n-66671dd4610f5.jpg","width":632,"height":800},{"@type":"BreadcrumbList","@id":"https:\/\/www.librairieclavreuil.com\/produit\/darwin-charles-les-plantes-insectivores-ouvrage-traduit-de-langlais-par-ed-barbier-precede-dune-introduction-biographique-et-augmente-de-note-complementaires-par-charles-martins\/#breadcrumb","itemListElement":[{"@type":"ListItem","position":1,"name":"Accueil","item":"https:\/\/www.librairieclavreuil.com\/"},{"@type":"ListItem","position":2,"name":"All our books","item":"https:\/\/www.librairieclavreuil.com\/en\/all-our-books\/"},{"@type":"ListItem","position":3,"name":"DARWIN Charles Les Plantes insectivores. Ouvrage traduit de..."}]},{"@type":"WebSite","@id":"https:\/\/www.librairieclavreuil.com\/#website","url":"https:\/\/www.librairieclavreuil.com\/","name":"Libairie Clavreuil","description":"Livres anciens, manuscrits rares et \u00e9ditions originales \u2013 Librairie Clavreuil","publisher":{"@id":"https:\/\/www.librairieclavreuil.com\/#organization"},"potentialAction":[{"@type":"SearchAction","target":{"@type":"EntryPoint","urlTemplate":"https:\/\/www.librairieclavreuil.com\/?s={search_term_string}"},"query-input":{"@type":"PropertyValueSpecification","valueRequired":true,"valueName":"search_term_string"}}],"inLanguage":"en-US"},{"@type":"Organization","@id":"https:\/\/www.librairieclavreuil.com\/#organization","name":"Libairie Clavreuil","url":"https:\/\/www.librairieclavreuil.com\/","logo":{"@type":"ImageObject","inLanguage":"en-US","@id":"https:\/\/www.librairieclavreuil.com\/#\/schema\/logo\/image\/","url":"https:\/\/www.librairieclavreuil.com\/wp-content\/uploads\/2021\/06\/cropped-LOGO_PNG_DATE-_gold-512x512-1.png","contentUrl":"https:\/\/www.librairieclavreuil.com\/wp-content\/uploads\/2021\/06\/cropped-LOGO_PNG_DATE-_gold-512x512-1.png","width":512,"height":512,"caption":"Libairie Clavreuil"},"image":{"@id":"https:\/\/www.librairieclavreuil.com\/#\/schema\/logo\/image\/"},"sameAs":["https:\/\/www.instagram.com\/librairieclavreuil\/"]}]}},"jetpack_sharing_enabled":true,"_links":{"self":[{"href":"https:\/\/www.librairieclavreuil.com\/en\/wp-json\/wp\/v2\/product\/79878","targetHints":{"allow":["GET"]}}],"collection":[{"href":"https:\/\/www.librairieclavreuil.com\/en\/wp-json\/wp\/v2\/product"}],"about":[{"href":"https:\/\/www.librairieclavreuil.com\/en\/wp-json\/wp\/v2\/types\/product"}],"replies":[{"embeddable":true,"href":"https:\/\/www.librairieclavreuil.com\/en\/wp-json\/wp\/v2\/comments?post=79878"}],"wp:featuredmedia":[{"embeddable":true,"href":"https:\/\/www.librairieclavreuil.com\/en\/wp-json\/wp\/v2\/media\/79871"}],"wp:attachment":[{"href":"https:\/\/www.librairieclavreuil.com\/en\/wp-json\/wp\/v2\/media?parent=79878"}],"wp:term":[{"taxonomy":"product_brand","embeddable":true,"href":"https:\/\/www.librairieclavreuil.com\/en\/wp-json\/wp\/v2\/product_brand?post=79878"},{"taxonomy":"product_cat","embeddable":true,"href":"https:\/\/www.librairieclavreuil.com\/en\/wp-json\/wp\/v2\/product_cat?post=79878"},{"taxonomy":"product_tag","embeddable":true,"href":"https:\/\/www.librairieclavreuil.com\/en\/wp-json\/wp\/v2\/product_tag?post=79878"}],"curies":[{"name":"wp","href":"https:\/\/api.w.org\/{rel}","templated":true}]}}