{"id":79858,"date":"2024-07-12T17:59:01","date_gmt":"2024-07-12T15:59:01","guid":{"rendered":"https:\/\/www.librairieclavreuil.com\/darwin-charles-lorigine-des-especes-au-moyen-de-la-selection-naturelle-ou-la-lutte-pour-lexistence-dans-la-nature-traduit-sur-ledition-anglaise-definitive-par-ed-barbier\/"},"modified":"2024-07-12T17:59:15","modified_gmt":"2024-07-12T15:59:15","slug":"darwin-charles-lorigine-des-especes-au-moyen-de-la-selection-naturelle-ou-la-lutte-pour-lexistence-dans-la-nature-traduit-sur-ledition-anglaise-definitive-par-ed-barbier","status":"publish","type":"product","link":"https:\/\/www.librairieclavreuil.com\/en\/darwin-charles-lorigine-des-especes-au-moyen-de-la-selection-naturelle-ou-la-lutte-pour-lexistence-dans-la-nature-traduit-sur-ledition-anglaise-definitive-par-ed-barbier\/","title":{"rendered":"DARWIN Charles L&#8217;Origine des esp\u00e8ces au moyen de..."},"content":{"rendered":"<p style=\"text-align:justify\"><i>Freeman, F-663.<\/i><\/p>\n<p style=\"text-align:justify\">New edition of the Barbier translation, published first in 1876.<\/p>\n<p style=\"text-align:justify\">Very good copy.<\/p>\n","protected":false},"excerpt":{"rendered":"<p style=\"text-align:justify\">8vo (227 x 143 mm) XXI, 604 pp., 20 pp. bookseller&#8217;s catalogue dated Octobre 1884. Original publisher&#8217;s green buckram signed &#8220;A. Lenegre Relieur&#8221;, covers decorated in blind, flat spine gilt.<\/p>\n","protected":false},"featured_media":79853,"comment_status":"open","ping_status":"closed","template":"","meta":{"_acf_changed":false},"product_brand":[],"product_cat":[550],"product_tag":[1346,1349],"class_list":{"0":"post-79858","1":"product","2":"type-product","3":"status-publish","4":"has-post-thumbnail","6":"product_cat-science","7":"product_tag-darwinism","8":"product_tag-general-zoology","9":"pa_auteur-darwin-charles-2","10":"pa_type-de-livre-printed-book","12":"first","13":"outofstock","14":"shipping-taxable","15":"purchasable","16":"product-type-simple"},"acf":{"artist":" Charles DARWIN","chapeau":"","adresse_bibliographique":"Paris, C. Reinwald et Cie., 1882","book_type":"Printed book","provenance":"","afficher_prix":""},"yoast_head":"<!-- This site is optimized with the Yoast SEO plugin v24.7 - https:\/\/yoast.com\/wordpress\/plugins\/seo\/ -->\n<title>DARWIN Charles L&#039;Origine des esp\u00e8ces au moyen de la s\u00e9lection naturelle ou La Lutte pour l&#039;existence dans la nature. Traduit sur l&#039;\u00e9dition anglaise d\u00e9finitive par Ed. Barbier. - Libairie Clavreuil<\/title>\n<meta name=\"robots\" content=\"index, follow, max-snippet:-1, max-image-preview:large, max-video-preview:-1\" \/>\n<link rel=\"canonical\" href=\"https:\/\/www.librairieclavreuil.com\/en\/darwin-charles-lorigine-des-especes-au-moyen-de-la-selection-naturelle-ou-la-lutte-pour-lexistence-dans-la-nature-traduit-sur-ledition-anglaise-definitive-par-ed-barbier\/\" \/>\n<meta property=\"og:locale\" content=\"en_US\" \/>\n<meta property=\"og:type\" content=\"article\" \/>\n<meta property=\"og:title\" content=\"DARWIN Charles L&#039;Origine des esp\u00e8ces au moyen de la s\u00e9lection naturelle ou La Lutte pour l&#039;existence dans la nature. Traduit sur l&#039;\u00e9dition anglaise d\u00e9finitive par Ed. Barbier. - Libairie Clavreuil\" \/>\n<meta property=\"og:description\" content=\"8vo (227 x 143 mm) XXI, 604 pp., 20 pp. bookseller&#039;s catalogue dated Octobre 1884. Original publisher&#039;s green buckram signed &quot;A. Lenegre Relieur&quot;, covers decorated in blind, flat spine gilt.\" \/>\n<meta property=\"og:url\" content=\"https:\/\/www.librairieclavreuil.com\/en\/darwin-charles-lorigine-des-especes-au-moyen-de-la-selection-naturelle-ou-la-lutte-pour-lexistence-dans-la-nature-traduit-sur-ledition-anglaise-definitive-par-ed-barbier\/\" \/>\n<meta property=\"og:site_name\" content=\"Libairie Clavreuil\" \/>\n<meta property=\"article:modified_time\" content=\"2024-07-12T15:59:15+00:00\" \/>\n<meta property=\"og:image\" content=\"https:\/\/www.librairieclavreuil.com\/wp-content\/uploads\/2024\/07\/charles-darwin-l-origine-des-especes-au-moyen-de-la-selection-naturelle-ou-la-lutte-pour-l-existence-dans-la-nature-traduit-sur-l-edition-an-6667154c072c5.jpg\" \/>\n\t<meta property=\"og:image:width\" content=\"632\" \/>\n\t<meta property=\"og:image:height\" content=\"800\" \/>\n\t<meta property=\"og:image:type\" content=\"image\/jpeg\" \/>\n<meta name=\"twitter:card\" content=\"summary_large_image\" \/>\n<script type=\"application\/ld+json\" class=\"yoast-schema-graph\">{\"@context\":\"https:\/\/schema.org\",\"@graph\":[{\"@type\":\"WebPage\",\"@id\":\"https:\/\/www.librairieclavreuil.com\/en\/darwin-charles-lorigine-des-especes-au-moyen-de-la-selection-naturelle-ou-la-lutte-pour-lexistence-dans-la-nature-traduit-sur-ledition-anglaise-definitive-par-ed-barbier\/\",\"url\":\"https:\/\/www.librairieclavreuil.com\/en\/darwin-charles-lorigine-des-especes-au-moyen-de-la-selection-naturelle-ou-la-lutte-pour-lexistence-dans-la-nature-traduit-sur-ledition-anglaise-definitive-par-ed-barbier\/\",\"name\":\"DARWIN Charles L'Origine des esp\u00e8ces au moyen de la s\u00e9lection naturelle ou La Lutte pour l'existence dans la nature. Traduit sur l'\u00e9dition anglaise d\u00e9finitive par Ed. Barbier. - Libairie Clavreuil\",\"isPartOf\":{\"@id\":\"https:\/\/www.librairieclavreuil.com\/#website\"},\"primaryImageOfPage\":{\"@id\":\"https:\/\/www.librairieclavreuil.com\/en\/darwin-charles-lorigine-des-especes-au-moyen-de-la-selection-naturelle-ou-la-lutte-pour-lexistence-dans-la-nature-traduit-sur-ledition-anglaise-definitive-par-ed-barbier\/#primaryimage\"},\"image\":{\"@id\":\"https:\/\/www.librairieclavreuil.com\/en\/darwin-charles-lorigine-des-especes-au-moyen-de-la-selection-naturelle-ou-la-lutte-pour-lexistence-dans-la-nature-traduit-sur-ledition-anglaise-definitive-par-ed-barbier\/#primaryimage\"},\"thumbnailUrl\":\"https:\/\/www.librairieclavreuil.com\/wp-content\/uploads\/2024\/07\/charles-darwin-l-origine-des-especes-au-moyen-de-la-selection-naturelle-ou-la-lutte-pour-l-existence-dans-la-nature-traduit-sur-l-edition-an-6667154c072c5.jpg\",\"datePublished\":\"2024-07-12T15:59:01+00:00\",\"dateModified\":\"2024-07-12T15:59:15+00:00\",\"breadcrumb\":{\"@id\":\"https:\/\/www.librairieclavreuil.com\/en\/darwin-charles-lorigine-des-especes-au-moyen-de-la-selection-naturelle-ou-la-lutte-pour-lexistence-dans-la-nature-traduit-sur-ledition-anglaise-definitive-par-ed-barbier\/#breadcrumb\"},\"inLanguage\":\"en-US\",\"potentialAction\":[{\"@type\":\"ReadAction\",\"target\":[\"https:\/\/www.librairieclavreuil.com\/en\/darwin-charles-lorigine-des-especes-au-moyen-de-la-selection-naturelle-ou-la-lutte-pour-lexistence-dans-la-nature-traduit-sur-ledition-anglaise-definitive-par-ed-barbier\/\"]}]},{\"@type\":\"ImageObject\",\"inLanguage\":\"en-US\",\"@id\":\"https:\/\/www.librairieclavreuil.com\/en\/darwin-charles-lorigine-des-especes-au-moyen-de-la-selection-naturelle-ou-la-lutte-pour-lexistence-dans-la-nature-traduit-sur-ledition-anglaise-definitive-par-ed-barbier\/#primaryimage\",\"url\":\"https:\/\/www.librairieclavreuil.com\/wp-content\/uploads\/2024\/07\/charles-darwin-l-origine-des-especes-au-moyen-de-la-selection-naturelle-ou-la-lutte-pour-l-existence-dans-la-nature-traduit-sur-l-edition-an-6667154c072c5.jpg\",\"contentUrl\":\"https:\/\/www.librairieclavreuil.com\/wp-content\/uploads\/2024\/07\/charles-darwin-l-origine-des-especes-au-moyen-de-la-selection-naturelle-ou-la-lutte-pour-l-existence-dans-la-nature-traduit-sur-l-edition-an-6667154c072c5.jpg\",\"width\":632,\"height\":800},{\"@type\":\"BreadcrumbList\",\"@id\":\"https:\/\/www.librairieclavreuil.com\/en\/darwin-charles-lorigine-des-especes-au-moyen-de-la-selection-naturelle-ou-la-lutte-pour-lexistence-dans-la-nature-traduit-sur-ledition-anglaise-definitive-par-ed-barbier\/#breadcrumb\",\"itemListElement\":[{\"@type\":\"ListItem\",\"position\":1,\"name\":\"Accueil\",\"item\":\"https:\/\/www.librairieclavreuil.com\/\"},{\"@type\":\"ListItem\",\"position\":2,\"name\":\"All our books\",\"item\":\"https:\/\/www.librairieclavreuil.com\/en\/all-our-books\/\"},{\"@type\":\"ListItem\",\"position\":3,\"name\":\"DARWIN Charles L&#8217;Origine des esp\u00e8ces au moyen de la s\u00e9lection naturelle ou La Lutte pour l&#8217;existence dans la nature. Traduit sur l&#8217;\u00e9dition anglaise d\u00e9finitive par Ed. Barbier.\"}]},{\"@type\":\"WebSite\",\"@id\":\"https:\/\/www.librairieclavreuil.com\/#website\",\"url\":\"https:\/\/www.librairieclavreuil.com\/\",\"name\":\"Libairie Clavreuil\",\"description\":\"Livres anciens, manuscrits rares et \u00e9ditions originales \u2013 Librairie Clavreuil\",\"publisher\":{\"@id\":\"https:\/\/www.librairieclavreuil.com\/#organization\"},\"potentialAction\":[{\"@type\":\"SearchAction\",\"target\":{\"@type\":\"EntryPoint\",\"urlTemplate\":\"https:\/\/www.librairieclavreuil.com\/?s={search_term_string}\"},\"query-input\":{\"@type\":\"PropertyValueSpecification\",\"valueRequired\":true,\"valueName\":\"search_term_string\"}}],\"inLanguage\":\"en-US\"},{\"@type\":\"Organization\",\"@id\":\"https:\/\/www.librairieclavreuil.com\/#organization\",\"name\":\"Libairie Clavreuil\",\"url\":\"https:\/\/www.librairieclavreuil.com\/\",\"logo\":{\"@type\":\"ImageObject\",\"inLanguage\":\"en-US\",\"@id\":\"https:\/\/www.librairieclavreuil.com\/#\/schema\/logo\/image\/\",\"url\":\"https:\/\/www.librairieclavreuil.com\/wp-content\/uploads\/2021\/06\/cropped-LOGO_PNG_DATE-_gold-512x512-1.png\",\"contentUrl\":\"https:\/\/www.librairieclavreuil.com\/wp-content\/uploads\/2021\/06\/cropped-LOGO_PNG_DATE-_gold-512x512-1.png\",\"width\":512,\"height\":512,\"caption\":\"Libairie Clavreuil\"},\"image\":{\"@id\":\"https:\/\/www.librairieclavreuil.com\/#\/schema\/logo\/image\/\"},\"sameAs\":[\"https:\/\/www.instagram.com\/librairieclavreuil\/\"]}]}<\/script>\n<!-- \/ Yoast SEO plugin. -->","yoast_head_json":{"title":"DARWIN Charles L'Origine des esp\u00e8ces au moyen de la s\u00e9lection naturelle ou La Lutte pour l'existence dans la nature. Traduit sur l'\u00e9dition anglaise d\u00e9finitive par Ed. Barbier. - Libairie Clavreuil","robots":{"index":"index","follow":"follow","max-snippet":"max-snippet:-1","max-image-preview":"max-image-preview:large","max-video-preview":"max-video-preview:-1"},"canonical":"https:\/\/www.librairieclavreuil.com\/en\/darwin-charles-lorigine-des-especes-au-moyen-de-la-selection-naturelle-ou-la-lutte-pour-lexistence-dans-la-nature-traduit-sur-ledition-anglaise-definitive-par-ed-barbier\/","og_locale":"en_US","og_type":"article","og_title":"DARWIN Charles L'Origine des esp\u00e8ces au moyen de la s\u00e9lection naturelle ou La Lutte pour l'existence dans la nature. Traduit sur l'\u00e9dition anglaise d\u00e9finitive par Ed. Barbier. - Libairie Clavreuil","og_description":"8vo (227 x 143 mm) XXI, 604 pp., 20 pp. bookseller's catalogue dated Octobre 1884. Original publisher's green buckram signed \"A. Lenegre Relieur\", covers decorated in blind, flat spine gilt.","og_url":"https:\/\/www.librairieclavreuil.com\/en\/darwin-charles-lorigine-des-especes-au-moyen-de-la-selection-naturelle-ou-la-lutte-pour-lexistence-dans-la-nature-traduit-sur-ledition-anglaise-definitive-par-ed-barbier\/","og_site_name":"Libairie Clavreuil","article_modified_time":"2024-07-12T15:59:15+00:00","og_image":[{"width":632,"height":800,"url":"https:\/\/www.librairieclavreuil.com\/wp-content\/uploads\/2024\/07\/charles-darwin-l-origine-des-especes-au-moyen-de-la-selection-naturelle-ou-la-lutte-pour-l-existence-dans-la-nature-traduit-sur-l-edition-an-6667154c072c5.jpg","type":"image\/jpeg"}],"twitter_card":"summary_large_image","schema":{"@context":"https:\/\/schema.org","@graph":[{"@type":"WebPage","@id":"https:\/\/www.librairieclavreuil.com\/en\/darwin-charles-lorigine-des-especes-au-moyen-de-la-selection-naturelle-ou-la-lutte-pour-lexistence-dans-la-nature-traduit-sur-ledition-anglaise-definitive-par-ed-barbier\/","url":"https:\/\/www.librairieclavreuil.com\/en\/darwin-charles-lorigine-des-especes-au-moyen-de-la-selection-naturelle-ou-la-lutte-pour-lexistence-dans-la-nature-traduit-sur-ledition-anglaise-definitive-par-ed-barbier\/","name":"DARWIN Charles L'Origine des esp\u00e8ces au moyen de la s\u00e9lection naturelle ou La Lutte pour l'existence dans la nature. Traduit sur l'\u00e9dition anglaise d\u00e9finitive par Ed. Barbier. - Libairie Clavreuil","isPartOf":{"@id":"https:\/\/www.librairieclavreuil.com\/#website"},"primaryImageOfPage":{"@id":"https:\/\/www.librairieclavreuil.com\/en\/darwin-charles-lorigine-des-especes-au-moyen-de-la-selection-naturelle-ou-la-lutte-pour-lexistence-dans-la-nature-traduit-sur-ledition-anglaise-definitive-par-ed-barbier\/#primaryimage"},"image":{"@id":"https:\/\/www.librairieclavreuil.com\/en\/darwin-charles-lorigine-des-especes-au-moyen-de-la-selection-naturelle-ou-la-lutte-pour-lexistence-dans-la-nature-traduit-sur-ledition-anglaise-definitive-par-ed-barbier\/#primaryimage"},"thumbnailUrl":"https:\/\/www.librairieclavreuil.com\/wp-content\/uploads\/2024\/07\/charles-darwin-l-origine-des-especes-au-moyen-de-la-selection-naturelle-ou-la-lutte-pour-l-existence-dans-la-nature-traduit-sur-l-edition-an-6667154c072c5.jpg","datePublished":"2024-07-12T15:59:01+00:00","dateModified":"2024-07-12T15:59:15+00:00","breadcrumb":{"@id":"https:\/\/www.librairieclavreuil.com\/en\/darwin-charles-lorigine-des-especes-au-moyen-de-la-selection-naturelle-ou-la-lutte-pour-lexistence-dans-la-nature-traduit-sur-ledition-anglaise-definitive-par-ed-barbier\/#breadcrumb"},"inLanguage":"en-US","potentialAction":[{"@type":"ReadAction","target":["https:\/\/www.librairieclavreuil.com\/en\/darwin-charles-lorigine-des-especes-au-moyen-de-la-selection-naturelle-ou-la-lutte-pour-lexistence-dans-la-nature-traduit-sur-ledition-anglaise-definitive-par-ed-barbier\/"]}]},{"@type":"ImageObject","inLanguage":"en-US","@id":"https:\/\/www.librairieclavreuil.com\/en\/darwin-charles-lorigine-des-especes-au-moyen-de-la-selection-naturelle-ou-la-lutte-pour-lexistence-dans-la-nature-traduit-sur-ledition-anglaise-definitive-par-ed-barbier\/#primaryimage","url":"https:\/\/www.librairieclavreuil.com\/wp-content\/uploads\/2024\/07\/charles-darwin-l-origine-des-especes-au-moyen-de-la-selection-naturelle-ou-la-lutte-pour-l-existence-dans-la-nature-traduit-sur-l-edition-an-6667154c072c5.jpg","contentUrl":"https:\/\/www.librairieclavreuil.com\/wp-content\/uploads\/2024\/07\/charles-darwin-l-origine-des-especes-au-moyen-de-la-selection-naturelle-ou-la-lutte-pour-l-existence-dans-la-nature-traduit-sur-l-edition-an-6667154c072c5.jpg","width":632,"height":800},{"@type":"BreadcrumbList","@id":"https:\/\/www.librairieclavreuil.com\/en\/darwin-charles-lorigine-des-especes-au-moyen-de-la-selection-naturelle-ou-la-lutte-pour-lexistence-dans-la-nature-traduit-sur-ledition-anglaise-definitive-par-ed-barbier\/#breadcrumb","itemListElement":[{"@type":"ListItem","position":1,"name":"Accueil","item":"https:\/\/www.librairieclavreuil.com\/"},{"@type":"ListItem","position":2,"name":"All our books","item":"https:\/\/www.librairieclavreuil.com\/en\/all-our-books\/"},{"@type":"ListItem","position":3,"name":"DARWIN Charles L&#8217;Origine des esp\u00e8ces au moyen de la s\u00e9lection naturelle ou La Lutte pour l&#8217;existence dans la nature. Traduit sur l&#8217;\u00e9dition anglaise d\u00e9finitive par Ed. Barbier."}]},{"@type":"WebSite","@id":"https:\/\/www.librairieclavreuil.com\/#website","url":"https:\/\/www.librairieclavreuil.com\/","name":"Libairie Clavreuil","description":"Livres anciens, manuscrits rares et \u00e9ditions originales \u2013 Librairie Clavreuil","publisher":{"@id":"https:\/\/www.librairieclavreuil.com\/#organization"},"potentialAction":[{"@type":"SearchAction","target":{"@type":"EntryPoint","urlTemplate":"https:\/\/www.librairieclavreuil.com\/?s={search_term_string}"},"query-input":{"@type":"PropertyValueSpecification","valueRequired":true,"valueName":"search_term_string"}}],"inLanguage":"en-US"},{"@type":"Organization","@id":"https:\/\/www.librairieclavreuil.com\/#organization","name":"Libairie Clavreuil","url":"https:\/\/www.librairieclavreuil.com\/","logo":{"@type":"ImageObject","inLanguage":"en-US","@id":"https:\/\/www.librairieclavreuil.com\/#\/schema\/logo\/image\/","url":"https:\/\/www.librairieclavreuil.com\/wp-content\/uploads\/2021\/06\/cropped-LOGO_PNG_DATE-_gold-512x512-1.png","contentUrl":"https:\/\/www.librairieclavreuil.com\/wp-content\/uploads\/2021\/06\/cropped-LOGO_PNG_DATE-_gold-512x512-1.png","width":512,"height":512,"caption":"Libairie Clavreuil"},"image":{"@id":"https:\/\/www.librairieclavreuil.com\/#\/schema\/logo\/image\/"},"sameAs":["https:\/\/www.instagram.com\/librairieclavreuil\/"]}]}},"jetpack_sharing_enabled":true,"_links":{"self":[{"href":"https:\/\/www.librairieclavreuil.com\/en\/wp-json\/wp\/v2\/product\/79858","targetHints":{"allow":["GET"]}}],"collection":[{"href":"https:\/\/www.librairieclavreuil.com\/en\/wp-json\/wp\/v2\/product"}],"about":[{"href":"https:\/\/www.librairieclavreuil.com\/en\/wp-json\/wp\/v2\/types\/product"}],"replies":[{"embeddable":true,"href":"https:\/\/www.librairieclavreuil.com\/en\/wp-json\/wp\/v2\/comments?post=79858"}],"wp:featuredmedia":[{"embeddable":true,"href":"https:\/\/www.librairieclavreuil.com\/en\/wp-json\/wp\/v2\/media\/79853"}],"wp:attachment":[{"href":"https:\/\/www.librairieclavreuil.com\/en\/wp-json\/wp\/v2\/media?parent=79858"}],"wp:term":[{"taxonomy":"product_brand","embeddable":true,"href":"https:\/\/www.librairieclavreuil.com\/en\/wp-json\/wp\/v2\/product_brand?post=79858"},{"taxonomy":"product_cat","embeddable":true,"href":"https:\/\/www.librairieclavreuil.com\/en\/wp-json\/wp\/v2\/product_cat?post=79858"},{"taxonomy":"product_tag","embeddable":true,"href":"https:\/\/www.librairieclavreuil.com\/en\/wp-json\/wp\/v2\/product_tag?post=79858"}],"curies":[{"name":"wp","href":"https:\/\/api.w.org\/{rel}","templated":true}]}}