{"id":79828,"date":"2024-07-12T17:11:01","date_gmt":"2024-07-12T15:11:01","guid":{"rendered":"https:\/\/www.librairieclavreuil.com\/gratianus-la-vie-du-cardinal-jean-francois-commendon-divisee-en-quatre-livre-traduite-en-francois-par-monsieur-flechier\/"},"modified":"2024-07-12T17:11:15","modified_gmt":"2024-07-12T15:11:15","slug":"gratianus-la-vie-du-cardinal-jean-francois-commendon-divisee-en-quatre-livre-traduite-en-francois-par-monsieur-flechier","status":"publish","type":"product","link":"https:\/\/www.librairieclavreuil.com\/en\/gratianus-la-vie-du-cardinal-jean-francois-commendon-divisee-en-quatre-livre-traduite-en-francois-par-monsieur-flechier\/","title":{"rendered":"GRATIANUS La Vie du cardinal Jean Fran\u00e7ois Commendon..."},"content":{"rendered":"<p style=\"text-align:justify\"><i>Cioranescu, 30328. &nbsp;<\/i><\/p>\n<p style=\"text-align:justify\"><span style=\"font-variant:small-caps\">First edition of the translation by Valentin Esprit Fl\u00e9chier (1632-1710). &nbsp;A very fine copy bearing the arms of the Count of Hoym.<\/span><\/p>\n<p style=\"text-align:justify\">Fl\u00e9chier entered the congregation at the age of fifteen and went to Paris, where he successively became a tutor at Caumartin&#8217;s, a guest of the Montausiers, a tutor to the Dauphin, in the company of Bossuet and D. Huet, and chaplain to the Dauphin, Marie-Anne of Bavaria. Highly esteemed by his contemporaries, Abb\u00e9 Fl\u00e9chier was elected to the Acad\u00e9mie Fran\u00e7aise: \u2018In 1672, the Acad\u00e9mie Fran\u00e7aise welcomed him, at the age of forty, as the successor to another familiar figure at the H\u00f4tel de Rambouillet, le Nain de Julie, Godea, bishop of Vence, and it was for his reception that it inaugurated its public sessions. It was so successful that Racine, who was introduced on the same day in January 1673, read his speech almost in a whisper and refused to publish it\u2019 (Grente).<\/p>\n<p style=\"text-align:justify\">Giovanni Francesco Commendon (1524-1584), Italian cardinal, who carried out diplomatic missions successively under Popes Julius III, Pius IV and Pius V. During his missions, he stayed in England with Queen Mary I, and travelled through Austria, Germany and Poland.<\/p>\n<p style=\"text-align:justify\">Very nice copy.<\/p>\n","protected":false},"excerpt":{"rendered":"<p>4to (245 x 174 mm) 14 nn.ll., engraved portrait by Campion, 524 pp. 12 nn.l. (index). Contemporary polished calf, triple gilt filet, central coat-of-arms of Count of Hoym (OHR, 672), spine gilt with raised bands, gilt edges.<\/p>\n","protected":false},"featured_media":79821,"comment_status":"open","ping_status":"closed","template":"","meta":{"_acf_changed":false},"product_brand":[],"product_cat":[544],"product_tag":[1267,1265,1450],"class_list":{"0":"post-79828","1":"product","2":"type-product","3":"status-publish","4":"has-post-thumbnail","6":"product_cat-literature","7":"product_tag-binding","8":"product_tag-christianity","9":"product_tag-first-edition","10":"pa_auteur-gratianus-2","11":"pa_type-de-livre-printed-book","13":"first","14":"outofstock","15":"shipping-taxable","16":"purchasable","17":"product-type-simple"},"acf":{"artist":" GRATIANUS","chapeau":"The Count of Hoym's copy","adresse_bibliographique":"Paris, S\u00e9bastien Mabre-Cramoisy, 1671","book_type":"Printed book","provenance":"","afficher_prix":""},"yoast_head":"<!-- This site is optimized with the Yoast SEO plugin v24.7 - https:\/\/yoast.com\/wordpress\/plugins\/seo\/ -->\n<title>GRATIANUS  La Vie du cardinal Jean Fran\u00e7ois Commendon divis\u00e9e en quatre livre. Traduite en fran\u00e7ois par monsieur Fl\u00e9chier. - Libairie Clavreuil<\/title>\n<meta name=\"robots\" content=\"index, follow, max-snippet:-1, max-image-preview:large, max-video-preview:-1\" \/>\n<link rel=\"canonical\" href=\"https:\/\/www.librairieclavreuil.com\/en\/gratianus-la-vie-du-cardinal-jean-francois-commendon-divisee-en-quatre-livre-traduite-en-francois-par-monsieur-flechier\/\" \/>\n<meta property=\"og:locale\" content=\"en_US\" \/>\n<meta property=\"og:type\" content=\"article\" \/>\n<meta property=\"og:title\" content=\"GRATIANUS  La Vie du cardinal Jean Fran\u00e7ois Commendon divis\u00e9e en quatre livre. Traduite en fran\u00e7ois par monsieur Fl\u00e9chier. - Libairie Clavreuil\" \/>\n<meta property=\"og:description\" content=\"4to (245 x 174 mm) 14 nn.ll., engraved portrait by Campion, 524 pp. 12 nn.l. (index). Contemporary polished calf, triple gilt filet, central coat-of-arms of Count of Hoym (OHR, 672), spine gilt with raised bands, gilt edges.\" \/>\n<meta property=\"og:url\" content=\"https:\/\/www.librairieclavreuil.com\/en\/gratianus-la-vie-du-cardinal-jean-francois-commendon-divisee-en-quatre-livre-traduite-en-francois-par-monsieur-flechier\/\" \/>\n<meta property=\"og:site_name\" content=\"Libairie Clavreuil\" \/>\n<meta property=\"article:modified_time\" content=\"2024-07-12T15:11:15+00:00\" \/>\n<meta property=\"og:image\" content=\"https:\/\/www.librairieclavreuil.com\/wp-content\/uploads\/2024\/07\/gratianus-la-vie-du-cardinal-jean-francois-commendon-divisee-en-quatre-livre-traduite-en-francois-par-monsieur-flechier-9359-665f48910c961.jpg\" \/>\n\t<meta property=\"og:image:width\" content=\"624\" \/>\n\t<meta property=\"og:image:height\" content=\"800\" \/>\n\t<meta property=\"og:image:type\" content=\"image\/jpeg\" \/>\n<meta name=\"twitter:card\" content=\"summary_large_image\" \/>\n<meta name=\"twitter:label1\" content=\"Est. reading time\" \/>\n\t<meta name=\"twitter:data1\" content=\"1 minute\" \/>\n<script type=\"application\/ld+json\" class=\"yoast-schema-graph\">{\"@context\":\"https:\/\/schema.org\",\"@graph\":[{\"@type\":\"WebPage\",\"@id\":\"https:\/\/www.librairieclavreuil.com\/en\/gratianus-la-vie-du-cardinal-jean-francois-commendon-divisee-en-quatre-livre-traduite-en-francois-par-monsieur-flechier\/\",\"url\":\"https:\/\/www.librairieclavreuil.com\/en\/gratianus-la-vie-du-cardinal-jean-francois-commendon-divisee-en-quatre-livre-traduite-en-francois-par-monsieur-flechier\/\",\"name\":\"GRATIANUS La Vie du cardinal Jean Fran\u00e7ois Commendon divis\u00e9e en quatre livre. Traduite en fran\u00e7ois par monsieur Fl\u00e9chier. - Libairie Clavreuil\",\"isPartOf\":{\"@id\":\"https:\/\/www.librairieclavreuil.com\/#website\"},\"primaryImageOfPage\":{\"@id\":\"https:\/\/www.librairieclavreuil.com\/en\/gratianus-la-vie-du-cardinal-jean-francois-commendon-divisee-en-quatre-livre-traduite-en-francois-par-monsieur-flechier\/#primaryimage\"},\"image\":{\"@id\":\"https:\/\/www.librairieclavreuil.com\/en\/gratianus-la-vie-du-cardinal-jean-francois-commendon-divisee-en-quatre-livre-traduite-en-francois-par-monsieur-flechier\/#primaryimage\"},\"thumbnailUrl\":\"https:\/\/www.librairieclavreuil.com\/wp-content\/uploads\/2024\/07\/gratianus-la-vie-du-cardinal-jean-francois-commendon-divisee-en-quatre-livre-traduite-en-francois-par-monsieur-flechier-9359-665f48910c961.jpg\",\"datePublished\":\"2024-07-12T15:11:01+00:00\",\"dateModified\":\"2024-07-12T15:11:15+00:00\",\"breadcrumb\":{\"@id\":\"https:\/\/www.librairieclavreuil.com\/en\/gratianus-la-vie-du-cardinal-jean-francois-commendon-divisee-en-quatre-livre-traduite-en-francois-par-monsieur-flechier\/#breadcrumb\"},\"inLanguage\":\"en-US\",\"potentialAction\":[{\"@type\":\"ReadAction\",\"target\":[\"https:\/\/www.librairieclavreuil.com\/en\/gratianus-la-vie-du-cardinal-jean-francois-commendon-divisee-en-quatre-livre-traduite-en-francois-par-monsieur-flechier\/\"]}]},{\"@type\":\"ImageObject\",\"inLanguage\":\"en-US\",\"@id\":\"https:\/\/www.librairieclavreuil.com\/en\/gratianus-la-vie-du-cardinal-jean-francois-commendon-divisee-en-quatre-livre-traduite-en-francois-par-monsieur-flechier\/#primaryimage\",\"url\":\"https:\/\/www.librairieclavreuil.com\/wp-content\/uploads\/2024\/07\/gratianus-la-vie-du-cardinal-jean-francois-commendon-divisee-en-quatre-livre-traduite-en-francois-par-monsieur-flechier-9359-665f48910c961.jpg\",\"contentUrl\":\"https:\/\/www.librairieclavreuil.com\/wp-content\/uploads\/2024\/07\/gratianus-la-vie-du-cardinal-jean-francois-commendon-divisee-en-quatre-livre-traduite-en-francois-par-monsieur-flechier-9359-665f48910c961.jpg\",\"width\":624,\"height\":800},{\"@type\":\"BreadcrumbList\",\"@id\":\"https:\/\/www.librairieclavreuil.com\/en\/gratianus-la-vie-du-cardinal-jean-francois-commendon-divisee-en-quatre-livre-traduite-en-francois-par-monsieur-flechier\/#breadcrumb\",\"itemListElement\":[{\"@type\":\"ListItem\",\"position\":1,\"name\":\"Accueil\",\"item\":\"https:\/\/www.librairieclavreuil.com\/\"},{\"@type\":\"ListItem\",\"position\":2,\"name\":\"All our books\",\"item\":\"https:\/\/www.librairieclavreuil.com\/en\/all-our-books\/\"},{\"@type\":\"ListItem\",\"position\":3,\"name\":\"GRATIANUS La Vie du cardinal Jean Fran\u00e7ois Commendon divis\u00e9e en quatre livre. Traduite en fran\u00e7ois par monsieur Fl\u00e9chier.\"}]},{\"@type\":\"WebSite\",\"@id\":\"https:\/\/www.librairieclavreuil.com\/#website\",\"url\":\"https:\/\/www.librairieclavreuil.com\/\",\"name\":\"Libairie Clavreuil\",\"description\":\"Livres anciens, manuscrits rares et \u00e9ditions originales \u2013 Librairie Clavreuil\",\"publisher\":{\"@id\":\"https:\/\/www.librairieclavreuil.com\/#organization\"},\"potentialAction\":[{\"@type\":\"SearchAction\",\"target\":{\"@type\":\"EntryPoint\",\"urlTemplate\":\"https:\/\/www.librairieclavreuil.com\/?s={search_term_string}\"},\"query-input\":{\"@type\":\"PropertyValueSpecification\",\"valueRequired\":true,\"valueName\":\"search_term_string\"}}],\"inLanguage\":\"en-US\"},{\"@type\":\"Organization\",\"@id\":\"https:\/\/www.librairieclavreuil.com\/#organization\",\"name\":\"Libairie Clavreuil\",\"url\":\"https:\/\/www.librairieclavreuil.com\/\",\"logo\":{\"@type\":\"ImageObject\",\"inLanguage\":\"en-US\",\"@id\":\"https:\/\/www.librairieclavreuil.com\/#\/schema\/logo\/image\/\",\"url\":\"https:\/\/www.librairieclavreuil.com\/wp-content\/uploads\/2021\/06\/cropped-LOGO_PNG_DATE-_gold-512x512-1.png\",\"contentUrl\":\"https:\/\/www.librairieclavreuil.com\/wp-content\/uploads\/2021\/06\/cropped-LOGO_PNG_DATE-_gold-512x512-1.png\",\"width\":512,\"height\":512,\"caption\":\"Libairie Clavreuil\"},\"image\":{\"@id\":\"https:\/\/www.librairieclavreuil.com\/#\/schema\/logo\/image\/\"},\"sameAs\":[\"https:\/\/www.instagram.com\/librairieclavreuil\/\"]}]}<\/script>\n<!-- \/ Yoast SEO plugin. -->","yoast_head_json":{"title":"GRATIANUS  La Vie du cardinal Jean Fran\u00e7ois Commendon divis\u00e9e en quatre livre. Traduite en fran\u00e7ois par monsieur Fl\u00e9chier. - Libairie Clavreuil","robots":{"index":"index","follow":"follow","max-snippet":"max-snippet:-1","max-image-preview":"max-image-preview:large","max-video-preview":"max-video-preview:-1"},"canonical":"https:\/\/www.librairieclavreuil.com\/en\/gratianus-la-vie-du-cardinal-jean-francois-commendon-divisee-en-quatre-livre-traduite-en-francois-par-monsieur-flechier\/","og_locale":"en_US","og_type":"article","og_title":"GRATIANUS  La Vie du cardinal Jean Fran\u00e7ois Commendon divis\u00e9e en quatre livre. Traduite en fran\u00e7ois par monsieur Fl\u00e9chier. - Libairie Clavreuil","og_description":"4to (245 x 174 mm) 14 nn.ll., engraved portrait by Campion, 524 pp. 12 nn.l. (index). Contemporary polished calf, triple gilt filet, central coat-of-arms of Count of Hoym (OHR, 672), spine gilt with raised bands, gilt edges.","og_url":"https:\/\/www.librairieclavreuil.com\/en\/gratianus-la-vie-du-cardinal-jean-francois-commendon-divisee-en-quatre-livre-traduite-en-francois-par-monsieur-flechier\/","og_site_name":"Libairie Clavreuil","article_modified_time":"2024-07-12T15:11:15+00:00","og_image":[{"width":624,"height":800,"url":"https:\/\/www.librairieclavreuil.com\/wp-content\/uploads\/2024\/07\/gratianus-la-vie-du-cardinal-jean-francois-commendon-divisee-en-quatre-livre-traduite-en-francois-par-monsieur-flechier-9359-665f48910c961.jpg","type":"image\/jpeg"}],"twitter_card":"summary_large_image","twitter_misc":{"Est. reading time":"1 minute"},"schema":{"@context":"https:\/\/schema.org","@graph":[{"@type":"WebPage","@id":"https:\/\/www.librairieclavreuil.com\/en\/gratianus-la-vie-du-cardinal-jean-francois-commendon-divisee-en-quatre-livre-traduite-en-francois-par-monsieur-flechier\/","url":"https:\/\/www.librairieclavreuil.com\/en\/gratianus-la-vie-du-cardinal-jean-francois-commendon-divisee-en-quatre-livre-traduite-en-francois-par-monsieur-flechier\/","name":"GRATIANUS La Vie du cardinal Jean Fran\u00e7ois Commendon divis\u00e9e en quatre livre. Traduite en fran\u00e7ois par monsieur Fl\u00e9chier. - Libairie Clavreuil","isPartOf":{"@id":"https:\/\/www.librairieclavreuil.com\/#website"},"primaryImageOfPage":{"@id":"https:\/\/www.librairieclavreuil.com\/en\/gratianus-la-vie-du-cardinal-jean-francois-commendon-divisee-en-quatre-livre-traduite-en-francois-par-monsieur-flechier\/#primaryimage"},"image":{"@id":"https:\/\/www.librairieclavreuil.com\/en\/gratianus-la-vie-du-cardinal-jean-francois-commendon-divisee-en-quatre-livre-traduite-en-francois-par-monsieur-flechier\/#primaryimage"},"thumbnailUrl":"https:\/\/www.librairieclavreuil.com\/wp-content\/uploads\/2024\/07\/gratianus-la-vie-du-cardinal-jean-francois-commendon-divisee-en-quatre-livre-traduite-en-francois-par-monsieur-flechier-9359-665f48910c961.jpg","datePublished":"2024-07-12T15:11:01+00:00","dateModified":"2024-07-12T15:11:15+00:00","breadcrumb":{"@id":"https:\/\/www.librairieclavreuil.com\/en\/gratianus-la-vie-du-cardinal-jean-francois-commendon-divisee-en-quatre-livre-traduite-en-francois-par-monsieur-flechier\/#breadcrumb"},"inLanguage":"en-US","potentialAction":[{"@type":"ReadAction","target":["https:\/\/www.librairieclavreuil.com\/en\/gratianus-la-vie-du-cardinal-jean-francois-commendon-divisee-en-quatre-livre-traduite-en-francois-par-monsieur-flechier\/"]}]},{"@type":"ImageObject","inLanguage":"en-US","@id":"https:\/\/www.librairieclavreuil.com\/en\/gratianus-la-vie-du-cardinal-jean-francois-commendon-divisee-en-quatre-livre-traduite-en-francois-par-monsieur-flechier\/#primaryimage","url":"https:\/\/www.librairieclavreuil.com\/wp-content\/uploads\/2024\/07\/gratianus-la-vie-du-cardinal-jean-francois-commendon-divisee-en-quatre-livre-traduite-en-francois-par-monsieur-flechier-9359-665f48910c961.jpg","contentUrl":"https:\/\/www.librairieclavreuil.com\/wp-content\/uploads\/2024\/07\/gratianus-la-vie-du-cardinal-jean-francois-commendon-divisee-en-quatre-livre-traduite-en-francois-par-monsieur-flechier-9359-665f48910c961.jpg","width":624,"height":800},{"@type":"BreadcrumbList","@id":"https:\/\/www.librairieclavreuil.com\/en\/gratianus-la-vie-du-cardinal-jean-francois-commendon-divisee-en-quatre-livre-traduite-en-francois-par-monsieur-flechier\/#breadcrumb","itemListElement":[{"@type":"ListItem","position":1,"name":"Accueil","item":"https:\/\/www.librairieclavreuil.com\/"},{"@type":"ListItem","position":2,"name":"All our books","item":"https:\/\/www.librairieclavreuil.com\/en\/all-our-books\/"},{"@type":"ListItem","position":3,"name":"GRATIANUS La Vie du cardinal Jean Fran\u00e7ois Commendon divis\u00e9e en quatre livre. Traduite en fran\u00e7ois par monsieur Fl\u00e9chier."}]},{"@type":"WebSite","@id":"https:\/\/www.librairieclavreuil.com\/#website","url":"https:\/\/www.librairieclavreuil.com\/","name":"Libairie Clavreuil","description":"Livres anciens, manuscrits rares et \u00e9ditions originales \u2013 Librairie Clavreuil","publisher":{"@id":"https:\/\/www.librairieclavreuil.com\/#organization"},"potentialAction":[{"@type":"SearchAction","target":{"@type":"EntryPoint","urlTemplate":"https:\/\/www.librairieclavreuil.com\/?s={search_term_string}"},"query-input":{"@type":"PropertyValueSpecification","valueRequired":true,"valueName":"search_term_string"}}],"inLanguage":"en-US"},{"@type":"Organization","@id":"https:\/\/www.librairieclavreuil.com\/#organization","name":"Libairie Clavreuil","url":"https:\/\/www.librairieclavreuil.com\/","logo":{"@type":"ImageObject","inLanguage":"en-US","@id":"https:\/\/www.librairieclavreuil.com\/#\/schema\/logo\/image\/","url":"https:\/\/www.librairieclavreuil.com\/wp-content\/uploads\/2021\/06\/cropped-LOGO_PNG_DATE-_gold-512x512-1.png","contentUrl":"https:\/\/www.librairieclavreuil.com\/wp-content\/uploads\/2021\/06\/cropped-LOGO_PNG_DATE-_gold-512x512-1.png","width":512,"height":512,"caption":"Libairie Clavreuil"},"image":{"@id":"https:\/\/www.librairieclavreuil.com\/#\/schema\/logo\/image\/"},"sameAs":["https:\/\/www.instagram.com\/librairieclavreuil\/"]}]}},"jetpack_sharing_enabled":true,"_links":{"self":[{"href":"https:\/\/www.librairieclavreuil.com\/en\/wp-json\/wp\/v2\/product\/79828","targetHints":{"allow":["GET"]}}],"collection":[{"href":"https:\/\/www.librairieclavreuil.com\/en\/wp-json\/wp\/v2\/product"}],"about":[{"href":"https:\/\/www.librairieclavreuil.com\/en\/wp-json\/wp\/v2\/types\/product"}],"replies":[{"embeddable":true,"href":"https:\/\/www.librairieclavreuil.com\/en\/wp-json\/wp\/v2\/comments?post=79828"}],"wp:featuredmedia":[{"embeddable":true,"href":"https:\/\/www.librairieclavreuil.com\/en\/wp-json\/wp\/v2\/media\/79821"}],"wp:attachment":[{"href":"https:\/\/www.librairieclavreuil.com\/en\/wp-json\/wp\/v2\/media?parent=79828"}],"wp:term":[{"taxonomy":"product_brand","embeddable":true,"href":"https:\/\/www.librairieclavreuil.com\/en\/wp-json\/wp\/v2\/product_brand?post=79828"},{"taxonomy":"product_cat","embeddable":true,"href":"https:\/\/www.librairieclavreuil.com\/en\/wp-json\/wp\/v2\/product_cat?post=79828"},{"taxonomy":"product_tag","embeddable":true,"href":"https:\/\/www.librairieclavreuil.com\/en\/wp-json\/wp\/v2\/product_tag?post=79828"}],"curies":[{"name":"wp","href":"https:\/\/api.w.org\/{rel}","templated":true}]}}