{"id":79792,"date":"2024-07-11T17:31:35","date_gmt":"2024-07-11T15:31:35","guid":{"rendered":"https:\/\/www.librairieclavreuil.com\/marey-etienne-jules-le-mecanisme-du-vol-des-oiseaux-etudie-par-la-photochronographie\/"},"modified":"2024-07-11T17:31:48","modified_gmt":"2024-07-11T15:31:48","slug":"marey-etienne-jules-le-mecanisme-du-vol-des-oiseaux-etudie-par-la-photochronographie","status":"publish","type":"product","link":"https:\/\/www.librairieclavreuil.com\/en\/marey-etienne-jules-le-mecanisme-du-vol-des-oiseaux-etudie-par-la-photochronographie\/","title":{"rendered":"MAREY Etienne-Jules Le M\u00e9canisme du vol des oiseaux..."},"content":{"rendered":"<p style=\"text-align:justify\"><span style=\"font-variant:small-caps\">First edition.<\/span><\/p>\n<p style=\"text-align:justify\">Rare offprint (Comptes rendus des s\u00e9ances de l&#8217;Acad\u00e9mie des Sciences, tome CIV) containing the two presentations Marey made to the Acad\u00e9mie des Sciences on his research into the mechanism of bird flight. His research was based mainly on the use of his new method, Photochronography, which made it possible to superimpose several views taken of a seagull in flight. Marey determined that 25 images per second would be needed to successfully study the mechanism of flight.<\/p>\n<p style=\"text-align:justify\">The 9 illustrations in the text confirm his discoveries.<\/p>\n<p style=\"text-align:justify\">Lower cover missing, otherwise a very good copy.<\/p>\n","protected":false},"excerpt":{"rendered":"<p style=\"text-align:justify\">4to (282 x 225 mm) 16 pp., 9 text illustrations. Blue wrappers.&nbsp;<\/p>\n","protected":false},"featured_media":79787,"comment_status":"open","ping_status":"closed","template":"","meta":{"_acf_changed":false},"product_brand":[],"product_cat":[15],"product_tag":[1342,1205,1274,1315],"class_list":{"0":"post-79792","1":"product","2":"type-product","3":"status-publish","4":"has-post-thumbnail","6":"product_cat-uncategorized","7":"product_tag-ornithology","8":"product_tag-photography","9":"product_tag-physiology","10":"product_tag-science","11":"pa_auteur-marey-etienne-jules-2","12":"pa_type-de-livre-printed-book","14":"first","15":"instock","16":"shipping-taxable","17":"purchasable","18":"product-type-simple"},"acf":{"artist":" Etienne-Jules MAREY","chapeau":"","adresse_bibliographique":"Paris, Acad\u00e9mie des Sciences, 1887","book_type":"Printed book","provenance":"","afficher_prix":""},"yoast_head":"<!-- This site is optimized with the Yoast SEO plugin v24.7 - https:\/\/yoast.com\/wordpress\/plugins\/seo\/ -->\n<title>MAREY Etienne-Jules Le M\u00e9canisme du vol des oiseaux \u00e9tudie par la Photochronographie. - Libairie Clavreuil<\/title>\n<meta name=\"robots\" content=\"index, follow, max-snippet:-1, max-image-preview:large, max-video-preview:-1\" \/>\n<link rel=\"canonical\" href=\"https:\/\/www.librairieclavreuil.com\/en\/marey-etienne-jules-le-mecanisme-du-vol-des-oiseaux-etudie-par-la-photochronographie\/\" \/>\n<meta property=\"og:locale\" content=\"en_US\" \/>\n<meta property=\"og:type\" content=\"article\" \/>\n<meta property=\"og:title\" content=\"MAREY Etienne-Jules Le M\u00e9canisme du vol des oiseaux \u00e9tudie par la Photochronographie. - Libairie Clavreuil\" \/>\n<meta property=\"og:description\" content=\"4to (282 x 225 mm) 16 pp., 9 text illustrations. Blue wrappers.&nbsp;\" \/>\n<meta property=\"og:url\" content=\"https:\/\/www.librairieclavreuil.com\/en\/marey-etienne-jules-le-mecanisme-du-vol-des-oiseaux-etudie-par-la-photochronographie\/\" \/>\n<meta property=\"og:site_name\" content=\"Libairie Clavreuil\" \/>\n<meta property=\"article:modified_time\" content=\"2024-07-11T15:31:48+00:00\" \/>\n<meta property=\"og:image\" content=\"https:\/\/www.librairieclavreuil.com\/wp-content\/uploads\/2024\/07\/etienne-jules-marey-le-mecanisme-du-vol-des-oiseaux-etudie-par-la-photochronographie-5687-65ba88e4c80d8.jpg\" \/>\n\t<meta property=\"og:image:width\" content=\"628\" \/>\n\t<meta property=\"og:image:height\" content=\"800\" \/>\n\t<meta property=\"og:image:type\" content=\"image\/jpeg\" \/>\n<meta name=\"twitter:card\" content=\"summary_large_image\" \/>\n<script type=\"application\/ld+json\" class=\"yoast-schema-graph\">{\"@context\":\"https:\/\/schema.org\",\"@graph\":[{\"@type\":\"WebPage\",\"@id\":\"https:\/\/www.librairieclavreuil.com\/en\/marey-etienne-jules-le-mecanisme-du-vol-des-oiseaux-etudie-par-la-photochronographie\/\",\"url\":\"https:\/\/www.librairieclavreuil.com\/en\/marey-etienne-jules-le-mecanisme-du-vol-des-oiseaux-etudie-par-la-photochronographie\/\",\"name\":\"MAREY Etienne-Jules Le M\u00e9canisme du vol des oiseaux \u00e9tudie par la Photochronographie. - Libairie Clavreuil\",\"isPartOf\":{\"@id\":\"https:\/\/www.librairieclavreuil.com\/#website\"},\"primaryImageOfPage\":{\"@id\":\"https:\/\/www.librairieclavreuil.com\/en\/marey-etienne-jules-le-mecanisme-du-vol-des-oiseaux-etudie-par-la-photochronographie\/#primaryimage\"},\"image\":{\"@id\":\"https:\/\/www.librairieclavreuil.com\/en\/marey-etienne-jules-le-mecanisme-du-vol-des-oiseaux-etudie-par-la-photochronographie\/#primaryimage\"},\"thumbnailUrl\":\"https:\/\/www.librairieclavreuil.com\/wp-content\/uploads\/2024\/07\/etienne-jules-marey-le-mecanisme-du-vol-des-oiseaux-etudie-par-la-photochronographie-5687-65ba88e4c80d8.jpg\",\"datePublished\":\"2024-07-11T15:31:35+00:00\",\"dateModified\":\"2024-07-11T15:31:48+00:00\",\"breadcrumb\":{\"@id\":\"https:\/\/www.librairieclavreuil.com\/en\/marey-etienne-jules-le-mecanisme-du-vol-des-oiseaux-etudie-par-la-photochronographie\/#breadcrumb\"},\"inLanguage\":\"en-US\",\"potentialAction\":[{\"@type\":\"ReadAction\",\"target\":[\"https:\/\/www.librairieclavreuil.com\/en\/marey-etienne-jules-le-mecanisme-du-vol-des-oiseaux-etudie-par-la-photochronographie\/\"]}]},{\"@type\":\"ImageObject\",\"inLanguage\":\"en-US\",\"@id\":\"https:\/\/www.librairieclavreuil.com\/en\/marey-etienne-jules-le-mecanisme-du-vol-des-oiseaux-etudie-par-la-photochronographie\/#primaryimage\",\"url\":\"https:\/\/www.librairieclavreuil.com\/wp-content\/uploads\/2024\/07\/etienne-jules-marey-le-mecanisme-du-vol-des-oiseaux-etudie-par-la-photochronographie-5687-65ba88e4c80d8.jpg\",\"contentUrl\":\"https:\/\/www.librairieclavreuil.com\/wp-content\/uploads\/2024\/07\/etienne-jules-marey-le-mecanisme-du-vol-des-oiseaux-etudie-par-la-photochronographie-5687-65ba88e4c80d8.jpg\",\"width\":628,\"height\":800},{\"@type\":\"BreadcrumbList\",\"@id\":\"https:\/\/www.librairieclavreuil.com\/en\/marey-etienne-jules-le-mecanisme-du-vol-des-oiseaux-etudie-par-la-photochronographie\/#breadcrumb\",\"itemListElement\":[{\"@type\":\"ListItem\",\"position\":1,\"name\":\"Accueil\",\"item\":\"https:\/\/www.librairieclavreuil.com\/\"},{\"@type\":\"ListItem\",\"position\":2,\"name\":\"All our books\",\"item\":\"https:\/\/www.librairieclavreuil.com\/en\/all-our-books\/\"},{\"@type\":\"ListItem\",\"position\":3,\"name\":\"MAREY Etienne-Jules Le M\u00e9canisme du vol des oiseaux \u00e9tudie par la Photochronographie.\"}]},{\"@type\":\"WebSite\",\"@id\":\"https:\/\/www.librairieclavreuil.com\/#website\",\"url\":\"https:\/\/www.librairieclavreuil.com\/\",\"name\":\"Libairie Clavreuil\",\"description\":\"Livres anciens, manuscrits rares et \u00e9ditions originales \u2013 Librairie Clavreuil\",\"publisher\":{\"@id\":\"https:\/\/www.librairieclavreuil.com\/#organization\"},\"potentialAction\":[{\"@type\":\"SearchAction\",\"target\":{\"@type\":\"EntryPoint\",\"urlTemplate\":\"https:\/\/www.librairieclavreuil.com\/?s={search_term_string}\"},\"query-input\":{\"@type\":\"PropertyValueSpecification\",\"valueRequired\":true,\"valueName\":\"search_term_string\"}}],\"inLanguage\":\"en-US\"},{\"@type\":\"Organization\",\"@id\":\"https:\/\/www.librairieclavreuil.com\/#organization\",\"name\":\"Libairie Clavreuil\",\"url\":\"https:\/\/www.librairieclavreuil.com\/\",\"logo\":{\"@type\":\"ImageObject\",\"inLanguage\":\"en-US\",\"@id\":\"https:\/\/www.librairieclavreuil.com\/#\/schema\/logo\/image\/\",\"url\":\"https:\/\/www.librairieclavreuil.com\/wp-content\/uploads\/2021\/06\/cropped-LOGO_PNG_DATE-_gold-512x512-1.png\",\"contentUrl\":\"https:\/\/www.librairieclavreuil.com\/wp-content\/uploads\/2021\/06\/cropped-LOGO_PNG_DATE-_gold-512x512-1.png\",\"width\":512,\"height\":512,\"caption\":\"Libairie Clavreuil\"},\"image\":{\"@id\":\"https:\/\/www.librairieclavreuil.com\/#\/schema\/logo\/image\/\"},\"sameAs\":[\"https:\/\/www.instagram.com\/librairieclavreuil\/\"]}]}<\/script>\n<!-- \/ Yoast SEO plugin. -->","yoast_head_json":{"title":"MAREY Etienne-Jules Le M\u00e9canisme du vol des oiseaux \u00e9tudie par la Photochronographie. - Libairie Clavreuil","robots":{"index":"index","follow":"follow","max-snippet":"max-snippet:-1","max-image-preview":"max-image-preview:large","max-video-preview":"max-video-preview:-1"},"canonical":"https:\/\/www.librairieclavreuil.com\/en\/marey-etienne-jules-le-mecanisme-du-vol-des-oiseaux-etudie-par-la-photochronographie\/","og_locale":"en_US","og_type":"article","og_title":"MAREY Etienne-Jules Le M\u00e9canisme du vol des oiseaux \u00e9tudie par la Photochronographie. - Libairie Clavreuil","og_description":"4to (282 x 225 mm) 16 pp., 9 text illustrations. Blue wrappers.&nbsp;","og_url":"https:\/\/www.librairieclavreuil.com\/en\/marey-etienne-jules-le-mecanisme-du-vol-des-oiseaux-etudie-par-la-photochronographie\/","og_site_name":"Libairie Clavreuil","article_modified_time":"2024-07-11T15:31:48+00:00","og_image":[{"width":628,"height":800,"url":"https:\/\/www.librairieclavreuil.com\/wp-content\/uploads\/2024\/07\/etienne-jules-marey-le-mecanisme-du-vol-des-oiseaux-etudie-par-la-photochronographie-5687-65ba88e4c80d8.jpg","type":"image\/jpeg"}],"twitter_card":"summary_large_image","schema":{"@context":"https:\/\/schema.org","@graph":[{"@type":"WebPage","@id":"https:\/\/www.librairieclavreuil.com\/en\/marey-etienne-jules-le-mecanisme-du-vol-des-oiseaux-etudie-par-la-photochronographie\/","url":"https:\/\/www.librairieclavreuil.com\/en\/marey-etienne-jules-le-mecanisme-du-vol-des-oiseaux-etudie-par-la-photochronographie\/","name":"MAREY Etienne-Jules Le M\u00e9canisme du vol des oiseaux \u00e9tudie par la Photochronographie. - Libairie Clavreuil","isPartOf":{"@id":"https:\/\/www.librairieclavreuil.com\/#website"},"primaryImageOfPage":{"@id":"https:\/\/www.librairieclavreuil.com\/en\/marey-etienne-jules-le-mecanisme-du-vol-des-oiseaux-etudie-par-la-photochronographie\/#primaryimage"},"image":{"@id":"https:\/\/www.librairieclavreuil.com\/en\/marey-etienne-jules-le-mecanisme-du-vol-des-oiseaux-etudie-par-la-photochronographie\/#primaryimage"},"thumbnailUrl":"https:\/\/www.librairieclavreuil.com\/wp-content\/uploads\/2024\/07\/etienne-jules-marey-le-mecanisme-du-vol-des-oiseaux-etudie-par-la-photochronographie-5687-65ba88e4c80d8.jpg","datePublished":"2024-07-11T15:31:35+00:00","dateModified":"2024-07-11T15:31:48+00:00","breadcrumb":{"@id":"https:\/\/www.librairieclavreuil.com\/en\/marey-etienne-jules-le-mecanisme-du-vol-des-oiseaux-etudie-par-la-photochronographie\/#breadcrumb"},"inLanguage":"en-US","potentialAction":[{"@type":"ReadAction","target":["https:\/\/www.librairieclavreuil.com\/en\/marey-etienne-jules-le-mecanisme-du-vol-des-oiseaux-etudie-par-la-photochronographie\/"]}]},{"@type":"ImageObject","inLanguage":"en-US","@id":"https:\/\/www.librairieclavreuil.com\/en\/marey-etienne-jules-le-mecanisme-du-vol-des-oiseaux-etudie-par-la-photochronographie\/#primaryimage","url":"https:\/\/www.librairieclavreuil.com\/wp-content\/uploads\/2024\/07\/etienne-jules-marey-le-mecanisme-du-vol-des-oiseaux-etudie-par-la-photochronographie-5687-65ba88e4c80d8.jpg","contentUrl":"https:\/\/www.librairieclavreuil.com\/wp-content\/uploads\/2024\/07\/etienne-jules-marey-le-mecanisme-du-vol-des-oiseaux-etudie-par-la-photochronographie-5687-65ba88e4c80d8.jpg","width":628,"height":800},{"@type":"BreadcrumbList","@id":"https:\/\/www.librairieclavreuil.com\/en\/marey-etienne-jules-le-mecanisme-du-vol-des-oiseaux-etudie-par-la-photochronographie\/#breadcrumb","itemListElement":[{"@type":"ListItem","position":1,"name":"Accueil","item":"https:\/\/www.librairieclavreuil.com\/"},{"@type":"ListItem","position":2,"name":"All our books","item":"https:\/\/www.librairieclavreuil.com\/en\/all-our-books\/"},{"@type":"ListItem","position":3,"name":"MAREY Etienne-Jules Le M\u00e9canisme du vol des oiseaux \u00e9tudie par la Photochronographie."}]},{"@type":"WebSite","@id":"https:\/\/www.librairieclavreuil.com\/#website","url":"https:\/\/www.librairieclavreuil.com\/","name":"Libairie Clavreuil","description":"Livres anciens, manuscrits rares et \u00e9ditions originales \u2013 Librairie Clavreuil","publisher":{"@id":"https:\/\/www.librairieclavreuil.com\/#organization"},"potentialAction":[{"@type":"SearchAction","target":{"@type":"EntryPoint","urlTemplate":"https:\/\/www.librairieclavreuil.com\/?s={search_term_string}"},"query-input":{"@type":"PropertyValueSpecification","valueRequired":true,"valueName":"search_term_string"}}],"inLanguage":"en-US"},{"@type":"Organization","@id":"https:\/\/www.librairieclavreuil.com\/#organization","name":"Libairie Clavreuil","url":"https:\/\/www.librairieclavreuil.com\/","logo":{"@type":"ImageObject","inLanguage":"en-US","@id":"https:\/\/www.librairieclavreuil.com\/#\/schema\/logo\/image\/","url":"https:\/\/www.librairieclavreuil.com\/wp-content\/uploads\/2021\/06\/cropped-LOGO_PNG_DATE-_gold-512x512-1.png","contentUrl":"https:\/\/www.librairieclavreuil.com\/wp-content\/uploads\/2021\/06\/cropped-LOGO_PNG_DATE-_gold-512x512-1.png","width":512,"height":512,"caption":"Libairie Clavreuil"},"image":{"@id":"https:\/\/www.librairieclavreuil.com\/#\/schema\/logo\/image\/"},"sameAs":["https:\/\/www.instagram.com\/librairieclavreuil\/"]}]}},"jetpack_sharing_enabled":true,"_links":{"self":[{"href":"https:\/\/www.librairieclavreuil.com\/en\/wp-json\/wp\/v2\/product\/79792","targetHints":{"allow":["GET"]}}],"collection":[{"href":"https:\/\/www.librairieclavreuil.com\/en\/wp-json\/wp\/v2\/product"}],"about":[{"href":"https:\/\/www.librairieclavreuil.com\/en\/wp-json\/wp\/v2\/types\/product"}],"replies":[{"embeddable":true,"href":"https:\/\/www.librairieclavreuil.com\/en\/wp-json\/wp\/v2\/comments?post=79792"}],"wp:featuredmedia":[{"embeddable":true,"href":"https:\/\/www.librairieclavreuil.com\/en\/wp-json\/wp\/v2\/media\/79787"}],"wp:attachment":[{"href":"https:\/\/www.librairieclavreuil.com\/en\/wp-json\/wp\/v2\/media?parent=79792"}],"wp:term":[{"taxonomy":"product_brand","embeddable":true,"href":"https:\/\/www.librairieclavreuil.com\/en\/wp-json\/wp\/v2\/product_brand?post=79792"},{"taxonomy":"product_cat","embeddable":true,"href":"https:\/\/www.librairieclavreuil.com\/en\/wp-json\/wp\/v2\/product_cat?post=79792"},{"taxonomy":"product_tag","embeddable":true,"href":"https:\/\/www.librairieclavreuil.com\/en\/wp-json\/wp\/v2\/product_tag?post=79792"}],"curies":[{"name":"wp","href":"https:\/\/api.w.org\/{rel}","templated":true}]}}