{"id":79715,"date":"2024-07-10T17:42:35","date_gmt":"2024-07-10T15:42:35","guid":{"rendered":"https:\/\/www.librairieclavreuil.com\/petrarque-les-triumphes\/"},"modified":"2024-07-10T17:42:52","modified_gmt":"2024-07-10T15:42:52","slug":"petrarque-les-triumphes","status":"publish","type":"product","link":"https:\/\/www.librairieclavreuil.com\/en\/petrarque-les-triumphes\/","title":{"rendered":"PETRARQUE Les Triumphes."},"content":{"rendered":"<p style=\"text-align:justify\"><i>Brunet, IV, 562 (this copy) ; Brun, p.271 ; Harvard, Italian, 426; Speck, n\u00b0 591 ; Rothschild, I, 1026.<\/i><\/p>\n<p style=\"text-align:justify\">Second Janot edition of the prose translation first printed for Bath\u00e9l\u00e9my V\u00e9rard in 1514. &#8220;Cette traduction, \u00e9crite en prose, est, croyons-nous, celle que divers manuscrits attribuent \u00e0 Georges de La Forge, Bourbonnois&#8221; (Rothschild). &#8220;Il s&#8217;agit de la version longue, sans doute r\u00e9dig\u00e9e sur la base du commentaire de Bernardo Ilicino&#8221; (Jean Balsamo). Illustration comprises 6 allegorical woodcuts in the manner of Geoffroy Tory preceding each respective chapter. These allegories are completed by 144 text woodcuts, which Brun divides into 3 series: &#8220;qui peuvent se r\u00e9partir en trois s\u00e9ries : une suite, de qualit\u00e9 ordinaire; une autre suite, avec double filet, d&#8217;une facture nerveuse et \u00e9l\u00e9gante, trac\u00e9e au trait ; une troisi\u00e8me, de m\u00eame style, n&#8217;ayant qu&#8217;un simple filet&#8221;.<\/p>\n<p style=\"text-align:justify\">The large woodcut on leaf 158v shows Bathsbeba bathing.<\/p>\n<p style=\"text-align:justify\">Small marginal restoration to last leaf , else a very attractive copy.<\/p>\n<p style=\"text-align:justify\">Provenance: Mac-Carthy Reagh (sale, Paris, 1815, lot 3067).<\/p>\n","protected":false},"excerpt":{"rendered":"<p style=\"text-align:justify\">8vo (92 x 146 mm) 208 num.ll., 6 engraved titles and 145 woodcut vignettes (including a large on leaf 158v). Eighteenth-century French red morocco, flat spine gilt, gilt edges.<\/p>\n","protected":false},"featured_media":79704,"comment_status":"open","ping_status":"closed","template":"","meta":{"_acf_changed":false},"product_brand":[],"product_cat":[544],"product_tag":[1238,1243],"class_list":{"0":"post-79715","1":"product","2":"type-product","3":"status-publish","4":"has-post-thumbnail","6":"product_cat-literature","7":"product_tag-16th-century-illustrations","8":"product_tag-16th-century-literature","9":"pa_auteur-petrarque-2","10":"pa_type-de-livre-printed-book","12":"first","13":"outofstock","14":"shipping-taxable","15":"purchasable","16":"product-type-simple"},"acf":{"artist":" PETRARQUE","chapeau":"Illustrated in Tory-style woodcuts","adresse_bibliographique":"Paris, Denys Janot, 1539","book_type":"Printed book","provenance":"","afficher_prix":""},"yoast_head":"<!-- This site is optimized with the Yoast SEO plugin v24.7 - https:\/\/yoast.com\/wordpress\/plugins\/seo\/ -->\n<title>PETRARQUE  Les Triumphes. - Libairie Clavreuil<\/title>\n<meta name=\"robots\" content=\"index, follow, max-snippet:-1, max-image-preview:large, max-video-preview:-1\" \/>\n<link rel=\"canonical\" href=\"https:\/\/www.librairieclavreuil.com\/en\/petrarque-les-triumphes\/\" \/>\n<meta property=\"og:locale\" content=\"en_US\" \/>\n<meta property=\"og:type\" content=\"article\" \/>\n<meta property=\"og:title\" content=\"PETRARQUE  Les Triumphes. - Libairie Clavreuil\" \/>\n<meta property=\"og:description\" content=\"8vo (92 x 146 mm) 208 num.ll., 6 engraved titles and 145 woodcut vignettes (including a large on leaf 158v). Eighteenth-century French red morocco, flat spine gilt, gilt edges.\" \/>\n<meta property=\"og:url\" content=\"https:\/\/www.librairieclavreuil.com\/en\/petrarque-les-triumphes\/\" \/>\n<meta property=\"og:site_name\" content=\"Libairie Clavreuil\" \/>\n<meta property=\"article:modified_time\" content=\"2024-07-10T15:42:52+00:00\" \/>\n<meta property=\"og:image\" content=\"https:\/\/www.librairieclavreuil.com\/wp-content\/uploads\/2024\/07\/petrarque-les-triumphes-1835-659eccc90eb58.jpg\" \/>\n\t<meta property=\"og:image:width\" content=\"504\" \/>\n\t<meta property=\"og:image:height\" content=\"800\" \/>\n\t<meta property=\"og:image:type\" content=\"image\/jpeg\" \/>\n<meta name=\"twitter:card\" content=\"summary_large_image\" \/>\n<meta name=\"twitter:label1\" content=\"Est. reading time\" \/>\n\t<meta name=\"twitter:data1\" content=\"1 minute\" \/>\n<script type=\"application\/ld+json\" class=\"yoast-schema-graph\">{\"@context\":\"https:\/\/schema.org\",\"@graph\":[{\"@type\":\"WebPage\",\"@id\":\"https:\/\/www.librairieclavreuil.com\/en\/petrarque-les-triumphes\/\",\"url\":\"https:\/\/www.librairieclavreuil.com\/en\/petrarque-les-triumphes\/\",\"name\":\"PETRARQUE Les Triumphes. - Libairie Clavreuil\",\"isPartOf\":{\"@id\":\"https:\/\/www.librairieclavreuil.com\/#website\"},\"primaryImageOfPage\":{\"@id\":\"https:\/\/www.librairieclavreuil.com\/en\/petrarque-les-triumphes\/#primaryimage\"},\"image\":{\"@id\":\"https:\/\/www.librairieclavreuil.com\/en\/petrarque-les-triumphes\/#primaryimage\"},\"thumbnailUrl\":\"https:\/\/www.librairieclavreuil.com\/wp-content\/uploads\/2024\/07\/petrarque-les-triumphes-1835-659eccc90eb58.jpg\",\"datePublished\":\"2024-07-10T15:42:35+00:00\",\"dateModified\":\"2024-07-10T15:42:52+00:00\",\"breadcrumb\":{\"@id\":\"https:\/\/www.librairieclavreuil.com\/en\/petrarque-les-triumphes\/#breadcrumb\"},\"inLanguage\":\"en-US\",\"potentialAction\":[{\"@type\":\"ReadAction\",\"target\":[\"https:\/\/www.librairieclavreuil.com\/en\/petrarque-les-triumphes\/\"]}]},{\"@type\":\"ImageObject\",\"inLanguage\":\"en-US\",\"@id\":\"https:\/\/www.librairieclavreuil.com\/en\/petrarque-les-triumphes\/#primaryimage\",\"url\":\"https:\/\/www.librairieclavreuil.com\/wp-content\/uploads\/2024\/07\/petrarque-les-triumphes-1835-659eccc90eb58.jpg\",\"contentUrl\":\"https:\/\/www.librairieclavreuil.com\/wp-content\/uploads\/2024\/07\/petrarque-les-triumphes-1835-659eccc90eb58.jpg\",\"width\":504,\"height\":800},{\"@type\":\"BreadcrumbList\",\"@id\":\"https:\/\/www.librairieclavreuil.com\/en\/petrarque-les-triumphes\/#breadcrumb\",\"itemListElement\":[{\"@type\":\"ListItem\",\"position\":1,\"name\":\"Accueil\",\"item\":\"https:\/\/www.librairieclavreuil.com\/\"},{\"@type\":\"ListItem\",\"position\":2,\"name\":\"All our books\",\"item\":\"https:\/\/www.librairieclavreuil.com\/en\/all-our-books\/\"},{\"@type\":\"ListItem\",\"position\":3,\"name\":\"PETRARQUE Les Triumphes.\"}]},{\"@type\":\"WebSite\",\"@id\":\"https:\/\/www.librairieclavreuil.com\/#website\",\"url\":\"https:\/\/www.librairieclavreuil.com\/\",\"name\":\"Libairie Clavreuil\",\"description\":\"Livres anciens, manuscrits rares et \u00e9ditions originales \u2013 Librairie Clavreuil\",\"publisher\":{\"@id\":\"https:\/\/www.librairieclavreuil.com\/#organization\"},\"potentialAction\":[{\"@type\":\"SearchAction\",\"target\":{\"@type\":\"EntryPoint\",\"urlTemplate\":\"https:\/\/www.librairieclavreuil.com\/?s={search_term_string}\"},\"query-input\":{\"@type\":\"PropertyValueSpecification\",\"valueRequired\":true,\"valueName\":\"search_term_string\"}}],\"inLanguage\":\"en-US\"},{\"@type\":\"Organization\",\"@id\":\"https:\/\/www.librairieclavreuil.com\/#organization\",\"name\":\"Libairie Clavreuil\",\"url\":\"https:\/\/www.librairieclavreuil.com\/\",\"logo\":{\"@type\":\"ImageObject\",\"inLanguage\":\"en-US\",\"@id\":\"https:\/\/www.librairieclavreuil.com\/#\/schema\/logo\/image\/\",\"url\":\"https:\/\/www.librairieclavreuil.com\/wp-content\/uploads\/2021\/06\/cropped-LOGO_PNG_DATE-_gold-512x512-1.png\",\"contentUrl\":\"https:\/\/www.librairieclavreuil.com\/wp-content\/uploads\/2021\/06\/cropped-LOGO_PNG_DATE-_gold-512x512-1.png\",\"width\":512,\"height\":512,\"caption\":\"Libairie Clavreuil\"},\"image\":{\"@id\":\"https:\/\/www.librairieclavreuil.com\/#\/schema\/logo\/image\/\"},\"sameAs\":[\"https:\/\/www.instagram.com\/librairieclavreuil\/\"]}]}<\/script>\n<!-- \/ Yoast SEO plugin. -->","yoast_head_json":{"title":"PETRARQUE  Les Triumphes. - Libairie Clavreuil","robots":{"index":"index","follow":"follow","max-snippet":"max-snippet:-1","max-image-preview":"max-image-preview:large","max-video-preview":"max-video-preview:-1"},"canonical":"https:\/\/www.librairieclavreuil.com\/en\/petrarque-les-triumphes\/","og_locale":"en_US","og_type":"article","og_title":"PETRARQUE  Les Triumphes. - Libairie Clavreuil","og_description":"8vo (92 x 146 mm) 208 num.ll., 6 engraved titles and 145 woodcut vignettes (including a large on leaf 158v). Eighteenth-century French red morocco, flat spine gilt, gilt edges.","og_url":"https:\/\/www.librairieclavreuil.com\/en\/petrarque-les-triumphes\/","og_site_name":"Libairie Clavreuil","article_modified_time":"2024-07-10T15:42:52+00:00","og_image":[{"width":504,"height":800,"url":"https:\/\/www.librairieclavreuil.com\/wp-content\/uploads\/2024\/07\/petrarque-les-triumphes-1835-659eccc90eb58.jpg","type":"image\/jpeg"}],"twitter_card":"summary_large_image","twitter_misc":{"Est. reading time":"1 minute"},"schema":{"@context":"https:\/\/schema.org","@graph":[{"@type":"WebPage","@id":"https:\/\/www.librairieclavreuil.com\/en\/petrarque-les-triumphes\/","url":"https:\/\/www.librairieclavreuil.com\/en\/petrarque-les-triumphes\/","name":"PETRARQUE Les Triumphes. - Libairie Clavreuil","isPartOf":{"@id":"https:\/\/www.librairieclavreuil.com\/#website"},"primaryImageOfPage":{"@id":"https:\/\/www.librairieclavreuil.com\/en\/petrarque-les-triumphes\/#primaryimage"},"image":{"@id":"https:\/\/www.librairieclavreuil.com\/en\/petrarque-les-triumphes\/#primaryimage"},"thumbnailUrl":"https:\/\/www.librairieclavreuil.com\/wp-content\/uploads\/2024\/07\/petrarque-les-triumphes-1835-659eccc90eb58.jpg","datePublished":"2024-07-10T15:42:35+00:00","dateModified":"2024-07-10T15:42:52+00:00","breadcrumb":{"@id":"https:\/\/www.librairieclavreuil.com\/en\/petrarque-les-triumphes\/#breadcrumb"},"inLanguage":"en-US","potentialAction":[{"@type":"ReadAction","target":["https:\/\/www.librairieclavreuil.com\/en\/petrarque-les-triumphes\/"]}]},{"@type":"ImageObject","inLanguage":"en-US","@id":"https:\/\/www.librairieclavreuil.com\/en\/petrarque-les-triumphes\/#primaryimage","url":"https:\/\/www.librairieclavreuil.com\/wp-content\/uploads\/2024\/07\/petrarque-les-triumphes-1835-659eccc90eb58.jpg","contentUrl":"https:\/\/www.librairieclavreuil.com\/wp-content\/uploads\/2024\/07\/petrarque-les-triumphes-1835-659eccc90eb58.jpg","width":504,"height":800},{"@type":"BreadcrumbList","@id":"https:\/\/www.librairieclavreuil.com\/en\/petrarque-les-triumphes\/#breadcrumb","itemListElement":[{"@type":"ListItem","position":1,"name":"Accueil","item":"https:\/\/www.librairieclavreuil.com\/"},{"@type":"ListItem","position":2,"name":"All our books","item":"https:\/\/www.librairieclavreuil.com\/en\/all-our-books\/"},{"@type":"ListItem","position":3,"name":"PETRARQUE Les Triumphes."}]},{"@type":"WebSite","@id":"https:\/\/www.librairieclavreuil.com\/#website","url":"https:\/\/www.librairieclavreuil.com\/","name":"Libairie Clavreuil","description":"Livres anciens, manuscrits rares et \u00e9ditions originales \u2013 Librairie Clavreuil","publisher":{"@id":"https:\/\/www.librairieclavreuil.com\/#organization"},"potentialAction":[{"@type":"SearchAction","target":{"@type":"EntryPoint","urlTemplate":"https:\/\/www.librairieclavreuil.com\/?s={search_term_string}"},"query-input":{"@type":"PropertyValueSpecification","valueRequired":true,"valueName":"search_term_string"}}],"inLanguage":"en-US"},{"@type":"Organization","@id":"https:\/\/www.librairieclavreuil.com\/#organization","name":"Libairie Clavreuil","url":"https:\/\/www.librairieclavreuil.com\/","logo":{"@type":"ImageObject","inLanguage":"en-US","@id":"https:\/\/www.librairieclavreuil.com\/#\/schema\/logo\/image\/","url":"https:\/\/www.librairieclavreuil.com\/wp-content\/uploads\/2021\/06\/cropped-LOGO_PNG_DATE-_gold-512x512-1.png","contentUrl":"https:\/\/www.librairieclavreuil.com\/wp-content\/uploads\/2021\/06\/cropped-LOGO_PNG_DATE-_gold-512x512-1.png","width":512,"height":512,"caption":"Libairie Clavreuil"},"image":{"@id":"https:\/\/www.librairieclavreuil.com\/#\/schema\/logo\/image\/"},"sameAs":["https:\/\/www.instagram.com\/librairieclavreuil\/"]}]}},"jetpack_sharing_enabled":true,"_links":{"self":[{"href":"https:\/\/www.librairieclavreuil.com\/en\/wp-json\/wp\/v2\/product\/79715","targetHints":{"allow":["GET"]}}],"collection":[{"href":"https:\/\/www.librairieclavreuil.com\/en\/wp-json\/wp\/v2\/product"}],"about":[{"href":"https:\/\/www.librairieclavreuil.com\/en\/wp-json\/wp\/v2\/types\/product"}],"replies":[{"embeddable":true,"href":"https:\/\/www.librairieclavreuil.com\/en\/wp-json\/wp\/v2\/comments?post=79715"}],"wp:featuredmedia":[{"embeddable":true,"href":"https:\/\/www.librairieclavreuil.com\/en\/wp-json\/wp\/v2\/media\/79704"}],"wp:attachment":[{"href":"https:\/\/www.librairieclavreuil.com\/en\/wp-json\/wp\/v2\/media?parent=79715"}],"wp:term":[{"taxonomy":"product_brand","embeddable":true,"href":"https:\/\/www.librairieclavreuil.com\/en\/wp-json\/wp\/v2\/product_brand?post=79715"},{"taxonomy":"product_cat","embeddable":true,"href":"https:\/\/www.librairieclavreuil.com\/en\/wp-json\/wp\/v2\/product_cat?post=79715"},{"taxonomy":"product_tag","embeddable":true,"href":"https:\/\/www.librairieclavreuil.com\/en\/wp-json\/wp\/v2\/product_tag?post=79715"}],"curies":[{"name":"wp","href":"https:\/\/api.w.org\/{rel}","templated":true}]}}