{"id":79703,"date":"2024-07-10T17:42:09","date_gmt":"2024-07-10T15:42:09","guid":{"rendered":"https:\/\/www.librairieclavreuil.com\/gilles-nicole-les-tres-elegantes-et-copieuses-annalles-des-tres-preux-tres-nobles-tres-chrestiens-et-excellens-moderateurs-des-belliqueues-gaulles-depuis-la-triste-desolation-de-tres-inclute\/"},"modified":"2024-07-15T11:16:19","modified_gmt":"2024-07-15T09:16:19","slug":"gilles-nicole-les-tres-elegantes-et-copieuses-annalles-des-tres-preux-tres-nobles-tres-chrestiens-et-excellens-moderateurs-des-belliqueues-gaulles-depuis-la-triste-desolation-de-tres-inclute","status":"publish","type":"product","link":"https:\/\/www.librairieclavreuil.com\/en\/gilles-nicole-les-tres-elegantes-et-copieuses-annalles-des-tres-preux-tres-nobles-tres-chrestiens-et-excellens-moderateurs-des-belliqueues-gaulles-depuis-la-triste-desolation-de-tres-inclute\/","title":{"rendered":"GILLES Nicole Les Tr\u00e8s \u00e9l\u00e9gantes et copieuses annalles..."},"content":{"rendered":"<p style=\"text-align:justify\"><i>Bechtel, G-133 (erreurs de collation); Moreau, V, 899.<\/i><\/p>\n<p style=\"text-align:justify\">New edition and enlarged edition, based on the one printed in 1536. The printing privileg for this editin was shared between three printers, notably D. Janot, J. Petit, and F. Regnault.<\/p>\n<p>The illustration includes a repeated woodcut border (the typographical title of the first part is printed in red and black) by G. de Gourmont with his initials in the matrix. A large woodcut at the beginning of the text and two genealogical trees complete the iconography.<\/p>\n<p>Nicole Gilles (1425-1503) was a French historiographer. He is known to have been royal secretary in February 1475. He soon became associated with the Parisian printer and bookseller Antoine V\u00e9rard. Written in the 1490s, it provides a history of the French monarchy from its Trojan origins to the reign of Louis XI. First published posthumously in 1525, the <i>Annalles<\/i> was a highly successful work and went through&nbsp; number of editions. Jean Bouchet completed Nicole Gilles&#8217; account up to 1519. Gilles is credited with coining the expression &#8220;the Hundred Years&#8217; War&#8221; to describe the &#8220;memory of the war against England&#8221;.<\/p>\n<p>Copy complete with the last leaf of the table for the second part. This leaf, slightly shorter in the margin and probably supplied from another copy, is not mentioned in Bechtel&#8217;s erroneous collation which gives only 4 nn.ll., and 142 num.ll. A good copy.<\/p>\n","protected":false},"excerpt":{"rendered":"<p style=\"text-align:justify\">2 parts in 1 volume, small folio (312 x 197 mm) 6 nn.ll., 136 num.ll. for part I ; 5 nn.ll., 144 num.ll (erroneous foliation) for part II. Ninteenth-century hreen morocco by C. Smith (with his label), double gilt filet on covers, spine gilt with raised bands, gilt edges.<\/p>\n","protected":false},"featured_media":80358,"comment_status":"open","ping_status":"closed","template":"","meta":{"_acf_changed":false},"product_brand":[],"product_cat":[544],"product_tag":[1238,1243],"class_list":{"0":"post-79703","1":"product","2":"type-product","3":"status-publish","4":"has-post-thumbnail","6":"product_cat-literature","7":"product_tag-16th-century-illustrations","8":"product_tag-16th-century-literature","9":"pa_auteur-gilles-nicole-2","10":"pa_type-de-livre-printed-book","12":"first","13":"outofstock","14":"shipping-taxable","15":"purchasable","16":"product-type-simple"},"acf":{"artist":" Nicole GILLES","chapeau":"","adresse_bibliographique":"Paris, imprim\u00e9 par Nicolas Couteau pour G. Bonnemere, 1538","book_type":"Printed book","provenance":"","afficher_prix":""},"yoast_head":"<!-- This site is optimized with the Yoast SEO plugin v24.7 - https:\/\/yoast.com\/wordpress\/plugins\/seo\/ -->\n<title>GILLES Nicole Les Tr\u00e8s \u00e9l\u00e9gantes et copieuses annalles des tres preux, tr\u00e8s nobles, tr\u00e8s chrestiens et excellens moderateurs des belliqueues gaulles. Depuis la triste d\u00e9solation de tr\u00e8s inclute &amp; fameuse cit\u00e9 de Troye jusques au regne du tr\u00e8s vertueux roi Fran\u00e7ois \u00e0 pr\u00e9sent regnant - Libairie Clavreuil<\/title>\n<meta name=\"robots\" content=\"index, follow, max-snippet:-1, max-image-preview:large, max-video-preview:-1\" \/>\n<link rel=\"canonical\" href=\"https:\/\/www.librairieclavreuil.com\/en\/gilles-nicole-les-tres-elegantes-et-copieuses-annalles-des-tres-preux-tres-nobles-tres-chrestiens-et-excellens-moderateurs-des-belliqueues-gaulles-depuis-la-triste-desolation-de-tres-inclute\/\" \/>\n<meta property=\"og:locale\" content=\"en_US\" \/>\n<meta property=\"og:type\" content=\"article\" \/>\n<meta property=\"og:title\" content=\"GILLES Nicole Les Tr\u00e8s \u00e9l\u00e9gantes et copieuses annalles des tres preux, tr\u00e8s nobles, tr\u00e8s chrestiens et excellens moderateurs des belliqueues gaulles. Depuis la triste d\u00e9solation de tr\u00e8s inclute &amp; fameuse cit\u00e9 de Troye jusques au regne du tr\u00e8s vertueux roi Fran\u00e7ois \u00e0 pr\u00e9sent regnant - Libairie Clavreuil\" \/>\n<meta property=\"og:description\" content=\"2 parts in 1 volume, small folio (312 x 197 mm) 6 nn.ll., 136 num.ll. for part I ; 5 nn.ll., 144 num.ll (erroneous foliation) for part II. Ninteenth-century hreen morocco by C. Smith (with his label), double gilt filet on covers, spine gilt with raised bands, gilt edges.\" \/>\n<meta property=\"og:url\" content=\"https:\/\/www.librairieclavreuil.com\/en\/gilles-nicole-les-tres-elegantes-et-copieuses-annalles-des-tres-preux-tres-nobles-tres-chrestiens-et-excellens-moderateurs-des-belliqueues-gaulles-depuis-la-triste-desolation-de-tres-inclute\/\" \/>\n<meta property=\"og:site_name\" content=\"Libairie Clavreuil\" \/>\n<meta property=\"article:modified_time\" content=\"2024-07-15T09:16:19+00:00\" \/>\n<meta property=\"og:image\" content=\"https:\/\/www.librairieclavreuil.com\/wp-content\/uploads\/2024\/07\/nicole-gilles-les-tres-elegantes-et-copieuses-annalles-des-tres-preux-tres-nobles-tres-chrestiens-et-excellens-moderateurs-des-belliqueues-g-6694e8bd0fd4c.jpg\" \/>\n\t<meta property=\"og:image:width\" content=\"499\" \/>\n\t<meta property=\"og:image:height\" content=\"800\" \/>\n\t<meta property=\"og:image:type\" content=\"image\/jpeg\" \/>\n<meta name=\"twitter:card\" content=\"summary_large_image\" \/>\n<meta name=\"twitter:label1\" content=\"Est. reading time\" \/>\n\t<meta name=\"twitter:data1\" content=\"1 minute\" \/>\n<script type=\"application\/ld+json\" class=\"yoast-schema-graph\">{\"@context\":\"https:\/\/schema.org\",\"@graph\":[{\"@type\":\"WebPage\",\"@id\":\"https:\/\/www.librairieclavreuil.com\/en\/gilles-nicole-les-tres-elegantes-et-copieuses-annalles-des-tres-preux-tres-nobles-tres-chrestiens-et-excellens-moderateurs-des-belliqueues-gaulles-depuis-la-triste-desolation-de-tres-inclute\/\",\"url\":\"https:\/\/www.librairieclavreuil.com\/en\/gilles-nicole-les-tres-elegantes-et-copieuses-annalles-des-tres-preux-tres-nobles-tres-chrestiens-et-excellens-moderateurs-des-belliqueues-gaulles-depuis-la-triste-desolation-de-tres-inclute\/\",\"name\":\"GILLES Nicole Les Tr\u00e8s \u00e9l\u00e9gantes et copieuses annalles des tres preux, tr\u00e8s nobles, tr\u00e8s chrestiens et excellens moderateurs des belliqueues gaulles. Depuis la triste d\u00e9solation de tr\u00e8s inclute &amp; fameuse cit\u00e9 de Troye jusques au regne du tr\u00e8s vertueux roi Fran\u00e7ois \u00e0 pr\u00e9sent regnant - Libairie Clavreuil\",\"isPartOf\":{\"@id\":\"https:\/\/www.librairieclavreuil.com\/#website\"},\"primaryImageOfPage\":{\"@id\":\"https:\/\/www.librairieclavreuil.com\/en\/gilles-nicole-les-tres-elegantes-et-copieuses-annalles-des-tres-preux-tres-nobles-tres-chrestiens-et-excellens-moderateurs-des-belliqueues-gaulles-depuis-la-triste-desolation-de-tres-inclute\/#primaryimage\"},\"image\":{\"@id\":\"https:\/\/www.librairieclavreuil.com\/en\/gilles-nicole-les-tres-elegantes-et-copieuses-annalles-des-tres-preux-tres-nobles-tres-chrestiens-et-excellens-moderateurs-des-belliqueues-gaulles-depuis-la-triste-desolation-de-tres-inclute\/#primaryimage\"},\"thumbnailUrl\":\"https:\/\/www.librairieclavreuil.com\/wp-content\/uploads\/2024\/07\/nicole-gilles-les-tres-elegantes-et-copieuses-annalles-des-tres-preux-tres-nobles-tres-chrestiens-et-excellens-moderateurs-des-belliqueues-g-6694e8bd0fd4c.jpg\",\"datePublished\":\"2024-07-10T15:42:09+00:00\",\"dateModified\":\"2024-07-15T09:16:19+00:00\",\"breadcrumb\":{\"@id\":\"https:\/\/www.librairieclavreuil.com\/en\/gilles-nicole-les-tres-elegantes-et-copieuses-annalles-des-tres-preux-tres-nobles-tres-chrestiens-et-excellens-moderateurs-des-belliqueues-gaulles-depuis-la-triste-desolation-de-tres-inclute\/#breadcrumb\"},\"inLanguage\":\"en-US\",\"potentialAction\":[{\"@type\":\"ReadAction\",\"target\":[\"https:\/\/www.librairieclavreuil.com\/en\/gilles-nicole-les-tres-elegantes-et-copieuses-annalles-des-tres-preux-tres-nobles-tres-chrestiens-et-excellens-moderateurs-des-belliqueues-gaulles-depuis-la-triste-desolation-de-tres-inclute\/\"]}]},{\"@type\":\"ImageObject\",\"inLanguage\":\"en-US\",\"@id\":\"https:\/\/www.librairieclavreuil.com\/en\/gilles-nicole-les-tres-elegantes-et-copieuses-annalles-des-tres-preux-tres-nobles-tres-chrestiens-et-excellens-moderateurs-des-belliqueues-gaulles-depuis-la-triste-desolation-de-tres-inclute\/#primaryimage\",\"url\":\"https:\/\/www.librairieclavreuil.com\/wp-content\/uploads\/2024\/07\/nicole-gilles-les-tres-elegantes-et-copieuses-annalles-des-tres-preux-tres-nobles-tres-chrestiens-et-excellens-moderateurs-des-belliqueues-g-6694e8bd0fd4c.jpg\",\"contentUrl\":\"https:\/\/www.librairieclavreuil.com\/wp-content\/uploads\/2024\/07\/nicole-gilles-les-tres-elegantes-et-copieuses-annalles-des-tres-preux-tres-nobles-tres-chrestiens-et-excellens-moderateurs-des-belliqueues-g-6694e8bd0fd4c.jpg\",\"width\":499,\"height\":800},{\"@type\":\"BreadcrumbList\",\"@id\":\"https:\/\/www.librairieclavreuil.com\/en\/gilles-nicole-les-tres-elegantes-et-copieuses-annalles-des-tres-preux-tres-nobles-tres-chrestiens-et-excellens-moderateurs-des-belliqueues-gaulles-depuis-la-triste-desolation-de-tres-inclute\/#breadcrumb\",\"itemListElement\":[{\"@type\":\"ListItem\",\"position\":1,\"name\":\"Accueil\",\"item\":\"https:\/\/www.librairieclavreuil.com\/\"},{\"@type\":\"ListItem\",\"position\":2,\"name\":\"All our books\",\"item\":\"https:\/\/www.librairieclavreuil.com\/en\/all-our-books\/\"},{\"@type\":\"ListItem\",\"position\":3,\"name\":\"GILLES Nicole Les Tr\u00e8s \u00e9l\u00e9gantes et copieuses annalles des tres preux, tr\u00e8s nobles, tr\u00e8s chrestiens et excellens moderateurs des belliqueues gaulles. Depuis la triste d\u00e9solation de tr\u00e8s inclute &amp; fameuse cit\u00e9 de Troye jusques au regne du tr\u00e8s vertueux roi Fran\u00e7ois \u00e0 pr\u00e9sent regnant\"}]},{\"@type\":\"WebSite\",\"@id\":\"https:\/\/www.librairieclavreuil.com\/#website\",\"url\":\"https:\/\/www.librairieclavreuil.com\/\",\"name\":\"Libairie Clavreuil\",\"description\":\"Livres anciens, manuscrits rares et \u00e9ditions originales \u2013 Librairie Clavreuil\",\"publisher\":{\"@id\":\"https:\/\/www.librairieclavreuil.com\/#organization\"},\"potentialAction\":[{\"@type\":\"SearchAction\",\"target\":{\"@type\":\"EntryPoint\",\"urlTemplate\":\"https:\/\/www.librairieclavreuil.com\/?s={search_term_string}\"},\"query-input\":{\"@type\":\"PropertyValueSpecification\",\"valueRequired\":true,\"valueName\":\"search_term_string\"}}],\"inLanguage\":\"en-US\"},{\"@type\":\"Organization\",\"@id\":\"https:\/\/www.librairieclavreuil.com\/#organization\",\"name\":\"Libairie Clavreuil\",\"url\":\"https:\/\/www.librairieclavreuil.com\/\",\"logo\":{\"@type\":\"ImageObject\",\"inLanguage\":\"en-US\",\"@id\":\"https:\/\/www.librairieclavreuil.com\/#\/schema\/logo\/image\/\",\"url\":\"https:\/\/www.librairieclavreuil.com\/wp-content\/uploads\/2021\/06\/cropped-LOGO_PNG_DATE-_gold-512x512-1.png\",\"contentUrl\":\"https:\/\/www.librairieclavreuil.com\/wp-content\/uploads\/2021\/06\/cropped-LOGO_PNG_DATE-_gold-512x512-1.png\",\"width\":512,\"height\":512,\"caption\":\"Libairie Clavreuil\"},\"image\":{\"@id\":\"https:\/\/www.librairieclavreuil.com\/#\/schema\/logo\/image\/\"},\"sameAs\":[\"https:\/\/www.instagram.com\/librairieclavreuil\/\"]}]}<\/script>\n<!-- \/ Yoast SEO plugin. -->","yoast_head_json":{"title":"GILLES Nicole Les Tr\u00e8s \u00e9l\u00e9gantes et copieuses annalles des tres preux, tr\u00e8s nobles, tr\u00e8s chrestiens et excellens moderateurs des belliqueues gaulles. Depuis la triste d\u00e9solation de tr\u00e8s inclute &amp; fameuse cit\u00e9 de Troye jusques au regne du tr\u00e8s vertueux roi Fran\u00e7ois \u00e0 pr\u00e9sent regnant - Libairie Clavreuil","robots":{"index":"index","follow":"follow","max-snippet":"max-snippet:-1","max-image-preview":"max-image-preview:large","max-video-preview":"max-video-preview:-1"},"canonical":"https:\/\/www.librairieclavreuil.com\/en\/gilles-nicole-les-tres-elegantes-et-copieuses-annalles-des-tres-preux-tres-nobles-tres-chrestiens-et-excellens-moderateurs-des-belliqueues-gaulles-depuis-la-triste-desolation-de-tres-inclute\/","og_locale":"en_US","og_type":"article","og_title":"GILLES Nicole Les Tr\u00e8s \u00e9l\u00e9gantes et copieuses annalles des tres preux, tr\u00e8s nobles, tr\u00e8s chrestiens et excellens moderateurs des belliqueues gaulles. Depuis la triste d\u00e9solation de tr\u00e8s inclute &amp; fameuse cit\u00e9 de Troye jusques au regne du tr\u00e8s vertueux roi Fran\u00e7ois \u00e0 pr\u00e9sent regnant - Libairie Clavreuil","og_description":"2 parts in 1 volume, small folio (312 x 197 mm) 6 nn.ll., 136 num.ll. for part I ; 5 nn.ll., 144 num.ll (erroneous foliation) for part II. Ninteenth-century hreen morocco by C. Smith (with his label), double gilt filet on covers, spine gilt with raised bands, gilt edges.","og_url":"https:\/\/www.librairieclavreuil.com\/en\/gilles-nicole-les-tres-elegantes-et-copieuses-annalles-des-tres-preux-tres-nobles-tres-chrestiens-et-excellens-moderateurs-des-belliqueues-gaulles-depuis-la-triste-desolation-de-tres-inclute\/","og_site_name":"Libairie Clavreuil","article_modified_time":"2024-07-15T09:16:19+00:00","og_image":[{"width":499,"height":800,"url":"https:\/\/www.librairieclavreuil.com\/wp-content\/uploads\/2024\/07\/nicole-gilles-les-tres-elegantes-et-copieuses-annalles-des-tres-preux-tres-nobles-tres-chrestiens-et-excellens-moderateurs-des-belliqueues-g-6694e8bd0fd4c.jpg","type":"image\/jpeg"}],"twitter_card":"summary_large_image","twitter_misc":{"Est. reading time":"1 minute"},"schema":{"@context":"https:\/\/schema.org","@graph":[{"@type":"WebPage","@id":"https:\/\/www.librairieclavreuil.com\/en\/gilles-nicole-les-tres-elegantes-et-copieuses-annalles-des-tres-preux-tres-nobles-tres-chrestiens-et-excellens-moderateurs-des-belliqueues-gaulles-depuis-la-triste-desolation-de-tres-inclute\/","url":"https:\/\/www.librairieclavreuil.com\/en\/gilles-nicole-les-tres-elegantes-et-copieuses-annalles-des-tres-preux-tres-nobles-tres-chrestiens-et-excellens-moderateurs-des-belliqueues-gaulles-depuis-la-triste-desolation-de-tres-inclute\/","name":"GILLES Nicole Les Tr\u00e8s \u00e9l\u00e9gantes et copieuses annalles des tres preux, tr\u00e8s nobles, tr\u00e8s chrestiens et excellens moderateurs des belliqueues gaulles. Depuis la triste d\u00e9solation de tr\u00e8s inclute &amp; fameuse cit\u00e9 de Troye jusques au regne du tr\u00e8s vertueux roi Fran\u00e7ois \u00e0 pr\u00e9sent regnant - Libairie Clavreuil","isPartOf":{"@id":"https:\/\/www.librairieclavreuil.com\/#website"},"primaryImageOfPage":{"@id":"https:\/\/www.librairieclavreuil.com\/en\/gilles-nicole-les-tres-elegantes-et-copieuses-annalles-des-tres-preux-tres-nobles-tres-chrestiens-et-excellens-moderateurs-des-belliqueues-gaulles-depuis-la-triste-desolation-de-tres-inclute\/#primaryimage"},"image":{"@id":"https:\/\/www.librairieclavreuil.com\/en\/gilles-nicole-les-tres-elegantes-et-copieuses-annalles-des-tres-preux-tres-nobles-tres-chrestiens-et-excellens-moderateurs-des-belliqueues-gaulles-depuis-la-triste-desolation-de-tres-inclute\/#primaryimage"},"thumbnailUrl":"https:\/\/www.librairieclavreuil.com\/wp-content\/uploads\/2024\/07\/nicole-gilles-les-tres-elegantes-et-copieuses-annalles-des-tres-preux-tres-nobles-tres-chrestiens-et-excellens-moderateurs-des-belliqueues-g-6694e8bd0fd4c.jpg","datePublished":"2024-07-10T15:42:09+00:00","dateModified":"2024-07-15T09:16:19+00:00","breadcrumb":{"@id":"https:\/\/www.librairieclavreuil.com\/en\/gilles-nicole-les-tres-elegantes-et-copieuses-annalles-des-tres-preux-tres-nobles-tres-chrestiens-et-excellens-moderateurs-des-belliqueues-gaulles-depuis-la-triste-desolation-de-tres-inclute\/#breadcrumb"},"inLanguage":"en-US","potentialAction":[{"@type":"ReadAction","target":["https:\/\/www.librairieclavreuil.com\/en\/gilles-nicole-les-tres-elegantes-et-copieuses-annalles-des-tres-preux-tres-nobles-tres-chrestiens-et-excellens-moderateurs-des-belliqueues-gaulles-depuis-la-triste-desolation-de-tres-inclute\/"]}]},{"@type":"ImageObject","inLanguage":"en-US","@id":"https:\/\/www.librairieclavreuil.com\/en\/gilles-nicole-les-tres-elegantes-et-copieuses-annalles-des-tres-preux-tres-nobles-tres-chrestiens-et-excellens-moderateurs-des-belliqueues-gaulles-depuis-la-triste-desolation-de-tres-inclute\/#primaryimage","url":"https:\/\/www.librairieclavreuil.com\/wp-content\/uploads\/2024\/07\/nicole-gilles-les-tres-elegantes-et-copieuses-annalles-des-tres-preux-tres-nobles-tres-chrestiens-et-excellens-moderateurs-des-belliqueues-g-6694e8bd0fd4c.jpg","contentUrl":"https:\/\/www.librairieclavreuil.com\/wp-content\/uploads\/2024\/07\/nicole-gilles-les-tres-elegantes-et-copieuses-annalles-des-tres-preux-tres-nobles-tres-chrestiens-et-excellens-moderateurs-des-belliqueues-g-6694e8bd0fd4c.jpg","width":499,"height":800},{"@type":"BreadcrumbList","@id":"https:\/\/www.librairieclavreuil.com\/en\/gilles-nicole-les-tres-elegantes-et-copieuses-annalles-des-tres-preux-tres-nobles-tres-chrestiens-et-excellens-moderateurs-des-belliqueues-gaulles-depuis-la-triste-desolation-de-tres-inclute\/#breadcrumb","itemListElement":[{"@type":"ListItem","position":1,"name":"Accueil","item":"https:\/\/www.librairieclavreuil.com\/"},{"@type":"ListItem","position":2,"name":"All our books","item":"https:\/\/www.librairieclavreuil.com\/en\/all-our-books\/"},{"@type":"ListItem","position":3,"name":"GILLES Nicole Les Tr\u00e8s \u00e9l\u00e9gantes et copieuses annalles des tres preux, tr\u00e8s nobles, tr\u00e8s chrestiens et excellens moderateurs des belliqueues gaulles. Depuis la triste d\u00e9solation de tr\u00e8s inclute &amp; fameuse cit\u00e9 de Troye jusques au regne du tr\u00e8s vertueux roi Fran\u00e7ois \u00e0 pr\u00e9sent regnant"}]},{"@type":"WebSite","@id":"https:\/\/www.librairieclavreuil.com\/#website","url":"https:\/\/www.librairieclavreuil.com\/","name":"Libairie Clavreuil","description":"Livres anciens, manuscrits rares et \u00e9ditions originales \u2013 Librairie Clavreuil","publisher":{"@id":"https:\/\/www.librairieclavreuil.com\/#organization"},"potentialAction":[{"@type":"SearchAction","target":{"@type":"EntryPoint","urlTemplate":"https:\/\/www.librairieclavreuil.com\/?s={search_term_string}"},"query-input":{"@type":"PropertyValueSpecification","valueRequired":true,"valueName":"search_term_string"}}],"inLanguage":"en-US"},{"@type":"Organization","@id":"https:\/\/www.librairieclavreuil.com\/#organization","name":"Libairie Clavreuil","url":"https:\/\/www.librairieclavreuil.com\/","logo":{"@type":"ImageObject","inLanguage":"en-US","@id":"https:\/\/www.librairieclavreuil.com\/#\/schema\/logo\/image\/","url":"https:\/\/www.librairieclavreuil.com\/wp-content\/uploads\/2021\/06\/cropped-LOGO_PNG_DATE-_gold-512x512-1.png","contentUrl":"https:\/\/www.librairieclavreuil.com\/wp-content\/uploads\/2021\/06\/cropped-LOGO_PNG_DATE-_gold-512x512-1.png","width":512,"height":512,"caption":"Libairie Clavreuil"},"image":{"@id":"https:\/\/www.librairieclavreuil.com\/#\/schema\/logo\/image\/"},"sameAs":["https:\/\/www.instagram.com\/librairieclavreuil\/"]}]}},"jetpack_sharing_enabled":true,"_links":{"self":[{"href":"https:\/\/www.librairieclavreuil.com\/en\/wp-json\/wp\/v2\/product\/79703","targetHints":{"allow":["GET"]}}],"collection":[{"href":"https:\/\/www.librairieclavreuil.com\/en\/wp-json\/wp\/v2\/product"}],"about":[{"href":"https:\/\/www.librairieclavreuil.com\/en\/wp-json\/wp\/v2\/types\/product"}],"replies":[{"embeddable":true,"href":"https:\/\/www.librairieclavreuil.com\/en\/wp-json\/wp\/v2\/comments?post=79703"}],"wp:featuredmedia":[{"embeddable":true,"href":"https:\/\/www.librairieclavreuil.com\/en\/wp-json\/wp\/v2\/media\/80358"}],"wp:attachment":[{"href":"https:\/\/www.librairieclavreuil.com\/en\/wp-json\/wp\/v2\/media?parent=79703"}],"wp:term":[{"taxonomy":"product_brand","embeddable":true,"href":"https:\/\/www.librairieclavreuil.com\/en\/wp-json\/wp\/v2\/product_brand?post=79703"},{"taxonomy":"product_cat","embeddable":true,"href":"https:\/\/www.librairieclavreuil.com\/en\/wp-json\/wp\/v2\/product_cat?post=79703"},{"taxonomy":"product_tag","embeddable":true,"href":"https:\/\/www.librairieclavreuil.com\/en\/wp-json\/wp\/v2\/product_tag?post=79703"}],"curies":[{"name":"wp","href":"https:\/\/api.w.org\/{rel}","templated":true}]}}