{"id":79691,"date":"2024-07-10T17:41:44","date_gmt":"2024-07-10T15:41:44","guid":{"rendered":"https:\/\/www.librairieclavreuil.com\/terence-les-six-comedies-corrigees-en-presque-infinis-endroits-par-m-ant-de-muret-avec-les-fleurs-frases-expositions-morales-mises-a-la-fin-de-chasque-scene-le-francois-correspondant-a\/"},"modified":"2024-07-10T17:41:57","modified_gmt":"2024-07-10T15:41:57","slug":"terence-les-six-comedies-corrigees-en-presque-infinis-endroits-par-m-ant-de-muret-avec-les-fleurs-frases-expositions-morales-mises-a-la-fin-de-chasque-scene-le-francois-correspondant-a","status":"publish","type":"product","link":"https:\/\/www.librairieclavreuil.com\/en\/terence-les-six-comedies-corrigees-en-presque-infinis-endroits-par-m-ant-de-muret-avec-les-fleurs-frases-expositions-morales-mises-a-la-fin-de-chasque-scene-le-francois-correspondant-a\/","title":{"rendered":"TERENCE Les six Com\u00e9dies&#8230; corrig\u00e9es en presque infinis..."},"content":{"rendered":"<p style=\"text-align:justify\"><i>Adams T-377; Brunet V, 721.<\/i><\/p>\n<p style=\"text-align:justify\">Latin text and teh translation by J. Bourlier, revised and corected by the humanist Antoine Muret, (1526-1585). After being noticed by Scaliger, the young Muret taught Latin at a very early age in Bordeaux in 1547-1548, where he counted Michel de Montaigne among his students. Appreciated by King Henri II and the Queen, he befriended Dorat and counted Du Bellay and Ba\u00eff among his friends.<\/p>\n<p style=\"text-align:justify\">Provenace : several old ownership inscriptions &#8211; stamp of Sociedad Hebraica Argentina &#8211; Marcellus Schlimovich (bookplate).<\/p>\n","protected":false},"excerpt":{"rendered":"<p style=\"text-align:justify\">12mo (118 x 72 mm) 8 fnn.ll., 367 num.ll. Contemporary vellum.<\/p>\n","protected":false},"featured_media":79686,"comment_status":"open","ping_status":"closed","template":"","meta":{"_acf_changed":false},"product_brand":[],"product_cat":[544],"product_tag":[1243],"class_list":{"0":"post-79691","1":"product","2":"type-product","3":"status-publish","4":"has-post-thumbnail","6":"product_cat-literature","7":"product_tag-16th-century-literature","8":"pa_auteur-terence-2","9":"pa_type-de-livre-printed-book","11":"first","12":"instock","13":"shipping-taxable","14":"purchasable","15":"product-type-simple"},"acf":{"artist":" TERENCE","chapeau":"","adresse_bibliographique":"Paris, Iean de Bordeaux, 1583","book_type":"Printed book","provenance":"","afficher_prix":""},"yoast_head":"<!-- This site is optimized with the Yoast SEO plugin v24.7 - https:\/\/yoast.com\/wordpress\/plugins\/seo\/ -->\n<title>TERENCE  Les six Com\u00e9dies... corrig\u00e9es en presque infinis endroits par M. Ant. de Muret. Avec les Fleurs, Frases, &amp; Expositions Morales mises \u00e0 la fin de chasque Scene. Le Fran\u00e7ois correspondant au Latin. - Libairie Clavreuil<\/title>\n<meta name=\"robots\" content=\"index, follow, max-snippet:-1, max-image-preview:large, max-video-preview:-1\" \/>\n<link rel=\"canonical\" href=\"https:\/\/www.librairieclavreuil.com\/produit\/terence-les-six-comedies-corrigees-en-presque-infinis-endroits-par-m-ant-de-muret-avec-les-fleurs-frases-expositions-morales-mises-a-la-fin-de-chasque-scene-le-francois-correspondant-a\/\" \/>\n<meta property=\"og:locale\" content=\"en_US\" \/>\n<meta property=\"og:type\" content=\"article\" \/>\n<meta property=\"og:title\" content=\"TERENCE  Les six Com\u00e9dies... corrig\u00e9es en presque infinis endroits par M. Ant. de Muret. Avec les Fleurs, Frases, &amp; Expositions Morales mises \u00e0 la fin de chasque Scene. Le Fran\u00e7ois correspondant au Latin. - Libairie Clavreuil\" \/>\n<meta property=\"og:description\" content=\"12mo (118 x 72 mm) 8 fnn.ll., 367 num.ll. Contemporary vellum.\" \/>\n<meta property=\"og:url\" content=\"https:\/\/www.librairieclavreuil.com\/produit\/terence-les-six-comedies-corrigees-en-presque-infinis-endroits-par-m-ant-de-muret-avec-les-fleurs-frases-expositions-morales-mises-a-la-fin-de-chasque-scene-le-francois-correspondant-a\/\" \/>\n<meta property=\"og:site_name\" content=\"Libairie Clavreuil\" \/>\n<meta property=\"article:modified_time\" content=\"2024-07-10T15:41:57+00:00\" \/>\n<meta property=\"og:image\" content=\"https:\/\/www.librairieclavreuil.com\/wp-content\/uploads\/2024\/07\/terence-les-six-comedies-corrigees-en-presque-infinis-endroits-par-m-ant-de-muret-avec-les-fleurs-frases-expositions-morales-mises-a-la-fin-de-chasque.jpg\" \/>\n\t<meta property=\"og:image:width\" content=\"603\" \/>\n\t<meta property=\"og:image:height\" content=\"800\" \/>\n\t<meta property=\"og:image:type\" content=\"image\/jpeg\" \/>\n<meta name=\"twitter:card\" content=\"summary_large_image\" \/>\n<script type=\"application\/ld+json\" class=\"yoast-schema-graph\">{\"@context\":\"https:\/\/schema.org\",\"@graph\":[{\"@type\":\"WebPage\",\"@id\":\"https:\/\/www.librairieclavreuil.com\/produit\/terence-les-six-comedies-corrigees-en-presque-infinis-endroits-par-m-ant-de-muret-avec-les-fleurs-frases-expositions-morales-mises-a-la-fin-de-chasque-scene-le-francois-correspondant-a\/\",\"url\":\"https:\/\/www.librairieclavreuil.com\/produit\/terence-les-six-comedies-corrigees-en-presque-infinis-endroits-par-m-ant-de-muret-avec-les-fleurs-frases-expositions-morales-mises-a-la-fin-de-chasque-scene-le-francois-correspondant-a\/\",\"name\":\"TERENCE Les six Com\u00e9dies... corrig\u00e9es en presque infinis endroits par M. Ant. de Muret. Avec les Fleurs, Frases, &amp; Expositions Morales mises \u00e0 la fin de chasque Scene. Le Fran\u00e7ois correspondant au Latin. - Libairie Clavreuil\",\"isPartOf\":{\"@id\":\"https:\/\/www.librairieclavreuil.com\/#website\"},\"primaryImageOfPage\":{\"@id\":\"https:\/\/www.librairieclavreuil.com\/produit\/terence-les-six-comedies-corrigees-en-presque-infinis-endroits-par-m-ant-de-muret-avec-les-fleurs-frases-expositions-morales-mises-a-la-fin-de-chasque-scene-le-francois-correspondant-a\/#primaryimage\"},\"image\":{\"@id\":\"https:\/\/www.librairieclavreuil.com\/produit\/terence-les-six-comedies-corrigees-en-presque-infinis-endroits-par-m-ant-de-muret-avec-les-fleurs-frases-expositions-morales-mises-a-la-fin-de-chasque-scene-le-francois-correspondant-a\/#primaryimage\"},\"thumbnailUrl\":\"https:\/\/www.librairieclavreuil.com\/wp-content\/uploads\/2024\/07\/terence-les-six-comedies-corrigees-en-presque-infinis-endroits-par-m-ant-de-muret-avec-les-fleurs-frases-expositions-morales-mises-a-la-fin-de-chasque.jpg\",\"datePublished\":\"2024-07-10T15:41:44+00:00\",\"dateModified\":\"2024-07-10T15:41:57+00:00\",\"breadcrumb\":{\"@id\":\"https:\/\/www.librairieclavreuil.com\/produit\/terence-les-six-comedies-corrigees-en-presque-infinis-endroits-par-m-ant-de-muret-avec-les-fleurs-frases-expositions-morales-mises-a-la-fin-de-chasque-scene-le-francois-correspondant-a\/#breadcrumb\"},\"inLanguage\":\"en-US\",\"potentialAction\":[{\"@type\":\"ReadAction\",\"target\":[\"https:\/\/www.librairieclavreuil.com\/produit\/terence-les-six-comedies-corrigees-en-presque-infinis-endroits-par-m-ant-de-muret-avec-les-fleurs-frases-expositions-morales-mises-a-la-fin-de-chasque-scene-le-francois-correspondant-a\/\"]}]},{\"@type\":\"ImageObject\",\"inLanguage\":\"en-US\",\"@id\":\"https:\/\/www.librairieclavreuil.com\/produit\/terence-les-six-comedies-corrigees-en-presque-infinis-endroits-par-m-ant-de-muret-avec-les-fleurs-frases-expositions-morales-mises-a-la-fin-de-chasque-scene-le-francois-correspondant-a\/#primaryimage\",\"url\":\"https:\/\/www.librairieclavreuil.com\/wp-content\/uploads\/2024\/07\/terence-les-six-comedies-corrigees-en-presque-infinis-endroits-par-m-ant-de-muret-avec-les-fleurs-frases-expositions-morales-mises-a-la-fin-de-chasque.jpg\",\"contentUrl\":\"https:\/\/www.librairieclavreuil.com\/wp-content\/uploads\/2024\/07\/terence-les-six-comedies-corrigees-en-presque-infinis-endroits-par-m-ant-de-muret-avec-les-fleurs-frases-expositions-morales-mises-a-la-fin-de-chasque.jpg\",\"width\":603,\"height\":800},{\"@type\":\"BreadcrumbList\",\"@id\":\"https:\/\/www.librairieclavreuil.com\/produit\/terence-les-six-comedies-corrigees-en-presque-infinis-endroits-par-m-ant-de-muret-avec-les-fleurs-frases-expositions-morales-mises-a-la-fin-de-chasque-scene-le-francois-correspondant-a\/#breadcrumb\",\"itemListElement\":[{\"@type\":\"ListItem\",\"position\":1,\"name\":\"Accueil\",\"item\":\"https:\/\/www.librairieclavreuil.com\/\"},{\"@type\":\"ListItem\",\"position\":2,\"name\":\"All our books\",\"item\":\"https:\/\/www.librairieclavreuil.com\/en\/all-our-books\/\"},{\"@type\":\"ListItem\",\"position\":3,\"name\":\"TERENCE Les six Com\u00e9dies&#8230; corrig\u00e9es en presque infinis...\"}]},{\"@type\":\"WebSite\",\"@id\":\"https:\/\/www.librairieclavreuil.com\/#website\",\"url\":\"https:\/\/www.librairieclavreuil.com\/\",\"name\":\"Libairie Clavreuil\",\"description\":\"Livres anciens, manuscrits rares et \u00e9ditions originales \u2013 Librairie Clavreuil\",\"publisher\":{\"@id\":\"https:\/\/www.librairieclavreuil.com\/#organization\"},\"potentialAction\":[{\"@type\":\"SearchAction\",\"target\":{\"@type\":\"EntryPoint\",\"urlTemplate\":\"https:\/\/www.librairieclavreuil.com\/?s={search_term_string}\"},\"query-input\":{\"@type\":\"PropertyValueSpecification\",\"valueRequired\":true,\"valueName\":\"search_term_string\"}}],\"inLanguage\":\"en-US\"},{\"@type\":\"Organization\",\"@id\":\"https:\/\/www.librairieclavreuil.com\/#organization\",\"name\":\"Libairie Clavreuil\",\"url\":\"https:\/\/www.librairieclavreuil.com\/\",\"logo\":{\"@type\":\"ImageObject\",\"inLanguage\":\"en-US\",\"@id\":\"https:\/\/www.librairieclavreuil.com\/#\/schema\/logo\/image\/\",\"url\":\"https:\/\/www.librairieclavreuil.com\/wp-content\/uploads\/2021\/06\/cropped-LOGO_PNG_DATE-_gold-512x512-1.png\",\"contentUrl\":\"https:\/\/www.librairieclavreuil.com\/wp-content\/uploads\/2021\/06\/cropped-LOGO_PNG_DATE-_gold-512x512-1.png\",\"width\":512,\"height\":512,\"caption\":\"Libairie Clavreuil\"},\"image\":{\"@id\":\"https:\/\/www.librairieclavreuil.com\/#\/schema\/logo\/image\/\"},\"sameAs\":[\"https:\/\/www.instagram.com\/librairieclavreuil\/\"]}]}<\/script>\n<!-- \/ Yoast SEO plugin. -->","yoast_head_json":{"title":"TERENCE  Les six Com\u00e9dies... corrig\u00e9es en presque infinis endroits par M. Ant. de Muret. Avec les Fleurs, Frases, &amp; Expositions Morales mises \u00e0 la fin de chasque Scene. Le Fran\u00e7ois correspondant au Latin. - Libairie Clavreuil","robots":{"index":"index","follow":"follow","max-snippet":"max-snippet:-1","max-image-preview":"max-image-preview:large","max-video-preview":"max-video-preview:-1"},"canonical":"https:\/\/www.librairieclavreuil.com\/produit\/terence-les-six-comedies-corrigees-en-presque-infinis-endroits-par-m-ant-de-muret-avec-les-fleurs-frases-expositions-morales-mises-a-la-fin-de-chasque-scene-le-francois-correspondant-a\/","og_locale":"en_US","og_type":"article","og_title":"TERENCE  Les six Com\u00e9dies... corrig\u00e9es en presque infinis endroits par M. Ant. de Muret. Avec les Fleurs, Frases, &amp; Expositions Morales mises \u00e0 la fin de chasque Scene. Le Fran\u00e7ois correspondant au Latin. - Libairie Clavreuil","og_description":"12mo (118 x 72 mm) 8 fnn.ll., 367 num.ll. Contemporary vellum.","og_url":"https:\/\/www.librairieclavreuil.com\/produit\/terence-les-six-comedies-corrigees-en-presque-infinis-endroits-par-m-ant-de-muret-avec-les-fleurs-frases-expositions-morales-mises-a-la-fin-de-chasque-scene-le-francois-correspondant-a\/","og_site_name":"Libairie Clavreuil","article_modified_time":"2024-07-10T15:41:57+00:00","og_image":[{"width":603,"height":800,"url":"https:\/\/www.librairieclavreuil.com\/wp-content\/uploads\/2024\/07\/terence-les-six-comedies-corrigees-en-presque-infinis-endroits-par-m-ant-de-muret-avec-les-fleurs-frases-expositions-morales-mises-a-la-fin-de-chasque.jpg","type":"image\/jpeg"}],"twitter_card":"summary_large_image","schema":{"@context":"https:\/\/schema.org","@graph":[{"@type":"WebPage","@id":"https:\/\/www.librairieclavreuil.com\/produit\/terence-les-six-comedies-corrigees-en-presque-infinis-endroits-par-m-ant-de-muret-avec-les-fleurs-frases-expositions-morales-mises-a-la-fin-de-chasque-scene-le-francois-correspondant-a\/","url":"https:\/\/www.librairieclavreuil.com\/produit\/terence-les-six-comedies-corrigees-en-presque-infinis-endroits-par-m-ant-de-muret-avec-les-fleurs-frases-expositions-morales-mises-a-la-fin-de-chasque-scene-le-francois-correspondant-a\/","name":"TERENCE Les six Com\u00e9dies... corrig\u00e9es en presque infinis endroits par M. Ant. de Muret. Avec les Fleurs, Frases, &amp; Expositions Morales mises \u00e0 la fin de chasque Scene. Le Fran\u00e7ois correspondant au Latin. - Libairie Clavreuil","isPartOf":{"@id":"https:\/\/www.librairieclavreuil.com\/#website"},"primaryImageOfPage":{"@id":"https:\/\/www.librairieclavreuil.com\/produit\/terence-les-six-comedies-corrigees-en-presque-infinis-endroits-par-m-ant-de-muret-avec-les-fleurs-frases-expositions-morales-mises-a-la-fin-de-chasque-scene-le-francois-correspondant-a\/#primaryimage"},"image":{"@id":"https:\/\/www.librairieclavreuil.com\/produit\/terence-les-six-comedies-corrigees-en-presque-infinis-endroits-par-m-ant-de-muret-avec-les-fleurs-frases-expositions-morales-mises-a-la-fin-de-chasque-scene-le-francois-correspondant-a\/#primaryimage"},"thumbnailUrl":"https:\/\/www.librairieclavreuil.com\/wp-content\/uploads\/2024\/07\/terence-les-six-comedies-corrigees-en-presque-infinis-endroits-par-m-ant-de-muret-avec-les-fleurs-frases-expositions-morales-mises-a-la-fin-de-chasque.jpg","datePublished":"2024-07-10T15:41:44+00:00","dateModified":"2024-07-10T15:41:57+00:00","breadcrumb":{"@id":"https:\/\/www.librairieclavreuil.com\/produit\/terence-les-six-comedies-corrigees-en-presque-infinis-endroits-par-m-ant-de-muret-avec-les-fleurs-frases-expositions-morales-mises-a-la-fin-de-chasque-scene-le-francois-correspondant-a\/#breadcrumb"},"inLanguage":"en-US","potentialAction":[{"@type":"ReadAction","target":["https:\/\/www.librairieclavreuil.com\/produit\/terence-les-six-comedies-corrigees-en-presque-infinis-endroits-par-m-ant-de-muret-avec-les-fleurs-frases-expositions-morales-mises-a-la-fin-de-chasque-scene-le-francois-correspondant-a\/"]}]},{"@type":"ImageObject","inLanguage":"en-US","@id":"https:\/\/www.librairieclavreuil.com\/produit\/terence-les-six-comedies-corrigees-en-presque-infinis-endroits-par-m-ant-de-muret-avec-les-fleurs-frases-expositions-morales-mises-a-la-fin-de-chasque-scene-le-francois-correspondant-a\/#primaryimage","url":"https:\/\/www.librairieclavreuil.com\/wp-content\/uploads\/2024\/07\/terence-les-six-comedies-corrigees-en-presque-infinis-endroits-par-m-ant-de-muret-avec-les-fleurs-frases-expositions-morales-mises-a-la-fin-de-chasque.jpg","contentUrl":"https:\/\/www.librairieclavreuil.com\/wp-content\/uploads\/2024\/07\/terence-les-six-comedies-corrigees-en-presque-infinis-endroits-par-m-ant-de-muret-avec-les-fleurs-frases-expositions-morales-mises-a-la-fin-de-chasque.jpg","width":603,"height":800},{"@type":"BreadcrumbList","@id":"https:\/\/www.librairieclavreuil.com\/produit\/terence-les-six-comedies-corrigees-en-presque-infinis-endroits-par-m-ant-de-muret-avec-les-fleurs-frases-expositions-morales-mises-a-la-fin-de-chasque-scene-le-francois-correspondant-a\/#breadcrumb","itemListElement":[{"@type":"ListItem","position":1,"name":"Accueil","item":"https:\/\/www.librairieclavreuil.com\/"},{"@type":"ListItem","position":2,"name":"All our books","item":"https:\/\/www.librairieclavreuil.com\/en\/all-our-books\/"},{"@type":"ListItem","position":3,"name":"TERENCE Les six Com\u00e9dies&#8230; corrig\u00e9es en presque infinis..."}]},{"@type":"WebSite","@id":"https:\/\/www.librairieclavreuil.com\/#website","url":"https:\/\/www.librairieclavreuil.com\/","name":"Libairie Clavreuil","description":"Livres anciens, manuscrits rares et \u00e9ditions originales \u2013 Librairie Clavreuil","publisher":{"@id":"https:\/\/www.librairieclavreuil.com\/#organization"},"potentialAction":[{"@type":"SearchAction","target":{"@type":"EntryPoint","urlTemplate":"https:\/\/www.librairieclavreuil.com\/?s={search_term_string}"},"query-input":{"@type":"PropertyValueSpecification","valueRequired":true,"valueName":"search_term_string"}}],"inLanguage":"en-US"},{"@type":"Organization","@id":"https:\/\/www.librairieclavreuil.com\/#organization","name":"Libairie Clavreuil","url":"https:\/\/www.librairieclavreuil.com\/","logo":{"@type":"ImageObject","inLanguage":"en-US","@id":"https:\/\/www.librairieclavreuil.com\/#\/schema\/logo\/image\/","url":"https:\/\/www.librairieclavreuil.com\/wp-content\/uploads\/2021\/06\/cropped-LOGO_PNG_DATE-_gold-512x512-1.png","contentUrl":"https:\/\/www.librairieclavreuil.com\/wp-content\/uploads\/2021\/06\/cropped-LOGO_PNG_DATE-_gold-512x512-1.png","width":512,"height":512,"caption":"Libairie Clavreuil"},"image":{"@id":"https:\/\/www.librairieclavreuil.com\/#\/schema\/logo\/image\/"},"sameAs":["https:\/\/www.instagram.com\/librairieclavreuil\/"]}]}},"jetpack_sharing_enabled":true,"_links":{"self":[{"href":"https:\/\/www.librairieclavreuil.com\/en\/wp-json\/wp\/v2\/product\/79691","targetHints":{"allow":["GET"]}}],"collection":[{"href":"https:\/\/www.librairieclavreuil.com\/en\/wp-json\/wp\/v2\/product"}],"about":[{"href":"https:\/\/www.librairieclavreuil.com\/en\/wp-json\/wp\/v2\/types\/product"}],"replies":[{"embeddable":true,"href":"https:\/\/www.librairieclavreuil.com\/en\/wp-json\/wp\/v2\/comments?post=79691"}],"wp:featuredmedia":[{"embeddable":true,"href":"https:\/\/www.librairieclavreuil.com\/en\/wp-json\/wp\/v2\/media\/79686"}],"wp:attachment":[{"href":"https:\/\/www.librairieclavreuil.com\/en\/wp-json\/wp\/v2\/media?parent=79691"}],"wp:term":[{"taxonomy":"product_brand","embeddable":true,"href":"https:\/\/www.librairieclavreuil.com\/en\/wp-json\/wp\/v2\/product_brand?post=79691"},{"taxonomy":"product_cat","embeddable":true,"href":"https:\/\/www.librairieclavreuil.com\/en\/wp-json\/wp\/v2\/product_cat?post=79691"},{"taxonomy":"product_tag","embeddable":true,"href":"https:\/\/www.librairieclavreuil.com\/en\/wp-json\/wp\/v2\/product_tag?post=79691"}],"curies":[{"name":"wp","href":"https:\/\/api.w.org\/{rel}","templated":true}]}}