{"id":79667,"date":"2024-07-10T17:40:41","date_gmt":"2024-07-10T15:40:41","guid":{"rendered":"https:\/\/www.librairieclavreuil.com\/desportes-philippe-les-premieres-oevvres-reveues-corrigees-augmentees-outre-les-precedentes-impressions-relie-a-la-suite-pseaumes-de-david-mis-en-vers-francois-par-ph-des-portes\/"},"modified":"2024-07-10T17:40:55","modified_gmt":"2024-07-10T15:40:55","slug":"desportes-philippe-les-premieres-oevvres-reveues-corrigees-augmentees-outre-les-precedentes-impressions-relie-a-la-suite-pseaumes-de-david-mis-en-vers-francois-par-ph-des-portes","status":"publish","type":"product","link":"https:\/\/www.librairieclavreuil.com\/en\/desportes-philippe-les-premieres-oevvres-reveues-corrigees-augmentees-outre-les-precedentes-impressions-relie-a-la-suite-pseaumes-de-david-mis-en-vers-francois-par-ph-des-portes\/","title":{"rendered":"DESPORTES Philippe Les Premi\u00e8res oevvres&#8230; Reveu\u00ebs, corrigees &amp;..."},"content":{"rendered":"<p style=\"text-align:justify\"><i>Brunet, II, 647 ; Tchemerzine-Scheler, II, 888e, 893 &amp; 894 ; Jean Paul Barbier, Ma biblioth\u00e8que po\u00e9tique, IVe partie, t. II, pp. 78-84 ; not in Adams.<\/i><\/p>\n<p>A precious collection of secular and religious works by Philippe Desportes. This is one of the best editions of this 16th-century poet, &#8220;more precious for its variants than for its one unpublished piece&#8221;, says Jean Paul Barbier, and one that is rarely found complete with all four parts, each with its own title. These four small volumes were published by Rapha\u00ebl du Petit Val in Rouen, where Desportes, a former adviser and prot\u00e9g\u00e9 of Henry III, had taken refuge after joining the League. In 1594, after taking part in the defence of the city against Henry IV&#8217;s armies, Desportes offered to mediate in the negotiations that led to the surrender of the last Norman towns loyal to the League. Philippe Desportes (1546-1606) was very famous and widely published during his lifetime &#8211; especially during the reign of Henry III &#8211; and was often compared to Ronsard. Literary history has put this charming poet back in his rightful place, and we still appreciate &#8220;the simplicity and clarity of his style and language, his ease and suavity. Between the Pl\u00e9iade and Malherbe, Desportes occupies a not inconsiderable place of transition&#8221; (see Jacques Brosse).<\/p>\n<p>A very fine copy, in an elegant Jansenist binding by Thibaron-Joly.<\/p>\n","protected":false},"excerpt":{"rendered":"<p style=\"text-align:justify\">4 parts in 1 volume, 12mo (139 x 78 mm) 6 unn.ll., 661 pp., 10 nn.ll. for part I ; 167 pp., 4 nn.ll. for part II ; 35 pp. for part III ; 37 num.ll. for part IV. Nineteenth-century Janseniste red morocco by Thibaron-Joly, spine with raised bands, marbled and gilt edges, matching slipcase.<\/p>\n","protected":false},"featured_media":79660,"comment_status":"open","ping_status":"closed","template":"","meta":{"_acf_changed":false},"product_brand":[],"product_cat":[544],"product_tag":[1243],"class_list":{"0":"post-79667","1":"product","2":"type-product","3":"status-publish","4":"has-post-thumbnail","6":"product_cat-literature","7":"product_tag-16th-century-literature","8":"pa_auteur-desportes-philippe-2","9":"pa_type-de-livre-printed-book","11":"first","12":"instock","13":"shipping-taxable","14":"purchasable","15":"product-type-simple"},"acf":{"artist":" Philippe DESPORTES","chapeau":"","adresse_bibliographique":"Rouen, Rapha\u00ebl du Petit Val, 1594","book_type":"Printed book","provenance":"","afficher_prix":""},"yoast_head":"<!-- This site is optimized with the Yoast SEO plugin v24.7 - https:\/\/yoast.com\/wordpress\/plugins\/seo\/ -->\n<title>DESPORTES Philippe Les Premi\u00e8res oevvres... Reveu\u00ebs, corrigees &amp; augmentees outre les precedentes impressions. [Reli\u00e9 \u00e0 la suite :] Pseaumes de David mis en vers fran\u00e7ois. Par Ph. des Portes... [Reli\u00e9 \u00e0 la suite :] Prieres et autres Oevvres chrestiennes. Par Philippe des Portes... [Reli\u00e9 \u00e0 la fin :] Quelques prieres et m\u00e9ditations chrestiennes. Par Ph. D. P. - Libairie Clavreuil<\/title>\n<meta name=\"robots\" content=\"index, follow, max-snippet:-1, max-image-preview:large, max-video-preview:-1\" \/>\n<link rel=\"canonical\" href=\"https:\/\/www.librairieclavreuil.com\/produit\/desportes-philippe-les-premieres-oevvres-reveues-corrigees-augmentees-outre-les-precedentes-impressions-relie-a-la-suite-pseaumes-de-david-mis-en-vers-francois-par-ph-des-portes\/\" \/>\n<meta property=\"og:locale\" content=\"en_US\" \/>\n<meta property=\"og:type\" content=\"article\" \/>\n<meta property=\"og:title\" content=\"DESPORTES Philippe Les Premi\u00e8res oevvres... Reveu\u00ebs, corrigees &amp; augmentees outre les precedentes impressions. [Reli\u00e9 \u00e0 la suite :] Pseaumes de David mis en vers fran\u00e7ois. Par Ph. des Portes... [Reli\u00e9 \u00e0 la suite :] Prieres et autres Oevvres chrestiennes. Par Philippe des Portes... [Reli\u00e9 \u00e0 la fin :] Quelques prieres et m\u00e9ditations chrestiennes. Par Ph. D. P. - Libairie Clavreuil\" \/>\n<meta property=\"og:description\" content=\"4 parts in 1 volume, 12mo (139 x 78 mm) 6 unn.ll., 661 pp., 10 nn.ll. for part I ; 167 pp., 4 nn.ll. for part II ; 35 pp. for part III ; 37 num.ll. for part IV. Nineteenth-century Janseniste red morocco by Thibaron-Joly, spine with raised bands, marbled and gilt edges, matching slipcase.\" \/>\n<meta property=\"og:url\" content=\"https:\/\/www.librairieclavreuil.com\/produit\/desportes-philippe-les-premieres-oevvres-reveues-corrigees-augmentees-outre-les-precedentes-impressions-relie-a-la-suite-pseaumes-de-david-mis-en-vers-francois-par-ph-des-portes\/\" \/>\n<meta property=\"og:site_name\" content=\"Libairie Clavreuil\" \/>\n<meta property=\"article:modified_time\" content=\"2024-07-10T15:40:55+00:00\" \/>\n<meta property=\"og:image\" content=\"https:\/\/www.librairieclavreuil.com\/wp-content\/uploads\/2024\/07\/philippe-desportes-les-premieres-oevvres-reveues-corrigees-augmentees-outre-les-precedentes-impressions-relie-a-la-suite-pseaumes-de-david-mis-en-vers.jpg\" \/>\n\t<meta property=\"og:image:width\" content=\"407\" \/>\n\t<meta property=\"og:image:height\" content=\"800\" \/>\n\t<meta property=\"og:image:type\" content=\"image\/jpeg\" \/>\n<meta name=\"twitter:card\" content=\"summary_large_image\" \/>\n<meta name=\"twitter:label1\" content=\"Est. reading time\" \/>\n\t<meta name=\"twitter:data1\" content=\"1 minute\" \/>\n<script type=\"application\/ld+json\" class=\"yoast-schema-graph\">{\"@context\":\"https:\/\/schema.org\",\"@graph\":[{\"@type\":\"WebPage\",\"@id\":\"https:\/\/www.librairieclavreuil.com\/produit\/desportes-philippe-les-premieres-oevvres-reveues-corrigees-augmentees-outre-les-precedentes-impressions-relie-a-la-suite-pseaumes-de-david-mis-en-vers-francois-par-ph-des-portes\/\",\"url\":\"https:\/\/www.librairieclavreuil.com\/produit\/desportes-philippe-les-premieres-oevvres-reveues-corrigees-augmentees-outre-les-precedentes-impressions-relie-a-la-suite-pseaumes-de-david-mis-en-vers-francois-par-ph-des-portes\/\",\"name\":\"DESPORTES Philippe Les Premi\u00e8res oevvres... Reveu\u00ebs, corrigees &amp; augmentees outre les precedentes impressions. [Reli\u00e9 \u00e0 la suite :] Pseaumes de David mis en vers fran\u00e7ois. Par Ph. des Portes... [Reli\u00e9 \u00e0 la suite :] Prieres et autres Oevvres chrestiennes. Par Philippe des Portes... [Reli\u00e9 \u00e0 la fin :] Quelques prieres et m\u00e9ditations chrestiennes. Par Ph. D. P. - Libairie Clavreuil\",\"isPartOf\":{\"@id\":\"https:\/\/www.librairieclavreuil.com\/#website\"},\"primaryImageOfPage\":{\"@id\":\"https:\/\/www.librairieclavreuil.com\/produit\/desportes-philippe-les-premieres-oevvres-reveues-corrigees-augmentees-outre-les-precedentes-impressions-relie-a-la-suite-pseaumes-de-david-mis-en-vers-francois-par-ph-des-portes\/#primaryimage\"},\"image\":{\"@id\":\"https:\/\/www.librairieclavreuil.com\/produit\/desportes-philippe-les-premieres-oevvres-reveues-corrigees-augmentees-outre-les-precedentes-impressions-relie-a-la-suite-pseaumes-de-david-mis-en-vers-francois-par-ph-des-portes\/#primaryimage\"},\"thumbnailUrl\":\"https:\/\/www.librairieclavreuil.com\/wp-content\/uploads\/2024\/07\/philippe-desportes-les-premieres-oevvres-reveues-corrigees-augmentees-outre-les-precedentes-impressions-relie-a-la-suite-pseaumes-de-david-mis-en-vers.jpg\",\"datePublished\":\"2024-07-10T15:40:41+00:00\",\"dateModified\":\"2024-07-10T15:40:55+00:00\",\"breadcrumb\":{\"@id\":\"https:\/\/www.librairieclavreuil.com\/produit\/desportes-philippe-les-premieres-oevvres-reveues-corrigees-augmentees-outre-les-precedentes-impressions-relie-a-la-suite-pseaumes-de-david-mis-en-vers-francois-par-ph-des-portes\/#breadcrumb\"},\"inLanguage\":\"en-US\",\"potentialAction\":[{\"@type\":\"ReadAction\",\"target\":[\"https:\/\/www.librairieclavreuil.com\/produit\/desportes-philippe-les-premieres-oevvres-reveues-corrigees-augmentees-outre-les-precedentes-impressions-relie-a-la-suite-pseaumes-de-david-mis-en-vers-francois-par-ph-des-portes\/\"]}]},{\"@type\":\"ImageObject\",\"inLanguage\":\"en-US\",\"@id\":\"https:\/\/www.librairieclavreuil.com\/produit\/desportes-philippe-les-premieres-oevvres-reveues-corrigees-augmentees-outre-les-precedentes-impressions-relie-a-la-suite-pseaumes-de-david-mis-en-vers-francois-par-ph-des-portes\/#primaryimage\",\"url\":\"https:\/\/www.librairieclavreuil.com\/wp-content\/uploads\/2024\/07\/philippe-desportes-les-premieres-oevvres-reveues-corrigees-augmentees-outre-les-precedentes-impressions-relie-a-la-suite-pseaumes-de-david-mis-en-vers.jpg\",\"contentUrl\":\"https:\/\/www.librairieclavreuil.com\/wp-content\/uploads\/2024\/07\/philippe-desportes-les-premieres-oevvres-reveues-corrigees-augmentees-outre-les-precedentes-impressions-relie-a-la-suite-pseaumes-de-david-mis-en-vers.jpg\",\"width\":407,\"height\":800},{\"@type\":\"BreadcrumbList\",\"@id\":\"https:\/\/www.librairieclavreuil.com\/produit\/desportes-philippe-les-premieres-oevvres-reveues-corrigees-augmentees-outre-les-precedentes-impressions-relie-a-la-suite-pseaumes-de-david-mis-en-vers-francois-par-ph-des-portes\/#breadcrumb\",\"itemListElement\":[{\"@type\":\"ListItem\",\"position\":1,\"name\":\"Accueil\",\"item\":\"https:\/\/www.librairieclavreuil.com\/\"},{\"@type\":\"ListItem\",\"position\":2,\"name\":\"All our books\",\"item\":\"https:\/\/www.librairieclavreuil.com\/en\/all-our-books\/\"},{\"@type\":\"ListItem\",\"position\":3,\"name\":\"DESPORTES Philippe Les Premi\u00e8res oevvres&#8230; Reveu\u00ebs, corrigees &amp;...\"}]},{\"@type\":\"WebSite\",\"@id\":\"https:\/\/www.librairieclavreuil.com\/#website\",\"url\":\"https:\/\/www.librairieclavreuil.com\/\",\"name\":\"Libairie Clavreuil\",\"description\":\"Livres anciens, manuscrits rares et \u00e9ditions originales \u2013 Librairie Clavreuil\",\"publisher\":{\"@id\":\"https:\/\/www.librairieclavreuil.com\/#organization\"},\"potentialAction\":[{\"@type\":\"SearchAction\",\"target\":{\"@type\":\"EntryPoint\",\"urlTemplate\":\"https:\/\/www.librairieclavreuil.com\/?s={search_term_string}\"},\"query-input\":{\"@type\":\"PropertyValueSpecification\",\"valueRequired\":true,\"valueName\":\"search_term_string\"}}],\"inLanguage\":\"en-US\"},{\"@type\":\"Organization\",\"@id\":\"https:\/\/www.librairieclavreuil.com\/#organization\",\"name\":\"Libairie Clavreuil\",\"url\":\"https:\/\/www.librairieclavreuil.com\/\",\"logo\":{\"@type\":\"ImageObject\",\"inLanguage\":\"en-US\",\"@id\":\"https:\/\/www.librairieclavreuil.com\/#\/schema\/logo\/image\/\",\"url\":\"https:\/\/www.librairieclavreuil.com\/wp-content\/uploads\/2021\/06\/cropped-LOGO_PNG_DATE-_gold-512x512-1.png\",\"contentUrl\":\"https:\/\/www.librairieclavreuil.com\/wp-content\/uploads\/2021\/06\/cropped-LOGO_PNG_DATE-_gold-512x512-1.png\",\"width\":512,\"height\":512,\"caption\":\"Libairie Clavreuil\"},\"image\":{\"@id\":\"https:\/\/www.librairieclavreuil.com\/#\/schema\/logo\/image\/\"},\"sameAs\":[\"https:\/\/www.instagram.com\/librairieclavreuil\/\"]}]}<\/script>\n<!-- \/ Yoast SEO plugin. -->","yoast_head_json":{"title":"DESPORTES Philippe Les Premi\u00e8res oevvres... Reveu\u00ebs, corrigees &amp; augmentees outre les precedentes impressions. [Reli\u00e9 \u00e0 la suite :] Pseaumes de David mis en vers fran\u00e7ois. Par Ph. des Portes... [Reli\u00e9 \u00e0 la suite :] Prieres et autres Oevvres chrestiennes. Par Philippe des Portes... [Reli\u00e9 \u00e0 la fin :] Quelques prieres et m\u00e9ditations chrestiennes. Par Ph. D. P. - Libairie Clavreuil","robots":{"index":"index","follow":"follow","max-snippet":"max-snippet:-1","max-image-preview":"max-image-preview:large","max-video-preview":"max-video-preview:-1"},"canonical":"https:\/\/www.librairieclavreuil.com\/produit\/desportes-philippe-les-premieres-oevvres-reveues-corrigees-augmentees-outre-les-precedentes-impressions-relie-a-la-suite-pseaumes-de-david-mis-en-vers-francois-par-ph-des-portes\/","og_locale":"en_US","og_type":"article","og_title":"DESPORTES Philippe Les Premi\u00e8res oevvres... Reveu\u00ebs, corrigees &amp; augmentees outre les precedentes impressions. [Reli\u00e9 \u00e0 la suite :] Pseaumes de David mis en vers fran\u00e7ois. Par Ph. des Portes... [Reli\u00e9 \u00e0 la suite :] Prieres et autres Oevvres chrestiennes. Par Philippe des Portes... [Reli\u00e9 \u00e0 la fin :] Quelques prieres et m\u00e9ditations chrestiennes. Par Ph. D. P. - Libairie Clavreuil","og_description":"4 parts in 1 volume, 12mo (139 x 78 mm) 6 unn.ll., 661 pp., 10 nn.ll. for part I ; 167 pp., 4 nn.ll. for part II ; 35 pp. for part III ; 37 num.ll. for part IV. Nineteenth-century Janseniste red morocco by Thibaron-Joly, spine with raised bands, marbled and gilt edges, matching slipcase.","og_url":"https:\/\/www.librairieclavreuil.com\/produit\/desportes-philippe-les-premieres-oevvres-reveues-corrigees-augmentees-outre-les-precedentes-impressions-relie-a-la-suite-pseaumes-de-david-mis-en-vers-francois-par-ph-des-portes\/","og_site_name":"Libairie Clavreuil","article_modified_time":"2024-07-10T15:40:55+00:00","og_image":[{"width":407,"height":800,"url":"https:\/\/www.librairieclavreuil.com\/wp-content\/uploads\/2024\/07\/philippe-desportes-les-premieres-oevvres-reveues-corrigees-augmentees-outre-les-precedentes-impressions-relie-a-la-suite-pseaumes-de-david-mis-en-vers.jpg","type":"image\/jpeg"}],"twitter_card":"summary_large_image","twitter_misc":{"Est. reading time":"1 minute"},"schema":{"@context":"https:\/\/schema.org","@graph":[{"@type":"WebPage","@id":"https:\/\/www.librairieclavreuil.com\/produit\/desportes-philippe-les-premieres-oevvres-reveues-corrigees-augmentees-outre-les-precedentes-impressions-relie-a-la-suite-pseaumes-de-david-mis-en-vers-francois-par-ph-des-portes\/","url":"https:\/\/www.librairieclavreuil.com\/produit\/desportes-philippe-les-premieres-oevvres-reveues-corrigees-augmentees-outre-les-precedentes-impressions-relie-a-la-suite-pseaumes-de-david-mis-en-vers-francois-par-ph-des-portes\/","name":"DESPORTES Philippe Les Premi\u00e8res oevvres... Reveu\u00ebs, corrigees &amp; augmentees outre les precedentes impressions. [Reli\u00e9 \u00e0 la suite :] Pseaumes de David mis en vers fran\u00e7ois. Par Ph. des Portes... [Reli\u00e9 \u00e0 la suite :] Prieres et autres Oevvres chrestiennes. Par Philippe des Portes... [Reli\u00e9 \u00e0 la fin :] Quelques prieres et m\u00e9ditations chrestiennes. Par Ph. D. P. - Libairie Clavreuil","isPartOf":{"@id":"https:\/\/www.librairieclavreuil.com\/#website"},"primaryImageOfPage":{"@id":"https:\/\/www.librairieclavreuil.com\/produit\/desportes-philippe-les-premieres-oevvres-reveues-corrigees-augmentees-outre-les-precedentes-impressions-relie-a-la-suite-pseaumes-de-david-mis-en-vers-francois-par-ph-des-portes\/#primaryimage"},"image":{"@id":"https:\/\/www.librairieclavreuil.com\/produit\/desportes-philippe-les-premieres-oevvres-reveues-corrigees-augmentees-outre-les-precedentes-impressions-relie-a-la-suite-pseaumes-de-david-mis-en-vers-francois-par-ph-des-portes\/#primaryimage"},"thumbnailUrl":"https:\/\/www.librairieclavreuil.com\/wp-content\/uploads\/2024\/07\/philippe-desportes-les-premieres-oevvres-reveues-corrigees-augmentees-outre-les-precedentes-impressions-relie-a-la-suite-pseaumes-de-david-mis-en-vers.jpg","datePublished":"2024-07-10T15:40:41+00:00","dateModified":"2024-07-10T15:40:55+00:00","breadcrumb":{"@id":"https:\/\/www.librairieclavreuil.com\/produit\/desportes-philippe-les-premieres-oevvres-reveues-corrigees-augmentees-outre-les-precedentes-impressions-relie-a-la-suite-pseaumes-de-david-mis-en-vers-francois-par-ph-des-portes\/#breadcrumb"},"inLanguage":"en-US","potentialAction":[{"@type":"ReadAction","target":["https:\/\/www.librairieclavreuil.com\/produit\/desportes-philippe-les-premieres-oevvres-reveues-corrigees-augmentees-outre-les-precedentes-impressions-relie-a-la-suite-pseaumes-de-david-mis-en-vers-francois-par-ph-des-portes\/"]}]},{"@type":"ImageObject","inLanguage":"en-US","@id":"https:\/\/www.librairieclavreuil.com\/produit\/desportes-philippe-les-premieres-oevvres-reveues-corrigees-augmentees-outre-les-precedentes-impressions-relie-a-la-suite-pseaumes-de-david-mis-en-vers-francois-par-ph-des-portes\/#primaryimage","url":"https:\/\/www.librairieclavreuil.com\/wp-content\/uploads\/2024\/07\/philippe-desportes-les-premieres-oevvres-reveues-corrigees-augmentees-outre-les-precedentes-impressions-relie-a-la-suite-pseaumes-de-david-mis-en-vers.jpg","contentUrl":"https:\/\/www.librairieclavreuil.com\/wp-content\/uploads\/2024\/07\/philippe-desportes-les-premieres-oevvres-reveues-corrigees-augmentees-outre-les-precedentes-impressions-relie-a-la-suite-pseaumes-de-david-mis-en-vers.jpg","width":407,"height":800},{"@type":"BreadcrumbList","@id":"https:\/\/www.librairieclavreuil.com\/produit\/desportes-philippe-les-premieres-oevvres-reveues-corrigees-augmentees-outre-les-precedentes-impressions-relie-a-la-suite-pseaumes-de-david-mis-en-vers-francois-par-ph-des-portes\/#breadcrumb","itemListElement":[{"@type":"ListItem","position":1,"name":"Accueil","item":"https:\/\/www.librairieclavreuil.com\/"},{"@type":"ListItem","position":2,"name":"All our books","item":"https:\/\/www.librairieclavreuil.com\/en\/all-our-books\/"},{"@type":"ListItem","position":3,"name":"DESPORTES Philippe Les Premi\u00e8res oevvres&#8230; Reveu\u00ebs, corrigees &amp;..."}]},{"@type":"WebSite","@id":"https:\/\/www.librairieclavreuil.com\/#website","url":"https:\/\/www.librairieclavreuil.com\/","name":"Libairie Clavreuil","description":"Livres anciens, manuscrits rares et \u00e9ditions originales \u2013 Librairie Clavreuil","publisher":{"@id":"https:\/\/www.librairieclavreuil.com\/#organization"},"potentialAction":[{"@type":"SearchAction","target":{"@type":"EntryPoint","urlTemplate":"https:\/\/www.librairieclavreuil.com\/?s={search_term_string}"},"query-input":{"@type":"PropertyValueSpecification","valueRequired":true,"valueName":"search_term_string"}}],"inLanguage":"en-US"},{"@type":"Organization","@id":"https:\/\/www.librairieclavreuil.com\/#organization","name":"Libairie Clavreuil","url":"https:\/\/www.librairieclavreuil.com\/","logo":{"@type":"ImageObject","inLanguage":"en-US","@id":"https:\/\/www.librairieclavreuil.com\/#\/schema\/logo\/image\/","url":"https:\/\/www.librairieclavreuil.com\/wp-content\/uploads\/2021\/06\/cropped-LOGO_PNG_DATE-_gold-512x512-1.png","contentUrl":"https:\/\/www.librairieclavreuil.com\/wp-content\/uploads\/2021\/06\/cropped-LOGO_PNG_DATE-_gold-512x512-1.png","width":512,"height":512,"caption":"Libairie Clavreuil"},"image":{"@id":"https:\/\/www.librairieclavreuil.com\/#\/schema\/logo\/image\/"},"sameAs":["https:\/\/www.instagram.com\/librairieclavreuil\/"]}]}},"jetpack_sharing_enabled":true,"_links":{"self":[{"href":"https:\/\/www.librairieclavreuil.com\/en\/wp-json\/wp\/v2\/product\/79667","targetHints":{"allow":["GET"]}}],"collection":[{"href":"https:\/\/www.librairieclavreuil.com\/en\/wp-json\/wp\/v2\/product"}],"about":[{"href":"https:\/\/www.librairieclavreuil.com\/en\/wp-json\/wp\/v2\/types\/product"}],"replies":[{"embeddable":true,"href":"https:\/\/www.librairieclavreuil.com\/en\/wp-json\/wp\/v2\/comments?post=79667"}],"wp:featuredmedia":[{"embeddable":true,"href":"https:\/\/www.librairieclavreuil.com\/en\/wp-json\/wp\/v2\/media\/79660"}],"wp:attachment":[{"href":"https:\/\/www.librairieclavreuil.com\/en\/wp-json\/wp\/v2\/media?parent=79667"}],"wp:term":[{"taxonomy":"product_brand","embeddable":true,"href":"https:\/\/www.librairieclavreuil.com\/en\/wp-json\/wp\/v2\/product_brand?post=79667"},{"taxonomy":"product_cat","embeddable":true,"href":"https:\/\/www.librairieclavreuil.com\/en\/wp-json\/wp\/v2\/product_cat?post=79667"},{"taxonomy":"product_tag","embeddable":true,"href":"https:\/\/www.librairieclavreuil.com\/en\/wp-json\/wp\/v2\/product_tag?post=79667"}],"curies":[{"name":"wp","href":"https:\/\/api.w.org\/{rel}","templated":true}]}}