{"id":79659,"date":"2024-07-10T17:40:19","date_gmt":"2024-07-10T15:40:19","guid":{"rendered":"https:\/\/www.librairieclavreuil.com\/brach-pierre-de-les-poemes-divises-en-trois-livres\/"},"modified":"2024-07-10T17:40:33","modified_gmt":"2024-07-10T15:40:33","slug":"brach-pierre-de-les-poemes-divises-en-trois-livres","status":"publish","type":"product","link":"https:\/\/www.librairieclavreuil.com\/en\/brach-pierre-de-les-poemes-divises-en-trois-livres\/","title":{"rendered":"BRACH Pierre de Les Poemes&#8230; divis\u00e9s en trois..."},"content":{"rendered":"<p style=\"text-align:justify\"><i>Tchemerzine-Scheler, II, 106 ; Jean Paul Barbier, Ma biblioth\u00e8que po\u00e9tique, IV, pp. 312-324, n\u00b0 53 ; Viollet-le-Duc, p. 331 ; Philippe Desan (dir.), Dictionnaire de Michel de Montaigne, pp. 146-147; Bibliotheca Desaniana, 6.<\/i><\/p>\n<p style=\"text-align:justify\">First edition of this rare collection of poetry. The Bordeaux poet Pierre de Brach (1547-1604), a friend of Michel de Montaigne, Jacques Pelletier du Mans and Guillaume du Bartas, was a lawyer in his home town. In addition to these <i>Po\u00e8mes<\/i>, he was responsible for two adaptations of Torquato Tasso: the <i>Aminta<\/i>, followed by an imitation of Ariosto, and four songs from the <i>Jerusalem Delivered<\/i>.<\/p>\n<p style=\"text-align:justify\">The first of the three books that make up the collection is entitled <i>l&#8217;Aim\u00e9e<\/i>: inspired by Ronsardian and neo-Petrarchan influences, it is dedicated to the author&#8217;s wife, Anne de Perrot, who died prematurely in 1588. The second book contains the <i>Hymne de Bourdeaux<\/i> &#8211; a long poem dedicated to Ronsard on the origins of the town, its antiquities and its famous men &#8211; the <i>Monomachie de David et de Goliath<\/i>, and an <i>Ode sur la paix<\/i>. The third book contains <i>Meslanges<\/i>, including a <i>Voyage en Gascogne<\/i>, written in the company of Du Bartas,&#8221;o\u00f9 de Brach donne l&#8217;essor \u00e0 son talent descriptif tr\u00e8s distingu\u00e9&#8221;,&nbsp;caract\u00e9ristique de cet&nbsp;&#8220;\u00e9crivain correct, un versificateur \u00e9l\u00e9gant et harmonieux, bien sup\u00e9rieur sous ce rapport \u00e0 tous les po\u00ebtes ses contemporains&#8221;&nbsp;(Viollet-le-Duc).<\/p>\n<p style=\"text-align:justify\">&#8220;Le long po\u00e8me d\u00e9di\u00e9 \u00e0 Montaigne&nbsp;[Combat de David et de Goliath]&nbsp;est lui-m\u00eame pr\u00e9c\u00e9d\u00e9 d&#8217;une importante pi\u00e8ce de d\u00e9dicace adress\u00e9e au futur auteur des&nbsp;Essais&#8230; Notons que Montaigne n&#8217;a encore rien publi\u00e9 sous son nom \u00e0 cette date et qu&#8217;il n&#8217;occupe pas encore de fonction politique. L&#8217;amiti\u00e9 de Pierre de Brach et de Montaigne, bien que diff\u00e9rente de celle entre Montaigne et La Bo\u00e9tie, restera durable et constante pendant plus de vingt ans. C&#8217;est peut-\u00eatre sous la recommandation de Pierre de Brach que Montaigne d\u00e9cida d&#8217;imprimer lui aussi ses premiers \u00e9crits chez Simon Millanges. C&#8217;est \u00e9galement en compagnie de Pierre de Brach que Montaigne se rendra \u00e0 Paris en 1588 pour faire imprimer la troisi\u00e8me \u00e9dition des&nbsp;Essais&nbsp;avec un nouveau livre et de nombreuses additions au texte de 1580&#8221; (Desan). L&#8217;amiti\u00e9 entre Pierre de Brach et Montaigne est bien document\u00e9e. Le po\u00e8te bordelais a suivi de pr\u00e8s l&#8217;\u00e9laboration de l\u2019\u00e9dition des&nbsp;Essais de 1588. Quant \u00e0 l&#8217;\u00e9dition posthume donn\u00e9e en 1595 par Mlle de Gournay, il en est l&#8217;un des principaux inspirateurs, ayant \u00e9tabli lui-m\u00eame une copie du &#8220;troisi\u00e8me exemplaire&#8221; corrig\u00e9, confi\u00e9e en 1594 \u00e0 Marie de Gournay (see M. Magnien, in : Dictionnaire de Michel de Montaigne,&nbsp;loc. cit.).<\/p>\n<p style=\"text-align:justify\">The book is illustrated with a woodcut-portrait of the author by Thomas de Leu.<\/p>\n<p style=\"text-align:justify\">Throroughly washed and recased.<\/p>\n","protected":false},"excerpt":{"rendered":"<p style=\"text-align:justify\">4to (218 x 150 mm) 8 n.ll., 220 nn.ll., 2 nn.ll (table). Contemporary flexible vellum.<\/p>\n","protected":false},"featured_media":79654,"comment_status":"open","ping_status":"closed","template":"","meta":{"_acf_changed":false},"product_brand":[],"product_cat":[544],"product_tag":[1243,1450,1478],"class_list":{"0":"post-79659","1":"product","2":"type-product","3":"status-publish","4":"has-post-thumbnail","6":"product_cat-literature","7":"product_tag-16th-century-literature","8":"product_tag-first-edition","9":"product_tag-poetry","10":"pa_auteur-brach-pierre-de-2","11":"pa_type-de-livre-printed-book","13":"first","14":"instock","15":"shipping-taxable","16":"purchasable","17":"product-type-simple"},"acf":{"artist":" Pierre de BRACH","chapeau":"","adresse_bibliographique":"Bordeaux, Simon Millanges, 1576","book_type":"Printed book","provenance":"","afficher_prix":""},"yoast_head":"<!-- This site is optimized with the Yoast SEO plugin v24.7 - https:\/\/yoast.com\/wordpress\/plugins\/seo\/ -->\n<title>BRACH Pierre de Les Poemes... divis\u00e9s en trois livres. - Libairie Clavreuil<\/title>\n<meta name=\"robots\" content=\"index, follow, max-snippet:-1, max-image-preview:large, max-video-preview:-1\" \/>\n<link rel=\"canonical\" href=\"https:\/\/www.librairieclavreuil.com\/en\/brach-pierre-de-les-poemes-divises-en-trois-livres\/\" \/>\n<meta property=\"og:locale\" content=\"en_US\" \/>\n<meta property=\"og:type\" content=\"article\" \/>\n<meta property=\"og:title\" content=\"BRACH Pierre de Les Poemes... divis\u00e9s en trois livres. - Libairie Clavreuil\" \/>\n<meta property=\"og:description\" content=\"4to (218 x 150 mm) 8 n.ll., 220 nn.ll., 2 nn.ll (table). Contemporary flexible vellum.\" \/>\n<meta property=\"og:url\" content=\"https:\/\/www.librairieclavreuil.com\/en\/brach-pierre-de-les-poemes-divises-en-trois-livres\/\" \/>\n<meta property=\"og:site_name\" content=\"Libairie Clavreuil\" \/>\n<meta property=\"article:modified_time\" content=\"2024-07-10T15:40:33+00:00\" \/>\n<meta property=\"og:image\" content=\"https:\/\/www.librairieclavreuil.com\/wp-content\/uploads\/2024\/07\/pierre-de-brach-les-poemes-divises-en-trois-livres-4752-659c24416d6c3.jpg\" \/>\n\t<meta property=\"og:image:width\" content=\"591\" \/>\n\t<meta property=\"og:image:height\" content=\"800\" \/>\n\t<meta property=\"og:image:type\" content=\"image\/jpeg\" \/>\n<meta name=\"twitter:card\" content=\"summary_large_image\" \/>\n<meta name=\"twitter:label1\" content=\"Est. reading time\" \/>\n\t<meta name=\"twitter:data1\" content=\"2 minutes\" \/>\n<script type=\"application\/ld+json\" class=\"yoast-schema-graph\">{\"@context\":\"https:\/\/schema.org\",\"@graph\":[{\"@type\":\"WebPage\",\"@id\":\"https:\/\/www.librairieclavreuil.com\/en\/brach-pierre-de-les-poemes-divises-en-trois-livres\/\",\"url\":\"https:\/\/www.librairieclavreuil.com\/en\/brach-pierre-de-les-poemes-divises-en-trois-livres\/\",\"name\":\"BRACH Pierre de Les Poemes... divis\u00e9s en trois livres. - Libairie Clavreuil\",\"isPartOf\":{\"@id\":\"https:\/\/www.librairieclavreuil.com\/#website\"},\"primaryImageOfPage\":{\"@id\":\"https:\/\/www.librairieclavreuil.com\/en\/brach-pierre-de-les-poemes-divises-en-trois-livres\/#primaryimage\"},\"image\":{\"@id\":\"https:\/\/www.librairieclavreuil.com\/en\/brach-pierre-de-les-poemes-divises-en-trois-livres\/#primaryimage\"},\"thumbnailUrl\":\"https:\/\/www.librairieclavreuil.com\/wp-content\/uploads\/2024\/07\/pierre-de-brach-les-poemes-divises-en-trois-livres-4752-659c24416d6c3.jpg\",\"datePublished\":\"2024-07-10T15:40:19+00:00\",\"dateModified\":\"2024-07-10T15:40:33+00:00\",\"breadcrumb\":{\"@id\":\"https:\/\/www.librairieclavreuil.com\/en\/brach-pierre-de-les-poemes-divises-en-trois-livres\/#breadcrumb\"},\"inLanguage\":\"en-US\",\"potentialAction\":[{\"@type\":\"ReadAction\",\"target\":[\"https:\/\/www.librairieclavreuil.com\/en\/brach-pierre-de-les-poemes-divises-en-trois-livres\/\"]}]},{\"@type\":\"ImageObject\",\"inLanguage\":\"en-US\",\"@id\":\"https:\/\/www.librairieclavreuil.com\/en\/brach-pierre-de-les-poemes-divises-en-trois-livres\/#primaryimage\",\"url\":\"https:\/\/www.librairieclavreuil.com\/wp-content\/uploads\/2024\/07\/pierre-de-brach-les-poemes-divises-en-trois-livres-4752-659c24416d6c3.jpg\",\"contentUrl\":\"https:\/\/www.librairieclavreuil.com\/wp-content\/uploads\/2024\/07\/pierre-de-brach-les-poemes-divises-en-trois-livres-4752-659c24416d6c3.jpg\",\"width\":591,\"height\":800},{\"@type\":\"BreadcrumbList\",\"@id\":\"https:\/\/www.librairieclavreuil.com\/en\/brach-pierre-de-les-poemes-divises-en-trois-livres\/#breadcrumb\",\"itemListElement\":[{\"@type\":\"ListItem\",\"position\":1,\"name\":\"Accueil\",\"item\":\"https:\/\/www.librairieclavreuil.com\/\"},{\"@type\":\"ListItem\",\"position\":2,\"name\":\"All our books\",\"item\":\"https:\/\/www.librairieclavreuil.com\/en\/all-our-books\/\"},{\"@type\":\"ListItem\",\"position\":3,\"name\":\"BRACH Pierre de Les Poemes&#8230; divis\u00e9s en trois livres.\"}]},{\"@type\":\"WebSite\",\"@id\":\"https:\/\/www.librairieclavreuil.com\/#website\",\"url\":\"https:\/\/www.librairieclavreuil.com\/\",\"name\":\"Libairie Clavreuil\",\"description\":\"Livres anciens, manuscrits rares et \u00e9ditions originales \u2013 Librairie Clavreuil\",\"publisher\":{\"@id\":\"https:\/\/www.librairieclavreuil.com\/#organization\"},\"potentialAction\":[{\"@type\":\"SearchAction\",\"target\":{\"@type\":\"EntryPoint\",\"urlTemplate\":\"https:\/\/www.librairieclavreuil.com\/?s={search_term_string}\"},\"query-input\":{\"@type\":\"PropertyValueSpecification\",\"valueRequired\":true,\"valueName\":\"search_term_string\"}}],\"inLanguage\":\"en-US\"},{\"@type\":\"Organization\",\"@id\":\"https:\/\/www.librairieclavreuil.com\/#organization\",\"name\":\"Libairie Clavreuil\",\"url\":\"https:\/\/www.librairieclavreuil.com\/\",\"logo\":{\"@type\":\"ImageObject\",\"inLanguage\":\"en-US\",\"@id\":\"https:\/\/www.librairieclavreuil.com\/#\/schema\/logo\/image\/\",\"url\":\"https:\/\/www.librairieclavreuil.com\/wp-content\/uploads\/2021\/06\/cropped-LOGO_PNG_DATE-_gold-512x512-1.png\",\"contentUrl\":\"https:\/\/www.librairieclavreuil.com\/wp-content\/uploads\/2021\/06\/cropped-LOGO_PNG_DATE-_gold-512x512-1.png\",\"width\":512,\"height\":512,\"caption\":\"Libairie Clavreuil\"},\"image\":{\"@id\":\"https:\/\/www.librairieclavreuil.com\/#\/schema\/logo\/image\/\"},\"sameAs\":[\"https:\/\/www.instagram.com\/librairieclavreuil\/\"]}]}<\/script>\n<!-- \/ Yoast SEO plugin. -->","yoast_head_json":{"title":"BRACH Pierre de Les Poemes... divis\u00e9s en trois livres. - Libairie Clavreuil","robots":{"index":"index","follow":"follow","max-snippet":"max-snippet:-1","max-image-preview":"max-image-preview:large","max-video-preview":"max-video-preview:-1"},"canonical":"https:\/\/www.librairieclavreuil.com\/en\/brach-pierre-de-les-poemes-divises-en-trois-livres\/","og_locale":"en_US","og_type":"article","og_title":"BRACH Pierre de Les Poemes... divis\u00e9s en trois livres. - Libairie Clavreuil","og_description":"4to (218 x 150 mm) 8 n.ll., 220 nn.ll., 2 nn.ll (table). Contemporary flexible vellum.","og_url":"https:\/\/www.librairieclavreuil.com\/en\/brach-pierre-de-les-poemes-divises-en-trois-livres\/","og_site_name":"Libairie Clavreuil","article_modified_time":"2024-07-10T15:40:33+00:00","og_image":[{"width":591,"height":800,"url":"https:\/\/www.librairieclavreuil.com\/wp-content\/uploads\/2024\/07\/pierre-de-brach-les-poemes-divises-en-trois-livres-4752-659c24416d6c3.jpg","type":"image\/jpeg"}],"twitter_card":"summary_large_image","twitter_misc":{"Est. reading time":"2 minutes"},"schema":{"@context":"https:\/\/schema.org","@graph":[{"@type":"WebPage","@id":"https:\/\/www.librairieclavreuil.com\/en\/brach-pierre-de-les-poemes-divises-en-trois-livres\/","url":"https:\/\/www.librairieclavreuil.com\/en\/brach-pierre-de-les-poemes-divises-en-trois-livres\/","name":"BRACH Pierre de Les Poemes... divis\u00e9s en trois livres. - Libairie Clavreuil","isPartOf":{"@id":"https:\/\/www.librairieclavreuil.com\/#website"},"primaryImageOfPage":{"@id":"https:\/\/www.librairieclavreuil.com\/en\/brach-pierre-de-les-poemes-divises-en-trois-livres\/#primaryimage"},"image":{"@id":"https:\/\/www.librairieclavreuil.com\/en\/brach-pierre-de-les-poemes-divises-en-trois-livres\/#primaryimage"},"thumbnailUrl":"https:\/\/www.librairieclavreuil.com\/wp-content\/uploads\/2024\/07\/pierre-de-brach-les-poemes-divises-en-trois-livres-4752-659c24416d6c3.jpg","datePublished":"2024-07-10T15:40:19+00:00","dateModified":"2024-07-10T15:40:33+00:00","breadcrumb":{"@id":"https:\/\/www.librairieclavreuil.com\/en\/brach-pierre-de-les-poemes-divises-en-trois-livres\/#breadcrumb"},"inLanguage":"en-US","potentialAction":[{"@type":"ReadAction","target":["https:\/\/www.librairieclavreuil.com\/en\/brach-pierre-de-les-poemes-divises-en-trois-livres\/"]}]},{"@type":"ImageObject","inLanguage":"en-US","@id":"https:\/\/www.librairieclavreuil.com\/en\/brach-pierre-de-les-poemes-divises-en-trois-livres\/#primaryimage","url":"https:\/\/www.librairieclavreuil.com\/wp-content\/uploads\/2024\/07\/pierre-de-brach-les-poemes-divises-en-trois-livres-4752-659c24416d6c3.jpg","contentUrl":"https:\/\/www.librairieclavreuil.com\/wp-content\/uploads\/2024\/07\/pierre-de-brach-les-poemes-divises-en-trois-livres-4752-659c24416d6c3.jpg","width":591,"height":800},{"@type":"BreadcrumbList","@id":"https:\/\/www.librairieclavreuil.com\/en\/brach-pierre-de-les-poemes-divises-en-trois-livres\/#breadcrumb","itemListElement":[{"@type":"ListItem","position":1,"name":"Accueil","item":"https:\/\/www.librairieclavreuil.com\/"},{"@type":"ListItem","position":2,"name":"All our books","item":"https:\/\/www.librairieclavreuil.com\/en\/all-our-books\/"},{"@type":"ListItem","position":3,"name":"BRACH Pierre de Les Poemes&#8230; divis\u00e9s en trois livres."}]},{"@type":"WebSite","@id":"https:\/\/www.librairieclavreuil.com\/#website","url":"https:\/\/www.librairieclavreuil.com\/","name":"Libairie Clavreuil","description":"Livres anciens, manuscrits rares et \u00e9ditions originales \u2013 Librairie Clavreuil","publisher":{"@id":"https:\/\/www.librairieclavreuil.com\/#organization"},"potentialAction":[{"@type":"SearchAction","target":{"@type":"EntryPoint","urlTemplate":"https:\/\/www.librairieclavreuil.com\/?s={search_term_string}"},"query-input":{"@type":"PropertyValueSpecification","valueRequired":true,"valueName":"search_term_string"}}],"inLanguage":"en-US"},{"@type":"Organization","@id":"https:\/\/www.librairieclavreuil.com\/#organization","name":"Libairie Clavreuil","url":"https:\/\/www.librairieclavreuil.com\/","logo":{"@type":"ImageObject","inLanguage":"en-US","@id":"https:\/\/www.librairieclavreuil.com\/#\/schema\/logo\/image\/","url":"https:\/\/www.librairieclavreuil.com\/wp-content\/uploads\/2021\/06\/cropped-LOGO_PNG_DATE-_gold-512x512-1.png","contentUrl":"https:\/\/www.librairieclavreuil.com\/wp-content\/uploads\/2021\/06\/cropped-LOGO_PNG_DATE-_gold-512x512-1.png","width":512,"height":512,"caption":"Libairie Clavreuil"},"image":{"@id":"https:\/\/www.librairieclavreuil.com\/#\/schema\/logo\/image\/"},"sameAs":["https:\/\/www.instagram.com\/librairieclavreuil\/"]}]}},"jetpack_sharing_enabled":true,"_links":{"self":[{"href":"https:\/\/www.librairieclavreuil.com\/en\/wp-json\/wp\/v2\/product\/79659","targetHints":{"allow":["GET"]}}],"collection":[{"href":"https:\/\/www.librairieclavreuil.com\/en\/wp-json\/wp\/v2\/product"}],"about":[{"href":"https:\/\/www.librairieclavreuil.com\/en\/wp-json\/wp\/v2\/types\/product"}],"replies":[{"embeddable":true,"href":"https:\/\/www.librairieclavreuil.com\/en\/wp-json\/wp\/v2\/comments?post=79659"}],"wp:featuredmedia":[{"embeddable":true,"href":"https:\/\/www.librairieclavreuil.com\/en\/wp-json\/wp\/v2\/media\/79654"}],"wp:attachment":[{"href":"https:\/\/www.librairieclavreuil.com\/en\/wp-json\/wp\/v2\/media?parent=79659"}],"wp:term":[{"taxonomy":"product_brand","embeddable":true,"href":"https:\/\/www.librairieclavreuil.com\/en\/wp-json\/wp\/v2\/product_brand?post=79659"},{"taxonomy":"product_cat","embeddable":true,"href":"https:\/\/www.librairieclavreuil.com\/en\/wp-json\/wp\/v2\/product_cat?post=79659"},{"taxonomy":"product_tag","embeddable":true,"href":"https:\/\/www.librairieclavreuil.com\/en\/wp-json\/wp\/v2\/product_tag?post=79659"}],"curies":[{"name":"wp","href":"https:\/\/api.w.org\/{rel}","templated":true}]}}