{"id":79653,"date":"2024-07-10T17:39:54","date_gmt":"2024-07-10T15:39:54","guid":{"rendered":"https:\/\/www.librairieclavreuil.com\/rapin-rene-les-plaisirs-du-gentilhomme-champestre-augmente-du-quelques-nouveaux-poemes-epigrammes-par-n-r-p\/"},"modified":"2025-06-05T15:55:00","modified_gmt":"2025-06-05T13:55:00","slug":"rapin-rene-les-plaisirs-du-gentilhomme-champestre-augmente-du-quelques-nouveaux-poemes-epigrammes-par-n-r-p","status":"publish","type":"product","link":"https:\/\/www.librairieclavreuil.com\/en\/rapin-rene-les-plaisirs-du-gentilhomme-champestre-augmente-du-quelques-nouveaux-poemes-epigrammes-par-n-r-p\/","title":{"rendered":"RAPIN Ren\u00e9 Les Plaisirs du gentilhomme champestre. Augment\u00e9..."},"content":{"rendered":"<p style=\"text-align:justify\"><i>See Barbier-M\u00fcller, Mignonne, no. 78 (for the 3rd edition 1583) ; Brunet, IV, 1114 (note).<\/i><\/p>\n<p style=\"text-align:justify\">Second edition, very rare, no copy at the BnF. The French catalogue CCF locates one single copy and one copy of the second edition, both in Troyes.<\/p>\n<p>Nicolas Rapin (1539-1608) was a humanist poet whose best-known collection of poetry is <i>Les Plaisirs du gentilhomme champestre<\/i>. Very popular from its first publication in 1575, the collection was reprinted many times between 1575 and 1710. &#8220;The celebration of the simple, wholesome pleasures of country life has been a recurring literary theme since Antiquity. In his Plaisir du Genthilhomme champestre, Nicolas Rapin, a magistrate from Poitou already known for his participation in the poetic games of the Grands jours de Poitiers, drew inspiration from Horace&#8217;s II Epode, which had been translated by Jacques Peletier du Mans&#8221; (see Barbier-M\u00fcller). The verses celebrate country life and the provincial nobility. One of the odes is dedicated to Jacques Auguste de Thou.<\/p>\n<p>A very fine copy, well preserved.<\/p>\n","protected":false},"excerpt":{"rendered":"<p style=\"text-align:justify\">12mo (129 x 74 mm) 38 num.ll. Nineteenth-century dark blue morocco, triple blinfstamped filet on covers, central coat of arms of Du Plessis, spine gilt with raised bands, gilt edges.<\/p>\n","protected":false},"featured_media":79646,"comment_status":"open","ping_status":"closed","template":"","meta":{"_acf_changed":false},"product_brand":[],"product_cat":[544],"product_tag":[1243],"class_list":{"0":"post-79653","1":"product","2":"type-product","3":"status-publish","4":"has-post-thumbnail","6":"product_cat-literature","7":"product_tag-16th-century-literature","8":"pa_auteur-rapin-rene-2","9":"pa_type-de-livre-printed-book","11":"first","12":"outofstock","13":"shipping-taxable","14":"purchasable","15":"product-type-simple"},"acf":{"artist":" Ren\u00e9 RAPIN","chapeau":"","adresse_bibliographique":"Paris, Lucas Breyer, 1581","book_type":"Printed book","provenance":"","afficher_prix":""},"yoast_head":"<!-- This site is optimized with the Yoast SEO plugin v24.7 - https:\/\/yoast.com\/wordpress\/plugins\/seo\/ -->\n<title>RAPIN Ren\u00e9 Les Plaisirs du gentilhomme champestre. Augment\u00e9 du quelques nouveaux po\u00e8mes &amp; \u00e9pigrammes. Par N.R.P. - Libairie Clavreuil<\/title>\n<meta name=\"robots\" content=\"index, follow, max-snippet:-1, max-image-preview:large, max-video-preview:-1\" \/>\n<link rel=\"canonical\" href=\"https:\/\/www.librairieclavreuil.com\/en\/rapin-rene-les-plaisirs-du-gentilhomme-champestre-augmente-du-quelques-nouveaux-poemes-epigrammes-par-n-r-p\/\" \/>\n<meta property=\"og:locale\" content=\"en_US\" \/>\n<meta property=\"og:type\" content=\"article\" \/>\n<meta property=\"og:title\" content=\"RAPIN Ren\u00e9 Les Plaisirs du gentilhomme champestre. Augment\u00e9 du quelques nouveaux po\u00e8mes &amp; \u00e9pigrammes. Par N.R.P. - Libairie Clavreuil\" \/>\n<meta property=\"og:description\" content=\"12mo (129 x 74 mm) 38 num.ll. Nineteenth-century dark blue morocco, triple blinfstamped filet on covers, central coat of arms of Du Plessis, spine gilt with raised bands, gilt edges.\" \/>\n<meta property=\"og:url\" content=\"https:\/\/www.librairieclavreuil.com\/en\/rapin-rene-les-plaisirs-du-gentilhomme-champestre-augmente-du-quelques-nouveaux-poemes-epigrammes-par-n-r-p\/\" \/>\n<meta property=\"og:site_name\" content=\"Libairie Clavreuil\" \/>\n<meta property=\"article:modified_time\" content=\"2025-06-05T13:55:00+00:00\" \/>\n<meta property=\"og:image\" content=\"https:\/\/www.librairieclavreuil.com\/wp-content\/uploads\/2024\/07\/rene-rapin-les-plaisirs-du-gentilhomme-champestre-augmente-du-quelques-nouveaux-poemes-epigrammes-par-n-r-p-8389-659c21d3be5c3.jpg\" \/>\n\t<meta property=\"og:image:width\" content=\"494\" \/>\n\t<meta property=\"og:image:height\" content=\"800\" \/>\n\t<meta property=\"og:image:type\" content=\"image\/jpeg\" \/>\n<meta name=\"twitter:card\" content=\"summary_large_image\" \/>\n<meta name=\"twitter:label1\" content=\"Est. reading time\" \/>\n\t<meta name=\"twitter:data1\" content=\"1 minute\" \/>\n<script type=\"application\/ld+json\" class=\"yoast-schema-graph\">{\"@context\":\"https:\/\/schema.org\",\"@graph\":[{\"@type\":\"WebPage\",\"@id\":\"https:\/\/www.librairieclavreuil.com\/en\/rapin-rene-les-plaisirs-du-gentilhomme-champestre-augmente-du-quelques-nouveaux-poemes-epigrammes-par-n-r-p\/\",\"url\":\"https:\/\/www.librairieclavreuil.com\/en\/rapin-rene-les-plaisirs-du-gentilhomme-champestre-augmente-du-quelques-nouveaux-poemes-epigrammes-par-n-r-p\/\",\"name\":\"RAPIN Ren\u00e9 Les Plaisirs du gentilhomme champestre. Augment\u00e9 du quelques nouveaux po\u00e8mes &amp; \u00e9pigrammes. Par N.R.P. - Libairie Clavreuil\",\"isPartOf\":{\"@id\":\"https:\/\/www.librairieclavreuil.com\/#website\"},\"primaryImageOfPage\":{\"@id\":\"https:\/\/www.librairieclavreuil.com\/en\/rapin-rene-les-plaisirs-du-gentilhomme-champestre-augmente-du-quelques-nouveaux-poemes-epigrammes-par-n-r-p\/#primaryimage\"},\"image\":{\"@id\":\"https:\/\/www.librairieclavreuil.com\/en\/rapin-rene-les-plaisirs-du-gentilhomme-champestre-augmente-du-quelques-nouveaux-poemes-epigrammes-par-n-r-p\/#primaryimage\"},\"thumbnailUrl\":\"https:\/\/www.librairieclavreuil.com\/wp-content\/uploads\/2024\/07\/rene-rapin-les-plaisirs-du-gentilhomme-champestre-augmente-du-quelques-nouveaux-poemes-epigrammes-par-n-r-p-8389-659c21d3be5c3.jpg\",\"datePublished\":\"2024-07-10T15:39:54+00:00\",\"dateModified\":\"2025-06-05T13:55:00+00:00\",\"breadcrumb\":{\"@id\":\"https:\/\/www.librairieclavreuil.com\/en\/rapin-rene-les-plaisirs-du-gentilhomme-champestre-augmente-du-quelques-nouveaux-poemes-epigrammes-par-n-r-p\/#breadcrumb\"},\"inLanguage\":\"en-US\",\"potentialAction\":[{\"@type\":\"ReadAction\",\"target\":[\"https:\/\/www.librairieclavreuil.com\/en\/rapin-rene-les-plaisirs-du-gentilhomme-champestre-augmente-du-quelques-nouveaux-poemes-epigrammes-par-n-r-p\/\"]}]},{\"@type\":\"ImageObject\",\"inLanguage\":\"en-US\",\"@id\":\"https:\/\/www.librairieclavreuil.com\/en\/rapin-rene-les-plaisirs-du-gentilhomme-champestre-augmente-du-quelques-nouveaux-poemes-epigrammes-par-n-r-p\/#primaryimage\",\"url\":\"https:\/\/www.librairieclavreuil.com\/wp-content\/uploads\/2024\/07\/rene-rapin-les-plaisirs-du-gentilhomme-champestre-augmente-du-quelques-nouveaux-poemes-epigrammes-par-n-r-p-8389-659c21d3be5c3.jpg\",\"contentUrl\":\"https:\/\/www.librairieclavreuil.com\/wp-content\/uploads\/2024\/07\/rene-rapin-les-plaisirs-du-gentilhomme-champestre-augmente-du-quelques-nouveaux-poemes-epigrammes-par-n-r-p-8389-659c21d3be5c3.jpg\",\"width\":494,\"height\":800},{\"@type\":\"BreadcrumbList\",\"@id\":\"https:\/\/www.librairieclavreuil.com\/en\/rapin-rene-les-plaisirs-du-gentilhomme-champestre-augmente-du-quelques-nouveaux-poemes-epigrammes-par-n-r-p\/#breadcrumb\",\"itemListElement\":[{\"@type\":\"ListItem\",\"position\":1,\"name\":\"Accueil\",\"item\":\"https:\/\/www.librairieclavreuil.com\/\"},{\"@type\":\"ListItem\",\"position\":2,\"name\":\"All our books\",\"item\":\"https:\/\/www.librairieclavreuil.com\/en\/all-our-books\/\"},{\"@type\":\"ListItem\",\"position\":3,\"name\":\"RAPIN Ren\u00e9 Les Plaisirs du gentilhomme champestre. Augment\u00e9...\"}]},{\"@type\":\"WebSite\",\"@id\":\"https:\/\/www.librairieclavreuil.com\/#website\",\"url\":\"https:\/\/www.librairieclavreuil.com\/\",\"name\":\"Libairie Clavreuil\",\"description\":\"Livres anciens, manuscrits rares et \u00e9ditions originales \u2013 Librairie Clavreuil\",\"publisher\":{\"@id\":\"https:\/\/www.librairieclavreuil.com\/#organization\"},\"potentialAction\":[{\"@type\":\"SearchAction\",\"target\":{\"@type\":\"EntryPoint\",\"urlTemplate\":\"https:\/\/www.librairieclavreuil.com\/?s={search_term_string}\"},\"query-input\":{\"@type\":\"PropertyValueSpecification\",\"valueRequired\":true,\"valueName\":\"search_term_string\"}}],\"inLanguage\":\"en-US\"},{\"@type\":\"Organization\",\"@id\":\"https:\/\/www.librairieclavreuil.com\/#organization\",\"name\":\"Libairie Clavreuil\",\"url\":\"https:\/\/www.librairieclavreuil.com\/\",\"logo\":{\"@type\":\"ImageObject\",\"inLanguage\":\"en-US\",\"@id\":\"https:\/\/www.librairieclavreuil.com\/#\/schema\/logo\/image\/\",\"url\":\"https:\/\/www.librairieclavreuil.com\/wp-content\/uploads\/2021\/06\/cropped-LOGO_PNG_DATE-_gold-512x512-1.png\",\"contentUrl\":\"https:\/\/www.librairieclavreuil.com\/wp-content\/uploads\/2021\/06\/cropped-LOGO_PNG_DATE-_gold-512x512-1.png\",\"width\":512,\"height\":512,\"caption\":\"Libairie Clavreuil\"},\"image\":{\"@id\":\"https:\/\/www.librairieclavreuil.com\/#\/schema\/logo\/image\/\"},\"sameAs\":[\"https:\/\/www.instagram.com\/librairieclavreuil\/\"]}]}<\/script>\n<!-- \/ Yoast SEO plugin. -->","yoast_head_json":{"title":"RAPIN Ren\u00e9 Les Plaisirs du gentilhomme champestre. Augment\u00e9 du quelques nouveaux po\u00e8mes &amp; \u00e9pigrammes. Par N.R.P. - Libairie Clavreuil","robots":{"index":"index","follow":"follow","max-snippet":"max-snippet:-1","max-image-preview":"max-image-preview:large","max-video-preview":"max-video-preview:-1"},"canonical":"https:\/\/www.librairieclavreuil.com\/en\/rapin-rene-les-plaisirs-du-gentilhomme-champestre-augmente-du-quelques-nouveaux-poemes-epigrammes-par-n-r-p\/","og_locale":"en_US","og_type":"article","og_title":"RAPIN Ren\u00e9 Les Plaisirs du gentilhomme champestre. Augment\u00e9 du quelques nouveaux po\u00e8mes &amp; \u00e9pigrammes. Par N.R.P. - Libairie Clavreuil","og_description":"12mo (129 x 74 mm) 38 num.ll. Nineteenth-century dark blue morocco, triple blinfstamped filet on covers, central coat of arms of Du Plessis, spine gilt with raised bands, gilt edges.","og_url":"https:\/\/www.librairieclavreuil.com\/en\/rapin-rene-les-plaisirs-du-gentilhomme-champestre-augmente-du-quelques-nouveaux-poemes-epigrammes-par-n-r-p\/","og_site_name":"Libairie Clavreuil","article_modified_time":"2025-06-05T13:55:00+00:00","og_image":[{"width":494,"height":800,"url":"https:\/\/www.librairieclavreuil.com\/wp-content\/uploads\/2024\/07\/rene-rapin-les-plaisirs-du-gentilhomme-champestre-augmente-du-quelques-nouveaux-poemes-epigrammes-par-n-r-p-8389-659c21d3be5c3.jpg","type":"image\/jpeg"}],"twitter_card":"summary_large_image","twitter_misc":{"Est. reading time":"1 minute"},"schema":{"@context":"https:\/\/schema.org","@graph":[{"@type":"WebPage","@id":"https:\/\/www.librairieclavreuil.com\/en\/rapin-rene-les-plaisirs-du-gentilhomme-champestre-augmente-du-quelques-nouveaux-poemes-epigrammes-par-n-r-p\/","url":"https:\/\/www.librairieclavreuil.com\/en\/rapin-rene-les-plaisirs-du-gentilhomme-champestre-augmente-du-quelques-nouveaux-poemes-epigrammes-par-n-r-p\/","name":"RAPIN Ren\u00e9 Les Plaisirs du gentilhomme champestre. Augment\u00e9 du quelques nouveaux po\u00e8mes &amp; \u00e9pigrammes. Par N.R.P. - Libairie Clavreuil","isPartOf":{"@id":"https:\/\/www.librairieclavreuil.com\/#website"},"primaryImageOfPage":{"@id":"https:\/\/www.librairieclavreuil.com\/en\/rapin-rene-les-plaisirs-du-gentilhomme-champestre-augmente-du-quelques-nouveaux-poemes-epigrammes-par-n-r-p\/#primaryimage"},"image":{"@id":"https:\/\/www.librairieclavreuil.com\/en\/rapin-rene-les-plaisirs-du-gentilhomme-champestre-augmente-du-quelques-nouveaux-poemes-epigrammes-par-n-r-p\/#primaryimage"},"thumbnailUrl":"https:\/\/www.librairieclavreuil.com\/wp-content\/uploads\/2024\/07\/rene-rapin-les-plaisirs-du-gentilhomme-champestre-augmente-du-quelques-nouveaux-poemes-epigrammes-par-n-r-p-8389-659c21d3be5c3.jpg","datePublished":"2024-07-10T15:39:54+00:00","dateModified":"2025-06-05T13:55:00+00:00","breadcrumb":{"@id":"https:\/\/www.librairieclavreuil.com\/en\/rapin-rene-les-plaisirs-du-gentilhomme-champestre-augmente-du-quelques-nouveaux-poemes-epigrammes-par-n-r-p\/#breadcrumb"},"inLanguage":"en-US","potentialAction":[{"@type":"ReadAction","target":["https:\/\/www.librairieclavreuil.com\/en\/rapin-rene-les-plaisirs-du-gentilhomme-champestre-augmente-du-quelques-nouveaux-poemes-epigrammes-par-n-r-p\/"]}]},{"@type":"ImageObject","inLanguage":"en-US","@id":"https:\/\/www.librairieclavreuil.com\/en\/rapin-rene-les-plaisirs-du-gentilhomme-champestre-augmente-du-quelques-nouveaux-poemes-epigrammes-par-n-r-p\/#primaryimage","url":"https:\/\/www.librairieclavreuil.com\/wp-content\/uploads\/2024\/07\/rene-rapin-les-plaisirs-du-gentilhomme-champestre-augmente-du-quelques-nouveaux-poemes-epigrammes-par-n-r-p-8389-659c21d3be5c3.jpg","contentUrl":"https:\/\/www.librairieclavreuil.com\/wp-content\/uploads\/2024\/07\/rene-rapin-les-plaisirs-du-gentilhomme-champestre-augmente-du-quelques-nouveaux-poemes-epigrammes-par-n-r-p-8389-659c21d3be5c3.jpg","width":494,"height":800},{"@type":"BreadcrumbList","@id":"https:\/\/www.librairieclavreuil.com\/en\/rapin-rene-les-plaisirs-du-gentilhomme-champestre-augmente-du-quelques-nouveaux-poemes-epigrammes-par-n-r-p\/#breadcrumb","itemListElement":[{"@type":"ListItem","position":1,"name":"Accueil","item":"https:\/\/www.librairieclavreuil.com\/"},{"@type":"ListItem","position":2,"name":"All our books","item":"https:\/\/www.librairieclavreuil.com\/en\/all-our-books\/"},{"@type":"ListItem","position":3,"name":"RAPIN Ren\u00e9 Les Plaisirs du gentilhomme champestre. Augment\u00e9..."}]},{"@type":"WebSite","@id":"https:\/\/www.librairieclavreuil.com\/#website","url":"https:\/\/www.librairieclavreuil.com\/","name":"Libairie Clavreuil","description":"Livres anciens, manuscrits rares et \u00e9ditions originales \u2013 Librairie Clavreuil","publisher":{"@id":"https:\/\/www.librairieclavreuil.com\/#organization"},"potentialAction":[{"@type":"SearchAction","target":{"@type":"EntryPoint","urlTemplate":"https:\/\/www.librairieclavreuil.com\/?s={search_term_string}"},"query-input":{"@type":"PropertyValueSpecification","valueRequired":true,"valueName":"search_term_string"}}],"inLanguage":"en-US"},{"@type":"Organization","@id":"https:\/\/www.librairieclavreuil.com\/#organization","name":"Libairie Clavreuil","url":"https:\/\/www.librairieclavreuil.com\/","logo":{"@type":"ImageObject","inLanguage":"en-US","@id":"https:\/\/www.librairieclavreuil.com\/#\/schema\/logo\/image\/","url":"https:\/\/www.librairieclavreuil.com\/wp-content\/uploads\/2021\/06\/cropped-LOGO_PNG_DATE-_gold-512x512-1.png","contentUrl":"https:\/\/www.librairieclavreuil.com\/wp-content\/uploads\/2021\/06\/cropped-LOGO_PNG_DATE-_gold-512x512-1.png","width":512,"height":512,"caption":"Libairie Clavreuil"},"image":{"@id":"https:\/\/www.librairieclavreuil.com\/#\/schema\/logo\/image\/"},"sameAs":["https:\/\/www.instagram.com\/librairieclavreuil\/"]}]}},"jetpack_sharing_enabled":true,"_links":{"self":[{"href":"https:\/\/www.librairieclavreuil.com\/en\/wp-json\/wp\/v2\/product\/79653","targetHints":{"allow":["GET"]}}],"collection":[{"href":"https:\/\/www.librairieclavreuil.com\/en\/wp-json\/wp\/v2\/product"}],"about":[{"href":"https:\/\/www.librairieclavreuil.com\/en\/wp-json\/wp\/v2\/types\/product"}],"replies":[{"embeddable":true,"href":"https:\/\/www.librairieclavreuil.com\/en\/wp-json\/wp\/v2\/comments?post=79653"}],"wp:featuredmedia":[{"embeddable":true,"href":"https:\/\/www.librairieclavreuil.com\/en\/wp-json\/wp\/v2\/media\/79646"}],"wp:attachment":[{"href":"https:\/\/www.librairieclavreuil.com\/en\/wp-json\/wp\/v2\/media?parent=79653"}],"wp:term":[{"taxonomy":"product_brand","embeddable":true,"href":"https:\/\/www.librairieclavreuil.com\/en\/wp-json\/wp\/v2\/product_brand?post=79653"},{"taxonomy":"product_cat","embeddable":true,"href":"https:\/\/www.librairieclavreuil.com\/en\/wp-json\/wp\/v2\/product_cat?post=79653"},{"taxonomy":"product_tag","embeddable":true,"href":"https:\/\/www.librairieclavreuil.com\/en\/wp-json\/wp\/v2\/product_tag?post=79653"}],"curies":[{"name":"wp","href":"https:\/\/api.w.org\/{rel}","templated":true}]}}