{"id":79623,"date":"2024-07-10T16:52:58","date_gmt":"2024-07-10T14:52:58","guid":{"rendered":"https:\/\/www.librairieclavreuil.com\/montaigne-michel-de-les-essais-de-michel-seigneur-de-montagne-divisez-en-trois-livres-contenans-un-riche-rare-thresor-de-plusieurs-beaux-notables-discours-couchez-en-un-stile-le-plus-pu\/"},"modified":"2025-06-05T15:39:05","modified_gmt":"2025-06-05T13:39:05","slug":"montaigne-michel-de-les-essais-de-michel-seigneur-de-montagne-divisez-en-trois-livres-contenans-un-riche-rare-thresor-de-plusieurs-beaux-notables-discours-couchez-en-un-stile-le-plus-pu","status":"publish","type":"product","link":"https:\/\/www.librairieclavreuil.com\/en\/montaigne-michel-de-les-essais-de-michel-seigneur-de-montagne-divisez-en-trois-livres-contenans-un-riche-rare-thresor-de-plusieurs-beaux-notables-discours-couchez-en-un-stile-le-plus-pu\/","title":{"rendered":"MONTAIGNE Michel de Les Essais de Michel seigneur..."},"content":{"rendered":"<p style=\"text-align:justify\"><i>Sayce &amp; Maskell, 6; Desan, 19; Tchemerzine-Scheler, IV, 875.<\/i><\/p>\n<p style=\"text-align:justify\"><i>S<\/i>ixth edition of Monatiaigne&#8217;s <i>Essais<\/i>.&nbsp;<\/p>\n<p style=\"text-align:justify\">This &#8220;Protestant&#8221; Montaigne was published shortly before the extensively reviewed Paris edition by Madame de Gournet, Montaigne&#8217;s spiritual daughter. This rare Geneva edition was published without privilege, by the Protestant master printer Fran\u00e7ois Le F\u00e9bure from Lyon : &#8220;Fran\u00e7ois Le Febvre avait travaill\u00e9 pour les Gabiano \u00e0 Lyon jusqu&#8217;en 1587 avant de s&#8217;\u00e9tablir \u00e0 Gen\u00e8ve en 1590&#8230; Le texte a subi de nombreux remaniements et est cribl\u00e9 de corrections de contenu et de style&#8221; (Desan). This edition is purged of the 15 chapters censored by Simon Goulart, and it is in fact the reedition of the 1593 Lyon edition : &#8220;R\u00e9impression en petit format de l&#8217;\u00e9dition lyonnaise de 1593, mais la table analytique du troisi\u00e8me livre a \u00e9t\u00e9 refondue dans celle des deux premiers. Le texte est expurg\u00e9 par les soins des protestants genevois&#8221; (Tchemerzine).<\/p>\n<p style=\"text-align:justify\">Good copy, well established in the 19th century by Cuzin.<\/p>\n","protected":false},"excerpt":{"rendered":"<p style=\"text-align:justify\">12mo (140 x 80 mm) 24 unn.ll., 1002 pp. (pp. 840-889 are omitted). Ninettenth-century red morocco by Cuzin, triple gilt fillet on covers, gilt ornamental central medallion, spine gilt with raised bands, inner gilt rule, gilt edges.<\/p>\n","protected":false},"featured_media":79618,"comment_status":"open","ping_status":"closed","template":"","meta":{"_acf_changed":false},"product_brand":[],"product_cat":[544],"product_tag":[1243,1266],"class_list":{"0":"post-79623","1":"product","2":"type-product","3":"status-publish","4":"has-post-thumbnail","6":"product_cat-literature","7":"product_tag-16th-century-literature","8":"product_tag-philosophy","9":"pa_auteur-montaigne-michel-de-2","10":"pa_type-de-livre-printed-book","12":"first","13":"instock","14":"shipping-taxable","15":"purchasable","16":"product-type-simple"},"acf":{"artist":" Michel de MONTAIGNE","chapeau":"A 'Protestant\" Montaigne","adresse_bibliographique":"Gen\u00e8ve, Fran\u00e7ois le Febure de Lyon, 1595","book_type":"Printed book","provenance":"","afficher_prix":""},"yoast_head":"<!-- This site is optimized with the Yoast SEO plugin v24.7 - https:\/\/yoast.com\/wordpress\/plugins\/seo\/ -->\n<title>MONTAIGNE Michel de Les Essais de Michel seigneur de Montagne, divisez en trois livres. Contenans un riche &amp; rare thresor de plusieurs beaux &amp; notables discours couchez en un stile le plus pur &amp; orn\u00e9 qu&#039;il se trouve en nostre si\u00e8cle. Avec deux tables. - Libairie Clavreuil<\/title>\n<meta name=\"robots\" content=\"index, follow, max-snippet:-1, max-image-preview:large, max-video-preview:-1\" \/>\n<link rel=\"canonical\" href=\"https:\/\/www.librairieclavreuil.com\/en\/montaigne-michel-de-les-essais-de-michel-seigneur-de-montagne-divisez-en-trois-livres-contenans-un-riche-rare-thresor-de-plusieurs-beaux-notables-discours-couchez-en-un-stile-le-plus-pu\/\" \/>\n<meta property=\"og:locale\" content=\"en_US\" \/>\n<meta property=\"og:type\" content=\"article\" \/>\n<meta property=\"og:title\" content=\"MONTAIGNE Michel de Les Essais de Michel seigneur de Montagne, divisez en trois livres. Contenans un riche &amp; rare thresor de plusieurs beaux &amp; notables discours couchez en un stile le plus pur &amp; orn\u00e9 qu&#039;il se trouve en nostre si\u00e8cle. Avec deux tables. - Libairie Clavreuil\" \/>\n<meta property=\"og:description\" content=\"12mo (140 x 80 mm) 24 unn.ll., 1002 pp. (pp. 840-889 are omitted). Ninettenth-century red morocco by Cuzin, triple gilt fillet on covers, gilt ornamental central medallion, spine gilt with raised bands, inner gilt rule, gilt edges.\" \/>\n<meta property=\"og:url\" content=\"https:\/\/www.librairieclavreuil.com\/en\/montaigne-michel-de-les-essais-de-michel-seigneur-de-montagne-divisez-en-trois-livres-contenans-un-riche-rare-thresor-de-plusieurs-beaux-notables-discours-couchez-en-un-stile-le-plus-pu\/\" \/>\n<meta property=\"og:site_name\" content=\"Libairie Clavreuil\" \/>\n<meta property=\"article:modified_time\" content=\"2025-06-05T13:39:05+00:00\" \/>\n<meta property=\"og:image\" content=\"https:\/\/www.librairieclavreuil.com\/wp-content\/uploads\/2024\/07\/michel-de-montaigne-les-essais-de-michel-seigneur-de-montagne-divisez-en-trois-livres-contenans-un-riche-rare-thresor-de-plusieurs-beaux-notables-disc.jpg\" \/>\n\t<meta property=\"og:image:width\" content=\"453\" \/>\n\t<meta property=\"og:image:height\" content=\"800\" \/>\n\t<meta property=\"og:image:type\" content=\"image\/jpeg\" \/>\n<meta name=\"twitter:card\" content=\"summary_large_image\" \/>\n<meta name=\"twitter:label1\" content=\"Est. reading time\" \/>\n\t<meta name=\"twitter:data1\" content=\"1 minute\" \/>\n<script type=\"application\/ld+json\" class=\"yoast-schema-graph\">{\"@context\":\"https:\/\/schema.org\",\"@graph\":[{\"@type\":\"WebPage\",\"@id\":\"https:\/\/www.librairieclavreuil.com\/en\/montaigne-michel-de-les-essais-de-michel-seigneur-de-montagne-divisez-en-trois-livres-contenans-un-riche-rare-thresor-de-plusieurs-beaux-notables-discours-couchez-en-un-stile-le-plus-pu\/\",\"url\":\"https:\/\/www.librairieclavreuil.com\/en\/montaigne-michel-de-les-essais-de-michel-seigneur-de-montagne-divisez-en-trois-livres-contenans-un-riche-rare-thresor-de-plusieurs-beaux-notables-discours-couchez-en-un-stile-le-plus-pu\/\",\"name\":\"MONTAIGNE Michel de Les Essais de Michel seigneur de Montagne, divisez en trois livres. Contenans un riche &amp; rare thresor de plusieurs beaux &amp; notables discours couchez en un stile le plus pur &amp; orn\u00e9 qu'il se trouve en nostre si\u00e8cle. Avec deux tables. - Libairie Clavreuil\",\"isPartOf\":{\"@id\":\"https:\/\/www.librairieclavreuil.com\/#website\"},\"primaryImageOfPage\":{\"@id\":\"https:\/\/www.librairieclavreuil.com\/en\/montaigne-michel-de-les-essais-de-michel-seigneur-de-montagne-divisez-en-trois-livres-contenans-un-riche-rare-thresor-de-plusieurs-beaux-notables-discours-couchez-en-un-stile-le-plus-pu\/#primaryimage\"},\"image\":{\"@id\":\"https:\/\/www.librairieclavreuil.com\/en\/montaigne-michel-de-les-essais-de-michel-seigneur-de-montagne-divisez-en-trois-livres-contenans-un-riche-rare-thresor-de-plusieurs-beaux-notables-discours-couchez-en-un-stile-le-plus-pu\/#primaryimage\"},\"thumbnailUrl\":\"https:\/\/www.librairieclavreuil.com\/wp-content\/uploads\/2024\/07\/michel-de-montaigne-les-essais-de-michel-seigneur-de-montagne-divisez-en-trois-livres-contenans-un-riche-rare-thresor-de-plusieurs-beaux-notables-disc.jpg\",\"datePublished\":\"2024-07-10T14:52:58+00:00\",\"dateModified\":\"2025-06-05T13:39:05+00:00\",\"breadcrumb\":{\"@id\":\"https:\/\/www.librairieclavreuil.com\/en\/montaigne-michel-de-les-essais-de-michel-seigneur-de-montagne-divisez-en-trois-livres-contenans-un-riche-rare-thresor-de-plusieurs-beaux-notables-discours-couchez-en-un-stile-le-plus-pu\/#breadcrumb\"},\"inLanguage\":\"en-US\",\"potentialAction\":[{\"@type\":\"ReadAction\",\"target\":[\"https:\/\/www.librairieclavreuil.com\/en\/montaigne-michel-de-les-essais-de-michel-seigneur-de-montagne-divisez-en-trois-livres-contenans-un-riche-rare-thresor-de-plusieurs-beaux-notables-discours-couchez-en-un-stile-le-plus-pu\/\"]}]},{\"@type\":\"ImageObject\",\"inLanguage\":\"en-US\",\"@id\":\"https:\/\/www.librairieclavreuil.com\/en\/montaigne-michel-de-les-essais-de-michel-seigneur-de-montagne-divisez-en-trois-livres-contenans-un-riche-rare-thresor-de-plusieurs-beaux-notables-discours-couchez-en-un-stile-le-plus-pu\/#primaryimage\",\"url\":\"https:\/\/www.librairieclavreuil.com\/wp-content\/uploads\/2024\/07\/michel-de-montaigne-les-essais-de-michel-seigneur-de-montagne-divisez-en-trois-livres-contenans-un-riche-rare-thresor-de-plusieurs-beaux-notables-disc.jpg\",\"contentUrl\":\"https:\/\/www.librairieclavreuil.com\/wp-content\/uploads\/2024\/07\/michel-de-montaigne-les-essais-de-michel-seigneur-de-montagne-divisez-en-trois-livres-contenans-un-riche-rare-thresor-de-plusieurs-beaux-notables-disc.jpg\",\"width\":453,\"height\":800},{\"@type\":\"BreadcrumbList\",\"@id\":\"https:\/\/www.librairieclavreuil.com\/en\/montaigne-michel-de-les-essais-de-michel-seigneur-de-montagne-divisez-en-trois-livres-contenans-un-riche-rare-thresor-de-plusieurs-beaux-notables-discours-couchez-en-un-stile-le-plus-pu\/#breadcrumb\",\"itemListElement\":[{\"@type\":\"ListItem\",\"position\":1,\"name\":\"Accueil\",\"item\":\"https:\/\/www.librairieclavreuil.com\/\"},{\"@type\":\"ListItem\",\"position\":2,\"name\":\"All our books\",\"item\":\"https:\/\/www.librairieclavreuil.com\/en\/all-our-books\/\"},{\"@type\":\"ListItem\",\"position\":3,\"name\":\"MONTAIGNE Michel de Les Essais de Michel seigneur...\"}]},{\"@type\":\"WebSite\",\"@id\":\"https:\/\/www.librairieclavreuil.com\/#website\",\"url\":\"https:\/\/www.librairieclavreuil.com\/\",\"name\":\"Libairie Clavreuil\",\"description\":\"Livres anciens, manuscrits rares et \u00e9ditions originales \u2013 Librairie Clavreuil\",\"publisher\":{\"@id\":\"https:\/\/www.librairieclavreuil.com\/#organization\"},\"potentialAction\":[{\"@type\":\"SearchAction\",\"target\":{\"@type\":\"EntryPoint\",\"urlTemplate\":\"https:\/\/www.librairieclavreuil.com\/?s={search_term_string}\"},\"query-input\":{\"@type\":\"PropertyValueSpecification\",\"valueRequired\":true,\"valueName\":\"search_term_string\"}}],\"inLanguage\":\"en-US\"},{\"@type\":\"Organization\",\"@id\":\"https:\/\/www.librairieclavreuil.com\/#organization\",\"name\":\"Libairie Clavreuil\",\"url\":\"https:\/\/www.librairieclavreuil.com\/\",\"logo\":{\"@type\":\"ImageObject\",\"inLanguage\":\"en-US\",\"@id\":\"https:\/\/www.librairieclavreuil.com\/#\/schema\/logo\/image\/\",\"url\":\"https:\/\/www.librairieclavreuil.com\/wp-content\/uploads\/2021\/06\/cropped-LOGO_PNG_DATE-_gold-512x512-1.png\",\"contentUrl\":\"https:\/\/www.librairieclavreuil.com\/wp-content\/uploads\/2021\/06\/cropped-LOGO_PNG_DATE-_gold-512x512-1.png\",\"width\":512,\"height\":512,\"caption\":\"Libairie Clavreuil\"},\"image\":{\"@id\":\"https:\/\/www.librairieclavreuil.com\/#\/schema\/logo\/image\/\"},\"sameAs\":[\"https:\/\/www.instagram.com\/librairieclavreuil\/\"]}]}<\/script>\n<!-- \/ Yoast SEO plugin. -->","yoast_head_json":{"title":"MONTAIGNE Michel de Les Essais de Michel seigneur de Montagne, divisez en trois livres. Contenans un riche &amp; rare thresor de plusieurs beaux &amp; notables discours couchez en un stile le plus pur &amp; orn\u00e9 qu'il se trouve en nostre si\u00e8cle. Avec deux tables. - Libairie Clavreuil","robots":{"index":"index","follow":"follow","max-snippet":"max-snippet:-1","max-image-preview":"max-image-preview:large","max-video-preview":"max-video-preview:-1"},"canonical":"https:\/\/www.librairieclavreuil.com\/en\/montaigne-michel-de-les-essais-de-michel-seigneur-de-montagne-divisez-en-trois-livres-contenans-un-riche-rare-thresor-de-plusieurs-beaux-notables-discours-couchez-en-un-stile-le-plus-pu\/","og_locale":"en_US","og_type":"article","og_title":"MONTAIGNE Michel de Les Essais de Michel seigneur de Montagne, divisez en trois livres. Contenans un riche &amp; rare thresor de plusieurs beaux &amp; notables discours couchez en un stile le plus pur &amp; orn\u00e9 qu'il se trouve en nostre si\u00e8cle. Avec deux tables. - Libairie Clavreuil","og_description":"12mo (140 x 80 mm) 24 unn.ll., 1002 pp. (pp. 840-889 are omitted). Ninettenth-century red morocco by Cuzin, triple gilt fillet on covers, gilt ornamental central medallion, spine gilt with raised bands, inner gilt rule, gilt edges.","og_url":"https:\/\/www.librairieclavreuil.com\/en\/montaigne-michel-de-les-essais-de-michel-seigneur-de-montagne-divisez-en-trois-livres-contenans-un-riche-rare-thresor-de-plusieurs-beaux-notables-discours-couchez-en-un-stile-le-plus-pu\/","og_site_name":"Libairie Clavreuil","article_modified_time":"2025-06-05T13:39:05+00:00","og_image":[{"width":453,"height":800,"url":"https:\/\/www.librairieclavreuil.com\/wp-content\/uploads\/2024\/07\/michel-de-montaigne-les-essais-de-michel-seigneur-de-montagne-divisez-en-trois-livres-contenans-un-riche-rare-thresor-de-plusieurs-beaux-notables-disc.jpg","type":"image\/jpeg"}],"twitter_card":"summary_large_image","twitter_misc":{"Est. reading time":"1 minute"},"schema":{"@context":"https:\/\/schema.org","@graph":[{"@type":"WebPage","@id":"https:\/\/www.librairieclavreuil.com\/en\/montaigne-michel-de-les-essais-de-michel-seigneur-de-montagne-divisez-en-trois-livres-contenans-un-riche-rare-thresor-de-plusieurs-beaux-notables-discours-couchez-en-un-stile-le-plus-pu\/","url":"https:\/\/www.librairieclavreuil.com\/en\/montaigne-michel-de-les-essais-de-michel-seigneur-de-montagne-divisez-en-trois-livres-contenans-un-riche-rare-thresor-de-plusieurs-beaux-notables-discours-couchez-en-un-stile-le-plus-pu\/","name":"MONTAIGNE Michel de Les Essais de Michel seigneur de Montagne, divisez en trois livres. Contenans un riche &amp; rare thresor de plusieurs beaux &amp; notables discours couchez en un stile le plus pur &amp; orn\u00e9 qu'il se trouve en nostre si\u00e8cle. Avec deux tables. - Libairie Clavreuil","isPartOf":{"@id":"https:\/\/www.librairieclavreuil.com\/#website"},"primaryImageOfPage":{"@id":"https:\/\/www.librairieclavreuil.com\/en\/montaigne-michel-de-les-essais-de-michel-seigneur-de-montagne-divisez-en-trois-livres-contenans-un-riche-rare-thresor-de-plusieurs-beaux-notables-discours-couchez-en-un-stile-le-plus-pu\/#primaryimage"},"image":{"@id":"https:\/\/www.librairieclavreuil.com\/en\/montaigne-michel-de-les-essais-de-michel-seigneur-de-montagne-divisez-en-trois-livres-contenans-un-riche-rare-thresor-de-plusieurs-beaux-notables-discours-couchez-en-un-stile-le-plus-pu\/#primaryimage"},"thumbnailUrl":"https:\/\/www.librairieclavreuil.com\/wp-content\/uploads\/2024\/07\/michel-de-montaigne-les-essais-de-michel-seigneur-de-montagne-divisez-en-trois-livres-contenans-un-riche-rare-thresor-de-plusieurs-beaux-notables-disc.jpg","datePublished":"2024-07-10T14:52:58+00:00","dateModified":"2025-06-05T13:39:05+00:00","breadcrumb":{"@id":"https:\/\/www.librairieclavreuil.com\/en\/montaigne-michel-de-les-essais-de-michel-seigneur-de-montagne-divisez-en-trois-livres-contenans-un-riche-rare-thresor-de-plusieurs-beaux-notables-discours-couchez-en-un-stile-le-plus-pu\/#breadcrumb"},"inLanguage":"en-US","potentialAction":[{"@type":"ReadAction","target":["https:\/\/www.librairieclavreuil.com\/en\/montaigne-michel-de-les-essais-de-michel-seigneur-de-montagne-divisez-en-trois-livres-contenans-un-riche-rare-thresor-de-plusieurs-beaux-notables-discours-couchez-en-un-stile-le-plus-pu\/"]}]},{"@type":"ImageObject","inLanguage":"en-US","@id":"https:\/\/www.librairieclavreuil.com\/en\/montaigne-michel-de-les-essais-de-michel-seigneur-de-montagne-divisez-en-trois-livres-contenans-un-riche-rare-thresor-de-plusieurs-beaux-notables-discours-couchez-en-un-stile-le-plus-pu\/#primaryimage","url":"https:\/\/www.librairieclavreuil.com\/wp-content\/uploads\/2024\/07\/michel-de-montaigne-les-essais-de-michel-seigneur-de-montagne-divisez-en-trois-livres-contenans-un-riche-rare-thresor-de-plusieurs-beaux-notables-disc.jpg","contentUrl":"https:\/\/www.librairieclavreuil.com\/wp-content\/uploads\/2024\/07\/michel-de-montaigne-les-essais-de-michel-seigneur-de-montagne-divisez-en-trois-livres-contenans-un-riche-rare-thresor-de-plusieurs-beaux-notables-disc.jpg","width":453,"height":800},{"@type":"BreadcrumbList","@id":"https:\/\/www.librairieclavreuil.com\/en\/montaigne-michel-de-les-essais-de-michel-seigneur-de-montagne-divisez-en-trois-livres-contenans-un-riche-rare-thresor-de-plusieurs-beaux-notables-discours-couchez-en-un-stile-le-plus-pu\/#breadcrumb","itemListElement":[{"@type":"ListItem","position":1,"name":"Accueil","item":"https:\/\/www.librairieclavreuil.com\/"},{"@type":"ListItem","position":2,"name":"All our books","item":"https:\/\/www.librairieclavreuil.com\/en\/all-our-books\/"},{"@type":"ListItem","position":3,"name":"MONTAIGNE Michel de Les Essais de Michel seigneur..."}]},{"@type":"WebSite","@id":"https:\/\/www.librairieclavreuil.com\/#website","url":"https:\/\/www.librairieclavreuil.com\/","name":"Libairie Clavreuil","description":"Livres anciens, manuscrits rares et \u00e9ditions originales \u2013 Librairie Clavreuil","publisher":{"@id":"https:\/\/www.librairieclavreuil.com\/#organization"},"potentialAction":[{"@type":"SearchAction","target":{"@type":"EntryPoint","urlTemplate":"https:\/\/www.librairieclavreuil.com\/?s={search_term_string}"},"query-input":{"@type":"PropertyValueSpecification","valueRequired":true,"valueName":"search_term_string"}}],"inLanguage":"en-US"},{"@type":"Organization","@id":"https:\/\/www.librairieclavreuil.com\/#organization","name":"Libairie Clavreuil","url":"https:\/\/www.librairieclavreuil.com\/","logo":{"@type":"ImageObject","inLanguage":"en-US","@id":"https:\/\/www.librairieclavreuil.com\/#\/schema\/logo\/image\/","url":"https:\/\/www.librairieclavreuil.com\/wp-content\/uploads\/2021\/06\/cropped-LOGO_PNG_DATE-_gold-512x512-1.png","contentUrl":"https:\/\/www.librairieclavreuil.com\/wp-content\/uploads\/2021\/06\/cropped-LOGO_PNG_DATE-_gold-512x512-1.png","width":512,"height":512,"caption":"Libairie Clavreuil"},"image":{"@id":"https:\/\/www.librairieclavreuil.com\/#\/schema\/logo\/image\/"},"sameAs":["https:\/\/www.instagram.com\/librairieclavreuil\/"]}]}},"jetpack_sharing_enabled":true,"_links":{"self":[{"href":"https:\/\/www.librairieclavreuil.com\/en\/wp-json\/wp\/v2\/product\/79623","targetHints":{"allow":["GET"]}}],"collection":[{"href":"https:\/\/www.librairieclavreuil.com\/en\/wp-json\/wp\/v2\/product"}],"about":[{"href":"https:\/\/www.librairieclavreuil.com\/en\/wp-json\/wp\/v2\/types\/product"}],"replies":[{"embeddable":true,"href":"https:\/\/www.librairieclavreuil.com\/en\/wp-json\/wp\/v2\/comments?post=79623"}],"wp:featuredmedia":[{"embeddable":true,"href":"https:\/\/www.librairieclavreuil.com\/en\/wp-json\/wp\/v2\/media\/79618"}],"wp:attachment":[{"href":"https:\/\/www.librairieclavreuil.com\/en\/wp-json\/wp\/v2\/media?parent=79623"}],"wp:term":[{"taxonomy":"product_brand","embeddable":true,"href":"https:\/\/www.librairieclavreuil.com\/en\/wp-json\/wp\/v2\/product_brand?post=79623"},{"taxonomy":"product_cat","embeddable":true,"href":"https:\/\/www.librairieclavreuil.com\/en\/wp-json\/wp\/v2\/product_cat?post=79623"},{"taxonomy":"product_tag","embeddable":true,"href":"https:\/\/www.librairieclavreuil.com\/en\/wp-json\/wp\/v2\/product_tag?post=79623"}],"curies":[{"name":"wp","href":"https:\/\/api.w.org\/{rel}","templated":true}]}}