{"id":79617,"date":"2024-07-10T16:52:40","date_gmt":"2024-07-10T14:52:40","guid":{"rendered":"https:\/\/www.librairieclavreuil.com\/mexia-pedro-les-diverses-lecons-avec-trois-dialogues-dudit-auteur-augmentees-a-la-suite-dicelles-par-antoine-du-verdier\/"},"modified":"2024-07-10T16:52:55","modified_gmt":"2024-07-10T14:52:55","slug":"mexia-pedro-les-diverses-lecons-avec-trois-dialogues-dudit-auteur-augmentees-a-la-suite-dicelles-par-antoine-du-verdier","status":"publish","type":"product","link":"https:\/\/www.librairieclavreuil.com\/en\/mexia-pedro-les-diverses-lecons-avec-trois-dialogues-dudit-auteur-augmentees-a-la-suite-dicelles-par-antoine-du-verdier\/","title":{"rendered":"MEXIA Pedro Les diverses le\u00e7ons&#8230; Avec trois Dialogues..."},"content":{"rendered":"<p style=\"text-align:justify\"><i>Brunet III, 1689 ; see Baudrier, IV, 134 &amp; 138 for earlier editions ; for other editions see : Dorbon, 3061 ; Caillet, 7467-69 ; S. de Gua\u00efta, 1616.<\/i><\/p>\n<p style=\"text-align:justify\">Fine edition including a translation of the <i>Silva de varia Leccion<\/i> by Pedro Mexia, better known in France as Pierre Messie, and the <i>Le\u00e7ons diverses<\/i> by Antoine Du Verdier.<\/p>\n<p style=\"text-align:justify\">&nbsp;This vast encyclopaedia was very much in vogue at the end of the 16th century and throughout the 17th century. It contains observations on medical subjects such as eyesight, sleep, the damage caused by wine &#8211; but also on vines and the art of making wine &#8211; the virtues of ants, as well as curious anecdotes on the most bizarre subjects: the Knights Templar, the Guelphs and Ghibellines, the Sybils, the zodiac, church bells conjuring devils, magic rings, the virtues of precious stones, astrologers, printing, etc.&nbsp;<\/p>\n<p style=\"text-align:justify\">The author, Pedro Mexia (born in Seville in 1496) was appreciated by Charles V because of his deep erudition.<\/p>\n<p style=\"text-align:justify\">Book plate Dr. Maurice Villaret.<\/p>\n","protected":false},"excerpt":{"rendered":"<p style=\"text-align:justify\">2 parts in 1 volume, 8vo (171 x 18 mm) 691 pp., 5 nn.ll. for part I; 12 nn.ll. (including a portrait of Du Verdier and the printer&#8217;s device), 478 pp., 9 nn.ll. for part II. Contemporary light brown calf, gilt filet on covers, central gilt medallion, spine in compartments decorated with a simple flower (skilfully restored).<\/p>\n","protected":false},"featured_media":79612,"comment_status":"open","ping_status":"closed","template":"","meta":{"_acf_changed":false},"product_brand":[],"product_cat":[548],"product_tag":[1243,1317,1212,1285],"class_list":{"0":"post-79617","1":"product","2":"type-product","3":"status-publish","4":"has-post-thumbnail","6":"product_cat-medicine","7":"product_tag-16th-century-literature","8":"product_tag-astrology","9":"product_tag-esotericism-witchcraft","10":"product_tag-general-medicine","11":"pa_auteur-mexia-pedro-2","12":"pa_type-de-livre-printed-book","14":"first","15":"instock","16":"shipping-taxable","17":"purchasable","18":"product-type-simple"},"acf":{"artist":" Pedro MEXIA","chapeau":"","adresse_bibliographique":"Lyon, Barthelemy Honorat, 1584","book_type":"Printed book","provenance":"","afficher_prix":""},"yoast_head":"<!-- This site is optimized with the Yoast SEO plugin v24.7 - https:\/\/yoast.com\/wordpress\/plugins\/seo\/ -->\n<title>MEXIA Pedro Les diverses le\u00e7ons... Avec trois Dialogues dudit auteur... augment\u00e9es \u00e0 la suite d&#039;icelles... par Antoine Du Verdier. - Libairie Clavreuil<\/title>\n<meta name=\"robots\" content=\"index, follow, max-snippet:-1, max-image-preview:large, max-video-preview:-1\" \/>\n<link rel=\"canonical\" href=\"https:\/\/www.librairieclavreuil.com\/en\/mexia-pedro-les-diverses-lecons-avec-trois-dialogues-dudit-auteur-augmentees-a-la-suite-dicelles-par-antoine-du-verdier\/\" \/>\n<meta property=\"og:locale\" content=\"en_US\" \/>\n<meta property=\"og:type\" content=\"article\" \/>\n<meta property=\"og:title\" content=\"MEXIA Pedro Les diverses le\u00e7ons... Avec trois Dialogues dudit auteur... augment\u00e9es \u00e0 la suite d&#039;icelles... par Antoine Du Verdier. - Libairie Clavreuil\" \/>\n<meta property=\"og:description\" content=\"2 parts in 1 volume, 8vo (171 x 18 mm) 691 pp., 5 nn.ll. for part I; 12 nn.ll. (including a portrait of Du Verdier and the printer&#039;s device), 478 pp., 9 nn.ll. for part II. Contemporary light brown calf, gilt filet on covers, central gilt medallion, spine in compartments decorated with a simple flower (skilfully restored).\" \/>\n<meta property=\"og:url\" content=\"https:\/\/www.librairieclavreuil.com\/en\/mexia-pedro-les-diverses-lecons-avec-trois-dialogues-dudit-auteur-augmentees-a-la-suite-dicelles-par-antoine-du-verdier\/\" \/>\n<meta property=\"og:site_name\" content=\"Libairie Clavreuil\" \/>\n<meta property=\"article:modified_time\" content=\"2024-07-10T14:52:55+00:00\" \/>\n<meta property=\"og:image\" content=\"https:\/\/www.librairieclavreuil.com\/wp-content\/uploads\/2024\/07\/pedro-mexia-les-diverses-lecons-avec-trois-dialogues-dudit-auteur-augmentees-a-la-suite-d-icelles-par-antoine-du-verdier-3703-659841ee36ffd.jpg\" \/>\n\t<meta property=\"og:image:width\" content=\"600\" \/>\n\t<meta property=\"og:image:height\" content=\"800\" \/>\n\t<meta property=\"og:image:type\" content=\"image\/jpeg\" \/>\n<meta name=\"twitter:card\" content=\"summary_large_image\" \/>\n<meta name=\"twitter:label1\" content=\"Est. reading time\" \/>\n\t<meta name=\"twitter:data1\" content=\"1 minute\" \/>\n<script type=\"application\/ld+json\" class=\"yoast-schema-graph\">{\"@context\":\"https:\/\/schema.org\",\"@graph\":[{\"@type\":\"WebPage\",\"@id\":\"https:\/\/www.librairieclavreuil.com\/en\/mexia-pedro-les-diverses-lecons-avec-trois-dialogues-dudit-auteur-augmentees-a-la-suite-dicelles-par-antoine-du-verdier\/\",\"url\":\"https:\/\/www.librairieclavreuil.com\/en\/mexia-pedro-les-diverses-lecons-avec-trois-dialogues-dudit-auteur-augmentees-a-la-suite-dicelles-par-antoine-du-verdier\/\",\"name\":\"MEXIA Pedro Les diverses le\u00e7ons... Avec trois Dialogues dudit auteur... augment\u00e9es \u00e0 la suite d'icelles... par Antoine Du Verdier. - Libairie Clavreuil\",\"isPartOf\":{\"@id\":\"https:\/\/www.librairieclavreuil.com\/#website\"},\"primaryImageOfPage\":{\"@id\":\"https:\/\/www.librairieclavreuil.com\/en\/mexia-pedro-les-diverses-lecons-avec-trois-dialogues-dudit-auteur-augmentees-a-la-suite-dicelles-par-antoine-du-verdier\/#primaryimage\"},\"image\":{\"@id\":\"https:\/\/www.librairieclavreuil.com\/en\/mexia-pedro-les-diverses-lecons-avec-trois-dialogues-dudit-auteur-augmentees-a-la-suite-dicelles-par-antoine-du-verdier\/#primaryimage\"},\"thumbnailUrl\":\"https:\/\/www.librairieclavreuil.com\/wp-content\/uploads\/2024\/07\/pedro-mexia-les-diverses-lecons-avec-trois-dialogues-dudit-auteur-augmentees-a-la-suite-d-icelles-par-antoine-du-verdier-3703-659841ee36ffd.jpg\",\"datePublished\":\"2024-07-10T14:52:40+00:00\",\"dateModified\":\"2024-07-10T14:52:55+00:00\",\"breadcrumb\":{\"@id\":\"https:\/\/www.librairieclavreuil.com\/en\/mexia-pedro-les-diverses-lecons-avec-trois-dialogues-dudit-auteur-augmentees-a-la-suite-dicelles-par-antoine-du-verdier\/#breadcrumb\"},\"inLanguage\":\"en-US\",\"potentialAction\":[{\"@type\":\"ReadAction\",\"target\":[\"https:\/\/www.librairieclavreuil.com\/en\/mexia-pedro-les-diverses-lecons-avec-trois-dialogues-dudit-auteur-augmentees-a-la-suite-dicelles-par-antoine-du-verdier\/\"]}]},{\"@type\":\"ImageObject\",\"inLanguage\":\"en-US\",\"@id\":\"https:\/\/www.librairieclavreuil.com\/en\/mexia-pedro-les-diverses-lecons-avec-trois-dialogues-dudit-auteur-augmentees-a-la-suite-dicelles-par-antoine-du-verdier\/#primaryimage\",\"url\":\"https:\/\/www.librairieclavreuil.com\/wp-content\/uploads\/2024\/07\/pedro-mexia-les-diverses-lecons-avec-trois-dialogues-dudit-auteur-augmentees-a-la-suite-d-icelles-par-antoine-du-verdier-3703-659841ee36ffd.jpg\",\"contentUrl\":\"https:\/\/www.librairieclavreuil.com\/wp-content\/uploads\/2024\/07\/pedro-mexia-les-diverses-lecons-avec-trois-dialogues-dudit-auteur-augmentees-a-la-suite-d-icelles-par-antoine-du-verdier-3703-659841ee36ffd.jpg\",\"width\":600,\"height\":800},{\"@type\":\"BreadcrumbList\",\"@id\":\"https:\/\/www.librairieclavreuil.com\/en\/mexia-pedro-les-diverses-lecons-avec-trois-dialogues-dudit-auteur-augmentees-a-la-suite-dicelles-par-antoine-du-verdier\/#breadcrumb\",\"itemListElement\":[{\"@type\":\"ListItem\",\"position\":1,\"name\":\"Accueil\",\"item\":\"https:\/\/www.librairieclavreuil.com\/\"},{\"@type\":\"ListItem\",\"position\":2,\"name\":\"All our books\",\"item\":\"https:\/\/www.librairieclavreuil.com\/en\/all-our-books\/\"},{\"@type\":\"ListItem\",\"position\":3,\"name\":\"MEXIA Pedro Les diverses le\u00e7ons&#8230; Avec trois Dialogues dudit auteur&#8230; augment\u00e9es \u00e0 la suite d&#8217;icelles&#8230; par Antoine Du Verdier.\"}]},{\"@type\":\"WebSite\",\"@id\":\"https:\/\/www.librairieclavreuil.com\/#website\",\"url\":\"https:\/\/www.librairieclavreuil.com\/\",\"name\":\"Libairie Clavreuil\",\"description\":\"Livres anciens, manuscrits rares et \u00e9ditions originales \u2013 Librairie Clavreuil\",\"publisher\":{\"@id\":\"https:\/\/www.librairieclavreuil.com\/#organization\"},\"potentialAction\":[{\"@type\":\"SearchAction\",\"target\":{\"@type\":\"EntryPoint\",\"urlTemplate\":\"https:\/\/www.librairieclavreuil.com\/?s={search_term_string}\"},\"query-input\":{\"@type\":\"PropertyValueSpecification\",\"valueRequired\":true,\"valueName\":\"search_term_string\"}}],\"inLanguage\":\"en-US\"},{\"@type\":\"Organization\",\"@id\":\"https:\/\/www.librairieclavreuil.com\/#organization\",\"name\":\"Libairie Clavreuil\",\"url\":\"https:\/\/www.librairieclavreuil.com\/\",\"logo\":{\"@type\":\"ImageObject\",\"inLanguage\":\"en-US\",\"@id\":\"https:\/\/www.librairieclavreuil.com\/#\/schema\/logo\/image\/\",\"url\":\"https:\/\/www.librairieclavreuil.com\/wp-content\/uploads\/2021\/06\/cropped-LOGO_PNG_DATE-_gold-512x512-1.png\",\"contentUrl\":\"https:\/\/www.librairieclavreuil.com\/wp-content\/uploads\/2021\/06\/cropped-LOGO_PNG_DATE-_gold-512x512-1.png\",\"width\":512,\"height\":512,\"caption\":\"Libairie Clavreuil\"},\"image\":{\"@id\":\"https:\/\/www.librairieclavreuil.com\/#\/schema\/logo\/image\/\"},\"sameAs\":[\"https:\/\/www.instagram.com\/librairieclavreuil\/\"]}]}<\/script>\n<!-- \/ Yoast SEO plugin. -->","yoast_head_json":{"title":"MEXIA Pedro Les diverses le\u00e7ons... Avec trois Dialogues dudit auteur... augment\u00e9es \u00e0 la suite d'icelles... par Antoine Du Verdier. - Libairie Clavreuil","robots":{"index":"index","follow":"follow","max-snippet":"max-snippet:-1","max-image-preview":"max-image-preview:large","max-video-preview":"max-video-preview:-1"},"canonical":"https:\/\/www.librairieclavreuil.com\/en\/mexia-pedro-les-diverses-lecons-avec-trois-dialogues-dudit-auteur-augmentees-a-la-suite-dicelles-par-antoine-du-verdier\/","og_locale":"en_US","og_type":"article","og_title":"MEXIA Pedro Les diverses le\u00e7ons... Avec trois Dialogues dudit auteur... augment\u00e9es \u00e0 la suite d'icelles... par Antoine Du Verdier. - Libairie Clavreuil","og_description":"2 parts in 1 volume, 8vo (171 x 18 mm) 691 pp., 5 nn.ll. for part I; 12 nn.ll. (including a portrait of Du Verdier and the printer's device), 478 pp., 9 nn.ll. for part II. Contemporary light brown calf, gilt filet on covers, central gilt medallion, spine in compartments decorated with a simple flower (skilfully restored).","og_url":"https:\/\/www.librairieclavreuil.com\/en\/mexia-pedro-les-diverses-lecons-avec-trois-dialogues-dudit-auteur-augmentees-a-la-suite-dicelles-par-antoine-du-verdier\/","og_site_name":"Libairie Clavreuil","article_modified_time":"2024-07-10T14:52:55+00:00","og_image":[{"width":600,"height":800,"url":"https:\/\/www.librairieclavreuil.com\/wp-content\/uploads\/2024\/07\/pedro-mexia-les-diverses-lecons-avec-trois-dialogues-dudit-auteur-augmentees-a-la-suite-d-icelles-par-antoine-du-verdier-3703-659841ee36ffd.jpg","type":"image\/jpeg"}],"twitter_card":"summary_large_image","twitter_misc":{"Est. reading time":"1 minute"},"schema":{"@context":"https:\/\/schema.org","@graph":[{"@type":"WebPage","@id":"https:\/\/www.librairieclavreuil.com\/en\/mexia-pedro-les-diverses-lecons-avec-trois-dialogues-dudit-auteur-augmentees-a-la-suite-dicelles-par-antoine-du-verdier\/","url":"https:\/\/www.librairieclavreuil.com\/en\/mexia-pedro-les-diverses-lecons-avec-trois-dialogues-dudit-auteur-augmentees-a-la-suite-dicelles-par-antoine-du-verdier\/","name":"MEXIA Pedro Les diverses le\u00e7ons... Avec trois Dialogues dudit auteur... augment\u00e9es \u00e0 la suite d'icelles... par Antoine Du Verdier. - Libairie Clavreuil","isPartOf":{"@id":"https:\/\/www.librairieclavreuil.com\/#website"},"primaryImageOfPage":{"@id":"https:\/\/www.librairieclavreuil.com\/en\/mexia-pedro-les-diverses-lecons-avec-trois-dialogues-dudit-auteur-augmentees-a-la-suite-dicelles-par-antoine-du-verdier\/#primaryimage"},"image":{"@id":"https:\/\/www.librairieclavreuil.com\/en\/mexia-pedro-les-diverses-lecons-avec-trois-dialogues-dudit-auteur-augmentees-a-la-suite-dicelles-par-antoine-du-verdier\/#primaryimage"},"thumbnailUrl":"https:\/\/www.librairieclavreuil.com\/wp-content\/uploads\/2024\/07\/pedro-mexia-les-diverses-lecons-avec-trois-dialogues-dudit-auteur-augmentees-a-la-suite-d-icelles-par-antoine-du-verdier-3703-659841ee36ffd.jpg","datePublished":"2024-07-10T14:52:40+00:00","dateModified":"2024-07-10T14:52:55+00:00","breadcrumb":{"@id":"https:\/\/www.librairieclavreuil.com\/en\/mexia-pedro-les-diverses-lecons-avec-trois-dialogues-dudit-auteur-augmentees-a-la-suite-dicelles-par-antoine-du-verdier\/#breadcrumb"},"inLanguage":"en-US","potentialAction":[{"@type":"ReadAction","target":["https:\/\/www.librairieclavreuil.com\/en\/mexia-pedro-les-diverses-lecons-avec-trois-dialogues-dudit-auteur-augmentees-a-la-suite-dicelles-par-antoine-du-verdier\/"]}]},{"@type":"ImageObject","inLanguage":"en-US","@id":"https:\/\/www.librairieclavreuil.com\/en\/mexia-pedro-les-diverses-lecons-avec-trois-dialogues-dudit-auteur-augmentees-a-la-suite-dicelles-par-antoine-du-verdier\/#primaryimage","url":"https:\/\/www.librairieclavreuil.com\/wp-content\/uploads\/2024\/07\/pedro-mexia-les-diverses-lecons-avec-trois-dialogues-dudit-auteur-augmentees-a-la-suite-d-icelles-par-antoine-du-verdier-3703-659841ee36ffd.jpg","contentUrl":"https:\/\/www.librairieclavreuil.com\/wp-content\/uploads\/2024\/07\/pedro-mexia-les-diverses-lecons-avec-trois-dialogues-dudit-auteur-augmentees-a-la-suite-d-icelles-par-antoine-du-verdier-3703-659841ee36ffd.jpg","width":600,"height":800},{"@type":"BreadcrumbList","@id":"https:\/\/www.librairieclavreuil.com\/en\/mexia-pedro-les-diverses-lecons-avec-trois-dialogues-dudit-auteur-augmentees-a-la-suite-dicelles-par-antoine-du-verdier\/#breadcrumb","itemListElement":[{"@type":"ListItem","position":1,"name":"Accueil","item":"https:\/\/www.librairieclavreuil.com\/"},{"@type":"ListItem","position":2,"name":"All our books","item":"https:\/\/www.librairieclavreuil.com\/en\/all-our-books\/"},{"@type":"ListItem","position":3,"name":"MEXIA Pedro Les diverses le\u00e7ons&#8230; Avec trois Dialogues dudit auteur&#8230; augment\u00e9es \u00e0 la suite d&#8217;icelles&#8230; par Antoine Du Verdier."}]},{"@type":"WebSite","@id":"https:\/\/www.librairieclavreuil.com\/#website","url":"https:\/\/www.librairieclavreuil.com\/","name":"Libairie Clavreuil","description":"Livres anciens, manuscrits rares et \u00e9ditions originales \u2013 Librairie Clavreuil","publisher":{"@id":"https:\/\/www.librairieclavreuil.com\/#organization"},"potentialAction":[{"@type":"SearchAction","target":{"@type":"EntryPoint","urlTemplate":"https:\/\/www.librairieclavreuil.com\/?s={search_term_string}"},"query-input":{"@type":"PropertyValueSpecification","valueRequired":true,"valueName":"search_term_string"}}],"inLanguage":"en-US"},{"@type":"Organization","@id":"https:\/\/www.librairieclavreuil.com\/#organization","name":"Libairie Clavreuil","url":"https:\/\/www.librairieclavreuil.com\/","logo":{"@type":"ImageObject","inLanguage":"en-US","@id":"https:\/\/www.librairieclavreuil.com\/#\/schema\/logo\/image\/","url":"https:\/\/www.librairieclavreuil.com\/wp-content\/uploads\/2021\/06\/cropped-LOGO_PNG_DATE-_gold-512x512-1.png","contentUrl":"https:\/\/www.librairieclavreuil.com\/wp-content\/uploads\/2021\/06\/cropped-LOGO_PNG_DATE-_gold-512x512-1.png","width":512,"height":512,"caption":"Libairie Clavreuil"},"image":{"@id":"https:\/\/www.librairieclavreuil.com\/#\/schema\/logo\/image\/"},"sameAs":["https:\/\/www.instagram.com\/librairieclavreuil\/"]}]}},"jetpack_sharing_enabled":true,"_links":{"self":[{"href":"https:\/\/www.librairieclavreuil.com\/en\/wp-json\/wp\/v2\/product\/79617","targetHints":{"allow":["GET"]}}],"collection":[{"href":"https:\/\/www.librairieclavreuil.com\/en\/wp-json\/wp\/v2\/product"}],"about":[{"href":"https:\/\/www.librairieclavreuil.com\/en\/wp-json\/wp\/v2\/types\/product"}],"replies":[{"embeddable":true,"href":"https:\/\/www.librairieclavreuil.com\/en\/wp-json\/wp\/v2\/comments?post=79617"}],"wp:featuredmedia":[{"embeddable":true,"href":"https:\/\/www.librairieclavreuil.com\/en\/wp-json\/wp\/v2\/media\/79612"}],"wp:attachment":[{"href":"https:\/\/www.librairieclavreuil.com\/en\/wp-json\/wp\/v2\/media?parent=79617"}],"wp:term":[{"taxonomy":"product_brand","embeddable":true,"href":"https:\/\/www.librairieclavreuil.com\/en\/wp-json\/wp\/v2\/product_brand?post=79617"},{"taxonomy":"product_cat","embeddable":true,"href":"https:\/\/www.librairieclavreuil.com\/en\/wp-json\/wp\/v2\/product_cat?post=79617"},{"taxonomy":"product_tag","embeddable":true,"href":"https:\/\/www.librairieclavreuil.com\/en\/wp-json\/wp\/v2\/product_tag?post=79617"}],"curies":[{"name":"wp","href":"https:\/\/api.w.org\/{rel}","templated":true}]}}