{"id":79605,"date":"2024-07-10T16:51:52","date_gmt":"2024-07-10T14:51:52","guid":{"rendered":"https:\/\/www.librairieclavreuil.com\/erasme-les-apophthegmes-cest-a-dire-promptz-subtilz-et-sententieulx-ditz-de-plusieurs-roys-chefz-darmees-philosophes-et-autres-grans-personnaiges-tant-grecz-que-latins\/"},"modified":"2025-09-01T14:20:48","modified_gmt":"2025-09-01T12:20:48","slug":"erasme-les-apophthegmes-cest-a-dire-promptz-subtilz-et-sententieulx-ditz-de-plusieurs-roys-chefz-darmees-philosophes-et-autres-grans-personnaiges-tant-grecz-que-latins","status":"publish","type":"product","link":"https:\/\/www.librairieclavreuil.com\/en\/erasme-les-apophthegmes-cest-a-dire-promptz-subtilz-et-sententieulx-ditz-de-plusieurs-roys-chefz-darmees-philosophes-et-autres-grans-personnaiges-tant-grecz-que-latins\/","title":{"rendered":"ERASME Les Apophthegmes, c&#8217;est \u00e0 dire promptz, subtilz..."},"content":{"rendered":"<p style=\"text-align:justify\"><i>Moreau, V, 1729 ; not in Adams or at the British Libary.<\/i><\/p>\n<p style=\"text-align:justify\">Rare revised and corrected edition of Antoine Macault&#8217;s French translation, first printed the previous year (1539) by Charlotte Guillard, one of the first female printers, who ran the \u201cAu Soleil d&#8217;or\u201d workshop.<\/p>\n<p style=\"text-align:justify\">The original Latin edition was published in Basel by Froben in 1531. Compiled for the young Prince William of Cleves (1516-1592), Erasmus&#8217; Apophthegmata consists of thousands of sayings and anecdotes taken from Greek and Latin literature and intended for the moral education of the future sovereign, who would marry Jeanne d&#8217;Albret, niece of Fran\u00e7ois I, on June 14, 1541.<\/p>\n<p style=\"text-align:justify\">This edition begins with the privilege (dated October 11, 1538), followed by the dedication to King Francis I and two addresses to readers in verse by Cl\u00e9ment Marot, a close friend of Antoine Macault, including a ten-line stanza on the verso of the privilege and an eight-line stanza in the colophon. Antoine Macault translated only the first five books of the Apophthegms: the end of the text was not published until 1553, by another translator.<\/p>\n<p style=\"text-align:justify\">Edition printed by Charlotte Guillard (1480?-1557), an exceptional figure of the French Renaissance.<\/p>\n<p style=\"text-align:justify\">Born around 1480 to parents of unknown professions, Charlotte Guillard married Berthold Remboldt in 1502, one of the prototype printers in Paris, who was associated with Ulrich Gehring at the time. The printing workshop was located on Rue de la Sorbonne under the sign of the Soleil d&#8217;Or. When Gering ceased operations in 1508, the couple moved to Rue Saint Jacques. After Remboldt&#8217;s death, Charlotte Guillard took over the printing business, before remarrying in 1520 to Claude Chevallon, a bookseller specializing in humanist editions whose catalog lists authors such as \u00c9tasme, Pacien de Barcelone, and Hilaire de Poitiers. Widowed again in 1537, she continued to run the Soleil d&#8217;Or workshop until her death in 1557.&nbsp;<\/p>\n<p style=\"text-align:justify\">&#8220;Charlotte Guillard est une figure exceptionnelle de la Renaissance fran\u00e7aise. Originaire du Maine, elle m\u00e8ne \u00e0 Paris une carri\u00e8re brillante dans la typographie. Veuve tour \u00e0 tour des imprimeurs Berthold Rembolt et Claude Chevallon, elle administre en ma\u00eetresse femme l\u2019atelier du Soleil d\u2019Or pendant pr\u00e8s de vingt ans, de 1537 \u00e0 1557. Sous sa direction, l\u2019entreprise accapare le march\u00e9 de l\u2019\u00e9dition juridique et des P\u00e8res de l\u2019\u00c9glise, publiant des \u00e9ditions savantes pr\u00e9par\u00e9es par quelques-uns des plus illustres humanistes parisiens (Antoine Macault, Jacques Toussain, Jean Du Tillet, Guillaume Postel\u2026). Associant dans un m\u00eame projet intellectuel les th\u00e9ologiens les plus conservateurs et les lettr\u00e9s les plus \u00e9pris de nouveaut\u00e9, sa production t\u00e9moigne de la vivacit\u00e9 des d\u00e9bats qui agitent les milieux intellectuels au si\u00e8cle des R\u00e9formes&#8221; (cesr-cnrs).<\/p>\n<p style=\"text-align:justify\">Of this second edition, USTC has located only eight institutional copies worldwide (one in Belgium, three in France, one in Italy, and three in the United States: Chicago University; Yale, Beinecke; Washington: Folger) and none in the United Kingdom.<\/p>\n<p style=\"text-align:justify\">Very slight occasional marginal water stains, otherwise a fine copy.<\/p>\n<p style=\"text-align:justify\">Provenance: Fillastre (contemporary signature at the bottom of the title page).<\/p>\n","protected":false},"excerpt":{"rendered":"<p style=\"text-align:justify\">8vo (164 x 100 mm) 7 nn.ll., 278 num.ll., 3 nn.ll. (Collation : sign. a-z<sup>8<\/sup> A-N<sup>8<\/sup>). 19th century polished calf, double gilt filet on covers, spine gilt with raised bands, red edges.<\/p>\n","protected":false},"featured_media":87783,"comment_status":"open","ping_status":"closed","template":"","meta":{"_acf_changed":false},"product_brand":[],"product_cat":[544],"product_tag":[1243,1235],"class_list":{"0":"post-79605","1":"product","2":"type-product","3":"status-publish","4":"has-post-thumbnail","6":"product_cat-literature","7":"product_tag-16th-century-literature","8":"product_tag-women","9":"pa_auteur-erasme-2","10":"pa_type-de-livre-printed-book","12":"first","13":"outofstock","14":"shipping-taxable","15":"purchasable","16":"product-type-simple"},"acf":{"artist":"ERASME","chapeau":"Printed by the workshop 'Au Soleil d'Or'\r\nrun by the female master printer Charlotte Guillard\r\nCharlotte Guillard","adresse_bibliographique":"Paris, Au Soleil d\u2019or [Charlotte Guillard], 1540","book_type":"Printed book","provenance":"","afficher_prix":""},"yoast_head":"<!-- This site is optimized with the Yoast SEO plugin v24.7 - https:\/\/yoast.com\/wordpress\/plugins\/seo\/ -->\n<title>ERASME  Les Apophthegmes, c&#039;est \u00e0 dire promptz, subtilz et sententieulx ditz de plusieurs roys, chefz d&#039;arm\u00e9es, philosophes et autres grans personnaiges tant grecz que latins - Libairie Clavreuil<\/title>\n<meta name=\"robots\" content=\"index, follow, max-snippet:-1, max-image-preview:large, max-video-preview:-1\" \/>\n<link rel=\"canonical\" href=\"https:\/\/www.librairieclavreuil.com\/en\/erasme-les-apophthegmes-cest-a-dire-promptz-subtilz-et-sententieulx-ditz-de-plusieurs-roys-chefz-darmees-philosophes-et-autres-grans-personnaiges-tant-grecz-que-latins\/\" \/>\n<meta property=\"og:locale\" content=\"en_US\" \/>\n<meta property=\"og:type\" content=\"article\" \/>\n<meta property=\"og:title\" content=\"ERASME  Les Apophthegmes, c&#039;est \u00e0 dire promptz, subtilz et sententieulx ditz de plusieurs roys, chefz d&#039;arm\u00e9es, philosophes et autres grans personnaiges tant grecz que latins - Libairie Clavreuil\" \/>\n<meta property=\"og:description\" content=\"8vo (164 x 100 mm) 7 nn.ll., 278 num.ll., 3 nn.ll. (Collation : sign. a-z8 A-N8). 19th century polished calf, double gilt filet on covers, spine gilt with raised bands, red edges.\" \/>\n<meta property=\"og:url\" content=\"https:\/\/www.librairieclavreuil.com\/en\/erasme-les-apophthegmes-cest-a-dire-promptz-subtilz-et-sententieulx-ditz-de-plusieurs-roys-chefz-darmees-philosophes-et-autres-grans-personnaiges-tant-grecz-que-latins\/\" \/>\n<meta property=\"og:site_name\" content=\"Libairie Clavreuil\" \/>\n<meta property=\"article:modified_time\" content=\"2025-09-01T12:20:48+00:00\" \/>\n<meta property=\"og:image\" content=\"https:\/\/www.librairieclavreuil.com\/wp-content\/uploads\/2025\/09\/erasme-les-apophthegmes-c-est-a-dire-promptz-subtilz-et-sententieulx-ditz-de-plusieurs-roys-chefz-d-armees-philosophes-et-autres-grans-perso-68b58f6b3f4ce.jpg\" \/>\n\t<meta property=\"og:image:width\" content=\"519\" \/>\n\t<meta property=\"og:image:height\" content=\"800\" \/>\n\t<meta property=\"og:image:type\" content=\"image\/jpeg\" \/>\n<meta name=\"twitter:card\" content=\"summary_large_image\" \/>\n<meta name=\"twitter:label1\" content=\"Est. reading time\" \/>\n\t<meta name=\"twitter:data1\" content=\"2 minutes\" \/>\n<script type=\"application\/ld+json\" class=\"yoast-schema-graph\">{\"@context\":\"https:\/\/schema.org\",\"@graph\":[{\"@type\":\"WebPage\",\"@id\":\"https:\/\/www.librairieclavreuil.com\/en\/erasme-les-apophthegmes-cest-a-dire-promptz-subtilz-et-sententieulx-ditz-de-plusieurs-roys-chefz-darmees-philosophes-et-autres-grans-personnaiges-tant-grecz-que-latins\/\",\"url\":\"https:\/\/www.librairieclavreuil.com\/en\/erasme-les-apophthegmes-cest-a-dire-promptz-subtilz-et-sententieulx-ditz-de-plusieurs-roys-chefz-darmees-philosophes-et-autres-grans-personnaiges-tant-grecz-que-latins\/\",\"name\":\"ERASME Les Apophthegmes, c'est \u00e0 dire promptz, subtilz et sententieulx ditz de plusieurs roys, chefz d'arm\u00e9es, philosophes et autres grans personnaiges tant grecz que latins - Libairie Clavreuil\",\"isPartOf\":{\"@id\":\"https:\/\/www.librairieclavreuil.com\/#website\"},\"primaryImageOfPage\":{\"@id\":\"https:\/\/www.librairieclavreuil.com\/en\/erasme-les-apophthegmes-cest-a-dire-promptz-subtilz-et-sententieulx-ditz-de-plusieurs-roys-chefz-darmees-philosophes-et-autres-grans-personnaiges-tant-grecz-que-latins\/#primaryimage\"},\"image\":{\"@id\":\"https:\/\/www.librairieclavreuil.com\/en\/erasme-les-apophthegmes-cest-a-dire-promptz-subtilz-et-sententieulx-ditz-de-plusieurs-roys-chefz-darmees-philosophes-et-autres-grans-personnaiges-tant-grecz-que-latins\/#primaryimage\"},\"thumbnailUrl\":\"https:\/\/www.librairieclavreuil.com\/wp-content\/uploads\/2025\/09\/erasme-les-apophthegmes-c-est-a-dire-promptz-subtilz-et-sententieulx-ditz-de-plusieurs-roys-chefz-d-armees-philosophes-et-autres-grans-perso-68b58f6b3f4ce.jpg\",\"datePublished\":\"2024-07-10T14:51:52+00:00\",\"dateModified\":\"2025-09-01T12:20:48+00:00\",\"breadcrumb\":{\"@id\":\"https:\/\/www.librairieclavreuil.com\/en\/erasme-les-apophthegmes-cest-a-dire-promptz-subtilz-et-sententieulx-ditz-de-plusieurs-roys-chefz-darmees-philosophes-et-autres-grans-personnaiges-tant-grecz-que-latins\/#breadcrumb\"},\"inLanguage\":\"en-US\",\"potentialAction\":[{\"@type\":\"ReadAction\",\"target\":[\"https:\/\/www.librairieclavreuil.com\/en\/erasme-les-apophthegmes-cest-a-dire-promptz-subtilz-et-sententieulx-ditz-de-plusieurs-roys-chefz-darmees-philosophes-et-autres-grans-personnaiges-tant-grecz-que-latins\/\"]}]},{\"@type\":\"ImageObject\",\"inLanguage\":\"en-US\",\"@id\":\"https:\/\/www.librairieclavreuil.com\/en\/erasme-les-apophthegmes-cest-a-dire-promptz-subtilz-et-sententieulx-ditz-de-plusieurs-roys-chefz-darmees-philosophes-et-autres-grans-personnaiges-tant-grecz-que-latins\/#primaryimage\",\"url\":\"https:\/\/www.librairieclavreuil.com\/wp-content\/uploads\/2025\/09\/erasme-les-apophthegmes-c-est-a-dire-promptz-subtilz-et-sententieulx-ditz-de-plusieurs-roys-chefz-d-armees-philosophes-et-autres-grans-perso-68b58f6b3f4ce.jpg\",\"contentUrl\":\"https:\/\/www.librairieclavreuil.com\/wp-content\/uploads\/2025\/09\/erasme-les-apophthegmes-c-est-a-dire-promptz-subtilz-et-sententieulx-ditz-de-plusieurs-roys-chefz-d-armees-philosophes-et-autres-grans-perso-68b58f6b3f4ce.jpg\",\"width\":519,\"height\":800},{\"@type\":\"BreadcrumbList\",\"@id\":\"https:\/\/www.librairieclavreuil.com\/en\/erasme-les-apophthegmes-cest-a-dire-promptz-subtilz-et-sententieulx-ditz-de-plusieurs-roys-chefz-darmees-philosophes-et-autres-grans-personnaiges-tant-grecz-que-latins\/#breadcrumb\",\"itemListElement\":[{\"@type\":\"ListItem\",\"position\":1,\"name\":\"Accueil\",\"item\":\"https:\/\/www.librairieclavreuil.com\/\"},{\"@type\":\"ListItem\",\"position\":2,\"name\":\"All our books\",\"item\":\"https:\/\/www.librairieclavreuil.com\/en\/all-our-books\/\"},{\"@type\":\"ListItem\",\"position\":3,\"name\":\"ERASME Les Apophthegmes, c&rsquo;est \u00e0 dire promptz, subtilz...\"}]},{\"@type\":\"WebSite\",\"@id\":\"https:\/\/www.librairieclavreuil.com\/#website\",\"url\":\"https:\/\/www.librairieclavreuil.com\/\",\"name\":\"Libairie Clavreuil\",\"description\":\"Livres anciens, manuscrits rares et \u00e9ditions originales \u2013 Librairie Clavreuil\",\"publisher\":{\"@id\":\"https:\/\/www.librairieclavreuil.com\/#organization\"},\"potentialAction\":[{\"@type\":\"SearchAction\",\"target\":{\"@type\":\"EntryPoint\",\"urlTemplate\":\"https:\/\/www.librairieclavreuil.com\/?s={search_term_string}\"},\"query-input\":{\"@type\":\"PropertyValueSpecification\",\"valueRequired\":true,\"valueName\":\"search_term_string\"}}],\"inLanguage\":\"en-US\"},{\"@type\":\"Organization\",\"@id\":\"https:\/\/www.librairieclavreuil.com\/#organization\",\"name\":\"Libairie Clavreuil\",\"url\":\"https:\/\/www.librairieclavreuil.com\/\",\"logo\":{\"@type\":\"ImageObject\",\"inLanguage\":\"en-US\",\"@id\":\"https:\/\/www.librairieclavreuil.com\/#\/schema\/logo\/image\/\",\"url\":\"https:\/\/www.librairieclavreuil.com\/wp-content\/uploads\/2021\/06\/cropped-LOGO_PNG_DATE-_gold-512x512-1.png\",\"contentUrl\":\"https:\/\/www.librairieclavreuil.com\/wp-content\/uploads\/2021\/06\/cropped-LOGO_PNG_DATE-_gold-512x512-1.png\",\"width\":512,\"height\":512,\"caption\":\"Libairie Clavreuil\"},\"image\":{\"@id\":\"https:\/\/www.librairieclavreuil.com\/#\/schema\/logo\/image\/\"},\"sameAs\":[\"https:\/\/www.instagram.com\/librairieclavreuil\/\"]}]}<\/script>\n<!-- \/ Yoast SEO plugin. -->","yoast_head_json":{"title":"ERASME  Les Apophthegmes, c'est \u00e0 dire promptz, subtilz et sententieulx ditz de plusieurs roys, chefz d'arm\u00e9es, philosophes et autres grans personnaiges tant grecz que latins - Libairie Clavreuil","robots":{"index":"index","follow":"follow","max-snippet":"max-snippet:-1","max-image-preview":"max-image-preview:large","max-video-preview":"max-video-preview:-1"},"canonical":"https:\/\/www.librairieclavreuil.com\/en\/erasme-les-apophthegmes-cest-a-dire-promptz-subtilz-et-sententieulx-ditz-de-plusieurs-roys-chefz-darmees-philosophes-et-autres-grans-personnaiges-tant-grecz-que-latins\/","og_locale":"en_US","og_type":"article","og_title":"ERASME  Les Apophthegmes, c'est \u00e0 dire promptz, subtilz et sententieulx ditz de plusieurs roys, chefz d'arm\u00e9es, philosophes et autres grans personnaiges tant grecz que latins - Libairie Clavreuil","og_description":"8vo (164 x 100 mm) 7 nn.ll., 278 num.ll., 3 nn.ll. (Collation : sign. a-z8 A-N8). 19th century polished calf, double gilt filet on covers, spine gilt with raised bands, red edges.","og_url":"https:\/\/www.librairieclavreuil.com\/en\/erasme-les-apophthegmes-cest-a-dire-promptz-subtilz-et-sententieulx-ditz-de-plusieurs-roys-chefz-darmees-philosophes-et-autres-grans-personnaiges-tant-grecz-que-latins\/","og_site_name":"Libairie Clavreuil","article_modified_time":"2025-09-01T12:20:48+00:00","og_image":[{"width":519,"height":800,"url":"https:\/\/www.librairieclavreuil.com\/wp-content\/uploads\/2025\/09\/erasme-les-apophthegmes-c-est-a-dire-promptz-subtilz-et-sententieulx-ditz-de-plusieurs-roys-chefz-d-armees-philosophes-et-autres-grans-perso-68b58f6b3f4ce.jpg","type":"image\/jpeg"}],"twitter_card":"summary_large_image","twitter_misc":{"Est. reading time":"2 minutes"},"schema":{"@context":"https:\/\/schema.org","@graph":[{"@type":"WebPage","@id":"https:\/\/www.librairieclavreuil.com\/en\/erasme-les-apophthegmes-cest-a-dire-promptz-subtilz-et-sententieulx-ditz-de-plusieurs-roys-chefz-darmees-philosophes-et-autres-grans-personnaiges-tant-grecz-que-latins\/","url":"https:\/\/www.librairieclavreuil.com\/en\/erasme-les-apophthegmes-cest-a-dire-promptz-subtilz-et-sententieulx-ditz-de-plusieurs-roys-chefz-darmees-philosophes-et-autres-grans-personnaiges-tant-grecz-que-latins\/","name":"ERASME Les Apophthegmes, c'est \u00e0 dire promptz, subtilz et sententieulx ditz de plusieurs roys, chefz d'arm\u00e9es, philosophes et autres grans personnaiges tant grecz que latins - Libairie Clavreuil","isPartOf":{"@id":"https:\/\/www.librairieclavreuil.com\/#website"},"primaryImageOfPage":{"@id":"https:\/\/www.librairieclavreuil.com\/en\/erasme-les-apophthegmes-cest-a-dire-promptz-subtilz-et-sententieulx-ditz-de-plusieurs-roys-chefz-darmees-philosophes-et-autres-grans-personnaiges-tant-grecz-que-latins\/#primaryimage"},"image":{"@id":"https:\/\/www.librairieclavreuil.com\/en\/erasme-les-apophthegmes-cest-a-dire-promptz-subtilz-et-sententieulx-ditz-de-plusieurs-roys-chefz-darmees-philosophes-et-autres-grans-personnaiges-tant-grecz-que-latins\/#primaryimage"},"thumbnailUrl":"https:\/\/www.librairieclavreuil.com\/wp-content\/uploads\/2025\/09\/erasme-les-apophthegmes-c-est-a-dire-promptz-subtilz-et-sententieulx-ditz-de-plusieurs-roys-chefz-d-armees-philosophes-et-autres-grans-perso-68b58f6b3f4ce.jpg","datePublished":"2024-07-10T14:51:52+00:00","dateModified":"2025-09-01T12:20:48+00:00","breadcrumb":{"@id":"https:\/\/www.librairieclavreuil.com\/en\/erasme-les-apophthegmes-cest-a-dire-promptz-subtilz-et-sententieulx-ditz-de-plusieurs-roys-chefz-darmees-philosophes-et-autres-grans-personnaiges-tant-grecz-que-latins\/#breadcrumb"},"inLanguage":"en-US","potentialAction":[{"@type":"ReadAction","target":["https:\/\/www.librairieclavreuil.com\/en\/erasme-les-apophthegmes-cest-a-dire-promptz-subtilz-et-sententieulx-ditz-de-plusieurs-roys-chefz-darmees-philosophes-et-autres-grans-personnaiges-tant-grecz-que-latins\/"]}]},{"@type":"ImageObject","inLanguage":"en-US","@id":"https:\/\/www.librairieclavreuil.com\/en\/erasme-les-apophthegmes-cest-a-dire-promptz-subtilz-et-sententieulx-ditz-de-plusieurs-roys-chefz-darmees-philosophes-et-autres-grans-personnaiges-tant-grecz-que-latins\/#primaryimage","url":"https:\/\/www.librairieclavreuil.com\/wp-content\/uploads\/2025\/09\/erasme-les-apophthegmes-c-est-a-dire-promptz-subtilz-et-sententieulx-ditz-de-plusieurs-roys-chefz-d-armees-philosophes-et-autres-grans-perso-68b58f6b3f4ce.jpg","contentUrl":"https:\/\/www.librairieclavreuil.com\/wp-content\/uploads\/2025\/09\/erasme-les-apophthegmes-c-est-a-dire-promptz-subtilz-et-sententieulx-ditz-de-plusieurs-roys-chefz-d-armees-philosophes-et-autres-grans-perso-68b58f6b3f4ce.jpg","width":519,"height":800},{"@type":"BreadcrumbList","@id":"https:\/\/www.librairieclavreuil.com\/en\/erasme-les-apophthegmes-cest-a-dire-promptz-subtilz-et-sententieulx-ditz-de-plusieurs-roys-chefz-darmees-philosophes-et-autres-grans-personnaiges-tant-grecz-que-latins\/#breadcrumb","itemListElement":[{"@type":"ListItem","position":1,"name":"Accueil","item":"https:\/\/www.librairieclavreuil.com\/"},{"@type":"ListItem","position":2,"name":"All our books","item":"https:\/\/www.librairieclavreuil.com\/en\/all-our-books\/"},{"@type":"ListItem","position":3,"name":"ERASME Les Apophthegmes, c&rsquo;est \u00e0 dire promptz, subtilz..."}]},{"@type":"WebSite","@id":"https:\/\/www.librairieclavreuil.com\/#website","url":"https:\/\/www.librairieclavreuil.com\/","name":"Libairie Clavreuil","description":"Livres anciens, manuscrits rares et \u00e9ditions originales \u2013 Librairie Clavreuil","publisher":{"@id":"https:\/\/www.librairieclavreuil.com\/#organization"},"potentialAction":[{"@type":"SearchAction","target":{"@type":"EntryPoint","urlTemplate":"https:\/\/www.librairieclavreuil.com\/?s={search_term_string}"},"query-input":{"@type":"PropertyValueSpecification","valueRequired":true,"valueName":"search_term_string"}}],"inLanguage":"en-US"},{"@type":"Organization","@id":"https:\/\/www.librairieclavreuil.com\/#organization","name":"Libairie Clavreuil","url":"https:\/\/www.librairieclavreuil.com\/","logo":{"@type":"ImageObject","inLanguage":"en-US","@id":"https:\/\/www.librairieclavreuil.com\/#\/schema\/logo\/image\/","url":"https:\/\/www.librairieclavreuil.com\/wp-content\/uploads\/2021\/06\/cropped-LOGO_PNG_DATE-_gold-512x512-1.png","contentUrl":"https:\/\/www.librairieclavreuil.com\/wp-content\/uploads\/2021\/06\/cropped-LOGO_PNG_DATE-_gold-512x512-1.png","width":512,"height":512,"caption":"Libairie Clavreuil"},"image":{"@id":"https:\/\/www.librairieclavreuil.com\/#\/schema\/logo\/image\/"},"sameAs":["https:\/\/www.instagram.com\/librairieclavreuil\/"]}]}},"jetpack_sharing_enabled":true,"_links":{"self":[{"href":"https:\/\/www.librairieclavreuil.com\/en\/wp-json\/wp\/v2\/product\/79605","targetHints":{"allow":["GET"]}}],"collection":[{"href":"https:\/\/www.librairieclavreuil.com\/en\/wp-json\/wp\/v2\/product"}],"about":[{"href":"https:\/\/www.librairieclavreuil.com\/en\/wp-json\/wp\/v2\/types\/product"}],"replies":[{"embeddable":true,"href":"https:\/\/www.librairieclavreuil.com\/en\/wp-json\/wp\/v2\/comments?post=79605"}],"wp:featuredmedia":[{"embeddable":true,"href":"https:\/\/www.librairieclavreuil.com\/en\/wp-json\/wp\/v2\/media\/87783"}],"wp:attachment":[{"href":"https:\/\/www.librairieclavreuil.com\/en\/wp-json\/wp\/v2\/media?parent=79605"}],"wp:term":[{"taxonomy":"product_brand","embeddable":true,"href":"https:\/\/www.librairieclavreuil.com\/en\/wp-json\/wp\/v2\/product_brand?post=79605"},{"taxonomy":"product_cat","embeddable":true,"href":"https:\/\/www.librairieclavreuil.com\/en\/wp-json\/wp\/v2\/product_cat?post=79605"},{"taxonomy":"product_tag","embeddable":true,"href":"https:\/\/www.librairieclavreuil.com\/en\/wp-json\/wp\/v2\/product_tag?post=79605"}],"curies":[{"name":"wp","href":"https:\/\/api.w.org\/{rel}","templated":true}]}}