{"id":79585,"date":"2024-07-10T16:50:35","date_gmt":"2024-07-10T14:50:35","guid":{"rendered":"https:\/\/www.librairieclavreuil.com\/capilupi-camillo-le-stratageme-ou-la-ruse-de-charles-ix-roy-de-france-contre-les-huguenots-rebelles-a-dieu-a-luy-escrit-par-le-seigneur-camille-capilupi-envoye-de-rome-au-seigneur-al\/"},"modified":"2024-07-10T16:50:50","modified_gmt":"2024-07-10T14:50:50","slug":"capilupi-camillo-le-stratageme-ou-la-ruse-de-charles-ix-roy-de-france-contre-les-huguenots-rebelles-a-dieu-a-luy-escrit-par-le-seigneur-camille-capilupi-envoye-de-rome-au-seigneur-al","status":"publish","type":"product","link":"https:\/\/www.librairieclavreuil.com\/en\/capilupi-camillo-le-stratageme-ou-la-ruse-de-charles-ix-roy-de-france-contre-les-huguenots-rebelles-a-dieu-a-luy-escrit-par-le-seigneur-camille-capilupi-envoye-de-rome-au-seigneur-al\/","title":{"rendered":"CAPILUPI Camillo Le Stratageme, ou la ruse de..."},"content":{"rendered":"<p style=\"text-align:justify\"><i>Brunet I, 1562; Fairfax-Murray, 75; Adams, C-591 (only the Italian text).<\/i><\/p>\n<p style=\"text-align:justify\">First edition of the French translation and second edition of the Italian text. This famous contemporary apology for Saint Bartholomew&#8217;s Day was written by an Italian. It was written in Rome in 1572 at the instigation of the Cardinal of Lorraine, who then sought to stop its circulation, fearing that news of the massacre would endanger the candidacy of the Duke of Anjou, the future Henry III, as elected King of Poland. The work tends to prove that Saint Bartholomew&#8217;s Day had been carefully prepared, with the King merely stopping a conspiracy uncovered by Admiral de Coligny.<\/p>\n<p style=\"text-align:justify\">USTC locates 6 institutional copies in the Unnited States (Folger Shakespeare Library, Houghton Library, Iowa City, New York Public Library, Virgina University, Yale\/Beinecke).<\/p>\n<p style=\"text-align:justify\">Fine copy.<\/p>\n<p style=\"text-align:justify\">Provenance: Robert de Crewe (book plate) &#8211; unidentified book plate with interlaced &#8216;CC&#8217;.<\/p>\n","protected":false},"excerpt":{"rendered":"<p style=\"text-align:justify\">In-8 (148 x 88 mm) de 114 pp.ch. [suivi, du m\u00eame:]. Lo stratagema di Carlo IX, Re di Francia, contro gli Ugonotti rebelli di Dio &amp; suoi. 87 pp.ch.. Maroquin vert, dos \u00e0 nerfs orn\u00e9 de filets dor\u00e9s, gerbe dor\u00e9e sur le plat sup\u00e9rieur, dentelle int\u00e9rieure et tranches dor\u00e9es (<i>Koehler<\/i>).<\/p>\n","protected":false},"featured_media":79578,"comment_status":"open","ping_status":"closed","template":"","meta":{"_acf_changed":false},"product_brand":[],"product_cat":[544],"product_tag":[1243,1213],"class_list":{"0":"post-79585","1":"product","2":"type-product","3":"status-publish","4":"has-post-thumbnail","6":"product_cat-literature","7":"product_tag-16th-century-literature","8":"product_tag-history","9":"pa_auteur-capilupi-camillo-2","10":"pa_type-de-livre-printed-book","12":"first","13":"instock","14":"shipping-taxable","15":"purchasable","16":"product-type-simple"},"acf":{"artist":" Camillo CAPILUPI","chapeau":"Saint Bartholomew massacres","adresse_bibliographique":"Gen\u00e8ve, 1574","book_type":"Printed book","provenance":"","afficher_prix":""},"yoast_head":"<!-- This site is optimized with the Yoast SEO plugin v24.7 - https:\/\/yoast.com\/wordpress\/plugins\/seo\/ -->\n<title>CAPILUPI Camillo Le Stratageme, ou la ruse de Charles IX, Roy de France, contre les Huguenots rebelles \u00e0 Dieu &amp; \u00e0 luy. Escrit par le Seigneur Camille Capilupi, &amp; envoy\u00e9 de Rome au Seigneur Alphonse Capilupi. - Libairie Clavreuil<\/title>\n<meta name=\"robots\" content=\"index, follow, max-snippet:-1, max-image-preview:large, max-video-preview:-1\" \/>\n<link rel=\"canonical\" href=\"https:\/\/www.librairieclavreuil.com\/produit\/capilupi-camillo-le-stratageme-ou-la-ruse-de-charles-ix-roy-de-france-contre-les-huguenots-rebelles-a-dieu-a-luy-escrit-par-le-seigneur-camille-capilupi-envoye-de-rome-au-seigneur-al\/\" \/>\n<meta property=\"og:locale\" content=\"en_US\" \/>\n<meta property=\"og:type\" content=\"article\" \/>\n<meta property=\"og:title\" content=\"CAPILUPI Camillo Le Stratageme, ou la ruse de Charles IX, Roy de France, contre les Huguenots rebelles \u00e0 Dieu &amp; \u00e0 luy. Escrit par le Seigneur Camille Capilupi, &amp; envoy\u00e9 de Rome au Seigneur Alphonse Capilupi. - Libairie Clavreuil\" \/>\n<meta property=\"og:description\" content=\"In-8 (148 x 88 mm) de 114 pp.ch. [suivi, du m\u00eame:]. Lo stratagema di Carlo IX, Re di Francia, contro gli Ugonotti rebelli di Dio &amp; suoi. 87 pp.ch.. Maroquin vert, dos \u00e0 nerfs orn\u00e9 de filets dor\u00e9s, gerbe dor\u00e9e sur le plat sup\u00e9rieur, dentelle int\u00e9rieure et tranches dor\u00e9es (Koehler).\" \/>\n<meta property=\"og:url\" content=\"https:\/\/www.librairieclavreuil.com\/produit\/capilupi-camillo-le-stratageme-ou-la-ruse-de-charles-ix-roy-de-france-contre-les-huguenots-rebelles-a-dieu-a-luy-escrit-par-le-seigneur-camille-capilupi-envoye-de-rome-au-seigneur-al\/\" \/>\n<meta property=\"og:site_name\" content=\"Libairie Clavreuil\" \/>\n<meta property=\"article:modified_time\" content=\"2024-07-10T14:50:50+00:00\" \/>\n<meta property=\"og:image\" content=\"https:\/\/www.librairieclavreuil.com\/wp-content\/uploads\/2024\/07\/camillo-capilupi-le-stratageme-ou-la-ruse-de-charles-ix-roy-de-france-contre-les-huguenots-rebelles-a-dieu-a-luy-escrit-par-le-seigneur-camille-capilu.jpg\" \/>\n\t<meta property=\"og:image:width\" content=\"549\" \/>\n\t<meta property=\"og:image:height\" content=\"800\" \/>\n\t<meta property=\"og:image:type\" content=\"image\/jpeg\" \/>\n<meta name=\"twitter:card\" content=\"summary_large_image\" \/>\n<meta name=\"twitter:label1\" content=\"Est. reading time\" \/>\n\t<meta name=\"twitter:data1\" content=\"1 minute\" \/>\n<script type=\"application\/ld+json\" class=\"yoast-schema-graph\">{\"@context\":\"https:\/\/schema.org\",\"@graph\":[{\"@type\":\"WebPage\",\"@id\":\"https:\/\/www.librairieclavreuil.com\/produit\/capilupi-camillo-le-stratageme-ou-la-ruse-de-charles-ix-roy-de-france-contre-les-huguenots-rebelles-a-dieu-a-luy-escrit-par-le-seigneur-camille-capilupi-envoye-de-rome-au-seigneur-al\/\",\"url\":\"https:\/\/www.librairieclavreuil.com\/produit\/capilupi-camillo-le-stratageme-ou-la-ruse-de-charles-ix-roy-de-france-contre-les-huguenots-rebelles-a-dieu-a-luy-escrit-par-le-seigneur-camille-capilupi-envoye-de-rome-au-seigneur-al\/\",\"name\":\"CAPILUPI Camillo Le Stratageme, ou la ruse de Charles IX, Roy de France, contre les Huguenots rebelles \u00e0 Dieu &amp; \u00e0 luy. Escrit par le Seigneur Camille Capilupi, &amp; envoy\u00e9 de Rome au Seigneur Alphonse Capilupi. - Libairie Clavreuil\",\"isPartOf\":{\"@id\":\"https:\/\/www.librairieclavreuil.com\/#website\"},\"primaryImageOfPage\":{\"@id\":\"https:\/\/www.librairieclavreuil.com\/produit\/capilupi-camillo-le-stratageme-ou-la-ruse-de-charles-ix-roy-de-france-contre-les-huguenots-rebelles-a-dieu-a-luy-escrit-par-le-seigneur-camille-capilupi-envoye-de-rome-au-seigneur-al\/#primaryimage\"},\"image\":{\"@id\":\"https:\/\/www.librairieclavreuil.com\/produit\/capilupi-camillo-le-stratageme-ou-la-ruse-de-charles-ix-roy-de-france-contre-les-huguenots-rebelles-a-dieu-a-luy-escrit-par-le-seigneur-camille-capilupi-envoye-de-rome-au-seigneur-al\/#primaryimage\"},\"thumbnailUrl\":\"https:\/\/www.librairieclavreuil.com\/wp-content\/uploads\/2024\/07\/camillo-capilupi-le-stratageme-ou-la-ruse-de-charles-ix-roy-de-france-contre-les-huguenots-rebelles-a-dieu-a-luy-escrit-par-le-seigneur-camille-capilu.jpg\",\"datePublished\":\"2024-07-10T14:50:35+00:00\",\"dateModified\":\"2024-07-10T14:50:50+00:00\",\"breadcrumb\":{\"@id\":\"https:\/\/www.librairieclavreuil.com\/produit\/capilupi-camillo-le-stratageme-ou-la-ruse-de-charles-ix-roy-de-france-contre-les-huguenots-rebelles-a-dieu-a-luy-escrit-par-le-seigneur-camille-capilupi-envoye-de-rome-au-seigneur-al\/#breadcrumb\"},\"inLanguage\":\"en-US\",\"potentialAction\":[{\"@type\":\"ReadAction\",\"target\":[\"https:\/\/www.librairieclavreuil.com\/produit\/capilupi-camillo-le-stratageme-ou-la-ruse-de-charles-ix-roy-de-france-contre-les-huguenots-rebelles-a-dieu-a-luy-escrit-par-le-seigneur-camille-capilupi-envoye-de-rome-au-seigneur-al\/\"]}]},{\"@type\":\"ImageObject\",\"inLanguage\":\"en-US\",\"@id\":\"https:\/\/www.librairieclavreuil.com\/produit\/capilupi-camillo-le-stratageme-ou-la-ruse-de-charles-ix-roy-de-france-contre-les-huguenots-rebelles-a-dieu-a-luy-escrit-par-le-seigneur-camille-capilupi-envoye-de-rome-au-seigneur-al\/#primaryimage\",\"url\":\"https:\/\/www.librairieclavreuil.com\/wp-content\/uploads\/2024\/07\/camillo-capilupi-le-stratageme-ou-la-ruse-de-charles-ix-roy-de-france-contre-les-huguenots-rebelles-a-dieu-a-luy-escrit-par-le-seigneur-camille-capilu.jpg\",\"contentUrl\":\"https:\/\/www.librairieclavreuil.com\/wp-content\/uploads\/2024\/07\/camillo-capilupi-le-stratageme-ou-la-ruse-de-charles-ix-roy-de-france-contre-les-huguenots-rebelles-a-dieu-a-luy-escrit-par-le-seigneur-camille-capilu.jpg\",\"width\":549,\"height\":800},{\"@type\":\"BreadcrumbList\",\"@id\":\"https:\/\/www.librairieclavreuil.com\/produit\/capilupi-camillo-le-stratageme-ou-la-ruse-de-charles-ix-roy-de-france-contre-les-huguenots-rebelles-a-dieu-a-luy-escrit-par-le-seigneur-camille-capilupi-envoye-de-rome-au-seigneur-al\/#breadcrumb\",\"itemListElement\":[{\"@type\":\"ListItem\",\"position\":1,\"name\":\"Accueil\",\"item\":\"https:\/\/www.librairieclavreuil.com\/\"},{\"@type\":\"ListItem\",\"position\":2,\"name\":\"All our books\",\"item\":\"https:\/\/www.librairieclavreuil.com\/en\/all-our-books\/\"},{\"@type\":\"ListItem\",\"position\":3,\"name\":\"CAPILUPI Camillo Le Stratageme, ou la ruse de...\"}]},{\"@type\":\"WebSite\",\"@id\":\"https:\/\/www.librairieclavreuil.com\/#website\",\"url\":\"https:\/\/www.librairieclavreuil.com\/\",\"name\":\"Libairie Clavreuil\",\"description\":\"Livres anciens, manuscrits rares et \u00e9ditions originales \u2013 Librairie Clavreuil\",\"publisher\":{\"@id\":\"https:\/\/www.librairieclavreuil.com\/#organization\"},\"potentialAction\":[{\"@type\":\"SearchAction\",\"target\":{\"@type\":\"EntryPoint\",\"urlTemplate\":\"https:\/\/www.librairieclavreuil.com\/?s={search_term_string}\"},\"query-input\":{\"@type\":\"PropertyValueSpecification\",\"valueRequired\":true,\"valueName\":\"search_term_string\"}}],\"inLanguage\":\"en-US\"},{\"@type\":\"Organization\",\"@id\":\"https:\/\/www.librairieclavreuil.com\/#organization\",\"name\":\"Libairie Clavreuil\",\"url\":\"https:\/\/www.librairieclavreuil.com\/\",\"logo\":{\"@type\":\"ImageObject\",\"inLanguage\":\"en-US\",\"@id\":\"https:\/\/www.librairieclavreuil.com\/#\/schema\/logo\/image\/\",\"url\":\"https:\/\/www.librairieclavreuil.com\/wp-content\/uploads\/2021\/06\/cropped-LOGO_PNG_DATE-_gold-512x512-1.png\",\"contentUrl\":\"https:\/\/www.librairieclavreuil.com\/wp-content\/uploads\/2021\/06\/cropped-LOGO_PNG_DATE-_gold-512x512-1.png\",\"width\":512,\"height\":512,\"caption\":\"Libairie Clavreuil\"},\"image\":{\"@id\":\"https:\/\/www.librairieclavreuil.com\/#\/schema\/logo\/image\/\"},\"sameAs\":[\"https:\/\/www.instagram.com\/librairieclavreuil\/\"]}]}<\/script>\n<!-- \/ Yoast SEO plugin. -->","yoast_head_json":{"title":"CAPILUPI Camillo Le Stratageme, ou la ruse de Charles IX, Roy de France, contre les Huguenots rebelles \u00e0 Dieu &amp; \u00e0 luy. Escrit par le Seigneur Camille Capilupi, &amp; envoy\u00e9 de Rome au Seigneur Alphonse Capilupi. - Libairie Clavreuil","robots":{"index":"index","follow":"follow","max-snippet":"max-snippet:-1","max-image-preview":"max-image-preview:large","max-video-preview":"max-video-preview:-1"},"canonical":"https:\/\/www.librairieclavreuil.com\/produit\/capilupi-camillo-le-stratageme-ou-la-ruse-de-charles-ix-roy-de-france-contre-les-huguenots-rebelles-a-dieu-a-luy-escrit-par-le-seigneur-camille-capilupi-envoye-de-rome-au-seigneur-al\/","og_locale":"en_US","og_type":"article","og_title":"CAPILUPI Camillo Le Stratageme, ou la ruse de Charles IX, Roy de France, contre les Huguenots rebelles \u00e0 Dieu &amp; \u00e0 luy. Escrit par le Seigneur Camille Capilupi, &amp; envoy\u00e9 de Rome au Seigneur Alphonse Capilupi. - Libairie Clavreuil","og_description":"In-8 (148 x 88 mm) de 114 pp.ch. [suivi, du m\u00eame:]. Lo stratagema di Carlo IX, Re di Francia, contro gli Ugonotti rebelli di Dio &amp; suoi. 87 pp.ch.. Maroquin vert, dos \u00e0 nerfs orn\u00e9 de filets dor\u00e9s, gerbe dor\u00e9e sur le plat sup\u00e9rieur, dentelle int\u00e9rieure et tranches dor\u00e9es (Koehler).","og_url":"https:\/\/www.librairieclavreuil.com\/produit\/capilupi-camillo-le-stratageme-ou-la-ruse-de-charles-ix-roy-de-france-contre-les-huguenots-rebelles-a-dieu-a-luy-escrit-par-le-seigneur-camille-capilupi-envoye-de-rome-au-seigneur-al\/","og_site_name":"Libairie Clavreuil","article_modified_time":"2024-07-10T14:50:50+00:00","og_image":[{"width":549,"height":800,"url":"https:\/\/www.librairieclavreuil.com\/wp-content\/uploads\/2024\/07\/camillo-capilupi-le-stratageme-ou-la-ruse-de-charles-ix-roy-de-france-contre-les-huguenots-rebelles-a-dieu-a-luy-escrit-par-le-seigneur-camille-capilu.jpg","type":"image\/jpeg"}],"twitter_card":"summary_large_image","twitter_misc":{"Est. reading time":"1 minute"},"schema":{"@context":"https:\/\/schema.org","@graph":[{"@type":"WebPage","@id":"https:\/\/www.librairieclavreuil.com\/produit\/capilupi-camillo-le-stratageme-ou-la-ruse-de-charles-ix-roy-de-france-contre-les-huguenots-rebelles-a-dieu-a-luy-escrit-par-le-seigneur-camille-capilupi-envoye-de-rome-au-seigneur-al\/","url":"https:\/\/www.librairieclavreuil.com\/produit\/capilupi-camillo-le-stratageme-ou-la-ruse-de-charles-ix-roy-de-france-contre-les-huguenots-rebelles-a-dieu-a-luy-escrit-par-le-seigneur-camille-capilupi-envoye-de-rome-au-seigneur-al\/","name":"CAPILUPI Camillo Le Stratageme, ou la ruse de Charles IX, Roy de France, contre les Huguenots rebelles \u00e0 Dieu &amp; \u00e0 luy. Escrit par le Seigneur Camille Capilupi, &amp; envoy\u00e9 de Rome au Seigneur Alphonse Capilupi. - Libairie Clavreuil","isPartOf":{"@id":"https:\/\/www.librairieclavreuil.com\/#website"},"primaryImageOfPage":{"@id":"https:\/\/www.librairieclavreuil.com\/produit\/capilupi-camillo-le-stratageme-ou-la-ruse-de-charles-ix-roy-de-france-contre-les-huguenots-rebelles-a-dieu-a-luy-escrit-par-le-seigneur-camille-capilupi-envoye-de-rome-au-seigneur-al\/#primaryimage"},"image":{"@id":"https:\/\/www.librairieclavreuil.com\/produit\/capilupi-camillo-le-stratageme-ou-la-ruse-de-charles-ix-roy-de-france-contre-les-huguenots-rebelles-a-dieu-a-luy-escrit-par-le-seigneur-camille-capilupi-envoye-de-rome-au-seigneur-al\/#primaryimage"},"thumbnailUrl":"https:\/\/www.librairieclavreuil.com\/wp-content\/uploads\/2024\/07\/camillo-capilupi-le-stratageme-ou-la-ruse-de-charles-ix-roy-de-france-contre-les-huguenots-rebelles-a-dieu-a-luy-escrit-par-le-seigneur-camille-capilu.jpg","datePublished":"2024-07-10T14:50:35+00:00","dateModified":"2024-07-10T14:50:50+00:00","breadcrumb":{"@id":"https:\/\/www.librairieclavreuil.com\/produit\/capilupi-camillo-le-stratageme-ou-la-ruse-de-charles-ix-roy-de-france-contre-les-huguenots-rebelles-a-dieu-a-luy-escrit-par-le-seigneur-camille-capilupi-envoye-de-rome-au-seigneur-al\/#breadcrumb"},"inLanguage":"en-US","potentialAction":[{"@type":"ReadAction","target":["https:\/\/www.librairieclavreuil.com\/produit\/capilupi-camillo-le-stratageme-ou-la-ruse-de-charles-ix-roy-de-france-contre-les-huguenots-rebelles-a-dieu-a-luy-escrit-par-le-seigneur-camille-capilupi-envoye-de-rome-au-seigneur-al\/"]}]},{"@type":"ImageObject","inLanguage":"en-US","@id":"https:\/\/www.librairieclavreuil.com\/produit\/capilupi-camillo-le-stratageme-ou-la-ruse-de-charles-ix-roy-de-france-contre-les-huguenots-rebelles-a-dieu-a-luy-escrit-par-le-seigneur-camille-capilupi-envoye-de-rome-au-seigneur-al\/#primaryimage","url":"https:\/\/www.librairieclavreuil.com\/wp-content\/uploads\/2024\/07\/camillo-capilupi-le-stratageme-ou-la-ruse-de-charles-ix-roy-de-france-contre-les-huguenots-rebelles-a-dieu-a-luy-escrit-par-le-seigneur-camille-capilu.jpg","contentUrl":"https:\/\/www.librairieclavreuil.com\/wp-content\/uploads\/2024\/07\/camillo-capilupi-le-stratageme-ou-la-ruse-de-charles-ix-roy-de-france-contre-les-huguenots-rebelles-a-dieu-a-luy-escrit-par-le-seigneur-camille-capilu.jpg","width":549,"height":800},{"@type":"BreadcrumbList","@id":"https:\/\/www.librairieclavreuil.com\/produit\/capilupi-camillo-le-stratageme-ou-la-ruse-de-charles-ix-roy-de-france-contre-les-huguenots-rebelles-a-dieu-a-luy-escrit-par-le-seigneur-camille-capilupi-envoye-de-rome-au-seigneur-al\/#breadcrumb","itemListElement":[{"@type":"ListItem","position":1,"name":"Accueil","item":"https:\/\/www.librairieclavreuil.com\/"},{"@type":"ListItem","position":2,"name":"All our books","item":"https:\/\/www.librairieclavreuil.com\/en\/all-our-books\/"},{"@type":"ListItem","position":3,"name":"CAPILUPI Camillo Le Stratageme, ou la ruse de..."}]},{"@type":"WebSite","@id":"https:\/\/www.librairieclavreuil.com\/#website","url":"https:\/\/www.librairieclavreuil.com\/","name":"Libairie Clavreuil","description":"Livres anciens, manuscrits rares et \u00e9ditions originales \u2013 Librairie Clavreuil","publisher":{"@id":"https:\/\/www.librairieclavreuil.com\/#organization"},"potentialAction":[{"@type":"SearchAction","target":{"@type":"EntryPoint","urlTemplate":"https:\/\/www.librairieclavreuil.com\/?s={search_term_string}"},"query-input":{"@type":"PropertyValueSpecification","valueRequired":true,"valueName":"search_term_string"}}],"inLanguage":"en-US"},{"@type":"Organization","@id":"https:\/\/www.librairieclavreuil.com\/#organization","name":"Libairie Clavreuil","url":"https:\/\/www.librairieclavreuil.com\/","logo":{"@type":"ImageObject","inLanguage":"en-US","@id":"https:\/\/www.librairieclavreuil.com\/#\/schema\/logo\/image\/","url":"https:\/\/www.librairieclavreuil.com\/wp-content\/uploads\/2021\/06\/cropped-LOGO_PNG_DATE-_gold-512x512-1.png","contentUrl":"https:\/\/www.librairieclavreuil.com\/wp-content\/uploads\/2021\/06\/cropped-LOGO_PNG_DATE-_gold-512x512-1.png","width":512,"height":512,"caption":"Libairie Clavreuil"},"image":{"@id":"https:\/\/www.librairieclavreuil.com\/#\/schema\/logo\/image\/"},"sameAs":["https:\/\/www.instagram.com\/librairieclavreuil\/"]}]}},"jetpack_sharing_enabled":true,"_links":{"self":[{"href":"https:\/\/www.librairieclavreuil.com\/en\/wp-json\/wp\/v2\/product\/79585","targetHints":{"allow":["GET"]}}],"collection":[{"href":"https:\/\/www.librairieclavreuil.com\/en\/wp-json\/wp\/v2\/product"}],"about":[{"href":"https:\/\/www.librairieclavreuil.com\/en\/wp-json\/wp\/v2\/types\/product"}],"replies":[{"embeddable":true,"href":"https:\/\/www.librairieclavreuil.com\/en\/wp-json\/wp\/v2\/comments?post=79585"}],"wp:featuredmedia":[{"embeddable":true,"href":"https:\/\/www.librairieclavreuil.com\/en\/wp-json\/wp\/v2\/media\/79578"}],"wp:attachment":[{"href":"https:\/\/www.librairieclavreuil.com\/en\/wp-json\/wp\/v2\/media?parent=79585"}],"wp:term":[{"taxonomy":"product_brand","embeddable":true,"href":"https:\/\/www.librairieclavreuil.com\/en\/wp-json\/wp\/v2\/product_brand?post=79585"},{"taxonomy":"product_cat","embeddable":true,"href":"https:\/\/www.librairieclavreuil.com\/en\/wp-json\/wp\/v2\/product_cat?post=79585"},{"taxonomy":"product_tag","embeddable":true,"href":"https:\/\/www.librairieclavreuil.com\/en\/wp-json\/wp\/v2\/product_tag?post=79585"}],"curies":[{"name":"wp","href":"https:\/\/api.w.org\/{rel}","templated":true}]}}