{"id":79577,"date":"2024-07-10T16:50:10","date_gmt":"2024-07-10T14:50:10","guid":{"rendered":"https:\/\/www.librairieclavreuil.com\/lorris-guillaume-de-le-rommant-de-la-rose-nouvellement-reveue-et-corrige-oultre-les-precedentes-impressions\/"},"modified":"2025-06-05T14:51:32","modified_gmt":"2025-06-05T12:51:32","slug":"lorris-guillaume-de-le-rommant-de-la-rose-nouvellement-reveue-et-corrige-oultre-les-precedentes-impressions","status":"publish","type":"product","link":"https:\/\/www.librairieclavreuil.com\/en\/lorris-guillaume-de-le-rommant-de-la-rose-nouvellement-reveue-et-corrige-oultre-les-precedentes-impressions\/","title":{"rendered":"LORRIS Guillaume de Le Rommant de la rose..."},"content":{"rendered":"<p><i>Fairfax-Murray, Early French Books, 329 (this copy); Brun, p. 241; Moreau, III, 2124; Brunet, III, 1174; see En fran\u00e7ais dans le texte, 18.<\/i><\/p>\n<p>First edition printed in round typeface. &#8220;Les exemplaires bien conserv\u00e9s sont rares et tr\u00e8s recherch\u00e9s&#8221; (Brunet).<\/p>\n<p>This beautifully illustrated edition contains 50 vignettes (including title page), according to Fairfax Murray attributable to Geoffroy Tory : &#8220;There are 50 illustrations in text (including a few repeats) in the style of that on the title, a style which (in the case of the best examples) suggests that of Geoffroy Tory&#8221;.<\/p>\n<p>Fine copy in a very attractive binding.<\/p>\n<p>Provenance: H. Fabert (his signature on the half-title and his coded purchase &#8211; Fairfax-Murray (his library number 1055).<\/p>\n","protected":false},"excerpt":{"rendered":"<p>Small 8vo (137 x 92 mm) 8 nn.ll. including the illustrated title printed in red and black, CCCIII num. ll., 1 nn.l. with the printer&#8217;s device, 49 woodcut vignettes in the text. Late sixteenth-century French red morocco, flat spine gilt, gilt edges (some expert restorations to hinges and spine).<\/p>\n","protected":false},"featured_media":79570,"comment_status":"open","ping_status":"closed","template":"","meta":{"_acf_changed":false},"product_brand":[],"product_cat":[544],"product_tag":[1238,1243,1236],"class_list":{"0":"post-79577","1":"product","2":"type-product","3":"status-publish","4":"has-post-thumbnail","6":"product_cat-literature","7":"product_tag-16th-century-illustrations","8":"product_tag-16th-century-literature","9":"product_tag-illustrations-2","10":"pa_auteur-lorris-guillaume-de-2","11":"pa_type-de-livre-printed-book","13":"first","14":"outofstock","15":"shipping-taxable","16":"purchasable","17":"product-type-simple"},"acf":{"artist":" Guillaume de LORRIS","chapeau":"Decoration attributed to Geoffroy Tory\r\nThe Fairfax-Murray copy","adresse_bibliographique":"Paris, Pierre Vidoue pour Galliot du Pr\u00e9, 1529","book_type":"Printed book","provenance":"","afficher_prix":""},"yoast_head":"<!-- This site is optimized with the Yoast SEO plugin v24.7 - https:\/\/yoast.com\/wordpress\/plugins\/seo\/ -->\n<title>LORRIS Guillaume de Le Rommant de la rose nouvellement reveue et corrig\u00e9 oultre les precedentes impressions. - Libairie Clavreuil<\/title>\n<meta name=\"robots\" content=\"index, follow, max-snippet:-1, max-image-preview:large, max-video-preview:-1\" \/>\n<link rel=\"canonical\" href=\"https:\/\/www.librairieclavreuil.com\/en\/lorris-guillaume-de-le-rommant-de-la-rose-nouvellement-reveue-et-corrige-oultre-les-precedentes-impressions\/\" \/>\n<meta property=\"og:locale\" content=\"en_US\" \/>\n<meta property=\"og:type\" content=\"article\" \/>\n<meta property=\"og:title\" content=\"LORRIS Guillaume de Le Rommant de la rose nouvellement reveue et corrig\u00e9 oultre les precedentes impressions. - Libairie Clavreuil\" \/>\n<meta property=\"og:description\" content=\"Small 8vo (137 x 92 mm) 8 nn.ll. including the illustrated title printed in red and black, CCCIII num. ll., 1 nn.l. with the printer&#039;s device, 49 woodcut vignettes in the text. Late sixteenth-century French red morocco, flat spine gilt, gilt edges (some expert restorations to hinges and spine).\" \/>\n<meta property=\"og:url\" content=\"https:\/\/www.librairieclavreuil.com\/en\/lorris-guillaume-de-le-rommant-de-la-rose-nouvellement-reveue-et-corrige-oultre-les-precedentes-impressions\/\" \/>\n<meta property=\"og:site_name\" content=\"Libairie Clavreuil\" \/>\n<meta property=\"article:modified_time\" content=\"2025-06-05T12:51:32+00:00\" \/>\n<meta property=\"og:image\" content=\"https:\/\/www.librairieclavreuil.com\/wp-content\/uploads\/2024\/07\/guillaume-de-lorris-le-rommant-de-la-rose-nouvellement-reveue-et-corrige-oultre-les-precedentes-impressions-4988-659836c68b27a.jpg\" \/>\n\t<meta property=\"og:image:width\" content=\"549\" \/>\n\t<meta property=\"og:image:height\" content=\"800\" \/>\n\t<meta property=\"og:image:type\" content=\"image\/jpeg\" \/>\n<meta name=\"twitter:card\" content=\"summary_large_image\" \/>\n<meta name=\"twitter:label1\" content=\"Est. reading time\" \/>\n\t<meta name=\"twitter:data1\" content=\"1 minute\" \/>\n<script type=\"application\/ld+json\" class=\"yoast-schema-graph\">{\"@context\":\"https:\/\/schema.org\",\"@graph\":[{\"@type\":\"WebPage\",\"@id\":\"https:\/\/www.librairieclavreuil.com\/en\/lorris-guillaume-de-le-rommant-de-la-rose-nouvellement-reveue-et-corrige-oultre-les-precedentes-impressions\/\",\"url\":\"https:\/\/www.librairieclavreuil.com\/en\/lorris-guillaume-de-le-rommant-de-la-rose-nouvellement-reveue-et-corrige-oultre-les-precedentes-impressions\/\",\"name\":\"LORRIS Guillaume de Le Rommant de la rose nouvellement reveue et corrig\u00e9 oultre les precedentes impressions. - Libairie Clavreuil\",\"isPartOf\":{\"@id\":\"https:\/\/www.librairieclavreuil.com\/#website\"},\"primaryImageOfPage\":{\"@id\":\"https:\/\/www.librairieclavreuil.com\/en\/lorris-guillaume-de-le-rommant-de-la-rose-nouvellement-reveue-et-corrige-oultre-les-precedentes-impressions\/#primaryimage\"},\"image\":{\"@id\":\"https:\/\/www.librairieclavreuil.com\/en\/lorris-guillaume-de-le-rommant-de-la-rose-nouvellement-reveue-et-corrige-oultre-les-precedentes-impressions\/#primaryimage\"},\"thumbnailUrl\":\"https:\/\/www.librairieclavreuil.com\/wp-content\/uploads\/2024\/07\/guillaume-de-lorris-le-rommant-de-la-rose-nouvellement-reveue-et-corrige-oultre-les-precedentes-impressions-4988-659836c68b27a.jpg\",\"datePublished\":\"2024-07-10T14:50:10+00:00\",\"dateModified\":\"2025-06-05T12:51:32+00:00\",\"breadcrumb\":{\"@id\":\"https:\/\/www.librairieclavreuil.com\/en\/lorris-guillaume-de-le-rommant-de-la-rose-nouvellement-reveue-et-corrige-oultre-les-precedentes-impressions\/#breadcrumb\"},\"inLanguage\":\"en-US\",\"potentialAction\":[{\"@type\":\"ReadAction\",\"target\":[\"https:\/\/www.librairieclavreuil.com\/en\/lorris-guillaume-de-le-rommant-de-la-rose-nouvellement-reveue-et-corrige-oultre-les-precedentes-impressions\/\"]}]},{\"@type\":\"ImageObject\",\"inLanguage\":\"en-US\",\"@id\":\"https:\/\/www.librairieclavreuil.com\/en\/lorris-guillaume-de-le-rommant-de-la-rose-nouvellement-reveue-et-corrige-oultre-les-precedentes-impressions\/#primaryimage\",\"url\":\"https:\/\/www.librairieclavreuil.com\/wp-content\/uploads\/2024\/07\/guillaume-de-lorris-le-rommant-de-la-rose-nouvellement-reveue-et-corrige-oultre-les-precedentes-impressions-4988-659836c68b27a.jpg\",\"contentUrl\":\"https:\/\/www.librairieclavreuil.com\/wp-content\/uploads\/2024\/07\/guillaume-de-lorris-le-rommant-de-la-rose-nouvellement-reveue-et-corrige-oultre-les-precedentes-impressions-4988-659836c68b27a.jpg\",\"width\":549,\"height\":800},{\"@type\":\"BreadcrumbList\",\"@id\":\"https:\/\/www.librairieclavreuil.com\/en\/lorris-guillaume-de-le-rommant-de-la-rose-nouvellement-reveue-et-corrige-oultre-les-precedentes-impressions\/#breadcrumb\",\"itemListElement\":[{\"@type\":\"ListItem\",\"position\":1,\"name\":\"Accueil\",\"item\":\"https:\/\/www.librairieclavreuil.com\/\"},{\"@type\":\"ListItem\",\"position\":2,\"name\":\"All our books\",\"item\":\"https:\/\/www.librairieclavreuil.com\/en\/all-our-books\/\"},{\"@type\":\"ListItem\",\"position\":3,\"name\":\"LORRIS Guillaume de Le Rommant de la rose...\"}]},{\"@type\":\"WebSite\",\"@id\":\"https:\/\/www.librairieclavreuil.com\/#website\",\"url\":\"https:\/\/www.librairieclavreuil.com\/\",\"name\":\"Libairie Clavreuil\",\"description\":\"Livres anciens, manuscrits rares et \u00e9ditions originales \u2013 Librairie Clavreuil\",\"publisher\":{\"@id\":\"https:\/\/www.librairieclavreuil.com\/#organization\"},\"potentialAction\":[{\"@type\":\"SearchAction\",\"target\":{\"@type\":\"EntryPoint\",\"urlTemplate\":\"https:\/\/www.librairieclavreuil.com\/?s={search_term_string}\"},\"query-input\":{\"@type\":\"PropertyValueSpecification\",\"valueRequired\":true,\"valueName\":\"search_term_string\"}}],\"inLanguage\":\"en-US\"},{\"@type\":\"Organization\",\"@id\":\"https:\/\/www.librairieclavreuil.com\/#organization\",\"name\":\"Libairie Clavreuil\",\"url\":\"https:\/\/www.librairieclavreuil.com\/\",\"logo\":{\"@type\":\"ImageObject\",\"inLanguage\":\"en-US\",\"@id\":\"https:\/\/www.librairieclavreuil.com\/#\/schema\/logo\/image\/\",\"url\":\"https:\/\/www.librairieclavreuil.com\/wp-content\/uploads\/2021\/06\/cropped-LOGO_PNG_DATE-_gold-512x512-1.png\",\"contentUrl\":\"https:\/\/www.librairieclavreuil.com\/wp-content\/uploads\/2021\/06\/cropped-LOGO_PNG_DATE-_gold-512x512-1.png\",\"width\":512,\"height\":512,\"caption\":\"Libairie Clavreuil\"},\"image\":{\"@id\":\"https:\/\/www.librairieclavreuil.com\/#\/schema\/logo\/image\/\"},\"sameAs\":[\"https:\/\/www.instagram.com\/librairieclavreuil\/\"]}]}<\/script>\n<!-- \/ Yoast SEO plugin. -->","yoast_head_json":{"title":"LORRIS Guillaume de Le Rommant de la rose nouvellement reveue et corrig\u00e9 oultre les precedentes impressions. - Libairie Clavreuil","robots":{"index":"index","follow":"follow","max-snippet":"max-snippet:-1","max-image-preview":"max-image-preview:large","max-video-preview":"max-video-preview:-1"},"canonical":"https:\/\/www.librairieclavreuil.com\/en\/lorris-guillaume-de-le-rommant-de-la-rose-nouvellement-reveue-et-corrige-oultre-les-precedentes-impressions\/","og_locale":"en_US","og_type":"article","og_title":"LORRIS Guillaume de Le Rommant de la rose nouvellement reveue et corrig\u00e9 oultre les precedentes impressions. - Libairie Clavreuil","og_description":"Small 8vo (137 x 92 mm) 8 nn.ll. including the illustrated title printed in red and black, CCCIII num. ll., 1 nn.l. with the printer's device, 49 woodcut vignettes in the text. Late sixteenth-century French red morocco, flat spine gilt, gilt edges (some expert restorations to hinges and spine).","og_url":"https:\/\/www.librairieclavreuil.com\/en\/lorris-guillaume-de-le-rommant-de-la-rose-nouvellement-reveue-et-corrige-oultre-les-precedentes-impressions\/","og_site_name":"Libairie Clavreuil","article_modified_time":"2025-06-05T12:51:32+00:00","og_image":[{"width":549,"height":800,"url":"https:\/\/www.librairieclavreuil.com\/wp-content\/uploads\/2024\/07\/guillaume-de-lorris-le-rommant-de-la-rose-nouvellement-reveue-et-corrige-oultre-les-precedentes-impressions-4988-659836c68b27a.jpg","type":"image\/jpeg"}],"twitter_card":"summary_large_image","twitter_misc":{"Est. reading time":"1 minute"},"schema":{"@context":"https:\/\/schema.org","@graph":[{"@type":"WebPage","@id":"https:\/\/www.librairieclavreuil.com\/en\/lorris-guillaume-de-le-rommant-de-la-rose-nouvellement-reveue-et-corrige-oultre-les-precedentes-impressions\/","url":"https:\/\/www.librairieclavreuil.com\/en\/lorris-guillaume-de-le-rommant-de-la-rose-nouvellement-reveue-et-corrige-oultre-les-precedentes-impressions\/","name":"LORRIS Guillaume de Le Rommant de la rose nouvellement reveue et corrig\u00e9 oultre les precedentes impressions. - Libairie Clavreuil","isPartOf":{"@id":"https:\/\/www.librairieclavreuil.com\/#website"},"primaryImageOfPage":{"@id":"https:\/\/www.librairieclavreuil.com\/en\/lorris-guillaume-de-le-rommant-de-la-rose-nouvellement-reveue-et-corrige-oultre-les-precedentes-impressions\/#primaryimage"},"image":{"@id":"https:\/\/www.librairieclavreuil.com\/en\/lorris-guillaume-de-le-rommant-de-la-rose-nouvellement-reveue-et-corrige-oultre-les-precedentes-impressions\/#primaryimage"},"thumbnailUrl":"https:\/\/www.librairieclavreuil.com\/wp-content\/uploads\/2024\/07\/guillaume-de-lorris-le-rommant-de-la-rose-nouvellement-reveue-et-corrige-oultre-les-precedentes-impressions-4988-659836c68b27a.jpg","datePublished":"2024-07-10T14:50:10+00:00","dateModified":"2025-06-05T12:51:32+00:00","breadcrumb":{"@id":"https:\/\/www.librairieclavreuil.com\/en\/lorris-guillaume-de-le-rommant-de-la-rose-nouvellement-reveue-et-corrige-oultre-les-precedentes-impressions\/#breadcrumb"},"inLanguage":"en-US","potentialAction":[{"@type":"ReadAction","target":["https:\/\/www.librairieclavreuil.com\/en\/lorris-guillaume-de-le-rommant-de-la-rose-nouvellement-reveue-et-corrige-oultre-les-precedentes-impressions\/"]}]},{"@type":"ImageObject","inLanguage":"en-US","@id":"https:\/\/www.librairieclavreuil.com\/en\/lorris-guillaume-de-le-rommant-de-la-rose-nouvellement-reveue-et-corrige-oultre-les-precedentes-impressions\/#primaryimage","url":"https:\/\/www.librairieclavreuil.com\/wp-content\/uploads\/2024\/07\/guillaume-de-lorris-le-rommant-de-la-rose-nouvellement-reveue-et-corrige-oultre-les-precedentes-impressions-4988-659836c68b27a.jpg","contentUrl":"https:\/\/www.librairieclavreuil.com\/wp-content\/uploads\/2024\/07\/guillaume-de-lorris-le-rommant-de-la-rose-nouvellement-reveue-et-corrige-oultre-les-precedentes-impressions-4988-659836c68b27a.jpg","width":549,"height":800},{"@type":"BreadcrumbList","@id":"https:\/\/www.librairieclavreuil.com\/en\/lorris-guillaume-de-le-rommant-de-la-rose-nouvellement-reveue-et-corrige-oultre-les-precedentes-impressions\/#breadcrumb","itemListElement":[{"@type":"ListItem","position":1,"name":"Accueil","item":"https:\/\/www.librairieclavreuil.com\/"},{"@type":"ListItem","position":2,"name":"All our books","item":"https:\/\/www.librairieclavreuil.com\/en\/all-our-books\/"},{"@type":"ListItem","position":3,"name":"LORRIS Guillaume de Le Rommant de la rose..."}]},{"@type":"WebSite","@id":"https:\/\/www.librairieclavreuil.com\/#website","url":"https:\/\/www.librairieclavreuil.com\/","name":"Libairie Clavreuil","description":"Livres anciens, manuscrits rares et \u00e9ditions originales \u2013 Librairie Clavreuil","publisher":{"@id":"https:\/\/www.librairieclavreuil.com\/#organization"},"potentialAction":[{"@type":"SearchAction","target":{"@type":"EntryPoint","urlTemplate":"https:\/\/www.librairieclavreuil.com\/?s={search_term_string}"},"query-input":{"@type":"PropertyValueSpecification","valueRequired":true,"valueName":"search_term_string"}}],"inLanguage":"en-US"},{"@type":"Organization","@id":"https:\/\/www.librairieclavreuil.com\/#organization","name":"Libairie Clavreuil","url":"https:\/\/www.librairieclavreuil.com\/","logo":{"@type":"ImageObject","inLanguage":"en-US","@id":"https:\/\/www.librairieclavreuil.com\/#\/schema\/logo\/image\/","url":"https:\/\/www.librairieclavreuil.com\/wp-content\/uploads\/2021\/06\/cropped-LOGO_PNG_DATE-_gold-512x512-1.png","contentUrl":"https:\/\/www.librairieclavreuil.com\/wp-content\/uploads\/2021\/06\/cropped-LOGO_PNG_DATE-_gold-512x512-1.png","width":512,"height":512,"caption":"Libairie Clavreuil"},"image":{"@id":"https:\/\/www.librairieclavreuil.com\/#\/schema\/logo\/image\/"},"sameAs":["https:\/\/www.instagram.com\/librairieclavreuil\/"]}]}},"jetpack_sharing_enabled":true,"_links":{"self":[{"href":"https:\/\/www.librairieclavreuil.com\/en\/wp-json\/wp\/v2\/product\/79577","targetHints":{"allow":["GET"]}}],"collection":[{"href":"https:\/\/www.librairieclavreuil.com\/en\/wp-json\/wp\/v2\/product"}],"about":[{"href":"https:\/\/www.librairieclavreuil.com\/en\/wp-json\/wp\/v2\/types\/product"}],"replies":[{"embeddable":true,"href":"https:\/\/www.librairieclavreuil.com\/en\/wp-json\/wp\/v2\/comments?post=79577"}],"wp:featuredmedia":[{"embeddable":true,"href":"https:\/\/www.librairieclavreuil.com\/en\/wp-json\/wp\/v2\/media\/79570"}],"wp:attachment":[{"href":"https:\/\/www.librairieclavreuil.com\/en\/wp-json\/wp\/v2\/media?parent=79577"}],"wp:term":[{"taxonomy":"product_brand","embeddable":true,"href":"https:\/\/www.librairieclavreuil.com\/en\/wp-json\/wp\/v2\/product_brand?post=79577"},{"taxonomy":"product_cat","embeddable":true,"href":"https:\/\/www.librairieclavreuil.com\/en\/wp-json\/wp\/v2\/product_cat?post=79577"},{"taxonomy":"product_tag","embeddable":true,"href":"https:\/\/www.librairieclavreuil.com\/en\/wp-json\/wp\/v2\/product_tag?post=79577"}],"curies":[{"name":"wp","href":"https:\/\/api.w.org\/{rel}","templated":true}]}}