{"id":79519,"date":"2024-07-10T16:07:10","date_gmt":"2024-07-10T14:07:10","guid":{"rendered":"https:\/\/www.librairieclavreuil.com\/piccolomini-alexandri-la-philosophie-et-institution-morale-mise-en-francois-par-pierre-de-larivey-champenois\/"},"modified":"2024-07-12T10:27:17","modified_gmt":"2024-07-12T08:27:17","slug":"piccolomini-alexandri-la-philosophie-et-institution-morale-mise-en-francois-par-pierre-de-larivey-champenois","status":"publish","type":"product","link":"https:\/\/www.librairieclavreuil.com\/en\/piccolomini-alexandri-la-philosophie-et-institution-morale-mise-en-francois-par-pierre-de-larivey-champenois\/","title":{"rendered":"PICCOLOMINI Alexandri La Philosophie et institution morale. Mise..."},"content":{"rendered":"<p style=\"text-align:justify\"><i>Brunet, IV, 631; Guaita, 1977 (this copy).<\/i><\/p>\n<p style=\"text-align:justify\">The first octavo edition of the first translation of Piccolomini&#8217;s Institution morale. It was first published in 1571 in in-4 format by the same publisher. Written in twelve books, the author deals with the nobility of man, the origin of cities, the education of children, domestic economy, the order of sciences, temperaments, marriage, the duties of husband and wife, friendship, etc.<\/p>\n<p style=\"text-align:justify\">&#8220;Le devoir des enfants consiste enti\u00e8rement \u00e0 ob\u00e9ir en toute chose, &amp; de r\u00e9v\u00e9rer ceux qui les ont engendr\u00e9s, consid\u00e9rant que le p\u00e8re est quasi un second dieu envers eux&#8221; (p. 837).<\/p>\n<p style=\"text-align:justify\">Fine copy, entirely ruled in red, from the Stanislas de Guaita collection with his note on the fly-leaf (item 1977 of is catalogue).<\/p>\n","protected":false},"excerpt":{"rendered":"<p>Stout 8vo (172 x 106 mm) 8 nn.ll., 902 pp., 1 nn.l. (privilege). Contemporary flexible vellum, covers within double gilt filet, central medallion with the interlaced letter &#8216;H&#8217; and a p\u00eeerced heart decorated with the letter &#8216;S ferm\u00e9, flat spine with gilt ruled compartments, gilt edges.<\/p>\n","protected":false},"featured_media":79514,"comment_status":"open","ping_status":"closed","template":"","meta":{"_acf_changed":false},"product_brand":[],"product_cat":[544],"product_tag":[1243,1266],"class_list":{"0":"post-79519","1":"product","2":"type-product","3":"status-publish","4":"has-post-thumbnail","6":"product_cat-literature","7":"product_tag-16th-century-literature","8":"product_tag-philosophy","9":"pa_auteur-piccolomini-alexandri-2","10":"pa_type-de-livre-printed-book","12":"first","13":"instock","14":"shipping-taxable","15":"purchasable","16":"product-type-simple"},"acf":{"artist":" Alexandri PICCOLOMINI","chapeau":"Bound in flexible vellum decorated with the special tool 'S ferm\u00e9'\r\nStanislas Guaita's copy","adresse_bibliographique":"Paris, Abel l'Angelier, 1585","book_type":"Printed book","provenance":"","afficher_prix":""},"yoast_head":"<!-- This site is optimized with the Yoast SEO plugin v24.7 - https:\/\/yoast.com\/wordpress\/plugins\/seo\/ -->\n<title>PICCOLOMINI Alexandri La Philosophie et institution morale. Mise en fran\u00e7ois par Pierre de Larivey, champenois. - Libairie Clavreuil<\/title>\n<meta name=\"robots\" content=\"index, follow, max-snippet:-1, max-image-preview:large, max-video-preview:-1\" \/>\n<link rel=\"canonical\" href=\"https:\/\/www.librairieclavreuil.com\/en\/piccolomini-alexandri-la-philosophie-et-institution-morale-mise-en-francois-par-pierre-de-larivey-champenois\/\" \/>\n<meta property=\"og:locale\" content=\"en_US\" \/>\n<meta property=\"og:type\" content=\"article\" \/>\n<meta property=\"og:title\" content=\"PICCOLOMINI Alexandri La Philosophie et institution morale. Mise en fran\u00e7ois par Pierre de Larivey, champenois. - Libairie Clavreuil\" \/>\n<meta property=\"og:description\" content=\"Stout 8vo (172 x 106 mm) 8 nn.ll., 902 pp., 1 nn.l. (privilege). Contemporary flexible vellum, covers within double gilt filet, central medallion with the interlaced letter &#039;H&#039; and a p\u00eeerced heart decorated with the letter &#039;S ferm\u00e9, flat spine with gilt ruled compartments, gilt edges.\" \/>\n<meta property=\"og:url\" content=\"https:\/\/www.librairieclavreuil.com\/en\/piccolomini-alexandri-la-philosophie-et-institution-morale-mise-en-francois-par-pierre-de-larivey-champenois\/\" \/>\n<meta property=\"og:site_name\" content=\"Libairie Clavreuil\" \/>\n<meta property=\"article:modified_time\" content=\"2024-07-12T08:27:17+00:00\" \/>\n<meta property=\"og:image\" content=\"https:\/\/www.librairieclavreuil.com\/wp-content\/uploads\/2024\/07\/alexandri-piccolomini-la-philosophie-et-institution-morale-mise-en-francois-par-pierre-de-larivey-champenois-8442-659822728f36b.jpg\" \/>\n\t<meta property=\"og:image:width\" content=\"600\" \/>\n\t<meta property=\"og:image:height\" content=\"800\" \/>\n\t<meta property=\"og:image:type\" content=\"image\/jpeg\" \/>\n<meta name=\"twitter:card\" content=\"summary_large_image\" \/>\n<meta name=\"twitter:label1\" content=\"Est. reading time\" \/>\n\t<meta name=\"twitter:data1\" content=\"1 minute\" \/>\n<script type=\"application\/ld+json\" class=\"yoast-schema-graph\">{\"@context\":\"https:\/\/schema.org\",\"@graph\":[{\"@type\":\"WebPage\",\"@id\":\"https:\/\/www.librairieclavreuil.com\/en\/piccolomini-alexandri-la-philosophie-et-institution-morale-mise-en-francois-par-pierre-de-larivey-champenois\/\",\"url\":\"https:\/\/www.librairieclavreuil.com\/en\/piccolomini-alexandri-la-philosophie-et-institution-morale-mise-en-francois-par-pierre-de-larivey-champenois\/\",\"name\":\"PICCOLOMINI Alexandri La Philosophie et institution morale. Mise en fran\u00e7ois par Pierre de Larivey, champenois. - Libairie Clavreuil\",\"isPartOf\":{\"@id\":\"https:\/\/www.librairieclavreuil.com\/#website\"},\"primaryImageOfPage\":{\"@id\":\"https:\/\/www.librairieclavreuil.com\/en\/piccolomini-alexandri-la-philosophie-et-institution-morale-mise-en-francois-par-pierre-de-larivey-champenois\/#primaryimage\"},\"image\":{\"@id\":\"https:\/\/www.librairieclavreuil.com\/en\/piccolomini-alexandri-la-philosophie-et-institution-morale-mise-en-francois-par-pierre-de-larivey-champenois\/#primaryimage\"},\"thumbnailUrl\":\"https:\/\/www.librairieclavreuil.com\/wp-content\/uploads\/2024\/07\/alexandri-piccolomini-la-philosophie-et-institution-morale-mise-en-francois-par-pierre-de-larivey-champenois-8442-659822728f36b.jpg\",\"datePublished\":\"2024-07-10T14:07:10+00:00\",\"dateModified\":\"2024-07-12T08:27:17+00:00\",\"breadcrumb\":{\"@id\":\"https:\/\/www.librairieclavreuil.com\/en\/piccolomini-alexandri-la-philosophie-et-institution-morale-mise-en-francois-par-pierre-de-larivey-champenois\/#breadcrumb\"},\"inLanguage\":\"en-US\",\"potentialAction\":[{\"@type\":\"ReadAction\",\"target\":[\"https:\/\/www.librairieclavreuil.com\/en\/piccolomini-alexandri-la-philosophie-et-institution-morale-mise-en-francois-par-pierre-de-larivey-champenois\/\"]}]},{\"@type\":\"ImageObject\",\"inLanguage\":\"en-US\",\"@id\":\"https:\/\/www.librairieclavreuil.com\/en\/piccolomini-alexandri-la-philosophie-et-institution-morale-mise-en-francois-par-pierre-de-larivey-champenois\/#primaryimage\",\"url\":\"https:\/\/www.librairieclavreuil.com\/wp-content\/uploads\/2024\/07\/alexandri-piccolomini-la-philosophie-et-institution-morale-mise-en-francois-par-pierre-de-larivey-champenois-8442-659822728f36b.jpg\",\"contentUrl\":\"https:\/\/www.librairieclavreuil.com\/wp-content\/uploads\/2024\/07\/alexandri-piccolomini-la-philosophie-et-institution-morale-mise-en-francois-par-pierre-de-larivey-champenois-8442-659822728f36b.jpg\",\"width\":600,\"height\":800},{\"@type\":\"BreadcrumbList\",\"@id\":\"https:\/\/www.librairieclavreuil.com\/en\/piccolomini-alexandri-la-philosophie-et-institution-morale-mise-en-francois-par-pierre-de-larivey-champenois\/#breadcrumb\",\"itemListElement\":[{\"@type\":\"ListItem\",\"position\":1,\"name\":\"Accueil\",\"item\":\"https:\/\/www.librairieclavreuil.com\/\"},{\"@type\":\"ListItem\",\"position\":2,\"name\":\"All our books\",\"item\":\"https:\/\/www.librairieclavreuil.com\/en\/all-our-books\/\"},{\"@type\":\"ListItem\",\"position\":3,\"name\":\"PICCOLOMINI Alexandri La Philosophie et institution morale. Mise en fran\u00e7ois par Pierre de Larivey, champenois.\"}]},{\"@type\":\"WebSite\",\"@id\":\"https:\/\/www.librairieclavreuil.com\/#website\",\"url\":\"https:\/\/www.librairieclavreuil.com\/\",\"name\":\"Libairie Clavreuil\",\"description\":\"Livres anciens, manuscrits rares et \u00e9ditions originales \u2013 Librairie Clavreuil\",\"publisher\":{\"@id\":\"https:\/\/www.librairieclavreuil.com\/#organization\"},\"potentialAction\":[{\"@type\":\"SearchAction\",\"target\":{\"@type\":\"EntryPoint\",\"urlTemplate\":\"https:\/\/www.librairieclavreuil.com\/?s={search_term_string}\"},\"query-input\":{\"@type\":\"PropertyValueSpecification\",\"valueRequired\":true,\"valueName\":\"search_term_string\"}}],\"inLanguage\":\"en-US\"},{\"@type\":\"Organization\",\"@id\":\"https:\/\/www.librairieclavreuil.com\/#organization\",\"name\":\"Libairie Clavreuil\",\"url\":\"https:\/\/www.librairieclavreuil.com\/\",\"logo\":{\"@type\":\"ImageObject\",\"inLanguage\":\"en-US\",\"@id\":\"https:\/\/www.librairieclavreuil.com\/#\/schema\/logo\/image\/\",\"url\":\"https:\/\/www.librairieclavreuil.com\/wp-content\/uploads\/2021\/06\/cropped-LOGO_PNG_DATE-_gold-512x512-1.png\",\"contentUrl\":\"https:\/\/www.librairieclavreuil.com\/wp-content\/uploads\/2021\/06\/cropped-LOGO_PNG_DATE-_gold-512x512-1.png\",\"width\":512,\"height\":512,\"caption\":\"Libairie Clavreuil\"},\"image\":{\"@id\":\"https:\/\/www.librairieclavreuil.com\/#\/schema\/logo\/image\/\"},\"sameAs\":[\"https:\/\/www.instagram.com\/librairieclavreuil\/\"]}]}<\/script>\n<!-- \/ Yoast SEO plugin. -->","yoast_head_json":{"title":"PICCOLOMINI Alexandri La Philosophie et institution morale. Mise en fran\u00e7ois par Pierre de Larivey, champenois. - Libairie Clavreuil","robots":{"index":"index","follow":"follow","max-snippet":"max-snippet:-1","max-image-preview":"max-image-preview:large","max-video-preview":"max-video-preview:-1"},"canonical":"https:\/\/www.librairieclavreuil.com\/en\/piccolomini-alexandri-la-philosophie-et-institution-morale-mise-en-francois-par-pierre-de-larivey-champenois\/","og_locale":"en_US","og_type":"article","og_title":"PICCOLOMINI Alexandri La Philosophie et institution morale. Mise en fran\u00e7ois par Pierre de Larivey, champenois. - Libairie Clavreuil","og_description":"Stout 8vo (172 x 106 mm) 8 nn.ll., 902 pp., 1 nn.l. (privilege). Contemporary flexible vellum, covers within double gilt filet, central medallion with the interlaced letter 'H' and a p\u00eeerced heart decorated with the letter 'S ferm\u00e9, flat spine with gilt ruled compartments, gilt edges.","og_url":"https:\/\/www.librairieclavreuil.com\/en\/piccolomini-alexandri-la-philosophie-et-institution-morale-mise-en-francois-par-pierre-de-larivey-champenois\/","og_site_name":"Libairie Clavreuil","article_modified_time":"2024-07-12T08:27:17+00:00","og_image":[{"width":600,"height":800,"url":"https:\/\/www.librairieclavreuil.com\/wp-content\/uploads\/2024\/07\/alexandri-piccolomini-la-philosophie-et-institution-morale-mise-en-francois-par-pierre-de-larivey-champenois-8442-659822728f36b.jpg","type":"image\/jpeg"}],"twitter_card":"summary_large_image","twitter_misc":{"Est. reading time":"1 minute"},"schema":{"@context":"https:\/\/schema.org","@graph":[{"@type":"WebPage","@id":"https:\/\/www.librairieclavreuil.com\/en\/piccolomini-alexandri-la-philosophie-et-institution-morale-mise-en-francois-par-pierre-de-larivey-champenois\/","url":"https:\/\/www.librairieclavreuil.com\/en\/piccolomini-alexandri-la-philosophie-et-institution-morale-mise-en-francois-par-pierre-de-larivey-champenois\/","name":"PICCOLOMINI Alexandri La Philosophie et institution morale. Mise en fran\u00e7ois par Pierre de Larivey, champenois. - Libairie Clavreuil","isPartOf":{"@id":"https:\/\/www.librairieclavreuil.com\/#website"},"primaryImageOfPage":{"@id":"https:\/\/www.librairieclavreuil.com\/en\/piccolomini-alexandri-la-philosophie-et-institution-morale-mise-en-francois-par-pierre-de-larivey-champenois\/#primaryimage"},"image":{"@id":"https:\/\/www.librairieclavreuil.com\/en\/piccolomini-alexandri-la-philosophie-et-institution-morale-mise-en-francois-par-pierre-de-larivey-champenois\/#primaryimage"},"thumbnailUrl":"https:\/\/www.librairieclavreuil.com\/wp-content\/uploads\/2024\/07\/alexandri-piccolomini-la-philosophie-et-institution-morale-mise-en-francois-par-pierre-de-larivey-champenois-8442-659822728f36b.jpg","datePublished":"2024-07-10T14:07:10+00:00","dateModified":"2024-07-12T08:27:17+00:00","breadcrumb":{"@id":"https:\/\/www.librairieclavreuil.com\/en\/piccolomini-alexandri-la-philosophie-et-institution-morale-mise-en-francois-par-pierre-de-larivey-champenois\/#breadcrumb"},"inLanguage":"en-US","potentialAction":[{"@type":"ReadAction","target":["https:\/\/www.librairieclavreuil.com\/en\/piccolomini-alexandri-la-philosophie-et-institution-morale-mise-en-francois-par-pierre-de-larivey-champenois\/"]}]},{"@type":"ImageObject","inLanguage":"en-US","@id":"https:\/\/www.librairieclavreuil.com\/en\/piccolomini-alexandri-la-philosophie-et-institution-morale-mise-en-francois-par-pierre-de-larivey-champenois\/#primaryimage","url":"https:\/\/www.librairieclavreuil.com\/wp-content\/uploads\/2024\/07\/alexandri-piccolomini-la-philosophie-et-institution-morale-mise-en-francois-par-pierre-de-larivey-champenois-8442-659822728f36b.jpg","contentUrl":"https:\/\/www.librairieclavreuil.com\/wp-content\/uploads\/2024\/07\/alexandri-piccolomini-la-philosophie-et-institution-morale-mise-en-francois-par-pierre-de-larivey-champenois-8442-659822728f36b.jpg","width":600,"height":800},{"@type":"BreadcrumbList","@id":"https:\/\/www.librairieclavreuil.com\/en\/piccolomini-alexandri-la-philosophie-et-institution-morale-mise-en-francois-par-pierre-de-larivey-champenois\/#breadcrumb","itemListElement":[{"@type":"ListItem","position":1,"name":"Accueil","item":"https:\/\/www.librairieclavreuil.com\/"},{"@type":"ListItem","position":2,"name":"All our books","item":"https:\/\/www.librairieclavreuil.com\/en\/all-our-books\/"},{"@type":"ListItem","position":3,"name":"PICCOLOMINI Alexandri La Philosophie et institution morale. Mise en fran\u00e7ois par Pierre de Larivey, champenois."}]},{"@type":"WebSite","@id":"https:\/\/www.librairieclavreuil.com\/#website","url":"https:\/\/www.librairieclavreuil.com\/","name":"Libairie Clavreuil","description":"Livres anciens, manuscrits rares et \u00e9ditions originales \u2013 Librairie Clavreuil","publisher":{"@id":"https:\/\/www.librairieclavreuil.com\/#organization"},"potentialAction":[{"@type":"SearchAction","target":{"@type":"EntryPoint","urlTemplate":"https:\/\/www.librairieclavreuil.com\/?s={search_term_string}"},"query-input":{"@type":"PropertyValueSpecification","valueRequired":true,"valueName":"search_term_string"}}],"inLanguage":"en-US"},{"@type":"Organization","@id":"https:\/\/www.librairieclavreuil.com\/#organization","name":"Libairie Clavreuil","url":"https:\/\/www.librairieclavreuil.com\/","logo":{"@type":"ImageObject","inLanguage":"en-US","@id":"https:\/\/www.librairieclavreuil.com\/#\/schema\/logo\/image\/","url":"https:\/\/www.librairieclavreuil.com\/wp-content\/uploads\/2021\/06\/cropped-LOGO_PNG_DATE-_gold-512x512-1.png","contentUrl":"https:\/\/www.librairieclavreuil.com\/wp-content\/uploads\/2021\/06\/cropped-LOGO_PNG_DATE-_gold-512x512-1.png","width":512,"height":512,"caption":"Libairie Clavreuil"},"image":{"@id":"https:\/\/www.librairieclavreuil.com\/#\/schema\/logo\/image\/"},"sameAs":["https:\/\/www.instagram.com\/librairieclavreuil\/"]}]}},"jetpack_sharing_enabled":true,"_links":{"self":[{"href":"https:\/\/www.librairieclavreuil.com\/en\/wp-json\/wp\/v2\/product\/79519","targetHints":{"allow":["GET"]}}],"collection":[{"href":"https:\/\/www.librairieclavreuil.com\/en\/wp-json\/wp\/v2\/product"}],"about":[{"href":"https:\/\/www.librairieclavreuil.com\/en\/wp-json\/wp\/v2\/types\/product"}],"replies":[{"embeddable":true,"href":"https:\/\/www.librairieclavreuil.com\/en\/wp-json\/wp\/v2\/comments?post=79519"}],"wp:featuredmedia":[{"embeddable":true,"href":"https:\/\/www.librairieclavreuil.com\/en\/wp-json\/wp\/v2\/media\/79514"}],"wp:attachment":[{"href":"https:\/\/www.librairieclavreuil.com\/en\/wp-json\/wp\/v2\/media?parent=79519"}],"wp:term":[{"taxonomy":"product_brand","embeddable":true,"href":"https:\/\/www.librairieclavreuil.com\/en\/wp-json\/wp\/v2\/product_brand?post=79519"},{"taxonomy":"product_cat","embeddable":true,"href":"https:\/\/www.librairieclavreuil.com\/en\/wp-json\/wp\/v2\/product_cat?post=79519"},{"taxonomy":"product_tag","embeddable":true,"href":"https:\/\/www.librairieclavreuil.com\/en\/wp-json\/wp\/v2\/product_tag?post=79519"}],"curies":[{"name":"wp","href":"https:\/\/api.w.org\/{rel}","templated":true}]}}