{"id":79505,"date":"2024-07-10T16:06:27","date_gmt":"2024-07-10T14:06:27","guid":{"rendered":"https:\/\/www.librairieclavreuil.com\/flores-blanchefleur-lhistoire-amoureuse-de-flores-et-blanchefleur-samye-avec-la-complainte-que-faict-un-amant-contre-amour-sa-dame-le-tout-mis-despagnol-en\/"},"modified":"2025-06-03T12:28:51","modified_gmt":"2025-06-03T10:28:51","slug":"flores-blanchefleur-lhistoire-amoureuse-de-flores-et-blanchefleur-samye-avec-la-complainte-que-faict-un-amant-contre-amour-sa-dame-le-tout-mis-despagnol-en","status":"publish","type":"product","link":"https:\/\/www.librairieclavreuil.com\/en\/flores-blanchefleur-lhistoire-amoureuse-de-flores-et-blanchefleur-samye-avec-la-complainte-que-faict-un-amant-contre-amour-sa-dame-le-tout-mis-despagnol-en\/","title":{"rendered":"FLORES &amp; BLANCHEFLEUR L\u2019histoire amoureuse, de Flores et..."},"content":{"rendered":"<p style=\"text-align:justify\"><i>G\u00fcltlingen XII, 1432 (indicates 4 nn.ll. blanks, not present); Baudrier, III, 444; see Palau, 9242 &amp; Gay-Lemonnier I, 485 for other editions.<\/i><\/p>\n<p style=\"text-align:justify\">Extremely rare Lyon edition of Jacques Vincent&#8217;s translation into French of an anonymous Spanish text. Born in Crest Arnaud in the Dauphin\u00e9, Jacques Vincent was secretary to the bishop of Le Puy. Brunet describes a first French translation printed by Michel Fezandat in Paris in 1554, followed by another dated 1561.<\/p>\n<p style=\"text-align:justify\">The present edition of 1596 remained unknown to him, but he indicates that the following one, printed in 1597, also by Rigaud, served in 1777 as a model for the text which appears in the <i>Biblioth\u00e8que des romans<\/i>. The bibliographer adds in his note for the Spanish edition of 1512: \u00ab&nbsp;Il est difficile de dire aujourd\u2019hui avec certitude, si cet ouvrage est une imitation de J. Boccace, ou si, comme l\u2019a cru M. de Tressan, il est tir\u00e9 d\u2019un po\u00e8me espagnol plus ancien que Boccace \u00bb. Ga\u00eblle Bourg is more precise : \u00ab&nbsp;Jacques Vincent traduit un texte espagnol anonyme, imprim\u00e9 \u00e0 Alcala de Henares par Arnao Guillem de Brocar en 1512 (et peut-\u00eatre d\u00e9j\u00e0 avant, d\u00e8s la fin du XVe si\u00e8cle) qui constitue, selon G. Reynier, \u00ab une adaptation tr\u00e8s r\u00e9duite de notre<i> Flores et Blanchefleur <\/i>\u00bb. Il fait donc repasser en France le \u00ab vieux roman \u00bb, r\u00e9duit par l\u2019adaptation espagnole. Il y ajoute la traduction du roman de Juan de Segura (<i>Queja y aviso contra Amor<\/i>), lui-m\u00eame imprim\u00e9, dans sa version d\u2019origine, \u00e0 la suite d\u2019un autre texte (<i>Processo de cartas de amores que entre dos amantes pasaron<\/i>) et donn\u00e9 comme tir\u00e9 du grec, mise en sc\u00e8ne \u00e9ditoriale permettant de recommander l\u2019ouvrage aux lecteurs \u00bb (Ga\u00eblle Bourg. \u00c9ditions lyonnaises des romans du XVIe si\u00e8cle).<\/p>\n<p style=\"text-align:justify\">The translator&#8217;s name is to be found on the first pages of the introduction : \u00ab&nbsp;<i>Ode \u00e0 Maistre Jacques Vincent, sur l\u2019augmentation de nostre langue fran\u00e7oise. Par Pierre Tredehan d\u2019Angers<\/i> \u00bb. Pages 165 until the end contain under a separate title \u00ab&nbsp;<i>La complainte et avis, que fait Luzindaro, prince d\u2019Aethiopie : \u00e0 l\u2019encontre d\u2019amour, &amp; d\u2019une dame : continu\u00e9e jusques \u00e0 leur fin. Mise de grec en castillan. Puis translatee en francoys, par Jacques Vincent du Crest Arnauld en Dauphin\u00e9, aumonier de monsieur le comte d\u2019Anguien <\/i>\u00bb.<\/p>\n<p style=\"text-align:justify\">Of this edition we have been able to locate only two institutional copies, one at the Municipal Library in Besan\u00e7on, and one at Houghton Library, Harvard.<\/p>\n<p style=\"text-align:justify\">Very nice copy, exquisitely bound by Trautz-Bauzonnet. Printed marginalia on leaf 15 slihgtly shaved.<\/p>\n<p style=\"text-align:justify\">Provenance : Eug\u00e8ne Chaper (book plate) \u2013 remains of another book plate on the inner cover. Eug\u00e8ne Chaper (1827-1890), soldier and depute of the Is\u00e8re department was a bibliophile and collector of antique coins. he published several works on his region.<\/p>\n","protected":false},"excerpt":{"rendered":"<p style=\"text-align:justify\">In-16 (111 x 70 mm), de 282 pp., marque d\u2019imprimeur grav\u00e9e sur bois sur la page de titre. Maroquin citron, triple filet dor\u00e9 en encadrement des plats, dos lisse orn\u00e9 de petits fer floraux (marguerite et lys), roulette int\u00e9rieure, tranches dor\u00e9es (<i>Trautz-Bauzonnet<\/i>).<\/p>\n","protected":false},"featured_media":79500,"comment_status":"open","ping_status":"closed","template":"","meta":{"_acf_changed":false},"product_brand":[],"product_cat":[544],"product_tag":[1243],"class_list":{"0":"post-79505","1":"product","2":"type-product","3":"status-publish","4":"has-post-thumbnail","6":"product_cat-literature","7":"product_tag-16th-century-literature","8":"pa_auteur-flores-blanchefleur-2","9":"pa_type-de-livre-printed-book","11":"first","12":"instock","13":"shipping-taxable","14":"purchasable","15":"product-type-simple"},"acf":{"artist":"FLORES & BLANCHEFLEUR","chapeau":"Bound in citron morocco by Trautz-Bauzonnet","adresse_bibliographique":"Lyon, Benoist Rigaud, 1596","book_type":"Printed book","provenance":"","afficher_prix":""},"yoast_head":"<!-- This site is optimized with the Yoast SEO plugin v24.7 - https:\/\/yoast.com\/wordpress\/plugins\/seo\/ -->\n<title>FLORES &amp; BLANCHEFLEUR  L\u2019histoire amoureuse, de Flores et Blanchefleur s\u2019amye. Avec la complainte que faict un amant, contre amour &amp; sa dame. Le tout mis d\u2019espagnol en francoys [par Jacques Vincent]. - Libairie Clavreuil<\/title>\n<meta name=\"robots\" content=\"index, follow, max-snippet:-1, max-image-preview:large, max-video-preview:-1\" \/>\n<link rel=\"canonical\" href=\"https:\/\/www.librairieclavreuil.com\/en\/flores-blanchefleur-lhistoire-amoureuse-de-flores-et-blanchefleur-samye-avec-la-complainte-que-faict-un-amant-contre-amour-sa-dame-le-tout-mis-despagnol-en\/\" \/>\n<meta property=\"og:locale\" content=\"en_US\" \/>\n<meta property=\"og:type\" content=\"article\" \/>\n<meta property=\"og:title\" content=\"FLORES &amp; BLANCHEFLEUR  L\u2019histoire amoureuse, de Flores et Blanchefleur s\u2019amye. Avec la complainte que faict un amant, contre amour &amp; sa dame. Le tout mis d\u2019espagnol en francoys [par Jacques Vincent]. - Libairie Clavreuil\" \/>\n<meta property=\"og:description\" content=\"In-16 (111 x 70 mm), de 282 pp., marque d\u2019imprimeur grav\u00e9e sur bois sur la page de titre. Maroquin citron, triple filet dor\u00e9 en encadrement des plats, dos lisse orn\u00e9 de petits fer floraux (marguerite et lys), roulette int\u00e9rieure, tranches dor\u00e9es (Trautz-Bauzonnet).\" \/>\n<meta property=\"og:url\" content=\"https:\/\/www.librairieclavreuil.com\/en\/flores-blanchefleur-lhistoire-amoureuse-de-flores-et-blanchefleur-samye-avec-la-complainte-que-faict-un-amant-contre-amour-sa-dame-le-tout-mis-despagnol-en\/\" \/>\n<meta property=\"og:site_name\" content=\"Libairie Clavreuil\" \/>\n<meta property=\"article:modified_time\" content=\"2025-06-03T10:28:51+00:00\" \/>\n<meta property=\"og:image\" content=\"https:\/\/www.librairieclavreuil.com\/wp-content\/uploads\/2024\/07\/flores-blanchefleur-l-histoire-amoureuse-de-flores-et-blanchefleur-s-amye-avec-la-complainte-que-faict-un-amant-contre-amour-sa-dame-le-tout-mis-d-esp.jpg\" \/>\n\t<meta property=\"og:image:width\" content=\"520\" \/>\n\t<meta property=\"og:image:height\" content=\"800\" \/>\n\t<meta property=\"og:image:type\" content=\"image\/jpeg\" \/>\n<meta name=\"twitter:card\" content=\"summary_large_image\" \/>\n<meta name=\"twitter:label1\" content=\"Est. reading time\" \/>\n\t<meta name=\"twitter:data1\" content=\"2 minutes\" \/>\n<script type=\"application\/ld+json\" class=\"yoast-schema-graph\">{\"@context\":\"https:\/\/schema.org\",\"@graph\":[{\"@type\":\"WebPage\",\"@id\":\"https:\/\/www.librairieclavreuil.com\/en\/flores-blanchefleur-lhistoire-amoureuse-de-flores-et-blanchefleur-samye-avec-la-complainte-que-faict-un-amant-contre-amour-sa-dame-le-tout-mis-despagnol-en\/\",\"url\":\"https:\/\/www.librairieclavreuil.com\/en\/flores-blanchefleur-lhistoire-amoureuse-de-flores-et-blanchefleur-samye-avec-la-complainte-que-faict-un-amant-contre-amour-sa-dame-le-tout-mis-despagnol-en\/\",\"name\":\"FLORES &amp; BLANCHEFLEUR L\u2019histoire amoureuse, de Flores et Blanchefleur s\u2019amye. Avec la complainte que faict un amant, contre amour &amp; sa dame. Le tout mis d\u2019espagnol en francoys [par Jacques Vincent]. - Libairie Clavreuil\",\"isPartOf\":{\"@id\":\"https:\/\/www.librairieclavreuil.com\/#website\"},\"primaryImageOfPage\":{\"@id\":\"https:\/\/www.librairieclavreuil.com\/en\/flores-blanchefleur-lhistoire-amoureuse-de-flores-et-blanchefleur-samye-avec-la-complainte-que-faict-un-amant-contre-amour-sa-dame-le-tout-mis-despagnol-en\/#primaryimage\"},\"image\":{\"@id\":\"https:\/\/www.librairieclavreuil.com\/en\/flores-blanchefleur-lhistoire-amoureuse-de-flores-et-blanchefleur-samye-avec-la-complainte-que-faict-un-amant-contre-amour-sa-dame-le-tout-mis-despagnol-en\/#primaryimage\"},\"thumbnailUrl\":\"https:\/\/www.librairieclavreuil.com\/wp-content\/uploads\/2024\/07\/flores-blanchefleur-l-histoire-amoureuse-de-flores-et-blanchefleur-s-amye-avec-la-complainte-que-faict-un-amant-contre-amour-sa-dame-le-tout-mis-d-esp.jpg\",\"datePublished\":\"2024-07-10T14:06:27+00:00\",\"dateModified\":\"2025-06-03T10:28:51+00:00\",\"breadcrumb\":{\"@id\":\"https:\/\/www.librairieclavreuil.com\/en\/flores-blanchefleur-lhistoire-amoureuse-de-flores-et-blanchefleur-samye-avec-la-complainte-que-faict-un-amant-contre-amour-sa-dame-le-tout-mis-despagnol-en\/#breadcrumb\"},\"inLanguage\":\"en-US\",\"potentialAction\":[{\"@type\":\"ReadAction\",\"target\":[\"https:\/\/www.librairieclavreuil.com\/en\/flores-blanchefleur-lhistoire-amoureuse-de-flores-et-blanchefleur-samye-avec-la-complainte-que-faict-un-amant-contre-amour-sa-dame-le-tout-mis-despagnol-en\/\"]}]},{\"@type\":\"ImageObject\",\"inLanguage\":\"en-US\",\"@id\":\"https:\/\/www.librairieclavreuil.com\/en\/flores-blanchefleur-lhistoire-amoureuse-de-flores-et-blanchefleur-samye-avec-la-complainte-que-faict-un-amant-contre-amour-sa-dame-le-tout-mis-despagnol-en\/#primaryimage\",\"url\":\"https:\/\/www.librairieclavreuil.com\/wp-content\/uploads\/2024\/07\/flores-blanchefleur-l-histoire-amoureuse-de-flores-et-blanchefleur-s-amye-avec-la-complainte-que-faict-un-amant-contre-amour-sa-dame-le-tout-mis-d-esp.jpg\",\"contentUrl\":\"https:\/\/www.librairieclavreuil.com\/wp-content\/uploads\/2024\/07\/flores-blanchefleur-l-histoire-amoureuse-de-flores-et-blanchefleur-s-amye-avec-la-complainte-que-faict-un-amant-contre-amour-sa-dame-le-tout-mis-d-esp.jpg\",\"width\":520,\"height\":800},{\"@type\":\"BreadcrumbList\",\"@id\":\"https:\/\/www.librairieclavreuil.com\/en\/flores-blanchefleur-lhistoire-amoureuse-de-flores-et-blanchefleur-samye-avec-la-complainte-que-faict-un-amant-contre-amour-sa-dame-le-tout-mis-despagnol-en\/#breadcrumb\",\"itemListElement\":[{\"@type\":\"ListItem\",\"position\":1,\"name\":\"Accueil\",\"item\":\"https:\/\/www.librairieclavreuil.com\/\"},{\"@type\":\"ListItem\",\"position\":2,\"name\":\"All our books\",\"item\":\"https:\/\/www.librairieclavreuil.com\/en\/all-our-books\/\"},{\"@type\":\"ListItem\",\"position\":3,\"name\":\"FLORES &amp; BLANCHEFLEUR L\u2019histoire amoureuse, de Flores et...\"}]},{\"@type\":\"WebSite\",\"@id\":\"https:\/\/www.librairieclavreuil.com\/#website\",\"url\":\"https:\/\/www.librairieclavreuil.com\/\",\"name\":\"Libairie Clavreuil\",\"description\":\"Livres anciens, manuscrits rares et \u00e9ditions originales \u2013 Librairie Clavreuil\",\"publisher\":{\"@id\":\"https:\/\/www.librairieclavreuil.com\/#organization\"},\"potentialAction\":[{\"@type\":\"SearchAction\",\"target\":{\"@type\":\"EntryPoint\",\"urlTemplate\":\"https:\/\/www.librairieclavreuil.com\/?s={search_term_string}\"},\"query-input\":{\"@type\":\"PropertyValueSpecification\",\"valueRequired\":true,\"valueName\":\"search_term_string\"}}],\"inLanguage\":\"en-US\"},{\"@type\":\"Organization\",\"@id\":\"https:\/\/www.librairieclavreuil.com\/#organization\",\"name\":\"Libairie Clavreuil\",\"url\":\"https:\/\/www.librairieclavreuil.com\/\",\"logo\":{\"@type\":\"ImageObject\",\"inLanguage\":\"en-US\",\"@id\":\"https:\/\/www.librairieclavreuil.com\/#\/schema\/logo\/image\/\",\"url\":\"https:\/\/www.librairieclavreuil.com\/wp-content\/uploads\/2021\/06\/cropped-LOGO_PNG_DATE-_gold-512x512-1.png\",\"contentUrl\":\"https:\/\/www.librairieclavreuil.com\/wp-content\/uploads\/2021\/06\/cropped-LOGO_PNG_DATE-_gold-512x512-1.png\",\"width\":512,\"height\":512,\"caption\":\"Libairie Clavreuil\"},\"image\":{\"@id\":\"https:\/\/www.librairieclavreuil.com\/#\/schema\/logo\/image\/\"},\"sameAs\":[\"https:\/\/www.instagram.com\/librairieclavreuil\/\"]}]}<\/script>\n<!-- \/ Yoast SEO plugin. -->","yoast_head_json":{"title":"FLORES &amp; BLANCHEFLEUR  L\u2019histoire amoureuse, de Flores et Blanchefleur s\u2019amye. Avec la complainte que faict un amant, contre amour &amp; sa dame. Le tout mis d\u2019espagnol en francoys [par Jacques Vincent]. - Libairie Clavreuil","robots":{"index":"index","follow":"follow","max-snippet":"max-snippet:-1","max-image-preview":"max-image-preview:large","max-video-preview":"max-video-preview:-1"},"canonical":"https:\/\/www.librairieclavreuil.com\/en\/flores-blanchefleur-lhistoire-amoureuse-de-flores-et-blanchefleur-samye-avec-la-complainte-que-faict-un-amant-contre-amour-sa-dame-le-tout-mis-despagnol-en\/","og_locale":"en_US","og_type":"article","og_title":"FLORES &amp; BLANCHEFLEUR  L\u2019histoire amoureuse, de Flores et Blanchefleur s\u2019amye. Avec la complainte que faict un amant, contre amour &amp; sa dame. Le tout mis d\u2019espagnol en francoys [par Jacques Vincent]. - Libairie Clavreuil","og_description":"In-16 (111 x 70 mm), de 282 pp., marque d\u2019imprimeur grav\u00e9e sur bois sur la page de titre. Maroquin citron, triple filet dor\u00e9 en encadrement des plats, dos lisse orn\u00e9 de petits fer floraux (marguerite et lys), roulette int\u00e9rieure, tranches dor\u00e9es (Trautz-Bauzonnet).","og_url":"https:\/\/www.librairieclavreuil.com\/en\/flores-blanchefleur-lhistoire-amoureuse-de-flores-et-blanchefleur-samye-avec-la-complainte-que-faict-un-amant-contre-amour-sa-dame-le-tout-mis-despagnol-en\/","og_site_name":"Libairie Clavreuil","article_modified_time":"2025-06-03T10:28:51+00:00","og_image":[{"width":520,"height":800,"url":"https:\/\/www.librairieclavreuil.com\/wp-content\/uploads\/2024\/07\/flores-blanchefleur-l-histoire-amoureuse-de-flores-et-blanchefleur-s-amye-avec-la-complainte-que-faict-un-amant-contre-amour-sa-dame-le-tout-mis-d-esp.jpg","type":"image\/jpeg"}],"twitter_card":"summary_large_image","twitter_misc":{"Est. reading time":"2 minutes"},"schema":{"@context":"https:\/\/schema.org","@graph":[{"@type":"WebPage","@id":"https:\/\/www.librairieclavreuil.com\/en\/flores-blanchefleur-lhistoire-amoureuse-de-flores-et-blanchefleur-samye-avec-la-complainte-que-faict-un-amant-contre-amour-sa-dame-le-tout-mis-despagnol-en\/","url":"https:\/\/www.librairieclavreuil.com\/en\/flores-blanchefleur-lhistoire-amoureuse-de-flores-et-blanchefleur-samye-avec-la-complainte-que-faict-un-amant-contre-amour-sa-dame-le-tout-mis-despagnol-en\/","name":"FLORES &amp; BLANCHEFLEUR L\u2019histoire amoureuse, de Flores et Blanchefleur s\u2019amye. Avec la complainte que faict un amant, contre amour &amp; sa dame. Le tout mis d\u2019espagnol en francoys [par Jacques Vincent]. - Libairie Clavreuil","isPartOf":{"@id":"https:\/\/www.librairieclavreuil.com\/#website"},"primaryImageOfPage":{"@id":"https:\/\/www.librairieclavreuil.com\/en\/flores-blanchefleur-lhistoire-amoureuse-de-flores-et-blanchefleur-samye-avec-la-complainte-que-faict-un-amant-contre-amour-sa-dame-le-tout-mis-despagnol-en\/#primaryimage"},"image":{"@id":"https:\/\/www.librairieclavreuil.com\/en\/flores-blanchefleur-lhistoire-amoureuse-de-flores-et-blanchefleur-samye-avec-la-complainte-que-faict-un-amant-contre-amour-sa-dame-le-tout-mis-despagnol-en\/#primaryimage"},"thumbnailUrl":"https:\/\/www.librairieclavreuil.com\/wp-content\/uploads\/2024\/07\/flores-blanchefleur-l-histoire-amoureuse-de-flores-et-blanchefleur-s-amye-avec-la-complainte-que-faict-un-amant-contre-amour-sa-dame-le-tout-mis-d-esp.jpg","datePublished":"2024-07-10T14:06:27+00:00","dateModified":"2025-06-03T10:28:51+00:00","breadcrumb":{"@id":"https:\/\/www.librairieclavreuil.com\/en\/flores-blanchefleur-lhistoire-amoureuse-de-flores-et-blanchefleur-samye-avec-la-complainte-que-faict-un-amant-contre-amour-sa-dame-le-tout-mis-despagnol-en\/#breadcrumb"},"inLanguage":"en-US","potentialAction":[{"@type":"ReadAction","target":["https:\/\/www.librairieclavreuil.com\/en\/flores-blanchefleur-lhistoire-amoureuse-de-flores-et-blanchefleur-samye-avec-la-complainte-que-faict-un-amant-contre-amour-sa-dame-le-tout-mis-despagnol-en\/"]}]},{"@type":"ImageObject","inLanguage":"en-US","@id":"https:\/\/www.librairieclavreuil.com\/en\/flores-blanchefleur-lhistoire-amoureuse-de-flores-et-blanchefleur-samye-avec-la-complainte-que-faict-un-amant-contre-amour-sa-dame-le-tout-mis-despagnol-en\/#primaryimage","url":"https:\/\/www.librairieclavreuil.com\/wp-content\/uploads\/2024\/07\/flores-blanchefleur-l-histoire-amoureuse-de-flores-et-blanchefleur-s-amye-avec-la-complainte-que-faict-un-amant-contre-amour-sa-dame-le-tout-mis-d-esp.jpg","contentUrl":"https:\/\/www.librairieclavreuil.com\/wp-content\/uploads\/2024\/07\/flores-blanchefleur-l-histoire-amoureuse-de-flores-et-blanchefleur-s-amye-avec-la-complainte-que-faict-un-amant-contre-amour-sa-dame-le-tout-mis-d-esp.jpg","width":520,"height":800},{"@type":"BreadcrumbList","@id":"https:\/\/www.librairieclavreuil.com\/en\/flores-blanchefleur-lhistoire-amoureuse-de-flores-et-blanchefleur-samye-avec-la-complainte-que-faict-un-amant-contre-amour-sa-dame-le-tout-mis-despagnol-en\/#breadcrumb","itemListElement":[{"@type":"ListItem","position":1,"name":"Accueil","item":"https:\/\/www.librairieclavreuil.com\/"},{"@type":"ListItem","position":2,"name":"All our books","item":"https:\/\/www.librairieclavreuil.com\/en\/all-our-books\/"},{"@type":"ListItem","position":3,"name":"FLORES &amp; BLANCHEFLEUR L\u2019histoire amoureuse, de Flores et..."}]},{"@type":"WebSite","@id":"https:\/\/www.librairieclavreuil.com\/#website","url":"https:\/\/www.librairieclavreuil.com\/","name":"Libairie Clavreuil","description":"Livres anciens, manuscrits rares et \u00e9ditions originales \u2013 Librairie Clavreuil","publisher":{"@id":"https:\/\/www.librairieclavreuil.com\/#organization"},"potentialAction":[{"@type":"SearchAction","target":{"@type":"EntryPoint","urlTemplate":"https:\/\/www.librairieclavreuil.com\/?s={search_term_string}"},"query-input":{"@type":"PropertyValueSpecification","valueRequired":true,"valueName":"search_term_string"}}],"inLanguage":"en-US"},{"@type":"Organization","@id":"https:\/\/www.librairieclavreuil.com\/#organization","name":"Libairie Clavreuil","url":"https:\/\/www.librairieclavreuil.com\/","logo":{"@type":"ImageObject","inLanguage":"en-US","@id":"https:\/\/www.librairieclavreuil.com\/#\/schema\/logo\/image\/","url":"https:\/\/www.librairieclavreuil.com\/wp-content\/uploads\/2021\/06\/cropped-LOGO_PNG_DATE-_gold-512x512-1.png","contentUrl":"https:\/\/www.librairieclavreuil.com\/wp-content\/uploads\/2021\/06\/cropped-LOGO_PNG_DATE-_gold-512x512-1.png","width":512,"height":512,"caption":"Libairie Clavreuil"},"image":{"@id":"https:\/\/www.librairieclavreuil.com\/#\/schema\/logo\/image\/"},"sameAs":["https:\/\/www.instagram.com\/librairieclavreuil\/"]}]}},"jetpack_sharing_enabled":true,"_links":{"self":[{"href":"https:\/\/www.librairieclavreuil.com\/en\/wp-json\/wp\/v2\/product\/79505","targetHints":{"allow":["GET"]}}],"collection":[{"href":"https:\/\/www.librairieclavreuil.com\/en\/wp-json\/wp\/v2\/product"}],"about":[{"href":"https:\/\/www.librairieclavreuil.com\/en\/wp-json\/wp\/v2\/types\/product"}],"replies":[{"embeddable":true,"href":"https:\/\/www.librairieclavreuil.com\/en\/wp-json\/wp\/v2\/comments?post=79505"}],"wp:featuredmedia":[{"embeddable":true,"href":"https:\/\/www.librairieclavreuil.com\/en\/wp-json\/wp\/v2\/media\/79500"}],"wp:attachment":[{"href":"https:\/\/www.librairieclavreuil.com\/en\/wp-json\/wp\/v2\/media?parent=79505"}],"wp:term":[{"taxonomy":"product_brand","embeddable":true,"href":"https:\/\/www.librairieclavreuil.com\/en\/wp-json\/wp\/v2\/product_brand?post=79505"},{"taxonomy":"product_cat","embeddable":true,"href":"https:\/\/www.librairieclavreuil.com\/en\/wp-json\/wp\/v2\/product_cat?post=79505"},{"taxonomy":"product_tag","embeddable":true,"href":"https:\/\/www.librairieclavreuil.com\/en\/wp-json\/wp\/v2\/product_tag?post=79505"}],"curies":[{"name":"wp","href":"https:\/\/api.w.org\/{rel}","templated":true}]}}