{"id":79455,"date":"2024-07-09T19:11:32","date_gmt":"2024-07-09T17:11:32","guid":{"rendered":"https:\/\/www.librairieclavreuil.com\/lemery-nicolas-traite-universel-des-drogues-simples-mises-en-ordre-alphabetique-ou-lon-trouve-leurs-differens-noms-leur-origine-leur-choix-les-principes-quelles-renferment-leurs-qualitez-l\/"},"modified":"2024-07-09T19:11:42","modified_gmt":"2024-07-09T17:11:42","slug":"lemery-nicolas-traite-universel-des-drogues-simples-mises-en-ordre-alphabetique-ou-lon-trouve-leurs-differens-noms-leur-origine-leur-choix-les-principes-quelles-renferment-leurs-qualitez-l","status":"publish","type":"product","link":"https:\/\/www.librairieclavreuil.com\/en\/lemery-nicolas-traite-universel-des-drogues-simples-mises-en-ordre-alphabetique-ou-lon-trouve-leurs-differens-noms-leur-origine-leur-choix-les-principes-quelles-renferment-leurs-qualitez-l\/","title":{"rendered":"LEMERY Nicolas Trait\u00e9 universel des drogues simples, mises..."},"content":{"rendered":"<p style=\"text-align:justify\"><i>Wellcome, III, 488 ; NLM, 6862 ; Pritzel, 5211 ; DSB, VII, 174.<\/i><\/p>\n<p style=\"text-align:justify\"><span style=\"font-variant:small-caps\">First edition of this famous classic in pharmacology of the Ancient Regime by the pharmacist Nicolas Lemery<\/span> (Rouen, 1645 &#8211; Paris, 1715), author of the seminal <i>Cours de chymie<\/i> published in 1675.<\/p>\n<p style=\"text-align:justify\">&#8220;Lemery&#8217;s chief contributions to pharmacy were his two complementary works, the Pharmacop\u00e9e universelle and the Trait\u00e9 des drogues simples. These are alphabetically arranged lists of composite and simples respectively, giving the source, virtues, doses, and therapeutic action of the various medicaments. They represent a comprehensive dictionary of pharmaceuticals. Their chief rival was Pierre Pomet&#8217;s Histoire g\u00e9n\u00e9rale des drogues (1694)&#8221; (DSB).<\/p>\n<p style=\"text-align:justify\">Very copy in its contemporary, slightly restored binding, albeit some occasional foxing or small waterstains in the upper corner.<\/p>\n<p style=\"text-align:justify\">From the library of E.A. Godefroy (XVIIIe si\u00e8cle engraved book plate).<\/p>\n","protected":false},"excerpt":{"rendered":"<p style=\"text-align:justify\">4to (251 x 185 mm) 8 nn.ll., 838 pp., 30 nn.ll. Contemporary brown calf, spine gilt with raised bands.<\/p>\n","protected":false},"featured_media":79453,"comment_status":"open","ping_status":"closed","template":"","meta":{"_acf_changed":false},"product_brand":[],"product_cat":[548],"product_tag":[1450,1306,1305],"class_list":{"0":"post-79455","1":"product","2":"type-product","3":"status-publish","4":"has-post-thumbnail","6":"product_cat-medicine","7":"product_tag-first-edition","8":"product_tag-general-pharmacy","9":"product_tag-pharmacy","10":"pa_auteur-lemery-nicolas-2","11":"pa_type-de-livre-printed-book","13":"first","14":"instock","15":"shipping-taxable","16":"purchasable","17":"product-type-simple"},"acf":{"artist":" Nicolas LEMERY","chapeau":"","adresse_bibliographique":"Paris, Laurent D'Houry, 1698","book_type":"Printed book","provenance":"","afficher_prix":""},"yoast_head":"<!-- This site is optimized with the Yoast SEO plugin v24.7 - https:\/\/yoast.com\/wordpress\/plugins\/seo\/ -->\n<title>LEMERY Nicolas Trait\u00e9 universel des drogues simples, mises en ordre alphab\u00e9tique. O\u00f9 l&#039;on trouve leurs differens noms, leur origine, leur choix, les principes qu&#039;elles renferment, leurs qualitez, leur ethymologie, et tout ce qu&#039;il y a de particulier dans les Animaux, dans les Vegetaux &amp; dans les Mineraux. - Libairie Clavreuil<\/title>\n<meta name=\"robots\" content=\"index, follow, max-snippet:-1, max-image-preview:large, max-video-preview:-1\" \/>\n<link rel=\"canonical\" href=\"https:\/\/www.librairieclavreuil.com\/produit\/lemery-nicolas-traite-universel-des-drogues-simples-mises-en-ordre-alphabetique-ou-lon-trouve-leurs-differens-noms-leur-origine-leur-choix-les-principes-quelles-renferment-leurs-qualitez-l\/\" \/>\n<meta property=\"og:locale\" content=\"en_US\" \/>\n<meta property=\"og:type\" content=\"article\" \/>\n<meta property=\"og:title\" content=\"LEMERY Nicolas Trait\u00e9 universel des drogues simples, mises en ordre alphab\u00e9tique. O\u00f9 l&#039;on trouve leurs differens noms, leur origine, leur choix, les principes qu&#039;elles renferment, leurs qualitez, leur ethymologie, et tout ce qu&#039;il y a de particulier dans les Animaux, dans les Vegetaux &amp; dans les Mineraux. - Libairie Clavreuil\" \/>\n<meta property=\"og:description\" content=\"4to (251 x 185 mm) 8 nn.ll., 838 pp., 30 nn.ll. Contemporary brown calf, spine gilt with raised bands.\" \/>\n<meta property=\"og:url\" content=\"https:\/\/www.librairieclavreuil.com\/produit\/lemery-nicolas-traite-universel-des-drogues-simples-mises-en-ordre-alphabetique-ou-lon-trouve-leurs-differens-noms-leur-origine-leur-choix-les-principes-quelles-renferment-leurs-qualitez-l\/\" \/>\n<meta property=\"og:site_name\" content=\"Libairie Clavreuil\" \/>\n<meta property=\"article:modified_time\" content=\"2024-07-09T17:11:42+00:00\" \/>\n<meta property=\"og:image\" content=\"https:\/\/www.librairieclavreuil.com\/wp-content\/uploads\/2024\/07\/nicolas-lemery-traite-universel-des-drogues-simples-mises-en-ordre-alphabetique-ou-l-on-trouve-leurs-differens-noms-leur-origine-leur-choix-668d6e8e0d403-1.jpg\" \/>\n\t<meta property=\"og:image:width\" content=\"600\" \/>\n\t<meta property=\"og:image:height\" content=\"800\" \/>\n\t<meta property=\"og:image:type\" content=\"image\/jpeg\" \/>\n<meta name=\"twitter:card\" content=\"summary_large_image\" \/>\n<meta name=\"twitter:label1\" content=\"Est. reading time\" \/>\n\t<meta name=\"twitter:data1\" content=\"1 minute\" \/>\n<script type=\"application\/ld+json\" class=\"yoast-schema-graph\">{\"@context\":\"https:\/\/schema.org\",\"@graph\":[{\"@type\":\"WebPage\",\"@id\":\"https:\/\/www.librairieclavreuil.com\/produit\/lemery-nicolas-traite-universel-des-drogues-simples-mises-en-ordre-alphabetique-ou-lon-trouve-leurs-differens-noms-leur-origine-leur-choix-les-principes-quelles-renferment-leurs-qualitez-l\/\",\"url\":\"https:\/\/www.librairieclavreuil.com\/produit\/lemery-nicolas-traite-universel-des-drogues-simples-mises-en-ordre-alphabetique-ou-lon-trouve-leurs-differens-noms-leur-origine-leur-choix-les-principes-quelles-renferment-leurs-qualitez-l\/\",\"name\":\"LEMERY Nicolas Trait\u00e9 universel des drogues simples, mises en ordre alphab\u00e9tique. O\u00f9 l'on trouve leurs differens noms, leur origine, leur choix, les principes qu'elles renferment, leurs qualitez, leur ethymologie, et tout ce qu'il y a de particulier dans les Animaux, dans les Vegetaux &amp; dans les Mineraux. - Libairie Clavreuil\",\"isPartOf\":{\"@id\":\"https:\/\/www.librairieclavreuil.com\/#website\"},\"primaryImageOfPage\":{\"@id\":\"https:\/\/www.librairieclavreuil.com\/produit\/lemery-nicolas-traite-universel-des-drogues-simples-mises-en-ordre-alphabetique-ou-lon-trouve-leurs-differens-noms-leur-origine-leur-choix-les-principes-quelles-renferment-leurs-qualitez-l\/#primaryimage\"},\"image\":{\"@id\":\"https:\/\/www.librairieclavreuil.com\/produit\/lemery-nicolas-traite-universel-des-drogues-simples-mises-en-ordre-alphabetique-ou-lon-trouve-leurs-differens-noms-leur-origine-leur-choix-les-principes-quelles-renferment-leurs-qualitez-l\/#primaryimage\"},\"thumbnailUrl\":\"https:\/\/www.librairieclavreuil.com\/wp-content\/uploads\/2024\/07\/nicolas-lemery-traite-universel-des-drogues-simples-mises-en-ordre-alphabetique-ou-l-on-trouve-leurs-differens-noms-leur-origine-leur-choix-668d6e8e0d403-1.jpg\",\"datePublished\":\"2024-07-09T17:11:32+00:00\",\"dateModified\":\"2024-07-09T17:11:42+00:00\",\"breadcrumb\":{\"@id\":\"https:\/\/www.librairieclavreuil.com\/produit\/lemery-nicolas-traite-universel-des-drogues-simples-mises-en-ordre-alphabetique-ou-lon-trouve-leurs-differens-noms-leur-origine-leur-choix-les-principes-quelles-renferment-leurs-qualitez-l\/#breadcrumb\"},\"inLanguage\":\"en-US\",\"potentialAction\":[{\"@type\":\"ReadAction\",\"target\":[\"https:\/\/www.librairieclavreuil.com\/produit\/lemery-nicolas-traite-universel-des-drogues-simples-mises-en-ordre-alphabetique-ou-lon-trouve-leurs-differens-noms-leur-origine-leur-choix-les-principes-quelles-renferment-leurs-qualitez-l\/\"]}]},{\"@type\":\"ImageObject\",\"inLanguage\":\"en-US\",\"@id\":\"https:\/\/www.librairieclavreuil.com\/produit\/lemery-nicolas-traite-universel-des-drogues-simples-mises-en-ordre-alphabetique-ou-lon-trouve-leurs-differens-noms-leur-origine-leur-choix-les-principes-quelles-renferment-leurs-qualitez-l\/#primaryimage\",\"url\":\"https:\/\/www.librairieclavreuil.com\/wp-content\/uploads\/2024\/07\/nicolas-lemery-traite-universel-des-drogues-simples-mises-en-ordre-alphabetique-ou-l-on-trouve-leurs-differens-noms-leur-origine-leur-choix-668d6e8e0d403-1.jpg\",\"contentUrl\":\"https:\/\/www.librairieclavreuil.com\/wp-content\/uploads\/2024\/07\/nicolas-lemery-traite-universel-des-drogues-simples-mises-en-ordre-alphabetique-ou-l-on-trouve-leurs-differens-noms-leur-origine-leur-choix-668d6e8e0d403-1.jpg\",\"width\":600,\"height\":800},{\"@type\":\"BreadcrumbList\",\"@id\":\"https:\/\/www.librairieclavreuil.com\/produit\/lemery-nicolas-traite-universel-des-drogues-simples-mises-en-ordre-alphabetique-ou-lon-trouve-leurs-differens-noms-leur-origine-leur-choix-les-principes-quelles-renferment-leurs-qualitez-l\/#breadcrumb\",\"itemListElement\":[{\"@type\":\"ListItem\",\"position\":1,\"name\":\"Accueil\",\"item\":\"https:\/\/www.librairieclavreuil.com\/\"},{\"@type\":\"ListItem\",\"position\":2,\"name\":\"All our books\",\"item\":\"https:\/\/www.librairieclavreuil.com\/en\/all-our-books\/\"},{\"@type\":\"ListItem\",\"position\":3,\"name\":\"LEMERY Nicolas Trait\u00e9 universel des drogues simples, mises...\"}]},{\"@type\":\"WebSite\",\"@id\":\"https:\/\/www.librairieclavreuil.com\/#website\",\"url\":\"https:\/\/www.librairieclavreuil.com\/\",\"name\":\"Libairie Clavreuil\",\"description\":\"Livres anciens, manuscrits rares et \u00e9ditions originales \u2013 Librairie Clavreuil\",\"publisher\":{\"@id\":\"https:\/\/www.librairieclavreuil.com\/#organization\"},\"potentialAction\":[{\"@type\":\"SearchAction\",\"target\":{\"@type\":\"EntryPoint\",\"urlTemplate\":\"https:\/\/www.librairieclavreuil.com\/?s={search_term_string}\"},\"query-input\":{\"@type\":\"PropertyValueSpecification\",\"valueRequired\":true,\"valueName\":\"search_term_string\"}}],\"inLanguage\":\"en-US\"},{\"@type\":\"Organization\",\"@id\":\"https:\/\/www.librairieclavreuil.com\/#organization\",\"name\":\"Libairie Clavreuil\",\"url\":\"https:\/\/www.librairieclavreuil.com\/\",\"logo\":{\"@type\":\"ImageObject\",\"inLanguage\":\"en-US\",\"@id\":\"https:\/\/www.librairieclavreuil.com\/#\/schema\/logo\/image\/\",\"url\":\"https:\/\/www.librairieclavreuil.com\/wp-content\/uploads\/2021\/06\/cropped-LOGO_PNG_DATE-_gold-512x512-1.png\",\"contentUrl\":\"https:\/\/www.librairieclavreuil.com\/wp-content\/uploads\/2021\/06\/cropped-LOGO_PNG_DATE-_gold-512x512-1.png\",\"width\":512,\"height\":512,\"caption\":\"Libairie Clavreuil\"},\"image\":{\"@id\":\"https:\/\/www.librairieclavreuil.com\/#\/schema\/logo\/image\/\"},\"sameAs\":[\"https:\/\/www.instagram.com\/librairieclavreuil\/\"]}]}<\/script>\n<!-- \/ Yoast SEO plugin. -->","yoast_head_json":{"title":"LEMERY Nicolas Trait\u00e9 universel des drogues simples, mises en ordre alphab\u00e9tique. O\u00f9 l'on trouve leurs differens noms, leur origine, leur choix, les principes qu'elles renferment, leurs qualitez, leur ethymologie, et tout ce qu'il y a de particulier dans les Animaux, dans les Vegetaux &amp; dans les Mineraux. - Libairie Clavreuil","robots":{"index":"index","follow":"follow","max-snippet":"max-snippet:-1","max-image-preview":"max-image-preview:large","max-video-preview":"max-video-preview:-1"},"canonical":"https:\/\/www.librairieclavreuil.com\/produit\/lemery-nicolas-traite-universel-des-drogues-simples-mises-en-ordre-alphabetique-ou-lon-trouve-leurs-differens-noms-leur-origine-leur-choix-les-principes-quelles-renferment-leurs-qualitez-l\/","og_locale":"en_US","og_type":"article","og_title":"LEMERY Nicolas Trait\u00e9 universel des drogues simples, mises en ordre alphab\u00e9tique. O\u00f9 l'on trouve leurs differens noms, leur origine, leur choix, les principes qu'elles renferment, leurs qualitez, leur ethymologie, et tout ce qu'il y a de particulier dans les Animaux, dans les Vegetaux &amp; dans les Mineraux. - Libairie Clavreuil","og_description":"4to (251 x 185 mm) 8 nn.ll., 838 pp., 30 nn.ll. Contemporary brown calf, spine gilt with raised bands.","og_url":"https:\/\/www.librairieclavreuil.com\/produit\/lemery-nicolas-traite-universel-des-drogues-simples-mises-en-ordre-alphabetique-ou-lon-trouve-leurs-differens-noms-leur-origine-leur-choix-les-principes-quelles-renferment-leurs-qualitez-l\/","og_site_name":"Libairie Clavreuil","article_modified_time":"2024-07-09T17:11:42+00:00","og_image":[{"width":600,"height":800,"url":"https:\/\/www.librairieclavreuil.com\/wp-content\/uploads\/2024\/07\/nicolas-lemery-traite-universel-des-drogues-simples-mises-en-ordre-alphabetique-ou-l-on-trouve-leurs-differens-noms-leur-origine-leur-choix-668d6e8e0d403-1.jpg","type":"image\/jpeg"}],"twitter_card":"summary_large_image","twitter_misc":{"Est. reading time":"1 minute"},"schema":{"@context":"https:\/\/schema.org","@graph":[{"@type":"WebPage","@id":"https:\/\/www.librairieclavreuil.com\/produit\/lemery-nicolas-traite-universel-des-drogues-simples-mises-en-ordre-alphabetique-ou-lon-trouve-leurs-differens-noms-leur-origine-leur-choix-les-principes-quelles-renferment-leurs-qualitez-l\/","url":"https:\/\/www.librairieclavreuil.com\/produit\/lemery-nicolas-traite-universel-des-drogues-simples-mises-en-ordre-alphabetique-ou-lon-trouve-leurs-differens-noms-leur-origine-leur-choix-les-principes-quelles-renferment-leurs-qualitez-l\/","name":"LEMERY Nicolas Trait\u00e9 universel des drogues simples, mises en ordre alphab\u00e9tique. O\u00f9 l'on trouve leurs differens noms, leur origine, leur choix, les principes qu'elles renferment, leurs qualitez, leur ethymologie, et tout ce qu'il y a de particulier dans les Animaux, dans les Vegetaux &amp; dans les Mineraux. - Libairie Clavreuil","isPartOf":{"@id":"https:\/\/www.librairieclavreuil.com\/#website"},"primaryImageOfPage":{"@id":"https:\/\/www.librairieclavreuil.com\/produit\/lemery-nicolas-traite-universel-des-drogues-simples-mises-en-ordre-alphabetique-ou-lon-trouve-leurs-differens-noms-leur-origine-leur-choix-les-principes-quelles-renferment-leurs-qualitez-l\/#primaryimage"},"image":{"@id":"https:\/\/www.librairieclavreuil.com\/produit\/lemery-nicolas-traite-universel-des-drogues-simples-mises-en-ordre-alphabetique-ou-lon-trouve-leurs-differens-noms-leur-origine-leur-choix-les-principes-quelles-renferment-leurs-qualitez-l\/#primaryimage"},"thumbnailUrl":"https:\/\/www.librairieclavreuil.com\/wp-content\/uploads\/2024\/07\/nicolas-lemery-traite-universel-des-drogues-simples-mises-en-ordre-alphabetique-ou-l-on-trouve-leurs-differens-noms-leur-origine-leur-choix-668d6e8e0d403-1.jpg","datePublished":"2024-07-09T17:11:32+00:00","dateModified":"2024-07-09T17:11:42+00:00","breadcrumb":{"@id":"https:\/\/www.librairieclavreuil.com\/produit\/lemery-nicolas-traite-universel-des-drogues-simples-mises-en-ordre-alphabetique-ou-lon-trouve-leurs-differens-noms-leur-origine-leur-choix-les-principes-quelles-renferment-leurs-qualitez-l\/#breadcrumb"},"inLanguage":"en-US","potentialAction":[{"@type":"ReadAction","target":["https:\/\/www.librairieclavreuil.com\/produit\/lemery-nicolas-traite-universel-des-drogues-simples-mises-en-ordre-alphabetique-ou-lon-trouve-leurs-differens-noms-leur-origine-leur-choix-les-principes-quelles-renferment-leurs-qualitez-l\/"]}]},{"@type":"ImageObject","inLanguage":"en-US","@id":"https:\/\/www.librairieclavreuil.com\/produit\/lemery-nicolas-traite-universel-des-drogues-simples-mises-en-ordre-alphabetique-ou-lon-trouve-leurs-differens-noms-leur-origine-leur-choix-les-principes-quelles-renferment-leurs-qualitez-l\/#primaryimage","url":"https:\/\/www.librairieclavreuil.com\/wp-content\/uploads\/2024\/07\/nicolas-lemery-traite-universel-des-drogues-simples-mises-en-ordre-alphabetique-ou-l-on-trouve-leurs-differens-noms-leur-origine-leur-choix-668d6e8e0d403-1.jpg","contentUrl":"https:\/\/www.librairieclavreuil.com\/wp-content\/uploads\/2024\/07\/nicolas-lemery-traite-universel-des-drogues-simples-mises-en-ordre-alphabetique-ou-l-on-trouve-leurs-differens-noms-leur-origine-leur-choix-668d6e8e0d403-1.jpg","width":600,"height":800},{"@type":"BreadcrumbList","@id":"https:\/\/www.librairieclavreuil.com\/produit\/lemery-nicolas-traite-universel-des-drogues-simples-mises-en-ordre-alphabetique-ou-lon-trouve-leurs-differens-noms-leur-origine-leur-choix-les-principes-quelles-renferment-leurs-qualitez-l\/#breadcrumb","itemListElement":[{"@type":"ListItem","position":1,"name":"Accueil","item":"https:\/\/www.librairieclavreuil.com\/"},{"@type":"ListItem","position":2,"name":"All our books","item":"https:\/\/www.librairieclavreuil.com\/en\/all-our-books\/"},{"@type":"ListItem","position":3,"name":"LEMERY Nicolas Trait\u00e9 universel des drogues simples, mises..."}]},{"@type":"WebSite","@id":"https:\/\/www.librairieclavreuil.com\/#website","url":"https:\/\/www.librairieclavreuil.com\/","name":"Libairie Clavreuil","description":"Livres anciens, manuscrits rares et \u00e9ditions originales \u2013 Librairie Clavreuil","publisher":{"@id":"https:\/\/www.librairieclavreuil.com\/#organization"},"potentialAction":[{"@type":"SearchAction","target":{"@type":"EntryPoint","urlTemplate":"https:\/\/www.librairieclavreuil.com\/?s={search_term_string}"},"query-input":{"@type":"PropertyValueSpecification","valueRequired":true,"valueName":"search_term_string"}}],"inLanguage":"en-US"},{"@type":"Organization","@id":"https:\/\/www.librairieclavreuil.com\/#organization","name":"Libairie Clavreuil","url":"https:\/\/www.librairieclavreuil.com\/","logo":{"@type":"ImageObject","inLanguage":"en-US","@id":"https:\/\/www.librairieclavreuil.com\/#\/schema\/logo\/image\/","url":"https:\/\/www.librairieclavreuil.com\/wp-content\/uploads\/2021\/06\/cropped-LOGO_PNG_DATE-_gold-512x512-1.png","contentUrl":"https:\/\/www.librairieclavreuil.com\/wp-content\/uploads\/2021\/06\/cropped-LOGO_PNG_DATE-_gold-512x512-1.png","width":512,"height":512,"caption":"Libairie Clavreuil"},"image":{"@id":"https:\/\/www.librairieclavreuil.com\/#\/schema\/logo\/image\/"},"sameAs":["https:\/\/www.instagram.com\/librairieclavreuil\/"]}]}},"jetpack_sharing_enabled":true,"_links":{"self":[{"href":"https:\/\/www.librairieclavreuil.com\/en\/wp-json\/wp\/v2\/product\/79455","targetHints":{"allow":["GET"]}}],"collection":[{"href":"https:\/\/www.librairieclavreuil.com\/en\/wp-json\/wp\/v2\/product"}],"about":[{"href":"https:\/\/www.librairieclavreuil.com\/en\/wp-json\/wp\/v2\/types\/product"}],"replies":[{"embeddable":true,"href":"https:\/\/www.librairieclavreuil.com\/en\/wp-json\/wp\/v2\/comments?post=79455"}],"wp:featuredmedia":[{"embeddable":true,"href":"https:\/\/www.librairieclavreuil.com\/en\/wp-json\/wp\/v2\/media\/79453"}],"wp:attachment":[{"href":"https:\/\/www.librairieclavreuil.com\/en\/wp-json\/wp\/v2\/media?parent=79455"}],"wp:term":[{"taxonomy":"product_brand","embeddable":true,"href":"https:\/\/www.librairieclavreuil.com\/en\/wp-json\/wp\/v2\/product_brand?post=79455"},{"taxonomy":"product_cat","embeddable":true,"href":"https:\/\/www.librairieclavreuil.com\/en\/wp-json\/wp\/v2\/product_cat?post=79455"},{"taxonomy":"product_tag","embeddable":true,"href":"https:\/\/www.librairieclavreuil.com\/en\/wp-json\/wp\/v2\/product_tag?post=79455"}],"curies":[{"name":"wp","href":"https:\/\/api.w.org\/{rel}","templated":true}]}}