{"id":79441,"date":"2024-07-09T17:51:13","date_gmt":"2024-07-09T15:51:13","guid":{"rendered":"https:\/\/www.librairieclavreuil.com\/deshais-gendron-louis-florent-traite-des-maladies-des-yeux-des-moyens-operations-propres-a-leur-guerison\/"},"modified":"2024-07-09T17:51:24","modified_gmt":"2024-07-09T15:51:24","slug":"deshais-gendron-louis-florent-traite-des-maladies-des-yeux-des-moyens-operations-propres-a-leur-guerison","status":"publish","type":"product","link":"https:\/\/www.librairieclavreuil.com\/en\/deshais-gendron-louis-florent-traite-des-maladies-des-yeux-des-moyens-operations-propres-a-leur-guerison\/","title":{"rendered":"DESHAIS-GENDRON Louis Florent Trait\u00e9 des maladies des yeux..."},"content":{"rendered":"<p style=\"text-align:justify\"><i>Waller, 3469; Blake, p.117; Cat. Becker, 67; Wellcome, III, 103.<\/i><\/p>\n<p style=\"text-align:justify\"><span style=\"font-variant:small-caps\">First edition.<\/span><\/p>\n<p style=\"text-align:justify\">Deshais-Gendron held the chair of ophthalmologie at <i>\u00c9cole de Chirurgie de Paris<\/i>.<\/p>\n<p style=\"text-align:justify\">&#8220;This book served as a standard authority for nearly thirty years and later historians have viewed it as a more than adequate work for its period.&#8221; Becker.<\/p>\n<p style=\"text-align:justify\">Fine copy.<\/p>\n","protected":false},"excerpt":{"rendered":"<p style=\"text-align:justify\">2 volumes, 12mo (165 x 96 mm) XII, 389 pp., 3 nn.ll. for volume I; 2 nn.ll., IV, 438 pp., 1 f.nn.l. for volume II. Contemporary calf, spine gilt with raised bands.<\/p>\n","protected":false},"featured_media":79436,"comment_status":"open","ping_status":"closed","template":"","meta":{"_acf_changed":false},"product_brand":[],"product_cat":[548],"product_tag":[1301,1271,1294],"class_list":{"0":"post-79441","1":"product","2":"type-product","3":"status-publish","4":"has-post-thumbnail","6":"product_cat-medicine","7":"product_tag-eyes","8":"product_tag-medicine","9":"product_tag-organes-2","10":"pa_auteur-deshais-gendron-louis-florent-2","11":"pa_type-de-livre-printed-book","13":"first","14":"instock","15":"shipping-taxable","16":"purchasable","17":"product-type-simple"},"acf":{"artist":" Louis Florent DESHAIS-GENDRON","chapeau":"","adresse_bibliographique":"Paris, Th\u00e9ophile Barrois, 1770","book_type":"Printed book","provenance":"","afficher_prix":""},"yoast_head":"<!-- This site is optimized with the Yoast SEO plugin v24.7 - https:\/\/yoast.com\/wordpress\/plugins\/seo\/ -->\n<title>DESHAIS-GENDRON Louis Florent Trait\u00e9 des maladies des yeux &amp; des moyens &amp; op\u00e9rations propres \u00e0 leur gu\u00e9rison. - Libairie Clavreuil<\/title>\n<meta name=\"robots\" content=\"index, follow, max-snippet:-1, max-image-preview:large, max-video-preview:-1\" \/>\n<link rel=\"canonical\" href=\"https:\/\/www.librairieclavreuil.com\/en\/deshais-gendron-louis-florent-traite-des-maladies-des-yeux-des-moyens-operations-propres-a-leur-guerison\/\" \/>\n<meta property=\"og:locale\" content=\"en_US\" \/>\n<meta property=\"og:type\" content=\"article\" \/>\n<meta property=\"og:title\" content=\"DESHAIS-GENDRON Louis Florent Trait\u00e9 des maladies des yeux &amp; des moyens &amp; op\u00e9rations propres \u00e0 leur gu\u00e9rison. - Libairie Clavreuil\" \/>\n<meta property=\"og:description\" content=\"2 volumes, 12mo (165 x 96 mm) XII, 389 pp., 3 nn.ll. for volume I; 2 nn.ll., IV, 438 pp., 1 f.nn.l. for volume II. Contemporary calf, spine gilt with raised bands.\" \/>\n<meta property=\"og:url\" content=\"https:\/\/www.librairieclavreuil.com\/en\/deshais-gendron-louis-florent-traite-des-maladies-des-yeux-des-moyens-operations-propres-a-leur-guerison\/\" \/>\n<meta property=\"og:site_name\" content=\"Libairie Clavreuil\" \/>\n<meta property=\"article:modified_time\" content=\"2024-07-09T15:51:24+00:00\" \/>\n<meta property=\"og:image\" content=\"https:\/\/www.librairieclavreuil.com\/wp-content\/uploads\/2024\/07\/louis-florent-deshais-gendron-traite-des-maladies-des-yeux-des-moyens-operations-propres-a-leur-guerison-583-65ae581ab937e.jpg\" \/>\n\t<meta property=\"og:image:width\" content=\"538\" \/>\n\t<meta property=\"og:image:height\" content=\"800\" \/>\n\t<meta property=\"og:image:type\" content=\"image\/jpeg\" \/>\n<meta name=\"twitter:card\" content=\"summary_large_image\" \/>\n<script type=\"application\/ld+json\" class=\"yoast-schema-graph\">{\"@context\":\"https:\/\/schema.org\",\"@graph\":[{\"@type\":\"WebPage\",\"@id\":\"https:\/\/www.librairieclavreuil.com\/en\/deshais-gendron-louis-florent-traite-des-maladies-des-yeux-des-moyens-operations-propres-a-leur-guerison\/\",\"url\":\"https:\/\/www.librairieclavreuil.com\/en\/deshais-gendron-louis-florent-traite-des-maladies-des-yeux-des-moyens-operations-propres-a-leur-guerison\/\",\"name\":\"DESHAIS-GENDRON Louis Florent Trait\u00e9 des maladies des yeux &amp; des moyens &amp; op\u00e9rations propres \u00e0 leur gu\u00e9rison. - Libairie Clavreuil\",\"isPartOf\":{\"@id\":\"https:\/\/www.librairieclavreuil.com\/#website\"},\"primaryImageOfPage\":{\"@id\":\"https:\/\/www.librairieclavreuil.com\/en\/deshais-gendron-louis-florent-traite-des-maladies-des-yeux-des-moyens-operations-propres-a-leur-guerison\/#primaryimage\"},\"image\":{\"@id\":\"https:\/\/www.librairieclavreuil.com\/en\/deshais-gendron-louis-florent-traite-des-maladies-des-yeux-des-moyens-operations-propres-a-leur-guerison\/#primaryimage\"},\"thumbnailUrl\":\"https:\/\/www.librairieclavreuil.com\/wp-content\/uploads\/2024\/07\/louis-florent-deshais-gendron-traite-des-maladies-des-yeux-des-moyens-operations-propres-a-leur-guerison-583-65ae581ab937e.jpg\",\"datePublished\":\"2024-07-09T15:51:13+00:00\",\"dateModified\":\"2024-07-09T15:51:24+00:00\",\"breadcrumb\":{\"@id\":\"https:\/\/www.librairieclavreuil.com\/en\/deshais-gendron-louis-florent-traite-des-maladies-des-yeux-des-moyens-operations-propres-a-leur-guerison\/#breadcrumb\"},\"inLanguage\":\"en-US\",\"potentialAction\":[{\"@type\":\"ReadAction\",\"target\":[\"https:\/\/www.librairieclavreuil.com\/en\/deshais-gendron-louis-florent-traite-des-maladies-des-yeux-des-moyens-operations-propres-a-leur-guerison\/\"]}]},{\"@type\":\"ImageObject\",\"inLanguage\":\"en-US\",\"@id\":\"https:\/\/www.librairieclavreuil.com\/en\/deshais-gendron-louis-florent-traite-des-maladies-des-yeux-des-moyens-operations-propres-a-leur-guerison\/#primaryimage\",\"url\":\"https:\/\/www.librairieclavreuil.com\/wp-content\/uploads\/2024\/07\/louis-florent-deshais-gendron-traite-des-maladies-des-yeux-des-moyens-operations-propres-a-leur-guerison-583-65ae581ab937e.jpg\",\"contentUrl\":\"https:\/\/www.librairieclavreuil.com\/wp-content\/uploads\/2024\/07\/louis-florent-deshais-gendron-traite-des-maladies-des-yeux-des-moyens-operations-propres-a-leur-guerison-583-65ae581ab937e.jpg\",\"width\":538,\"height\":800},{\"@type\":\"BreadcrumbList\",\"@id\":\"https:\/\/www.librairieclavreuil.com\/en\/deshais-gendron-louis-florent-traite-des-maladies-des-yeux-des-moyens-operations-propres-a-leur-guerison\/#breadcrumb\",\"itemListElement\":[{\"@type\":\"ListItem\",\"position\":1,\"name\":\"Accueil\",\"item\":\"https:\/\/www.librairieclavreuil.com\/\"},{\"@type\":\"ListItem\",\"position\":2,\"name\":\"All our books\",\"item\":\"https:\/\/www.librairieclavreuil.com\/en\/all-our-books\/\"},{\"@type\":\"ListItem\",\"position\":3,\"name\":\"DESHAIS-GENDRON Louis Florent Trait\u00e9 des maladies des yeux &amp; des moyens &amp; op\u00e9rations propres \u00e0 leur gu\u00e9rison.\"}]},{\"@type\":\"WebSite\",\"@id\":\"https:\/\/www.librairieclavreuil.com\/#website\",\"url\":\"https:\/\/www.librairieclavreuil.com\/\",\"name\":\"Libairie Clavreuil\",\"description\":\"Livres anciens, manuscrits rares et \u00e9ditions originales \u2013 Librairie Clavreuil\",\"publisher\":{\"@id\":\"https:\/\/www.librairieclavreuil.com\/#organization\"},\"potentialAction\":[{\"@type\":\"SearchAction\",\"target\":{\"@type\":\"EntryPoint\",\"urlTemplate\":\"https:\/\/www.librairieclavreuil.com\/?s={search_term_string}\"},\"query-input\":{\"@type\":\"PropertyValueSpecification\",\"valueRequired\":true,\"valueName\":\"search_term_string\"}}],\"inLanguage\":\"en-US\"},{\"@type\":\"Organization\",\"@id\":\"https:\/\/www.librairieclavreuil.com\/#organization\",\"name\":\"Libairie Clavreuil\",\"url\":\"https:\/\/www.librairieclavreuil.com\/\",\"logo\":{\"@type\":\"ImageObject\",\"inLanguage\":\"en-US\",\"@id\":\"https:\/\/www.librairieclavreuil.com\/#\/schema\/logo\/image\/\",\"url\":\"https:\/\/www.librairieclavreuil.com\/wp-content\/uploads\/2021\/06\/cropped-LOGO_PNG_DATE-_gold-512x512-1.png\",\"contentUrl\":\"https:\/\/www.librairieclavreuil.com\/wp-content\/uploads\/2021\/06\/cropped-LOGO_PNG_DATE-_gold-512x512-1.png\",\"width\":512,\"height\":512,\"caption\":\"Libairie Clavreuil\"},\"image\":{\"@id\":\"https:\/\/www.librairieclavreuil.com\/#\/schema\/logo\/image\/\"},\"sameAs\":[\"https:\/\/www.instagram.com\/librairieclavreuil\/\"]}]}<\/script>\n<!-- \/ Yoast SEO plugin. -->","yoast_head_json":{"title":"DESHAIS-GENDRON Louis Florent Trait\u00e9 des maladies des yeux &amp; des moyens &amp; op\u00e9rations propres \u00e0 leur gu\u00e9rison. - Libairie Clavreuil","robots":{"index":"index","follow":"follow","max-snippet":"max-snippet:-1","max-image-preview":"max-image-preview:large","max-video-preview":"max-video-preview:-1"},"canonical":"https:\/\/www.librairieclavreuil.com\/en\/deshais-gendron-louis-florent-traite-des-maladies-des-yeux-des-moyens-operations-propres-a-leur-guerison\/","og_locale":"en_US","og_type":"article","og_title":"DESHAIS-GENDRON Louis Florent Trait\u00e9 des maladies des yeux &amp; des moyens &amp; op\u00e9rations propres \u00e0 leur gu\u00e9rison. - Libairie Clavreuil","og_description":"2 volumes, 12mo (165 x 96 mm) XII, 389 pp., 3 nn.ll. for volume I; 2 nn.ll., IV, 438 pp., 1 f.nn.l. for volume II. Contemporary calf, spine gilt with raised bands.","og_url":"https:\/\/www.librairieclavreuil.com\/en\/deshais-gendron-louis-florent-traite-des-maladies-des-yeux-des-moyens-operations-propres-a-leur-guerison\/","og_site_name":"Libairie Clavreuil","article_modified_time":"2024-07-09T15:51:24+00:00","og_image":[{"width":538,"height":800,"url":"https:\/\/www.librairieclavreuil.com\/wp-content\/uploads\/2024\/07\/louis-florent-deshais-gendron-traite-des-maladies-des-yeux-des-moyens-operations-propres-a-leur-guerison-583-65ae581ab937e.jpg","type":"image\/jpeg"}],"twitter_card":"summary_large_image","schema":{"@context":"https:\/\/schema.org","@graph":[{"@type":"WebPage","@id":"https:\/\/www.librairieclavreuil.com\/en\/deshais-gendron-louis-florent-traite-des-maladies-des-yeux-des-moyens-operations-propres-a-leur-guerison\/","url":"https:\/\/www.librairieclavreuil.com\/en\/deshais-gendron-louis-florent-traite-des-maladies-des-yeux-des-moyens-operations-propres-a-leur-guerison\/","name":"DESHAIS-GENDRON Louis Florent Trait\u00e9 des maladies des yeux &amp; des moyens &amp; op\u00e9rations propres \u00e0 leur gu\u00e9rison. - Libairie Clavreuil","isPartOf":{"@id":"https:\/\/www.librairieclavreuil.com\/#website"},"primaryImageOfPage":{"@id":"https:\/\/www.librairieclavreuil.com\/en\/deshais-gendron-louis-florent-traite-des-maladies-des-yeux-des-moyens-operations-propres-a-leur-guerison\/#primaryimage"},"image":{"@id":"https:\/\/www.librairieclavreuil.com\/en\/deshais-gendron-louis-florent-traite-des-maladies-des-yeux-des-moyens-operations-propres-a-leur-guerison\/#primaryimage"},"thumbnailUrl":"https:\/\/www.librairieclavreuil.com\/wp-content\/uploads\/2024\/07\/louis-florent-deshais-gendron-traite-des-maladies-des-yeux-des-moyens-operations-propres-a-leur-guerison-583-65ae581ab937e.jpg","datePublished":"2024-07-09T15:51:13+00:00","dateModified":"2024-07-09T15:51:24+00:00","breadcrumb":{"@id":"https:\/\/www.librairieclavreuil.com\/en\/deshais-gendron-louis-florent-traite-des-maladies-des-yeux-des-moyens-operations-propres-a-leur-guerison\/#breadcrumb"},"inLanguage":"en-US","potentialAction":[{"@type":"ReadAction","target":["https:\/\/www.librairieclavreuil.com\/en\/deshais-gendron-louis-florent-traite-des-maladies-des-yeux-des-moyens-operations-propres-a-leur-guerison\/"]}]},{"@type":"ImageObject","inLanguage":"en-US","@id":"https:\/\/www.librairieclavreuil.com\/en\/deshais-gendron-louis-florent-traite-des-maladies-des-yeux-des-moyens-operations-propres-a-leur-guerison\/#primaryimage","url":"https:\/\/www.librairieclavreuil.com\/wp-content\/uploads\/2024\/07\/louis-florent-deshais-gendron-traite-des-maladies-des-yeux-des-moyens-operations-propres-a-leur-guerison-583-65ae581ab937e.jpg","contentUrl":"https:\/\/www.librairieclavreuil.com\/wp-content\/uploads\/2024\/07\/louis-florent-deshais-gendron-traite-des-maladies-des-yeux-des-moyens-operations-propres-a-leur-guerison-583-65ae581ab937e.jpg","width":538,"height":800},{"@type":"BreadcrumbList","@id":"https:\/\/www.librairieclavreuil.com\/en\/deshais-gendron-louis-florent-traite-des-maladies-des-yeux-des-moyens-operations-propres-a-leur-guerison\/#breadcrumb","itemListElement":[{"@type":"ListItem","position":1,"name":"Accueil","item":"https:\/\/www.librairieclavreuil.com\/"},{"@type":"ListItem","position":2,"name":"All our books","item":"https:\/\/www.librairieclavreuil.com\/en\/all-our-books\/"},{"@type":"ListItem","position":3,"name":"DESHAIS-GENDRON Louis Florent Trait\u00e9 des maladies des yeux &amp; des moyens &amp; op\u00e9rations propres \u00e0 leur gu\u00e9rison."}]},{"@type":"WebSite","@id":"https:\/\/www.librairieclavreuil.com\/#website","url":"https:\/\/www.librairieclavreuil.com\/","name":"Libairie Clavreuil","description":"Livres anciens, manuscrits rares et \u00e9ditions originales \u2013 Librairie Clavreuil","publisher":{"@id":"https:\/\/www.librairieclavreuil.com\/#organization"},"potentialAction":[{"@type":"SearchAction","target":{"@type":"EntryPoint","urlTemplate":"https:\/\/www.librairieclavreuil.com\/?s={search_term_string}"},"query-input":{"@type":"PropertyValueSpecification","valueRequired":true,"valueName":"search_term_string"}}],"inLanguage":"en-US"},{"@type":"Organization","@id":"https:\/\/www.librairieclavreuil.com\/#organization","name":"Libairie Clavreuil","url":"https:\/\/www.librairieclavreuil.com\/","logo":{"@type":"ImageObject","inLanguage":"en-US","@id":"https:\/\/www.librairieclavreuil.com\/#\/schema\/logo\/image\/","url":"https:\/\/www.librairieclavreuil.com\/wp-content\/uploads\/2021\/06\/cropped-LOGO_PNG_DATE-_gold-512x512-1.png","contentUrl":"https:\/\/www.librairieclavreuil.com\/wp-content\/uploads\/2021\/06\/cropped-LOGO_PNG_DATE-_gold-512x512-1.png","width":512,"height":512,"caption":"Libairie Clavreuil"},"image":{"@id":"https:\/\/www.librairieclavreuil.com\/#\/schema\/logo\/image\/"},"sameAs":["https:\/\/www.instagram.com\/librairieclavreuil\/"]}]}},"jetpack_sharing_enabled":true,"_links":{"self":[{"href":"https:\/\/www.librairieclavreuil.com\/en\/wp-json\/wp\/v2\/product\/79441","targetHints":{"allow":["GET"]}}],"collection":[{"href":"https:\/\/www.librairieclavreuil.com\/en\/wp-json\/wp\/v2\/product"}],"about":[{"href":"https:\/\/www.librairieclavreuil.com\/en\/wp-json\/wp\/v2\/types\/product"}],"replies":[{"embeddable":true,"href":"https:\/\/www.librairieclavreuil.com\/en\/wp-json\/wp\/v2\/comments?post=79441"}],"wp:featuredmedia":[{"embeddable":true,"href":"https:\/\/www.librairieclavreuil.com\/en\/wp-json\/wp\/v2\/media\/79436"}],"wp:attachment":[{"href":"https:\/\/www.librairieclavreuil.com\/en\/wp-json\/wp\/v2\/media?parent=79441"}],"wp:term":[{"taxonomy":"product_brand","embeddable":true,"href":"https:\/\/www.librairieclavreuil.com\/en\/wp-json\/wp\/v2\/product_brand?post=79441"},{"taxonomy":"product_cat","embeddable":true,"href":"https:\/\/www.librairieclavreuil.com\/en\/wp-json\/wp\/v2\/product_cat?post=79441"},{"taxonomy":"product_tag","embeddable":true,"href":"https:\/\/www.librairieclavreuil.com\/en\/wp-json\/wp\/v2\/product_tag?post=79441"}],"curies":[{"name":"wp","href":"https:\/\/api.w.org\/{rel}","templated":true}]}}