{"id":79374,"date":"2024-07-09T17:16:44","date_gmt":"2024-07-09T15:16:44","guid":{"rendered":"https:\/\/www.librairieclavreuil.com\/valentinien-theodose-pseud-de-nicolas-denisot-histoire-de-lamant-resuscite-de-la-mort-damour-compris-en-cinq-livres\/"},"modified":"2024-07-09T17:16:54","modified_gmt":"2024-07-09T15:16:54","slug":"valentinien-theodose-pseud-de-nicolas-denisot-histoire-de-lamant-resuscite-de-la-mort-damour-compris-en-cinq-livres","status":"publish","type":"product","link":"https:\/\/www.librairieclavreuil.com\/en\/valentinien-theodose-pseud-de-nicolas-denisot-histoire-de-lamant-resuscite-de-la-mort-damour-compris-en-cinq-livres\/","title":{"rendered":"VALENTINIEN Theodose [pseud. de Nicolas DENISOT] Histoire de..."},"content":{"rendered":"<p style=\"text-align:justify\"><i>Gay-Lemonnyer, I, 84 ; see Mac-Carthy, 3387 (Paris, Micard, 1580) ; not in Adams &amp; British Library.<\/i><\/p>\n<p style=\"text-align:justify\">Very rare edition of this &#8220;roman singulier, na\u00eff, d\u00e9cent, sentimental et assez int\u00e9ressant&#8221; (Gay-Lemonnyer).<\/p>\n<p style=\"text-align:justify\"><i>L&#8217;histoire de l&#8217;Amant resuscit\u00e9<\/i> was a highly acclaimed text from its first publication and was reprinted at least seven times until 1626.<\/p>\n<p style=\"text-align:justify\">&#8220;This work, in five books, recounts the unhappy love affairs of a dying Lover (books four and five), embedded in an anonymous narrator&#8217;s account to &#8216;[s]a Marguerite&#8217; of a recent &#8216;peregrination&#8217; through strange lands and nations (books one, two and three). A vast dissertation on the dangers of passion, the novel, with its unstable generic status, mixes theoretical treatise, genealogical and historical discussion, book summary and translation of Virgil in one vast fricassee. Because of its religious and humanist orientation, <i>L&#8217;Amant resuscit\u00e9 de la mort d&#8217;amour<\/i> could be considered an &#8216;anti-novel&#8217;, in other words an antidote to the novel of chivalry then in full vogue&#8221; (see V\u00e9ronique Duch\u00e9, in: R\u00e9forme, Humanisme, Renaissance, 2016, 1-2, p. 207-214).<\/p>\n<p style=\"text-align:justify\">The title is printed with a decorative woodcut border. All editions of this work &#8211; first published in 1555 &#8211; are rare. No copy of this 1572 edition is listed by USTC. Top margin a little short, otherwise a fine copy.<\/p>\n<p style=\"text-align:justify\">Provenance: Right Honorable Charles Viscount Bruce of Ampthill (bookplate).<\/p>\n","protected":false},"excerpt":{"rendered":"<p style=\"text-align:justify\">16mo (107 x 72 mm) 5 nn.ll., 555 pp., 12 n.ll. (table). Eighteenth-century olive green moroccon broad gilt rule on covers, flat spine gilt, marbled and gilt edges.<\/p>\n","protected":false},"featured_media":79367,"comment_status":"open","ping_status":"closed","template":"","meta":{"_acf_changed":false},"product_brand":[],"product_cat":[544],"product_tag":[1243],"class_list":{"0":"post-79374","1":"product","2":"type-product","3":"status-publish","4":"has-post-thumbnail","6":"product_cat-literature","7":"product_tag-16th-century-literature","8":"pa_auteur-valentinien-theodose-pseud-de-nicolas-denisot-2","9":"pa_type-de-livre-printed-book","11":"first","12":"instock","13":"shipping-taxable","14":"purchasable","15":"product-type-simple"},"acf":{"artist":" Theodose [pseud. de Nicolas DENISOT] VALENTINIEN","chapeau":"","adresse_bibliographique":"Paris, Claude Micard, 1572","book_type":"Printed book","provenance":"","afficher_prix":""},"yoast_head":"<!-- This site is optimized with the Yoast SEO plugin v24.7 - https:\/\/yoast.com\/wordpress\/plugins\/seo\/ -->\n<title>VALENTINIEN Theodose [pseud. de Nicolas DENISOT] Histoire de l&#039;Amant resuscit\u00e9 de la mort d&#039;Amour. Compris en cinq livres. - Libairie Clavreuil<\/title>\n<meta name=\"robots\" content=\"index, follow, max-snippet:-1, max-image-preview:large, max-video-preview:-1\" \/>\n<link rel=\"canonical\" href=\"https:\/\/www.librairieclavreuil.com\/produit\/valentinien-theodose-pseud-de-nicolas-denisot-histoire-de-lamant-resuscite-de-la-mort-damour-compris-en-cinq-livres-2\/\" \/>\n<meta property=\"og:locale\" content=\"en_US\" \/>\n<meta property=\"og:type\" content=\"article\" \/>\n<meta property=\"og:title\" content=\"VALENTINIEN Theodose [pseud. de Nicolas DENISOT] Histoire de l&#039;Amant resuscit\u00e9 de la mort d&#039;Amour. Compris en cinq livres. - Libairie Clavreuil\" \/>\n<meta property=\"og:description\" content=\"16mo (107 x 72 mm) 5 nn.ll., 555 pp., 12 n.ll. (table). Eighteenth-century olive green moroccon broad gilt rule on covers, flat spine gilt, marbled and gilt edges.\" \/>\n<meta property=\"og:url\" content=\"https:\/\/www.librairieclavreuil.com\/produit\/valentinien-theodose-pseud-de-nicolas-denisot-histoire-de-lamant-resuscite-de-la-mort-damour-compris-en-cinq-livres-2\/\" \/>\n<meta property=\"og:site_name\" content=\"Libairie Clavreuil\" \/>\n<meta property=\"article:modified_time\" content=\"2024-07-09T15:16:54+00:00\" \/>\n<meta property=\"og:image\" content=\"https:\/\/www.librairieclavreuil.com\/wp-content\/uploads\/2024\/07\/theodose-pseud-de-nicolas-denisot-valentinien-histoire-de-l-amant-resuscite-de-la-mort-d-amour-compris-en-cinq-livres-8024-65969fc10b2aa-1.jpg\" \/>\n\t<meta property=\"og:image:width\" content=\"554\" \/>\n\t<meta property=\"og:image:height\" content=\"800\" \/>\n\t<meta property=\"og:image:type\" content=\"image\/jpeg\" \/>\n<meta name=\"twitter:card\" content=\"summary_large_image\" \/>\n<meta name=\"twitter:label1\" content=\"Est. reading time\" \/>\n\t<meta name=\"twitter:data1\" content=\"1 minute\" \/>\n<script type=\"application\/ld+json\" class=\"yoast-schema-graph\">{\"@context\":\"https:\/\/schema.org\",\"@graph\":[{\"@type\":\"WebPage\",\"@id\":\"https:\/\/www.librairieclavreuil.com\/produit\/valentinien-theodose-pseud-de-nicolas-denisot-histoire-de-lamant-resuscite-de-la-mort-damour-compris-en-cinq-livres-2\/\",\"url\":\"https:\/\/www.librairieclavreuil.com\/produit\/valentinien-theodose-pseud-de-nicolas-denisot-histoire-de-lamant-resuscite-de-la-mort-damour-compris-en-cinq-livres-2\/\",\"name\":\"VALENTINIEN Theodose [pseud. de Nicolas DENISOT] Histoire de l'Amant resuscit\u00e9 de la mort d'Amour. Compris en cinq livres. - Libairie Clavreuil\",\"isPartOf\":{\"@id\":\"https:\/\/www.librairieclavreuil.com\/#website\"},\"primaryImageOfPage\":{\"@id\":\"https:\/\/www.librairieclavreuil.com\/produit\/valentinien-theodose-pseud-de-nicolas-denisot-histoire-de-lamant-resuscite-de-la-mort-damour-compris-en-cinq-livres-2\/#primaryimage\"},\"image\":{\"@id\":\"https:\/\/www.librairieclavreuil.com\/produit\/valentinien-theodose-pseud-de-nicolas-denisot-histoire-de-lamant-resuscite-de-la-mort-damour-compris-en-cinq-livres-2\/#primaryimage\"},\"thumbnailUrl\":\"https:\/\/www.librairieclavreuil.com\/wp-content\/uploads\/2024\/07\/theodose-pseud-de-nicolas-denisot-valentinien-histoire-de-l-amant-resuscite-de-la-mort-d-amour-compris-en-cinq-livres-8024-65969fc10b2aa-1.jpg\",\"datePublished\":\"2024-07-09T15:16:44+00:00\",\"dateModified\":\"2024-07-09T15:16:54+00:00\",\"breadcrumb\":{\"@id\":\"https:\/\/www.librairieclavreuil.com\/produit\/valentinien-theodose-pseud-de-nicolas-denisot-histoire-de-lamant-resuscite-de-la-mort-damour-compris-en-cinq-livres-2\/#breadcrumb\"},\"inLanguage\":\"en-US\",\"potentialAction\":[{\"@type\":\"ReadAction\",\"target\":[\"https:\/\/www.librairieclavreuil.com\/produit\/valentinien-theodose-pseud-de-nicolas-denisot-histoire-de-lamant-resuscite-de-la-mort-damour-compris-en-cinq-livres-2\/\"]}]},{\"@type\":\"ImageObject\",\"inLanguage\":\"en-US\",\"@id\":\"https:\/\/www.librairieclavreuil.com\/produit\/valentinien-theodose-pseud-de-nicolas-denisot-histoire-de-lamant-resuscite-de-la-mort-damour-compris-en-cinq-livres-2\/#primaryimage\",\"url\":\"https:\/\/www.librairieclavreuil.com\/wp-content\/uploads\/2024\/07\/theodose-pseud-de-nicolas-denisot-valentinien-histoire-de-l-amant-resuscite-de-la-mort-d-amour-compris-en-cinq-livres-8024-65969fc10b2aa-1.jpg\",\"contentUrl\":\"https:\/\/www.librairieclavreuil.com\/wp-content\/uploads\/2024\/07\/theodose-pseud-de-nicolas-denisot-valentinien-histoire-de-l-amant-resuscite-de-la-mort-d-amour-compris-en-cinq-livres-8024-65969fc10b2aa-1.jpg\",\"width\":554,\"height\":800},{\"@type\":\"BreadcrumbList\",\"@id\":\"https:\/\/www.librairieclavreuil.com\/produit\/valentinien-theodose-pseud-de-nicolas-denisot-histoire-de-lamant-resuscite-de-la-mort-damour-compris-en-cinq-livres-2\/#breadcrumb\",\"itemListElement\":[{\"@type\":\"ListItem\",\"position\":1,\"name\":\"Accueil\",\"item\":\"https:\/\/www.librairieclavreuil.com\/\"},{\"@type\":\"ListItem\",\"position\":2,\"name\":\"All our books\",\"item\":\"https:\/\/www.librairieclavreuil.com\/en\/all-our-books\/\"},{\"@type\":\"ListItem\",\"position\":3,\"name\":\"VALENTINIEN Theodose [pseud. de Nicolas DENISOT] Histoire de...\"}]},{\"@type\":\"WebSite\",\"@id\":\"https:\/\/www.librairieclavreuil.com\/#website\",\"url\":\"https:\/\/www.librairieclavreuil.com\/\",\"name\":\"Libairie Clavreuil\",\"description\":\"Livres anciens, manuscrits rares et \u00e9ditions originales \u2013 Librairie Clavreuil\",\"publisher\":{\"@id\":\"https:\/\/www.librairieclavreuil.com\/#organization\"},\"potentialAction\":[{\"@type\":\"SearchAction\",\"target\":{\"@type\":\"EntryPoint\",\"urlTemplate\":\"https:\/\/www.librairieclavreuil.com\/?s={search_term_string}\"},\"query-input\":{\"@type\":\"PropertyValueSpecification\",\"valueRequired\":true,\"valueName\":\"search_term_string\"}}],\"inLanguage\":\"en-US\"},{\"@type\":\"Organization\",\"@id\":\"https:\/\/www.librairieclavreuil.com\/#organization\",\"name\":\"Libairie Clavreuil\",\"url\":\"https:\/\/www.librairieclavreuil.com\/\",\"logo\":{\"@type\":\"ImageObject\",\"inLanguage\":\"en-US\",\"@id\":\"https:\/\/www.librairieclavreuil.com\/#\/schema\/logo\/image\/\",\"url\":\"https:\/\/www.librairieclavreuil.com\/wp-content\/uploads\/2021\/06\/cropped-LOGO_PNG_DATE-_gold-512x512-1.png\",\"contentUrl\":\"https:\/\/www.librairieclavreuil.com\/wp-content\/uploads\/2021\/06\/cropped-LOGO_PNG_DATE-_gold-512x512-1.png\",\"width\":512,\"height\":512,\"caption\":\"Libairie Clavreuil\"},\"image\":{\"@id\":\"https:\/\/www.librairieclavreuil.com\/#\/schema\/logo\/image\/\"},\"sameAs\":[\"https:\/\/www.instagram.com\/librairieclavreuil\/\"]}]}<\/script>\n<!-- \/ Yoast SEO plugin. -->","yoast_head_json":{"title":"VALENTINIEN Theodose [pseud. de Nicolas DENISOT] Histoire de l'Amant resuscit\u00e9 de la mort d'Amour. Compris en cinq livres. - Libairie Clavreuil","robots":{"index":"index","follow":"follow","max-snippet":"max-snippet:-1","max-image-preview":"max-image-preview:large","max-video-preview":"max-video-preview:-1"},"canonical":"https:\/\/www.librairieclavreuil.com\/produit\/valentinien-theodose-pseud-de-nicolas-denisot-histoire-de-lamant-resuscite-de-la-mort-damour-compris-en-cinq-livres-2\/","og_locale":"en_US","og_type":"article","og_title":"VALENTINIEN Theodose [pseud. de Nicolas DENISOT] Histoire de l'Amant resuscit\u00e9 de la mort d'Amour. Compris en cinq livres. - Libairie Clavreuil","og_description":"16mo (107 x 72 mm) 5 nn.ll., 555 pp., 12 n.ll. (table). Eighteenth-century olive green moroccon broad gilt rule on covers, flat spine gilt, marbled and gilt edges.","og_url":"https:\/\/www.librairieclavreuil.com\/produit\/valentinien-theodose-pseud-de-nicolas-denisot-histoire-de-lamant-resuscite-de-la-mort-damour-compris-en-cinq-livres-2\/","og_site_name":"Libairie Clavreuil","article_modified_time":"2024-07-09T15:16:54+00:00","og_image":[{"width":554,"height":800,"url":"https:\/\/www.librairieclavreuil.com\/wp-content\/uploads\/2024\/07\/theodose-pseud-de-nicolas-denisot-valentinien-histoire-de-l-amant-resuscite-de-la-mort-d-amour-compris-en-cinq-livres-8024-65969fc10b2aa-1.jpg","type":"image\/jpeg"}],"twitter_card":"summary_large_image","twitter_misc":{"Est. reading time":"1 minute"},"schema":{"@context":"https:\/\/schema.org","@graph":[{"@type":"WebPage","@id":"https:\/\/www.librairieclavreuil.com\/produit\/valentinien-theodose-pseud-de-nicolas-denisot-histoire-de-lamant-resuscite-de-la-mort-damour-compris-en-cinq-livres-2\/","url":"https:\/\/www.librairieclavreuil.com\/produit\/valentinien-theodose-pseud-de-nicolas-denisot-histoire-de-lamant-resuscite-de-la-mort-damour-compris-en-cinq-livres-2\/","name":"VALENTINIEN Theodose [pseud. de Nicolas DENISOT] Histoire de l'Amant resuscit\u00e9 de la mort d'Amour. Compris en cinq livres. - Libairie Clavreuil","isPartOf":{"@id":"https:\/\/www.librairieclavreuil.com\/#website"},"primaryImageOfPage":{"@id":"https:\/\/www.librairieclavreuil.com\/produit\/valentinien-theodose-pseud-de-nicolas-denisot-histoire-de-lamant-resuscite-de-la-mort-damour-compris-en-cinq-livres-2\/#primaryimage"},"image":{"@id":"https:\/\/www.librairieclavreuil.com\/produit\/valentinien-theodose-pseud-de-nicolas-denisot-histoire-de-lamant-resuscite-de-la-mort-damour-compris-en-cinq-livres-2\/#primaryimage"},"thumbnailUrl":"https:\/\/www.librairieclavreuil.com\/wp-content\/uploads\/2024\/07\/theodose-pseud-de-nicolas-denisot-valentinien-histoire-de-l-amant-resuscite-de-la-mort-d-amour-compris-en-cinq-livres-8024-65969fc10b2aa-1.jpg","datePublished":"2024-07-09T15:16:44+00:00","dateModified":"2024-07-09T15:16:54+00:00","breadcrumb":{"@id":"https:\/\/www.librairieclavreuil.com\/produit\/valentinien-theodose-pseud-de-nicolas-denisot-histoire-de-lamant-resuscite-de-la-mort-damour-compris-en-cinq-livres-2\/#breadcrumb"},"inLanguage":"en-US","potentialAction":[{"@type":"ReadAction","target":["https:\/\/www.librairieclavreuil.com\/produit\/valentinien-theodose-pseud-de-nicolas-denisot-histoire-de-lamant-resuscite-de-la-mort-damour-compris-en-cinq-livres-2\/"]}]},{"@type":"ImageObject","inLanguage":"en-US","@id":"https:\/\/www.librairieclavreuil.com\/produit\/valentinien-theodose-pseud-de-nicolas-denisot-histoire-de-lamant-resuscite-de-la-mort-damour-compris-en-cinq-livres-2\/#primaryimage","url":"https:\/\/www.librairieclavreuil.com\/wp-content\/uploads\/2024\/07\/theodose-pseud-de-nicolas-denisot-valentinien-histoire-de-l-amant-resuscite-de-la-mort-d-amour-compris-en-cinq-livres-8024-65969fc10b2aa-1.jpg","contentUrl":"https:\/\/www.librairieclavreuil.com\/wp-content\/uploads\/2024\/07\/theodose-pseud-de-nicolas-denisot-valentinien-histoire-de-l-amant-resuscite-de-la-mort-d-amour-compris-en-cinq-livres-8024-65969fc10b2aa-1.jpg","width":554,"height":800},{"@type":"BreadcrumbList","@id":"https:\/\/www.librairieclavreuil.com\/produit\/valentinien-theodose-pseud-de-nicolas-denisot-histoire-de-lamant-resuscite-de-la-mort-damour-compris-en-cinq-livres-2\/#breadcrumb","itemListElement":[{"@type":"ListItem","position":1,"name":"Accueil","item":"https:\/\/www.librairieclavreuil.com\/"},{"@type":"ListItem","position":2,"name":"All our books","item":"https:\/\/www.librairieclavreuil.com\/en\/all-our-books\/"},{"@type":"ListItem","position":3,"name":"VALENTINIEN Theodose [pseud. de Nicolas DENISOT] Histoire de..."}]},{"@type":"WebSite","@id":"https:\/\/www.librairieclavreuil.com\/#website","url":"https:\/\/www.librairieclavreuil.com\/","name":"Libairie Clavreuil","description":"Livres anciens, manuscrits rares et \u00e9ditions originales \u2013 Librairie Clavreuil","publisher":{"@id":"https:\/\/www.librairieclavreuil.com\/#organization"},"potentialAction":[{"@type":"SearchAction","target":{"@type":"EntryPoint","urlTemplate":"https:\/\/www.librairieclavreuil.com\/?s={search_term_string}"},"query-input":{"@type":"PropertyValueSpecification","valueRequired":true,"valueName":"search_term_string"}}],"inLanguage":"en-US"},{"@type":"Organization","@id":"https:\/\/www.librairieclavreuil.com\/#organization","name":"Libairie Clavreuil","url":"https:\/\/www.librairieclavreuil.com\/","logo":{"@type":"ImageObject","inLanguage":"en-US","@id":"https:\/\/www.librairieclavreuil.com\/#\/schema\/logo\/image\/","url":"https:\/\/www.librairieclavreuil.com\/wp-content\/uploads\/2021\/06\/cropped-LOGO_PNG_DATE-_gold-512x512-1.png","contentUrl":"https:\/\/www.librairieclavreuil.com\/wp-content\/uploads\/2021\/06\/cropped-LOGO_PNG_DATE-_gold-512x512-1.png","width":512,"height":512,"caption":"Libairie Clavreuil"},"image":{"@id":"https:\/\/www.librairieclavreuil.com\/#\/schema\/logo\/image\/"},"sameAs":["https:\/\/www.instagram.com\/librairieclavreuil\/"]}]}},"jetpack_sharing_enabled":true,"_links":{"self":[{"href":"https:\/\/www.librairieclavreuil.com\/en\/wp-json\/wp\/v2\/product\/79374","targetHints":{"allow":["GET"]}}],"collection":[{"href":"https:\/\/www.librairieclavreuil.com\/en\/wp-json\/wp\/v2\/product"}],"about":[{"href":"https:\/\/www.librairieclavreuil.com\/en\/wp-json\/wp\/v2\/types\/product"}],"replies":[{"embeddable":true,"href":"https:\/\/www.librairieclavreuil.com\/en\/wp-json\/wp\/v2\/comments?post=79374"}],"wp:featuredmedia":[{"embeddable":true,"href":"https:\/\/www.librairieclavreuil.com\/en\/wp-json\/wp\/v2\/media\/79367"}],"wp:attachment":[{"href":"https:\/\/www.librairieclavreuil.com\/en\/wp-json\/wp\/v2\/media?parent=79374"}],"wp:term":[{"taxonomy":"product_brand","embeddable":true,"href":"https:\/\/www.librairieclavreuil.com\/en\/wp-json\/wp\/v2\/product_brand?post=79374"},{"taxonomy":"product_cat","embeddable":true,"href":"https:\/\/www.librairieclavreuil.com\/en\/wp-json\/wp\/v2\/product_cat?post=79374"},{"taxonomy":"product_tag","embeddable":true,"href":"https:\/\/www.librairieclavreuil.com\/en\/wp-json\/wp\/v2\/product_tag?post=79374"}],"curies":[{"name":"wp","href":"https:\/\/api.w.org\/{rel}","templated":true}]}}