{"id":79271,"date":"2024-07-08T17:38:32","date_gmt":"2024-07-08T15:38:32","guid":{"rendered":"https:\/\/www.librairieclavreuil.com\/desault-pierre-joseph-oeuvres-chirurgicales-ou-expose-de-la-doctrine-et-de-la-pratique-de-p-j-desault-par-xav-bichat-son-eleve\/"},"modified":"2024-07-08T17:38:50","modified_gmt":"2024-07-08T15:38:50","slug":"desault-pierre-joseph-oeuvres-chirurgicales-ou-expose-de-la-doctrine-et-de-la-pratique-de-p-j-desault-par-xav-bichat-son-eleve","status":"publish","type":"product","link":"https:\/\/www.librairieclavreuil.com\/en\/desault-pierre-joseph-oeuvres-chirurgicales-ou-expose-de-la-doctrine-et-de-la-pratique-de-p-j-desault-par-xav-bichat-son-eleve\/","title":{"rendered":"DESAULT Pierre Joseph Oeuvres Chirurgicales, ou expos\u00e9 de..."},"content":{"rendered":"<p style=\"text-align:justify\"><i>Garrison-Morton, 5580; Wellcome, II, 452; see Heirs of Hippocrates, 1053 (1803 edition) &amp; Waller, 2373.<\/i><\/p>\n<p>Third edition of volume III, revised and enlarged, given by Bichat, who had been Desault&#8217;s pupil. The first 2 volumes in second, revised edition.<\/p>\n<p>The great surgeon Pierre-Joseph Desault (1744-1795) was one of the first professors at the \u00c9cole Pratique de Chirurgie in Paris.<\/p>\n<p style=\"text-align:justify\">&#8220;He made many suggestions regarding the treatment of fractures and dislocations and is one of the founders of modern vascular surgery&#8221; (Garrison-Morton).<\/p>\n<p style=\"text-align:justify\">He was an innovator in the treatment of aneurysms (G.M., 2927), and was also one of the pioneers of urological surgery&nbsp;&#8220;and was one of the first to have a clear understanding of urological disease&#8221; (G.M., 4165.02).<\/p>\n<p style=\"text-align:justify\">The third volume, devoted to the latter subject, was expanded after Bichat&#8217;s death by Ph.J.Roux with various memoirs, including one on Avenbrugger&#8217;s method of percussion, entitled :&nbsp;<i>M\u00e9moire sur l&#8217;application compar\u00e9e de la Percussion de la poitrine et de la Pression abdominale, pour la connoisssance des maladies aigu\u00ebs et chroniques des organes de la poitrine.<\/i><\/p>\n<p style=\"text-align:justify\">Good copy albeit some foxing.<\/p>\n","protected":false},"excerpt":{"rendered":"<p>3 volumes, 8vo (195 x 123 mm) engraved portrait frontispiece, 1 nn.l, XVI, 444 pp., 2 engraved folding plates for volume I; XII, 592 pp., 8 engraved folding plates for volume II; XIV, 440 pp., 4 engraved folding plates for volume III.&nbsp; Contemporary half-calf, spine gilt with raised bands.<\/p>\n","protected":false},"featured_media":79264,"comment_status":"open","ping_status":"closed","template":"","meta":{"_acf_changed":false},"product_brand":[],"product_cat":[548],"product_tag":[1280],"class_list":{"0":"post-79271","1":"product","2":"type-product","3":"status-publish","4":"has-post-thumbnail","6":"product_cat-medicine","7":"product_tag-urology","8":"pa_auteur-desault-pierre-joseph-2","9":"pa_type-de-livre-printed-book","11":"first","12":"outofstock","13":"shipping-taxable","14":"purchasable","15":"product-type-simple"},"acf":{"artist":" Pierre Joseph DESAULT","chapeau":"","adresse_bibliographique":"Paris, M\u00e9quignon, 1801-1813","book_type":"Printed book","provenance":"","afficher_prix":""},"yoast_head":"<!-- This site is optimized with the Yoast SEO plugin v24.7 - https:\/\/yoast.com\/wordpress\/plugins\/seo\/ -->\n<title>DESAULT Pierre Joseph Oeuvres Chirurgicales, ou expos\u00e9 de la doctrine et de la pratique de P.J. Desault, par Xav. Bichat, Son El\u00e8ve. - Libairie Clavreuil<\/title>\n<meta name=\"robots\" content=\"index, follow, max-snippet:-1, max-image-preview:large, max-video-preview:-1\" \/>\n<link rel=\"canonical\" href=\"https:\/\/www.librairieclavreuil.com\/en\/desault-pierre-joseph-oeuvres-chirurgicales-ou-expose-de-la-doctrine-et-de-la-pratique-de-p-j-desault-par-xav-bichat-son-eleve\/\" \/>\n<meta property=\"og:locale\" content=\"en_US\" \/>\n<meta property=\"og:type\" content=\"article\" \/>\n<meta property=\"og:title\" content=\"DESAULT Pierre Joseph Oeuvres Chirurgicales, ou expos\u00e9 de la doctrine et de la pratique de P.J. Desault, par Xav. Bichat, Son El\u00e8ve. - Libairie Clavreuil\" \/>\n<meta property=\"og:description\" content=\"3 volumes, 8vo (195 x 123 mm) engraved portrait frontispiece, 1 nn.l, XVI, 444 pp., 2 engraved folding plates for volume I; XII, 592 pp., 8 engraved folding plates for volume II; XIV, 440 pp., 4 engraved folding plates for volume III.&nbsp; Contemporary half-calf, spine gilt with raised bands.\" \/>\n<meta property=\"og:url\" content=\"https:\/\/www.librairieclavreuil.com\/en\/desault-pierre-joseph-oeuvres-chirurgicales-ou-expose-de-la-doctrine-et-de-la-pratique-de-p-j-desault-par-xav-bichat-son-eleve\/\" \/>\n<meta property=\"og:site_name\" content=\"Libairie Clavreuil\" \/>\n<meta property=\"article:modified_time\" content=\"2024-07-08T15:38:50+00:00\" \/>\n<meta property=\"og:image\" content=\"https:\/\/www.librairieclavreuil.com\/wp-content\/uploads\/2024\/07\/pierre-joseph-desault-oeuvres-chirurgicales-ou-expose-de-la-doctrine-et-de-la-pratique-de-p-j-desault-par-xav-bichat-son-eleve-2072-65a959fd5500f.jpg\" \/>\n\t<meta property=\"og:image:width\" content=\"600\" \/>\n\t<meta property=\"og:image:height\" content=\"800\" \/>\n\t<meta property=\"og:image:type\" content=\"image\/jpeg\" \/>\n<meta name=\"twitter:card\" content=\"summary_large_image\" \/>\n<meta name=\"twitter:label1\" content=\"Est. reading time\" \/>\n\t<meta name=\"twitter:data1\" content=\"1 minute\" \/>\n<script type=\"application\/ld+json\" class=\"yoast-schema-graph\">{\"@context\":\"https:\/\/schema.org\",\"@graph\":[{\"@type\":\"WebPage\",\"@id\":\"https:\/\/www.librairieclavreuil.com\/en\/desault-pierre-joseph-oeuvres-chirurgicales-ou-expose-de-la-doctrine-et-de-la-pratique-de-p-j-desault-par-xav-bichat-son-eleve\/\",\"url\":\"https:\/\/www.librairieclavreuil.com\/en\/desault-pierre-joseph-oeuvres-chirurgicales-ou-expose-de-la-doctrine-et-de-la-pratique-de-p-j-desault-par-xav-bichat-son-eleve\/\",\"name\":\"DESAULT Pierre Joseph Oeuvres Chirurgicales, ou expos\u00e9 de la doctrine et de la pratique de P.J. Desault, par Xav. Bichat, Son El\u00e8ve. - Libairie Clavreuil\",\"isPartOf\":{\"@id\":\"https:\/\/www.librairieclavreuil.com\/#website\"},\"primaryImageOfPage\":{\"@id\":\"https:\/\/www.librairieclavreuil.com\/en\/desault-pierre-joseph-oeuvres-chirurgicales-ou-expose-de-la-doctrine-et-de-la-pratique-de-p-j-desault-par-xav-bichat-son-eleve\/#primaryimage\"},\"image\":{\"@id\":\"https:\/\/www.librairieclavreuil.com\/en\/desault-pierre-joseph-oeuvres-chirurgicales-ou-expose-de-la-doctrine-et-de-la-pratique-de-p-j-desault-par-xav-bichat-son-eleve\/#primaryimage\"},\"thumbnailUrl\":\"https:\/\/www.librairieclavreuil.com\/wp-content\/uploads\/2024\/07\/pierre-joseph-desault-oeuvres-chirurgicales-ou-expose-de-la-doctrine-et-de-la-pratique-de-p-j-desault-par-xav-bichat-son-eleve-2072-65a959fd5500f.jpg\",\"datePublished\":\"2024-07-08T15:38:32+00:00\",\"dateModified\":\"2024-07-08T15:38:50+00:00\",\"breadcrumb\":{\"@id\":\"https:\/\/www.librairieclavreuil.com\/en\/desault-pierre-joseph-oeuvres-chirurgicales-ou-expose-de-la-doctrine-et-de-la-pratique-de-p-j-desault-par-xav-bichat-son-eleve\/#breadcrumb\"},\"inLanguage\":\"en-US\",\"potentialAction\":[{\"@type\":\"ReadAction\",\"target\":[\"https:\/\/www.librairieclavreuil.com\/en\/desault-pierre-joseph-oeuvres-chirurgicales-ou-expose-de-la-doctrine-et-de-la-pratique-de-p-j-desault-par-xav-bichat-son-eleve\/\"]}]},{\"@type\":\"ImageObject\",\"inLanguage\":\"en-US\",\"@id\":\"https:\/\/www.librairieclavreuil.com\/en\/desault-pierre-joseph-oeuvres-chirurgicales-ou-expose-de-la-doctrine-et-de-la-pratique-de-p-j-desault-par-xav-bichat-son-eleve\/#primaryimage\",\"url\":\"https:\/\/www.librairieclavreuil.com\/wp-content\/uploads\/2024\/07\/pierre-joseph-desault-oeuvres-chirurgicales-ou-expose-de-la-doctrine-et-de-la-pratique-de-p-j-desault-par-xav-bichat-son-eleve-2072-65a959fd5500f.jpg\",\"contentUrl\":\"https:\/\/www.librairieclavreuil.com\/wp-content\/uploads\/2024\/07\/pierre-joseph-desault-oeuvres-chirurgicales-ou-expose-de-la-doctrine-et-de-la-pratique-de-p-j-desault-par-xav-bichat-son-eleve-2072-65a959fd5500f.jpg\",\"width\":600,\"height\":800},{\"@type\":\"BreadcrumbList\",\"@id\":\"https:\/\/www.librairieclavreuil.com\/en\/desault-pierre-joseph-oeuvres-chirurgicales-ou-expose-de-la-doctrine-et-de-la-pratique-de-p-j-desault-par-xav-bichat-son-eleve\/#breadcrumb\",\"itemListElement\":[{\"@type\":\"ListItem\",\"position\":1,\"name\":\"Accueil\",\"item\":\"https:\/\/www.librairieclavreuil.com\/\"},{\"@type\":\"ListItem\",\"position\":2,\"name\":\"All our books\",\"item\":\"https:\/\/www.librairieclavreuil.com\/en\/all-our-books\/\"},{\"@type\":\"ListItem\",\"position\":3,\"name\":\"DESAULT Pierre Joseph Oeuvres Chirurgicales, ou expos\u00e9 de la doctrine et de la pratique de P.J. Desault, par Xav. Bichat, Son El\u00e8ve.\"}]},{\"@type\":\"WebSite\",\"@id\":\"https:\/\/www.librairieclavreuil.com\/#website\",\"url\":\"https:\/\/www.librairieclavreuil.com\/\",\"name\":\"Libairie Clavreuil\",\"description\":\"Livres anciens, manuscrits rares et \u00e9ditions originales \u2013 Librairie Clavreuil\",\"publisher\":{\"@id\":\"https:\/\/www.librairieclavreuil.com\/#organization\"},\"potentialAction\":[{\"@type\":\"SearchAction\",\"target\":{\"@type\":\"EntryPoint\",\"urlTemplate\":\"https:\/\/www.librairieclavreuil.com\/?s={search_term_string}\"},\"query-input\":{\"@type\":\"PropertyValueSpecification\",\"valueRequired\":true,\"valueName\":\"search_term_string\"}}],\"inLanguage\":\"en-US\"},{\"@type\":\"Organization\",\"@id\":\"https:\/\/www.librairieclavreuil.com\/#organization\",\"name\":\"Libairie Clavreuil\",\"url\":\"https:\/\/www.librairieclavreuil.com\/\",\"logo\":{\"@type\":\"ImageObject\",\"inLanguage\":\"en-US\",\"@id\":\"https:\/\/www.librairieclavreuil.com\/#\/schema\/logo\/image\/\",\"url\":\"https:\/\/www.librairieclavreuil.com\/wp-content\/uploads\/2021\/06\/cropped-LOGO_PNG_DATE-_gold-512x512-1.png\",\"contentUrl\":\"https:\/\/www.librairieclavreuil.com\/wp-content\/uploads\/2021\/06\/cropped-LOGO_PNG_DATE-_gold-512x512-1.png\",\"width\":512,\"height\":512,\"caption\":\"Libairie Clavreuil\"},\"image\":{\"@id\":\"https:\/\/www.librairieclavreuil.com\/#\/schema\/logo\/image\/\"},\"sameAs\":[\"https:\/\/www.instagram.com\/librairieclavreuil\/\"]}]}<\/script>\n<!-- \/ Yoast SEO plugin. -->","yoast_head_json":{"title":"DESAULT Pierre Joseph Oeuvres Chirurgicales, ou expos\u00e9 de la doctrine et de la pratique de P.J. Desault, par Xav. Bichat, Son El\u00e8ve. - Libairie Clavreuil","robots":{"index":"index","follow":"follow","max-snippet":"max-snippet:-1","max-image-preview":"max-image-preview:large","max-video-preview":"max-video-preview:-1"},"canonical":"https:\/\/www.librairieclavreuil.com\/en\/desault-pierre-joseph-oeuvres-chirurgicales-ou-expose-de-la-doctrine-et-de-la-pratique-de-p-j-desault-par-xav-bichat-son-eleve\/","og_locale":"en_US","og_type":"article","og_title":"DESAULT Pierre Joseph Oeuvres Chirurgicales, ou expos\u00e9 de la doctrine et de la pratique de P.J. Desault, par Xav. Bichat, Son El\u00e8ve. - Libairie Clavreuil","og_description":"3 volumes, 8vo (195 x 123 mm) engraved portrait frontispiece, 1 nn.l, XVI, 444 pp., 2 engraved folding plates for volume I; XII, 592 pp., 8 engraved folding plates for volume II; XIV, 440 pp., 4 engraved folding plates for volume III.&nbsp; Contemporary half-calf, spine gilt with raised bands.","og_url":"https:\/\/www.librairieclavreuil.com\/en\/desault-pierre-joseph-oeuvres-chirurgicales-ou-expose-de-la-doctrine-et-de-la-pratique-de-p-j-desault-par-xav-bichat-son-eleve\/","og_site_name":"Libairie Clavreuil","article_modified_time":"2024-07-08T15:38:50+00:00","og_image":[{"width":600,"height":800,"url":"https:\/\/www.librairieclavreuil.com\/wp-content\/uploads\/2024\/07\/pierre-joseph-desault-oeuvres-chirurgicales-ou-expose-de-la-doctrine-et-de-la-pratique-de-p-j-desault-par-xav-bichat-son-eleve-2072-65a959fd5500f.jpg","type":"image\/jpeg"}],"twitter_card":"summary_large_image","twitter_misc":{"Est. reading time":"1 minute"},"schema":{"@context":"https:\/\/schema.org","@graph":[{"@type":"WebPage","@id":"https:\/\/www.librairieclavreuil.com\/en\/desault-pierre-joseph-oeuvres-chirurgicales-ou-expose-de-la-doctrine-et-de-la-pratique-de-p-j-desault-par-xav-bichat-son-eleve\/","url":"https:\/\/www.librairieclavreuil.com\/en\/desault-pierre-joseph-oeuvres-chirurgicales-ou-expose-de-la-doctrine-et-de-la-pratique-de-p-j-desault-par-xav-bichat-son-eleve\/","name":"DESAULT Pierre Joseph Oeuvres Chirurgicales, ou expos\u00e9 de la doctrine et de la pratique de P.J. Desault, par Xav. Bichat, Son El\u00e8ve. - Libairie Clavreuil","isPartOf":{"@id":"https:\/\/www.librairieclavreuil.com\/#website"},"primaryImageOfPage":{"@id":"https:\/\/www.librairieclavreuil.com\/en\/desault-pierre-joseph-oeuvres-chirurgicales-ou-expose-de-la-doctrine-et-de-la-pratique-de-p-j-desault-par-xav-bichat-son-eleve\/#primaryimage"},"image":{"@id":"https:\/\/www.librairieclavreuil.com\/en\/desault-pierre-joseph-oeuvres-chirurgicales-ou-expose-de-la-doctrine-et-de-la-pratique-de-p-j-desault-par-xav-bichat-son-eleve\/#primaryimage"},"thumbnailUrl":"https:\/\/www.librairieclavreuil.com\/wp-content\/uploads\/2024\/07\/pierre-joseph-desault-oeuvres-chirurgicales-ou-expose-de-la-doctrine-et-de-la-pratique-de-p-j-desault-par-xav-bichat-son-eleve-2072-65a959fd5500f.jpg","datePublished":"2024-07-08T15:38:32+00:00","dateModified":"2024-07-08T15:38:50+00:00","breadcrumb":{"@id":"https:\/\/www.librairieclavreuil.com\/en\/desault-pierre-joseph-oeuvres-chirurgicales-ou-expose-de-la-doctrine-et-de-la-pratique-de-p-j-desault-par-xav-bichat-son-eleve\/#breadcrumb"},"inLanguage":"en-US","potentialAction":[{"@type":"ReadAction","target":["https:\/\/www.librairieclavreuil.com\/en\/desault-pierre-joseph-oeuvres-chirurgicales-ou-expose-de-la-doctrine-et-de-la-pratique-de-p-j-desault-par-xav-bichat-son-eleve\/"]}]},{"@type":"ImageObject","inLanguage":"en-US","@id":"https:\/\/www.librairieclavreuil.com\/en\/desault-pierre-joseph-oeuvres-chirurgicales-ou-expose-de-la-doctrine-et-de-la-pratique-de-p-j-desault-par-xav-bichat-son-eleve\/#primaryimage","url":"https:\/\/www.librairieclavreuil.com\/wp-content\/uploads\/2024\/07\/pierre-joseph-desault-oeuvres-chirurgicales-ou-expose-de-la-doctrine-et-de-la-pratique-de-p-j-desault-par-xav-bichat-son-eleve-2072-65a959fd5500f.jpg","contentUrl":"https:\/\/www.librairieclavreuil.com\/wp-content\/uploads\/2024\/07\/pierre-joseph-desault-oeuvres-chirurgicales-ou-expose-de-la-doctrine-et-de-la-pratique-de-p-j-desault-par-xav-bichat-son-eleve-2072-65a959fd5500f.jpg","width":600,"height":800},{"@type":"BreadcrumbList","@id":"https:\/\/www.librairieclavreuil.com\/en\/desault-pierre-joseph-oeuvres-chirurgicales-ou-expose-de-la-doctrine-et-de-la-pratique-de-p-j-desault-par-xav-bichat-son-eleve\/#breadcrumb","itemListElement":[{"@type":"ListItem","position":1,"name":"Accueil","item":"https:\/\/www.librairieclavreuil.com\/"},{"@type":"ListItem","position":2,"name":"All our books","item":"https:\/\/www.librairieclavreuil.com\/en\/all-our-books\/"},{"@type":"ListItem","position":3,"name":"DESAULT Pierre Joseph Oeuvres Chirurgicales, ou expos\u00e9 de la doctrine et de la pratique de P.J. Desault, par Xav. Bichat, Son El\u00e8ve."}]},{"@type":"WebSite","@id":"https:\/\/www.librairieclavreuil.com\/#website","url":"https:\/\/www.librairieclavreuil.com\/","name":"Libairie Clavreuil","description":"Livres anciens, manuscrits rares et \u00e9ditions originales \u2013 Librairie Clavreuil","publisher":{"@id":"https:\/\/www.librairieclavreuil.com\/#organization"},"potentialAction":[{"@type":"SearchAction","target":{"@type":"EntryPoint","urlTemplate":"https:\/\/www.librairieclavreuil.com\/?s={search_term_string}"},"query-input":{"@type":"PropertyValueSpecification","valueRequired":true,"valueName":"search_term_string"}}],"inLanguage":"en-US"},{"@type":"Organization","@id":"https:\/\/www.librairieclavreuil.com\/#organization","name":"Libairie Clavreuil","url":"https:\/\/www.librairieclavreuil.com\/","logo":{"@type":"ImageObject","inLanguage":"en-US","@id":"https:\/\/www.librairieclavreuil.com\/#\/schema\/logo\/image\/","url":"https:\/\/www.librairieclavreuil.com\/wp-content\/uploads\/2021\/06\/cropped-LOGO_PNG_DATE-_gold-512x512-1.png","contentUrl":"https:\/\/www.librairieclavreuil.com\/wp-content\/uploads\/2021\/06\/cropped-LOGO_PNG_DATE-_gold-512x512-1.png","width":512,"height":512,"caption":"Libairie Clavreuil"},"image":{"@id":"https:\/\/www.librairieclavreuil.com\/#\/schema\/logo\/image\/"},"sameAs":["https:\/\/www.instagram.com\/librairieclavreuil\/"]}]}},"jetpack_sharing_enabled":true,"_links":{"self":[{"href":"https:\/\/www.librairieclavreuil.com\/en\/wp-json\/wp\/v2\/product\/79271","targetHints":{"allow":["GET"]}}],"collection":[{"href":"https:\/\/www.librairieclavreuil.com\/en\/wp-json\/wp\/v2\/product"}],"about":[{"href":"https:\/\/www.librairieclavreuil.com\/en\/wp-json\/wp\/v2\/types\/product"}],"replies":[{"embeddable":true,"href":"https:\/\/www.librairieclavreuil.com\/en\/wp-json\/wp\/v2\/comments?post=79271"}],"wp:featuredmedia":[{"embeddable":true,"href":"https:\/\/www.librairieclavreuil.com\/en\/wp-json\/wp\/v2\/media\/79264"}],"wp:attachment":[{"href":"https:\/\/www.librairieclavreuil.com\/en\/wp-json\/wp\/v2\/media?parent=79271"}],"wp:term":[{"taxonomy":"product_brand","embeddable":true,"href":"https:\/\/www.librairieclavreuil.com\/en\/wp-json\/wp\/v2\/product_brand?post=79271"},{"taxonomy":"product_cat","embeddable":true,"href":"https:\/\/www.librairieclavreuil.com\/en\/wp-json\/wp\/v2\/product_cat?post=79271"},{"taxonomy":"product_tag","embeddable":true,"href":"https:\/\/www.librairieclavreuil.com\/en\/wp-json\/wp\/v2\/product_tag?post=79271"}],"curies":[{"name":"wp","href":"https:\/\/api.w.org\/{rel}","templated":true}]}}