{"id":79251,"date":"2024-07-08T13:12:17","date_gmt":"2024-07-08T11:12:17","guid":{"rendered":"https:\/\/www.librairieclavreuil.com\/salnove-robert-de-la-venerie-royale-divisee-en-iv-parties-qui-contiennent-les-chasses-du-cerf-du-lievre-du-chevreuil-du-sanglier-du-loup-du-renard-avec-le-denombrement-des-forests\/"},"modified":"2024-07-08T13:12:32","modified_gmt":"2024-07-08T11:12:32","slug":"salnove-robert-de-la-venerie-royale-divisee-en-iv-parties-qui-contiennent-les-chasses-du-cerf-du-lievre-du-chevreuil-du-sanglier-du-loup-du-renard-avec-le-denombrement-des-forests","status":"publish","type":"product","link":"https:\/\/www.librairieclavreuil.com\/en\/salnove-robert-de-la-venerie-royale-divisee-en-iv-parties-qui-contiennent-les-chasses-du-cerf-du-lievre-du-chevreuil-du-sanglier-du-loup-du-renard-avec-le-denombrement-des-forests\/","title":{"rendered":"SALNOVE Robert de La V\u00e9nerie Royale divis\u00e9e en..."},"content":{"rendered":"<p style=\"text-align:justify\"><i>Thi\u00e9baud, 824; Schwerdt, 144.<\/i><\/p>\n<p style=\"text-align:justify\">Second edition.<\/p>\n<p style=\"text-align:justify\">&#8220;Cette seconde \u00e9dition est (&#8230;) la r\u00e9impression exacte de l&#8217;\u00e9dition de 1655 ; elle est toutefois mieux imprim\u00e9e que la premi\u00e8re, sur meilleur papier et d&#8217;un format un peu plus grand&#8221; (Thi\u00e9baud).<\/p>\n<p style=\"text-align:justify\">The work was meant to replace Jacques du Fouilloux&#8217;s V\u00e9n\u00e9rie, which from that date onwards would not be reissued in France.<\/p>\n<p style=\"text-align:justify\">&#8220;This book is considered to be one of the French classics of the 17th century, and made a great reputation for Salnove. The author was a soldier, courtier and a distinguished sportsman. The first three chapters are devoted to Royal Chase of the stag, roebuck, wolf, bear and fox. Staghunting takes up half of the book. The fourth part contains a review of the royal forests with indications of the best places for the distribution of &#8216;relays of hounds&#8217;, and notes on other local conditions conducive to success&#8221; (Schwerdt, for the 1655 edition).<\/p>\n<p style=\"text-align:justify\">Fine copy, some expert restorations to the binding.<\/p>\n","protected":false},"excerpt":{"rendered":"<p style=\"text-align:justify\">4to (233 x 175 mm) 14 nn.ll. including engraved frontispiece, 437 pp. with 2 nn.ll. ff. bound between pages 168-169, 4 nn.ll., 38 pp. for the hunter&#8217;s dictionary. Contemporary calf, spine gilt with raised bands.<\/p>\n","protected":false},"featured_media":79244,"comment_status":"open","ping_status":"closed","template":"","meta":{"_acf_changed":false},"product_brand":[],"product_cat":[534],"product_tag":[566],"class_list":{"0":"post-79251","1":"product","2":"type-product","3":"status-publish","4":"has-post-thumbnail","6":"product_cat-hunting","7":"product_tag-hunting","8":"pa_auteur-salnove-robert-de-2","9":"pa_type-de-livre-printed-book","11":"first","12":"instock","13":"shipping-taxable","14":"purchasable","15":"product-type-simple"},"acf":{"artist":" Robert de SALNOVE","chapeau":"","adresse_bibliographique":"Paris, Antoine de Sommaville, 1665","book_type":"Printed book","provenance":"","afficher_prix":""},"yoast_head":"<!-- This site is optimized with the Yoast SEO plugin v24.7 - https:\/\/yoast.com\/wordpress\/plugins\/seo\/ -->\n<title>SALNOVE Robert de La V\u00e9nerie Royale divis\u00e9e en IV. parties, qui contiennent les Chasses du Cerf, du Li\u00e8vre, du Chevre\u00fcil, du Sanglier, du Loup, &amp; du Renard. Avec le denombrement des forests &amp; grands buissons de France, o\u00f9 se doivent placer les logemens, questes, &amp; relais pour y chasser. - Libairie Clavreuil<\/title>\n<meta name=\"robots\" content=\"index, follow, max-snippet:-1, max-image-preview:large, max-video-preview:-1\" \/>\n<link rel=\"canonical\" href=\"https:\/\/www.librairieclavreuil.com\/en\/salnove-robert-de-la-venerie-royale-divisee-en-iv-parties-qui-contiennent-les-chasses-du-cerf-du-lievre-du-chevreuil-du-sanglier-du-loup-du-renard-avec-le-denombrement-des-forests\/\" \/>\n<meta property=\"og:locale\" content=\"en_US\" \/>\n<meta property=\"og:type\" content=\"article\" \/>\n<meta property=\"og:title\" content=\"SALNOVE Robert de La V\u00e9nerie Royale divis\u00e9e en IV. parties, qui contiennent les Chasses du Cerf, du Li\u00e8vre, du Chevre\u00fcil, du Sanglier, du Loup, &amp; du Renard. Avec le denombrement des forests &amp; grands buissons de France, o\u00f9 se doivent placer les logemens, questes, &amp; relais pour y chasser. - Libairie Clavreuil\" \/>\n<meta property=\"og:description\" content=\"4to (233 x 175 mm) 14 nn.ll. including engraved frontispiece, 437 pp. with 2 nn.ll. ff. bound between pages 168-169, 4 nn.ll., 38 pp. for the hunter&#039;s dictionary. Contemporary calf, spine gilt with raised bands.\" \/>\n<meta property=\"og:url\" content=\"https:\/\/www.librairieclavreuil.com\/en\/salnove-robert-de-la-venerie-royale-divisee-en-iv-parties-qui-contiennent-les-chasses-du-cerf-du-lievre-du-chevreuil-du-sanglier-du-loup-du-renard-avec-le-denombrement-des-forests\/\" \/>\n<meta property=\"og:site_name\" content=\"Libairie Clavreuil\" \/>\n<meta property=\"article:modified_time\" content=\"2024-07-08T11:12:32+00:00\" \/>\n<meta property=\"og:image\" content=\"https:\/\/www.librairieclavreuil.com\/wp-content\/uploads\/2024\/07\/robert-de-salnove-la-venerie-royale-divisee-en-iv-parties-qui-contiennent-les-chasses-du-cerf-du-lievre-du-chevreueil-du-sanglier-du-loup-du-renard-av.jpg\" \/>\n\t<meta property=\"og:image:width\" content=\"593\" \/>\n\t<meta property=\"og:image:height\" content=\"800\" \/>\n\t<meta property=\"og:image:type\" content=\"image\/jpeg\" \/>\n<meta name=\"twitter:card\" content=\"summary_large_image\" \/>\n<meta name=\"twitter:label1\" content=\"Est. reading time\" \/>\n\t<meta name=\"twitter:data1\" content=\"1 minute\" \/>\n<script type=\"application\/ld+json\" class=\"yoast-schema-graph\">{\"@context\":\"https:\/\/schema.org\",\"@graph\":[{\"@type\":\"WebPage\",\"@id\":\"https:\/\/www.librairieclavreuil.com\/en\/salnove-robert-de-la-venerie-royale-divisee-en-iv-parties-qui-contiennent-les-chasses-du-cerf-du-lievre-du-chevreuil-du-sanglier-du-loup-du-renard-avec-le-denombrement-des-forests\/\",\"url\":\"https:\/\/www.librairieclavreuil.com\/en\/salnove-robert-de-la-venerie-royale-divisee-en-iv-parties-qui-contiennent-les-chasses-du-cerf-du-lievre-du-chevreuil-du-sanglier-du-loup-du-renard-avec-le-denombrement-des-forests\/\",\"name\":\"SALNOVE Robert de La V\u00e9nerie Royale divis\u00e9e en IV. parties, qui contiennent les Chasses du Cerf, du Li\u00e8vre, du Chevre\u00fcil, du Sanglier, du Loup, &amp; du Renard. Avec le denombrement des forests &amp; grands buissons de France, o\u00f9 se doivent placer les logemens, questes, &amp; relais pour y chasser. - Libairie Clavreuil\",\"isPartOf\":{\"@id\":\"https:\/\/www.librairieclavreuil.com\/#website\"},\"primaryImageOfPage\":{\"@id\":\"https:\/\/www.librairieclavreuil.com\/en\/salnove-robert-de-la-venerie-royale-divisee-en-iv-parties-qui-contiennent-les-chasses-du-cerf-du-lievre-du-chevreuil-du-sanglier-du-loup-du-renard-avec-le-denombrement-des-forests\/#primaryimage\"},\"image\":{\"@id\":\"https:\/\/www.librairieclavreuil.com\/en\/salnove-robert-de-la-venerie-royale-divisee-en-iv-parties-qui-contiennent-les-chasses-du-cerf-du-lievre-du-chevreuil-du-sanglier-du-loup-du-renard-avec-le-denombrement-des-forests\/#primaryimage\"},\"thumbnailUrl\":\"https:\/\/www.librairieclavreuil.com\/wp-content\/uploads\/2024\/07\/robert-de-salnove-la-venerie-royale-divisee-en-iv-parties-qui-contiennent-les-chasses-du-cerf-du-lievre-du-chevreueil-du-sanglier-du-loup-du-renard-av.jpg\",\"datePublished\":\"2024-07-08T11:12:17+00:00\",\"dateModified\":\"2024-07-08T11:12:32+00:00\",\"breadcrumb\":{\"@id\":\"https:\/\/www.librairieclavreuil.com\/en\/salnove-robert-de-la-venerie-royale-divisee-en-iv-parties-qui-contiennent-les-chasses-du-cerf-du-lievre-du-chevreuil-du-sanglier-du-loup-du-renard-avec-le-denombrement-des-forests\/#breadcrumb\"},\"inLanguage\":\"en-US\",\"potentialAction\":[{\"@type\":\"ReadAction\",\"target\":[\"https:\/\/www.librairieclavreuil.com\/en\/salnove-robert-de-la-venerie-royale-divisee-en-iv-parties-qui-contiennent-les-chasses-du-cerf-du-lievre-du-chevreuil-du-sanglier-du-loup-du-renard-avec-le-denombrement-des-forests\/\"]}]},{\"@type\":\"ImageObject\",\"inLanguage\":\"en-US\",\"@id\":\"https:\/\/www.librairieclavreuil.com\/en\/salnove-robert-de-la-venerie-royale-divisee-en-iv-parties-qui-contiennent-les-chasses-du-cerf-du-lievre-du-chevreuil-du-sanglier-du-loup-du-renard-avec-le-denombrement-des-forests\/#primaryimage\",\"url\":\"https:\/\/www.librairieclavreuil.com\/wp-content\/uploads\/2024\/07\/robert-de-salnove-la-venerie-royale-divisee-en-iv-parties-qui-contiennent-les-chasses-du-cerf-du-lievre-du-chevreueil-du-sanglier-du-loup-du-renard-av.jpg\",\"contentUrl\":\"https:\/\/www.librairieclavreuil.com\/wp-content\/uploads\/2024\/07\/robert-de-salnove-la-venerie-royale-divisee-en-iv-parties-qui-contiennent-les-chasses-du-cerf-du-lievre-du-chevreueil-du-sanglier-du-loup-du-renard-av.jpg\",\"width\":593,\"height\":800},{\"@type\":\"BreadcrumbList\",\"@id\":\"https:\/\/www.librairieclavreuil.com\/en\/salnove-robert-de-la-venerie-royale-divisee-en-iv-parties-qui-contiennent-les-chasses-du-cerf-du-lievre-du-chevreuil-du-sanglier-du-loup-du-renard-avec-le-denombrement-des-forests\/#breadcrumb\",\"itemListElement\":[{\"@type\":\"ListItem\",\"position\":1,\"name\":\"Accueil\",\"item\":\"https:\/\/www.librairieclavreuil.com\/\"},{\"@type\":\"ListItem\",\"position\":2,\"name\":\"All our books\",\"item\":\"https:\/\/www.librairieclavreuil.com\/en\/all-our-books\/\"},{\"@type\":\"ListItem\",\"position\":3,\"name\":\"SALNOVE Robert de La V\u00e9nerie Royale divis\u00e9e en IV. parties, qui contiennent les Chasses du Cerf, du Li\u00e8vre, du Chevre\u00fcil, du Sanglier, du Loup, &amp; du Renard. Avec le denombrement des forests &amp; grands buissons de France, o\u00f9 se doivent placer les logemens, questes, &amp; relais pour y chasser.\"}]},{\"@type\":\"WebSite\",\"@id\":\"https:\/\/www.librairieclavreuil.com\/#website\",\"url\":\"https:\/\/www.librairieclavreuil.com\/\",\"name\":\"Libairie Clavreuil\",\"description\":\"Livres anciens, manuscrits rares et \u00e9ditions originales \u2013 Librairie Clavreuil\",\"publisher\":{\"@id\":\"https:\/\/www.librairieclavreuil.com\/#organization\"},\"potentialAction\":[{\"@type\":\"SearchAction\",\"target\":{\"@type\":\"EntryPoint\",\"urlTemplate\":\"https:\/\/www.librairieclavreuil.com\/?s={search_term_string}\"},\"query-input\":{\"@type\":\"PropertyValueSpecification\",\"valueRequired\":true,\"valueName\":\"search_term_string\"}}],\"inLanguage\":\"en-US\"},{\"@type\":\"Organization\",\"@id\":\"https:\/\/www.librairieclavreuil.com\/#organization\",\"name\":\"Libairie Clavreuil\",\"url\":\"https:\/\/www.librairieclavreuil.com\/\",\"logo\":{\"@type\":\"ImageObject\",\"inLanguage\":\"en-US\",\"@id\":\"https:\/\/www.librairieclavreuil.com\/#\/schema\/logo\/image\/\",\"url\":\"https:\/\/www.librairieclavreuil.com\/wp-content\/uploads\/2021\/06\/cropped-LOGO_PNG_DATE-_gold-512x512-1.png\",\"contentUrl\":\"https:\/\/www.librairieclavreuil.com\/wp-content\/uploads\/2021\/06\/cropped-LOGO_PNG_DATE-_gold-512x512-1.png\",\"width\":512,\"height\":512,\"caption\":\"Libairie Clavreuil\"},\"image\":{\"@id\":\"https:\/\/www.librairieclavreuil.com\/#\/schema\/logo\/image\/\"},\"sameAs\":[\"https:\/\/www.instagram.com\/librairieclavreuil\/\"]}]}<\/script>\n<!-- \/ Yoast SEO plugin. -->","yoast_head_json":{"title":"SALNOVE Robert de La V\u00e9nerie Royale divis\u00e9e en IV. parties, qui contiennent les Chasses du Cerf, du Li\u00e8vre, du Chevre\u00fcil, du Sanglier, du Loup, &amp; du Renard. Avec le denombrement des forests &amp; grands buissons de France, o\u00f9 se doivent placer les logemens, questes, &amp; relais pour y chasser. - Libairie Clavreuil","robots":{"index":"index","follow":"follow","max-snippet":"max-snippet:-1","max-image-preview":"max-image-preview:large","max-video-preview":"max-video-preview:-1"},"canonical":"https:\/\/www.librairieclavreuil.com\/en\/salnove-robert-de-la-venerie-royale-divisee-en-iv-parties-qui-contiennent-les-chasses-du-cerf-du-lievre-du-chevreuil-du-sanglier-du-loup-du-renard-avec-le-denombrement-des-forests\/","og_locale":"en_US","og_type":"article","og_title":"SALNOVE Robert de La V\u00e9nerie Royale divis\u00e9e en IV. parties, qui contiennent les Chasses du Cerf, du Li\u00e8vre, du Chevre\u00fcil, du Sanglier, du Loup, &amp; du Renard. Avec le denombrement des forests &amp; grands buissons de France, o\u00f9 se doivent placer les logemens, questes, &amp; relais pour y chasser. - Libairie Clavreuil","og_description":"4to (233 x 175 mm) 14 nn.ll. including engraved frontispiece, 437 pp. with 2 nn.ll. ff. bound between pages 168-169, 4 nn.ll., 38 pp. for the hunter's dictionary. Contemporary calf, spine gilt with raised bands.","og_url":"https:\/\/www.librairieclavreuil.com\/en\/salnove-robert-de-la-venerie-royale-divisee-en-iv-parties-qui-contiennent-les-chasses-du-cerf-du-lievre-du-chevreuil-du-sanglier-du-loup-du-renard-avec-le-denombrement-des-forests\/","og_site_name":"Libairie Clavreuil","article_modified_time":"2024-07-08T11:12:32+00:00","og_image":[{"width":593,"height":800,"url":"https:\/\/www.librairieclavreuil.com\/wp-content\/uploads\/2024\/07\/robert-de-salnove-la-venerie-royale-divisee-en-iv-parties-qui-contiennent-les-chasses-du-cerf-du-lievre-du-chevreueil-du-sanglier-du-loup-du-renard-av.jpg","type":"image\/jpeg"}],"twitter_card":"summary_large_image","twitter_misc":{"Est. reading time":"1 minute"},"schema":{"@context":"https:\/\/schema.org","@graph":[{"@type":"WebPage","@id":"https:\/\/www.librairieclavreuil.com\/en\/salnove-robert-de-la-venerie-royale-divisee-en-iv-parties-qui-contiennent-les-chasses-du-cerf-du-lievre-du-chevreuil-du-sanglier-du-loup-du-renard-avec-le-denombrement-des-forests\/","url":"https:\/\/www.librairieclavreuil.com\/en\/salnove-robert-de-la-venerie-royale-divisee-en-iv-parties-qui-contiennent-les-chasses-du-cerf-du-lievre-du-chevreuil-du-sanglier-du-loup-du-renard-avec-le-denombrement-des-forests\/","name":"SALNOVE Robert de La V\u00e9nerie Royale divis\u00e9e en IV. parties, qui contiennent les Chasses du Cerf, du Li\u00e8vre, du Chevre\u00fcil, du Sanglier, du Loup, &amp; du Renard. Avec le denombrement des forests &amp; grands buissons de France, o\u00f9 se doivent placer les logemens, questes, &amp; relais pour y chasser. - Libairie Clavreuil","isPartOf":{"@id":"https:\/\/www.librairieclavreuil.com\/#website"},"primaryImageOfPage":{"@id":"https:\/\/www.librairieclavreuil.com\/en\/salnove-robert-de-la-venerie-royale-divisee-en-iv-parties-qui-contiennent-les-chasses-du-cerf-du-lievre-du-chevreuil-du-sanglier-du-loup-du-renard-avec-le-denombrement-des-forests\/#primaryimage"},"image":{"@id":"https:\/\/www.librairieclavreuil.com\/en\/salnove-robert-de-la-venerie-royale-divisee-en-iv-parties-qui-contiennent-les-chasses-du-cerf-du-lievre-du-chevreuil-du-sanglier-du-loup-du-renard-avec-le-denombrement-des-forests\/#primaryimage"},"thumbnailUrl":"https:\/\/www.librairieclavreuil.com\/wp-content\/uploads\/2024\/07\/robert-de-salnove-la-venerie-royale-divisee-en-iv-parties-qui-contiennent-les-chasses-du-cerf-du-lievre-du-chevreueil-du-sanglier-du-loup-du-renard-av.jpg","datePublished":"2024-07-08T11:12:17+00:00","dateModified":"2024-07-08T11:12:32+00:00","breadcrumb":{"@id":"https:\/\/www.librairieclavreuil.com\/en\/salnove-robert-de-la-venerie-royale-divisee-en-iv-parties-qui-contiennent-les-chasses-du-cerf-du-lievre-du-chevreuil-du-sanglier-du-loup-du-renard-avec-le-denombrement-des-forests\/#breadcrumb"},"inLanguage":"en-US","potentialAction":[{"@type":"ReadAction","target":["https:\/\/www.librairieclavreuil.com\/en\/salnove-robert-de-la-venerie-royale-divisee-en-iv-parties-qui-contiennent-les-chasses-du-cerf-du-lievre-du-chevreuil-du-sanglier-du-loup-du-renard-avec-le-denombrement-des-forests\/"]}]},{"@type":"ImageObject","inLanguage":"en-US","@id":"https:\/\/www.librairieclavreuil.com\/en\/salnove-robert-de-la-venerie-royale-divisee-en-iv-parties-qui-contiennent-les-chasses-du-cerf-du-lievre-du-chevreuil-du-sanglier-du-loup-du-renard-avec-le-denombrement-des-forests\/#primaryimage","url":"https:\/\/www.librairieclavreuil.com\/wp-content\/uploads\/2024\/07\/robert-de-salnove-la-venerie-royale-divisee-en-iv-parties-qui-contiennent-les-chasses-du-cerf-du-lievre-du-chevreueil-du-sanglier-du-loup-du-renard-av.jpg","contentUrl":"https:\/\/www.librairieclavreuil.com\/wp-content\/uploads\/2024\/07\/robert-de-salnove-la-venerie-royale-divisee-en-iv-parties-qui-contiennent-les-chasses-du-cerf-du-lievre-du-chevreueil-du-sanglier-du-loup-du-renard-av.jpg","width":593,"height":800},{"@type":"BreadcrumbList","@id":"https:\/\/www.librairieclavreuil.com\/en\/salnove-robert-de-la-venerie-royale-divisee-en-iv-parties-qui-contiennent-les-chasses-du-cerf-du-lievre-du-chevreuil-du-sanglier-du-loup-du-renard-avec-le-denombrement-des-forests\/#breadcrumb","itemListElement":[{"@type":"ListItem","position":1,"name":"Accueil","item":"https:\/\/www.librairieclavreuil.com\/"},{"@type":"ListItem","position":2,"name":"All our books","item":"https:\/\/www.librairieclavreuil.com\/en\/all-our-books\/"},{"@type":"ListItem","position":3,"name":"SALNOVE Robert de La V\u00e9nerie Royale divis\u00e9e en IV. parties, qui contiennent les Chasses du Cerf, du Li\u00e8vre, du Chevre\u00fcil, du Sanglier, du Loup, &amp; du Renard. Avec le denombrement des forests &amp; grands buissons de France, o\u00f9 se doivent placer les logemens, questes, &amp; relais pour y chasser."}]},{"@type":"WebSite","@id":"https:\/\/www.librairieclavreuil.com\/#website","url":"https:\/\/www.librairieclavreuil.com\/","name":"Libairie Clavreuil","description":"Livres anciens, manuscrits rares et \u00e9ditions originales \u2013 Librairie Clavreuil","publisher":{"@id":"https:\/\/www.librairieclavreuil.com\/#organization"},"potentialAction":[{"@type":"SearchAction","target":{"@type":"EntryPoint","urlTemplate":"https:\/\/www.librairieclavreuil.com\/?s={search_term_string}"},"query-input":{"@type":"PropertyValueSpecification","valueRequired":true,"valueName":"search_term_string"}}],"inLanguage":"en-US"},{"@type":"Organization","@id":"https:\/\/www.librairieclavreuil.com\/#organization","name":"Libairie Clavreuil","url":"https:\/\/www.librairieclavreuil.com\/","logo":{"@type":"ImageObject","inLanguage":"en-US","@id":"https:\/\/www.librairieclavreuil.com\/#\/schema\/logo\/image\/","url":"https:\/\/www.librairieclavreuil.com\/wp-content\/uploads\/2021\/06\/cropped-LOGO_PNG_DATE-_gold-512x512-1.png","contentUrl":"https:\/\/www.librairieclavreuil.com\/wp-content\/uploads\/2021\/06\/cropped-LOGO_PNG_DATE-_gold-512x512-1.png","width":512,"height":512,"caption":"Libairie Clavreuil"},"image":{"@id":"https:\/\/www.librairieclavreuil.com\/#\/schema\/logo\/image\/"},"sameAs":["https:\/\/www.instagram.com\/librairieclavreuil\/"]}]}},"jetpack_sharing_enabled":true,"_links":{"self":[{"href":"https:\/\/www.librairieclavreuil.com\/en\/wp-json\/wp\/v2\/product\/79251","targetHints":{"allow":["GET"]}}],"collection":[{"href":"https:\/\/www.librairieclavreuil.com\/en\/wp-json\/wp\/v2\/product"}],"about":[{"href":"https:\/\/www.librairieclavreuil.com\/en\/wp-json\/wp\/v2\/types\/product"}],"replies":[{"embeddable":true,"href":"https:\/\/www.librairieclavreuil.com\/en\/wp-json\/wp\/v2\/comments?post=79251"}],"wp:featuredmedia":[{"embeddable":true,"href":"https:\/\/www.librairieclavreuil.com\/en\/wp-json\/wp\/v2\/media\/79244"}],"wp:attachment":[{"href":"https:\/\/www.librairieclavreuil.com\/en\/wp-json\/wp\/v2\/media?parent=79251"}],"wp:term":[{"taxonomy":"product_brand","embeddable":true,"href":"https:\/\/www.librairieclavreuil.com\/en\/wp-json\/wp\/v2\/product_brand?post=79251"},{"taxonomy":"product_cat","embeddable":true,"href":"https:\/\/www.librairieclavreuil.com\/en\/wp-json\/wp\/v2\/product_cat?post=79251"},{"taxonomy":"product_tag","embeddable":true,"href":"https:\/\/www.librairieclavreuil.com\/en\/wp-json\/wp\/v2\/product_tag?post=79251"}],"curies":[{"name":"wp","href":"https:\/\/api.w.org\/{rel}","templated":true}]}}