{"id":79197,"date":"2024-07-03T18:33:29","date_gmt":"2024-07-03T16:33:29","guid":{"rendered":"https:\/\/www.librairieclavreuil.com\/linne-carl-von-systeme-sexuel-des-vegetaux-suivant-les-classes-les-ordres-les-genres-et-les-especes-premiere-edition-francaise-calque-sur-celle-de-murray-et-de-persoon-augmentee-et-enrichie-de\/"},"modified":"2024-07-03T18:33:43","modified_gmt":"2024-07-03T16:33:43","slug":"linne-carl-von-systeme-sexuel-des-vegetaux-suivant-les-classes-les-ordres-les-genres-et-les-especes-premiere-edition-francaise-calque-sur-celle-de-murray-et-de-persoon-augmentee-et-enrichie-de","status":"publish","type":"product","link":"https:\/\/www.librairieclavreuil.com\/en\/linne-carl-von-systeme-sexuel-des-vegetaux-suivant-les-classes-les-ordres-les-genres-et-les-especes-premiere-edition-francaise-calque-sur-celle-de-murray-et-de-persoon-augmentee-et-enrichie-de\/","title":{"rendered":"LINNE Carl von Syst\u00e8me sexuel des v\u00e9g\u00e9taux, suivant..."},"content":{"rendered":"<p style=\"text-align:justify\"><i>Cat.B.M. Works of Linnaeus, 606.<\/i><\/p>\n<p style=\"text-align:justify\">Reimpression of the first French edition published by Ronvaux, in 1798 (revolutionary calendar Year VI).<\/p>\n<p style=\"text-align:justify\">This translation by Jolyclerc, has added material by Tournefort and Jussieu.<\/p>\n<p style=\"text-align:justify\">Fine copy, with old ownership inscription on the title (Boutelier) and spine.<\/p>\n","protected":false},"excerpt":{"rendered":"<p style=\"text-align:justify\">2 parts in one volume 8vo (196 x 121 mm)1 unn.l. (title), 384 pp. for part I ; pp.385 to 789, 4 additional pages bound in at end with corrections to the articles on palm trees. Contemporary calf backed boards, flat spine, speckled edges.<\/p>\n","protected":false},"featured_media":79192,"comment_status":"open","ping_status":"closed","template":"","meta":{"_acf_changed":false},"product_brand":[],"product_cat":[532],"product_tag":[576,590,584,1322,1321],"class_list":{"0":"post-79197","1":"product","2":"type-product","3":"status-publish","4":"has-post-thumbnail","6":"product_cat-botanical","7":"product_tag-agriculture-2","8":"product_tag-botanical","9":"product_tag-gardens","10":"product_tag-mushroom","11":"product_tag-seaweed","12":"pa_auteur-linne-carl-von-2","13":"pa_type-de-livre-printed-book","15":"first","16":"instock","17":"shipping-taxable","18":"purchasable","19":"product-type-simple"},"acf":{"artist":" Carl von LINNE","chapeau":"","adresse_bibliographique":"Paris, Arthus Bertrand, An XI-1803","book_type":"Printed book","provenance":"","afficher_prix":""},"yoast_head":"<!-- This site is optimized with the Yoast SEO plugin v24.7 - https:\/\/yoast.com\/wordpress\/plugins\/seo\/ -->\n<title>LINNE Carl von Syst\u00e8me sexuel des v\u00e9g\u00e9taux, suivant les classes, les ordres, les genres et les esp\u00e8ces. Premi\u00e8re \u00e9dition fran\u00e7aise, calque sur celle de Murray et de Persoon, augment\u00e9e et enrichie de notions \u00e9l\u00e9mentaires, de notes diverses, d&#039;une concordance avec la m\u00e9thode de Tournefort... par N. Jolyclerc. - Libairie Clavreuil<\/title>\n<meta name=\"robots\" content=\"index, follow, max-snippet:-1, max-image-preview:large, max-video-preview:-1\" \/>\n<link rel=\"canonical\" href=\"https:\/\/www.librairieclavreuil.com\/produit\/linne-carl-von-systeme-sexuel-des-vegetaux-suivant-les-classes-les-ordres-les-genres-et-les-especes-premiere-edition-francaise-calque-sur-celle-de-murray-et-de-persoon-augmentee-et-enrichie-de\/\" \/>\n<meta property=\"og:locale\" content=\"en_US\" \/>\n<meta property=\"og:type\" content=\"article\" \/>\n<meta property=\"og:title\" content=\"LINNE Carl von Syst\u00e8me sexuel des v\u00e9g\u00e9taux, suivant les classes, les ordres, les genres et les esp\u00e8ces. Premi\u00e8re \u00e9dition fran\u00e7aise, calque sur celle de Murray et de Persoon, augment\u00e9e et enrichie de notions \u00e9l\u00e9mentaires, de notes diverses, d&#039;une concordance avec la m\u00e9thode de Tournefort... par N. Jolyclerc. - Libairie Clavreuil\" \/>\n<meta property=\"og:description\" content=\"2 parts in one volume 8vo (196 x 121 mm)1 unn.l. (title), 384 pp. for part I ; pp.385 to 789, 4 additional pages bound in at end with corrections to the articles on palm trees. Contemporary calf backed boards, flat spine, speckled edges.\" \/>\n<meta property=\"og:url\" content=\"https:\/\/www.librairieclavreuil.com\/produit\/linne-carl-von-systeme-sexuel-des-vegetaux-suivant-les-classes-les-ordres-les-genres-et-les-especes-premiere-edition-francaise-calque-sur-celle-de-murray-et-de-persoon-augmentee-et-enrichie-de\/\" \/>\n<meta property=\"og:site_name\" content=\"Libairie Clavreuil\" \/>\n<meta property=\"article:modified_time\" content=\"2024-07-03T16:33:43+00:00\" \/>\n<meta property=\"og:image\" content=\"https:\/\/www.librairieclavreuil.com\/wp-content\/uploads\/2024\/07\/carl-von-linne-systeme-sexuel-des-vegetaux-suivant-les-classes-les-ordres-les-genres-et-les-especes-premiere-edition-francaise-calque-sur-celle-de-mur.jpg\" \/>\n\t<meta property=\"og:image:width\" content=\"600\" \/>\n\t<meta property=\"og:image:height\" content=\"800\" \/>\n\t<meta property=\"og:image:type\" content=\"image\/jpeg\" \/>\n<meta name=\"twitter:card\" content=\"summary_large_image\" \/>\n<script type=\"application\/ld+json\" class=\"yoast-schema-graph\">{\"@context\":\"https:\/\/schema.org\",\"@graph\":[{\"@type\":\"WebPage\",\"@id\":\"https:\/\/www.librairieclavreuil.com\/produit\/linne-carl-von-systeme-sexuel-des-vegetaux-suivant-les-classes-les-ordres-les-genres-et-les-especes-premiere-edition-francaise-calque-sur-celle-de-murray-et-de-persoon-augmentee-et-enrichie-de\/\",\"url\":\"https:\/\/www.librairieclavreuil.com\/produit\/linne-carl-von-systeme-sexuel-des-vegetaux-suivant-les-classes-les-ordres-les-genres-et-les-especes-premiere-edition-francaise-calque-sur-celle-de-murray-et-de-persoon-augmentee-et-enrichie-de\/\",\"name\":\"LINNE Carl von Syst\u00e8me sexuel des v\u00e9g\u00e9taux, suivant les classes, les ordres, les genres et les esp\u00e8ces. Premi\u00e8re \u00e9dition fran\u00e7aise, calque sur celle de Murray et de Persoon, augment\u00e9e et enrichie de notions \u00e9l\u00e9mentaires, de notes diverses, d'une concordance avec la m\u00e9thode de Tournefort... par N. Jolyclerc. - Libairie Clavreuil\",\"isPartOf\":{\"@id\":\"https:\/\/www.librairieclavreuil.com\/#website\"},\"primaryImageOfPage\":{\"@id\":\"https:\/\/www.librairieclavreuil.com\/produit\/linne-carl-von-systeme-sexuel-des-vegetaux-suivant-les-classes-les-ordres-les-genres-et-les-especes-premiere-edition-francaise-calque-sur-celle-de-murray-et-de-persoon-augmentee-et-enrichie-de\/#primaryimage\"},\"image\":{\"@id\":\"https:\/\/www.librairieclavreuil.com\/produit\/linne-carl-von-systeme-sexuel-des-vegetaux-suivant-les-classes-les-ordres-les-genres-et-les-especes-premiere-edition-francaise-calque-sur-celle-de-murray-et-de-persoon-augmentee-et-enrichie-de\/#primaryimage\"},\"thumbnailUrl\":\"https:\/\/www.librairieclavreuil.com\/wp-content\/uploads\/2024\/07\/carl-von-linne-systeme-sexuel-des-vegetaux-suivant-les-classes-les-ordres-les-genres-et-les-especes-premiere-edition-francaise-calque-sur-celle-de-mur.jpg\",\"datePublished\":\"2024-07-03T16:33:29+00:00\",\"dateModified\":\"2024-07-03T16:33:43+00:00\",\"breadcrumb\":{\"@id\":\"https:\/\/www.librairieclavreuil.com\/produit\/linne-carl-von-systeme-sexuel-des-vegetaux-suivant-les-classes-les-ordres-les-genres-et-les-especes-premiere-edition-francaise-calque-sur-celle-de-murray-et-de-persoon-augmentee-et-enrichie-de\/#breadcrumb\"},\"inLanguage\":\"en-US\",\"potentialAction\":[{\"@type\":\"ReadAction\",\"target\":[\"https:\/\/www.librairieclavreuil.com\/produit\/linne-carl-von-systeme-sexuel-des-vegetaux-suivant-les-classes-les-ordres-les-genres-et-les-especes-premiere-edition-francaise-calque-sur-celle-de-murray-et-de-persoon-augmentee-et-enrichie-de\/\"]}]},{\"@type\":\"ImageObject\",\"inLanguage\":\"en-US\",\"@id\":\"https:\/\/www.librairieclavreuil.com\/produit\/linne-carl-von-systeme-sexuel-des-vegetaux-suivant-les-classes-les-ordres-les-genres-et-les-especes-premiere-edition-francaise-calque-sur-celle-de-murray-et-de-persoon-augmentee-et-enrichie-de\/#primaryimage\",\"url\":\"https:\/\/www.librairieclavreuil.com\/wp-content\/uploads\/2024\/07\/carl-von-linne-systeme-sexuel-des-vegetaux-suivant-les-classes-les-ordres-les-genres-et-les-especes-premiere-edition-francaise-calque-sur-celle-de-mur.jpg\",\"contentUrl\":\"https:\/\/www.librairieclavreuil.com\/wp-content\/uploads\/2024\/07\/carl-von-linne-systeme-sexuel-des-vegetaux-suivant-les-classes-les-ordres-les-genres-et-les-especes-premiere-edition-francaise-calque-sur-celle-de-mur.jpg\",\"width\":600,\"height\":800},{\"@type\":\"BreadcrumbList\",\"@id\":\"https:\/\/www.librairieclavreuil.com\/produit\/linne-carl-von-systeme-sexuel-des-vegetaux-suivant-les-classes-les-ordres-les-genres-et-les-especes-premiere-edition-francaise-calque-sur-celle-de-murray-et-de-persoon-augmentee-et-enrichie-de\/#breadcrumb\",\"itemListElement\":[{\"@type\":\"ListItem\",\"position\":1,\"name\":\"Accueil\",\"item\":\"https:\/\/www.librairieclavreuil.com\/\"},{\"@type\":\"ListItem\",\"position\":2,\"name\":\"All our books\",\"item\":\"https:\/\/www.librairieclavreuil.com\/en\/all-our-books\/\"},{\"@type\":\"ListItem\",\"position\":3,\"name\":\"LINNE Carl von Syst\u00e8me sexuel des v\u00e9g\u00e9taux, suivant...\"}]},{\"@type\":\"WebSite\",\"@id\":\"https:\/\/www.librairieclavreuil.com\/#website\",\"url\":\"https:\/\/www.librairieclavreuil.com\/\",\"name\":\"Libairie Clavreuil\",\"description\":\"Livres anciens, manuscrits rares et \u00e9ditions originales \u2013 Librairie Clavreuil\",\"publisher\":{\"@id\":\"https:\/\/www.librairieclavreuil.com\/#organization\"},\"potentialAction\":[{\"@type\":\"SearchAction\",\"target\":{\"@type\":\"EntryPoint\",\"urlTemplate\":\"https:\/\/www.librairieclavreuil.com\/?s={search_term_string}\"},\"query-input\":{\"@type\":\"PropertyValueSpecification\",\"valueRequired\":true,\"valueName\":\"search_term_string\"}}],\"inLanguage\":\"en-US\"},{\"@type\":\"Organization\",\"@id\":\"https:\/\/www.librairieclavreuil.com\/#organization\",\"name\":\"Libairie Clavreuil\",\"url\":\"https:\/\/www.librairieclavreuil.com\/\",\"logo\":{\"@type\":\"ImageObject\",\"inLanguage\":\"en-US\",\"@id\":\"https:\/\/www.librairieclavreuil.com\/#\/schema\/logo\/image\/\",\"url\":\"https:\/\/www.librairieclavreuil.com\/wp-content\/uploads\/2021\/06\/cropped-LOGO_PNG_DATE-_gold-512x512-1.png\",\"contentUrl\":\"https:\/\/www.librairieclavreuil.com\/wp-content\/uploads\/2021\/06\/cropped-LOGO_PNG_DATE-_gold-512x512-1.png\",\"width\":512,\"height\":512,\"caption\":\"Libairie Clavreuil\"},\"image\":{\"@id\":\"https:\/\/www.librairieclavreuil.com\/#\/schema\/logo\/image\/\"},\"sameAs\":[\"https:\/\/www.instagram.com\/librairieclavreuil\/\"]}]}<\/script>\n<!-- \/ Yoast SEO plugin. -->","yoast_head_json":{"title":"LINNE Carl von Syst\u00e8me sexuel des v\u00e9g\u00e9taux, suivant les classes, les ordres, les genres et les esp\u00e8ces. Premi\u00e8re \u00e9dition fran\u00e7aise, calque sur celle de Murray et de Persoon, augment\u00e9e et enrichie de notions \u00e9l\u00e9mentaires, de notes diverses, d'une concordance avec la m\u00e9thode de Tournefort... par N. Jolyclerc. - Libairie Clavreuil","robots":{"index":"index","follow":"follow","max-snippet":"max-snippet:-1","max-image-preview":"max-image-preview:large","max-video-preview":"max-video-preview:-1"},"canonical":"https:\/\/www.librairieclavreuil.com\/produit\/linne-carl-von-systeme-sexuel-des-vegetaux-suivant-les-classes-les-ordres-les-genres-et-les-especes-premiere-edition-francaise-calque-sur-celle-de-murray-et-de-persoon-augmentee-et-enrichie-de\/","og_locale":"en_US","og_type":"article","og_title":"LINNE Carl von Syst\u00e8me sexuel des v\u00e9g\u00e9taux, suivant les classes, les ordres, les genres et les esp\u00e8ces. Premi\u00e8re \u00e9dition fran\u00e7aise, calque sur celle de Murray et de Persoon, augment\u00e9e et enrichie de notions \u00e9l\u00e9mentaires, de notes diverses, d'une concordance avec la m\u00e9thode de Tournefort... par N. Jolyclerc. - Libairie Clavreuil","og_description":"2 parts in one volume 8vo (196 x 121 mm)1 unn.l. (title), 384 pp. for part I ; pp.385 to 789, 4 additional pages bound in at end with corrections to the articles on palm trees. Contemporary calf backed boards, flat spine, speckled edges.","og_url":"https:\/\/www.librairieclavreuil.com\/produit\/linne-carl-von-systeme-sexuel-des-vegetaux-suivant-les-classes-les-ordres-les-genres-et-les-especes-premiere-edition-francaise-calque-sur-celle-de-murray-et-de-persoon-augmentee-et-enrichie-de\/","og_site_name":"Libairie Clavreuil","article_modified_time":"2024-07-03T16:33:43+00:00","og_image":[{"width":600,"height":800,"url":"https:\/\/www.librairieclavreuil.com\/wp-content\/uploads\/2024\/07\/carl-von-linne-systeme-sexuel-des-vegetaux-suivant-les-classes-les-ordres-les-genres-et-les-especes-premiere-edition-francaise-calque-sur-celle-de-mur.jpg","type":"image\/jpeg"}],"twitter_card":"summary_large_image","schema":{"@context":"https:\/\/schema.org","@graph":[{"@type":"WebPage","@id":"https:\/\/www.librairieclavreuil.com\/produit\/linne-carl-von-systeme-sexuel-des-vegetaux-suivant-les-classes-les-ordres-les-genres-et-les-especes-premiere-edition-francaise-calque-sur-celle-de-murray-et-de-persoon-augmentee-et-enrichie-de\/","url":"https:\/\/www.librairieclavreuil.com\/produit\/linne-carl-von-systeme-sexuel-des-vegetaux-suivant-les-classes-les-ordres-les-genres-et-les-especes-premiere-edition-francaise-calque-sur-celle-de-murray-et-de-persoon-augmentee-et-enrichie-de\/","name":"LINNE Carl von Syst\u00e8me sexuel des v\u00e9g\u00e9taux, suivant les classes, les ordres, les genres et les esp\u00e8ces. Premi\u00e8re \u00e9dition fran\u00e7aise, calque sur celle de Murray et de Persoon, augment\u00e9e et enrichie de notions \u00e9l\u00e9mentaires, de notes diverses, d'une concordance avec la m\u00e9thode de Tournefort... par N. Jolyclerc. - Libairie Clavreuil","isPartOf":{"@id":"https:\/\/www.librairieclavreuil.com\/#website"},"primaryImageOfPage":{"@id":"https:\/\/www.librairieclavreuil.com\/produit\/linne-carl-von-systeme-sexuel-des-vegetaux-suivant-les-classes-les-ordres-les-genres-et-les-especes-premiere-edition-francaise-calque-sur-celle-de-murray-et-de-persoon-augmentee-et-enrichie-de\/#primaryimage"},"image":{"@id":"https:\/\/www.librairieclavreuil.com\/produit\/linne-carl-von-systeme-sexuel-des-vegetaux-suivant-les-classes-les-ordres-les-genres-et-les-especes-premiere-edition-francaise-calque-sur-celle-de-murray-et-de-persoon-augmentee-et-enrichie-de\/#primaryimage"},"thumbnailUrl":"https:\/\/www.librairieclavreuil.com\/wp-content\/uploads\/2024\/07\/carl-von-linne-systeme-sexuel-des-vegetaux-suivant-les-classes-les-ordres-les-genres-et-les-especes-premiere-edition-francaise-calque-sur-celle-de-mur.jpg","datePublished":"2024-07-03T16:33:29+00:00","dateModified":"2024-07-03T16:33:43+00:00","breadcrumb":{"@id":"https:\/\/www.librairieclavreuil.com\/produit\/linne-carl-von-systeme-sexuel-des-vegetaux-suivant-les-classes-les-ordres-les-genres-et-les-especes-premiere-edition-francaise-calque-sur-celle-de-murray-et-de-persoon-augmentee-et-enrichie-de\/#breadcrumb"},"inLanguage":"en-US","potentialAction":[{"@type":"ReadAction","target":["https:\/\/www.librairieclavreuil.com\/produit\/linne-carl-von-systeme-sexuel-des-vegetaux-suivant-les-classes-les-ordres-les-genres-et-les-especes-premiere-edition-francaise-calque-sur-celle-de-murray-et-de-persoon-augmentee-et-enrichie-de\/"]}]},{"@type":"ImageObject","inLanguage":"en-US","@id":"https:\/\/www.librairieclavreuil.com\/produit\/linne-carl-von-systeme-sexuel-des-vegetaux-suivant-les-classes-les-ordres-les-genres-et-les-especes-premiere-edition-francaise-calque-sur-celle-de-murray-et-de-persoon-augmentee-et-enrichie-de\/#primaryimage","url":"https:\/\/www.librairieclavreuil.com\/wp-content\/uploads\/2024\/07\/carl-von-linne-systeme-sexuel-des-vegetaux-suivant-les-classes-les-ordres-les-genres-et-les-especes-premiere-edition-francaise-calque-sur-celle-de-mur.jpg","contentUrl":"https:\/\/www.librairieclavreuil.com\/wp-content\/uploads\/2024\/07\/carl-von-linne-systeme-sexuel-des-vegetaux-suivant-les-classes-les-ordres-les-genres-et-les-especes-premiere-edition-francaise-calque-sur-celle-de-mur.jpg","width":600,"height":800},{"@type":"BreadcrumbList","@id":"https:\/\/www.librairieclavreuil.com\/produit\/linne-carl-von-systeme-sexuel-des-vegetaux-suivant-les-classes-les-ordres-les-genres-et-les-especes-premiere-edition-francaise-calque-sur-celle-de-murray-et-de-persoon-augmentee-et-enrichie-de\/#breadcrumb","itemListElement":[{"@type":"ListItem","position":1,"name":"Accueil","item":"https:\/\/www.librairieclavreuil.com\/"},{"@type":"ListItem","position":2,"name":"All our books","item":"https:\/\/www.librairieclavreuil.com\/en\/all-our-books\/"},{"@type":"ListItem","position":3,"name":"LINNE Carl von Syst\u00e8me sexuel des v\u00e9g\u00e9taux, suivant..."}]},{"@type":"WebSite","@id":"https:\/\/www.librairieclavreuil.com\/#website","url":"https:\/\/www.librairieclavreuil.com\/","name":"Libairie Clavreuil","description":"Livres anciens, manuscrits rares et \u00e9ditions originales \u2013 Librairie Clavreuil","publisher":{"@id":"https:\/\/www.librairieclavreuil.com\/#organization"},"potentialAction":[{"@type":"SearchAction","target":{"@type":"EntryPoint","urlTemplate":"https:\/\/www.librairieclavreuil.com\/?s={search_term_string}"},"query-input":{"@type":"PropertyValueSpecification","valueRequired":true,"valueName":"search_term_string"}}],"inLanguage":"en-US"},{"@type":"Organization","@id":"https:\/\/www.librairieclavreuil.com\/#organization","name":"Libairie Clavreuil","url":"https:\/\/www.librairieclavreuil.com\/","logo":{"@type":"ImageObject","inLanguage":"en-US","@id":"https:\/\/www.librairieclavreuil.com\/#\/schema\/logo\/image\/","url":"https:\/\/www.librairieclavreuil.com\/wp-content\/uploads\/2021\/06\/cropped-LOGO_PNG_DATE-_gold-512x512-1.png","contentUrl":"https:\/\/www.librairieclavreuil.com\/wp-content\/uploads\/2021\/06\/cropped-LOGO_PNG_DATE-_gold-512x512-1.png","width":512,"height":512,"caption":"Libairie Clavreuil"},"image":{"@id":"https:\/\/www.librairieclavreuil.com\/#\/schema\/logo\/image\/"},"sameAs":["https:\/\/www.instagram.com\/librairieclavreuil\/"]}]}},"jetpack_sharing_enabled":true,"_links":{"self":[{"href":"https:\/\/www.librairieclavreuil.com\/en\/wp-json\/wp\/v2\/product\/79197","targetHints":{"allow":["GET"]}}],"collection":[{"href":"https:\/\/www.librairieclavreuil.com\/en\/wp-json\/wp\/v2\/product"}],"about":[{"href":"https:\/\/www.librairieclavreuil.com\/en\/wp-json\/wp\/v2\/types\/product"}],"replies":[{"embeddable":true,"href":"https:\/\/www.librairieclavreuil.com\/en\/wp-json\/wp\/v2\/comments?post=79197"}],"wp:featuredmedia":[{"embeddable":true,"href":"https:\/\/www.librairieclavreuil.com\/en\/wp-json\/wp\/v2\/media\/79192"}],"wp:attachment":[{"href":"https:\/\/www.librairieclavreuil.com\/en\/wp-json\/wp\/v2\/media?parent=79197"}],"wp:term":[{"taxonomy":"product_brand","embeddable":true,"href":"https:\/\/www.librairieclavreuil.com\/en\/wp-json\/wp\/v2\/product_brand?post=79197"},{"taxonomy":"product_cat","embeddable":true,"href":"https:\/\/www.librairieclavreuil.com\/en\/wp-json\/wp\/v2\/product_cat?post=79197"},{"taxonomy":"product_tag","embeddable":true,"href":"https:\/\/www.librairieclavreuil.com\/en\/wp-json\/wp\/v2\/product_tag?post=79197"}],"curies":[{"name":"wp","href":"https:\/\/api.w.org\/{rel}","templated":true}]}}