{"id":79179,"date":"2024-07-01T18:55:47","date_gmt":"2024-07-01T16:55:47","guid":{"rendered":"https:\/\/www.librairieclavreuil.com\/duhamel-du-monceau-henri-louis-traite-des-arbres-fruitiers\/"},"modified":"2024-07-01T18:56:05","modified_gmt":"2024-07-01T16:56:05","slug":"duhamel-du-monceau-henri-louis-traite-des-arbres-fruitiers","status":"publish","type":"product","link":"https:\/\/www.librairieclavreuil.com\/en\/duhamel-du-monceau-henri-louis-traite-des-arbres-fruitiers\/","title":{"rendered":"DUHAMEL DU MONCEAU Henri Louis Trait\u00e9 des arbres..."},"content":{"rendered":"<p style=\"text-align:justify\"><i>Pritzel, 2466; Dunthorne, 109; Great Flower Books, p.55; Nissen, BBI, 550; Stafleu &amp; Cowan, 1546.<\/i><\/p>\n<p style=\"text-align:justify\"><span style=\"font-variant:small-caps\">First edition.<\/span><\/p>\n<p style=\"text-align:justify\"><span style=\"font-variant:small-caps\">The most important work on fruit trees of the 18<sup>th<\/sup> century, lavishly illustrated with 181 engraved plates.<\/span><\/p>\n<p style=\"text-align:justify\">This fundamental treaty, written together with the eminent botanist Ren\u00e9 Le Berryais (1722-1807) the <i>Trait\u00e9 des Arbres Fruitiers<\/i> is the most accomplished work in its field and the indispensable tool for garderners, both professional and private. The fine plates, engraved after drawings by Claude Aubriet, successor to Nicolas Robert for the royal collection of the so called &#8220;v\u00e9lins du Museum&#8221;, by Madeleine- Fran\u00e7oise Basseporte and Louis- Ren\u00e9 le Berryais, depict the principal fruit trees, together with the ripe fruit and with the blossoms.<\/p>\n<p style=\"text-align:justify\">Copy printed on large paper, preserved in a fine contemporary binding. Some quires slightly toned, as well some 4 plates.<\/p>\n","protected":false},"excerpt":{"rendered":"<p style=\"text-align:justify\">2 volumes, 4to (336 x 247 mm) engraved frontispiece, title, XXIXpp, 1 nn.l., 337 pp., 63 engraved plates for volume I; 2 nn.ll., 280 pp., 118 engraved plates for volume II. Contemporary speckled calf, spine gilt with raised bands, gilt edges.<\/p>\n","protected":false},"featured_media":79166,"comment_status":"open","ping_status":"closed","template":"","meta":{"_acf_changed":false},"product_brand":[],"product_cat":[532],"product_tag":[576,590,1450,584,1323,1322,1321],"class_list":{"0":"post-79179","1":"product","2":"type-product","3":"status-publish","4":"has-post-thumbnail","6":"product_cat-botanical","7":"product_tag-agriculture-2","8":"product_tag-botanical","9":"product_tag-first-edition","10":"product_tag-gardens","11":"product_tag-general-botany","12":"product_tag-mushroom","13":"product_tag-seaweed","14":"pa_auteur-duhamel-du-monceau-henri-louis-2","15":"pa_type-de-livre-printed-book","17":"first","18":"instock","19":"shipping-taxable","20":"purchasable","21":"product-type-simple"},"acf":{"artist":" Henri Louis DUHAMEL DU MONCEAU","chapeau":"Large paper copy","adresse_bibliographique":"Paris, Saillant, 1768","book_type":"Printed book","provenance":"","afficher_prix":""},"yoast_head":"<!-- This site is optimized with the Yoast SEO plugin v24.7 - https:\/\/yoast.com\/wordpress\/plugins\/seo\/ -->\n<title>DUHAMEL DU MONCEAU Henri Louis Trait\u00e9 des arbres fruitiers - Libairie Clavreuil<\/title>\n<meta name=\"robots\" content=\"index, follow, max-snippet:-1, max-image-preview:large, max-video-preview:-1\" \/>\n<link rel=\"canonical\" href=\"https:\/\/www.librairieclavreuil.com\/produit\/duhamel-du-monceau-henri-louis-traite-des-arbres-fruitiers\/\" \/>\n<meta property=\"og:locale\" content=\"en_US\" \/>\n<meta property=\"og:type\" content=\"article\" \/>\n<meta property=\"og:title\" content=\"DUHAMEL DU MONCEAU Henri Louis Trait\u00e9 des arbres fruitiers - Libairie Clavreuil\" \/>\n<meta property=\"og:description\" content=\"2 volumes, 4to (336 x 247 mm) engraved frontispiece, title, XXIXpp, 1 nn.l., 337 pp., 63 engraved plates for volume I; 2 nn.ll., 280 pp., 118 engraved plates for volume II. Contemporary speckled calf, spine gilt with raised bands, gilt edges.\" \/>\n<meta property=\"og:url\" content=\"https:\/\/www.librairieclavreuil.com\/produit\/duhamel-du-monceau-henri-louis-traite-des-arbres-fruitiers\/\" \/>\n<meta property=\"og:site_name\" content=\"Libairie Clavreuil\" \/>\n<meta property=\"article:modified_time\" content=\"2024-07-01T16:56:05+00:00\" \/>\n<meta property=\"og:image\" content=\"https:\/\/www.librairieclavreuil.com\/wp-content\/uploads\/2024\/07\/henri-louis-duhamel-du-monceau-traite-des-arbres-fruitiers-5088-657c1f5f4c0b5.jpg\" \/>\n\t<meta property=\"og:image:width\" content=\"600\" \/>\n\t<meta property=\"og:image:height\" content=\"800\" \/>\n\t<meta property=\"og:image:type\" content=\"image\/jpeg\" \/>\n<meta name=\"twitter:card\" content=\"summary_large_image\" \/>\n<meta name=\"twitter:label1\" content=\"Est. reading time\" \/>\n\t<meta name=\"twitter:data1\" content=\"1 minute\" \/>\n<script type=\"application\/ld+json\" class=\"yoast-schema-graph\">{\"@context\":\"https:\/\/schema.org\",\"@graph\":[{\"@type\":\"WebPage\",\"@id\":\"https:\/\/www.librairieclavreuil.com\/produit\/duhamel-du-monceau-henri-louis-traite-des-arbres-fruitiers\/\",\"url\":\"https:\/\/www.librairieclavreuil.com\/produit\/duhamel-du-monceau-henri-louis-traite-des-arbres-fruitiers\/\",\"name\":\"DUHAMEL DU MONCEAU Henri Louis Trait\u00e9 des arbres fruitiers - Libairie Clavreuil\",\"isPartOf\":{\"@id\":\"https:\/\/www.librairieclavreuil.com\/#website\"},\"primaryImageOfPage\":{\"@id\":\"https:\/\/www.librairieclavreuil.com\/produit\/duhamel-du-monceau-henri-louis-traite-des-arbres-fruitiers\/#primaryimage\"},\"image\":{\"@id\":\"https:\/\/www.librairieclavreuil.com\/produit\/duhamel-du-monceau-henri-louis-traite-des-arbres-fruitiers\/#primaryimage\"},\"thumbnailUrl\":\"https:\/\/www.librairieclavreuil.com\/wp-content\/uploads\/2024\/07\/henri-louis-duhamel-du-monceau-traite-des-arbres-fruitiers-5088-657c1f5f4c0b5.jpg\",\"datePublished\":\"2024-07-01T16:55:47+00:00\",\"dateModified\":\"2024-07-01T16:56:05+00:00\",\"breadcrumb\":{\"@id\":\"https:\/\/www.librairieclavreuil.com\/produit\/duhamel-du-monceau-henri-louis-traite-des-arbres-fruitiers\/#breadcrumb\"},\"inLanguage\":\"en-US\",\"potentialAction\":[{\"@type\":\"ReadAction\",\"target\":[\"https:\/\/www.librairieclavreuil.com\/produit\/duhamel-du-monceau-henri-louis-traite-des-arbres-fruitiers\/\"]}]},{\"@type\":\"ImageObject\",\"inLanguage\":\"en-US\",\"@id\":\"https:\/\/www.librairieclavreuil.com\/produit\/duhamel-du-monceau-henri-louis-traite-des-arbres-fruitiers\/#primaryimage\",\"url\":\"https:\/\/www.librairieclavreuil.com\/wp-content\/uploads\/2024\/07\/henri-louis-duhamel-du-monceau-traite-des-arbres-fruitiers-5088-657c1f5f4c0b5.jpg\",\"contentUrl\":\"https:\/\/www.librairieclavreuil.com\/wp-content\/uploads\/2024\/07\/henri-louis-duhamel-du-monceau-traite-des-arbres-fruitiers-5088-657c1f5f4c0b5.jpg\",\"width\":600,\"height\":800},{\"@type\":\"BreadcrumbList\",\"@id\":\"https:\/\/www.librairieclavreuil.com\/produit\/duhamel-du-monceau-henri-louis-traite-des-arbres-fruitiers\/#breadcrumb\",\"itemListElement\":[{\"@type\":\"ListItem\",\"position\":1,\"name\":\"Accueil\",\"item\":\"https:\/\/www.librairieclavreuil.com\/\"},{\"@type\":\"ListItem\",\"position\":2,\"name\":\"All our books\",\"item\":\"https:\/\/www.librairieclavreuil.com\/en\/all-our-books\/\"},{\"@type\":\"ListItem\",\"position\":3,\"name\":\"DUHAMEL DU MONCEAU Henri Louis Trait\u00e9 des arbres...\"}]},{\"@type\":\"WebSite\",\"@id\":\"https:\/\/www.librairieclavreuil.com\/#website\",\"url\":\"https:\/\/www.librairieclavreuil.com\/\",\"name\":\"Libairie Clavreuil\",\"description\":\"Livres anciens, manuscrits rares et \u00e9ditions originales \u2013 Librairie Clavreuil\",\"publisher\":{\"@id\":\"https:\/\/www.librairieclavreuil.com\/#organization\"},\"potentialAction\":[{\"@type\":\"SearchAction\",\"target\":{\"@type\":\"EntryPoint\",\"urlTemplate\":\"https:\/\/www.librairieclavreuil.com\/?s={search_term_string}\"},\"query-input\":{\"@type\":\"PropertyValueSpecification\",\"valueRequired\":true,\"valueName\":\"search_term_string\"}}],\"inLanguage\":\"en-US\"},{\"@type\":\"Organization\",\"@id\":\"https:\/\/www.librairieclavreuil.com\/#organization\",\"name\":\"Libairie Clavreuil\",\"url\":\"https:\/\/www.librairieclavreuil.com\/\",\"logo\":{\"@type\":\"ImageObject\",\"inLanguage\":\"en-US\",\"@id\":\"https:\/\/www.librairieclavreuil.com\/#\/schema\/logo\/image\/\",\"url\":\"https:\/\/www.librairieclavreuil.com\/wp-content\/uploads\/2021\/06\/cropped-LOGO_PNG_DATE-_gold-512x512-1.png\",\"contentUrl\":\"https:\/\/www.librairieclavreuil.com\/wp-content\/uploads\/2021\/06\/cropped-LOGO_PNG_DATE-_gold-512x512-1.png\",\"width\":512,\"height\":512,\"caption\":\"Libairie Clavreuil\"},\"image\":{\"@id\":\"https:\/\/www.librairieclavreuil.com\/#\/schema\/logo\/image\/\"},\"sameAs\":[\"https:\/\/www.instagram.com\/librairieclavreuil\/\"]}]}<\/script>\n<!-- \/ Yoast SEO plugin. -->","yoast_head_json":{"title":"DUHAMEL DU MONCEAU Henri Louis Trait\u00e9 des arbres fruitiers - Libairie Clavreuil","robots":{"index":"index","follow":"follow","max-snippet":"max-snippet:-1","max-image-preview":"max-image-preview:large","max-video-preview":"max-video-preview:-1"},"canonical":"https:\/\/www.librairieclavreuil.com\/produit\/duhamel-du-monceau-henri-louis-traite-des-arbres-fruitiers\/","og_locale":"en_US","og_type":"article","og_title":"DUHAMEL DU MONCEAU Henri Louis Trait\u00e9 des arbres fruitiers - Libairie Clavreuil","og_description":"2 volumes, 4to (336 x 247 mm) engraved frontispiece, title, XXIXpp, 1 nn.l., 337 pp., 63 engraved plates for volume I; 2 nn.ll., 280 pp., 118 engraved plates for volume II. Contemporary speckled calf, spine gilt with raised bands, gilt edges.","og_url":"https:\/\/www.librairieclavreuil.com\/produit\/duhamel-du-monceau-henri-louis-traite-des-arbres-fruitiers\/","og_site_name":"Libairie Clavreuil","article_modified_time":"2024-07-01T16:56:05+00:00","og_image":[{"width":600,"height":800,"url":"https:\/\/www.librairieclavreuil.com\/wp-content\/uploads\/2024\/07\/henri-louis-duhamel-du-monceau-traite-des-arbres-fruitiers-5088-657c1f5f4c0b5.jpg","type":"image\/jpeg"}],"twitter_card":"summary_large_image","twitter_misc":{"Est. reading time":"1 minute"},"schema":{"@context":"https:\/\/schema.org","@graph":[{"@type":"WebPage","@id":"https:\/\/www.librairieclavreuil.com\/produit\/duhamel-du-monceau-henri-louis-traite-des-arbres-fruitiers\/","url":"https:\/\/www.librairieclavreuil.com\/produit\/duhamel-du-monceau-henri-louis-traite-des-arbres-fruitiers\/","name":"DUHAMEL DU MONCEAU Henri Louis Trait\u00e9 des arbres fruitiers - Libairie Clavreuil","isPartOf":{"@id":"https:\/\/www.librairieclavreuil.com\/#website"},"primaryImageOfPage":{"@id":"https:\/\/www.librairieclavreuil.com\/produit\/duhamel-du-monceau-henri-louis-traite-des-arbres-fruitiers\/#primaryimage"},"image":{"@id":"https:\/\/www.librairieclavreuil.com\/produit\/duhamel-du-monceau-henri-louis-traite-des-arbres-fruitiers\/#primaryimage"},"thumbnailUrl":"https:\/\/www.librairieclavreuil.com\/wp-content\/uploads\/2024\/07\/henri-louis-duhamel-du-monceau-traite-des-arbres-fruitiers-5088-657c1f5f4c0b5.jpg","datePublished":"2024-07-01T16:55:47+00:00","dateModified":"2024-07-01T16:56:05+00:00","breadcrumb":{"@id":"https:\/\/www.librairieclavreuil.com\/produit\/duhamel-du-monceau-henri-louis-traite-des-arbres-fruitiers\/#breadcrumb"},"inLanguage":"en-US","potentialAction":[{"@type":"ReadAction","target":["https:\/\/www.librairieclavreuil.com\/produit\/duhamel-du-monceau-henri-louis-traite-des-arbres-fruitiers\/"]}]},{"@type":"ImageObject","inLanguage":"en-US","@id":"https:\/\/www.librairieclavreuil.com\/produit\/duhamel-du-monceau-henri-louis-traite-des-arbres-fruitiers\/#primaryimage","url":"https:\/\/www.librairieclavreuil.com\/wp-content\/uploads\/2024\/07\/henri-louis-duhamel-du-monceau-traite-des-arbres-fruitiers-5088-657c1f5f4c0b5.jpg","contentUrl":"https:\/\/www.librairieclavreuil.com\/wp-content\/uploads\/2024\/07\/henri-louis-duhamel-du-monceau-traite-des-arbres-fruitiers-5088-657c1f5f4c0b5.jpg","width":600,"height":800},{"@type":"BreadcrumbList","@id":"https:\/\/www.librairieclavreuil.com\/produit\/duhamel-du-monceau-henri-louis-traite-des-arbres-fruitiers\/#breadcrumb","itemListElement":[{"@type":"ListItem","position":1,"name":"Accueil","item":"https:\/\/www.librairieclavreuil.com\/"},{"@type":"ListItem","position":2,"name":"All our books","item":"https:\/\/www.librairieclavreuil.com\/en\/all-our-books\/"},{"@type":"ListItem","position":3,"name":"DUHAMEL DU MONCEAU Henri Louis Trait\u00e9 des arbres..."}]},{"@type":"WebSite","@id":"https:\/\/www.librairieclavreuil.com\/#website","url":"https:\/\/www.librairieclavreuil.com\/","name":"Libairie Clavreuil","description":"Livres anciens, manuscrits rares et \u00e9ditions originales \u2013 Librairie Clavreuil","publisher":{"@id":"https:\/\/www.librairieclavreuil.com\/#organization"},"potentialAction":[{"@type":"SearchAction","target":{"@type":"EntryPoint","urlTemplate":"https:\/\/www.librairieclavreuil.com\/?s={search_term_string}"},"query-input":{"@type":"PropertyValueSpecification","valueRequired":true,"valueName":"search_term_string"}}],"inLanguage":"en-US"},{"@type":"Organization","@id":"https:\/\/www.librairieclavreuil.com\/#organization","name":"Libairie Clavreuil","url":"https:\/\/www.librairieclavreuil.com\/","logo":{"@type":"ImageObject","inLanguage":"en-US","@id":"https:\/\/www.librairieclavreuil.com\/#\/schema\/logo\/image\/","url":"https:\/\/www.librairieclavreuil.com\/wp-content\/uploads\/2021\/06\/cropped-LOGO_PNG_DATE-_gold-512x512-1.png","contentUrl":"https:\/\/www.librairieclavreuil.com\/wp-content\/uploads\/2021\/06\/cropped-LOGO_PNG_DATE-_gold-512x512-1.png","width":512,"height":512,"caption":"Libairie Clavreuil"},"image":{"@id":"https:\/\/www.librairieclavreuil.com\/#\/schema\/logo\/image\/"},"sameAs":["https:\/\/www.instagram.com\/librairieclavreuil\/"]}]}},"jetpack_sharing_enabled":true,"_links":{"self":[{"href":"https:\/\/www.librairieclavreuil.com\/en\/wp-json\/wp\/v2\/product\/79179","targetHints":{"allow":["GET"]}}],"collection":[{"href":"https:\/\/www.librairieclavreuil.com\/en\/wp-json\/wp\/v2\/product"}],"about":[{"href":"https:\/\/www.librairieclavreuil.com\/en\/wp-json\/wp\/v2\/types\/product"}],"replies":[{"embeddable":true,"href":"https:\/\/www.librairieclavreuil.com\/en\/wp-json\/wp\/v2\/comments?post=79179"}],"wp:featuredmedia":[{"embeddable":true,"href":"https:\/\/www.librairieclavreuil.com\/en\/wp-json\/wp\/v2\/media\/79166"}],"wp:attachment":[{"href":"https:\/\/www.librairieclavreuil.com\/en\/wp-json\/wp\/v2\/media?parent=79179"}],"wp:term":[{"taxonomy":"product_brand","embeddable":true,"href":"https:\/\/www.librairieclavreuil.com\/en\/wp-json\/wp\/v2\/product_brand?post=79179"},{"taxonomy":"product_cat","embeddable":true,"href":"https:\/\/www.librairieclavreuil.com\/en\/wp-json\/wp\/v2\/product_cat?post=79179"},{"taxonomy":"product_tag","embeddable":true,"href":"https:\/\/www.librairieclavreuil.com\/en\/wp-json\/wp\/v2\/product_tag?post=79179"}],"curies":[{"name":"wp","href":"https:\/\/api.w.org\/{rel}","templated":true}]}}