{"id":79114,"date":"2024-07-01T11:20:39","date_gmt":"2024-07-01T09:20:39","guid":{"rendered":"https:\/\/www.librairieclavreuil.com\/swift-jonathan-voyages-de-gulliver-4\/"},"modified":"2025-04-08T12:33:58","modified_gmt":"2025-04-08T10:33:58","slug":"swift-jonathan-voyages-de-gulliver-4","status":"publish","type":"product","link":"https:\/\/www.librairieclavreuil.com\/en\/swift-jonathan-voyages-de-gulliver-4\/","title":{"rendered":"SWIFT Jonathan Voyages de Gulliver."},"content":{"rendered":"<p style=\"text-align:justify\"><i>Cohen-de Ricci, 965 ; Brunet, V, 603 ; Qu\u00e9rard, IX, 302.<\/i><\/p>\n<p style=\"text-align:justify\"><span style=\"font-variant:small-caps\">New edition of the first French translation of Gulliver\u2019s travels by the abbot Guyot-Desfontaines.<\/span><\/p>\n<p style=\"text-align:justify\">This copy is one of 100 large paper copies in 18mo (Cohen-de Ricci does not mention the number of copies printed), printed on laid paper (grand papier v\u00e9lin) and illustrated with 10 plates. The plates, engraved by Masquelier after Lefebvre, are all before the letters.<\/p>\n<p style=\"text-align:justify\">Very fine copy, in perfect condition, bound by Fran\u00e7ois Boz\u00e9rian, called le jeune.<\/p>\n<p style=\"text-align:justify\">&#8220;Fr\u00e8re de Jean-Claude Bozerian, dit l&#8217;a\u00een\u00e9, Fran\u00e7ois Bozerian a d&#8217;abord exerc\u00e9 son activit\u00e9 de reliure \u00e0 Lyon, avant 1789. Il s&#8217;\u00e9tablit \u00e0 Paris dans les toutes derni\u00e8res ann\u00e9es du XVIIIe s., \u00e0 une date ind\u00e9termin\u00e9e. Il est connu pour sa tr\u00e8s abondante production de reliures \u00e0 d\u00e9cor de bordures dans le style n\u00e9o-classique caract\u00e9ristique du Premier Empire. Il a abondamment travaill\u00e9 pour la Biblioth\u00e8que imp\u00e9riale, \u00e0 la sollicitation de Joseph Van Praet, pour relier notamment les collections d&#8217;incunables de la R\u00e9serve des Imprim\u00e9s. Il se retire des affaires en 1818-1819, avec pour successeur le relieur Motet, attest\u00e9 d\u00e8s 1819 \u00e0 l&#8217;adresse de la rue de la Sorbonne. Boz\u00e9rian signe presque toujours ses reliures, au bas du dos, sous les deux formes suivantes : &#8216;Rel. P. Bozerian jeune&#8217;, &#8216;Rel. Par Bozerian Jeune&#8217;; on trouve plus rarement les libell\u00e9s &#8216;Bozerian Le J.&#8217; ou &#8216;Bozerian Jeune'&#8221; (Fabienne Le Bars, reliures.bnf).<\/p>\n<p style=\"text-align:justify\">Provenance : Maurice Lecomte (book plate).<\/p>\n","protected":false},"excerpt":{"rendered":"<p style=\"text-align:justify\">4 volumes large 18mo (147 x 95 mm) XXXVI, 148 pp., 4 engraved plates (including the frontispiece) for volume I ; pp. [149]-303, 2 engraved plates for volume II ; 148 pp., 2 engraved plates for volume III ; pp. [149]-358, 2 engraved plates for volume IV. Contemporary long grained blue morocco signed &#8216;Rel. P. Bozerian Jeune&#8217;, large gilt border with fleuron on covers, flat spine, &nbsp;gilt compartments decorated with a fleur de lis on pointill\u00e9 background, inner gilt border, yellow silk enpapers, gilt edges.<\/p>\n","protected":false},"featured_media":79105,"comment_status":"open","ping_status":"closed","template":"","meta":{"_acf_changed":false},"product_brand":[],"product_cat":[530],"product_tag":[1240,1245,1269,1267,1236],"class_list":{"0":"post-79114","1":"product","2":"type-product","3":"status-publish","4":"has-post-thumbnail","6":"product_cat-binding","7":"product_tag-18th-century-illustrations","8":"product_tag-18th-century-literature","9":"product_tag-antique","10":"product_tag-binding","11":"product_tag-illustrations-2","12":"pa_auteur-swift-jonathan-2","13":"pa_type-de-livre-printed-book","15":"first","16":"instock","17":"shipping-taxable","18":"purchasable","19":"product-type-simple"},"acf":{"artist":"Jonathan SWIFT","chapeau":"Bound in blue morocco by Boz\u00e9rian","adresse_bibliographique":"Paris, Pierre Didot l'a\u00een\u00e9, 1797","book_type":"Printed book","provenance":"","afficher_prix":""},"yoast_head":"<!-- This site is optimized with the Yoast SEO plugin v24.7 - https:\/\/yoast.com\/wordpress\/plugins\/seo\/ -->\n<title>SWIFT Jonathan Voyages de Gulliver. - Libairie Clavreuil<\/title>\n<meta name=\"robots\" content=\"index, follow, max-snippet:-1, max-image-preview:large, max-video-preview:-1\" \/>\n<link rel=\"canonical\" href=\"https:\/\/www.librairieclavreuil.com\/en\/swift-jonathan-voyages-de-gulliver-4\/\" \/>\n<meta property=\"og:locale\" content=\"en_US\" \/>\n<meta property=\"og:type\" content=\"article\" \/>\n<meta property=\"og:title\" content=\"SWIFT Jonathan Voyages de Gulliver. - Libairie Clavreuil\" \/>\n<meta property=\"og:description\" content=\"4 volumes large 18mo (147 x 95 mm) XXXVI, 148 pp., 4 engraved plates (including the frontispiece) for volume I ; pp. [149]-303, 2 engraved plates for volume II ; 148 pp., 2 engraved plates for volume III ; pp. [149]-358, 2 engraved plates for volume IV. Contemporary long grained blue morocco signed &#039;Rel. P. Bozerian Jeune&#039;, large gilt border with fleuron on covers, flat spine, &nbsp;gilt compartments decorated with a fleur de lis on pointill\u00e9 background, inner gilt border, yellow silk enpapers, gilt edges.\" \/>\n<meta property=\"og:url\" content=\"https:\/\/www.librairieclavreuil.com\/en\/swift-jonathan-voyages-de-gulliver-4\/\" \/>\n<meta property=\"og:site_name\" content=\"Libairie Clavreuil\" \/>\n<meta property=\"article:modified_time\" content=\"2025-04-08T10:33:58+00:00\" \/>\n<meta property=\"og:image\" content=\"https:\/\/www.librairieclavreuil.com\/wp-content\/uploads\/2024\/07\/swift-voyages-de-gulliver-7902-6619022ad5549-6.jpg\" \/>\n\t<meta property=\"og:image:width\" content=\"634\" \/>\n\t<meta property=\"og:image:height\" content=\"800\" \/>\n\t<meta property=\"og:image:type\" content=\"image\/jpeg\" \/>\n<meta name=\"twitter:card\" content=\"summary_large_image\" \/>\n<meta name=\"twitter:label1\" content=\"Est. reading time\" \/>\n\t<meta name=\"twitter:data1\" content=\"1 minute\" \/>\n<script type=\"application\/ld+json\" class=\"yoast-schema-graph\">{\"@context\":\"https:\/\/schema.org\",\"@graph\":[{\"@type\":\"WebPage\",\"@id\":\"https:\/\/www.librairieclavreuil.com\/en\/swift-jonathan-voyages-de-gulliver-4\/\",\"url\":\"https:\/\/www.librairieclavreuil.com\/en\/swift-jonathan-voyages-de-gulliver-4\/\",\"name\":\"SWIFT Jonathan Voyages de Gulliver. - Libairie Clavreuil\",\"isPartOf\":{\"@id\":\"https:\/\/www.librairieclavreuil.com\/#website\"},\"primaryImageOfPage\":{\"@id\":\"https:\/\/www.librairieclavreuil.com\/en\/swift-jonathan-voyages-de-gulliver-4\/#primaryimage\"},\"image\":{\"@id\":\"https:\/\/www.librairieclavreuil.com\/en\/swift-jonathan-voyages-de-gulliver-4\/#primaryimage\"},\"thumbnailUrl\":\"https:\/\/www.librairieclavreuil.com\/wp-content\/uploads\/2024\/07\/swift-voyages-de-gulliver-7902-6619022ad5549-6.jpg\",\"datePublished\":\"2024-07-01T09:20:39+00:00\",\"dateModified\":\"2025-04-08T10:33:58+00:00\",\"breadcrumb\":{\"@id\":\"https:\/\/www.librairieclavreuil.com\/en\/swift-jonathan-voyages-de-gulliver-4\/#breadcrumb\"},\"inLanguage\":\"en-US\",\"potentialAction\":[{\"@type\":\"ReadAction\",\"target\":[\"https:\/\/www.librairieclavreuil.com\/en\/swift-jonathan-voyages-de-gulliver-4\/\"]}]},{\"@type\":\"ImageObject\",\"inLanguage\":\"en-US\",\"@id\":\"https:\/\/www.librairieclavreuil.com\/en\/swift-jonathan-voyages-de-gulliver-4\/#primaryimage\",\"url\":\"https:\/\/www.librairieclavreuil.com\/wp-content\/uploads\/2024\/07\/swift-voyages-de-gulliver-7902-6619022ad5549-6.jpg\",\"contentUrl\":\"https:\/\/www.librairieclavreuil.com\/wp-content\/uploads\/2024\/07\/swift-voyages-de-gulliver-7902-6619022ad5549-6.jpg\",\"width\":634,\"height\":800},{\"@type\":\"BreadcrumbList\",\"@id\":\"https:\/\/www.librairieclavreuil.com\/en\/swift-jonathan-voyages-de-gulliver-4\/#breadcrumb\",\"itemListElement\":[{\"@type\":\"ListItem\",\"position\":1,\"name\":\"Accueil\",\"item\":\"https:\/\/www.librairieclavreuil.com\/\"},{\"@type\":\"ListItem\",\"position\":2,\"name\":\"All our books\",\"item\":\"https:\/\/www.librairieclavreuil.com\/en\/all-our-books\/\"},{\"@type\":\"ListItem\",\"position\":3,\"name\":\"SWIFT Jonathan Voyages de Gulliver.\"}]},{\"@type\":\"WebSite\",\"@id\":\"https:\/\/www.librairieclavreuil.com\/#website\",\"url\":\"https:\/\/www.librairieclavreuil.com\/\",\"name\":\"Libairie Clavreuil\",\"description\":\"Livres anciens, manuscrits rares et \u00e9ditions originales \u2013 Librairie Clavreuil\",\"publisher\":{\"@id\":\"https:\/\/www.librairieclavreuil.com\/#organization\"},\"potentialAction\":[{\"@type\":\"SearchAction\",\"target\":{\"@type\":\"EntryPoint\",\"urlTemplate\":\"https:\/\/www.librairieclavreuil.com\/?s={search_term_string}\"},\"query-input\":{\"@type\":\"PropertyValueSpecification\",\"valueRequired\":true,\"valueName\":\"search_term_string\"}}],\"inLanguage\":\"en-US\"},{\"@type\":\"Organization\",\"@id\":\"https:\/\/www.librairieclavreuil.com\/#organization\",\"name\":\"Libairie Clavreuil\",\"url\":\"https:\/\/www.librairieclavreuil.com\/\",\"logo\":{\"@type\":\"ImageObject\",\"inLanguage\":\"en-US\",\"@id\":\"https:\/\/www.librairieclavreuil.com\/#\/schema\/logo\/image\/\",\"url\":\"https:\/\/www.librairieclavreuil.com\/wp-content\/uploads\/2021\/06\/cropped-LOGO_PNG_DATE-_gold-512x512-1.png\",\"contentUrl\":\"https:\/\/www.librairieclavreuil.com\/wp-content\/uploads\/2021\/06\/cropped-LOGO_PNG_DATE-_gold-512x512-1.png\",\"width\":512,\"height\":512,\"caption\":\"Libairie Clavreuil\"},\"image\":{\"@id\":\"https:\/\/www.librairieclavreuil.com\/#\/schema\/logo\/image\/\"},\"sameAs\":[\"https:\/\/www.instagram.com\/librairieclavreuil\/\"]}]}<\/script>\n<!-- \/ Yoast SEO plugin. -->","yoast_head_json":{"title":"SWIFT Jonathan Voyages de Gulliver. - Libairie Clavreuil","robots":{"index":"index","follow":"follow","max-snippet":"max-snippet:-1","max-image-preview":"max-image-preview:large","max-video-preview":"max-video-preview:-1"},"canonical":"https:\/\/www.librairieclavreuil.com\/en\/swift-jonathan-voyages-de-gulliver-4\/","og_locale":"en_US","og_type":"article","og_title":"SWIFT Jonathan Voyages de Gulliver. - Libairie Clavreuil","og_description":"4 volumes large 18mo (147 x 95 mm) XXXVI, 148 pp., 4 engraved plates (including the frontispiece) for volume I ; pp. [149]-303, 2 engraved plates for volume II ; 148 pp., 2 engraved plates for volume III ; pp. [149]-358, 2 engraved plates for volume IV. Contemporary long grained blue morocco signed 'Rel. P. Bozerian Jeune', large gilt border with fleuron on covers, flat spine, &nbsp;gilt compartments decorated with a fleur de lis on pointill\u00e9 background, inner gilt border, yellow silk enpapers, gilt edges.","og_url":"https:\/\/www.librairieclavreuil.com\/en\/swift-jonathan-voyages-de-gulliver-4\/","og_site_name":"Libairie Clavreuil","article_modified_time":"2025-04-08T10:33:58+00:00","og_image":[{"width":634,"height":800,"url":"https:\/\/www.librairieclavreuil.com\/wp-content\/uploads\/2024\/07\/swift-voyages-de-gulliver-7902-6619022ad5549-6.jpg","type":"image\/jpeg"}],"twitter_card":"summary_large_image","twitter_misc":{"Est. reading time":"1 minute"},"schema":{"@context":"https:\/\/schema.org","@graph":[{"@type":"WebPage","@id":"https:\/\/www.librairieclavreuil.com\/en\/swift-jonathan-voyages-de-gulliver-4\/","url":"https:\/\/www.librairieclavreuil.com\/en\/swift-jonathan-voyages-de-gulliver-4\/","name":"SWIFT Jonathan Voyages de Gulliver. - Libairie Clavreuil","isPartOf":{"@id":"https:\/\/www.librairieclavreuil.com\/#website"},"primaryImageOfPage":{"@id":"https:\/\/www.librairieclavreuil.com\/en\/swift-jonathan-voyages-de-gulliver-4\/#primaryimage"},"image":{"@id":"https:\/\/www.librairieclavreuil.com\/en\/swift-jonathan-voyages-de-gulliver-4\/#primaryimage"},"thumbnailUrl":"https:\/\/www.librairieclavreuil.com\/wp-content\/uploads\/2024\/07\/swift-voyages-de-gulliver-7902-6619022ad5549-6.jpg","datePublished":"2024-07-01T09:20:39+00:00","dateModified":"2025-04-08T10:33:58+00:00","breadcrumb":{"@id":"https:\/\/www.librairieclavreuil.com\/en\/swift-jonathan-voyages-de-gulliver-4\/#breadcrumb"},"inLanguage":"en-US","potentialAction":[{"@type":"ReadAction","target":["https:\/\/www.librairieclavreuil.com\/en\/swift-jonathan-voyages-de-gulliver-4\/"]}]},{"@type":"ImageObject","inLanguage":"en-US","@id":"https:\/\/www.librairieclavreuil.com\/en\/swift-jonathan-voyages-de-gulliver-4\/#primaryimage","url":"https:\/\/www.librairieclavreuil.com\/wp-content\/uploads\/2024\/07\/swift-voyages-de-gulliver-7902-6619022ad5549-6.jpg","contentUrl":"https:\/\/www.librairieclavreuil.com\/wp-content\/uploads\/2024\/07\/swift-voyages-de-gulliver-7902-6619022ad5549-6.jpg","width":634,"height":800},{"@type":"BreadcrumbList","@id":"https:\/\/www.librairieclavreuil.com\/en\/swift-jonathan-voyages-de-gulliver-4\/#breadcrumb","itemListElement":[{"@type":"ListItem","position":1,"name":"Accueil","item":"https:\/\/www.librairieclavreuil.com\/"},{"@type":"ListItem","position":2,"name":"All our books","item":"https:\/\/www.librairieclavreuil.com\/en\/all-our-books\/"},{"@type":"ListItem","position":3,"name":"SWIFT Jonathan Voyages de Gulliver."}]},{"@type":"WebSite","@id":"https:\/\/www.librairieclavreuil.com\/#website","url":"https:\/\/www.librairieclavreuil.com\/","name":"Libairie Clavreuil","description":"Livres anciens, manuscrits rares et \u00e9ditions originales \u2013 Librairie Clavreuil","publisher":{"@id":"https:\/\/www.librairieclavreuil.com\/#organization"},"potentialAction":[{"@type":"SearchAction","target":{"@type":"EntryPoint","urlTemplate":"https:\/\/www.librairieclavreuil.com\/?s={search_term_string}"},"query-input":{"@type":"PropertyValueSpecification","valueRequired":true,"valueName":"search_term_string"}}],"inLanguage":"en-US"},{"@type":"Organization","@id":"https:\/\/www.librairieclavreuil.com\/#organization","name":"Libairie Clavreuil","url":"https:\/\/www.librairieclavreuil.com\/","logo":{"@type":"ImageObject","inLanguage":"en-US","@id":"https:\/\/www.librairieclavreuil.com\/#\/schema\/logo\/image\/","url":"https:\/\/www.librairieclavreuil.com\/wp-content\/uploads\/2021\/06\/cropped-LOGO_PNG_DATE-_gold-512x512-1.png","contentUrl":"https:\/\/www.librairieclavreuil.com\/wp-content\/uploads\/2021\/06\/cropped-LOGO_PNG_DATE-_gold-512x512-1.png","width":512,"height":512,"caption":"Libairie Clavreuil"},"image":{"@id":"https:\/\/www.librairieclavreuil.com\/#\/schema\/logo\/image\/"},"sameAs":["https:\/\/www.instagram.com\/librairieclavreuil\/"]}]}},"jetpack_sharing_enabled":true,"_links":{"self":[{"href":"https:\/\/www.librairieclavreuil.com\/en\/wp-json\/wp\/v2\/product\/79114","targetHints":{"allow":["GET"]}}],"collection":[{"href":"https:\/\/www.librairieclavreuil.com\/en\/wp-json\/wp\/v2\/product"}],"about":[{"href":"https:\/\/www.librairieclavreuil.com\/en\/wp-json\/wp\/v2\/types\/product"}],"replies":[{"embeddable":true,"href":"https:\/\/www.librairieclavreuil.com\/en\/wp-json\/wp\/v2\/comments?post=79114"}],"wp:featuredmedia":[{"embeddable":true,"href":"https:\/\/www.librairieclavreuil.com\/en\/wp-json\/wp\/v2\/media\/79105"}],"wp:attachment":[{"href":"https:\/\/www.librairieclavreuil.com\/en\/wp-json\/wp\/v2\/media?parent=79114"}],"wp:term":[{"taxonomy":"product_brand","embeddable":true,"href":"https:\/\/www.librairieclavreuil.com\/en\/wp-json\/wp\/v2\/product_brand?post=79114"},{"taxonomy":"product_cat","embeddable":true,"href":"https:\/\/www.librairieclavreuil.com\/en\/wp-json\/wp\/v2\/product_cat?post=79114"},{"taxonomy":"product_tag","embeddable":true,"href":"https:\/\/www.librairieclavreuil.com\/en\/wp-json\/wp\/v2\/product_tag?post=79114"}],"curies":[{"name":"wp","href":"https:\/\/api.w.org\/{rel}","templated":true}]}}