{"id":79028,"date":"2024-06-29T15:21:31","date_gmt":"2024-06-29T13:21:31","guid":{"rendered":"https:\/\/www.librairieclavreuil.com\/villiers-hubert-philippe-de-le-limas\/"},"modified":"2024-06-29T15:21:50","modified_gmt":"2024-06-29T13:21:50","slug":"villiers-hubert-philippe-de-le-limas","status":"publish","type":"product","link":"https:\/\/www.librairieclavreuil.com\/en\/villiers-hubert-philippe-de-le-limas\/","title":{"rendered":"VILLIERS Hubert Philippe de Le Limas."},"content":{"rendered":"<p style=\"text-align:justify\"><i>Brunet, V, 1243 ; Cioranesco, 21874.<\/i><\/p>\n<p style=\"text-align:justify\"><span style=\"font-variant:small-caps\">First edition.<\/span><\/p>\n<p style=\"text-align:justify\">Hubert Philippe de Villiers was secretary to Antoine de Croy and later to Louis de Cond\u00e9.<\/p>\n<p style=\"text-align:justify\">Although he began his career as a soldier, it was as a poet that he gained recognition, to the point of appearing in the <i>Discours de la vie<\/i>&nbsp;of Pierre de Ronsard in 1585. He also appeared alongside Ronsard and Joachim du Bellay in <i>Le Parnasse des po\u00ebtes fran\u00e7ois modernes<\/i>, a collection compiled by Gilles Corrozet in 1571.&nbsp;<\/p>\n<p style=\"text-align:justify\">Although he translated the works of Girolamo Parabosco and Innocentio Ringhieri in the 1550s, <i>Le Limas<\/i>, published in 1564, was his first own text.&nbsp;<\/p>\n<p style=\"text-align:justify\">The work is dedicated to Lord Pierre de Blanchefort (c.1520-1591). The latter belonged to an illustrious Limousin lineage, allied to the high nobility of greater Aquitaine. Both he and his son distinguished themselves by their loyalty to the Crown during the events brought about by the Saint League during the Wars of Religion. The dedication mentions the lord&#8217;s complex situation, and de Villiers gives him his support.&nbsp;<\/p>\n<p style=\"text-align:justify\">In addition to the dedication, the poem, printed in italics, begins by singing the praises of Blanchefort: &#8220;Blanchefort, dont la docte voix Ne chante que les sainctes loix&#8221;.&nbsp;<\/p>\n<p style=\"text-align:justify\">The verses depict a bloodthursty battle, the singing troupes, their fears and victories.&nbsp;<\/p>\n<p style=\"text-align:justify\">The text is printed almost entirely in italics, with the exception of the following verses in Roman type: &#8220;<i>Gobez Capitaines avec nous<\/i>&#8220;, &#8220;<i>Pour avoir mis par sa vaillance Cet estrange Monstre \u00e0 oultrance, Append \u00e0 son cuissen\u00e9 dieu La grasse despouill\u00e9 en ce lieu<\/i>.&#8221;<\/p>\n<p style=\"text-align:justify\">Very rare, we could locate only two institutional copies, both at Biblioth\u00e8que Nationale de France.<\/p>\n<p style=\"text-align:justify\">Provenance : Viollet Le Duc (book-plate, Catalogue de po\u00e9sies, p. 285).<\/p>\n","protected":false},"excerpt":{"rendered":"<p>Small 8vo (155 x 98 mm) 16 nn.ll. (last leaf with printer&#8217;s device). Nineteenth-century calf, covers decorated in blind, flat spine with green lettering piece.<\/p>\n","protected":false},"featured_media":79023,"comment_status":"open","ping_status":"closed","template":"","meta":{"_acf_changed":false},"product_brand":[],"product_cat":[544],"product_tag":[1243,1450],"class_list":{"0":"post-79028","1":"product","2":"type-product","3":"status-publish","4":"has-post-thumbnail","6":"product_cat-literature","7":"product_tag-16th-century-literature","8":"product_tag-first-edition","9":"pa_auteur-villiers-hubert-philippe-de-2","10":"pa_type-de-livre-printed-book","12":"first","13":"outofstock","14":"shipping-taxable","15":"purchasable","16":"product-type-simple"},"acf":{"artist":"Hubert Philippe de VILLIERS","chapeau":"","adresse_bibliographique":"Paris, Imprimerie de Nicolas du Chemin, 1564","book_type":"Printed book","provenance":"","afficher_prix":""},"yoast_head":"<!-- This site is optimized with the Yoast SEO plugin v24.7 - https:\/\/yoast.com\/wordpress\/plugins\/seo\/ -->\n<title>VILLIERS Hubert Philippe de Le Limas. - Libairie Clavreuil<\/title>\n<meta name=\"robots\" content=\"index, follow, max-snippet:-1, max-image-preview:large, max-video-preview:-1\" \/>\n<link rel=\"canonical\" href=\"https:\/\/www.librairieclavreuil.com\/en\/villiers-hubert-philippe-de-le-limas\/\" \/>\n<meta property=\"og:locale\" content=\"en_US\" \/>\n<meta property=\"og:type\" content=\"article\" \/>\n<meta property=\"og:title\" content=\"VILLIERS Hubert Philippe de Le Limas. - Libairie Clavreuil\" \/>\n<meta property=\"og:description\" content=\"Small 8vo (155 x 98 mm) 16 nn.ll. (last leaf with printer&#039;s device). Nineteenth-century calf, covers decorated in blind, flat spine with green lettering piece.\" \/>\n<meta property=\"og:url\" content=\"https:\/\/www.librairieclavreuil.com\/en\/villiers-hubert-philippe-de-le-limas\/\" \/>\n<meta property=\"og:site_name\" content=\"Libairie Clavreuil\" \/>\n<meta property=\"article:modified_time\" content=\"2024-06-29T13:21:50+00:00\" \/>\n<meta property=\"og:image\" content=\"https:\/\/www.librairieclavreuil.com\/wp-content\/uploads\/2024\/06\/abbe-p-de-villiers-le-limas-8383-65982c80abb2e-scaled.jpg\" \/>\n\t<meta property=\"og:image:width\" content=\"1653\" \/>\n\t<meta property=\"og:image:height\" content=\"2560\" \/>\n\t<meta property=\"og:image:type\" content=\"image\/jpeg\" \/>\n<meta name=\"twitter:card\" content=\"summary_large_image\" \/>\n<meta name=\"twitter:label1\" content=\"Est. reading time\" \/>\n\t<meta name=\"twitter:data1\" content=\"1 minute\" \/>\n<script type=\"application\/ld+json\" class=\"yoast-schema-graph\">{\"@context\":\"https:\/\/schema.org\",\"@graph\":[{\"@type\":\"WebPage\",\"@id\":\"https:\/\/www.librairieclavreuil.com\/en\/villiers-hubert-philippe-de-le-limas\/\",\"url\":\"https:\/\/www.librairieclavreuil.com\/en\/villiers-hubert-philippe-de-le-limas\/\",\"name\":\"VILLIERS Hubert Philippe de Le Limas. - Libairie Clavreuil\",\"isPartOf\":{\"@id\":\"https:\/\/www.librairieclavreuil.com\/#website\"},\"primaryImageOfPage\":{\"@id\":\"https:\/\/www.librairieclavreuil.com\/en\/villiers-hubert-philippe-de-le-limas\/#primaryimage\"},\"image\":{\"@id\":\"https:\/\/www.librairieclavreuil.com\/en\/villiers-hubert-philippe-de-le-limas\/#primaryimage\"},\"thumbnailUrl\":\"https:\/\/www.librairieclavreuil.com\/wp-content\/uploads\/2024\/06\/abbe-p-de-villiers-le-limas-8383-65982c80abb2e-scaled.jpg\",\"datePublished\":\"2024-06-29T13:21:31+00:00\",\"dateModified\":\"2024-06-29T13:21:50+00:00\",\"breadcrumb\":{\"@id\":\"https:\/\/www.librairieclavreuil.com\/en\/villiers-hubert-philippe-de-le-limas\/#breadcrumb\"},\"inLanguage\":\"en-US\",\"potentialAction\":[{\"@type\":\"ReadAction\",\"target\":[\"https:\/\/www.librairieclavreuil.com\/en\/villiers-hubert-philippe-de-le-limas\/\"]}]},{\"@type\":\"ImageObject\",\"inLanguage\":\"en-US\",\"@id\":\"https:\/\/www.librairieclavreuil.com\/en\/villiers-hubert-philippe-de-le-limas\/#primaryimage\",\"url\":\"https:\/\/www.librairieclavreuil.com\/wp-content\/uploads\/2024\/06\/abbe-p-de-villiers-le-limas-8383-65982c80abb2e-scaled.jpg\",\"contentUrl\":\"https:\/\/www.librairieclavreuil.com\/wp-content\/uploads\/2024\/06\/abbe-p-de-villiers-le-limas-8383-65982c80abb2e-scaled.jpg\",\"width\":1653,\"height\":2560},{\"@type\":\"BreadcrumbList\",\"@id\":\"https:\/\/www.librairieclavreuil.com\/en\/villiers-hubert-philippe-de-le-limas\/#breadcrumb\",\"itemListElement\":[{\"@type\":\"ListItem\",\"position\":1,\"name\":\"Accueil\",\"item\":\"https:\/\/www.librairieclavreuil.com\/\"},{\"@type\":\"ListItem\",\"position\":2,\"name\":\"All our books\",\"item\":\"https:\/\/www.librairieclavreuil.com\/en\/all-our-books\/\"},{\"@type\":\"ListItem\",\"position\":3,\"name\":\"VILLIERS Hubert Philippe de Le Limas.\"}]},{\"@type\":\"WebSite\",\"@id\":\"https:\/\/www.librairieclavreuil.com\/#website\",\"url\":\"https:\/\/www.librairieclavreuil.com\/\",\"name\":\"Libairie Clavreuil\",\"description\":\"Livres anciens, manuscrits rares et \u00e9ditions originales \u2013 Librairie Clavreuil\",\"publisher\":{\"@id\":\"https:\/\/www.librairieclavreuil.com\/#organization\"},\"potentialAction\":[{\"@type\":\"SearchAction\",\"target\":{\"@type\":\"EntryPoint\",\"urlTemplate\":\"https:\/\/www.librairieclavreuil.com\/?s={search_term_string}\"},\"query-input\":{\"@type\":\"PropertyValueSpecification\",\"valueRequired\":true,\"valueName\":\"search_term_string\"}}],\"inLanguage\":\"en-US\"},{\"@type\":\"Organization\",\"@id\":\"https:\/\/www.librairieclavreuil.com\/#organization\",\"name\":\"Libairie Clavreuil\",\"url\":\"https:\/\/www.librairieclavreuil.com\/\",\"logo\":{\"@type\":\"ImageObject\",\"inLanguage\":\"en-US\",\"@id\":\"https:\/\/www.librairieclavreuil.com\/#\/schema\/logo\/image\/\",\"url\":\"https:\/\/www.librairieclavreuil.com\/wp-content\/uploads\/2021\/06\/cropped-LOGO_PNG_DATE-_gold-512x512-1.png\",\"contentUrl\":\"https:\/\/www.librairieclavreuil.com\/wp-content\/uploads\/2021\/06\/cropped-LOGO_PNG_DATE-_gold-512x512-1.png\",\"width\":512,\"height\":512,\"caption\":\"Libairie Clavreuil\"},\"image\":{\"@id\":\"https:\/\/www.librairieclavreuil.com\/#\/schema\/logo\/image\/\"},\"sameAs\":[\"https:\/\/www.instagram.com\/librairieclavreuil\/\"]}]}<\/script>\n<!-- \/ Yoast SEO plugin. -->","yoast_head_json":{"title":"VILLIERS Hubert Philippe de Le Limas. - Libairie Clavreuil","robots":{"index":"index","follow":"follow","max-snippet":"max-snippet:-1","max-image-preview":"max-image-preview:large","max-video-preview":"max-video-preview:-1"},"canonical":"https:\/\/www.librairieclavreuil.com\/en\/villiers-hubert-philippe-de-le-limas\/","og_locale":"en_US","og_type":"article","og_title":"VILLIERS Hubert Philippe de Le Limas. - Libairie Clavreuil","og_description":"Small 8vo (155 x 98 mm) 16 nn.ll. (last leaf with printer's device). Nineteenth-century calf, covers decorated in blind, flat spine with green lettering piece.","og_url":"https:\/\/www.librairieclavreuil.com\/en\/villiers-hubert-philippe-de-le-limas\/","og_site_name":"Libairie Clavreuil","article_modified_time":"2024-06-29T13:21:50+00:00","og_image":[{"width":1653,"height":2560,"url":"https:\/\/www.librairieclavreuil.com\/wp-content\/uploads\/2024\/06\/abbe-p-de-villiers-le-limas-8383-65982c80abb2e-scaled.jpg","type":"image\/jpeg"}],"twitter_card":"summary_large_image","twitter_misc":{"Est. reading time":"1 minute"},"schema":{"@context":"https:\/\/schema.org","@graph":[{"@type":"WebPage","@id":"https:\/\/www.librairieclavreuil.com\/en\/villiers-hubert-philippe-de-le-limas\/","url":"https:\/\/www.librairieclavreuil.com\/en\/villiers-hubert-philippe-de-le-limas\/","name":"VILLIERS Hubert Philippe de Le Limas. - Libairie Clavreuil","isPartOf":{"@id":"https:\/\/www.librairieclavreuil.com\/#website"},"primaryImageOfPage":{"@id":"https:\/\/www.librairieclavreuil.com\/en\/villiers-hubert-philippe-de-le-limas\/#primaryimage"},"image":{"@id":"https:\/\/www.librairieclavreuil.com\/en\/villiers-hubert-philippe-de-le-limas\/#primaryimage"},"thumbnailUrl":"https:\/\/www.librairieclavreuil.com\/wp-content\/uploads\/2024\/06\/abbe-p-de-villiers-le-limas-8383-65982c80abb2e-scaled.jpg","datePublished":"2024-06-29T13:21:31+00:00","dateModified":"2024-06-29T13:21:50+00:00","breadcrumb":{"@id":"https:\/\/www.librairieclavreuil.com\/en\/villiers-hubert-philippe-de-le-limas\/#breadcrumb"},"inLanguage":"en-US","potentialAction":[{"@type":"ReadAction","target":["https:\/\/www.librairieclavreuil.com\/en\/villiers-hubert-philippe-de-le-limas\/"]}]},{"@type":"ImageObject","inLanguage":"en-US","@id":"https:\/\/www.librairieclavreuil.com\/en\/villiers-hubert-philippe-de-le-limas\/#primaryimage","url":"https:\/\/www.librairieclavreuil.com\/wp-content\/uploads\/2024\/06\/abbe-p-de-villiers-le-limas-8383-65982c80abb2e-scaled.jpg","contentUrl":"https:\/\/www.librairieclavreuil.com\/wp-content\/uploads\/2024\/06\/abbe-p-de-villiers-le-limas-8383-65982c80abb2e-scaled.jpg","width":1653,"height":2560},{"@type":"BreadcrumbList","@id":"https:\/\/www.librairieclavreuil.com\/en\/villiers-hubert-philippe-de-le-limas\/#breadcrumb","itemListElement":[{"@type":"ListItem","position":1,"name":"Accueil","item":"https:\/\/www.librairieclavreuil.com\/"},{"@type":"ListItem","position":2,"name":"All our books","item":"https:\/\/www.librairieclavreuil.com\/en\/all-our-books\/"},{"@type":"ListItem","position":3,"name":"VILLIERS Hubert Philippe de Le Limas."}]},{"@type":"WebSite","@id":"https:\/\/www.librairieclavreuil.com\/#website","url":"https:\/\/www.librairieclavreuil.com\/","name":"Libairie Clavreuil","description":"Livres anciens, manuscrits rares et \u00e9ditions originales \u2013 Librairie Clavreuil","publisher":{"@id":"https:\/\/www.librairieclavreuil.com\/#organization"},"potentialAction":[{"@type":"SearchAction","target":{"@type":"EntryPoint","urlTemplate":"https:\/\/www.librairieclavreuil.com\/?s={search_term_string}"},"query-input":{"@type":"PropertyValueSpecification","valueRequired":true,"valueName":"search_term_string"}}],"inLanguage":"en-US"},{"@type":"Organization","@id":"https:\/\/www.librairieclavreuil.com\/#organization","name":"Libairie Clavreuil","url":"https:\/\/www.librairieclavreuil.com\/","logo":{"@type":"ImageObject","inLanguage":"en-US","@id":"https:\/\/www.librairieclavreuil.com\/#\/schema\/logo\/image\/","url":"https:\/\/www.librairieclavreuil.com\/wp-content\/uploads\/2021\/06\/cropped-LOGO_PNG_DATE-_gold-512x512-1.png","contentUrl":"https:\/\/www.librairieclavreuil.com\/wp-content\/uploads\/2021\/06\/cropped-LOGO_PNG_DATE-_gold-512x512-1.png","width":512,"height":512,"caption":"Libairie Clavreuil"},"image":{"@id":"https:\/\/www.librairieclavreuil.com\/#\/schema\/logo\/image\/"},"sameAs":["https:\/\/www.instagram.com\/librairieclavreuil\/"]}]}},"jetpack_sharing_enabled":true,"_links":{"self":[{"href":"https:\/\/www.librairieclavreuil.com\/en\/wp-json\/wp\/v2\/product\/79028","targetHints":{"allow":["GET"]}}],"collection":[{"href":"https:\/\/www.librairieclavreuil.com\/en\/wp-json\/wp\/v2\/product"}],"about":[{"href":"https:\/\/www.librairieclavreuil.com\/en\/wp-json\/wp\/v2\/types\/product"}],"replies":[{"embeddable":true,"href":"https:\/\/www.librairieclavreuil.com\/en\/wp-json\/wp\/v2\/comments?post=79028"}],"wp:featuredmedia":[{"embeddable":true,"href":"https:\/\/www.librairieclavreuil.com\/en\/wp-json\/wp\/v2\/media\/79023"}],"wp:attachment":[{"href":"https:\/\/www.librairieclavreuil.com\/en\/wp-json\/wp\/v2\/media?parent=79028"}],"wp:term":[{"taxonomy":"product_brand","embeddable":true,"href":"https:\/\/www.librairieclavreuil.com\/en\/wp-json\/wp\/v2\/product_brand?post=79028"},{"taxonomy":"product_cat","embeddable":true,"href":"https:\/\/www.librairieclavreuil.com\/en\/wp-json\/wp\/v2\/product_cat?post=79028"},{"taxonomy":"product_tag","embeddable":true,"href":"https:\/\/www.librairieclavreuil.com\/en\/wp-json\/wp\/v2\/product_tag?post=79028"}],"curies":[{"name":"wp","href":"https:\/\/api.w.org\/{rel}","templated":true}]}}